{"id":3983,"date":"2016-12-12T16:31:26","date_gmt":"2016-12-12T16:31:26","guid":{"rendered":"https:\/\/www.maisquecuidar.com\/loja\/?post_type=product&#038;p=3983"},"modified":"2025-10-08T10:38:16","modified_gmt":"2025-10-08T09:38:16","slug":"poltrona-eletrica-rei","status":"publish","type":"product","link":"https:\/\/www.maisquecuidar.com\/loja\/cadeiroes-e-poltronas-de-descanso\/poltrona-eletrica-rei","title":{"rendered":"Poltrona Geri\u00e1trica El\u00e9trica Rei"},"content":{"rendered":"<p><strong>Poltrona Geri\u00e1trica El\u00e9trica Rei<\/strong><\/p>\n<p>Disp\u00f5e de 8 motores de alta pot\u00eancia para vibra\u00e7\u00e3o e aquecimento da zona lombar.<\/p>\n<p><strong>Tem 2 comandos<\/strong>, um que permite controlar as <strong>fun\u00e7\u00f5es de massagem <\/strong>e outro comando que \u00e9 utilizado para activar o motor que <strong>permite regular 3 posi\u00e7\u00f5es<\/strong>:<\/p>\n<ul>\n<li>Posi\u00e7\u00e3o sentado<\/li>\n<li>Posi\u00e7\u00e3o deitado: devido ao seu grau de inclina\u00e7\u00e3o 160\u00ba, permite que o utilizador fique numa posi\u00e7\u00e3o praticamente deitado.<\/li>\n<li>Posi\u00e7\u00e3o levanta pessoas: ajuda o utilizador a levantar-se da poltrona confortavelmente, sem esfor\u00e7o e em seguran\u00e7a.<\/li>\n<\/ul>\n<p>Esta poltrona ortop\u00e9dica para idosos, \u00e9 fabricada em pele sint\u00e9tica e est\u00e1 dispon\u00edvel na cor castanha. \u00c9 muito f\u00e1cil de limpar e o tecido tem tratamento antial\u00e9rgico e ign\u00edfugo.<\/p>\n<h3><strong>Benef\u00edcios:<\/strong><\/h3>\n<ul>\n<li>Ajuda a eliminar a fadiga;<\/li>\n<li>Relaxa os m\u00fasculos;<\/li>\n<li>Alivia as tens\u00f5es musculares;<\/li>\n<li>Ativa a circula\u00e7\u00e3o sangu\u00ednea.<\/li>\n<\/ul>\n<p>&nbsp;<\/p>\n<p>Disp\u00f5e de 2 rodas na sua estrutura traseira para facilitar o transporte dentro de casa. Pode ser utilizada numa institui\u00e7\u00e3o (hospital, clinica ou resid\u00eancia para idosos) ou em ambiente dom\u00e9stico.<\/p>\n<p>Os seus motores s\u00e3o silenciosos.<\/p>\n<h3><strong>A destacar:<\/strong><\/h3>\n<ul>\n<li>Excelente rela\u00e7\u00e3o qualidade pre\u00e7o.<\/li>\n<li>Tem sistema de massagem, vibra\u00e7\u00e3o e aquecimento.<\/li>\n<li>O sistema reclin\u00e1vel permite que o utilizador fique praticamente na posi\u00e7\u00e3o deitado.<\/li>\n<li><strong>Tem a posi\u00e7\u00e3o levanta pessoas<\/strong> para um levante sem dor e esfor\u00e7o e com conforto e seguran\u00e7a.<\/li>\n<\/ul>\n<h3>Higiene e cuidados com a utiliza\u00e7\u00e3o<\/h3>\n<ul>\n<li>Limpar regularmente com um pano humedecido com um sab\u00e3o neutro.<\/li>\n<li>Limpar imediatamente a fim de evitar a penetra\u00e7\u00e3o no tecido.<\/li>\n<\/ul>\n<h3>Informa\u00e7\u00e3o sobre o servi\u00e7o de entrega<\/h3>\n<ul>\n<li>Dispomos de servi\u00e7o de entrega e montagem no domicilio na regi\u00e3o do Porto e de Lisboa por t\u00e9cnicos especializados da Mais que Cuidar.<\/li>\n<li>Fazemos entregas para andares acima do r\u00e9s-do-ch\u00e3o na regi\u00e3o do Porto e de Lisboa.<\/li>\n<\/ul>\n","protected":false},"excerpt":{"rendered":"<p>PROMO\u00c7\u00c3O V\u00c1LIDA DE 08 A 14 DE OUTUBRO DE 2025<\/p>\n<p>*Promo\u00e7\u00e3o Limitada ao Stock Existente<\/p>\n","protected":false},"featured_media":14951,"template":"","meta":{"_acf_changed":false,"neve_meta_sidebar":"","neve_meta_container":"","neve_meta_enable_content_width":"off","neve_meta_content_width":100,"neve_meta_title_alignment":"","neve_meta_author_avatar":"","neve_post_elements_order":"","neve_meta_disable_header":"","neve_meta_disable_footer":"","neve_meta_disable_title":""},"product_brand":[],"product_cat":[68],"product_tag":[344,342,341,343,346,345],"class_list":{"0":"post-3983","1":"product","2":"type-product","3":"status-publish","4":"has-post-thumbnail","6":"product_cat-cadeiroes-e-poltronas-de-descanso","7":"product_tag-poltrona-eletrica-para-idosos","8":"product_tag-poltrona-para-doentes","9":"product_tag-poltrona-para-idosos","10":"product_tag-poltronas-para-idosos","11":"product_tag-sofas-para-doentes","12":"product_tag-sofas-para-idosos","14":"first","15":"instock","16":"sale","17":"taxable","18":"shipping-taxable","19":"purchasable","20":"product-type-variable"},"acf":[],"yoast_head":"<!-- This site is optimized with the Yoast SEO plugin v27.3 - https:\/\/yoast.com\/product\/yoast-seo-wordpress\/ -->\n<title>Poltrona Geri\u00e1trica El\u00e9trica Rei - Mais que Cuidar<\/title>\n<meta name=\"description\" content=\"Conhe\u00e7a as caracter\u00edsticas da poltrona geri\u00e1trica el\u00e9trica rei que tem comando com regula\u00e7\u00e3o de tr\u00eas posi\u00e7\u00f5es e sistema de massagem. Confira o pre\u00e7o!\" \/>\n<meta name=\"robots\" content=\"index, follow, max-snippet:-1, max-image-preview:large, max-video-preview:-1\" \/>\n<link rel=\"canonical\" href=\"https:\/\/www.maisquecuidar.com\/loja\/cadeiroes-e-poltronas-de-descanso\/poltrona-eletrica-rei\" \/>\n<meta property=\"og:locale\" content=\"pt_PT\" \/>\n<meta property=\"og:type\" content=\"article\" \/>\n<meta property=\"og:title\" content=\"Poltrona Geri\u00e1trica El\u00e9trica Rei - Mais que Cuidar\" \/>\n<meta property=\"og:description\" content=\"Conhe\u00e7a as caracter\u00edsticas da poltrona geri\u00e1trica el\u00e9trica rei que tem comando com regula\u00e7\u00e3o de tr\u00eas posi\u00e7\u00f5es e sistema de massagem. Confira o pre\u00e7o!\" \/>\n<meta property=\"og:url\" content=\"https:\/\/www.maisquecuidar.com\/loja\/cadeiroes-e-poltronas-de-descanso\/poltrona-eletrica-rei\" \/>\n<meta property=\"og:site_name\" content=\"Mais que Cuidar\" \/>\n<meta property=\"article:publisher\" content=\"https:\/\/www.facebook.com\/maisquecuidar.pt\" \/>\n<meta property=\"article:modified_time\" content=\"2025-10-08T09:38:16+00:00\" \/>\n<meta property=\"og:image\" content=\"https:\/\/img.maisquecuidar.com\/loja\/wp-content\/uploads\/2016\/12\/poltrona-reclinavel-rei.png\" \/>\n\t<meta property=\"og:image:width\" content=\"1280\" \/>\n\t<meta property=\"og:image:height\" content=\"800\" \/>\n\t<meta property=\"og:image:type\" content=\"image\/png\" \/>\n<meta name=\"twitter:label1\" content=\"Tempo estimado de leitura\" \/>\n\t<meta name=\"twitter:data1\" content=\"2 minutos\" \/>\n<script type=\"application\/ld+json\" class=\"yoast-schema-graph\">{\"@context\":\"https:\\\/\\\/schema.org\",\"@graph\":[{\"@type\":\"WebPage\",\"@id\":\"https:\\\/\\\/www.maisquecuidar.com\\\/loja\\\/cadeiroes-e-poltronas-de-descanso\\\/poltrona-eletrica-rei\",\"url\":\"https:\\\/\\\/www.maisquecuidar.com\\\/loja\\\/cadeiroes-e-poltronas-de-descanso\\\/poltrona-eletrica-rei\",\"name\":\"Poltrona Geri\u00e1trica El\u00e9trica Rei - Mais que Cuidar\",\"isPartOf\":{\"@id\":\"https:\\\/\\\/www.maisquecuidar.com\\\/loja\\\/#website\"},\"primaryImageOfPage\":{\"@id\":\"https:\\\/\\\/www.maisquecuidar.com\\\/loja\\\/cadeiroes-e-poltronas-de-descanso\\\/poltrona-eletrica-rei#primaryimage\"},\"image\":{\"@id\":\"https:\\\/\\\/www.maisquecuidar.com\\\/loja\\\/cadeiroes-e-poltronas-de-descanso\\\/poltrona-eletrica-rei#primaryimage\"},\"thumbnailUrl\":\"https:\\\/\\\/img.maisquecuidar.com\\\/loja\\\/wp-content\\\/uploads\\\/2016\\\/12\\\/poltrona-reclinavel-rei.png\",\"datePublished\":\"2016-12-12T16:31:26+00:00\",\"dateModified\":\"2025-10-08T09:38:16+00:00\",\"description\":\"Conhe\u00e7a as caracter\u00edsticas da poltrona geri\u00e1trica el\u00e9trica rei que tem comando com regula\u00e7\u00e3o de tr\u00eas posi\u00e7\u00f5es e sistema de massagem. Confira o pre\u00e7o!\",\"breadcrumb\":{\"@id\":\"https:\\\/\\\/www.maisquecuidar.com\\\/loja\\\/cadeiroes-e-poltronas-de-descanso\\\/poltrona-eletrica-rei#breadcrumb\"},\"inLanguage\":\"pt-PT\",\"potentialAction\":[{\"@type\":\"ReadAction\",\"target\":[\"https:\\\/\\\/www.maisquecuidar.com\\\/loja\\\/cadeiroes-e-poltronas-de-descanso\\\/poltrona-eletrica-rei\"]}]},{\"@type\":\"ImageObject\",\"inLanguage\":\"pt-PT\",\"@id\":\"https:\\\/\\\/www.maisquecuidar.com\\\/loja\\\/cadeiroes-e-poltronas-de-descanso\\\/poltrona-eletrica-rei#primaryimage\",\"url\":\"https:\\\/\\\/img.maisquecuidar.com\\\/loja\\\/wp-content\\\/uploads\\\/2016\\\/12\\\/poltrona-reclinavel-rei.png\",\"contentUrl\":\"https:\\\/\\\/img.maisquecuidar.com\\\/loja\\\/wp-content\\\/uploads\\\/2016\\\/12\\\/poltrona-reclinavel-rei.png\",\"width\":1280,\"height\":800,\"caption\":\"Poltrona reclin\u00e1vel para idosos modelo Rei\"},{\"@type\":\"BreadcrumbList\",\"@id\":\"https:\\\/\\\/www.maisquecuidar.com\\\/loja\\\/cadeiroes-e-poltronas-de-descanso\\\/poltrona-eletrica-rei#breadcrumb\",\"itemListElement\":[{\"@type\":\"ListItem\",\"position\":1,\"name\":\"Home\",\"item\":\"https:\\\/\\\/www.maisquecuidar.com\\\/loja\\\/\"},{\"@type\":\"ListItem\",\"position\":2,\"name\":\"Loja Online de Ortopedia e Geriatria em Portugal\",\"item\":\"https:\\\/\\\/www.maisquecuidar.com\\\/loja\\\/loja\"},{\"@type\":\"ListItem\",\"position\":3,\"name\":\"Cadeir\u00f5es e Poltronas de Descanso\",\"item\":\"https:\\\/\\\/www.maisquecuidar.com\\\/loja\\\/cadeiroes-e-poltronas-de-descanso\"},{\"@type\":\"ListItem\",\"position\":4,\"name\":\"Poltrona Geri\u00e1trica El\u00e9trica Rei\"}]},{\"@type\":\"WebSite\",\"@id\":\"https:\\\/\\\/www.maisquecuidar.com\\\/loja\\\/#website\",\"url\":\"https:\\\/\\\/www.maisquecuidar.com\\\/loja\\\/\",\"name\":\"Mais que Cuidar\",\"description\":\"Sa\u00fade, Ortopedia e Geriatria\",\"publisher\":{\"@id\":\"https:\\\/\\\/www.maisquecuidar.com\\\/loja\\\/#organization\"},\"potentialAction\":[{\"@type\":\"SearchAction\",\"target\":{\"@type\":\"EntryPoint\",\"urlTemplate\":\"https:\\\/\\\/www.maisquecuidar.com\\\/loja\\\/?s={search_term_string}\"},\"query-input\":{\"@type\":\"PropertyValueSpecification\",\"valueRequired\":true,\"valueName\":\"search_term_string\"}}],\"inLanguage\":\"pt-PT\"},{\"@type\":\"Organization\",\"@id\":\"https:\\\/\\\/www.maisquecuidar.com\\\/loja\\\/#organization\",\"name\":\"Mais Que Cuidar\",\"url\":\"https:\\\/\\\/www.maisquecuidar.com\\\/loja\\\/\",\"logo\":{\"@type\":\"ImageObject\",\"inLanguage\":\"pt-PT\",\"@id\":\"https:\\\/\\\/www.maisquecuidar.com\\\/loja\\\/#\\\/schema\\\/logo\\\/image\\\/\",\"url\":\"https:\\\/\\\/img.maisquecuidar.com\\\/loja\\\/wp-content\\\/uploads\\\/2019\\\/08\\\/logo-mais-que-cuidar-retina.png\",\"contentUrl\":\"https:\\\/\\\/img.maisquecuidar.com\\\/loja\\\/wp-content\\\/uploads\\\/2019\\\/08\\\/logo-mais-que-cuidar-retina.png\",\"width\":565,\"height\":75,\"caption\":\"Mais Que Cuidar\"},\"image\":{\"@id\":\"https:\\\/\\\/www.maisquecuidar.com\\\/loja\\\/#\\\/schema\\\/logo\\\/image\\\/\"},\"sameAs\":[\"https:\\\/\\\/www.facebook.com\\\/maisquecuidar.pt\",\"https:\\\/\\\/www.instagram.com\\\/maisquecuidar\"]}]}<\/script>\n<!-- \/ Yoast SEO plugin. -->","yoast_head_json":{"title":"Poltrona Geri\u00e1trica El\u00e9trica Rei - Mais que Cuidar","description":"Conhe\u00e7a as caracter\u00edsticas da poltrona geri\u00e1trica el\u00e9trica rei que tem comando com regula\u00e7\u00e3o de tr\u00eas posi\u00e7\u00f5es e sistema de massagem. Confira o pre\u00e7o!","robots":{"index":"index","follow":"follow","max-snippet":"max-snippet:-1","max-image-preview":"max-image-preview:large","max-video-preview":"max-video-preview:-1"},"canonical":"https:\/\/www.maisquecuidar.com\/loja\/cadeiroes-e-poltronas-de-descanso\/poltrona-eletrica-rei","og_locale":"pt_PT","og_type":"article","og_title":"Poltrona Geri\u00e1trica El\u00e9trica Rei - Mais que Cuidar","og_description":"Conhe\u00e7a as caracter\u00edsticas da poltrona geri\u00e1trica el\u00e9trica rei que tem comando com regula\u00e7\u00e3o de tr\u00eas posi\u00e7\u00f5es e sistema de massagem. Confira o pre\u00e7o!","og_url":"https:\/\/www.maisquecuidar.com\/loja\/cadeiroes-e-poltronas-de-descanso\/poltrona-eletrica-rei","og_site_name":"Mais que Cuidar","article_publisher":"https:\/\/www.facebook.com\/maisquecuidar.pt","article_modified_time":"2025-10-08T09:38:16+00:00","og_image":[{"width":1280,"height":800,"url":"https:\/\/img.maisquecuidar.com\/loja\/wp-content\/uploads\/2016\/12\/poltrona-reclinavel-rei.png","type":"image\/png"}],"twitter_misc":{"Tempo estimado de leitura":"2 minutos"},"schema":{"@context":"https:\/\/schema.org","@graph":[{"@type":"WebPage","@id":"https:\/\/www.maisquecuidar.com\/loja\/cadeiroes-e-poltronas-de-descanso\/poltrona-eletrica-rei","url":"https:\/\/www.maisquecuidar.com\/loja\/cadeiroes-e-poltronas-de-descanso\/poltrona-eletrica-rei","name":"Poltrona Geri\u00e1trica El\u00e9trica Rei - Mais que Cuidar","isPartOf":{"@id":"https:\/\/www.maisquecuidar.com\/loja\/#website"},"primaryImageOfPage":{"@id":"https:\/\/www.maisquecuidar.com\/loja\/cadeiroes-e-poltronas-de-descanso\/poltrona-eletrica-rei#primaryimage"},"image":{"@id":"https:\/\/www.maisquecuidar.com\/loja\/cadeiroes-e-poltronas-de-descanso\/poltrona-eletrica-rei#primaryimage"},"thumbnailUrl":"https:\/\/img.maisquecuidar.com\/loja\/wp-content\/uploads\/2016\/12\/poltrona-reclinavel-rei.png","datePublished":"2016-12-12T16:31:26+00:00","dateModified":"2025-10-08T09:38:16+00:00","description":"Conhe\u00e7a as caracter\u00edsticas da poltrona geri\u00e1trica el\u00e9trica rei que tem comando com regula\u00e7\u00e3o de tr\u00eas posi\u00e7\u00f5es e sistema de massagem. Confira o pre\u00e7o!","breadcrumb":{"@id":"https:\/\/www.maisquecuidar.com\/loja\/cadeiroes-e-poltronas-de-descanso\/poltrona-eletrica-rei#breadcrumb"},"inLanguage":"pt-PT","potentialAction":[{"@type":"ReadAction","target":["https:\/\/www.maisquecuidar.com\/loja\/cadeiroes-e-poltronas-de-descanso\/poltrona-eletrica-rei"]}]},{"@type":"ImageObject","inLanguage":"pt-PT","@id":"https:\/\/www.maisquecuidar.com\/loja\/cadeiroes-e-poltronas-de-descanso\/poltrona-eletrica-rei#primaryimage","url":"https:\/\/img.maisquecuidar.com\/loja\/wp-content\/uploads\/2016\/12\/poltrona-reclinavel-rei.png","contentUrl":"https:\/\/img.maisquecuidar.com\/loja\/wp-content\/uploads\/2016\/12\/poltrona-reclinavel-rei.png","width":1280,"height":800,"caption":"Poltrona reclin\u00e1vel para idosos modelo Rei"},{"@type":"BreadcrumbList","@id":"https:\/\/www.maisquecuidar.com\/loja\/cadeiroes-e-poltronas-de-descanso\/poltrona-eletrica-rei#breadcrumb","itemListElement":[{"@type":"ListItem","position":1,"name":"Home","item":"https:\/\/www.maisquecuidar.com\/loja\/"},{"@type":"ListItem","position":2,"name":"Loja Online de Ortopedia e Geriatria em Portugal","item":"https:\/\/www.maisquecuidar.com\/loja\/loja"},{"@type":"ListItem","position":3,"name":"Cadeir\u00f5es e Poltronas de Descanso","item":"https:\/\/www.maisquecuidar.com\/loja\/cadeiroes-e-poltronas-de-descanso"},{"@type":"ListItem","position":4,"name":"Poltrona Geri\u00e1trica El\u00e9trica Rei"}]},{"@type":"WebSite","@id":"https:\/\/www.maisquecuidar.com\/loja\/#website","url":"https:\/\/www.maisquecuidar.com\/loja\/","name":"Mais que Cuidar","description":"Sa\u00fade, Ortopedia e Geriatria","publisher":{"@id":"https:\/\/www.maisquecuidar.com\/loja\/#organization"},"potentialAction":[{"@type":"SearchAction","target":{"@type":"EntryPoint","urlTemplate":"https:\/\/www.maisquecuidar.com\/loja\/?s={search_term_string}"},"query-input":{"@type":"PropertyValueSpecification","valueRequired":true,"valueName":"search_term_string"}}],"inLanguage":"pt-PT"},{"@type":"Organization","@id":"https:\/\/www.maisquecuidar.com\/loja\/#organization","name":"Mais Que Cuidar","url":"https:\/\/www.maisquecuidar.com\/loja\/","logo":{"@type":"ImageObject","inLanguage":"pt-PT","@id":"https:\/\/www.maisquecuidar.com\/loja\/#\/schema\/logo\/image\/","url":"https:\/\/img.maisquecuidar.com\/loja\/wp-content\/uploads\/2019\/08\/logo-mais-que-cuidar-retina.png","contentUrl":"https:\/\/img.maisquecuidar.com\/loja\/wp-content\/uploads\/2019\/08\/logo-mais-que-cuidar-retina.png","width":565,"height":75,"caption":"Mais Que Cuidar"},"image":{"@id":"https:\/\/www.maisquecuidar.com\/loja\/#\/schema\/logo\/image\/"},"sameAs":["https:\/\/www.facebook.com\/maisquecuidar.pt","https:\/\/www.instagram.com\/maisquecuidar"]}]}},"_links":{"self":[{"href":"https:\/\/www.maisquecuidar.com\/loja\/wp-json\/wp\/v2\/product\/3983","targetHints":{"allow":["GET"]}}],"collection":[{"href":"https:\/\/www.maisquecuidar.com\/loja\/wp-json\/wp\/v2\/product"}],"about":[{"href":"https:\/\/www.maisquecuidar.com\/loja\/wp-json\/wp\/v2\/types\/product"}],"wp:featuredmedia":[{"embeddable":true,"href":"https:\/\/www.maisquecuidar.com\/loja\/wp-json\/wp\/v2\/media\/14951"}],"wp:attachment":[{"href":"https:\/\/www.maisquecuidar.com\/loja\/wp-json\/wp\/v2\/media?parent=3983"}],"wp:term":[{"taxonomy":"product_brand","embeddable":true,"href":"https:\/\/www.maisquecuidar.com\/loja\/wp-json\/wp\/v2\/product_brand?post=3983"},{"taxonomy":"product_cat","embeddable":true,"href":"https:\/\/www.maisquecuidar.com\/loja\/wp-json\/wp\/v2\/product_cat?post=3983"},{"taxonomy":"product_tag","embeddable":true,"href":"https:\/\/www.maisquecuidar.com\/loja\/wp-json\/wp\/v2\/product_tag?post=3983"}],"curies":[{"name":"wp","href":"https:\/\/api.w.org\/{rel}","templated":true}]}}