{"id":3954,"date":"2016-12-08T21:51:26","date_gmt":"2016-12-08T21:51:26","guid":{"rendered":"https:\/\/www.maisquecuidar.com\/loja\/?post_type=product&#038;p=3954"},"modified":"2025-10-01T18:30:56","modified_gmt":"2025-10-01T17:30:56","slug":"sobre-colchao-anti-escaras-viscoelastico","status":"publish","type":"product","link":"https:\/\/www.maisquecuidar.com\/loja\/quarto-conforto-bem-estar\/colchoes-anti-escaras\/sobre-colchao-anti-escaras-viscoelastico","title":{"rendered":"Sobre Colch\u00e3o Anti-Escaras Viscoel\u00e1stico"},"content":{"rendered":"<p><strong>Sobre Colch\u00e3o Anti-Escaras Viscoel\u00e1stico<\/strong><\/p>\n<p>Um sobrecolch\u00e3o \u00e9 um complemento com uma altura de 8,5 cm e deve ser colocado em cima do colch\u00e3o. A sua fun\u00e7\u00e3o \u00e9 garantir uma camada extra de conforto e ajudar na preven\u00e7\u00e3o de \u00falceras de press\u00e3o. Normalmente \u00e9 aplicado em cima do colch\u00e3o hospitalar de uma cama articulada mas tamb\u00e9m pode ser personalizado e ser aplicado numa cama convencional (tamanho solteiro ou de casal).<\/p>\n<p><strong>Caracter\u00edsticas em destaque:<\/strong><\/p>\n<ul>\n<li>Pode ser utilizado em ambiente dom\u00e9stico ou numa institui\u00e7\u00e3o.<\/li>\n<li><strong>Fabricado pela marca Berlipele<\/strong> em espuma viscoel\u00e1stica com efeito de mem\u00f3ria.<\/li>\n<li><strong>Indicado para pacientes com m\u00e9dio e elevado risco de \u00falceras por press\u00e3o<\/strong> sobretudo doentes acamados.<\/li>\n<li><strong>Propriedades anti-escaras:<\/strong> proporciona um afundamento suave e uma melhor reparti\u00e7\u00e3o das press\u00f5es, reduzindo a fric\u00e7\u00e3o e o efeito de queimadura.<\/li>\n<li><strong>Capa bi-el\u00e1stica imperme\u00e1vel e ignifuga macia e confort\u00e1vel<\/strong>:perme\u00e1vel aos vapores da pele e facilmente lav\u00e1vel.<\/li>\n<li><strong>Disp\u00f5e de fecho com abertura na capa<\/strong> para facilitar a inspe\u00e7\u00e3o e a limpeza do colch\u00e3o.<\/li>\n<li><strong>Tem medidas convencionais para camas articuladas hospitalares<\/strong> mas pode ser fabricado com medidas personalizadas sob or\u00e7amento.<\/li>\n<li>Peso m\u00e1ximo suportado de 120 kg.<\/li>\n<\/ul>\n<p>&nbsp;<\/p>\n","protected":false},"excerpt":{"rendered":"<p>Sobre-colch\u00e3o preventivo de \u00falceras por press\u00e3o para cama articulada hospitalar<\/p>\n","protected":false},"featured_media":17258,"template":"","meta":{"_acf_changed":false,"neve_meta_sidebar":"","neve_meta_container":"","neve_meta_enable_content_width":"","neve_meta_content_width":0,"neve_meta_title_alignment":"","neve_meta_author_avatar":"","neve_post_elements_order":"","neve_meta_disable_header":"","neve_meta_disable_footer":"","neve_meta_disable_title":""},"product_brand":[],"product_cat":[763],"product_tag":[337,340,335,336],"class_list":{"0":"post-3954","1":"product","2":"type-product","3":"status-publish","4":"has-post-thumbnail","6":"product_cat-colchoes-anti-escaras","7":"product_tag-colchao-anti-escaras","8":"product_tag-colchao-anti-escaras-em-viscoelastico","9":"product_tag-colchoes-para-acamados","10":"product_tag-colchoes-para-pessoas-acamados","12":"first","13":"instock","14":"taxable","15":"shipping-taxable","16":"purchasable","17":"product-type-simple"},"acf":[],"yoast_head":"<!-- This site is optimized with the Yoast SEO plugin v27.3 - https:\/\/yoast.com\/product\/yoast-seo-wordpress\/ -->\n<title>Sobre Colch\u00e3o Anti-Escaras Viscoel\u00e1stico - Mais que Cuidar<\/title>\n<meta name=\"description\" content=\"Sobre-colch\u00e3o anti-escaras de viscoel\u00e1stico para dar mais conforto e ajudar na preven\u00e7\u00e3o de \u00falceras de press\u00e3o em utilizadores de m\u00e9dio e elevado risco.\" \/>\n<meta name=\"robots\" content=\"index, follow, max-snippet:-1, max-image-preview:large, max-video-preview:-1\" \/>\n<link rel=\"canonical\" href=\"https:\/\/www.maisquecuidar.com\/loja\/quarto-conforto-bem-estar\/colchoes-anti-escaras\/sobre-colchao-anti-escaras-viscoelastico\" \/>\n<meta property=\"og:locale\" content=\"pt_PT\" \/>\n<meta property=\"og:type\" content=\"article\" \/>\n<meta property=\"og:title\" content=\"Sobre Colch\u00e3o Anti-Escaras Viscoel\u00e1stico - Mais que Cuidar\" \/>\n<meta property=\"og:description\" content=\"Sobre-colch\u00e3o anti-escaras de viscoel\u00e1stico para dar mais conforto e ajudar na preven\u00e7\u00e3o de \u00falceras de press\u00e3o em utilizadores de m\u00e9dio e elevado risco.\" \/>\n<meta property=\"og:url\" content=\"https:\/\/www.maisquecuidar.com\/loja\/quarto-conforto-bem-estar\/colchoes-anti-escaras\/sobre-colchao-anti-escaras-viscoelastico\" \/>\n<meta property=\"og:site_name\" content=\"Mais que Cuidar\" \/>\n<meta property=\"article:publisher\" content=\"https:\/\/www.facebook.com\/maisquecuidar.pt\" \/>\n<meta property=\"article:modified_time\" content=\"2025-10-01T17:30:56+00:00\" \/>\n<meta property=\"og:image\" content=\"https:\/\/img.maisquecuidar.com\/loja\/wp-content\/uploads\/2016\/12\/sobre-colchao-viscoelastico.png\" \/>\n\t<meta property=\"og:image:width\" content=\"1280\" \/>\n\t<meta property=\"og:image:height\" content=\"800\" \/>\n\t<meta property=\"og:image:type\" content=\"image\/png\" \/>\n<meta name=\"twitter:label1\" content=\"Tempo estimado de leitura\" \/>\n\t<meta name=\"twitter:data1\" content=\"1 minuto\" \/>\n<script type=\"application\/ld+json\" class=\"yoast-schema-graph\">{\"@context\":\"https:\\\/\\\/schema.org\",\"@graph\":[{\"@type\":\"WebPage\",\"@id\":\"https:\\\/\\\/www.maisquecuidar.com\\\/loja\\\/quarto-conforto-bem-estar\\\/colchoes-anti-escaras\\\/sobre-colchao-anti-escaras-viscoelastico\",\"url\":\"https:\\\/\\\/www.maisquecuidar.com\\\/loja\\\/quarto-conforto-bem-estar\\\/colchoes-anti-escaras\\\/sobre-colchao-anti-escaras-viscoelastico\",\"name\":\"Sobre Colch\u00e3o Anti-Escaras Viscoel\u00e1stico - Mais que Cuidar\",\"isPartOf\":{\"@id\":\"https:\\\/\\\/www.maisquecuidar.com\\\/loja\\\/#website\"},\"primaryImageOfPage\":{\"@id\":\"https:\\\/\\\/www.maisquecuidar.com\\\/loja\\\/quarto-conforto-bem-estar\\\/colchoes-anti-escaras\\\/sobre-colchao-anti-escaras-viscoelastico#primaryimage\"},\"image\":{\"@id\":\"https:\\\/\\\/www.maisquecuidar.com\\\/loja\\\/quarto-conforto-bem-estar\\\/colchoes-anti-escaras\\\/sobre-colchao-anti-escaras-viscoelastico#primaryimage\"},\"thumbnailUrl\":\"https:\\\/\\\/img.maisquecuidar.com\\\/loja\\\/wp-content\\\/uploads\\\/2016\\\/12\\\/sobre-colchao-viscoelastico.png\",\"datePublished\":\"2016-12-08T21:51:26+00:00\",\"dateModified\":\"2025-10-01T17:30:56+00:00\",\"description\":\"Sobre-colch\u00e3o anti-escaras de viscoel\u00e1stico para dar mais conforto e ajudar na preven\u00e7\u00e3o de \u00falceras de press\u00e3o em utilizadores de m\u00e9dio e elevado risco.\",\"breadcrumb\":{\"@id\":\"https:\\\/\\\/www.maisquecuidar.com\\\/loja\\\/quarto-conforto-bem-estar\\\/colchoes-anti-escaras\\\/sobre-colchao-anti-escaras-viscoelastico#breadcrumb\"},\"inLanguage\":\"pt-PT\",\"potentialAction\":[{\"@type\":\"ReadAction\",\"target\":[\"https:\\\/\\\/www.maisquecuidar.com\\\/loja\\\/quarto-conforto-bem-estar\\\/colchoes-anti-escaras\\\/sobre-colchao-anti-escaras-viscoelastico\"]}]},{\"@type\":\"ImageObject\",\"inLanguage\":\"pt-PT\",\"@id\":\"https:\\\/\\\/www.maisquecuidar.com\\\/loja\\\/quarto-conforto-bem-estar\\\/colchoes-anti-escaras\\\/sobre-colchao-anti-escaras-viscoelastico#primaryimage\",\"url\":\"https:\\\/\\\/img.maisquecuidar.com\\\/loja\\\/wp-content\\\/uploads\\\/2016\\\/12\\\/sobre-colchao-viscoelastico.png\",\"contentUrl\":\"https:\\\/\\\/img.maisquecuidar.com\\\/loja\\\/wp-content\\\/uploads\\\/2016\\\/12\\\/sobre-colchao-viscoelastico.png\",\"width\":1280,\"height\":800,\"caption\":\"Sobre colch\u00e3o em viscoel\u00e1stico\"},{\"@type\":\"BreadcrumbList\",\"@id\":\"https:\\\/\\\/www.maisquecuidar.com\\\/loja\\\/quarto-conforto-bem-estar\\\/colchoes-anti-escaras\\\/sobre-colchao-anti-escaras-viscoelastico#breadcrumb\",\"itemListElement\":[{\"@type\":\"ListItem\",\"position\":1,\"name\":\"Home\",\"item\":\"https:\\\/\\\/www.maisquecuidar.com\\\/loja\\\/\"},{\"@type\":\"ListItem\",\"position\":2,\"name\":\"Loja Online de Ortopedia e Geriatria em Portugal\",\"item\":\"https:\\\/\\\/www.maisquecuidar.com\\\/loja\\\/loja\"},{\"@type\":\"ListItem\",\"position\":3,\"name\":\"Quarto, Conforto e Bem Estar\",\"item\":\"https:\\\/\\\/www.maisquecuidar.com\\\/loja\\\/quarto-conforto-bem-estar\"},{\"@type\":\"ListItem\",\"position\":4,\"name\":\"Colch\u00f5es Anti-Escaras\",\"item\":\"https:\\\/\\\/www.maisquecuidar.com\\\/loja\\\/quarto-conforto-bem-estar\\\/colchoes-anti-escaras\"},{\"@type\":\"ListItem\",\"position\":5,\"name\":\"Sobre Colch\u00e3o Anti-Escaras Viscoel\u00e1stico\"}]},{\"@type\":\"WebSite\",\"@id\":\"https:\\\/\\\/www.maisquecuidar.com\\\/loja\\\/#website\",\"url\":\"https:\\\/\\\/www.maisquecuidar.com\\\/loja\\\/\",\"name\":\"Mais que Cuidar\",\"description\":\"Sa\u00fade, Ortopedia e Geriatria\",\"publisher\":{\"@id\":\"https:\\\/\\\/www.maisquecuidar.com\\\/loja\\\/#organization\"},\"potentialAction\":[{\"@type\":\"SearchAction\",\"target\":{\"@type\":\"EntryPoint\",\"urlTemplate\":\"https:\\\/\\\/www.maisquecuidar.com\\\/loja\\\/?s={search_term_string}\"},\"query-input\":{\"@type\":\"PropertyValueSpecification\",\"valueRequired\":true,\"valueName\":\"search_term_string\"}}],\"inLanguage\":\"pt-PT\"},{\"@type\":\"Organization\",\"@id\":\"https:\\\/\\\/www.maisquecuidar.com\\\/loja\\\/#organization\",\"name\":\"Mais Que Cuidar\",\"url\":\"https:\\\/\\\/www.maisquecuidar.com\\\/loja\\\/\",\"logo\":{\"@type\":\"ImageObject\",\"inLanguage\":\"pt-PT\",\"@id\":\"https:\\\/\\\/www.maisquecuidar.com\\\/loja\\\/#\\\/schema\\\/logo\\\/image\\\/\",\"url\":\"https:\\\/\\\/img.maisquecuidar.com\\\/loja\\\/wp-content\\\/uploads\\\/2019\\\/08\\\/logo-mais-que-cuidar-retina.png\",\"contentUrl\":\"https:\\\/\\\/img.maisquecuidar.com\\\/loja\\\/wp-content\\\/uploads\\\/2019\\\/08\\\/logo-mais-que-cuidar-retina.png\",\"width\":565,\"height\":75,\"caption\":\"Mais Que Cuidar\"},\"image\":{\"@id\":\"https:\\\/\\\/www.maisquecuidar.com\\\/loja\\\/#\\\/schema\\\/logo\\\/image\\\/\"},\"sameAs\":[\"https:\\\/\\\/www.facebook.com\\\/maisquecuidar.pt\",\"https:\\\/\\\/www.instagram.com\\\/maisquecuidar\"]}]}<\/script>\n<!-- \/ Yoast SEO plugin. -->","yoast_head_json":{"title":"Sobre Colch\u00e3o Anti-Escaras Viscoel\u00e1stico - Mais que Cuidar","description":"Sobre-colch\u00e3o anti-escaras de viscoel\u00e1stico para dar mais conforto e ajudar na preven\u00e7\u00e3o de \u00falceras de press\u00e3o em utilizadores de m\u00e9dio e elevado risco.","robots":{"index":"index","follow":"follow","max-snippet":"max-snippet:-1","max-image-preview":"max-image-preview:large","max-video-preview":"max-video-preview:-1"},"canonical":"https:\/\/www.maisquecuidar.com\/loja\/quarto-conforto-bem-estar\/colchoes-anti-escaras\/sobre-colchao-anti-escaras-viscoelastico","og_locale":"pt_PT","og_type":"article","og_title":"Sobre Colch\u00e3o Anti-Escaras Viscoel\u00e1stico - Mais que Cuidar","og_description":"Sobre-colch\u00e3o anti-escaras de viscoel\u00e1stico para dar mais conforto e ajudar na preven\u00e7\u00e3o de \u00falceras de press\u00e3o em utilizadores de m\u00e9dio e elevado risco.","og_url":"https:\/\/www.maisquecuidar.com\/loja\/quarto-conforto-bem-estar\/colchoes-anti-escaras\/sobre-colchao-anti-escaras-viscoelastico","og_site_name":"Mais que Cuidar","article_publisher":"https:\/\/www.facebook.com\/maisquecuidar.pt","article_modified_time":"2025-10-01T17:30:56+00:00","og_image":[{"width":1280,"height":800,"url":"https:\/\/img.maisquecuidar.com\/loja\/wp-content\/uploads\/2016\/12\/sobre-colchao-viscoelastico.png","type":"image\/png"}],"twitter_misc":{"Tempo estimado de leitura":"1 minuto"},"schema":{"@context":"https:\/\/schema.org","@graph":[{"@type":"WebPage","@id":"https:\/\/www.maisquecuidar.com\/loja\/quarto-conforto-bem-estar\/colchoes-anti-escaras\/sobre-colchao-anti-escaras-viscoelastico","url":"https:\/\/www.maisquecuidar.com\/loja\/quarto-conforto-bem-estar\/colchoes-anti-escaras\/sobre-colchao-anti-escaras-viscoelastico","name":"Sobre Colch\u00e3o Anti-Escaras Viscoel\u00e1stico - Mais que Cuidar","isPartOf":{"@id":"https:\/\/www.maisquecuidar.com\/loja\/#website"},"primaryImageOfPage":{"@id":"https:\/\/www.maisquecuidar.com\/loja\/quarto-conforto-bem-estar\/colchoes-anti-escaras\/sobre-colchao-anti-escaras-viscoelastico#primaryimage"},"image":{"@id":"https:\/\/www.maisquecuidar.com\/loja\/quarto-conforto-bem-estar\/colchoes-anti-escaras\/sobre-colchao-anti-escaras-viscoelastico#primaryimage"},"thumbnailUrl":"https:\/\/img.maisquecuidar.com\/loja\/wp-content\/uploads\/2016\/12\/sobre-colchao-viscoelastico.png","datePublished":"2016-12-08T21:51:26+00:00","dateModified":"2025-10-01T17:30:56+00:00","description":"Sobre-colch\u00e3o anti-escaras de viscoel\u00e1stico para dar mais conforto e ajudar na preven\u00e7\u00e3o de \u00falceras de press\u00e3o em utilizadores de m\u00e9dio e elevado risco.","breadcrumb":{"@id":"https:\/\/www.maisquecuidar.com\/loja\/quarto-conforto-bem-estar\/colchoes-anti-escaras\/sobre-colchao-anti-escaras-viscoelastico#breadcrumb"},"inLanguage":"pt-PT","potentialAction":[{"@type":"ReadAction","target":["https:\/\/www.maisquecuidar.com\/loja\/quarto-conforto-bem-estar\/colchoes-anti-escaras\/sobre-colchao-anti-escaras-viscoelastico"]}]},{"@type":"ImageObject","inLanguage":"pt-PT","@id":"https:\/\/www.maisquecuidar.com\/loja\/quarto-conforto-bem-estar\/colchoes-anti-escaras\/sobre-colchao-anti-escaras-viscoelastico#primaryimage","url":"https:\/\/img.maisquecuidar.com\/loja\/wp-content\/uploads\/2016\/12\/sobre-colchao-viscoelastico.png","contentUrl":"https:\/\/img.maisquecuidar.com\/loja\/wp-content\/uploads\/2016\/12\/sobre-colchao-viscoelastico.png","width":1280,"height":800,"caption":"Sobre colch\u00e3o em viscoel\u00e1stico"},{"@type":"BreadcrumbList","@id":"https:\/\/www.maisquecuidar.com\/loja\/quarto-conforto-bem-estar\/colchoes-anti-escaras\/sobre-colchao-anti-escaras-viscoelastico#breadcrumb","itemListElement":[{"@type":"ListItem","position":1,"name":"Home","item":"https:\/\/www.maisquecuidar.com\/loja\/"},{"@type":"ListItem","position":2,"name":"Loja Online de Ortopedia e Geriatria em Portugal","item":"https:\/\/www.maisquecuidar.com\/loja\/loja"},{"@type":"ListItem","position":3,"name":"Quarto, Conforto e Bem Estar","item":"https:\/\/www.maisquecuidar.com\/loja\/quarto-conforto-bem-estar"},{"@type":"ListItem","position":4,"name":"Colch\u00f5es Anti-Escaras","item":"https:\/\/www.maisquecuidar.com\/loja\/quarto-conforto-bem-estar\/colchoes-anti-escaras"},{"@type":"ListItem","position":5,"name":"Sobre Colch\u00e3o Anti-Escaras Viscoel\u00e1stico"}]},{"@type":"WebSite","@id":"https:\/\/www.maisquecuidar.com\/loja\/#website","url":"https:\/\/www.maisquecuidar.com\/loja\/","name":"Mais que Cuidar","description":"Sa\u00fade, Ortopedia e Geriatria","publisher":{"@id":"https:\/\/www.maisquecuidar.com\/loja\/#organization"},"potentialAction":[{"@type":"SearchAction","target":{"@type":"EntryPoint","urlTemplate":"https:\/\/www.maisquecuidar.com\/loja\/?s={search_term_string}"},"query-input":{"@type":"PropertyValueSpecification","valueRequired":true,"valueName":"search_term_string"}}],"inLanguage":"pt-PT"},{"@type":"Organization","@id":"https:\/\/www.maisquecuidar.com\/loja\/#organization","name":"Mais Que Cuidar","url":"https:\/\/www.maisquecuidar.com\/loja\/","logo":{"@type":"ImageObject","inLanguage":"pt-PT","@id":"https:\/\/www.maisquecuidar.com\/loja\/#\/schema\/logo\/image\/","url":"https:\/\/img.maisquecuidar.com\/loja\/wp-content\/uploads\/2019\/08\/logo-mais-que-cuidar-retina.png","contentUrl":"https:\/\/img.maisquecuidar.com\/loja\/wp-content\/uploads\/2019\/08\/logo-mais-que-cuidar-retina.png","width":565,"height":75,"caption":"Mais Que Cuidar"},"image":{"@id":"https:\/\/www.maisquecuidar.com\/loja\/#\/schema\/logo\/image\/"},"sameAs":["https:\/\/www.facebook.com\/maisquecuidar.pt","https:\/\/www.instagram.com\/maisquecuidar"]}]}},"_links":{"self":[{"href":"https:\/\/www.maisquecuidar.com\/loja\/wp-json\/wp\/v2\/product\/3954","targetHints":{"allow":["GET"]}}],"collection":[{"href":"https:\/\/www.maisquecuidar.com\/loja\/wp-json\/wp\/v2\/product"}],"about":[{"href":"https:\/\/www.maisquecuidar.com\/loja\/wp-json\/wp\/v2\/types\/product"}],"wp:featuredmedia":[{"embeddable":true,"href":"https:\/\/www.maisquecuidar.com\/loja\/wp-json\/wp\/v2\/media\/17258"}],"wp:attachment":[{"href":"https:\/\/www.maisquecuidar.com\/loja\/wp-json\/wp\/v2\/media?parent=3954"}],"wp:term":[{"taxonomy":"product_brand","embeddable":true,"href":"https:\/\/www.maisquecuidar.com\/loja\/wp-json\/wp\/v2\/product_brand?post=3954"},{"taxonomy":"product_cat","embeddable":true,"href":"https:\/\/www.maisquecuidar.com\/loja\/wp-json\/wp\/v2\/product_cat?post=3954"},{"taxonomy":"product_tag","embeddable":true,"href":"https:\/\/www.maisquecuidar.com\/loja\/wp-json\/wp\/v2\/product_tag?post=3954"}],"curies":[{"name":"wp","href":"https:\/\/api.w.org\/{rel}","templated":true}]}}