{"id":3951,"date":"2016-12-08T21:05:47","date_gmt":"2016-12-08T21:05:47","guid":{"rendered":"https:\/\/www.maisquecuidar.com\/loja\/?post_type=product&#038;p=3951"},"modified":"2025-10-01T18:30:49","modified_gmt":"2025-10-01T17:30:49","slug":"colchao-tripartido","status":"publish","type":"product","link":"https:\/\/www.maisquecuidar.com\/loja\/quarto-conforto-bem-estar\/colchoes-ortopedicos\/colchao-tripartido","title":{"rendered":"Colch\u00e3o Hospitalar"},"content":{"rendered":"<p>O colch\u00e3o hospitalar \u00e9 o colch\u00e3o mais econ\u00f3mico para camas articuladas. Tem capa imperme\u00e1vel com tele hospitalar f\u00e1cil de limpar e de desinfetar.<\/p>\n<p>Tem espuma de baixa resili\u00eancia com pouca capacidade de suporte e distribui\u00e7\u00e3o do peso do utilizador e pouca efic\u00e1cia no aliviar da press\u00e3o sobre a pele. Recomendamos que o utilizador com risco de feridas ou escaras seja posicionado com mudan\u00e7a de posi\u00e7\u00e3o na cama de 2 em 2 horas e use um sobre-colch\u00e3o preventivo de \u00falceras.<\/p>\n<p>Este colch\u00e3o hospitalar tem 10 cm de espessura. N\u00e3o recomendamos a sua utiliza\u00e7\u00e3o em pessoas com mais de 80 kgs.<\/p>\n<p>*o pre\u00e7o apresentado \u00e9 referente apenas ao colch\u00e3o. N\u00e3o inclui a cama.<\/p>\n","protected":false},"excerpt":{"rendered":"<p>Colch\u00e3o para cama articulada com capa imperme\u00e1vel<\/p>\n","protected":false},"featured_media":14620,"template":"","meta":{"_acf_changed":false,"neve_meta_sidebar":"","neve_meta_container":"","neve_meta_enable_content_width":"","neve_meta_content_width":0,"neve_meta_title_alignment":"","neve_meta_author_avatar":"","neve_post_elements_order":"","neve_meta_disable_header":"","neve_meta_disable_footer":"","neve_meta_disable_title":""},"product_brand":[],"product_cat":[67],"product_tag":[339],"class_list":{"0":"post-3951","1":"product","2":"type-product","3":"status-publish","4":"has-post-thumbnail","6":"product_cat-colchoes-ortopedicos","7":"product_tag-colchao-hospitalar-tripartido","9":"first","10":"instock","11":"taxable","12":"shipping-taxable","13":"purchasable","14":"product-type-simple"},"acf":[],"yoast_head":"<!-- This site is optimized with the Yoast SEO plugin v27.3 - https:\/\/yoast.com\/product\/yoast-seo-wordpress\/ -->\n<title>Colch\u00e3o Hospitalar - Mais que Cuidar<\/title>\n<meta name=\"description\" content=\"Colch\u00e3o Hospitalar\" \/>\n<meta name=\"robots\" content=\"index, follow, max-snippet:-1, max-image-preview:large, max-video-preview:-1\" \/>\n<link rel=\"canonical\" href=\"https:\/\/www.maisquecuidar.com\/loja\/quarto-conforto-bem-estar\/colchoes-ortopedicos\/colchao-tripartido\" \/>\n<meta property=\"og:locale\" content=\"pt_PT\" \/>\n<meta property=\"og:type\" content=\"article\" \/>\n<meta property=\"og:title\" content=\"Colch\u00e3o Hospitalar - Mais que Cuidar\" \/>\n<meta property=\"og:description\" content=\"Colch\u00e3o Hospitalar\" \/>\n<meta property=\"og:url\" content=\"https:\/\/www.maisquecuidar.com\/loja\/quarto-conforto-bem-estar\/colchoes-ortopedicos\/colchao-tripartido\" \/>\n<meta property=\"og:site_name\" content=\"Mais que Cuidar\" \/>\n<meta property=\"article:publisher\" content=\"https:\/\/www.facebook.com\/maisquecuidar.pt\" \/>\n<meta property=\"article:modified_time\" content=\"2025-10-01T17:30:49+00:00\" \/>\n<meta property=\"og:image\" content=\"https:\/\/img.maisquecuidar.com\/loja\/wp-content\/uploads\/2016\/12\/colchao-hospitalar.jpg\" \/>\n\t<meta property=\"og:image:width\" content=\"1280\" \/>\n\t<meta property=\"og:image:height\" content=\"800\" \/>\n\t<meta property=\"og:image:type\" content=\"image\/jpeg\" \/>\n<meta name=\"twitter:label1\" content=\"Tempo estimado de leitura\" \/>\n\t<meta name=\"twitter:data1\" content=\"1 minuto\" \/>\n<script type=\"application\/ld+json\" class=\"yoast-schema-graph\">{\"@context\":\"https:\\\/\\\/schema.org\",\"@graph\":[{\"@type\":\"WebPage\",\"@id\":\"https:\\\/\\\/www.maisquecuidar.com\\\/loja\\\/quarto-conforto-bem-estar\\\/colchoes-ortopedicos\\\/colchao-tripartido\",\"url\":\"https:\\\/\\\/www.maisquecuidar.com\\\/loja\\\/quarto-conforto-bem-estar\\\/colchoes-ortopedicos\\\/colchao-tripartido\",\"name\":\"Colch\u00e3o Hospitalar - Mais que Cuidar\",\"isPartOf\":{\"@id\":\"https:\\\/\\\/www.maisquecuidar.com\\\/loja\\\/#website\"},\"primaryImageOfPage\":{\"@id\":\"https:\\\/\\\/www.maisquecuidar.com\\\/loja\\\/quarto-conforto-bem-estar\\\/colchoes-ortopedicos\\\/colchao-tripartido#primaryimage\"},\"image\":{\"@id\":\"https:\\\/\\\/www.maisquecuidar.com\\\/loja\\\/quarto-conforto-bem-estar\\\/colchoes-ortopedicos\\\/colchao-tripartido#primaryimage\"},\"thumbnailUrl\":\"https:\\\/\\\/img.maisquecuidar.com\\\/loja\\\/wp-content\\\/uploads\\\/2016\\\/12\\\/colchao-hospitalar.jpg\",\"datePublished\":\"2016-12-08T21:05:47+00:00\",\"dateModified\":\"2025-10-01T17:30:49+00:00\",\"description\":\"Colch\u00e3o Hospitalar\",\"breadcrumb\":{\"@id\":\"https:\\\/\\\/www.maisquecuidar.com\\\/loja\\\/quarto-conforto-bem-estar\\\/colchoes-ortopedicos\\\/colchao-tripartido#breadcrumb\"},\"inLanguage\":\"pt-PT\",\"potentialAction\":[{\"@type\":\"ReadAction\",\"target\":[\"https:\\\/\\\/www.maisquecuidar.com\\\/loja\\\/quarto-conforto-bem-estar\\\/colchoes-ortopedicos\\\/colchao-tripartido\"]}]},{\"@type\":\"ImageObject\",\"inLanguage\":\"pt-PT\",\"@id\":\"https:\\\/\\\/www.maisquecuidar.com\\\/loja\\\/quarto-conforto-bem-estar\\\/colchoes-ortopedicos\\\/colchao-tripartido#primaryimage\",\"url\":\"https:\\\/\\\/img.maisquecuidar.com\\\/loja\\\/wp-content\\\/uploads\\\/2016\\\/12\\\/colchao-hospitalar.jpg\",\"contentUrl\":\"https:\\\/\\\/img.maisquecuidar.com\\\/loja\\\/wp-content\\\/uploads\\\/2016\\\/12\\\/colchao-hospitalar.jpg\",\"width\":1280,\"height\":800,\"caption\":\"Colch\u00e3o hospitalar\"},{\"@type\":\"BreadcrumbList\",\"@id\":\"https:\\\/\\\/www.maisquecuidar.com\\\/loja\\\/quarto-conforto-bem-estar\\\/colchoes-ortopedicos\\\/colchao-tripartido#breadcrumb\",\"itemListElement\":[{\"@type\":\"ListItem\",\"position\":1,\"name\":\"Home\",\"item\":\"https:\\\/\\\/www.maisquecuidar.com\\\/loja\\\/\"},{\"@type\":\"ListItem\",\"position\":2,\"name\":\"Loja Online de Ortopedia e Geriatria em Portugal\",\"item\":\"https:\\\/\\\/www.maisquecuidar.com\\\/loja\\\/loja\"},{\"@type\":\"ListItem\",\"position\":3,\"name\":\"Quarto, Conforto e Bem Estar\",\"item\":\"https:\\\/\\\/www.maisquecuidar.com\\\/loja\\\/quarto-conforto-bem-estar\"},{\"@type\":\"ListItem\",\"position\":4,\"name\":\"Colch\u00f5es Ortop\u00e9dicos\",\"item\":\"https:\\\/\\\/www.maisquecuidar.com\\\/loja\\\/quarto-conforto-bem-estar\\\/colchoes-ortopedicos\"},{\"@type\":\"ListItem\",\"position\":5,\"name\":\"Colch\u00e3o Hospitalar\"}]},{\"@type\":\"WebSite\",\"@id\":\"https:\\\/\\\/www.maisquecuidar.com\\\/loja\\\/#website\",\"url\":\"https:\\\/\\\/www.maisquecuidar.com\\\/loja\\\/\",\"name\":\"Mais que Cuidar\",\"description\":\"Sa\u00fade, Ortopedia e Geriatria\",\"publisher\":{\"@id\":\"https:\\\/\\\/www.maisquecuidar.com\\\/loja\\\/#organization\"},\"potentialAction\":[{\"@type\":\"SearchAction\",\"target\":{\"@type\":\"EntryPoint\",\"urlTemplate\":\"https:\\\/\\\/www.maisquecuidar.com\\\/loja\\\/?s={search_term_string}\"},\"query-input\":{\"@type\":\"PropertyValueSpecification\",\"valueRequired\":true,\"valueName\":\"search_term_string\"}}],\"inLanguage\":\"pt-PT\"},{\"@type\":\"Organization\",\"@id\":\"https:\\\/\\\/www.maisquecuidar.com\\\/loja\\\/#organization\",\"name\":\"Mais Que Cuidar\",\"url\":\"https:\\\/\\\/www.maisquecuidar.com\\\/loja\\\/\",\"logo\":{\"@type\":\"ImageObject\",\"inLanguage\":\"pt-PT\",\"@id\":\"https:\\\/\\\/www.maisquecuidar.com\\\/loja\\\/#\\\/schema\\\/logo\\\/image\\\/\",\"url\":\"https:\\\/\\\/img.maisquecuidar.com\\\/loja\\\/wp-content\\\/uploads\\\/2019\\\/08\\\/logo-mais-que-cuidar-retina.png\",\"contentUrl\":\"https:\\\/\\\/img.maisquecuidar.com\\\/loja\\\/wp-content\\\/uploads\\\/2019\\\/08\\\/logo-mais-que-cuidar-retina.png\",\"width\":565,\"height\":75,\"caption\":\"Mais Que Cuidar\"},\"image\":{\"@id\":\"https:\\\/\\\/www.maisquecuidar.com\\\/loja\\\/#\\\/schema\\\/logo\\\/image\\\/\"},\"sameAs\":[\"https:\\\/\\\/www.facebook.com\\\/maisquecuidar.pt\",\"https:\\\/\\\/www.instagram.com\\\/maisquecuidar\"]}]}<\/script>\n<!-- \/ Yoast SEO plugin. -->","yoast_head_json":{"title":"Colch\u00e3o Hospitalar - Mais que Cuidar","description":"Colch\u00e3o Hospitalar","robots":{"index":"index","follow":"follow","max-snippet":"max-snippet:-1","max-image-preview":"max-image-preview:large","max-video-preview":"max-video-preview:-1"},"canonical":"https:\/\/www.maisquecuidar.com\/loja\/quarto-conforto-bem-estar\/colchoes-ortopedicos\/colchao-tripartido","og_locale":"pt_PT","og_type":"article","og_title":"Colch\u00e3o Hospitalar - Mais que Cuidar","og_description":"Colch\u00e3o Hospitalar","og_url":"https:\/\/www.maisquecuidar.com\/loja\/quarto-conforto-bem-estar\/colchoes-ortopedicos\/colchao-tripartido","og_site_name":"Mais que Cuidar","article_publisher":"https:\/\/www.facebook.com\/maisquecuidar.pt","article_modified_time":"2025-10-01T17:30:49+00:00","og_image":[{"width":1280,"height":800,"url":"https:\/\/img.maisquecuidar.com\/loja\/wp-content\/uploads\/2016\/12\/colchao-hospitalar.jpg","type":"image\/jpeg"}],"twitter_misc":{"Tempo estimado de leitura":"1 minuto"},"schema":{"@context":"https:\/\/schema.org","@graph":[{"@type":"WebPage","@id":"https:\/\/www.maisquecuidar.com\/loja\/quarto-conforto-bem-estar\/colchoes-ortopedicos\/colchao-tripartido","url":"https:\/\/www.maisquecuidar.com\/loja\/quarto-conforto-bem-estar\/colchoes-ortopedicos\/colchao-tripartido","name":"Colch\u00e3o Hospitalar - Mais que Cuidar","isPartOf":{"@id":"https:\/\/www.maisquecuidar.com\/loja\/#website"},"primaryImageOfPage":{"@id":"https:\/\/www.maisquecuidar.com\/loja\/quarto-conforto-bem-estar\/colchoes-ortopedicos\/colchao-tripartido#primaryimage"},"image":{"@id":"https:\/\/www.maisquecuidar.com\/loja\/quarto-conforto-bem-estar\/colchoes-ortopedicos\/colchao-tripartido#primaryimage"},"thumbnailUrl":"https:\/\/img.maisquecuidar.com\/loja\/wp-content\/uploads\/2016\/12\/colchao-hospitalar.jpg","datePublished":"2016-12-08T21:05:47+00:00","dateModified":"2025-10-01T17:30:49+00:00","description":"Colch\u00e3o Hospitalar","breadcrumb":{"@id":"https:\/\/www.maisquecuidar.com\/loja\/quarto-conforto-bem-estar\/colchoes-ortopedicos\/colchao-tripartido#breadcrumb"},"inLanguage":"pt-PT","potentialAction":[{"@type":"ReadAction","target":["https:\/\/www.maisquecuidar.com\/loja\/quarto-conforto-bem-estar\/colchoes-ortopedicos\/colchao-tripartido"]}]},{"@type":"ImageObject","inLanguage":"pt-PT","@id":"https:\/\/www.maisquecuidar.com\/loja\/quarto-conforto-bem-estar\/colchoes-ortopedicos\/colchao-tripartido#primaryimage","url":"https:\/\/img.maisquecuidar.com\/loja\/wp-content\/uploads\/2016\/12\/colchao-hospitalar.jpg","contentUrl":"https:\/\/img.maisquecuidar.com\/loja\/wp-content\/uploads\/2016\/12\/colchao-hospitalar.jpg","width":1280,"height":800,"caption":"Colch\u00e3o hospitalar"},{"@type":"BreadcrumbList","@id":"https:\/\/www.maisquecuidar.com\/loja\/quarto-conforto-bem-estar\/colchoes-ortopedicos\/colchao-tripartido#breadcrumb","itemListElement":[{"@type":"ListItem","position":1,"name":"Home","item":"https:\/\/www.maisquecuidar.com\/loja\/"},{"@type":"ListItem","position":2,"name":"Loja Online de Ortopedia e Geriatria em Portugal","item":"https:\/\/www.maisquecuidar.com\/loja\/loja"},{"@type":"ListItem","position":3,"name":"Quarto, Conforto e Bem Estar","item":"https:\/\/www.maisquecuidar.com\/loja\/quarto-conforto-bem-estar"},{"@type":"ListItem","position":4,"name":"Colch\u00f5es Ortop\u00e9dicos","item":"https:\/\/www.maisquecuidar.com\/loja\/quarto-conforto-bem-estar\/colchoes-ortopedicos"},{"@type":"ListItem","position":5,"name":"Colch\u00e3o Hospitalar"}]},{"@type":"WebSite","@id":"https:\/\/www.maisquecuidar.com\/loja\/#website","url":"https:\/\/www.maisquecuidar.com\/loja\/","name":"Mais que Cuidar","description":"Sa\u00fade, Ortopedia e Geriatria","publisher":{"@id":"https:\/\/www.maisquecuidar.com\/loja\/#organization"},"potentialAction":[{"@type":"SearchAction","target":{"@type":"EntryPoint","urlTemplate":"https:\/\/www.maisquecuidar.com\/loja\/?s={search_term_string}"},"query-input":{"@type":"PropertyValueSpecification","valueRequired":true,"valueName":"search_term_string"}}],"inLanguage":"pt-PT"},{"@type":"Organization","@id":"https:\/\/www.maisquecuidar.com\/loja\/#organization","name":"Mais Que Cuidar","url":"https:\/\/www.maisquecuidar.com\/loja\/","logo":{"@type":"ImageObject","inLanguage":"pt-PT","@id":"https:\/\/www.maisquecuidar.com\/loja\/#\/schema\/logo\/image\/","url":"https:\/\/img.maisquecuidar.com\/loja\/wp-content\/uploads\/2019\/08\/logo-mais-que-cuidar-retina.png","contentUrl":"https:\/\/img.maisquecuidar.com\/loja\/wp-content\/uploads\/2019\/08\/logo-mais-que-cuidar-retina.png","width":565,"height":75,"caption":"Mais Que Cuidar"},"image":{"@id":"https:\/\/www.maisquecuidar.com\/loja\/#\/schema\/logo\/image\/"},"sameAs":["https:\/\/www.facebook.com\/maisquecuidar.pt","https:\/\/www.instagram.com\/maisquecuidar"]}]}},"_links":{"self":[{"href":"https:\/\/www.maisquecuidar.com\/loja\/wp-json\/wp\/v2\/product\/3951","targetHints":{"allow":["GET"]}}],"collection":[{"href":"https:\/\/www.maisquecuidar.com\/loja\/wp-json\/wp\/v2\/product"}],"about":[{"href":"https:\/\/www.maisquecuidar.com\/loja\/wp-json\/wp\/v2\/types\/product"}],"wp:featuredmedia":[{"embeddable":true,"href":"https:\/\/www.maisquecuidar.com\/loja\/wp-json\/wp\/v2\/media\/14620"}],"wp:attachment":[{"href":"https:\/\/www.maisquecuidar.com\/loja\/wp-json\/wp\/v2\/media?parent=3951"}],"wp:term":[{"taxonomy":"product_brand","embeddable":true,"href":"https:\/\/www.maisquecuidar.com\/loja\/wp-json\/wp\/v2\/product_brand?post=3951"},{"taxonomy":"product_cat","embeddable":true,"href":"https:\/\/www.maisquecuidar.com\/loja\/wp-json\/wp\/v2\/product_cat?post=3951"},{"taxonomy":"product_tag","embeddable":true,"href":"https:\/\/www.maisquecuidar.com\/loja\/wp-json\/wp\/v2\/product_tag?post=3951"}],"curies":[{"name":"wp","href":"https:\/\/api.w.org\/{rel}","templated":true}]}}