{"id":3895,"date":"2016-12-05T18:26:17","date_gmt":"2016-12-05T18:26:17","guid":{"rendered":"https:\/\/www.maisquecuidar.com\/loja\/?post_type=product&#038;p=3895"},"modified":"2025-10-01T18:32:29","modified_gmt":"2025-10-01T17:32:29","slug":"cama-articulada-semi-eletrica-supreme","status":"publish","type":"product","link":"https:\/\/www.maisquecuidar.com\/loja\/quarto-conforto-bem-estar\/camas-articuladas\/camas-hospitalares-semi-electricas\/cama-articulada-semi-eletrica-supreme","title":{"rendered":"Cama Articulada Semi-El\u00e9trica Supreme"},"content":{"rendered":"<p><strong> Cama Hospitalar Semi-El\u00e9trica Supreme<\/strong><\/p>\n<p>Tem a sua estrutura em a\u00e7o com o estrado articulado dividido em tr\u00eas partes com r\u00e9guas em faia.<\/p>\n<p>Tem comando que permite controlar a altura do tronco e dos joelhos. A altura do estrado ao ch\u00e3o \u00e9 fixa.<\/p>\n<p>Os p\u00e9s da cama t\u00eam altura fixa com rodas, duas com trav\u00e3o.<\/p>\n<p><strong>As cabeceiras e as guardas laterais s\u00e3o em madeira MDF Faia que lhe conferem um design inovador e muito agrad\u00e1vel adaptando-se muito bem num ambiente dom\u00e9stico ou numa institui\u00e7\u00e3o.<\/strong><\/p>\n<p>Tem um sistema de fecho das guardas laterais nas cabeceiras e um sistema contra entalamento.<\/p>\n<div class=\"innerShortcode\">\n<div class=\"innerContent\">\n<p><span style=\"font-size: 14pt;\">\u00a0 \u00a0 \u00a0 <\/span><\/p>\n<\/div>\n<\/div>\n","protected":false},"excerpt":{"rendered":"<p>Modelo de Cama Articulada Semi-el\u00e9trica\u00a0com design distinto, moderno e que se enquadra muito bem na decora\u00e7\u00e3o ou num ambiente dom\u00e9stico ou institucional.<\/p>\n","protected":false},"featured_media":15240,"template":"","meta":{"_acf_changed":false,"neve_meta_sidebar":"","neve_meta_container":"","neve_meta_enable_content_width":"","neve_meta_content_width":0,"neve_meta_title_alignment":"","neve_meta_author_avatar":"","neve_post_elements_order":"","neve_meta_disable_header":"","neve_meta_disable_footer":"","neve_meta_disable_title":""},"product_brand":[],"product_cat":[327],"product_tag":[718,320,318,328,316,323,329,325,326,708,711,704,712],"class_list":{"0":"post-3895","1":"product","2":"type-product","3":"status-publish","4":"has-post-thumbnail","6":"product_cat-camas-hospitalares-semi-electricas","7":"product_tag-600-900e","8":"product_tag-cama-articulada-para-acamados","9":"product_tag-cama-articulada-para-doentes","10":"product_tag-cama-articulada-semi-eletrica","11":"product_tag-camas-articuladas","12":"product_tag-camas-articuladas-economicas","13":"product_tag-camas-articuladas-eletricas","14":"product_tag-camas-articuladas-para-doentes","15":"product_tag-camas-articuladas-para-idosos","16":"product_tag-eletrica-com-altura-fixa","17":"product_tag-em-madeira","18":"product_tag-normal-90-cm","19":"product_tag-sem-colchao","21":"first","22":"instock","23":"taxable","24":"shipping-taxable","25":"purchasable","26":"product-type-simple"},"acf":[],"yoast_head":"<!-- This site is optimized with the Yoast SEO plugin v27.3 - https:\/\/yoast.com\/product\/yoast-seo-wordpress\/ -->\n<title>Cama Articulada Semi-El\u00e9trica Supreme - Mais que Cuidar<\/title>\n<meta name=\"description\" content=\"A cama articulada semi-el\u00e9trica supreme tem um design distinto, moderno e pode ser utilizada em casa ou numa institui\u00e7\u00e3o. Confira o pre\u00e7o!\" \/>\n<meta name=\"robots\" content=\"index, follow, max-snippet:-1, max-image-preview:large, max-video-preview:-1\" \/>\n<link rel=\"canonical\" href=\"https:\/\/www.maisquecuidar.com\/loja\/quarto-conforto-bem-estar\/camas-articuladas\/camas-hospitalares-semi-electricas\/cama-articulada-semi-eletrica-supreme\" \/>\n<meta property=\"og:locale\" content=\"pt_PT\" \/>\n<meta property=\"og:type\" content=\"article\" \/>\n<meta property=\"og:title\" content=\"Cama Articulada Semi-El\u00e9trica Supreme - Mais que Cuidar\" \/>\n<meta property=\"og:description\" content=\"A cama articulada semi-el\u00e9trica supreme tem um design distinto, moderno e pode ser utilizada em casa ou numa institui\u00e7\u00e3o. Confira o pre\u00e7o!\" \/>\n<meta property=\"og:url\" content=\"https:\/\/www.maisquecuidar.com\/loja\/quarto-conforto-bem-estar\/camas-articuladas\/camas-hospitalares-semi-electricas\/cama-articulada-semi-eletrica-supreme\" \/>\n<meta property=\"og:site_name\" content=\"Mais que Cuidar\" \/>\n<meta property=\"article:publisher\" content=\"https:\/\/www.facebook.com\/maisquecuidar.pt\" \/>\n<meta property=\"article:modified_time\" content=\"2025-10-01T17:32:29+00:00\" \/>\n<meta property=\"og:image\" content=\"https:\/\/img.maisquecuidar.com\/loja\/wp-content\/uploads\/2016\/12\/cama-articulada-faia.png\" \/>\n\t<meta property=\"og:image:width\" content=\"1280\" \/>\n\t<meta property=\"og:image:height\" content=\"800\" \/>\n\t<meta property=\"og:image:type\" content=\"image\/png\" \/>\n<meta name=\"twitter:label1\" content=\"Tempo estimado de leitura\" \/>\n\t<meta name=\"twitter:data1\" content=\"1 minuto\" \/>\n<script type=\"application\/ld+json\" class=\"yoast-schema-graph\">{\"@context\":\"https:\\\/\\\/schema.org\",\"@graph\":[{\"@type\":\"WebPage\",\"@id\":\"https:\\\/\\\/www.maisquecuidar.com\\\/loja\\\/quarto-conforto-bem-estar\\\/camas-articuladas\\\/camas-hospitalares-semi-electricas\\\/cama-articulada-semi-eletrica-supreme\",\"url\":\"https:\\\/\\\/www.maisquecuidar.com\\\/loja\\\/quarto-conforto-bem-estar\\\/camas-articuladas\\\/camas-hospitalares-semi-electricas\\\/cama-articulada-semi-eletrica-supreme\",\"name\":\"Cama Articulada Semi-El\u00e9trica Supreme - Mais que Cuidar\",\"isPartOf\":{\"@id\":\"https:\\\/\\\/www.maisquecuidar.com\\\/loja\\\/#website\"},\"primaryImageOfPage\":{\"@id\":\"https:\\\/\\\/www.maisquecuidar.com\\\/loja\\\/quarto-conforto-bem-estar\\\/camas-articuladas\\\/camas-hospitalares-semi-electricas\\\/cama-articulada-semi-eletrica-supreme#primaryimage\"},\"image\":{\"@id\":\"https:\\\/\\\/www.maisquecuidar.com\\\/loja\\\/quarto-conforto-bem-estar\\\/camas-articuladas\\\/camas-hospitalares-semi-electricas\\\/cama-articulada-semi-eletrica-supreme#primaryimage\"},\"thumbnailUrl\":\"https:\\\/\\\/img.maisquecuidar.com\\\/loja\\\/wp-content\\\/uploads\\\/2016\\\/12\\\/cama-articulada-faia.png\",\"datePublished\":\"2016-12-05T18:26:17+00:00\",\"dateModified\":\"2025-10-01T17:32:29+00:00\",\"description\":\"A cama articulada semi-el\u00e9trica supreme tem um design distinto, moderno e pode ser utilizada em casa ou numa institui\u00e7\u00e3o. Confira o pre\u00e7o!\",\"breadcrumb\":{\"@id\":\"https:\\\/\\\/www.maisquecuidar.com\\\/loja\\\/quarto-conforto-bem-estar\\\/camas-articuladas\\\/camas-hospitalares-semi-electricas\\\/cama-articulada-semi-eletrica-supreme#breadcrumb\"},\"inLanguage\":\"pt-PT\",\"potentialAction\":[{\"@type\":\"ReadAction\",\"target\":[\"https:\\\/\\\/www.maisquecuidar.com\\\/loja\\\/quarto-conforto-bem-estar\\\/camas-articuladas\\\/camas-hospitalares-semi-electricas\\\/cama-articulada-semi-eletrica-supreme\"]}]},{\"@type\":\"ImageObject\",\"inLanguage\":\"pt-PT\",\"@id\":\"https:\\\/\\\/www.maisquecuidar.com\\\/loja\\\/quarto-conforto-bem-estar\\\/camas-articuladas\\\/camas-hospitalares-semi-electricas\\\/cama-articulada-semi-eletrica-supreme#primaryimage\",\"url\":\"https:\\\/\\\/img.maisquecuidar.com\\\/loja\\\/wp-content\\\/uploads\\\/2016\\\/12\\\/cama-articulada-faia.png\",\"contentUrl\":\"https:\\\/\\\/img.maisquecuidar.com\\\/loja\\\/wp-content\\\/uploads\\\/2016\\\/12\\\/cama-articulada-faia.png\",\"width\":1280,\"height\":800,\"caption\":\"Cama articulada el\u00e9ctrica em faia Supreme\"},{\"@type\":\"BreadcrumbList\",\"@id\":\"https:\\\/\\\/www.maisquecuidar.com\\\/loja\\\/quarto-conforto-bem-estar\\\/camas-articuladas\\\/camas-hospitalares-semi-electricas\\\/cama-articulada-semi-eletrica-supreme#breadcrumb\",\"itemListElement\":[{\"@type\":\"ListItem\",\"position\":1,\"name\":\"Home\",\"item\":\"https:\\\/\\\/www.maisquecuidar.com\\\/loja\\\/\"},{\"@type\":\"ListItem\",\"position\":2,\"name\":\"Loja Online de Ortopedia e Geriatria em Portugal\",\"item\":\"https:\\\/\\\/www.maisquecuidar.com\\\/loja\\\/loja\"},{\"@type\":\"ListItem\",\"position\":3,\"name\":\"Quarto, Conforto e Bem Estar\",\"item\":\"https:\\\/\\\/www.maisquecuidar.com\\\/loja\\\/quarto-conforto-bem-estar\"},{\"@type\":\"ListItem\",\"position\":4,\"name\":\"Camas Articuladas Hospitalares\",\"item\":\"https:\\\/\\\/www.maisquecuidar.com\\\/loja\\\/quarto-conforto-bem-estar\\\/camas-articuladas\"},{\"@type\":\"ListItem\",\"position\":5,\"name\":\"Camas Articuladas Semi-El\u00e9ctricas\",\"item\":\"https:\\\/\\\/www.maisquecuidar.com\\\/loja\\\/quarto-conforto-bem-estar\\\/camas-articuladas\\\/camas-hospitalares-semi-electricas\"},{\"@type\":\"ListItem\",\"position\":6,\"name\":\"Cama Articulada Semi-El\u00e9trica Supreme\"}]},{\"@type\":\"WebSite\",\"@id\":\"https:\\\/\\\/www.maisquecuidar.com\\\/loja\\\/#website\",\"url\":\"https:\\\/\\\/www.maisquecuidar.com\\\/loja\\\/\",\"name\":\"Mais que Cuidar\",\"description\":\"Sa\u00fade, Ortopedia e Geriatria\",\"publisher\":{\"@id\":\"https:\\\/\\\/www.maisquecuidar.com\\\/loja\\\/#organization\"},\"potentialAction\":[{\"@type\":\"SearchAction\",\"target\":{\"@type\":\"EntryPoint\",\"urlTemplate\":\"https:\\\/\\\/www.maisquecuidar.com\\\/loja\\\/?s={search_term_string}\"},\"query-input\":{\"@type\":\"PropertyValueSpecification\",\"valueRequired\":true,\"valueName\":\"search_term_string\"}}],\"inLanguage\":\"pt-PT\"},{\"@type\":\"Organization\",\"@id\":\"https:\\\/\\\/www.maisquecuidar.com\\\/loja\\\/#organization\",\"name\":\"Mais Que Cuidar\",\"url\":\"https:\\\/\\\/www.maisquecuidar.com\\\/loja\\\/\",\"logo\":{\"@type\":\"ImageObject\",\"inLanguage\":\"pt-PT\",\"@id\":\"https:\\\/\\\/www.maisquecuidar.com\\\/loja\\\/#\\\/schema\\\/logo\\\/image\\\/\",\"url\":\"https:\\\/\\\/img.maisquecuidar.com\\\/loja\\\/wp-content\\\/uploads\\\/2019\\\/08\\\/logo-mais-que-cuidar-retina.png\",\"contentUrl\":\"https:\\\/\\\/img.maisquecuidar.com\\\/loja\\\/wp-content\\\/uploads\\\/2019\\\/08\\\/logo-mais-que-cuidar-retina.png\",\"width\":565,\"height\":75,\"caption\":\"Mais Que Cuidar\"},\"image\":{\"@id\":\"https:\\\/\\\/www.maisquecuidar.com\\\/loja\\\/#\\\/schema\\\/logo\\\/image\\\/\"},\"sameAs\":[\"https:\\\/\\\/www.facebook.com\\\/maisquecuidar.pt\",\"https:\\\/\\\/www.instagram.com\\\/maisquecuidar\"]}]}<\/script>\n<!-- \/ Yoast SEO plugin. -->","yoast_head_json":{"title":"Cama Articulada Semi-El\u00e9trica Supreme - Mais que Cuidar","description":"A cama articulada semi-el\u00e9trica supreme tem um design distinto, moderno e pode ser utilizada em casa ou numa institui\u00e7\u00e3o. Confira o pre\u00e7o!","robots":{"index":"index","follow":"follow","max-snippet":"max-snippet:-1","max-image-preview":"max-image-preview:large","max-video-preview":"max-video-preview:-1"},"canonical":"https:\/\/www.maisquecuidar.com\/loja\/quarto-conforto-bem-estar\/camas-articuladas\/camas-hospitalares-semi-electricas\/cama-articulada-semi-eletrica-supreme","og_locale":"pt_PT","og_type":"article","og_title":"Cama Articulada Semi-El\u00e9trica Supreme - Mais que Cuidar","og_description":"A cama articulada semi-el\u00e9trica supreme tem um design distinto, moderno e pode ser utilizada em casa ou numa institui\u00e7\u00e3o. Confira o pre\u00e7o!","og_url":"https:\/\/www.maisquecuidar.com\/loja\/quarto-conforto-bem-estar\/camas-articuladas\/camas-hospitalares-semi-electricas\/cama-articulada-semi-eletrica-supreme","og_site_name":"Mais que Cuidar","article_publisher":"https:\/\/www.facebook.com\/maisquecuidar.pt","article_modified_time":"2025-10-01T17:32:29+00:00","og_image":[{"width":1280,"height":800,"url":"https:\/\/img.maisquecuidar.com\/loja\/wp-content\/uploads\/2016\/12\/cama-articulada-faia.png","type":"image\/png"}],"twitter_misc":{"Tempo estimado de leitura":"1 minuto"},"schema":{"@context":"https:\/\/schema.org","@graph":[{"@type":"WebPage","@id":"https:\/\/www.maisquecuidar.com\/loja\/quarto-conforto-bem-estar\/camas-articuladas\/camas-hospitalares-semi-electricas\/cama-articulada-semi-eletrica-supreme","url":"https:\/\/www.maisquecuidar.com\/loja\/quarto-conforto-bem-estar\/camas-articuladas\/camas-hospitalares-semi-electricas\/cama-articulada-semi-eletrica-supreme","name":"Cama Articulada Semi-El\u00e9trica Supreme - Mais que Cuidar","isPartOf":{"@id":"https:\/\/www.maisquecuidar.com\/loja\/#website"},"primaryImageOfPage":{"@id":"https:\/\/www.maisquecuidar.com\/loja\/quarto-conforto-bem-estar\/camas-articuladas\/camas-hospitalares-semi-electricas\/cama-articulada-semi-eletrica-supreme#primaryimage"},"image":{"@id":"https:\/\/www.maisquecuidar.com\/loja\/quarto-conforto-bem-estar\/camas-articuladas\/camas-hospitalares-semi-electricas\/cama-articulada-semi-eletrica-supreme#primaryimage"},"thumbnailUrl":"https:\/\/img.maisquecuidar.com\/loja\/wp-content\/uploads\/2016\/12\/cama-articulada-faia.png","datePublished":"2016-12-05T18:26:17+00:00","dateModified":"2025-10-01T17:32:29+00:00","description":"A cama articulada semi-el\u00e9trica supreme tem um design distinto, moderno e pode ser utilizada em casa ou numa institui\u00e7\u00e3o. Confira o pre\u00e7o!","breadcrumb":{"@id":"https:\/\/www.maisquecuidar.com\/loja\/quarto-conforto-bem-estar\/camas-articuladas\/camas-hospitalares-semi-electricas\/cama-articulada-semi-eletrica-supreme#breadcrumb"},"inLanguage":"pt-PT","potentialAction":[{"@type":"ReadAction","target":["https:\/\/www.maisquecuidar.com\/loja\/quarto-conforto-bem-estar\/camas-articuladas\/camas-hospitalares-semi-electricas\/cama-articulada-semi-eletrica-supreme"]}]},{"@type":"ImageObject","inLanguage":"pt-PT","@id":"https:\/\/www.maisquecuidar.com\/loja\/quarto-conforto-bem-estar\/camas-articuladas\/camas-hospitalares-semi-electricas\/cama-articulada-semi-eletrica-supreme#primaryimage","url":"https:\/\/img.maisquecuidar.com\/loja\/wp-content\/uploads\/2016\/12\/cama-articulada-faia.png","contentUrl":"https:\/\/img.maisquecuidar.com\/loja\/wp-content\/uploads\/2016\/12\/cama-articulada-faia.png","width":1280,"height":800,"caption":"Cama articulada el\u00e9ctrica em faia Supreme"},{"@type":"BreadcrumbList","@id":"https:\/\/www.maisquecuidar.com\/loja\/quarto-conforto-bem-estar\/camas-articuladas\/camas-hospitalares-semi-electricas\/cama-articulada-semi-eletrica-supreme#breadcrumb","itemListElement":[{"@type":"ListItem","position":1,"name":"Home","item":"https:\/\/www.maisquecuidar.com\/loja\/"},{"@type":"ListItem","position":2,"name":"Loja Online de Ortopedia e Geriatria em Portugal","item":"https:\/\/www.maisquecuidar.com\/loja\/loja"},{"@type":"ListItem","position":3,"name":"Quarto, Conforto e Bem Estar","item":"https:\/\/www.maisquecuidar.com\/loja\/quarto-conforto-bem-estar"},{"@type":"ListItem","position":4,"name":"Camas Articuladas Hospitalares","item":"https:\/\/www.maisquecuidar.com\/loja\/quarto-conforto-bem-estar\/camas-articuladas"},{"@type":"ListItem","position":5,"name":"Camas Articuladas Semi-El\u00e9ctricas","item":"https:\/\/www.maisquecuidar.com\/loja\/quarto-conforto-bem-estar\/camas-articuladas\/camas-hospitalares-semi-electricas"},{"@type":"ListItem","position":6,"name":"Cama Articulada Semi-El\u00e9trica Supreme"}]},{"@type":"WebSite","@id":"https:\/\/www.maisquecuidar.com\/loja\/#website","url":"https:\/\/www.maisquecuidar.com\/loja\/","name":"Mais que Cuidar","description":"Sa\u00fade, Ortopedia e Geriatria","publisher":{"@id":"https:\/\/www.maisquecuidar.com\/loja\/#organization"},"potentialAction":[{"@type":"SearchAction","target":{"@type":"EntryPoint","urlTemplate":"https:\/\/www.maisquecuidar.com\/loja\/?s={search_term_string}"},"query-input":{"@type":"PropertyValueSpecification","valueRequired":true,"valueName":"search_term_string"}}],"inLanguage":"pt-PT"},{"@type":"Organization","@id":"https:\/\/www.maisquecuidar.com\/loja\/#organization","name":"Mais Que Cuidar","url":"https:\/\/www.maisquecuidar.com\/loja\/","logo":{"@type":"ImageObject","inLanguage":"pt-PT","@id":"https:\/\/www.maisquecuidar.com\/loja\/#\/schema\/logo\/image\/","url":"https:\/\/img.maisquecuidar.com\/loja\/wp-content\/uploads\/2019\/08\/logo-mais-que-cuidar-retina.png","contentUrl":"https:\/\/img.maisquecuidar.com\/loja\/wp-content\/uploads\/2019\/08\/logo-mais-que-cuidar-retina.png","width":565,"height":75,"caption":"Mais Que Cuidar"},"image":{"@id":"https:\/\/www.maisquecuidar.com\/loja\/#\/schema\/logo\/image\/"},"sameAs":["https:\/\/www.facebook.com\/maisquecuidar.pt","https:\/\/www.instagram.com\/maisquecuidar"]}]}},"_links":{"self":[{"href":"https:\/\/www.maisquecuidar.com\/loja\/wp-json\/wp\/v2\/product\/3895","targetHints":{"allow":["GET"]}}],"collection":[{"href":"https:\/\/www.maisquecuidar.com\/loja\/wp-json\/wp\/v2\/product"}],"about":[{"href":"https:\/\/www.maisquecuidar.com\/loja\/wp-json\/wp\/v2\/types\/product"}],"wp:featuredmedia":[{"embeddable":true,"href":"https:\/\/www.maisquecuidar.com\/loja\/wp-json\/wp\/v2\/media\/15240"}],"wp:attachment":[{"href":"https:\/\/www.maisquecuidar.com\/loja\/wp-json\/wp\/v2\/media?parent=3895"}],"wp:term":[{"taxonomy":"product_brand","embeddable":true,"href":"https:\/\/www.maisquecuidar.com\/loja\/wp-json\/wp\/v2\/product_brand?post=3895"},{"taxonomy":"product_cat","embeddable":true,"href":"https:\/\/www.maisquecuidar.com\/loja\/wp-json\/wp\/v2\/product_cat?post=3895"},{"taxonomy":"product_tag","embeddable":true,"href":"https:\/\/www.maisquecuidar.com\/loja\/wp-json\/wp\/v2\/product_tag?post=3895"}],"curies":[{"name":"wp","href":"https:\/\/api.w.org\/{rel}","templated":true}]}}