{"id":3892,"date":"2016-12-05T18:10:50","date_gmt":"2016-12-05T18:10:50","guid":{"rendered":"https:\/\/www.maisquecuidar.com\/loja\/?post_type=product&#038;p=3892"},"modified":"2026-04-14T20:57:35","modified_gmt":"2026-04-14T19:57:35","slug":"kit-eletrico-viscoelastico","status":"publish","type":"product","link":"https:\/\/www.maisquecuidar.com\/loja\/quarto-conforto-bem-estar\/camas-articuladas\/camas-hospitalares-semi-electricas\/kit-eletrico-viscoelastico","title":{"rendered":"Cama Articulada Kit Semi-El\u00e9trico Viscoel\u00e1stico"},"content":{"rendered":"<p><strong>Cama Articulada e Colch\u00e3o Viscoel\u00e1stico \u2013 Conforto e Preven\u00e7\u00e3o em Cuidados de Sa\u00fade<\/strong><\/p>\n<p>O Kit Semi-El\u00e9trico Viscoel\u00e1stico \u00e9 uma combina\u00e7\u00e3o ideal para aqueles que procuram qualidade e seguran\u00e7a. Vamos descobrir os benef\u00edcios deste conjunto e porque ele \u00e9 uma escolha acertada para cuidados de sa\u00fade domicili\u00e1rios e geriatria.<\/p>\n<p><strong>Cama Hospitalar Semi-El\u00e9trica: Pr\u00e1tica e Segura<\/strong><\/p>\n<p>Com uma robusta estrutura em a\u00e7o macio revestida por uma pintura epoxy de f\u00e1cil higieniza\u00e7\u00e3o, esta cama foi pensada para resistir ao uso di\u00e1rio e garantir uma longa durabilidade. As cabeceiras em melamina faia n\u00e3o s\u00f3 s\u00e3o esteticamente agrad\u00e1veis como oferecem um toque de sofistica\u00e7\u00e3o ao ambiente.<\/p>\n<p>O destaque vai para o estrado articulado, segmentado em tr\u00eas partes. Gra\u00e7as \u00e0s suas r\u00e9guas em faia e ao comando el\u00e9trico, permite ao cuidador ou ao pr\u00f3prio utilizador ajustar a altura da cabeceira e da peseira, garantindo posi\u00e7\u00f5es mais confort\u00e1veis e adequadas. Acrescenta-se ainda a presen\u00e7a das rodas, sendo duas delas com trav\u00e3o, facilitando a movimenta\u00e7\u00e3o da cama.<\/p>\n<p>As guardas laterais em a\u00e7o com pintura epoxy, al\u00e9m de dur\u00e1veis, s\u00e3o de montagem simples e t\u00eam um sistema intuitivo de abertura e fechamento. Estas s\u00e3o essenciais para proporcionar maior seguran\u00e7a ao utilizador, prevenindo poss\u00edveis quedas.<\/p>\n<p><strong>Colch\u00e3o Viscoel\u00e1stico HR 30: Preven\u00e7\u00e3o e Conforto Unificados<\/strong><\/p>\n<p>O colch\u00e3o preventivo de escaras neste kit merece aten\u00e7\u00e3o especial. Composto por duas camadas distintas, a base com 12 cm em espuma de alta resili\u00eancia (HR30) e os superiores 4 cm em espuma viscoel\u00e1stica, cria-se um equil\u00edbrio entre firmeza e adaptabilidade. Estas caracter\u00edsticas tornam-no uma op\u00e7\u00e3o ideal para utilizadores com baixo a m\u00e9dio risco de desenvolver \u00falceras de press\u00e3o, pois ajuda a redistribuir o peso e aliviar pontos de press\u00e3o.<\/p>\n<p>A capa imperme\u00e1vel bi-el\u00e1stica facilita a manuten\u00e7\u00e3o do colch\u00e3o, podendo ser lavada e desinfectada sem complica\u00e7\u00f5es.<\/p>\n<p>Investir em produtos de apoio na sa\u00fade e geriatria \u00e9 sin\u00f3nimo de cuidado e aten\u00e7\u00e3o. Escolher o Kit Semi-El\u00e9trico Viscoel\u00e1stico \u00e9 garantir um repouso de qualidade aliado \u00e0 preven\u00e7\u00e3o de complica\u00e7\u00f5es. Para mais informa\u00e7\u00f5es e op\u00e7\u00f5es em cuidados de sa\u00fade domicili\u00e1rios, mantenha-se atualizado connosco.<\/p>\n","protected":false},"excerpt":{"rendered":"<p>PROMO\u00c7\u00c3O V\u00c1LIDA DE 15 a 21 DE ABRIL DE 2026<\/p>\n<p>*Promo\u00e7\u00e3o Limitada ao Stock Existente<\/p>\n","protected":false},"featured_media":15241,"template":"","meta":{"_acf_changed":false,"neve_meta_sidebar":"","neve_meta_container":"","neve_meta_enable_content_width":"off","neve_meta_content_width":100,"neve_meta_title_alignment":"","neve_meta_author_avatar":"","neve_post_elements_order":"","neve_meta_disable_header":"","neve_meta_disable_footer":"","neve_meta_disable_title":""},"product_brand":[],"product_cat":[327],"product_tag":[717,320,318,328,316,323,329,325,326,708,710,704,714],"class_list":{"0":"post-3892","1":"product","2":"type-product","3":"status-publish","4":"has-post-thumbnail","6":"product_cat-camas-hospitalares-semi-electricas","7":"product_tag-300-600e","8":"product_tag-cama-articulada-para-acamados","9":"product_tag-cama-articulada-para-doentes","10":"product_tag-cama-articulada-semi-eletrica","11":"product_tag-camas-articuladas","12":"product_tag-camas-articuladas-economicas","13":"product_tag-camas-articuladas-eletricas","14":"product_tag-camas-articuladas-para-doentes","15":"product_tag-camas-articuladas-para-idosos","16":"product_tag-eletrica-com-altura-fixa","17":"product_tag-em-metal","18":"product_tag-normal-90-cm","19":"product_tag-viscoelastico-preventivo-de-escaras","21":"first","22":"instock","23":"sale","24":"taxable","25":"shipping-taxable","26":"purchasable","27":"product-type-simple"},"acf":[],"yoast_head":"<!-- This site is optimized with the Yoast SEO plugin v27.4 - https:\/\/yoast.com\/product\/yoast-seo-wordpress\/ -->\n<title>Cama Articulada Kit Semi-El\u00e9ctrico Viscoel\u00e1stico - Mais que Cuidar<\/title>\n<meta name=\"description\" content=\"Conhe\u00e7a o pre\u00e7o e as caracter\u00edsticas da cama articulada hospitalar semi-el\u00e9ctrica com o colch\u00e3o ortop\u00e9dico anti-escaras em viscoel\u00e1stico.\" \/>\n<meta name=\"robots\" content=\"index, follow, max-snippet:-1, max-image-preview:large, max-video-preview:-1\" \/>\n<link rel=\"canonical\" href=\"https:\/\/www.maisquecuidar.com\/loja\/quarto-conforto-bem-estar\/camas-articuladas\/camas-hospitalares-semi-electricas\/kit-eletrico-viscoelastico\" \/>\n<meta property=\"og:locale\" content=\"pt_PT\" \/>\n<meta property=\"og:type\" content=\"article\" \/>\n<meta property=\"og:title\" content=\"Cama Articulada Kit Semi-El\u00e9ctrico Viscoel\u00e1stico - Mais que Cuidar\" \/>\n<meta property=\"og:description\" content=\"Conhe\u00e7a o pre\u00e7o e as caracter\u00edsticas da cama articulada hospitalar semi-el\u00e9ctrica com o colch\u00e3o ortop\u00e9dico anti-escaras em viscoel\u00e1stico.\" \/>\n<meta property=\"og:url\" content=\"https:\/\/www.maisquecuidar.com\/loja\/quarto-conforto-bem-estar\/camas-articuladas\/camas-hospitalares-semi-electricas\/kit-eletrico-viscoelastico\" \/>\n<meta property=\"og:site_name\" content=\"Mais que Cuidar\" \/>\n<meta property=\"article:publisher\" content=\"https:\/\/www.facebook.com\/maisquecuidar.pt\" \/>\n<meta property=\"article:modified_time\" content=\"2026-04-14T19:57:35+00:00\" \/>\n<meta property=\"og:image\" content=\"https:\/\/img.maisquecuidar.com\/loja\/wp-content\/uploads\/2016\/12\/cama-articulada-semi-eletrica-visco.png\" \/>\n\t<meta property=\"og:image:width\" content=\"1280\" \/>\n\t<meta property=\"og:image:height\" content=\"800\" \/>\n\t<meta property=\"og:image:type\" content=\"image\/png\" \/>\n<meta name=\"twitter:label1\" content=\"Tempo estimado de leitura\" \/>\n\t<meta name=\"twitter:data1\" content=\"3 minutos\" \/>\n<script type=\"application\/ld+json\" class=\"yoast-schema-graph\">{\"@context\":\"https:\\\/\\\/schema.org\",\"@graph\":[{\"@type\":\"WebPage\",\"@id\":\"https:\\\/\\\/www.maisquecuidar.com\\\/loja\\\/quarto-conforto-bem-estar\\\/camas-articuladas\\\/camas-hospitalares-semi-electricas\\\/kit-eletrico-viscoelastico\",\"url\":\"https:\\\/\\\/www.maisquecuidar.com\\\/loja\\\/quarto-conforto-bem-estar\\\/camas-articuladas\\\/camas-hospitalares-semi-electricas\\\/kit-eletrico-viscoelastico\",\"name\":\"Cama Articulada Kit Semi-El\u00e9ctrico Viscoel\u00e1stico - Mais que Cuidar\",\"isPartOf\":{\"@id\":\"https:\\\/\\\/www.maisquecuidar.com\\\/loja\\\/#website\"},\"primaryImageOfPage\":{\"@id\":\"https:\\\/\\\/www.maisquecuidar.com\\\/loja\\\/quarto-conforto-bem-estar\\\/camas-articuladas\\\/camas-hospitalares-semi-electricas\\\/kit-eletrico-viscoelastico#primaryimage\"},\"image\":{\"@id\":\"https:\\\/\\\/www.maisquecuidar.com\\\/loja\\\/quarto-conforto-bem-estar\\\/camas-articuladas\\\/camas-hospitalares-semi-electricas\\\/kit-eletrico-viscoelastico#primaryimage\"},\"thumbnailUrl\":\"https:\\\/\\\/img.maisquecuidar.com\\\/loja\\\/wp-content\\\/uploads\\\/2016\\\/12\\\/cama-articulada-semi-eletrica-visco.png\",\"datePublished\":\"2016-12-05T18:10:50+00:00\",\"dateModified\":\"2026-04-14T19:57:35+00:00\",\"description\":\"Conhe\u00e7a o pre\u00e7o e as caracter\u00edsticas da cama articulada hospitalar semi-el\u00e9ctrica com o colch\u00e3o ortop\u00e9dico anti-escaras em viscoel\u00e1stico.\",\"breadcrumb\":{\"@id\":\"https:\\\/\\\/www.maisquecuidar.com\\\/loja\\\/quarto-conforto-bem-estar\\\/camas-articuladas\\\/camas-hospitalares-semi-electricas\\\/kit-eletrico-viscoelastico#breadcrumb\"},\"inLanguage\":\"pt-PT\",\"potentialAction\":[{\"@type\":\"ReadAction\",\"target\":[\"https:\\\/\\\/www.maisquecuidar.com\\\/loja\\\/quarto-conforto-bem-estar\\\/camas-articuladas\\\/camas-hospitalares-semi-electricas\\\/kit-eletrico-viscoelastico\"]}]},{\"@type\":\"ImageObject\",\"inLanguage\":\"pt-PT\",\"@id\":\"https:\\\/\\\/www.maisquecuidar.com\\\/loja\\\/quarto-conforto-bem-estar\\\/camas-articuladas\\\/camas-hospitalares-semi-electricas\\\/kit-eletrico-viscoelastico#primaryimage\",\"url\":\"https:\\\/\\\/img.maisquecuidar.com\\\/loja\\\/wp-content\\\/uploads\\\/2016\\\/12\\\/cama-articulada-semi-eletrica-visco.png\",\"contentUrl\":\"https:\\\/\\\/img.maisquecuidar.com\\\/loja\\\/wp-content\\\/uploads\\\/2016\\\/12\\\/cama-articulada-semi-eletrica-visco.png\",\"width\":1280,\"height\":800,\"caption\":\"Cama articulada el\u00e9ctrica hospitalar com colch\u00e3o viscoel\u00e1stico\"},{\"@type\":\"BreadcrumbList\",\"@id\":\"https:\\\/\\\/www.maisquecuidar.com\\\/loja\\\/quarto-conforto-bem-estar\\\/camas-articuladas\\\/camas-hospitalares-semi-electricas\\\/kit-eletrico-viscoelastico#breadcrumb\",\"itemListElement\":[{\"@type\":\"ListItem\",\"position\":1,\"name\":\"Home\",\"item\":\"https:\\\/\\\/www.maisquecuidar.com\\\/loja\\\/\"},{\"@type\":\"ListItem\",\"position\":2,\"name\":\"Loja Online de Ortopedia e Geriatria em Portugal\",\"item\":\"https:\\\/\\\/www.maisquecuidar.com\\\/loja\\\/loja\"},{\"@type\":\"ListItem\",\"position\":3,\"name\":\"Quarto, Conforto e Bem Estar\",\"item\":\"https:\\\/\\\/www.maisquecuidar.com\\\/loja\\\/quarto-conforto-bem-estar\"},{\"@type\":\"ListItem\",\"position\":4,\"name\":\"Camas Articuladas Hospitalares\",\"item\":\"https:\\\/\\\/www.maisquecuidar.com\\\/loja\\\/quarto-conforto-bem-estar\\\/camas-articuladas\"},{\"@type\":\"ListItem\",\"position\":5,\"name\":\"Camas Articuladas Semi-El\u00e9ctricas\",\"item\":\"https:\\\/\\\/www.maisquecuidar.com\\\/loja\\\/quarto-conforto-bem-estar\\\/camas-articuladas\\\/camas-hospitalares-semi-electricas\"},{\"@type\":\"ListItem\",\"position\":6,\"name\":\"Cama Articulada Kit Semi-El\u00e9trico Viscoel\u00e1stico\"}]},{\"@type\":\"WebSite\",\"@id\":\"https:\\\/\\\/www.maisquecuidar.com\\\/loja\\\/#website\",\"url\":\"https:\\\/\\\/www.maisquecuidar.com\\\/loja\\\/\",\"name\":\"Mais que Cuidar\",\"description\":\"Sa\u00fade, Ortopedia e Geriatria\",\"publisher\":{\"@id\":\"https:\\\/\\\/www.maisquecuidar.com\\\/loja\\\/#organization\"},\"potentialAction\":[{\"@type\":\"SearchAction\",\"target\":{\"@type\":\"EntryPoint\",\"urlTemplate\":\"https:\\\/\\\/www.maisquecuidar.com\\\/loja\\\/?s={search_term_string}\"},\"query-input\":{\"@type\":\"PropertyValueSpecification\",\"valueRequired\":true,\"valueName\":\"search_term_string\"}}],\"inLanguage\":\"pt-PT\"},{\"@type\":\"Organization\",\"@id\":\"https:\\\/\\\/www.maisquecuidar.com\\\/loja\\\/#organization\",\"name\":\"Mais Que Cuidar\",\"url\":\"https:\\\/\\\/www.maisquecuidar.com\\\/loja\\\/\",\"logo\":{\"@type\":\"ImageObject\",\"inLanguage\":\"pt-PT\",\"@id\":\"https:\\\/\\\/www.maisquecuidar.com\\\/loja\\\/#\\\/schema\\\/logo\\\/image\\\/\",\"url\":\"https:\\\/\\\/img.maisquecuidar.com\\\/loja\\\/wp-content\\\/uploads\\\/2019\\\/08\\\/logo-mais-que-cuidar-retina.png\",\"contentUrl\":\"https:\\\/\\\/img.maisquecuidar.com\\\/loja\\\/wp-content\\\/uploads\\\/2019\\\/08\\\/logo-mais-que-cuidar-retina.png\",\"width\":565,\"height\":75,\"caption\":\"Mais Que Cuidar\"},\"image\":{\"@id\":\"https:\\\/\\\/www.maisquecuidar.com\\\/loja\\\/#\\\/schema\\\/logo\\\/image\\\/\"},\"sameAs\":[\"https:\\\/\\\/www.facebook.com\\\/maisquecuidar.pt\",\"https:\\\/\\\/www.instagram.com\\\/maisquecuidar\"]}]}<\/script>\n<!-- \/ Yoast SEO plugin. -->","yoast_head_json":{"title":"Cama Articulada Kit Semi-El\u00e9ctrico Viscoel\u00e1stico - Mais que Cuidar","description":"Conhe\u00e7a o pre\u00e7o e as caracter\u00edsticas da cama articulada hospitalar semi-el\u00e9ctrica com o colch\u00e3o ortop\u00e9dico anti-escaras em viscoel\u00e1stico.","robots":{"index":"index","follow":"follow","max-snippet":"max-snippet:-1","max-image-preview":"max-image-preview:large","max-video-preview":"max-video-preview:-1"},"canonical":"https:\/\/www.maisquecuidar.com\/loja\/quarto-conforto-bem-estar\/camas-articuladas\/camas-hospitalares-semi-electricas\/kit-eletrico-viscoelastico","og_locale":"pt_PT","og_type":"article","og_title":"Cama Articulada Kit Semi-El\u00e9ctrico Viscoel\u00e1stico - Mais que Cuidar","og_description":"Conhe\u00e7a o pre\u00e7o e as caracter\u00edsticas da cama articulada hospitalar semi-el\u00e9ctrica com o colch\u00e3o ortop\u00e9dico anti-escaras em viscoel\u00e1stico.","og_url":"https:\/\/www.maisquecuidar.com\/loja\/quarto-conforto-bem-estar\/camas-articuladas\/camas-hospitalares-semi-electricas\/kit-eletrico-viscoelastico","og_site_name":"Mais que Cuidar","article_publisher":"https:\/\/www.facebook.com\/maisquecuidar.pt","article_modified_time":"2026-04-14T19:57:35+00:00","og_image":[{"width":1280,"height":800,"url":"https:\/\/img.maisquecuidar.com\/loja\/wp-content\/uploads\/2016\/12\/cama-articulada-semi-eletrica-visco.png","type":"image\/png"}],"twitter_misc":{"Tempo estimado de leitura":"3 minutos"},"schema":{"@context":"https:\/\/schema.org","@graph":[{"@type":"WebPage","@id":"https:\/\/www.maisquecuidar.com\/loja\/quarto-conforto-bem-estar\/camas-articuladas\/camas-hospitalares-semi-electricas\/kit-eletrico-viscoelastico","url":"https:\/\/www.maisquecuidar.com\/loja\/quarto-conforto-bem-estar\/camas-articuladas\/camas-hospitalares-semi-electricas\/kit-eletrico-viscoelastico","name":"Cama Articulada Kit Semi-El\u00e9ctrico Viscoel\u00e1stico - Mais que Cuidar","isPartOf":{"@id":"https:\/\/www.maisquecuidar.com\/loja\/#website"},"primaryImageOfPage":{"@id":"https:\/\/www.maisquecuidar.com\/loja\/quarto-conforto-bem-estar\/camas-articuladas\/camas-hospitalares-semi-electricas\/kit-eletrico-viscoelastico#primaryimage"},"image":{"@id":"https:\/\/www.maisquecuidar.com\/loja\/quarto-conforto-bem-estar\/camas-articuladas\/camas-hospitalares-semi-electricas\/kit-eletrico-viscoelastico#primaryimage"},"thumbnailUrl":"https:\/\/img.maisquecuidar.com\/loja\/wp-content\/uploads\/2016\/12\/cama-articulada-semi-eletrica-visco.png","datePublished":"2016-12-05T18:10:50+00:00","dateModified":"2026-04-14T19:57:35+00:00","description":"Conhe\u00e7a o pre\u00e7o e as caracter\u00edsticas da cama articulada hospitalar semi-el\u00e9ctrica com o colch\u00e3o ortop\u00e9dico anti-escaras em viscoel\u00e1stico.","breadcrumb":{"@id":"https:\/\/www.maisquecuidar.com\/loja\/quarto-conforto-bem-estar\/camas-articuladas\/camas-hospitalares-semi-electricas\/kit-eletrico-viscoelastico#breadcrumb"},"inLanguage":"pt-PT","potentialAction":[{"@type":"ReadAction","target":["https:\/\/www.maisquecuidar.com\/loja\/quarto-conforto-bem-estar\/camas-articuladas\/camas-hospitalares-semi-electricas\/kit-eletrico-viscoelastico"]}]},{"@type":"ImageObject","inLanguage":"pt-PT","@id":"https:\/\/www.maisquecuidar.com\/loja\/quarto-conforto-bem-estar\/camas-articuladas\/camas-hospitalares-semi-electricas\/kit-eletrico-viscoelastico#primaryimage","url":"https:\/\/img.maisquecuidar.com\/loja\/wp-content\/uploads\/2016\/12\/cama-articulada-semi-eletrica-visco.png","contentUrl":"https:\/\/img.maisquecuidar.com\/loja\/wp-content\/uploads\/2016\/12\/cama-articulada-semi-eletrica-visco.png","width":1280,"height":800,"caption":"Cama articulada el\u00e9ctrica hospitalar com colch\u00e3o viscoel\u00e1stico"},{"@type":"BreadcrumbList","@id":"https:\/\/www.maisquecuidar.com\/loja\/quarto-conforto-bem-estar\/camas-articuladas\/camas-hospitalares-semi-electricas\/kit-eletrico-viscoelastico#breadcrumb","itemListElement":[{"@type":"ListItem","position":1,"name":"Home","item":"https:\/\/www.maisquecuidar.com\/loja\/"},{"@type":"ListItem","position":2,"name":"Loja Online de Ortopedia e Geriatria em Portugal","item":"https:\/\/www.maisquecuidar.com\/loja\/loja"},{"@type":"ListItem","position":3,"name":"Quarto, Conforto e Bem Estar","item":"https:\/\/www.maisquecuidar.com\/loja\/quarto-conforto-bem-estar"},{"@type":"ListItem","position":4,"name":"Camas Articuladas Hospitalares","item":"https:\/\/www.maisquecuidar.com\/loja\/quarto-conforto-bem-estar\/camas-articuladas"},{"@type":"ListItem","position":5,"name":"Camas Articuladas Semi-El\u00e9ctricas","item":"https:\/\/www.maisquecuidar.com\/loja\/quarto-conforto-bem-estar\/camas-articuladas\/camas-hospitalares-semi-electricas"},{"@type":"ListItem","position":6,"name":"Cama Articulada Kit Semi-El\u00e9trico Viscoel\u00e1stico"}]},{"@type":"WebSite","@id":"https:\/\/www.maisquecuidar.com\/loja\/#website","url":"https:\/\/www.maisquecuidar.com\/loja\/","name":"Mais que Cuidar","description":"Sa\u00fade, Ortopedia e Geriatria","publisher":{"@id":"https:\/\/www.maisquecuidar.com\/loja\/#organization"},"potentialAction":[{"@type":"SearchAction","target":{"@type":"EntryPoint","urlTemplate":"https:\/\/www.maisquecuidar.com\/loja\/?s={search_term_string}"},"query-input":{"@type":"PropertyValueSpecification","valueRequired":true,"valueName":"search_term_string"}}],"inLanguage":"pt-PT"},{"@type":"Organization","@id":"https:\/\/www.maisquecuidar.com\/loja\/#organization","name":"Mais Que Cuidar","url":"https:\/\/www.maisquecuidar.com\/loja\/","logo":{"@type":"ImageObject","inLanguage":"pt-PT","@id":"https:\/\/www.maisquecuidar.com\/loja\/#\/schema\/logo\/image\/","url":"https:\/\/img.maisquecuidar.com\/loja\/wp-content\/uploads\/2019\/08\/logo-mais-que-cuidar-retina.png","contentUrl":"https:\/\/img.maisquecuidar.com\/loja\/wp-content\/uploads\/2019\/08\/logo-mais-que-cuidar-retina.png","width":565,"height":75,"caption":"Mais Que Cuidar"},"image":{"@id":"https:\/\/www.maisquecuidar.com\/loja\/#\/schema\/logo\/image\/"},"sameAs":["https:\/\/www.facebook.com\/maisquecuidar.pt","https:\/\/www.instagram.com\/maisquecuidar"]}]}},"_links":{"self":[{"href":"https:\/\/www.maisquecuidar.com\/loja\/wp-json\/wp\/v2\/product\/3892","targetHints":{"allow":["GET"]}}],"collection":[{"href":"https:\/\/www.maisquecuidar.com\/loja\/wp-json\/wp\/v2\/product"}],"about":[{"href":"https:\/\/www.maisquecuidar.com\/loja\/wp-json\/wp\/v2\/types\/product"}],"wp:featuredmedia":[{"embeddable":true,"href":"https:\/\/www.maisquecuidar.com\/loja\/wp-json\/wp\/v2\/media\/15241"}],"wp:attachment":[{"href":"https:\/\/www.maisquecuidar.com\/loja\/wp-json\/wp\/v2\/media?parent=3892"}],"wp:term":[{"taxonomy":"product_brand","embeddable":true,"href":"https:\/\/www.maisquecuidar.com\/loja\/wp-json\/wp\/v2\/product_brand?post=3892"},{"taxonomy":"product_cat","embeddable":true,"href":"https:\/\/www.maisquecuidar.com\/loja\/wp-json\/wp\/v2\/product_cat?post=3892"},{"taxonomy":"product_tag","embeddable":true,"href":"https:\/\/www.maisquecuidar.com\/loja\/wp-json\/wp\/v2\/product_tag?post=3892"}],"curies":[{"name":"wp","href":"https:\/\/api.w.org\/{rel}","templated":true}]}}