{"id":3888,"date":"2016-12-05T17:54:20","date_gmt":"2016-12-05T17:54:20","guid":{"rendered":"https:\/\/www.maisquecuidar.com\/loja\/?post_type=product&#038;p=3888"},"modified":"2026-04-14T20:57:43","modified_gmt":"2026-04-14T19:57:43","slug":"kit-eletrico-economico","status":"publish","type":"product","link":"https:\/\/www.maisquecuidar.com\/loja\/quarto-conforto-bem-estar\/camas-articuladas\/camas-hospitalares-semi-electricas\/kit-eletrico-economico","title":{"rendered":"Cama Articulada Semi-El\u00e9trica com Colch\u00e3o Hospitalar"},"content":{"rendered":"<p>Cama articulada semi-el\u00e9trica com colch\u00e3o hospitalar \u00e9 uma conjuga\u00e7\u00e3o b\u00e1sica e econ\u00f3mica.<\/p>\n<p>Esta cama ortop\u00e9dica tem a estrutura em a\u00e7o macio com pintura epoxy. \u00c9 f\u00e1cil de limpar e desinfetar.<\/p>\n<p>O estrado tem r\u00e9guas em madeira faia dividido em tr\u00eas partes e tem um motor com comando que permite a regula\u00e7\u00e3o do tronco e dos p\u00e9s. A altura do ch\u00e3o ao estrado \u00e9 fixa.<\/p>\n<p>As cabeceiras s\u00e3o em melamina faia. Os p\u00e9s desta cama t\u00eam altura fixa com rodas, duas delas com trav\u00e3o.<\/p>\n<p>Tem guardas laterais em a\u00e7o com pintura epoxy. Aplicam-se na parte lateral da cama e possuem um sistema de subir e descer f\u00e1cil de utilizar.<\/p>\n<h3>O Colch\u00e3o Hospitalar<\/h3>\n<p><img fetchpriority=\"high\" decoding=\"async\" class=\"alignnone wp-image-14317\" src=\"https:\/\/img.maisquecuidar.com\/loja\/wp-content\/uploads\/2016\/12\/cama-articulada-semi-eletrica-colchao-impermeavel-800x500.jpg\" alt=\"Cama articulada semi-eletrica com colch\u00e3o imperme\u00e1vel\" width=\"342\" height=\"214\" srcset=\"https:\/\/img.maisquecuidar.com\/loja\/wp-content\/uploads\/2016\/12\/cama-articulada-semi-eletrica-colchao-impermeavel-800x500.jpg 800w, https:\/\/img.maisquecuidar.com\/loja\/wp-content\/uploads\/2016\/12\/cama-articulada-semi-eletrica-colchao-impermeavel-380x238.jpg 380w, https:\/\/img.maisquecuidar.com\/loja\/wp-content\/uploads\/2016\/12\/cama-articulada-semi-eletrica-colchao-impermeavel-1024x640.jpg 1024w, https:\/\/img.maisquecuidar.com\/loja\/wp-content\/uploads\/2016\/12\/cama-articulada-semi-eletrica-colchao-impermeavel-768x480.jpg 768w, https:\/\/img.maisquecuidar.com\/loja\/wp-content\/uploads\/2016\/12\/cama-articulada-semi-eletrica-colchao-impermeavel-350x219.jpg 350w, https:\/\/img.maisquecuidar.com\/loja\/wp-content\/uploads\/2016\/12\/cama-articulada-semi-eletrica-colchao-impermeavel.jpg 1280w\" sizes=\"(max-width: 342px) 100vw, 342px\" \/><\/p>\n<ul>\n<li>\u00c9 econ\u00f3mico e muito b\u00e1sico.<\/li>\n<li>Tem espuma de baixa resili\u00eancia com pouca capacidade de suporte do peso do utilizador e pouca efic\u00e1cia no al\u00edvio das press\u00f5es sobre a pele. Num colch\u00e3o deste tipo, recomendamos que o utilizador com risco de fazer feridas ou \u00falceras de press\u00e3o seja posicionado de duas em duas horas.<\/li>\n<li>Possui capa imperme\u00e1vel em tela hospitalar que se limpa com facilidade.<\/li>\n<li><strong>Tem 10 cm de espessura. N\u00e3o recomendamos a sua utiliza\u00e7\u00e3o em pessoas com mais de 80 kgs.<\/strong><\/li>\n<\/ul>\n","protected":false},"excerpt":{"rendered":"<p>PROMO\u00c7\u00c3O V\u00c1LIDA DE 15 a 21 DE ABRIL DE 2026<\/p>\n<p>Kit b\u00e1sico e econ\u00f3mico<\/p>\n","protected":false},"featured_media":15242,"template":"","meta":{"_acf_changed":false,"neve_meta_sidebar":"","neve_meta_container":"","neve_meta_enable_content_width":"off","neve_meta_content_width":100,"neve_meta_title_alignment":"","neve_meta_author_avatar":"","neve_post_elements_order":"","neve_meta_disable_header":"","neve_meta_disable_footer":"","neve_meta_disable_title":""},"product_brand":[],"product_cat":[327],"product_tag":[718,320,318,316,323,325,326,713,708,710,324,704],"class_list":{"0":"post-3888","1":"product","2":"type-product","3":"status-publish","4":"has-post-thumbnail","6":"product_cat-camas-hospitalares-semi-electricas","7":"product_tag-600-900e","8":"product_tag-cama-articulada-para-acamados","9":"product_tag-cama-articulada-para-doentes","10":"product_tag-camas-articuladas","11":"product_tag-camas-articuladas-economicas","12":"product_tag-camas-articuladas-para-doentes","13":"product_tag-camas-articuladas-para-idosos","14":"product_tag-colchao-hospitalar-basico","15":"product_tag-eletrica-com-altura-fixa","16":"product_tag-em-metal","17":"product_tag-kit-manual-economico","18":"product_tag-normal-90-cm","19":"product_shipping_class-ctt","21":"first","22":"instock","23":"sale","24":"taxable","25":"shipping-taxable","26":"purchasable","27":"product-type-simple"},"acf":[],"yoast_head":"<!-- This site is optimized with the Yoast SEO plugin v27.4 - https:\/\/yoast.com\/product\/yoast-seo-wordpress\/ -->\n<title>Cama Articulada Kit El\u00e9ctrico Econ\u00f3mico<\/title>\n<meta name=\"description\" content=\"Descubra o pre\u00e7o e as caracter\u00edsticas da cama articulada semi-el\u00e9ctrica com o colch\u00e3o hospitalar e com as guardas de prote\u00e7\u00e3o lateral. Confira!\" \/>\n<meta name=\"robots\" content=\"index, follow, max-snippet:-1, max-image-preview:large, max-video-preview:-1\" \/>\n<link rel=\"canonical\" href=\"https:\/\/www.maisquecuidar.com\/loja\/quarto-conforto-bem-estar\/camas-articuladas\/camas-hospitalares-semi-electricas\/kit-eletrico-economico\" \/>\n<meta property=\"og:locale\" content=\"pt_PT\" \/>\n<meta property=\"og:type\" content=\"article\" \/>\n<meta property=\"og:title\" content=\"Cama Articulada Kit El\u00e9ctrico Econ\u00f3mico\" \/>\n<meta property=\"og:description\" content=\"Descubra o pre\u00e7o e as caracter\u00edsticas da cama articulada semi-el\u00e9ctrica com o colch\u00e3o hospitalar e com as guardas de prote\u00e7\u00e3o lateral. Confira!\" \/>\n<meta property=\"og:url\" content=\"https:\/\/www.maisquecuidar.com\/loja\/quarto-conforto-bem-estar\/camas-articuladas\/camas-hospitalares-semi-electricas\/kit-eletrico-economico\" \/>\n<meta property=\"og:site_name\" content=\"Mais que Cuidar\" \/>\n<meta property=\"article:publisher\" content=\"https:\/\/www.facebook.com\/maisquecuidar.pt\" \/>\n<meta property=\"article:modified_time\" content=\"2026-04-14T19:57:43+00:00\" \/>\n<meta property=\"og:image\" content=\"https:\/\/img.maisquecuidar.com\/loja\/wp-content\/uploads\/2016\/12\/cama-hospital-semi-eletrica-colchao-hospitalar.png\" \/>\n\t<meta property=\"og:image:width\" content=\"1280\" \/>\n\t<meta property=\"og:image:height\" content=\"800\" \/>\n\t<meta property=\"og:image:type\" content=\"image\/png\" \/>\n<meta name=\"twitter:label1\" content=\"Tempo estimado de leitura\" \/>\n\t<meta name=\"twitter:data1\" content=\"2 minutos\" \/>\n<script type=\"application\/ld+json\" class=\"yoast-schema-graph\">{\"@context\":\"https:\\\/\\\/schema.org\",\"@graph\":[{\"@type\":\"WebPage\",\"@id\":\"https:\\\/\\\/www.maisquecuidar.com\\\/loja\\\/quarto-conforto-bem-estar\\\/camas-articuladas\\\/camas-hospitalares-semi-electricas\\\/kit-eletrico-economico\",\"url\":\"https:\\\/\\\/www.maisquecuidar.com\\\/loja\\\/quarto-conforto-bem-estar\\\/camas-articuladas\\\/camas-hospitalares-semi-electricas\\\/kit-eletrico-economico\",\"name\":\"Cama Articulada Kit El\u00e9ctrico Econ\u00f3mico\",\"isPartOf\":{\"@id\":\"https:\\\/\\\/www.maisquecuidar.com\\\/loja\\\/#website\"},\"primaryImageOfPage\":{\"@id\":\"https:\\\/\\\/www.maisquecuidar.com\\\/loja\\\/quarto-conforto-bem-estar\\\/camas-articuladas\\\/camas-hospitalares-semi-electricas\\\/kit-eletrico-economico#primaryimage\"},\"image\":{\"@id\":\"https:\\\/\\\/www.maisquecuidar.com\\\/loja\\\/quarto-conforto-bem-estar\\\/camas-articuladas\\\/camas-hospitalares-semi-electricas\\\/kit-eletrico-economico#primaryimage\"},\"thumbnailUrl\":\"https:\\\/\\\/img.maisquecuidar.com\\\/loja\\\/wp-content\\\/uploads\\\/2016\\\/12\\\/cama-hospital-semi-eletrica-colchao-hospitalar.png\",\"datePublished\":\"2016-12-05T17:54:20+00:00\",\"dateModified\":\"2026-04-14T19:57:43+00:00\",\"description\":\"Descubra o pre\u00e7o e as caracter\u00edsticas da cama articulada semi-el\u00e9ctrica com o colch\u00e3o hospitalar e com as guardas de prote\u00e7\u00e3o lateral. Confira!\",\"breadcrumb\":{\"@id\":\"https:\\\/\\\/www.maisquecuidar.com\\\/loja\\\/quarto-conforto-bem-estar\\\/camas-articuladas\\\/camas-hospitalares-semi-electricas\\\/kit-eletrico-economico#breadcrumb\"},\"inLanguage\":\"pt-PT\",\"potentialAction\":[{\"@type\":\"ReadAction\",\"target\":[\"https:\\\/\\\/www.maisquecuidar.com\\\/loja\\\/quarto-conforto-bem-estar\\\/camas-articuladas\\\/camas-hospitalares-semi-electricas\\\/kit-eletrico-economico\"]}]},{\"@type\":\"ImageObject\",\"inLanguage\":\"pt-PT\",\"@id\":\"https:\\\/\\\/www.maisquecuidar.com\\\/loja\\\/quarto-conforto-bem-estar\\\/camas-articuladas\\\/camas-hospitalares-semi-electricas\\\/kit-eletrico-economico#primaryimage\",\"url\":\"https:\\\/\\\/img.maisquecuidar.com\\\/loja\\\/wp-content\\\/uploads\\\/2016\\\/12\\\/cama-hospital-semi-eletrica-colchao-hospitalar.png\",\"contentUrl\":\"https:\\\/\\\/img.maisquecuidar.com\\\/loja\\\/wp-content\\\/uploads\\\/2016\\\/12\\\/cama-hospital-semi-eletrica-colchao-hospitalar.png\",\"width\":1280,\"height\":800,\"caption\":\"Cama articulada el\u00e9ctrica ortop\u00e9dica com colch\u00e3o hospitalar\"},{\"@type\":\"BreadcrumbList\",\"@id\":\"https:\\\/\\\/www.maisquecuidar.com\\\/loja\\\/quarto-conforto-bem-estar\\\/camas-articuladas\\\/camas-hospitalares-semi-electricas\\\/kit-eletrico-economico#breadcrumb\",\"itemListElement\":[{\"@type\":\"ListItem\",\"position\":1,\"name\":\"Home\",\"item\":\"https:\\\/\\\/www.maisquecuidar.com\\\/loja\\\/\"},{\"@type\":\"ListItem\",\"position\":2,\"name\":\"Loja Online de Ortopedia e Geriatria em Portugal\",\"item\":\"https:\\\/\\\/www.maisquecuidar.com\\\/loja\\\/loja\"},{\"@type\":\"ListItem\",\"position\":3,\"name\":\"Quarto, Conforto e Bem Estar\",\"item\":\"https:\\\/\\\/www.maisquecuidar.com\\\/loja\\\/quarto-conforto-bem-estar\"},{\"@type\":\"ListItem\",\"position\":4,\"name\":\"Camas Articuladas Hospitalares\",\"item\":\"https:\\\/\\\/www.maisquecuidar.com\\\/loja\\\/quarto-conforto-bem-estar\\\/camas-articuladas\"},{\"@type\":\"ListItem\",\"position\":5,\"name\":\"Camas Articuladas Semi-El\u00e9ctricas\",\"item\":\"https:\\\/\\\/www.maisquecuidar.com\\\/loja\\\/quarto-conforto-bem-estar\\\/camas-articuladas\\\/camas-hospitalares-semi-electricas\"},{\"@type\":\"ListItem\",\"position\":6,\"name\":\"Cama Articulada Semi-El\u00e9trica com Colch\u00e3o Hospitalar\"}]},{\"@type\":\"WebSite\",\"@id\":\"https:\\\/\\\/www.maisquecuidar.com\\\/loja\\\/#website\",\"url\":\"https:\\\/\\\/www.maisquecuidar.com\\\/loja\\\/\",\"name\":\"Mais que Cuidar\",\"description\":\"Sa\u00fade, Ortopedia e Geriatria\",\"publisher\":{\"@id\":\"https:\\\/\\\/www.maisquecuidar.com\\\/loja\\\/#organization\"},\"potentialAction\":[{\"@type\":\"SearchAction\",\"target\":{\"@type\":\"EntryPoint\",\"urlTemplate\":\"https:\\\/\\\/www.maisquecuidar.com\\\/loja\\\/?s={search_term_string}\"},\"query-input\":{\"@type\":\"PropertyValueSpecification\",\"valueRequired\":true,\"valueName\":\"search_term_string\"}}],\"inLanguage\":\"pt-PT\"},{\"@type\":\"Organization\",\"@id\":\"https:\\\/\\\/www.maisquecuidar.com\\\/loja\\\/#organization\",\"name\":\"Mais Que Cuidar\",\"url\":\"https:\\\/\\\/www.maisquecuidar.com\\\/loja\\\/\",\"logo\":{\"@type\":\"ImageObject\",\"inLanguage\":\"pt-PT\",\"@id\":\"https:\\\/\\\/www.maisquecuidar.com\\\/loja\\\/#\\\/schema\\\/logo\\\/image\\\/\",\"url\":\"https:\\\/\\\/img.maisquecuidar.com\\\/loja\\\/wp-content\\\/uploads\\\/2019\\\/08\\\/logo-mais-que-cuidar-retina.png\",\"contentUrl\":\"https:\\\/\\\/img.maisquecuidar.com\\\/loja\\\/wp-content\\\/uploads\\\/2019\\\/08\\\/logo-mais-que-cuidar-retina.png\",\"width\":565,\"height\":75,\"caption\":\"Mais Que Cuidar\"},\"image\":{\"@id\":\"https:\\\/\\\/www.maisquecuidar.com\\\/loja\\\/#\\\/schema\\\/logo\\\/image\\\/\"},\"sameAs\":[\"https:\\\/\\\/www.facebook.com\\\/maisquecuidar.pt\",\"https:\\\/\\\/www.instagram.com\\\/maisquecuidar\"]}]}<\/script>\n<!-- \/ Yoast SEO plugin. -->","yoast_head_json":{"title":"Cama Articulada Kit El\u00e9ctrico Econ\u00f3mico","description":"Descubra o pre\u00e7o e as caracter\u00edsticas da cama articulada semi-el\u00e9ctrica com o colch\u00e3o hospitalar e com as guardas de prote\u00e7\u00e3o lateral. Confira!","robots":{"index":"index","follow":"follow","max-snippet":"max-snippet:-1","max-image-preview":"max-image-preview:large","max-video-preview":"max-video-preview:-1"},"canonical":"https:\/\/www.maisquecuidar.com\/loja\/quarto-conforto-bem-estar\/camas-articuladas\/camas-hospitalares-semi-electricas\/kit-eletrico-economico","og_locale":"pt_PT","og_type":"article","og_title":"Cama Articulada Kit El\u00e9ctrico Econ\u00f3mico","og_description":"Descubra o pre\u00e7o e as caracter\u00edsticas da cama articulada semi-el\u00e9ctrica com o colch\u00e3o hospitalar e com as guardas de prote\u00e7\u00e3o lateral. Confira!","og_url":"https:\/\/www.maisquecuidar.com\/loja\/quarto-conforto-bem-estar\/camas-articuladas\/camas-hospitalares-semi-electricas\/kit-eletrico-economico","og_site_name":"Mais que Cuidar","article_publisher":"https:\/\/www.facebook.com\/maisquecuidar.pt","article_modified_time":"2026-04-14T19:57:43+00:00","og_image":[{"width":1280,"height":800,"url":"https:\/\/img.maisquecuidar.com\/loja\/wp-content\/uploads\/2016\/12\/cama-hospital-semi-eletrica-colchao-hospitalar.png","type":"image\/png"}],"twitter_misc":{"Tempo estimado de leitura":"2 minutos"},"schema":{"@context":"https:\/\/schema.org","@graph":[{"@type":"WebPage","@id":"https:\/\/www.maisquecuidar.com\/loja\/quarto-conforto-bem-estar\/camas-articuladas\/camas-hospitalares-semi-electricas\/kit-eletrico-economico","url":"https:\/\/www.maisquecuidar.com\/loja\/quarto-conforto-bem-estar\/camas-articuladas\/camas-hospitalares-semi-electricas\/kit-eletrico-economico","name":"Cama Articulada Kit El\u00e9ctrico Econ\u00f3mico","isPartOf":{"@id":"https:\/\/www.maisquecuidar.com\/loja\/#website"},"primaryImageOfPage":{"@id":"https:\/\/www.maisquecuidar.com\/loja\/quarto-conforto-bem-estar\/camas-articuladas\/camas-hospitalares-semi-electricas\/kit-eletrico-economico#primaryimage"},"image":{"@id":"https:\/\/www.maisquecuidar.com\/loja\/quarto-conforto-bem-estar\/camas-articuladas\/camas-hospitalares-semi-electricas\/kit-eletrico-economico#primaryimage"},"thumbnailUrl":"https:\/\/img.maisquecuidar.com\/loja\/wp-content\/uploads\/2016\/12\/cama-hospital-semi-eletrica-colchao-hospitalar.png","datePublished":"2016-12-05T17:54:20+00:00","dateModified":"2026-04-14T19:57:43+00:00","description":"Descubra o pre\u00e7o e as caracter\u00edsticas da cama articulada semi-el\u00e9ctrica com o colch\u00e3o hospitalar e com as guardas de prote\u00e7\u00e3o lateral. Confira!","breadcrumb":{"@id":"https:\/\/www.maisquecuidar.com\/loja\/quarto-conforto-bem-estar\/camas-articuladas\/camas-hospitalares-semi-electricas\/kit-eletrico-economico#breadcrumb"},"inLanguage":"pt-PT","potentialAction":[{"@type":"ReadAction","target":["https:\/\/www.maisquecuidar.com\/loja\/quarto-conforto-bem-estar\/camas-articuladas\/camas-hospitalares-semi-electricas\/kit-eletrico-economico"]}]},{"@type":"ImageObject","inLanguage":"pt-PT","@id":"https:\/\/www.maisquecuidar.com\/loja\/quarto-conforto-bem-estar\/camas-articuladas\/camas-hospitalares-semi-electricas\/kit-eletrico-economico#primaryimage","url":"https:\/\/img.maisquecuidar.com\/loja\/wp-content\/uploads\/2016\/12\/cama-hospital-semi-eletrica-colchao-hospitalar.png","contentUrl":"https:\/\/img.maisquecuidar.com\/loja\/wp-content\/uploads\/2016\/12\/cama-hospital-semi-eletrica-colchao-hospitalar.png","width":1280,"height":800,"caption":"Cama articulada el\u00e9ctrica ortop\u00e9dica com colch\u00e3o hospitalar"},{"@type":"BreadcrumbList","@id":"https:\/\/www.maisquecuidar.com\/loja\/quarto-conforto-bem-estar\/camas-articuladas\/camas-hospitalares-semi-electricas\/kit-eletrico-economico#breadcrumb","itemListElement":[{"@type":"ListItem","position":1,"name":"Home","item":"https:\/\/www.maisquecuidar.com\/loja\/"},{"@type":"ListItem","position":2,"name":"Loja Online de Ortopedia e Geriatria em Portugal","item":"https:\/\/www.maisquecuidar.com\/loja\/loja"},{"@type":"ListItem","position":3,"name":"Quarto, Conforto e Bem Estar","item":"https:\/\/www.maisquecuidar.com\/loja\/quarto-conforto-bem-estar"},{"@type":"ListItem","position":4,"name":"Camas Articuladas Hospitalares","item":"https:\/\/www.maisquecuidar.com\/loja\/quarto-conforto-bem-estar\/camas-articuladas"},{"@type":"ListItem","position":5,"name":"Camas Articuladas Semi-El\u00e9ctricas","item":"https:\/\/www.maisquecuidar.com\/loja\/quarto-conforto-bem-estar\/camas-articuladas\/camas-hospitalares-semi-electricas"},{"@type":"ListItem","position":6,"name":"Cama Articulada Semi-El\u00e9trica com Colch\u00e3o Hospitalar"}]},{"@type":"WebSite","@id":"https:\/\/www.maisquecuidar.com\/loja\/#website","url":"https:\/\/www.maisquecuidar.com\/loja\/","name":"Mais que Cuidar","description":"Sa\u00fade, Ortopedia e Geriatria","publisher":{"@id":"https:\/\/www.maisquecuidar.com\/loja\/#organization"},"potentialAction":[{"@type":"SearchAction","target":{"@type":"EntryPoint","urlTemplate":"https:\/\/www.maisquecuidar.com\/loja\/?s={search_term_string}"},"query-input":{"@type":"PropertyValueSpecification","valueRequired":true,"valueName":"search_term_string"}}],"inLanguage":"pt-PT"},{"@type":"Organization","@id":"https:\/\/www.maisquecuidar.com\/loja\/#organization","name":"Mais Que Cuidar","url":"https:\/\/www.maisquecuidar.com\/loja\/","logo":{"@type":"ImageObject","inLanguage":"pt-PT","@id":"https:\/\/www.maisquecuidar.com\/loja\/#\/schema\/logo\/image\/","url":"https:\/\/img.maisquecuidar.com\/loja\/wp-content\/uploads\/2019\/08\/logo-mais-que-cuidar-retina.png","contentUrl":"https:\/\/img.maisquecuidar.com\/loja\/wp-content\/uploads\/2019\/08\/logo-mais-que-cuidar-retina.png","width":565,"height":75,"caption":"Mais Que Cuidar"},"image":{"@id":"https:\/\/www.maisquecuidar.com\/loja\/#\/schema\/logo\/image\/"},"sameAs":["https:\/\/www.facebook.com\/maisquecuidar.pt","https:\/\/www.instagram.com\/maisquecuidar"]}]}},"_links":{"self":[{"href":"https:\/\/www.maisquecuidar.com\/loja\/wp-json\/wp\/v2\/product\/3888","targetHints":{"allow":["GET"]}}],"collection":[{"href":"https:\/\/www.maisquecuidar.com\/loja\/wp-json\/wp\/v2\/product"}],"about":[{"href":"https:\/\/www.maisquecuidar.com\/loja\/wp-json\/wp\/v2\/types\/product"}],"wp:featuredmedia":[{"embeddable":true,"href":"https:\/\/www.maisquecuidar.com\/loja\/wp-json\/wp\/v2\/media\/15242"}],"wp:attachment":[{"href":"https:\/\/www.maisquecuidar.com\/loja\/wp-json\/wp\/v2\/media?parent=3888"}],"wp:term":[{"taxonomy":"product_brand","embeddable":true,"href":"https:\/\/www.maisquecuidar.com\/loja\/wp-json\/wp\/v2\/product_brand?post=3888"},{"taxonomy":"product_cat","embeddable":true,"href":"https:\/\/www.maisquecuidar.com\/loja\/wp-json\/wp\/v2\/product_cat?post=3888"},{"taxonomy":"product_tag","embeddable":true,"href":"https:\/\/www.maisquecuidar.com\/loja\/wp-json\/wp\/v2\/product_tag?post=3888"}],"curies":[{"name":"wp","href":"https:\/\/api.w.org\/{rel}","templated":true}]}}