{"id":3856,"date":"2016-12-05T14:49:52","date_gmt":"2016-12-05T14:49:52","guid":{"rendered":"https:\/\/www.maisquecuidar.com\/loja\/?post_type=product&#038;p=3856"},"modified":"2026-04-14T20:58:55","modified_gmt":"2026-04-14T19:58:55","slug":"kit-manual-economico","status":"publish","type":"product","link":"https:\/\/www.maisquecuidar.com\/loja\/quarto-conforto-bem-estar\/camas-articuladas\/camas-hospitalares-manuais\/kit-manual-economico","title":{"rendered":"Cama Articulada Kit Manual Econ\u00f3mico"},"content":{"rendered":"<p><strong>Cama Articulada Kit Manual Econ\u00f3mico<\/strong><\/p>\n<p>O Kit manual econ\u00f3mico \u00e9 composto por cama articulada manual, pelo colch\u00e3o b\u00e1sico hospitalar e por grades laterais.<\/p>\n<p>\u00c9 uma solu\u00e7\u00e3o bastante econ\u00f3mica e b\u00e1sica para quem procura essencialmente uma cama hospitalar barata.<\/p>\n<p>A cama tem a estrutura em a\u00e7o com pintura epoxy facilmente lav\u00e1vel.<\/p>\n<p>Os estrado tem r\u00e9guas em madeira de faia, \u00e9 divido em tr\u00eas partes e \u00e9 regulado com duas manivelas recolh\u00edveis que est\u00e3o localizadas na zona das peseiras. Atrav\u00e9s delas \u00e9 regulada a altura da zona da cabeceira e dos p\u00e9s.<\/p>\n<p>As cabeceiras desta cama s\u00e3o em melamina faia.<\/p>\n<p>Os p\u00e9s t\u00eam altura fixa com rodas, duas delas com trav\u00e3o.<\/p>\n<p><strong>As grades laterais s\u00e3o em a\u00e7o com pintura epoxy. S\u00e3o colocadas facilmente na parte lateral da cama<\/strong> e t\u00eam um sistema de abrir e fechar muito f\u00e1cil de utilizar.<\/p>\n<h3>Vantagens do colch\u00e3o hospitalar<\/h3>\n<p><img fetchpriority=\"high\" decoding=\"async\" class=\"alignnone wp-image-14078\" src=\"https:\/\/img.maisquecuidar.com\/loja\/wp-content\/uploads\/2016\/12\/cama-articulada-colchao-hospitalar-grades-800x500.jpg\" alt=\"Cama articulada com colch\u00e3o hospitalar e grades laterais\" width=\"303\" height=\"190\" srcset=\"https:\/\/img.maisquecuidar.com\/loja\/wp-content\/uploads\/2016\/12\/cama-articulada-colchao-hospitalar-grades-800x500.jpg 800w, https:\/\/img.maisquecuidar.com\/loja\/wp-content\/uploads\/2016\/12\/cama-articulada-colchao-hospitalar-grades-380x238.jpg 380w, https:\/\/img.maisquecuidar.com\/loja\/wp-content\/uploads\/2016\/12\/cama-articulada-colchao-hospitalar-grades-1024x640.jpg 1024w, https:\/\/img.maisquecuidar.com\/loja\/wp-content\/uploads\/2016\/12\/cama-articulada-colchao-hospitalar-grades-768x480.jpg 768w, https:\/\/img.maisquecuidar.com\/loja\/wp-content\/uploads\/2016\/12\/cama-articulada-colchao-hospitalar-grades-350x219.jpg 350w, https:\/\/img.maisquecuidar.com\/loja\/wp-content\/uploads\/2016\/12\/cama-articulada-colchao-hospitalar-grades.jpg 1280w\" sizes=\"(max-width: 303px) 100vw, 303px\" \/><\/p>\n<ul>\n<li>O colch\u00e3o hospitalar tem capa imperme\u00e1vel em tela hospitalar facilmente lav\u00e1vel.<\/li>\n<li>Tem espuma de baixa resili\u00eancia com 10 cm de altura, que \u00e9 um tipo de espuma mais econ\u00f3mica e com menor qualidade pelo que<strong> n\u00e3o recomendamos a sua utiliza\u00e7\u00e3o em utilizadores com risco de feridas ou que passem muitas horas na cama<\/strong>. Se for o caso, se optar por esta solu\u00e7\u00e3o, recomendamos a utiliza\u00e7\u00e3o de um sobre-colch\u00e3o para proporcionar mais conforto e ajudar no alivio da press\u00e3o sobretudo nas zonas de mais risco de feridas ou \u00falceras. <strong>Em alternativa, recomendamos um colch\u00e3o ortop\u00e9dico com 16 cm de altura com espuma de alta resili\u00eancia e com viscoel\u00e1stico.<\/strong><\/li>\n<\/ul>\n","protected":false},"excerpt":{"rendered":"<p>PROMO\u00c7\u00c3O V\u00c1LIDA DE 15 a 21 DE ABRIL DE 2026<\/p>\n","protected":false},"featured_media":15229,"template":"","meta":{"_acf_changed":false,"neve_meta_sidebar":"","neve_meta_container":"","neve_meta_enable_content_width":"off","neve_meta_content_width":100,"neve_meta_title_alignment":"","neve_meta_author_avatar":"","neve_post_elements_order":"","neve_meta_disable_header":"","neve_meta_disable_footer":"","neve_meta_disable_title":""},"product_brand":[],"product_cat":[315],"product_tag":[717,320,318,316,323,325,326,713,710,324,707,704],"class_list":{"0":"post-3856","1":"product","2":"type-product","3":"status-publish","4":"has-post-thumbnail","6":"product_cat-camas-hospitalares-manuais","7":"product_tag-300-600e","8":"product_tag-cama-articulada-para-acamados","9":"product_tag-cama-articulada-para-doentes","10":"product_tag-camas-articuladas","11":"product_tag-camas-articuladas-economicas","12":"product_tag-camas-articuladas-para-doentes","13":"product_tag-camas-articuladas-para-idosos","14":"product_tag-colchao-hospitalar-basico","15":"product_tag-em-metal","16":"product_tag-kit-manual-economico","17":"product_tag-manual-com-altura-fixa","18":"product_tag-normal-90-cm","20":"first","21":"instock","22":"sale","23":"taxable","24":"shipping-taxable","25":"purchasable","26":"product-type-simple"},"acf":[],"yoast_head":"<!-- This site is optimized with the Yoast SEO plugin v27.4 - https:\/\/yoast.com\/product\/yoast-seo-wordpress\/ -->\n<title>Cama Articulada Hospitalar Kit Manual Econ\u00f3mico<\/title>\n<meta name=\"description\" content=\"Descubra o pre\u00e7o e as caracter\u00edsticas da cama articulada manual ortop\u00e9dica com o colch\u00e3o hospitalar e com as guardas de prote\u00e7\u00e3o lateral.\" \/>\n<meta name=\"robots\" content=\"index, follow, max-snippet:-1, max-image-preview:large, max-video-preview:-1\" \/>\n<link rel=\"canonical\" href=\"https:\/\/www.maisquecuidar.com\/loja\/quarto-conforto-bem-estar\/camas-articuladas\/camas-hospitalares-manuais\/kit-manual-economico\" \/>\n<meta property=\"og:locale\" content=\"pt_PT\" \/>\n<meta property=\"og:type\" content=\"article\" \/>\n<meta property=\"og:title\" content=\"Cama Articulada Hospitalar Kit Manual Econ\u00f3mico\" \/>\n<meta property=\"og:description\" content=\"Descubra o pre\u00e7o e as caracter\u00edsticas da cama articulada manual ortop\u00e9dica com o colch\u00e3o hospitalar e com as guardas de prote\u00e7\u00e3o lateral.\" \/>\n<meta property=\"og:url\" content=\"https:\/\/www.maisquecuidar.com\/loja\/quarto-conforto-bem-estar\/camas-articuladas\/camas-hospitalares-manuais\/kit-manual-economico\" \/>\n<meta property=\"og:site_name\" content=\"Mais que Cuidar\" \/>\n<meta property=\"article:publisher\" content=\"https:\/\/www.facebook.com\/maisquecuidar.pt\" \/>\n<meta property=\"article:modified_time\" content=\"2026-04-14T19:58:55+00:00\" \/>\n<meta property=\"og:image\" content=\"https:\/\/img.maisquecuidar.com\/loja\/wp-content\/uploads\/2016\/12\/cama-articulada-manual-economica.png\" \/>\n\t<meta property=\"og:image:width\" content=\"1280\" \/>\n\t<meta property=\"og:image:height\" content=\"800\" \/>\n\t<meta property=\"og:image:type\" content=\"image\/png\" \/>\n<meta name=\"twitter:label1\" content=\"Tempo estimado de leitura\" \/>\n\t<meta name=\"twitter:data1\" content=\"2 minutos\" \/>\n<script type=\"application\/ld+json\" class=\"yoast-schema-graph\">{\"@context\":\"https:\\\/\\\/schema.org\",\"@graph\":[{\"@type\":\"WebPage\",\"@id\":\"https:\\\/\\\/www.maisquecuidar.com\\\/loja\\\/quarto-conforto-bem-estar\\\/camas-articuladas\\\/camas-hospitalares-manuais\\\/kit-manual-economico\",\"url\":\"https:\\\/\\\/www.maisquecuidar.com\\\/loja\\\/quarto-conforto-bem-estar\\\/camas-articuladas\\\/camas-hospitalares-manuais\\\/kit-manual-economico\",\"name\":\"Cama Articulada Hospitalar Kit Manual Econ\u00f3mico\",\"isPartOf\":{\"@id\":\"https:\\\/\\\/www.maisquecuidar.com\\\/loja\\\/#website\"},\"primaryImageOfPage\":{\"@id\":\"https:\\\/\\\/www.maisquecuidar.com\\\/loja\\\/quarto-conforto-bem-estar\\\/camas-articuladas\\\/camas-hospitalares-manuais\\\/kit-manual-economico#primaryimage\"},\"image\":{\"@id\":\"https:\\\/\\\/www.maisquecuidar.com\\\/loja\\\/quarto-conforto-bem-estar\\\/camas-articuladas\\\/camas-hospitalares-manuais\\\/kit-manual-economico#primaryimage\"},\"thumbnailUrl\":\"https:\\\/\\\/img.maisquecuidar.com\\\/loja\\\/wp-content\\\/uploads\\\/2016\\\/12\\\/cama-articulada-manual-economica.png\",\"datePublished\":\"2016-12-05T14:49:52+00:00\",\"dateModified\":\"2026-04-14T19:58:55+00:00\",\"description\":\"Descubra o pre\u00e7o e as caracter\u00edsticas da cama articulada manual ortop\u00e9dica com o colch\u00e3o hospitalar e com as guardas de prote\u00e7\u00e3o lateral.\",\"breadcrumb\":{\"@id\":\"https:\\\/\\\/www.maisquecuidar.com\\\/loja\\\/quarto-conforto-bem-estar\\\/camas-articuladas\\\/camas-hospitalares-manuais\\\/kit-manual-economico#breadcrumb\"},\"inLanguage\":\"pt-PT\",\"potentialAction\":[{\"@type\":\"ReadAction\",\"target\":[\"https:\\\/\\\/www.maisquecuidar.com\\\/loja\\\/quarto-conforto-bem-estar\\\/camas-articuladas\\\/camas-hospitalares-manuais\\\/kit-manual-economico\"]}]},{\"@type\":\"ImageObject\",\"inLanguage\":\"pt-PT\",\"@id\":\"https:\\\/\\\/www.maisquecuidar.com\\\/loja\\\/quarto-conforto-bem-estar\\\/camas-articuladas\\\/camas-hospitalares-manuais\\\/kit-manual-economico#primaryimage\",\"url\":\"https:\\\/\\\/img.maisquecuidar.com\\\/loja\\\/wp-content\\\/uploads\\\/2016\\\/12\\\/cama-articulada-manual-economica.png\",\"contentUrl\":\"https:\\\/\\\/img.maisquecuidar.com\\\/loja\\\/wp-content\\\/uploads\\\/2016\\\/12\\\/cama-articulada-manual-economica.png\",\"width\":1280,\"height\":800,\"caption\":\"Cama articulada manual barata com colch\u00e3o hospitalar\"},{\"@type\":\"BreadcrumbList\",\"@id\":\"https:\\\/\\\/www.maisquecuidar.com\\\/loja\\\/quarto-conforto-bem-estar\\\/camas-articuladas\\\/camas-hospitalares-manuais\\\/kit-manual-economico#breadcrumb\",\"itemListElement\":[{\"@type\":\"ListItem\",\"position\":1,\"name\":\"Home\",\"item\":\"https:\\\/\\\/www.maisquecuidar.com\\\/loja\\\/\"},{\"@type\":\"ListItem\",\"position\":2,\"name\":\"Loja Online de Ortopedia e Geriatria em Portugal\",\"item\":\"https:\\\/\\\/www.maisquecuidar.com\\\/loja\\\/loja\"},{\"@type\":\"ListItem\",\"position\":3,\"name\":\"Quarto, Conforto e Bem Estar\",\"item\":\"https:\\\/\\\/www.maisquecuidar.com\\\/loja\\\/quarto-conforto-bem-estar\"},{\"@type\":\"ListItem\",\"position\":4,\"name\":\"Camas Articuladas Hospitalares\",\"item\":\"https:\\\/\\\/www.maisquecuidar.com\\\/loja\\\/quarto-conforto-bem-estar\\\/camas-articuladas\"},{\"@type\":\"ListItem\",\"position\":5,\"name\":\"Camas Articuladas Manuais\",\"item\":\"https:\\\/\\\/www.maisquecuidar.com\\\/loja\\\/quarto-conforto-bem-estar\\\/camas-articuladas\\\/camas-hospitalares-manuais\"},{\"@type\":\"ListItem\",\"position\":6,\"name\":\"Cama Articulada Kit Manual Econ\u00f3mico\"}]},{\"@type\":\"WebSite\",\"@id\":\"https:\\\/\\\/www.maisquecuidar.com\\\/loja\\\/#website\",\"url\":\"https:\\\/\\\/www.maisquecuidar.com\\\/loja\\\/\",\"name\":\"Mais que Cuidar\",\"description\":\"Sa\u00fade, Ortopedia e Geriatria\",\"publisher\":{\"@id\":\"https:\\\/\\\/www.maisquecuidar.com\\\/loja\\\/#organization\"},\"potentialAction\":[{\"@type\":\"SearchAction\",\"target\":{\"@type\":\"EntryPoint\",\"urlTemplate\":\"https:\\\/\\\/www.maisquecuidar.com\\\/loja\\\/?s={search_term_string}\"},\"query-input\":{\"@type\":\"PropertyValueSpecification\",\"valueRequired\":true,\"valueName\":\"search_term_string\"}}],\"inLanguage\":\"pt-PT\"},{\"@type\":\"Organization\",\"@id\":\"https:\\\/\\\/www.maisquecuidar.com\\\/loja\\\/#organization\",\"name\":\"Mais Que Cuidar\",\"url\":\"https:\\\/\\\/www.maisquecuidar.com\\\/loja\\\/\",\"logo\":{\"@type\":\"ImageObject\",\"inLanguage\":\"pt-PT\",\"@id\":\"https:\\\/\\\/www.maisquecuidar.com\\\/loja\\\/#\\\/schema\\\/logo\\\/image\\\/\",\"url\":\"https:\\\/\\\/img.maisquecuidar.com\\\/loja\\\/wp-content\\\/uploads\\\/2019\\\/08\\\/logo-mais-que-cuidar-retina.png\",\"contentUrl\":\"https:\\\/\\\/img.maisquecuidar.com\\\/loja\\\/wp-content\\\/uploads\\\/2019\\\/08\\\/logo-mais-que-cuidar-retina.png\",\"width\":565,\"height\":75,\"caption\":\"Mais Que Cuidar\"},\"image\":{\"@id\":\"https:\\\/\\\/www.maisquecuidar.com\\\/loja\\\/#\\\/schema\\\/logo\\\/image\\\/\"},\"sameAs\":[\"https:\\\/\\\/www.facebook.com\\\/maisquecuidar.pt\",\"https:\\\/\\\/www.instagram.com\\\/maisquecuidar\"]}]}<\/script>\n<!-- \/ Yoast SEO plugin. -->","yoast_head_json":{"title":"Cama Articulada Hospitalar Kit Manual Econ\u00f3mico","description":"Descubra o pre\u00e7o e as caracter\u00edsticas da cama articulada manual ortop\u00e9dica com o colch\u00e3o hospitalar e com as guardas de prote\u00e7\u00e3o lateral.","robots":{"index":"index","follow":"follow","max-snippet":"max-snippet:-1","max-image-preview":"max-image-preview:large","max-video-preview":"max-video-preview:-1"},"canonical":"https:\/\/www.maisquecuidar.com\/loja\/quarto-conforto-bem-estar\/camas-articuladas\/camas-hospitalares-manuais\/kit-manual-economico","og_locale":"pt_PT","og_type":"article","og_title":"Cama Articulada Hospitalar Kit Manual Econ\u00f3mico","og_description":"Descubra o pre\u00e7o e as caracter\u00edsticas da cama articulada manual ortop\u00e9dica com o colch\u00e3o hospitalar e com as guardas de prote\u00e7\u00e3o lateral.","og_url":"https:\/\/www.maisquecuidar.com\/loja\/quarto-conforto-bem-estar\/camas-articuladas\/camas-hospitalares-manuais\/kit-manual-economico","og_site_name":"Mais que Cuidar","article_publisher":"https:\/\/www.facebook.com\/maisquecuidar.pt","article_modified_time":"2026-04-14T19:58:55+00:00","og_image":[{"width":1280,"height":800,"url":"https:\/\/img.maisquecuidar.com\/loja\/wp-content\/uploads\/2016\/12\/cama-articulada-manual-economica.png","type":"image\/png"}],"twitter_misc":{"Tempo estimado de leitura":"2 minutos"},"schema":{"@context":"https:\/\/schema.org","@graph":[{"@type":"WebPage","@id":"https:\/\/www.maisquecuidar.com\/loja\/quarto-conforto-bem-estar\/camas-articuladas\/camas-hospitalares-manuais\/kit-manual-economico","url":"https:\/\/www.maisquecuidar.com\/loja\/quarto-conforto-bem-estar\/camas-articuladas\/camas-hospitalares-manuais\/kit-manual-economico","name":"Cama Articulada Hospitalar Kit Manual Econ\u00f3mico","isPartOf":{"@id":"https:\/\/www.maisquecuidar.com\/loja\/#website"},"primaryImageOfPage":{"@id":"https:\/\/www.maisquecuidar.com\/loja\/quarto-conforto-bem-estar\/camas-articuladas\/camas-hospitalares-manuais\/kit-manual-economico#primaryimage"},"image":{"@id":"https:\/\/www.maisquecuidar.com\/loja\/quarto-conforto-bem-estar\/camas-articuladas\/camas-hospitalares-manuais\/kit-manual-economico#primaryimage"},"thumbnailUrl":"https:\/\/img.maisquecuidar.com\/loja\/wp-content\/uploads\/2016\/12\/cama-articulada-manual-economica.png","datePublished":"2016-12-05T14:49:52+00:00","dateModified":"2026-04-14T19:58:55+00:00","description":"Descubra o pre\u00e7o e as caracter\u00edsticas da cama articulada manual ortop\u00e9dica com o colch\u00e3o hospitalar e com as guardas de prote\u00e7\u00e3o lateral.","breadcrumb":{"@id":"https:\/\/www.maisquecuidar.com\/loja\/quarto-conforto-bem-estar\/camas-articuladas\/camas-hospitalares-manuais\/kit-manual-economico#breadcrumb"},"inLanguage":"pt-PT","potentialAction":[{"@type":"ReadAction","target":["https:\/\/www.maisquecuidar.com\/loja\/quarto-conforto-bem-estar\/camas-articuladas\/camas-hospitalares-manuais\/kit-manual-economico"]}]},{"@type":"ImageObject","inLanguage":"pt-PT","@id":"https:\/\/www.maisquecuidar.com\/loja\/quarto-conforto-bem-estar\/camas-articuladas\/camas-hospitalares-manuais\/kit-manual-economico#primaryimage","url":"https:\/\/img.maisquecuidar.com\/loja\/wp-content\/uploads\/2016\/12\/cama-articulada-manual-economica.png","contentUrl":"https:\/\/img.maisquecuidar.com\/loja\/wp-content\/uploads\/2016\/12\/cama-articulada-manual-economica.png","width":1280,"height":800,"caption":"Cama articulada manual barata com colch\u00e3o hospitalar"},{"@type":"BreadcrumbList","@id":"https:\/\/www.maisquecuidar.com\/loja\/quarto-conforto-bem-estar\/camas-articuladas\/camas-hospitalares-manuais\/kit-manual-economico#breadcrumb","itemListElement":[{"@type":"ListItem","position":1,"name":"Home","item":"https:\/\/www.maisquecuidar.com\/loja\/"},{"@type":"ListItem","position":2,"name":"Loja Online de Ortopedia e Geriatria em Portugal","item":"https:\/\/www.maisquecuidar.com\/loja\/loja"},{"@type":"ListItem","position":3,"name":"Quarto, Conforto e Bem Estar","item":"https:\/\/www.maisquecuidar.com\/loja\/quarto-conforto-bem-estar"},{"@type":"ListItem","position":4,"name":"Camas Articuladas Hospitalares","item":"https:\/\/www.maisquecuidar.com\/loja\/quarto-conforto-bem-estar\/camas-articuladas"},{"@type":"ListItem","position":5,"name":"Camas Articuladas Manuais","item":"https:\/\/www.maisquecuidar.com\/loja\/quarto-conforto-bem-estar\/camas-articuladas\/camas-hospitalares-manuais"},{"@type":"ListItem","position":6,"name":"Cama Articulada Kit Manual Econ\u00f3mico"}]},{"@type":"WebSite","@id":"https:\/\/www.maisquecuidar.com\/loja\/#website","url":"https:\/\/www.maisquecuidar.com\/loja\/","name":"Mais que Cuidar","description":"Sa\u00fade, Ortopedia e Geriatria","publisher":{"@id":"https:\/\/www.maisquecuidar.com\/loja\/#organization"},"potentialAction":[{"@type":"SearchAction","target":{"@type":"EntryPoint","urlTemplate":"https:\/\/www.maisquecuidar.com\/loja\/?s={search_term_string}"},"query-input":{"@type":"PropertyValueSpecification","valueRequired":true,"valueName":"search_term_string"}}],"inLanguage":"pt-PT"},{"@type":"Organization","@id":"https:\/\/www.maisquecuidar.com\/loja\/#organization","name":"Mais Que Cuidar","url":"https:\/\/www.maisquecuidar.com\/loja\/","logo":{"@type":"ImageObject","inLanguage":"pt-PT","@id":"https:\/\/www.maisquecuidar.com\/loja\/#\/schema\/logo\/image\/","url":"https:\/\/img.maisquecuidar.com\/loja\/wp-content\/uploads\/2019\/08\/logo-mais-que-cuidar-retina.png","contentUrl":"https:\/\/img.maisquecuidar.com\/loja\/wp-content\/uploads\/2019\/08\/logo-mais-que-cuidar-retina.png","width":565,"height":75,"caption":"Mais Que Cuidar"},"image":{"@id":"https:\/\/www.maisquecuidar.com\/loja\/#\/schema\/logo\/image\/"},"sameAs":["https:\/\/www.facebook.com\/maisquecuidar.pt","https:\/\/www.instagram.com\/maisquecuidar"]}]}},"_links":{"self":[{"href":"https:\/\/www.maisquecuidar.com\/loja\/wp-json\/wp\/v2\/product\/3856","targetHints":{"allow":["GET"]}}],"collection":[{"href":"https:\/\/www.maisquecuidar.com\/loja\/wp-json\/wp\/v2\/product"}],"about":[{"href":"https:\/\/www.maisquecuidar.com\/loja\/wp-json\/wp\/v2\/types\/product"}],"wp:featuredmedia":[{"embeddable":true,"href":"https:\/\/www.maisquecuidar.com\/loja\/wp-json\/wp\/v2\/media\/15229"}],"wp:attachment":[{"href":"https:\/\/www.maisquecuidar.com\/loja\/wp-json\/wp\/v2\/media?parent=3856"}],"wp:term":[{"taxonomy":"product_brand","embeddable":true,"href":"https:\/\/www.maisquecuidar.com\/loja\/wp-json\/wp\/v2\/product_brand?post=3856"},{"taxonomy":"product_cat","embeddable":true,"href":"https:\/\/www.maisquecuidar.com\/loja\/wp-json\/wp\/v2\/product_cat?post=3856"},{"taxonomy":"product_tag","embeddable":true,"href":"https:\/\/www.maisquecuidar.com\/loja\/wp-json\/wp\/v2\/product_tag?post=3856"}],"curies":[{"name":"wp","href":"https:\/\/api.w.org\/{rel}","templated":true}]}}