{"id":3822,"date":"2016-12-04T17:16:33","date_gmt":"2016-12-04T17:16:33","guid":{"rendered":"https:\/\/www.maisquecuidar.com\/loja\/?post_type=product&#038;p=3822"},"modified":"2026-04-07T19:04:16","modified_gmt":"2026-04-07T18:04:16","slug":"cadeira-de-banho-clean","status":"publish","type":"product","link":"https:\/\/www.maisquecuidar.com\/loja\/higiene-casa-banho\/cadeiras-de-banho\/rodas\/cadeira-de-banho-clean","title":{"rendered":"Cadeira de Banho e Sanit\u00e1ria com Rodas Clean Etac"},"content":{"rendered":"<p><strong>Cadeira de Banho e Sanit\u00e1ria com Rodas Clean Etac<\/strong><\/p>\n<p>\u00c9 muito confort\u00e1vel, segura e f\u00e1cil de utilizar. Cada detalhe foi desenvolvido para que qualquer situa\u00e7\u00e3o seja f\u00e1cil para o utilizador e para o cuidador. \u00c9 uma cadeira muito resistente e dur\u00e1vel.<\/p>\n<p>As transfer\u00eancias tamb\u00e9m s\u00e3o mais f\u00e1ceis, confort\u00e1veis e seguras pois os apoios de bra\u00e7os podem ser rapidamente desmontados ou girados para fora bem como os apoios para os p\u00e9s deslizam suavemente sob o assento.<\/p>\n<h3>A destacar:<\/h3>\n<ul>\n<li>F\u00e1cil de manusear e ideal para espa\u00e7os estreitos.<\/li>\n<li>Pode ser utilizada em ambiente dom\u00e9stico ou numa institui\u00e7\u00e3o.<\/li>\n<li>\u00c9 facilmente colocada em qualquer WC.<\/li>\n<li>O assento est\u00e1 aberto na parte de tr\u00e1s, o que facilita a acessibilidade do cuidador para a higiene \u00edntima.<\/li>\n<li>Indicada para utilizadores at\u00e9 130 kgs.<\/li>\n<li>Tem o peso de 14 kgs.<\/li>\n<\/ul>\n<p>&nbsp;<\/p>\n<p>&nbsp;<\/p>\n","protected":false},"excerpt":{"rendered":"<p>PROMO\u00c7\u00c3O V\u00c1LIDA DE 08 a 14 DE ABRIL DE 2026<\/p>\n","protected":false},"featured_media":15559,"template":"","meta":{"_acf_changed":false,"neve_meta_sidebar":"","neve_meta_container":"","neve_meta_enable_content_width":"off","neve_meta_content_width":100,"neve_meta_title_alignment":"","neve_meta_author_avatar":"","neve_post_elements_order":"","neve_meta_disable_header":"","neve_meta_disable_footer":"","neve_meta_disable_title":""},"product_brand":[],"product_cat":[66],"product_tag":[312,294,296,297,311,295],"class_list":{"0":"post-3822","1":"product","2":"type-product","3":"status-publish","4":"has-post-thumbnail","6":"product_cat-rodas","7":"product_tag-cadeira-de-banho-clean","8":"product_tag-cadeira-de-banho-com-rodas","9":"product_tag-cadeira-de-banho-com-rodas-para-doentes","10":"product_tag-cadeira-de-banho-com-rodas-para-idosos","11":"product_tag-cadeira-de-rodas-de-banho-clean","12":"product_tag-cadeiras-de-rodas-de-banho","14":"first","15":"instock","16":"sale","17":"taxable","18":"shipping-taxable","19":"purchasable","20":"product-type-simple"},"acf":[],"yoast_head":"<!-- This site is optimized with the Yoast SEO plugin v27.3 - https:\/\/yoast.com\/product\/yoast-seo-wordpress\/ -->\n<title>Cadeira de Banho e Sanit\u00e1ria com Rodas Clean Etac - Mais que Cuidar<\/title>\n<meta name=\"description\" content=\"A cadeira de banho Clean da marca prestigiada Etac \u00e9 robusta e est\u00e1vel. Tamb\u00e9m \u00e9 confort\u00e1vel, segura e f\u00e1cil de usar. Confira o pre\u00e7o!\" \/>\n<meta name=\"robots\" content=\"index, follow, max-snippet:-1, max-image-preview:large, max-video-preview:-1\" \/>\n<link rel=\"canonical\" href=\"https:\/\/www.maisquecuidar.com\/loja\/higiene-casa-banho\/cadeiras-de-banho\/rodas\/cadeira-de-banho-clean\" \/>\n<meta property=\"og:locale\" content=\"pt_PT\" \/>\n<meta property=\"og:type\" content=\"article\" \/>\n<meta property=\"og:title\" content=\"Cadeira de Banho e Sanit\u00e1ria com Rodas Clean Etac - Mais que Cuidar\" \/>\n<meta property=\"og:description\" content=\"A cadeira de banho Clean da marca prestigiada Etac \u00e9 robusta e est\u00e1vel. Tamb\u00e9m \u00e9 confort\u00e1vel, segura e f\u00e1cil de usar. Confira o pre\u00e7o!\" \/>\n<meta property=\"og:url\" content=\"https:\/\/www.maisquecuidar.com\/loja\/higiene-casa-banho\/cadeiras-de-banho\/rodas\/cadeira-de-banho-clean\" \/>\n<meta property=\"og:site_name\" content=\"Mais que Cuidar\" \/>\n<meta property=\"article:publisher\" content=\"https:\/\/www.facebook.com\/maisquecuidar.pt\" \/>\n<meta property=\"article:modified_time\" content=\"2026-04-07T18:04:16+00:00\" \/>\n<meta property=\"og:image\" content=\"https:\/\/img.maisquecuidar.com\/loja\/wp-content\/uploads\/2016\/12\/clean-cadeira-banho.png\" \/>\n\t<meta property=\"og:image:width\" content=\"1280\" \/>\n\t<meta property=\"og:image:height\" content=\"800\" \/>\n\t<meta property=\"og:image:type\" content=\"image\/png\" \/>\n<meta name=\"twitter:label1\" content=\"Tempo estimado de leitura\" \/>\n\t<meta name=\"twitter:data1\" content=\"1 minuto\" \/>\n<script type=\"application\/ld+json\" class=\"yoast-schema-graph\">{\"@context\":\"https:\\\/\\\/schema.org\",\"@graph\":[{\"@type\":\"WebPage\",\"@id\":\"https:\\\/\\\/www.maisquecuidar.com\\\/loja\\\/higiene-casa-banho\\\/cadeiras-de-banho\\\/rodas\\\/cadeira-de-banho-clean\",\"url\":\"https:\\\/\\\/www.maisquecuidar.com\\\/loja\\\/higiene-casa-banho\\\/cadeiras-de-banho\\\/rodas\\\/cadeira-de-banho-clean\",\"name\":\"Cadeira de Banho e Sanit\u00e1ria com Rodas Clean Etac - Mais que Cuidar\",\"isPartOf\":{\"@id\":\"https:\\\/\\\/www.maisquecuidar.com\\\/loja\\\/#website\"},\"primaryImageOfPage\":{\"@id\":\"https:\\\/\\\/www.maisquecuidar.com\\\/loja\\\/higiene-casa-banho\\\/cadeiras-de-banho\\\/rodas\\\/cadeira-de-banho-clean#primaryimage\"},\"image\":{\"@id\":\"https:\\\/\\\/www.maisquecuidar.com\\\/loja\\\/higiene-casa-banho\\\/cadeiras-de-banho\\\/rodas\\\/cadeira-de-banho-clean#primaryimage\"},\"thumbnailUrl\":\"https:\\\/\\\/img.maisquecuidar.com\\\/loja\\\/wp-content\\\/uploads\\\/2016\\\/12\\\/clean-cadeira-banho.png\",\"datePublished\":\"2016-12-04T17:16:33+00:00\",\"dateModified\":\"2026-04-07T18:04:16+00:00\",\"description\":\"A cadeira de banho Clean da marca prestigiada Etac \u00e9 robusta e est\u00e1vel. Tamb\u00e9m \u00e9 confort\u00e1vel, segura e f\u00e1cil de usar. Confira o pre\u00e7o!\",\"breadcrumb\":{\"@id\":\"https:\\\/\\\/www.maisquecuidar.com\\\/loja\\\/higiene-casa-banho\\\/cadeiras-de-banho\\\/rodas\\\/cadeira-de-banho-clean#breadcrumb\"},\"inLanguage\":\"pt-PT\",\"potentialAction\":[{\"@type\":\"ReadAction\",\"target\":[\"https:\\\/\\\/www.maisquecuidar.com\\\/loja\\\/higiene-casa-banho\\\/cadeiras-de-banho\\\/rodas\\\/cadeira-de-banho-clean\"]}]},{\"@type\":\"ImageObject\",\"inLanguage\":\"pt-PT\",\"@id\":\"https:\\\/\\\/www.maisquecuidar.com\\\/loja\\\/higiene-casa-banho\\\/cadeiras-de-banho\\\/rodas\\\/cadeira-de-banho-clean#primaryimage\",\"url\":\"https:\\\/\\\/img.maisquecuidar.com\\\/loja\\\/wp-content\\\/uploads\\\/2016\\\/12\\\/clean-cadeira-banho.png\",\"contentUrl\":\"https:\\\/\\\/img.maisquecuidar.com\\\/loja\\\/wp-content\\\/uploads\\\/2016\\\/12\\\/clean-cadeira-banho.png\",\"width\":1280,\"height\":800,\"caption\":\"Cadeira de banho e sanit\u00e1ria Clean da Etac\"},{\"@type\":\"BreadcrumbList\",\"@id\":\"https:\\\/\\\/www.maisquecuidar.com\\\/loja\\\/higiene-casa-banho\\\/cadeiras-de-banho\\\/rodas\\\/cadeira-de-banho-clean#breadcrumb\",\"itemListElement\":[{\"@type\":\"ListItem\",\"position\":1,\"name\":\"Home\",\"item\":\"https:\\\/\\\/www.maisquecuidar.com\\\/loja\\\/\"},{\"@type\":\"ListItem\",\"position\":2,\"name\":\"Loja Online de Ortopedia e Geriatria em Portugal\",\"item\":\"https:\\\/\\\/www.maisquecuidar.com\\\/loja\\\/loja\"},{\"@type\":\"ListItem\",\"position\":3,\"name\":\"Higiene e Casa de Banho\",\"item\":\"https:\\\/\\\/www.maisquecuidar.com\\\/loja\\\/higiene-casa-banho\"},{\"@type\":\"ListItem\",\"position\":4,\"name\":\"Cadeiras de Banho\",\"item\":\"https:\\\/\\\/www.maisquecuidar.com\\\/loja\\\/higiene-casa-banho\\\/cadeiras-de-banho\"},{\"@type\":\"ListItem\",\"position\":5,\"name\":\"Cadeiras de Banho com Rodas\",\"item\":\"https:\\\/\\\/www.maisquecuidar.com\\\/loja\\\/higiene-casa-banho\\\/cadeiras-de-banho\\\/rodas\"},{\"@type\":\"ListItem\",\"position\":6,\"name\":\"Cadeira de Banho e Sanit\u00e1ria com Rodas Clean Etac\"}]},{\"@type\":\"WebSite\",\"@id\":\"https:\\\/\\\/www.maisquecuidar.com\\\/loja\\\/#website\",\"url\":\"https:\\\/\\\/www.maisquecuidar.com\\\/loja\\\/\",\"name\":\"Mais que Cuidar\",\"description\":\"Sa\u00fade, Ortopedia e Geriatria\",\"publisher\":{\"@id\":\"https:\\\/\\\/www.maisquecuidar.com\\\/loja\\\/#organization\"},\"potentialAction\":[{\"@type\":\"SearchAction\",\"target\":{\"@type\":\"EntryPoint\",\"urlTemplate\":\"https:\\\/\\\/www.maisquecuidar.com\\\/loja\\\/?s={search_term_string}\"},\"query-input\":{\"@type\":\"PropertyValueSpecification\",\"valueRequired\":true,\"valueName\":\"search_term_string\"}}],\"inLanguage\":\"pt-PT\"},{\"@type\":\"Organization\",\"@id\":\"https:\\\/\\\/www.maisquecuidar.com\\\/loja\\\/#organization\",\"name\":\"Mais Que Cuidar\",\"url\":\"https:\\\/\\\/www.maisquecuidar.com\\\/loja\\\/\",\"logo\":{\"@type\":\"ImageObject\",\"inLanguage\":\"pt-PT\",\"@id\":\"https:\\\/\\\/www.maisquecuidar.com\\\/loja\\\/#\\\/schema\\\/logo\\\/image\\\/\",\"url\":\"https:\\\/\\\/img.maisquecuidar.com\\\/loja\\\/wp-content\\\/uploads\\\/2019\\\/08\\\/logo-mais-que-cuidar-retina.png\",\"contentUrl\":\"https:\\\/\\\/img.maisquecuidar.com\\\/loja\\\/wp-content\\\/uploads\\\/2019\\\/08\\\/logo-mais-que-cuidar-retina.png\",\"width\":565,\"height\":75,\"caption\":\"Mais Que Cuidar\"},\"image\":{\"@id\":\"https:\\\/\\\/www.maisquecuidar.com\\\/loja\\\/#\\\/schema\\\/logo\\\/image\\\/\"},\"sameAs\":[\"https:\\\/\\\/www.facebook.com\\\/maisquecuidar.pt\",\"https:\\\/\\\/www.instagram.com\\\/maisquecuidar\"]}]}<\/script>\n<!-- \/ Yoast SEO plugin. -->","yoast_head_json":{"title":"Cadeira de Banho e Sanit\u00e1ria com Rodas Clean Etac - Mais que Cuidar","description":"A cadeira de banho Clean da marca prestigiada Etac \u00e9 robusta e est\u00e1vel. Tamb\u00e9m \u00e9 confort\u00e1vel, segura e f\u00e1cil de usar. Confira o pre\u00e7o!","robots":{"index":"index","follow":"follow","max-snippet":"max-snippet:-1","max-image-preview":"max-image-preview:large","max-video-preview":"max-video-preview:-1"},"canonical":"https:\/\/www.maisquecuidar.com\/loja\/higiene-casa-banho\/cadeiras-de-banho\/rodas\/cadeira-de-banho-clean","og_locale":"pt_PT","og_type":"article","og_title":"Cadeira de Banho e Sanit\u00e1ria com Rodas Clean Etac - Mais que Cuidar","og_description":"A cadeira de banho Clean da marca prestigiada Etac \u00e9 robusta e est\u00e1vel. Tamb\u00e9m \u00e9 confort\u00e1vel, segura e f\u00e1cil de usar. Confira o pre\u00e7o!","og_url":"https:\/\/www.maisquecuidar.com\/loja\/higiene-casa-banho\/cadeiras-de-banho\/rodas\/cadeira-de-banho-clean","og_site_name":"Mais que Cuidar","article_publisher":"https:\/\/www.facebook.com\/maisquecuidar.pt","article_modified_time":"2026-04-07T18:04:16+00:00","og_image":[{"width":1280,"height":800,"url":"https:\/\/img.maisquecuidar.com\/loja\/wp-content\/uploads\/2016\/12\/clean-cadeira-banho.png","type":"image\/png"}],"twitter_misc":{"Tempo estimado de leitura":"1 minuto"},"schema":{"@context":"https:\/\/schema.org","@graph":[{"@type":"WebPage","@id":"https:\/\/www.maisquecuidar.com\/loja\/higiene-casa-banho\/cadeiras-de-banho\/rodas\/cadeira-de-banho-clean","url":"https:\/\/www.maisquecuidar.com\/loja\/higiene-casa-banho\/cadeiras-de-banho\/rodas\/cadeira-de-banho-clean","name":"Cadeira de Banho e Sanit\u00e1ria com Rodas Clean Etac - Mais que Cuidar","isPartOf":{"@id":"https:\/\/www.maisquecuidar.com\/loja\/#website"},"primaryImageOfPage":{"@id":"https:\/\/www.maisquecuidar.com\/loja\/higiene-casa-banho\/cadeiras-de-banho\/rodas\/cadeira-de-banho-clean#primaryimage"},"image":{"@id":"https:\/\/www.maisquecuidar.com\/loja\/higiene-casa-banho\/cadeiras-de-banho\/rodas\/cadeira-de-banho-clean#primaryimage"},"thumbnailUrl":"https:\/\/img.maisquecuidar.com\/loja\/wp-content\/uploads\/2016\/12\/clean-cadeira-banho.png","datePublished":"2016-12-04T17:16:33+00:00","dateModified":"2026-04-07T18:04:16+00:00","description":"A cadeira de banho Clean da marca prestigiada Etac \u00e9 robusta e est\u00e1vel. Tamb\u00e9m \u00e9 confort\u00e1vel, segura e f\u00e1cil de usar. Confira o pre\u00e7o!","breadcrumb":{"@id":"https:\/\/www.maisquecuidar.com\/loja\/higiene-casa-banho\/cadeiras-de-banho\/rodas\/cadeira-de-banho-clean#breadcrumb"},"inLanguage":"pt-PT","potentialAction":[{"@type":"ReadAction","target":["https:\/\/www.maisquecuidar.com\/loja\/higiene-casa-banho\/cadeiras-de-banho\/rodas\/cadeira-de-banho-clean"]}]},{"@type":"ImageObject","inLanguage":"pt-PT","@id":"https:\/\/www.maisquecuidar.com\/loja\/higiene-casa-banho\/cadeiras-de-banho\/rodas\/cadeira-de-banho-clean#primaryimage","url":"https:\/\/img.maisquecuidar.com\/loja\/wp-content\/uploads\/2016\/12\/clean-cadeira-banho.png","contentUrl":"https:\/\/img.maisquecuidar.com\/loja\/wp-content\/uploads\/2016\/12\/clean-cadeira-banho.png","width":1280,"height":800,"caption":"Cadeira de banho e sanit\u00e1ria Clean da Etac"},{"@type":"BreadcrumbList","@id":"https:\/\/www.maisquecuidar.com\/loja\/higiene-casa-banho\/cadeiras-de-banho\/rodas\/cadeira-de-banho-clean#breadcrumb","itemListElement":[{"@type":"ListItem","position":1,"name":"Home","item":"https:\/\/www.maisquecuidar.com\/loja\/"},{"@type":"ListItem","position":2,"name":"Loja Online de Ortopedia e Geriatria em Portugal","item":"https:\/\/www.maisquecuidar.com\/loja\/loja"},{"@type":"ListItem","position":3,"name":"Higiene e Casa de Banho","item":"https:\/\/www.maisquecuidar.com\/loja\/higiene-casa-banho"},{"@type":"ListItem","position":4,"name":"Cadeiras de Banho","item":"https:\/\/www.maisquecuidar.com\/loja\/higiene-casa-banho\/cadeiras-de-banho"},{"@type":"ListItem","position":5,"name":"Cadeiras de Banho com Rodas","item":"https:\/\/www.maisquecuidar.com\/loja\/higiene-casa-banho\/cadeiras-de-banho\/rodas"},{"@type":"ListItem","position":6,"name":"Cadeira de Banho e Sanit\u00e1ria com Rodas Clean Etac"}]},{"@type":"WebSite","@id":"https:\/\/www.maisquecuidar.com\/loja\/#website","url":"https:\/\/www.maisquecuidar.com\/loja\/","name":"Mais que Cuidar","description":"Sa\u00fade, Ortopedia e Geriatria","publisher":{"@id":"https:\/\/www.maisquecuidar.com\/loja\/#organization"},"potentialAction":[{"@type":"SearchAction","target":{"@type":"EntryPoint","urlTemplate":"https:\/\/www.maisquecuidar.com\/loja\/?s={search_term_string}"},"query-input":{"@type":"PropertyValueSpecification","valueRequired":true,"valueName":"search_term_string"}}],"inLanguage":"pt-PT"},{"@type":"Organization","@id":"https:\/\/www.maisquecuidar.com\/loja\/#organization","name":"Mais Que Cuidar","url":"https:\/\/www.maisquecuidar.com\/loja\/","logo":{"@type":"ImageObject","inLanguage":"pt-PT","@id":"https:\/\/www.maisquecuidar.com\/loja\/#\/schema\/logo\/image\/","url":"https:\/\/img.maisquecuidar.com\/loja\/wp-content\/uploads\/2019\/08\/logo-mais-que-cuidar-retina.png","contentUrl":"https:\/\/img.maisquecuidar.com\/loja\/wp-content\/uploads\/2019\/08\/logo-mais-que-cuidar-retina.png","width":565,"height":75,"caption":"Mais Que Cuidar"},"image":{"@id":"https:\/\/www.maisquecuidar.com\/loja\/#\/schema\/logo\/image\/"},"sameAs":["https:\/\/www.facebook.com\/maisquecuidar.pt","https:\/\/www.instagram.com\/maisquecuidar"]}]}},"_links":{"self":[{"href":"https:\/\/www.maisquecuidar.com\/loja\/wp-json\/wp\/v2\/product\/3822","targetHints":{"allow":["GET"]}}],"collection":[{"href":"https:\/\/www.maisquecuidar.com\/loja\/wp-json\/wp\/v2\/product"}],"about":[{"href":"https:\/\/www.maisquecuidar.com\/loja\/wp-json\/wp\/v2\/types\/product"}],"wp:featuredmedia":[{"embeddable":true,"href":"https:\/\/www.maisquecuidar.com\/loja\/wp-json\/wp\/v2\/media\/15559"}],"wp:attachment":[{"href":"https:\/\/www.maisquecuidar.com\/loja\/wp-json\/wp\/v2\/media?parent=3822"}],"wp:term":[{"taxonomy":"product_brand","embeddable":true,"href":"https:\/\/www.maisquecuidar.com\/loja\/wp-json\/wp\/v2\/product_brand?post=3822"},{"taxonomy":"product_cat","embeddable":true,"href":"https:\/\/www.maisquecuidar.com\/loja\/wp-json\/wp\/v2\/product_cat?post=3822"},{"taxonomy":"product_tag","embeddable":true,"href":"https:\/\/www.maisquecuidar.com\/loja\/wp-json\/wp\/v2\/product_tag?post=3822"}],"curies":[{"name":"wp","href":"https:\/\/api.w.org\/{rel}","templated":true}]}}