{"id":3812,"date":"2016-12-03T19:09:55","date_gmt":"2016-12-03T19:09:55","guid":{"rendered":"https:\/\/www.maisquecuidar.com\/loja\/?post_type=product&#038;p=3812"},"modified":"2026-04-08T16:59:06","modified_gmt":"2026-04-08T15:59:06","slug":"cadeira-de-banho-atlantic","status":"publish","type":"product","link":"https:\/\/www.maisquecuidar.com\/loja\/higiene-casa-banho\/cadeiras-de-banho\/rodas\/cadeira-de-banho-atlantic","title":{"rendered":"Cadeira de Banho e Sanit\u00e1ria Atlantic"},"content":{"rendered":"<p>A cadeira de banho Atlantic fabricada pela marca Orthos XXI, possui fun\u00e7\u00e3o de banho e sanit\u00e1ria, com estrutura em alum\u00ednio anodizado. Apresenta elevada resist\u00eancia e durabilidade, pois n\u00e3o oxida na presen\u00e7a de humidade.<\/p>\n<p>Com assento sanit\u00e1rio anat\u00f3mico em integral Skin, extremamente confort\u00e1vel, com abertura posterior em cunha com tampa. Tamb\u00e9m dispon\u00edvel modelo com assento em ABS azul, com abertura anterior e posterior.<\/p>\n<p>Permite utiliza\u00e7\u00e3o direta sobre o sanit\u00e1rio ou com aparadeira. De f\u00e1cil limpeza. Apoia bra\u00e7os rebat\u00edveis e apoia p\u00e9s destac\u00e1veis com abertura bilateral.<\/p>\n<h3>Caracter\u00edsticas em destaque:<\/h3>\n<ul>\n<li>Ideal para utilizadores com pouca mobilidade.<\/li>\n<li>Evita as idas constantes ao WC.<\/li>\n<li>Rodas de 100 mm de di\u00e2metro, sendo 2 com trav\u00e3o.<\/li>\n<li>Inclui arrastadeira com tampa.<\/li>\n<\/ul>\n","protected":false},"excerpt":{"rendered":"<p>Cadeira de banho e sanit\u00e1ria, em alum\u00ednio, com bastante durabilidade e f\u00e1cil de utilizar.<\/p>\n","protected":false},"featured_media":16029,"template":"","meta":{"_acf_changed":false,"neve_meta_sidebar":"","neve_meta_container":"","neve_meta_enable_content_width":"off","neve_meta_content_width":100,"neve_meta_title_alignment":"","neve_meta_author_avatar":"","neve_post_elements_order":"","neve_meta_disable_header":"","neve_meta_disable_footer":"","neve_meta_disable_title":""},"product_brand":[],"product_cat":[66],"product_tag":[301,294,296,297,302,295],"class_list":{"0":"post-3812","1":"product","2":"type-product","3":"status-publish","4":"has-post-thumbnail","6":"product_cat-rodas","7":"product_tag-cadeira-de-banho-atlantic","8":"product_tag-cadeira-de-banho-com-rodas","9":"product_tag-cadeira-de-banho-com-rodas-para-doentes","10":"product_tag-cadeira-de-banho-com-rodas-para-idosos","11":"product_tag-cadeira-de-rodas-de-banho-atlantic","12":"product_tag-cadeiras-de-rodas-de-banho","14":"first","15":"onbackorder","16":"taxable","17":"shipping-taxable","18":"purchasable","19":"product-type-simple"},"acf":[],"yoast_head":"<!-- This site is optimized with the Yoast SEO plugin v27.3 - https:\/\/yoast.com\/product\/yoast-seo-wordpress\/ -->\n<title>Cadeira de Banho e Sanit\u00e1ria Atlantic - Mais que Cuidar<\/title>\n<meta name=\"description\" content=\"Cadeira de banho e sanit\u00e1ria Atlantic da Orthos XXI. Feita em alum\u00ednio, com bastante durabilidade e f\u00e1cil utiliza\u00e7\u00e3o. Confira o pre\u00e7o!\" \/>\n<meta name=\"robots\" content=\"index, follow, max-snippet:-1, max-image-preview:large, max-video-preview:-1\" \/>\n<link rel=\"canonical\" href=\"https:\/\/www.maisquecuidar.com\/loja\/higiene-casa-banho\/cadeiras-de-banho\/rodas\/cadeira-de-banho-atlantic\" \/>\n<meta property=\"og:locale\" content=\"pt_PT\" \/>\n<meta property=\"og:type\" content=\"article\" \/>\n<meta property=\"og:title\" content=\"Cadeira de Banho e Sanit\u00e1ria Atlantic - Mais que Cuidar\" \/>\n<meta property=\"og:description\" content=\"Cadeira de banho e sanit\u00e1ria Atlantic da Orthos XXI. Feita em alum\u00ednio, com bastante durabilidade e f\u00e1cil utiliza\u00e7\u00e3o. Confira o pre\u00e7o!\" \/>\n<meta property=\"og:url\" content=\"https:\/\/www.maisquecuidar.com\/loja\/higiene-casa-banho\/cadeiras-de-banho\/rodas\/cadeira-de-banho-atlantic\" \/>\n<meta property=\"og:site_name\" content=\"Mais que Cuidar\" \/>\n<meta property=\"article:publisher\" content=\"https:\/\/www.facebook.com\/maisquecuidar.pt\" \/>\n<meta property=\"article:modified_time\" content=\"2026-04-08T15:59:06+00:00\" \/>\n<meta property=\"og:image\" content=\"https:\/\/img.maisquecuidar.com\/loja\/wp-content\/uploads\/2016\/12\/cadeira-atlantic.png\" \/>\n\t<meta property=\"og:image:width\" content=\"1280\" \/>\n\t<meta property=\"og:image:height\" content=\"800\" \/>\n\t<meta property=\"og:image:type\" content=\"image\/png\" \/>\n<meta name=\"twitter:label1\" content=\"Tempo estimado de leitura\" \/>\n\t<meta name=\"twitter:data1\" content=\"1 minuto\" \/>\n<script type=\"application\/ld+json\" class=\"yoast-schema-graph\">{\"@context\":\"https:\\\/\\\/schema.org\",\"@graph\":[{\"@type\":\"WebPage\",\"@id\":\"https:\\\/\\\/www.maisquecuidar.com\\\/loja\\\/higiene-casa-banho\\\/cadeiras-de-banho\\\/rodas\\\/cadeira-de-banho-atlantic\",\"url\":\"https:\\\/\\\/www.maisquecuidar.com\\\/loja\\\/higiene-casa-banho\\\/cadeiras-de-banho\\\/rodas\\\/cadeira-de-banho-atlantic\",\"name\":\"Cadeira de Banho e Sanit\u00e1ria Atlantic - Mais que Cuidar\",\"isPartOf\":{\"@id\":\"https:\\\/\\\/www.maisquecuidar.com\\\/loja\\\/#website\"},\"primaryImageOfPage\":{\"@id\":\"https:\\\/\\\/www.maisquecuidar.com\\\/loja\\\/higiene-casa-banho\\\/cadeiras-de-banho\\\/rodas\\\/cadeira-de-banho-atlantic#primaryimage\"},\"image\":{\"@id\":\"https:\\\/\\\/www.maisquecuidar.com\\\/loja\\\/higiene-casa-banho\\\/cadeiras-de-banho\\\/rodas\\\/cadeira-de-banho-atlantic#primaryimage\"},\"thumbnailUrl\":\"https:\\\/\\\/img.maisquecuidar.com\\\/loja\\\/wp-content\\\/uploads\\\/2016\\\/12\\\/cadeira-atlantic.png\",\"datePublished\":\"2016-12-03T19:09:55+00:00\",\"dateModified\":\"2026-04-08T15:59:06+00:00\",\"description\":\"Cadeira de banho e sanit\u00e1ria Atlantic da Orthos XXI. Feita em alum\u00ednio, com bastante durabilidade e f\u00e1cil utiliza\u00e7\u00e3o. Confira o pre\u00e7o!\",\"breadcrumb\":{\"@id\":\"https:\\\/\\\/www.maisquecuidar.com\\\/loja\\\/higiene-casa-banho\\\/cadeiras-de-banho\\\/rodas\\\/cadeira-de-banho-atlantic#breadcrumb\"},\"inLanguage\":\"pt-PT\",\"potentialAction\":[{\"@type\":\"ReadAction\",\"target\":[\"https:\\\/\\\/www.maisquecuidar.com\\\/loja\\\/higiene-casa-banho\\\/cadeiras-de-banho\\\/rodas\\\/cadeira-de-banho-atlantic\"]}]},{\"@type\":\"ImageObject\",\"inLanguage\":\"pt-PT\",\"@id\":\"https:\\\/\\\/www.maisquecuidar.com\\\/loja\\\/higiene-casa-banho\\\/cadeiras-de-banho\\\/rodas\\\/cadeira-de-banho-atlantic#primaryimage\",\"url\":\"https:\\\/\\\/img.maisquecuidar.com\\\/loja\\\/wp-content\\\/uploads\\\/2016\\\/12\\\/cadeira-atlantic.png\",\"contentUrl\":\"https:\\\/\\\/img.maisquecuidar.com\\\/loja\\\/wp-content\\\/uploads\\\/2016\\\/12\\\/cadeira-atlantic.png\",\"width\":1280,\"height\":800,\"caption\":\"Cadeira de banho e sanit\u00e1ria em aluminio modelo Atlantic da Orthos XXI\"},{\"@type\":\"BreadcrumbList\",\"@id\":\"https:\\\/\\\/www.maisquecuidar.com\\\/loja\\\/higiene-casa-banho\\\/cadeiras-de-banho\\\/rodas\\\/cadeira-de-banho-atlantic#breadcrumb\",\"itemListElement\":[{\"@type\":\"ListItem\",\"position\":1,\"name\":\"Home\",\"item\":\"https:\\\/\\\/www.maisquecuidar.com\\\/loja\\\/\"},{\"@type\":\"ListItem\",\"position\":2,\"name\":\"Loja Online de Ortopedia e Geriatria em Portugal\",\"item\":\"https:\\\/\\\/www.maisquecuidar.com\\\/loja\\\/loja\"},{\"@type\":\"ListItem\",\"position\":3,\"name\":\"Higiene e Casa de Banho\",\"item\":\"https:\\\/\\\/www.maisquecuidar.com\\\/loja\\\/higiene-casa-banho\"},{\"@type\":\"ListItem\",\"position\":4,\"name\":\"Cadeiras de Banho\",\"item\":\"https:\\\/\\\/www.maisquecuidar.com\\\/loja\\\/higiene-casa-banho\\\/cadeiras-de-banho\"},{\"@type\":\"ListItem\",\"position\":5,\"name\":\"Cadeiras de Banho com Rodas\",\"item\":\"https:\\\/\\\/www.maisquecuidar.com\\\/loja\\\/higiene-casa-banho\\\/cadeiras-de-banho\\\/rodas\"},{\"@type\":\"ListItem\",\"position\":6,\"name\":\"Cadeira de Banho e Sanit\u00e1ria Atlantic\"}]},{\"@type\":\"WebSite\",\"@id\":\"https:\\\/\\\/www.maisquecuidar.com\\\/loja\\\/#website\",\"url\":\"https:\\\/\\\/www.maisquecuidar.com\\\/loja\\\/\",\"name\":\"Mais que Cuidar\",\"description\":\"Sa\u00fade, Ortopedia e Geriatria\",\"publisher\":{\"@id\":\"https:\\\/\\\/www.maisquecuidar.com\\\/loja\\\/#organization\"},\"potentialAction\":[{\"@type\":\"SearchAction\",\"target\":{\"@type\":\"EntryPoint\",\"urlTemplate\":\"https:\\\/\\\/www.maisquecuidar.com\\\/loja\\\/?s={search_term_string}\"},\"query-input\":{\"@type\":\"PropertyValueSpecification\",\"valueRequired\":true,\"valueName\":\"search_term_string\"}}],\"inLanguage\":\"pt-PT\"},{\"@type\":\"Organization\",\"@id\":\"https:\\\/\\\/www.maisquecuidar.com\\\/loja\\\/#organization\",\"name\":\"Mais Que Cuidar\",\"url\":\"https:\\\/\\\/www.maisquecuidar.com\\\/loja\\\/\",\"logo\":{\"@type\":\"ImageObject\",\"inLanguage\":\"pt-PT\",\"@id\":\"https:\\\/\\\/www.maisquecuidar.com\\\/loja\\\/#\\\/schema\\\/logo\\\/image\\\/\",\"url\":\"https:\\\/\\\/img.maisquecuidar.com\\\/loja\\\/wp-content\\\/uploads\\\/2019\\\/08\\\/logo-mais-que-cuidar-retina.png\",\"contentUrl\":\"https:\\\/\\\/img.maisquecuidar.com\\\/loja\\\/wp-content\\\/uploads\\\/2019\\\/08\\\/logo-mais-que-cuidar-retina.png\",\"width\":565,\"height\":75,\"caption\":\"Mais Que Cuidar\"},\"image\":{\"@id\":\"https:\\\/\\\/www.maisquecuidar.com\\\/loja\\\/#\\\/schema\\\/logo\\\/image\\\/\"},\"sameAs\":[\"https:\\\/\\\/www.facebook.com\\\/maisquecuidar.pt\",\"https:\\\/\\\/www.instagram.com\\\/maisquecuidar\"]}]}<\/script>\n<!-- \/ Yoast SEO plugin. -->","yoast_head_json":{"title":"Cadeira de Banho e Sanit\u00e1ria Atlantic - Mais que Cuidar","description":"Cadeira de banho e sanit\u00e1ria Atlantic da Orthos XXI. Feita em alum\u00ednio, com bastante durabilidade e f\u00e1cil utiliza\u00e7\u00e3o. Confira o pre\u00e7o!","robots":{"index":"index","follow":"follow","max-snippet":"max-snippet:-1","max-image-preview":"max-image-preview:large","max-video-preview":"max-video-preview:-1"},"canonical":"https:\/\/www.maisquecuidar.com\/loja\/higiene-casa-banho\/cadeiras-de-banho\/rodas\/cadeira-de-banho-atlantic","og_locale":"pt_PT","og_type":"article","og_title":"Cadeira de Banho e Sanit\u00e1ria Atlantic - Mais que Cuidar","og_description":"Cadeira de banho e sanit\u00e1ria Atlantic da Orthos XXI. Feita em alum\u00ednio, com bastante durabilidade e f\u00e1cil utiliza\u00e7\u00e3o. Confira o pre\u00e7o!","og_url":"https:\/\/www.maisquecuidar.com\/loja\/higiene-casa-banho\/cadeiras-de-banho\/rodas\/cadeira-de-banho-atlantic","og_site_name":"Mais que Cuidar","article_publisher":"https:\/\/www.facebook.com\/maisquecuidar.pt","article_modified_time":"2026-04-08T15:59:06+00:00","og_image":[{"width":1280,"height":800,"url":"https:\/\/img.maisquecuidar.com\/loja\/wp-content\/uploads\/2016\/12\/cadeira-atlantic.png","type":"image\/png"}],"twitter_misc":{"Tempo estimado de leitura":"1 minuto"},"schema":{"@context":"https:\/\/schema.org","@graph":[{"@type":"WebPage","@id":"https:\/\/www.maisquecuidar.com\/loja\/higiene-casa-banho\/cadeiras-de-banho\/rodas\/cadeira-de-banho-atlantic","url":"https:\/\/www.maisquecuidar.com\/loja\/higiene-casa-banho\/cadeiras-de-banho\/rodas\/cadeira-de-banho-atlantic","name":"Cadeira de Banho e Sanit\u00e1ria Atlantic - Mais que Cuidar","isPartOf":{"@id":"https:\/\/www.maisquecuidar.com\/loja\/#website"},"primaryImageOfPage":{"@id":"https:\/\/www.maisquecuidar.com\/loja\/higiene-casa-banho\/cadeiras-de-banho\/rodas\/cadeira-de-banho-atlantic#primaryimage"},"image":{"@id":"https:\/\/www.maisquecuidar.com\/loja\/higiene-casa-banho\/cadeiras-de-banho\/rodas\/cadeira-de-banho-atlantic#primaryimage"},"thumbnailUrl":"https:\/\/img.maisquecuidar.com\/loja\/wp-content\/uploads\/2016\/12\/cadeira-atlantic.png","datePublished":"2016-12-03T19:09:55+00:00","dateModified":"2026-04-08T15:59:06+00:00","description":"Cadeira de banho e sanit\u00e1ria Atlantic da Orthos XXI. Feita em alum\u00ednio, com bastante durabilidade e f\u00e1cil utiliza\u00e7\u00e3o. Confira o pre\u00e7o!","breadcrumb":{"@id":"https:\/\/www.maisquecuidar.com\/loja\/higiene-casa-banho\/cadeiras-de-banho\/rodas\/cadeira-de-banho-atlantic#breadcrumb"},"inLanguage":"pt-PT","potentialAction":[{"@type":"ReadAction","target":["https:\/\/www.maisquecuidar.com\/loja\/higiene-casa-banho\/cadeiras-de-banho\/rodas\/cadeira-de-banho-atlantic"]}]},{"@type":"ImageObject","inLanguage":"pt-PT","@id":"https:\/\/www.maisquecuidar.com\/loja\/higiene-casa-banho\/cadeiras-de-banho\/rodas\/cadeira-de-banho-atlantic#primaryimage","url":"https:\/\/img.maisquecuidar.com\/loja\/wp-content\/uploads\/2016\/12\/cadeira-atlantic.png","contentUrl":"https:\/\/img.maisquecuidar.com\/loja\/wp-content\/uploads\/2016\/12\/cadeira-atlantic.png","width":1280,"height":800,"caption":"Cadeira de banho e sanit\u00e1ria em aluminio modelo Atlantic da Orthos XXI"},{"@type":"BreadcrumbList","@id":"https:\/\/www.maisquecuidar.com\/loja\/higiene-casa-banho\/cadeiras-de-banho\/rodas\/cadeira-de-banho-atlantic#breadcrumb","itemListElement":[{"@type":"ListItem","position":1,"name":"Home","item":"https:\/\/www.maisquecuidar.com\/loja\/"},{"@type":"ListItem","position":2,"name":"Loja Online de Ortopedia e Geriatria em Portugal","item":"https:\/\/www.maisquecuidar.com\/loja\/loja"},{"@type":"ListItem","position":3,"name":"Higiene e Casa de Banho","item":"https:\/\/www.maisquecuidar.com\/loja\/higiene-casa-banho"},{"@type":"ListItem","position":4,"name":"Cadeiras de Banho","item":"https:\/\/www.maisquecuidar.com\/loja\/higiene-casa-banho\/cadeiras-de-banho"},{"@type":"ListItem","position":5,"name":"Cadeiras de Banho com Rodas","item":"https:\/\/www.maisquecuidar.com\/loja\/higiene-casa-banho\/cadeiras-de-banho\/rodas"},{"@type":"ListItem","position":6,"name":"Cadeira de Banho e Sanit\u00e1ria Atlantic"}]},{"@type":"WebSite","@id":"https:\/\/www.maisquecuidar.com\/loja\/#website","url":"https:\/\/www.maisquecuidar.com\/loja\/","name":"Mais que Cuidar","description":"Sa\u00fade, Ortopedia e Geriatria","publisher":{"@id":"https:\/\/www.maisquecuidar.com\/loja\/#organization"},"potentialAction":[{"@type":"SearchAction","target":{"@type":"EntryPoint","urlTemplate":"https:\/\/www.maisquecuidar.com\/loja\/?s={search_term_string}"},"query-input":{"@type":"PropertyValueSpecification","valueRequired":true,"valueName":"search_term_string"}}],"inLanguage":"pt-PT"},{"@type":"Organization","@id":"https:\/\/www.maisquecuidar.com\/loja\/#organization","name":"Mais Que Cuidar","url":"https:\/\/www.maisquecuidar.com\/loja\/","logo":{"@type":"ImageObject","inLanguage":"pt-PT","@id":"https:\/\/www.maisquecuidar.com\/loja\/#\/schema\/logo\/image\/","url":"https:\/\/img.maisquecuidar.com\/loja\/wp-content\/uploads\/2019\/08\/logo-mais-que-cuidar-retina.png","contentUrl":"https:\/\/img.maisquecuidar.com\/loja\/wp-content\/uploads\/2019\/08\/logo-mais-que-cuidar-retina.png","width":565,"height":75,"caption":"Mais Que Cuidar"},"image":{"@id":"https:\/\/www.maisquecuidar.com\/loja\/#\/schema\/logo\/image\/"},"sameAs":["https:\/\/www.facebook.com\/maisquecuidar.pt","https:\/\/www.instagram.com\/maisquecuidar"]}]}},"_links":{"self":[{"href":"https:\/\/www.maisquecuidar.com\/loja\/wp-json\/wp\/v2\/product\/3812","targetHints":{"allow":["GET"]}}],"collection":[{"href":"https:\/\/www.maisquecuidar.com\/loja\/wp-json\/wp\/v2\/product"}],"about":[{"href":"https:\/\/www.maisquecuidar.com\/loja\/wp-json\/wp\/v2\/types\/product"}],"wp:featuredmedia":[{"embeddable":true,"href":"https:\/\/www.maisquecuidar.com\/loja\/wp-json\/wp\/v2\/media\/16029"}],"wp:attachment":[{"href":"https:\/\/www.maisquecuidar.com\/loja\/wp-json\/wp\/v2\/media?parent=3812"}],"wp:term":[{"taxonomy":"product_brand","embeddable":true,"href":"https:\/\/www.maisquecuidar.com\/loja\/wp-json\/wp\/v2\/product_brand?post=3812"},{"taxonomy":"product_cat","embeddable":true,"href":"https:\/\/www.maisquecuidar.com\/loja\/wp-json\/wp\/v2\/product_cat?post=3812"},{"taxonomy":"product_tag","embeddable":true,"href":"https:\/\/www.maisquecuidar.com\/loja\/wp-json\/wp\/v2\/product_tag?post=3812"}],"curies":[{"name":"wp","href":"https:\/\/api.w.org\/{rel}","templated":true}]}}