{"id":20062,"date":"2025-10-01T17:37:08","date_gmt":"2025-10-01T16:37:08","guid":{"rendered":"https:\/\/staging.maisquecuidar.com\/?post_type=product&#038;p=20062"},"modified":"2026-05-05T21:04:19","modified_gmt":"2026-05-05T20:04:19","slug":"cadeira-de-rodas-aluminio-marao","status":"publish","type":"product","link":"https:\/\/www.maisquecuidar.com\/loja\/mais-mobilidade\/cadeiras-de-rodas\/manuais\/cadeira-de-rodas-aluminio-marao","title":{"rendered":"Cadeira de Rodas em Alum\u00ednio Mar\u00e3o"},"content":{"rendered":"<p><b>Cadeira de Rodas em Alum\u00ednio Mar\u00e3o<\/b><\/p>\n<p>\u00c9 a escolha ideal para quem procura uma solu\u00e7\u00e3o leve, resistente e f\u00e1cil de manobrar no dia a dia. Com estrutura em alum\u00ednio, esta cadeira foi desenhada a pensar na autonomia e conforto de utilizadores com mobilidade reduzida, sejam idosos, pessoas com incapacidades motoras, ou em processo de reabilita\u00e7\u00e3o.<\/p>\n<p>Dispon\u00edvel em dois modelos \u2013<strong> com rodas traseiras grandes (24&#8243;) e rodas traseiras pequenas (12\u201d)<\/strong> \u2013 adapta-se \u00e0s diferentes necessidades de utiliza\u00e7\u00e3o, tanto em casa como no exterior.<\/p>\n<h3>Benef\u00edcios e Vantagens<\/h3>\n<ul>\n<li aria-level=\"1\"><b>Materiais de qualidade:<\/b> Design ergon\u00f3mico composto por um chassi de alum\u00ednio, que \u00e9 um material leve e resistente que contribui para uma cadeira de rodas dur\u00e1vel. A sua composi\u00e7\u00e3o e estrutura suportam uma carga de peso at\u00e9 135 kg.<\/li>\n<li aria-level=\"1\"><b>Conforto adaptado ao utilizador:<\/b> Dispon\u00edvel com largura de assento de 43 ou 46 cm, com apoios de bra\u00e7os rebat\u00edveis, que facilitam transfer\u00eancias laterais.<\/li>\n<li aria-level=\"1\"><b>Dois tamanhos de rodas traseiras \u00e0 escolha: <\/b><b><i>24\u201d (rodas grandes)<\/i><\/b>: permite ao utilizador movimentar-se de forma independente, usando os bra\u00e7os para impulsionar a cadeira. <b><i>12\u201d (rodas pequenas)<\/i><\/b>: ideal para espa\u00e7os interiores, mais estreita e manobr\u00e1vel com a ajuda de um cuidador<\/li>\n<li aria-level=\"1\"><b>Cinto de Seguran\u00e7a:<\/b> Para prote\u00e7\u00e3o adicional.<\/li>\n<li aria-level=\"1\"><b>Rodas traseiras de extra\u00e7\u00e3o r\u00e1pida:<\/b> em ambos os modelos possui o sistema de extra\u00e7\u00e3o r\u00e1pida das rodas traseiras que facilita o seu transporte ou arruma\u00e7\u00e3o.<\/li>\n<li aria-level=\"1\"><b>Trav\u00e3o de acompanhante na vers\u00e3o rodas 12\u201d:<\/b> nesta vers\u00e3o disp\u00f5e de um trav\u00e3o de acompanhante ou cuidador com fun\u00e7\u00e3o de parqueamento que permite uma maior controlo e seguran\u00e7a na condu\u00e7\u00e3o e estacionamento da cadeira.<\/li>\n<li aria-level=\"1\"><b>Cadeira dobr\u00e1vel:<\/b> Gra\u00e7as ao seu eficiente sistema de dobragem, \u00e9 facilmente armazenada e ocupa menos espa\u00e7o quando se desloca para algum lugar. Excelente deslize e manobrabilidade.<\/li>\n<\/ul>\n<h3>Como Utilizar<\/h3>\n<p>A Cadeira de Rodas Mar\u00e3o pode ser utilizada em diversos contextos:<\/p>\n<ul>\n<li aria-level=\"1\"><b>Autonomia total: <\/b>na vers\u00e3o com rodas de 24\u201d, o utilizador pode deslocar-se sozinho, impulsionando-se com os bra\u00e7os nas rodas traseiras.<\/li>\n<li aria-level=\"1\"><b>Com apoio de cuidador:<\/b> na vers\u00e3o com rodas de 12\u201d, o cuidador conduz a cadeira com facilidade, usando o trav\u00e3o de acompanhante sempre que necess\u00e1rio.<\/li>\n<li aria-level=\"1\"><b>Em casa ou no exterior:<\/b> o design compacto e dobr\u00e1vel torna-a perfeita tanto para interiores (passa facilmente em portas e corredores), como para o transporte em autom\u00f3veis e utiliza\u00e7\u00e3o em espa\u00e7os p\u00fablicos.<\/li>\n<li aria-level=\"1\"><b>Para utilizadores com diferentes necessidades:<\/b> adequada para pessoas idosas, com mobilidade reduzida, paralisia, amputa\u00e7\u00f5es ou em recupera\u00e7\u00e3o de cirurgias.<\/li>\n<\/ul>\n","protected":false},"excerpt":{"rendered":"<p>PROMO\u00c7\u00c3O V\u00c1LIDA DE 06 a 12 DE MAIO DE 2026<\/p>\n<p>*Promo\u00e7\u00e3o Limitada ao Stock Existente<\/p>\n<p>Cadeira de rodas manual leve, dobr\u00e1vel e confort\u00e1vel.<\/p>\n","protected":false},"featured_media":20149,"template":"","meta":{"_acf_changed":false,"neve_meta_sidebar":"","neve_meta_container":"","neve_meta_enable_content_width":"off","neve_meta_content_width":100,"neve_meta_title_alignment":"","neve_meta_author_avatar":"","neve_post_elements_order":"","neve_meta_disable_header":"","neve_meta_disable_footer":"","neve_meta_disable_title":""},"product_brand":[],"product_cat":[82,757],"product_tag":[407,766,767,765,408,780],"class_list":{"0":"post-20062","1":"product","2":"type-product","3":"status-publish","4":"has-post-thumbnail","6":"product_cat-manuais","7":"product_cat-novidades","8":"product_tag-cadeira-de-rodas","9":"product_tag-cadeira-de-rodas-em-aluminio","10":"product_tag-cadeira-de-rodas-leve-e-resistente","11":"product_tag-cadeira-de-rodas-maisquecuidar","12":"product_tag-cadeira-de-rodas-manuais","13":"product_tag-mais-que-cuidar","15":"first","16":"instock","17":"sale","18":"taxable","19":"shipping-taxable","20":"purchasable","21":"product-type-variable"},"acf":[],"yoast_head":"<!-- This site is optimized with the Yoast SEO plugin v27.5 - https:\/\/yoast.com\/product\/yoast-seo-wordpress\/ -->\n<title>Cadeira de Rodas em Alum\u00ednio Mar\u00e3o | Leve e Dobr\u00e1vel<\/title>\n<meta name=\"description\" content=\"A cadeira de rodas Mar\u00e3o \u00e9 leve, dobr\u00e1vel e confort\u00e1vel. Dispon\u00edvel com rodas 12\u201d ou 24\u201d. Ideal para casa ou exterior. Seguran\u00e7a e mobilidade com a Mais Que Cuidar.\" \/>\n<meta name=\"robots\" content=\"index, follow, max-snippet:-1, max-image-preview:large, max-video-preview:-1\" \/>\n<link rel=\"canonical\" href=\"https:\/\/www.maisquecuidar.com\/loja\/mais-mobilidade\/cadeiras-de-rodas\/manuais\/cadeira-de-rodas-aluminio-marao\" \/>\n<meta property=\"og:locale\" content=\"pt_PT\" \/>\n<meta property=\"og:type\" content=\"article\" \/>\n<meta property=\"og:title\" content=\"Cadeira de Rodas em Alum\u00ednio Mar\u00e3o | Leve e Dobr\u00e1vel\" \/>\n<meta property=\"og:description\" content=\"A cadeira de rodas Mar\u00e3o \u00e9 leve, dobr\u00e1vel e confort\u00e1vel. Dispon\u00edvel com rodas 12\u201d ou 24\u201d. Ideal para casa ou exterior. Seguran\u00e7a e mobilidade com a Mais Que Cuidar.\" \/>\n<meta property=\"og:url\" content=\"https:\/\/www.maisquecuidar.com\/loja\/mais-mobilidade\/cadeiras-de-rodas\/manuais\/cadeira-de-rodas-aluminio-marao\" \/>\n<meta property=\"og:site_name\" content=\"Mais que Cuidar\" \/>\n<meta property=\"article:publisher\" content=\"https:\/\/www.facebook.com\/maisquecuidar.pt\" \/>\n<meta property=\"article:modified_time\" content=\"2026-05-05T20:04:19+00:00\" \/>\n<meta property=\"og:image\" content=\"https:\/\/img.maisquecuidar.com\/loja\/wp-content\/uploads\/2025\/10\/cadeira-rodas-marao-R24.jpg\" \/>\n\t<meta property=\"og:image:width\" content=\"1280\" \/>\n\t<meta property=\"og:image:height\" content=\"800\" \/>\n\t<meta property=\"og:image:type\" content=\"image\/jpeg\" \/>\n<meta name=\"twitter:label1\" content=\"Tempo estimado de leitura\" \/>\n\t<meta name=\"twitter:data1\" content=\"3 minutos\" \/>\n<script type=\"application\/ld+json\" class=\"yoast-schema-graph\">{\"@context\":\"https:\\\/\\\/schema.org\",\"@graph\":[{\"@type\":\"WebPage\",\"@id\":\"https:\\\/\\\/www.maisquecuidar.com\\\/loja\\\/mais-mobilidade\\\/cadeiras-de-rodas\\\/manuais\\\/cadeira-de-rodas-aluminio-marao\",\"url\":\"https:\\\/\\\/www.maisquecuidar.com\\\/loja\\\/mais-mobilidade\\\/cadeiras-de-rodas\\\/manuais\\\/cadeira-de-rodas-aluminio-marao\",\"name\":\"Cadeira de Rodas em Alum\u00ednio Mar\u00e3o | Leve e Dobr\u00e1vel\",\"isPartOf\":{\"@id\":\"https:\\\/\\\/www.maisquecuidar.com\\\/loja\\\/#website\"},\"primaryImageOfPage\":{\"@id\":\"https:\\\/\\\/www.maisquecuidar.com\\\/loja\\\/mais-mobilidade\\\/cadeiras-de-rodas\\\/manuais\\\/cadeira-de-rodas-aluminio-marao#primaryimage\"},\"image\":{\"@id\":\"https:\\\/\\\/www.maisquecuidar.com\\\/loja\\\/mais-mobilidade\\\/cadeiras-de-rodas\\\/manuais\\\/cadeira-de-rodas-aluminio-marao#primaryimage\"},\"thumbnailUrl\":\"https:\\\/\\\/img.maisquecuidar.com\\\/loja\\\/wp-content\\\/uploads\\\/2025\\\/10\\\/cadeira-rodas-marao-R24.jpg\",\"datePublished\":\"2025-10-01T16:37:08+00:00\",\"dateModified\":\"2026-05-05T20:04:19+00:00\",\"description\":\"A cadeira de rodas Mar\u00e3o \u00e9 leve, dobr\u00e1vel e confort\u00e1vel. Dispon\u00edvel com rodas 12\u201d ou 24\u201d. Ideal para casa ou exterior. Seguran\u00e7a e mobilidade com a Mais Que Cuidar.\",\"breadcrumb\":{\"@id\":\"https:\\\/\\\/www.maisquecuidar.com\\\/loja\\\/mais-mobilidade\\\/cadeiras-de-rodas\\\/manuais\\\/cadeira-de-rodas-aluminio-marao#breadcrumb\"},\"inLanguage\":\"pt-PT\",\"potentialAction\":[{\"@type\":\"ReadAction\",\"target\":[\"https:\\\/\\\/www.maisquecuidar.com\\\/loja\\\/mais-mobilidade\\\/cadeiras-de-rodas\\\/manuais\\\/cadeira-de-rodas-aluminio-marao\"]}]},{\"@type\":\"ImageObject\",\"inLanguage\":\"pt-PT\",\"@id\":\"https:\\\/\\\/www.maisquecuidar.com\\\/loja\\\/mais-mobilidade\\\/cadeiras-de-rodas\\\/manuais\\\/cadeira-de-rodas-aluminio-marao#primaryimage\",\"url\":\"https:\\\/\\\/img.maisquecuidar.com\\\/loja\\\/wp-content\\\/uploads\\\/2025\\\/10\\\/cadeira-rodas-marao-R24.jpg\",\"contentUrl\":\"https:\\\/\\\/img.maisquecuidar.com\\\/loja\\\/wp-content\\\/uploads\\\/2025\\\/10\\\/cadeira-rodas-marao-R24.jpg\",\"width\":1280,\"height\":800},{\"@type\":\"BreadcrumbList\",\"@id\":\"https:\\\/\\\/www.maisquecuidar.com\\\/loja\\\/mais-mobilidade\\\/cadeiras-de-rodas\\\/manuais\\\/cadeira-de-rodas-aluminio-marao#breadcrumb\",\"itemListElement\":[{\"@type\":\"ListItem\",\"position\":1,\"name\":\"Home\",\"item\":\"https:\\\/\\\/www.maisquecuidar.com\\\/loja\\\/\"},{\"@type\":\"ListItem\",\"position\":2,\"name\":\"Loja Online de Ortopedia e Geriatria em Portugal\",\"item\":\"https:\\\/\\\/www.maisquecuidar.com\\\/loja\\\/loja\"},{\"@type\":\"ListItem\",\"position\":3,\"name\":\"Mais Mobilidade\",\"item\":\"https:\\\/\\\/www.maisquecuidar.com\\\/loja\\\/mais-mobilidade\"},{\"@type\":\"ListItem\",\"position\":4,\"name\":\"Cadeiras de Rodas\",\"item\":\"https:\\\/\\\/www.maisquecuidar.com\\\/loja\\\/mais-mobilidade\\\/cadeiras-de-rodas\"},{\"@type\":\"ListItem\",\"position\":5,\"name\":\"Cadeiras de Rodas Manuais\",\"item\":\"https:\\\/\\\/www.maisquecuidar.com\\\/loja\\\/mais-mobilidade\\\/cadeiras-de-rodas\\\/manuais\"},{\"@type\":\"ListItem\",\"position\":6,\"name\":\"Cadeira de Rodas em Alum\u00ednio Mar\u00e3o\"}]},{\"@type\":\"WebSite\",\"@id\":\"https:\\\/\\\/www.maisquecuidar.com\\\/loja\\\/#website\",\"url\":\"https:\\\/\\\/www.maisquecuidar.com\\\/loja\\\/\",\"name\":\"Mais que Cuidar\",\"description\":\"Sa\u00fade, Ortopedia e Geriatria\",\"publisher\":{\"@id\":\"https:\\\/\\\/www.maisquecuidar.com\\\/loja\\\/#organization\"},\"potentialAction\":[{\"@type\":\"SearchAction\",\"target\":{\"@type\":\"EntryPoint\",\"urlTemplate\":\"https:\\\/\\\/www.maisquecuidar.com\\\/loja\\\/?s={search_term_string}\"},\"query-input\":{\"@type\":\"PropertyValueSpecification\",\"valueRequired\":true,\"valueName\":\"search_term_string\"}}],\"inLanguage\":\"pt-PT\"},{\"@type\":\"Organization\",\"@id\":\"https:\\\/\\\/www.maisquecuidar.com\\\/loja\\\/#organization\",\"name\":\"Mais Que Cuidar\",\"url\":\"https:\\\/\\\/www.maisquecuidar.com\\\/loja\\\/\",\"logo\":{\"@type\":\"ImageObject\",\"inLanguage\":\"pt-PT\",\"@id\":\"https:\\\/\\\/www.maisquecuidar.com\\\/loja\\\/#\\\/schema\\\/logo\\\/image\\\/\",\"url\":\"https:\\\/\\\/img.maisquecuidar.com\\\/loja\\\/wp-content\\\/uploads\\\/2019\\\/08\\\/logo-mais-que-cuidar-retina.png\",\"contentUrl\":\"https:\\\/\\\/img.maisquecuidar.com\\\/loja\\\/wp-content\\\/uploads\\\/2019\\\/08\\\/logo-mais-que-cuidar-retina.png\",\"width\":565,\"height\":75,\"caption\":\"Mais Que Cuidar\"},\"image\":{\"@id\":\"https:\\\/\\\/www.maisquecuidar.com\\\/loja\\\/#\\\/schema\\\/logo\\\/image\\\/\"},\"sameAs\":[\"https:\\\/\\\/www.facebook.com\\\/maisquecuidar.pt\",\"https:\\\/\\\/www.instagram.com\\\/maisquecuidar\"]}]}<\/script>\n<!-- \/ Yoast SEO plugin. -->","yoast_head_json":{"title":"Cadeira de Rodas em Alum\u00ednio Mar\u00e3o | Leve e Dobr\u00e1vel","description":"A cadeira de rodas Mar\u00e3o \u00e9 leve, dobr\u00e1vel e confort\u00e1vel. Dispon\u00edvel com rodas 12\u201d ou 24\u201d. Ideal para casa ou exterior. Seguran\u00e7a e mobilidade com a Mais Que Cuidar.","robots":{"index":"index","follow":"follow","max-snippet":"max-snippet:-1","max-image-preview":"max-image-preview:large","max-video-preview":"max-video-preview:-1"},"canonical":"https:\/\/www.maisquecuidar.com\/loja\/mais-mobilidade\/cadeiras-de-rodas\/manuais\/cadeira-de-rodas-aluminio-marao","og_locale":"pt_PT","og_type":"article","og_title":"Cadeira de Rodas em Alum\u00ednio Mar\u00e3o | Leve e Dobr\u00e1vel","og_description":"A cadeira de rodas Mar\u00e3o \u00e9 leve, dobr\u00e1vel e confort\u00e1vel. Dispon\u00edvel com rodas 12\u201d ou 24\u201d. Ideal para casa ou exterior. Seguran\u00e7a e mobilidade com a Mais Que Cuidar.","og_url":"https:\/\/www.maisquecuidar.com\/loja\/mais-mobilidade\/cadeiras-de-rodas\/manuais\/cadeira-de-rodas-aluminio-marao","og_site_name":"Mais que Cuidar","article_publisher":"https:\/\/www.facebook.com\/maisquecuidar.pt","article_modified_time":"2026-05-05T20:04:19+00:00","og_image":[{"width":1280,"height":800,"url":"https:\/\/img.maisquecuidar.com\/loja\/wp-content\/uploads\/2025\/10\/cadeira-rodas-marao-R24.jpg","type":"image\/jpeg"}],"twitter_misc":{"Tempo estimado de leitura":"3 minutos"},"schema":{"@context":"https:\/\/schema.org","@graph":[{"@type":"WebPage","@id":"https:\/\/www.maisquecuidar.com\/loja\/mais-mobilidade\/cadeiras-de-rodas\/manuais\/cadeira-de-rodas-aluminio-marao","url":"https:\/\/www.maisquecuidar.com\/loja\/mais-mobilidade\/cadeiras-de-rodas\/manuais\/cadeira-de-rodas-aluminio-marao","name":"Cadeira de Rodas em Alum\u00ednio Mar\u00e3o | Leve e Dobr\u00e1vel","isPartOf":{"@id":"https:\/\/www.maisquecuidar.com\/loja\/#website"},"primaryImageOfPage":{"@id":"https:\/\/www.maisquecuidar.com\/loja\/mais-mobilidade\/cadeiras-de-rodas\/manuais\/cadeira-de-rodas-aluminio-marao#primaryimage"},"image":{"@id":"https:\/\/www.maisquecuidar.com\/loja\/mais-mobilidade\/cadeiras-de-rodas\/manuais\/cadeira-de-rodas-aluminio-marao#primaryimage"},"thumbnailUrl":"https:\/\/img.maisquecuidar.com\/loja\/wp-content\/uploads\/2025\/10\/cadeira-rodas-marao-R24.jpg","datePublished":"2025-10-01T16:37:08+00:00","dateModified":"2026-05-05T20:04:19+00:00","description":"A cadeira de rodas Mar\u00e3o \u00e9 leve, dobr\u00e1vel e confort\u00e1vel. Dispon\u00edvel com rodas 12\u201d ou 24\u201d. Ideal para casa ou exterior. Seguran\u00e7a e mobilidade com a Mais Que Cuidar.","breadcrumb":{"@id":"https:\/\/www.maisquecuidar.com\/loja\/mais-mobilidade\/cadeiras-de-rodas\/manuais\/cadeira-de-rodas-aluminio-marao#breadcrumb"},"inLanguage":"pt-PT","potentialAction":[{"@type":"ReadAction","target":["https:\/\/www.maisquecuidar.com\/loja\/mais-mobilidade\/cadeiras-de-rodas\/manuais\/cadeira-de-rodas-aluminio-marao"]}]},{"@type":"ImageObject","inLanguage":"pt-PT","@id":"https:\/\/www.maisquecuidar.com\/loja\/mais-mobilidade\/cadeiras-de-rodas\/manuais\/cadeira-de-rodas-aluminio-marao#primaryimage","url":"https:\/\/img.maisquecuidar.com\/loja\/wp-content\/uploads\/2025\/10\/cadeira-rodas-marao-R24.jpg","contentUrl":"https:\/\/img.maisquecuidar.com\/loja\/wp-content\/uploads\/2025\/10\/cadeira-rodas-marao-R24.jpg","width":1280,"height":800},{"@type":"BreadcrumbList","@id":"https:\/\/www.maisquecuidar.com\/loja\/mais-mobilidade\/cadeiras-de-rodas\/manuais\/cadeira-de-rodas-aluminio-marao#breadcrumb","itemListElement":[{"@type":"ListItem","position":1,"name":"Home","item":"https:\/\/www.maisquecuidar.com\/loja\/"},{"@type":"ListItem","position":2,"name":"Loja Online de Ortopedia e Geriatria em Portugal","item":"https:\/\/www.maisquecuidar.com\/loja\/loja"},{"@type":"ListItem","position":3,"name":"Mais Mobilidade","item":"https:\/\/www.maisquecuidar.com\/loja\/mais-mobilidade"},{"@type":"ListItem","position":4,"name":"Cadeiras de Rodas","item":"https:\/\/www.maisquecuidar.com\/loja\/mais-mobilidade\/cadeiras-de-rodas"},{"@type":"ListItem","position":5,"name":"Cadeiras de Rodas Manuais","item":"https:\/\/www.maisquecuidar.com\/loja\/mais-mobilidade\/cadeiras-de-rodas\/manuais"},{"@type":"ListItem","position":6,"name":"Cadeira de Rodas em Alum\u00ednio Mar\u00e3o"}]},{"@type":"WebSite","@id":"https:\/\/www.maisquecuidar.com\/loja\/#website","url":"https:\/\/www.maisquecuidar.com\/loja\/","name":"Mais que Cuidar","description":"Sa\u00fade, Ortopedia e Geriatria","publisher":{"@id":"https:\/\/www.maisquecuidar.com\/loja\/#organization"},"potentialAction":[{"@type":"SearchAction","target":{"@type":"EntryPoint","urlTemplate":"https:\/\/www.maisquecuidar.com\/loja\/?s={search_term_string}"},"query-input":{"@type":"PropertyValueSpecification","valueRequired":true,"valueName":"search_term_string"}}],"inLanguage":"pt-PT"},{"@type":"Organization","@id":"https:\/\/www.maisquecuidar.com\/loja\/#organization","name":"Mais Que Cuidar","url":"https:\/\/www.maisquecuidar.com\/loja\/","logo":{"@type":"ImageObject","inLanguage":"pt-PT","@id":"https:\/\/www.maisquecuidar.com\/loja\/#\/schema\/logo\/image\/","url":"https:\/\/img.maisquecuidar.com\/loja\/wp-content\/uploads\/2019\/08\/logo-mais-que-cuidar-retina.png","contentUrl":"https:\/\/img.maisquecuidar.com\/loja\/wp-content\/uploads\/2019\/08\/logo-mais-que-cuidar-retina.png","width":565,"height":75,"caption":"Mais Que Cuidar"},"image":{"@id":"https:\/\/www.maisquecuidar.com\/loja\/#\/schema\/logo\/image\/"},"sameAs":["https:\/\/www.facebook.com\/maisquecuidar.pt","https:\/\/www.instagram.com\/maisquecuidar"]}]}},"_links":{"self":[{"href":"https:\/\/www.maisquecuidar.com\/loja\/wp-json\/wp\/v2\/product\/20062","targetHints":{"allow":["GET"]}}],"collection":[{"href":"https:\/\/www.maisquecuidar.com\/loja\/wp-json\/wp\/v2\/product"}],"about":[{"href":"https:\/\/www.maisquecuidar.com\/loja\/wp-json\/wp\/v2\/types\/product"}],"wp:featuredmedia":[{"embeddable":true,"href":"https:\/\/www.maisquecuidar.com\/loja\/wp-json\/wp\/v2\/media\/20149"}],"wp:attachment":[{"href":"https:\/\/www.maisquecuidar.com\/loja\/wp-json\/wp\/v2\/media?parent=20062"}],"wp:term":[{"taxonomy":"product_brand","embeddable":true,"href":"https:\/\/www.maisquecuidar.com\/loja\/wp-json\/wp\/v2\/product_brand?post=20062"},{"taxonomy":"product_cat","embeddable":true,"href":"https:\/\/www.maisquecuidar.com\/loja\/wp-json\/wp\/v2\/product_cat?post=20062"},{"taxonomy":"product_tag","embeddable":true,"href":"https:\/\/www.maisquecuidar.com\/loja\/wp-json\/wp\/v2\/product_tag?post=20062"}],"curies":[{"name":"wp","href":"https:\/\/api.w.org\/{rel}","templated":true}]}}