{"id":18168,"date":"2024-07-06T00:50:03","date_gmt":"2024-07-05T23:50:03","guid":{"rendered":"https:\/\/www.maisquecuidar.com\/loja\/?post_type=product&#038;p=18168"},"modified":"2026-04-14T20:43:29","modified_gmt":"2026-04-14T19:43:29","slug":"zebra-cadeira-de-rodas-eletrica-dobravel","status":"publish","type":"product","link":"https:\/\/www.maisquecuidar.com\/loja\/mais-mobilidade\/cadeiras-de-rodas\/electricas\/zebra-cadeira-de-rodas-eletrica-dobravel","title":{"rendered":"Cadeira de Rodas El\u00e9trica Leve e Dobr\u00e1vel Zebra 16 Kg"},"content":{"rendered":"<p><strong>Cadeira de Rodas El\u00e9trica Dobr\u00e1vel Zebra<\/strong><\/p>\n<h4><b>Duas vers\u00f5es, a mesma liberdade: conhe\u00e7a a Zebra e a nova Zebra Advance<\/b><\/h4>\n<p>A cadeira de rodas el\u00e9trica dobr\u00e1vel Zebra da Mais Que Cuidar \u00e9 sin\u00f3nimo de autonomia e leveza. Ideal para quem procura uma solu\u00e7\u00e3o compacta, pr\u00e1tica e segura, a Zebra proporciona uma condu\u00e7\u00e3o suave tanto em interiores como em exteriores.<\/p>\n<p>Agora, apresentamos tamb\u00e9m a<strong> Zebra Advance<\/strong> \u2013 uma vers\u00e3o melhorada da Zebra, com bateria de 10 Ah de s\u00e9rie e trav\u00f5es de estacionamento autom\u00e1ticos, para uma experi\u00eancia ainda mais aut\u00f3noma, segura e conveniente.<\/p>\n<h3>Principais Vantagens da Cadeira de Rodas El\u00e9trica Zebra<\/h3>\n<ul>\n<li><strong>Facilmente Encart\u00e1vel e Compacta<\/strong>: Com um sistema intuitivo, a cadeira Zebra pode ser dobrada de forma r\u00e1pida e f\u00e1cil, minimizando o tempo e esfor\u00e7o. Quando dobrada, torna-se extremamente compacta, ideal para armazenamento e transporte. Estrutura de liga de alum\u00ednio leve e resistente.<\/li>\n<li><strong>Conforto e Ergonomia<\/strong>: O assento e encosto em couro almofadado garantem m\u00e1ximo conforto e suporte ergon\u00f3mico, proporcionando uma experi\u00eancia agrad\u00e1vel durante toda a utiliza\u00e7\u00e3o.<\/li>\n<li><strong>Leve e F\u00e1cil de Transportar<\/strong>: Pesando apenas 16 kg, a Zebra \u00e9 uma das cadeiras de rodas el\u00e9tricas mais leves e compactas do mercado. Otimizada para f\u00e1cil manuseio, pode ser transportada sem esfor\u00e7o, sendo perfeita para guardar na mala do carro. A Zebra Advance pesa 18,5 kg.<\/li>\n<li><strong>Vers\u00e1til e Funcional<\/strong>: Seja para uso dom\u00e9stico, passeios ao ar livre ou sa\u00eddas di\u00e1rias, a alta manobrabilidade da Zebra permite percursos de at\u00e9 8 km com a bateria de 6 Ah e at\u00e9 15 km com a bateria de 10 Ah. Basta abri-la e seguir viagem.<\/li>\n<li><strong>F\u00e1cil de conduzir dentro e fora de casa:<\/strong> com uma largura total de 55 cm \u00e9 muito f\u00e1cil conduzir a Zebra no interior ou no exterior.<\/li>\n<li><strong>Joystic Intuitivo<\/strong>: permite controle preciso e f\u00e1cil manobrabilidade, garantindo uma experi\u00eancia de condu\u00e7\u00e3o segura e agrad\u00e1vel.<\/li>\n<li><strong>Bateria de L\u00edtio Remov\u00edvel<\/strong>: Diferente de outras cadeiras dobr\u00e1veis, n\u00e3o \u00e9 necess\u00e1rio remover a bateria para dobrar a cadeira. A cadeira Zebra vem com a bateria de 6 Ah e a Zebra Advance com a de 10 Ah. Em cada uma das vers\u00f5es pode fazer o upgrade para a bateria de 10 Ah ou para a bateria de 20 Ah para maior autonomia.<\/li>\n<li><strong>Rodas Traseiras Anti-volteio<\/strong>: Proporciona maior seguran\u00e7a durante o uso.<\/li>\n<li><strong>2 Vers\u00f5es Dispon\u00edveis: <\/strong>Zebra e Zebra Advance.<\/li>\n<li><strong>Acess\u00f3rios Opcionais<\/strong>: Controle remoto 85\u20ac. Comando traseiro para acompanhante 115\u20ac.<\/li>\n<\/ul>\n<h3>Benef\u00edcios para o Utilizador<\/h3>\n<p>A cadeira de rodas el\u00e9trica Zebra \u00e9 perfeita para quem procura efici\u00eancia e conforto em mobilidade. Com design compacto, excelente autonomia e recursos ergon\u00f3micos, a Zebra oferece uma experi\u00eancia de condu\u00e7\u00e3o suave e segura.<\/p>\n<h3>Para Quem \u00e9 Indicada?<\/h3>\n<p>A Zebra \u00e9 a cadeira de rodas el\u00e9trica ideal para:<\/p>\n<ul>\n<li aria-level=\"1\">Pessoas com mobilidade reduzida que valorizam a independ\u00eancia<\/li>\n<li aria-level=\"1\">Utilizadores ativos que viajam com frequ\u00eancia<\/li>\n<li aria-level=\"1\">Quem procura uma solu\u00e7\u00e3o leve, dobr\u00e1vel e f\u00e1cil de transportar<\/li>\n<li aria-level=\"1\">Cuidadores que necessitam de uma cadeira pr\u00e1tica e segura para acompanhar o dia a dia do utilizado<\/li>\n<\/ul>\n<h3>Porqu\u00ea Escolher a Zebra?<\/h3>\n<p>Porque a mobilidade deve ser simples, leve e segura. A Zebra adapta-se \u00e0s suas rotinas e desafios, seja em casa, na rua ou em viagens. E agora com a vers\u00e3o <b>Zebra Advance<\/b>, tem ainda mais autonomia e seguran\u00e7a ao seu alcance.<\/p>\n<p>Dispon\u00edvel nas lojas Mais Que Cuidar com apoio profissional e entrega r\u00e1pida. Escolha a Zebra que mais combina com as suas necessidades.<\/p>\n<h3>Conhe\u00e7a a nova vers\u00e3o Zebra Advance<\/h3>\n<p>A nova Zebra Advance eleva a experi\u00eancia de mobilidade com melhorias que fazem toda a diferen\u00e7a no dia a dia:<\/p>\n<ul>\n<li aria-level=\"1\"><strong>Bateria de 10 Ah inclu\u00edda de s\u00e9rie<\/strong> \u2013 mais autonomia para percursos at\u00e9 15 km.<\/li>\n<li aria-level=\"1\"><strong>Trav\u00f5es de estacionamento autom\u00e1ticos<\/strong> \u2013 mais seguran\u00e7a e praticidade nas paragens.<\/li>\n<li aria-level=\"1\">Mesmo design leve, dobr\u00e1vel e ergon\u00f3mico da vers\u00e3o original.<\/li>\n<\/ul>\n<p>Veja as imagens da Zebra Advance em detalhe:<\/p>\n<p><img fetchpriority=\"high\" decoding=\"async\" class=\"alignnone wp-image-18974\" src=\"https:\/\/img.maisquecuidar.com\/loja\/wp-content\/uploads\/2024\/07\/zebra-advance-800x500.jpg\" alt=\"Cadeira de rodas el\u00e9trica Zebra Advance da Mais Que Cuidar\" width=\"357\" height=\"223\" \/>\u00a0 <img decoding=\"async\" class=\"alignnone wp-image-18976 lazyload\" data-src=\"https:\/\/img.maisquecuidar.com\/loja\/wp-content\/uploads\/2024\/07\/zebra-advance-cadeira-dobravel-800x500.jpg\" alt=\"Zebra Advance cadeira de rodas el\u00e9trica e dobr\u00e1vel.\" width=\"357\" height=\"223\" src=\"data:image\/svg+xml;base64,PHN2ZyB3aWR0aD0iMSIgaGVpZ2h0PSIxIiB4bWxucz0iaHR0cDovL3d3dy53My5vcmcvMjAwMC9zdmciPjwvc3ZnPg==\" style=\"--smush-placeholder-width: 357px; --smush-placeholder-aspect-ratio: 357\/223;\" \/><\/p>\n<p>&nbsp;<\/p>\n<p>&nbsp;<\/p>\n","protected":false},"excerpt":{"rendered":"<p>PROMO\u00c7\u00c3O V\u00c1LIDA DE 15 a 21 DE ABRIL DE 2026<\/p>\n<p>A cadeira de rodas el\u00e9trica dobr\u00e1vel mais leve e compacta agora dispon\u00edvel\u00a0em 2 vers\u00f5es: Zebra e Zebra Advance<\/p>\n","protected":false},"featured_media":18169,"template":"","meta":{"_acf_changed":false,"neve_meta_sidebar":"","neve_meta_container":"","neve_meta_enable_content_width":"off","neve_meta_content_width":100,"neve_meta_title_alignment":"","neve_meta_author_avatar":"","neve_post_elements_order":"","neve_meta_disable_header":"","neve_meta_disable_footer":"","neve_meta_disable_title":""},"product_brand":[],"product_cat":[83,757,760],"product_tag":[780],"class_list":{"0":"post-18168","1":"product","2":"type-product","3":"status-publish","4":"has-post-thumbnail","6":"product_cat-electricas","7":"product_cat-novidades","8":"product_cat-os-10-produtos-mais-vendidos-a-semana-passada","9":"product_tag-mais-que-cuidar","11":"first","12":"instock","13":"sale","14":"taxable","15":"shipping-taxable","16":"purchasable","17":"product-type-variable"},"acf":[],"yoast_head":"<!-- This site is optimized with the Yoast SEO plugin v27.4 - https:\/\/yoast.com\/product\/yoast-seo-wordpress\/ -->\n<title>Cadeira de Rodas El\u00e9trica Leve e Dobr\u00e1vel Zebra 16 Kg - Mais que Cuidar<\/title>\n<meta name=\"description\" content=\"Descubra a cadeira de rodas el\u00e9trica dobr\u00e1vel Zebra - leve, compacta e confort\u00e1vel. Estrutura em alum\u00ednio leve tem uma autonomia de at\u00e9 10 km. Compre agora!\" \/>\n<meta name=\"robots\" content=\"index, follow, max-snippet:-1, max-image-preview:large, max-video-preview:-1\" \/>\n<link rel=\"canonical\" href=\"https:\/\/www.maisquecuidar.com\/loja\/mais-mobilidade\/cadeiras-de-rodas\/electricas\/zebra-cadeira-de-rodas-eletrica-dobravel\" \/>\n<meta property=\"og:locale\" content=\"pt_PT\" \/>\n<meta property=\"og:type\" content=\"article\" \/>\n<meta property=\"og:title\" content=\"Cadeira de Rodas El\u00e9trica Leve e Dobr\u00e1vel Zebra 16 Kg - Mais que Cuidar\" \/>\n<meta property=\"og:description\" content=\"Descubra a cadeira de rodas el\u00e9trica dobr\u00e1vel Zebra - leve, compacta e confort\u00e1vel. Estrutura em alum\u00ednio leve tem uma autonomia de at\u00e9 10 km. Compre agora!\" \/>\n<meta property=\"og:url\" content=\"https:\/\/www.maisquecuidar.com\/loja\/mais-mobilidade\/cadeiras-de-rodas\/electricas\/zebra-cadeira-de-rodas-eletrica-dobravel\" \/>\n<meta property=\"og:site_name\" content=\"Mais que Cuidar\" \/>\n<meta property=\"article:publisher\" content=\"https:\/\/www.facebook.com\/maisquecuidar.pt\" \/>\n<meta property=\"article:modified_time\" content=\"2026-04-14T19:43:29+00:00\" \/>\n<meta property=\"og:image\" content=\"https:\/\/img.maisquecuidar.com\/loja\/wp-content\/uploads\/2024\/07\/cadeira-rodas-eletrica-zebra.png\" \/>\n\t<meta property=\"og:image:width\" content=\"1280\" \/>\n\t<meta property=\"og:image:height\" content=\"800\" \/>\n\t<meta property=\"og:image:type\" content=\"image\/png\" \/>\n<meta name=\"twitter:label1\" content=\"Tempo estimado de leitura\" \/>\n\t<meta name=\"twitter:data1\" content=\"4 minutos\" \/>\n<script type=\"application\/ld+json\" class=\"yoast-schema-graph\">{\"@context\":\"https:\\\/\\\/schema.org\",\"@graph\":[{\"@type\":\"WebPage\",\"@id\":\"https:\\\/\\\/www.maisquecuidar.com\\\/loja\\\/mais-mobilidade\\\/cadeiras-de-rodas\\\/electricas\\\/zebra-cadeira-de-rodas-eletrica-dobravel\",\"url\":\"https:\\\/\\\/www.maisquecuidar.com\\\/loja\\\/mais-mobilidade\\\/cadeiras-de-rodas\\\/electricas\\\/zebra-cadeira-de-rodas-eletrica-dobravel\",\"name\":\"Cadeira de Rodas El\u00e9trica Leve e Dobr\u00e1vel Zebra 16 Kg - Mais que Cuidar\",\"isPartOf\":{\"@id\":\"https:\\\/\\\/www.maisquecuidar.com\\\/loja\\\/#website\"},\"primaryImageOfPage\":{\"@id\":\"https:\\\/\\\/www.maisquecuidar.com\\\/loja\\\/mais-mobilidade\\\/cadeiras-de-rodas\\\/electricas\\\/zebra-cadeira-de-rodas-eletrica-dobravel#primaryimage\"},\"image\":{\"@id\":\"https:\\\/\\\/www.maisquecuidar.com\\\/loja\\\/mais-mobilidade\\\/cadeiras-de-rodas\\\/electricas\\\/zebra-cadeira-de-rodas-eletrica-dobravel#primaryimage\"},\"thumbnailUrl\":\"https:\\\/\\\/img.maisquecuidar.com\\\/loja\\\/wp-content\\\/uploads\\\/2024\\\/07\\\/cadeira-rodas-eletrica-zebra.png\",\"datePublished\":\"2024-07-05T23:50:03+00:00\",\"dateModified\":\"2026-04-14T19:43:29+00:00\",\"description\":\"Descubra a cadeira de rodas el\u00e9trica dobr\u00e1vel Zebra - leve, compacta e confort\u00e1vel. Estrutura em alum\u00ednio leve tem uma autonomia de at\u00e9 10 km. Compre agora!\",\"breadcrumb\":{\"@id\":\"https:\\\/\\\/www.maisquecuidar.com\\\/loja\\\/mais-mobilidade\\\/cadeiras-de-rodas\\\/electricas\\\/zebra-cadeira-de-rodas-eletrica-dobravel#breadcrumb\"},\"inLanguage\":\"pt-PT\",\"potentialAction\":[{\"@type\":\"ReadAction\",\"target\":[\"https:\\\/\\\/www.maisquecuidar.com\\\/loja\\\/mais-mobilidade\\\/cadeiras-de-rodas\\\/electricas\\\/zebra-cadeira-de-rodas-eletrica-dobravel\"]}]},{\"@type\":\"ImageObject\",\"inLanguage\":\"pt-PT\",\"@id\":\"https:\\\/\\\/www.maisquecuidar.com\\\/loja\\\/mais-mobilidade\\\/cadeiras-de-rodas\\\/electricas\\\/zebra-cadeira-de-rodas-eletrica-dobravel#primaryimage\",\"url\":\"https:\\\/\\\/img.maisquecuidar.com\\\/loja\\\/wp-content\\\/uploads\\\/2024\\\/07\\\/cadeira-rodas-eletrica-zebra.png\",\"contentUrl\":\"https:\\\/\\\/img.maisquecuidar.com\\\/loja\\\/wp-content\\\/uploads\\\/2024\\\/07\\\/cadeira-rodas-eletrica-zebra.png\",\"width\":1280,\"height\":800,\"caption\":\"Cadeira de rodas el\u00e9trica dobr\u00e1vel e compacta Zebra\"},{\"@type\":\"BreadcrumbList\",\"@id\":\"https:\\\/\\\/www.maisquecuidar.com\\\/loja\\\/mais-mobilidade\\\/cadeiras-de-rodas\\\/electricas\\\/zebra-cadeira-de-rodas-eletrica-dobravel#breadcrumb\",\"itemListElement\":[{\"@type\":\"ListItem\",\"position\":1,\"name\":\"Home\",\"item\":\"https:\\\/\\\/www.maisquecuidar.com\\\/loja\\\/\"},{\"@type\":\"ListItem\",\"position\":2,\"name\":\"Loja Online de Ortopedia e Geriatria em Portugal\",\"item\":\"https:\\\/\\\/www.maisquecuidar.com\\\/loja\\\/loja\"},{\"@type\":\"ListItem\",\"position\":3,\"name\":\"Mais Mobilidade\",\"item\":\"https:\\\/\\\/www.maisquecuidar.com\\\/loja\\\/mais-mobilidade\"},{\"@type\":\"ListItem\",\"position\":4,\"name\":\"Cadeiras de Rodas\",\"item\":\"https:\\\/\\\/www.maisquecuidar.com\\\/loja\\\/mais-mobilidade\\\/cadeiras-de-rodas\"},{\"@type\":\"ListItem\",\"position\":5,\"name\":\"Cadeiras de Rodas El\u00e9ctricas\",\"item\":\"https:\\\/\\\/www.maisquecuidar.com\\\/loja\\\/mais-mobilidade\\\/cadeiras-de-rodas\\\/electricas\"},{\"@type\":\"ListItem\",\"position\":6,\"name\":\"Cadeira de Rodas El\u00e9trica Leve e Dobr\u00e1vel Zebra 16 Kg\"}]},{\"@type\":\"WebSite\",\"@id\":\"https:\\\/\\\/www.maisquecuidar.com\\\/loja\\\/#website\",\"url\":\"https:\\\/\\\/www.maisquecuidar.com\\\/loja\\\/\",\"name\":\"Mais que Cuidar\",\"description\":\"Sa\u00fade, Ortopedia e Geriatria\",\"publisher\":{\"@id\":\"https:\\\/\\\/www.maisquecuidar.com\\\/loja\\\/#organization\"},\"potentialAction\":[{\"@type\":\"SearchAction\",\"target\":{\"@type\":\"EntryPoint\",\"urlTemplate\":\"https:\\\/\\\/www.maisquecuidar.com\\\/loja\\\/?s={search_term_string}\"},\"query-input\":{\"@type\":\"PropertyValueSpecification\",\"valueRequired\":true,\"valueName\":\"search_term_string\"}}],\"inLanguage\":\"pt-PT\"},{\"@type\":\"Organization\",\"@id\":\"https:\\\/\\\/www.maisquecuidar.com\\\/loja\\\/#organization\",\"name\":\"Mais Que Cuidar\",\"url\":\"https:\\\/\\\/www.maisquecuidar.com\\\/loja\\\/\",\"logo\":{\"@type\":\"ImageObject\",\"inLanguage\":\"pt-PT\",\"@id\":\"https:\\\/\\\/www.maisquecuidar.com\\\/loja\\\/#\\\/schema\\\/logo\\\/image\\\/\",\"url\":\"https:\\\/\\\/img.maisquecuidar.com\\\/loja\\\/wp-content\\\/uploads\\\/2019\\\/08\\\/logo-mais-que-cuidar-retina.png\",\"contentUrl\":\"https:\\\/\\\/img.maisquecuidar.com\\\/loja\\\/wp-content\\\/uploads\\\/2019\\\/08\\\/logo-mais-que-cuidar-retina.png\",\"width\":565,\"height\":75,\"caption\":\"Mais Que Cuidar\"},\"image\":{\"@id\":\"https:\\\/\\\/www.maisquecuidar.com\\\/loja\\\/#\\\/schema\\\/logo\\\/image\\\/\"},\"sameAs\":[\"https:\\\/\\\/www.facebook.com\\\/maisquecuidar.pt\",\"https:\\\/\\\/www.instagram.com\\\/maisquecuidar\"]}]}<\/script>\n<!-- \/ Yoast SEO plugin. -->","yoast_head_json":{"title":"Cadeira de Rodas El\u00e9trica Leve e Dobr\u00e1vel Zebra 16 Kg - Mais que Cuidar","description":"Descubra a cadeira de rodas el\u00e9trica dobr\u00e1vel Zebra - leve, compacta e confort\u00e1vel. Estrutura em alum\u00ednio leve tem uma autonomia de at\u00e9 10 km. Compre agora!","robots":{"index":"index","follow":"follow","max-snippet":"max-snippet:-1","max-image-preview":"max-image-preview:large","max-video-preview":"max-video-preview:-1"},"canonical":"https:\/\/www.maisquecuidar.com\/loja\/mais-mobilidade\/cadeiras-de-rodas\/electricas\/zebra-cadeira-de-rodas-eletrica-dobravel","og_locale":"pt_PT","og_type":"article","og_title":"Cadeira de Rodas El\u00e9trica Leve e Dobr\u00e1vel Zebra 16 Kg - Mais que Cuidar","og_description":"Descubra a cadeira de rodas el\u00e9trica dobr\u00e1vel Zebra - leve, compacta e confort\u00e1vel. Estrutura em alum\u00ednio leve tem uma autonomia de at\u00e9 10 km. Compre agora!","og_url":"https:\/\/www.maisquecuidar.com\/loja\/mais-mobilidade\/cadeiras-de-rodas\/electricas\/zebra-cadeira-de-rodas-eletrica-dobravel","og_site_name":"Mais que Cuidar","article_publisher":"https:\/\/www.facebook.com\/maisquecuidar.pt","article_modified_time":"2026-04-14T19:43:29+00:00","og_image":[{"width":1280,"height":800,"url":"https:\/\/img.maisquecuidar.com\/loja\/wp-content\/uploads\/2024\/07\/cadeira-rodas-eletrica-zebra.png","type":"image\/png"}],"twitter_misc":{"Tempo estimado de leitura":"4 minutos"},"schema":{"@context":"https:\/\/schema.org","@graph":[{"@type":"WebPage","@id":"https:\/\/www.maisquecuidar.com\/loja\/mais-mobilidade\/cadeiras-de-rodas\/electricas\/zebra-cadeira-de-rodas-eletrica-dobravel","url":"https:\/\/www.maisquecuidar.com\/loja\/mais-mobilidade\/cadeiras-de-rodas\/electricas\/zebra-cadeira-de-rodas-eletrica-dobravel","name":"Cadeira de Rodas El\u00e9trica Leve e Dobr\u00e1vel Zebra 16 Kg - Mais que Cuidar","isPartOf":{"@id":"https:\/\/www.maisquecuidar.com\/loja\/#website"},"primaryImageOfPage":{"@id":"https:\/\/www.maisquecuidar.com\/loja\/mais-mobilidade\/cadeiras-de-rodas\/electricas\/zebra-cadeira-de-rodas-eletrica-dobravel#primaryimage"},"image":{"@id":"https:\/\/www.maisquecuidar.com\/loja\/mais-mobilidade\/cadeiras-de-rodas\/electricas\/zebra-cadeira-de-rodas-eletrica-dobravel#primaryimage"},"thumbnailUrl":"https:\/\/img.maisquecuidar.com\/loja\/wp-content\/uploads\/2024\/07\/cadeira-rodas-eletrica-zebra.png","datePublished":"2024-07-05T23:50:03+00:00","dateModified":"2026-04-14T19:43:29+00:00","description":"Descubra a cadeira de rodas el\u00e9trica dobr\u00e1vel Zebra - leve, compacta e confort\u00e1vel. Estrutura em alum\u00ednio leve tem uma autonomia de at\u00e9 10 km. Compre agora!","breadcrumb":{"@id":"https:\/\/www.maisquecuidar.com\/loja\/mais-mobilidade\/cadeiras-de-rodas\/electricas\/zebra-cadeira-de-rodas-eletrica-dobravel#breadcrumb"},"inLanguage":"pt-PT","potentialAction":[{"@type":"ReadAction","target":["https:\/\/www.maisquecuidar.com\/loja\/mais-mobilidade\/cadeiras-de-rodas\/electricas\/zebra-cadeira-de-rodas-eletrica-dobravel"]}]},{"@type":"ImageObject","inLanguage":"pt-PT","@id":"https:\/\/www.maisquecuidar.com\/loja\/mais-mobilidade\/cadeiras-de-rodas\/electricas\/zebra-cadeira-de-rodas-eletrica-dobravel#primaryimage","url":"https:\/\/img.maisquecuidar.com\/loja\/wp-content\/uploads\/2024\/07\/cadeira-rodas-eletrica-zebra.png","contentUrl":"https:\/\/img.maisquecuidar.com\/loja\/wp-content\/uploads\/2024\/07\/cadeira-rodas-eletrica-zebra.png","width":1280,"height":800,"caption":"Cadeira de rodas el\u00e9trica dobr\u00e1vel e compacta Zebra"},{"@type":"BreadcrumbList","@id":"https:\/\/www.maisquecuidar.com\/loja\/mais-mobilidade\/cadeiras-de-rodas\/electricas\/zebra-cadeira-de-rodas-eletrica-dobravel#breadcrumb","itemListElement":[{"@type":"ListItem","position":1,"name":"Home","item":"https:\/\/www.maisquecuidar.com\/loja\/"},{"@type":"ListItem","position":2,"name":"Loja Online de Ortopedia e Geriatria em Portugal","item":"https:\/\/www.maisquecuidar.com\/loja\/loja"},{"@type":"ListItem","position":3,"name":"Mais Mobilidade","item":"https:\/\/www.maisquecuidar.com\/loja\/mais-mobilidade"},{"@type":"ListItem","position":4,"name":"Cadeiras de Rodas","item":"https:\/\/www.maisquecuidar.com\/loja\/mais-mobilidade\/cadeiras-de-rodas"},{"@type":"ListItem","position":5,"name":"Cadeiras de Rodas El\u00e9ctricas","item":"https:\/\/www.maisquecuidar.com\/loja\/mais-mobilidade\/cadeiras-de-rodas\/electricas"},{"@type":"ListItem","position":6,"name":"Cadeira de Rodas El\u00e9trica Leve e Dobr\u00e1vel Zebra 16 Kg"}]},{"@type":"WebSite","@id":"https:\/\/www.maisquecuidar.com\/loja\/#website","url":"https:\/\/www.maisquecuidar.com\/loja\/","name":"Mais que Cuidar","description":"Sa\u00fade, Ortopedia e Geriatria","publisher":{"@id":"https:\/\/www.maisquecuidar.com\/loja\/#organization"},"potentialAction":[{"@type":"SearchAction","target":{"@type":"EntryPoint","urlTemplate":"https:\/\/www.maisquecuidar.com\/loja\/?s={search_term_string}"},"query-input":{"@type":"PropertyValueSpecification","valueRequired":true,"valueName":"search_term_string"}}],"inLanguage":"pt-PT"},{"@type":"Organization","@id":"https:\/\/www.maisquecuidar.com\/loja\/#organization","name":"Mais Que Cuidar","url":"https:\/\/www.maisquecuidar.com\/loja\/","logo":{"@type":"ImageObject","inLanguage":"pt-PT","@id":"https:\/\/www.maisquecuidar.com\/loja\/#\/schema\/logo\/image\/","url":"https:\/\/img.maisquecuidar.com\/loja\/wp-content\/uploads\/2019\/08\/logo-mais-que-cuidar-retina.png","contentUrl":"https:\/\/img.maisquecuidar.com\/loja\/wp-content\/uploads\/2019\/08\/logo-mais-que-cuidar-retina.png","width":565,"height":75,"caption":"Mais Que Cuidar"},"image":{"@id":"https:\/\/www.maisquecuidar.com\/loja\/#\/schema\/logo\/image\/"},"sameAs":["https:\/\/www.facebook.com\/maisquecuidar.pt","https:\/\/www.instagram.com\/maisquecuidar"]}]}},"_links":{"self":[{"href":"https:\/\/www.maisquecuidar.com\/loja\/wp-json\/wp\/v2\/product\/18168","targetHints":{"allow":["GET"]}}],"collection":[{"href":"https:\/\/www.maisquecuidar.com\/loja\/wp-json\/wp\/v2\/product"}],"about":[{"href":"https:\/\/www.maisquecuidar.com\/loja\/wp-json\/wp\/v2\/types\/product"}],"wp:featuredmedia":[{"embeddable":true,"href":"https:\/\/www.maisquecuidar.com\/loja\/wp-json\/wp\/v2\/media\/18169"}],"wp:attachment":[{"href":"https:\/\/www.maisquecuidar.com\/loja\/wp-json\/wp\/v2\/media?parent=18168"}],"wp:term":[{"taxonomy":"product_brand","embeddable":true,"href":"https:\/\/www.maisquecuidar.com\/loja\/wp-json\/wp\/v2\/product_brand?post=18168"},{"taxonomy":"product_cat","embeddable":true,"href":"https:\/\/www.maisquecuidar.com\/loja\/wp-json\/wp\/v2\/product_cat?post=18168"},{"taxonomy":"product_tag","embeddable":true,"href":"https:\/\/www.maisquecuidar.com\/loja\/wp-json\/wp\/v2\/product_tag?post=18168"}],"curies":[{"name":"wp","href":"https:\/\/api.w.org\/{rel}","templated":true}]}}