{"id":17420,"date":"2023-04-19T18:43:58","date_gmt":"2023-04-19T17:43:58","guid":{"rendered":"https:\/\/www.maisquecuidar.com\/loja\/?post_type=product&#038;p=17420"},"modified":"2026-04-14T20:45:03","modified_gmt":"2026-04-14T19:45:03","slug":"invacare-birdie-evo-compact-2-pontos","status":"publish","type":"product","link":"https:\/\/www.maisquecuidar.com\/loja\/transferencias\/elevadores-de-transferencia\/invacare-birdie-evo-compact-2-pontos","title":{"rendered":"Grua de Transfer\u00eancia Birdie EVO Compact 2 pontos fixa\u00e7\u00e3o"},"content":{"rendered":"<p><strong>Elevador de Transfer\u00eancia Birdie Evo Compact com 2 pontos de fixa\u00e7\u00e3o<\/strong><\/p>\n<p>Fabricado pela marca Invacare, com tamanho reduzido o Birdie Evo Compact permite executar manobras de forma f\u00e1cil e segura em espa\u00e7os reduzidos. Dobr\u00e1vel e com abertura de pernas manual. Dispon\u00edvel com barra de cesta de 2 pontos de fixa\u00e7\u00e3o.<\/p>\n<p><strong>Caracter\u00edsticas em destaque<\/strong><\/p>\n<ul>\n<li>Pode ser facilmente encartado e desencartado sem a necessidade de ferramentas.<\/li>\n<li>Grua com 2 pontos de fixa\u00e7\u00e3o.<\/li>\n<li>F\u00e1cil de empurrar e arrumar.<\/li>\n<li>Eleva\u00e7\u00e3o ergon\u00f3mica muito abrangente.<\/li>\n<li>Permite que o utilizador seja mais facilmente rodado a 360\u00ba e transferido para a superf\u00edcie de apoio.<\/li>\n<li>Fornecido com cesta Standard tamanho M<\/li>\n<li>Permite a utiliza\u00e7\u00e3o de v\u00e1rias cestas de transfer\u00eancia da Invacare.<\/li>\n<li>Homologado para utilizadores at\u00e9 150 Kg<\/li>\n<\/ul>\n","protected":false},"excerpt":{"rendered":"<p>PROMO\u00c7\u00c3O V\u00c1LIDA DE 15 a 21 DE ABRIL DE 2026<\/p>\n<p>Elevador de Transfer\u00eancia com cesta inclu\u00edda tamanho M<\/p>\n","protected":false},"featured_media":17425,"template":"","meta":{"_acf_changed":false,"neve_meta_sidebar":"","neve_meta_container":"","neve_meta_enable_content_width":"off","neve_meta_content_width":100,"neve_meta_title_alignment":"","neve_meta_author_avatar":"","neve_post_elements_order":"","neve_meta_disable_header":"","neve_meta_disable_footer":"","neve_meta_disable_title":""},"product_brand":[],"product_cat":[95],"product_tag":[],"class_list":{"0":"post-17420","1":"product","2":"type-product","3":"status-publish","4":"has-post-thumbnail","6":"product_cat-elevadores-de-transferencia","8":"first","9":"instock","10":"sale","11":"taxable","12":"shipping-taxable","13":"purchasable","14":"product-type-simple"},"acf":[],"yoast_head":"<!-- This site is optimized with the Yoast SEO plugin v27.4 - https:\/\/yoast.com\/product\/yoast-seo-wordpress\/ -->\n<title>Elevador de Transfer\u00eancia Birdie Evo Compact 2 pontos de fixa\u00e7\u00e3o<\/title>\n<meta name=\"description\" content=\"Grua de transfer\u00eancia Birdie Evo Compact com 2 pontos de fixa\u00e7\u00e3o da Invacare, para facilitar as transfer\u00eancias em locais estreitos, dentro de casa.\" \/>\n<meta name=\"robots\" content=\"index, follow, max-snippet:-1, max-image-preview:large, max-video-preview:-1\" \/>\n<link rel=\"canonical\" href=\"https:\/\/www.maisquecuidar.com\/loja\/transferencias\/elevadores-de-transferencia\/invacare-birdie-evo-compact-2-pontos\" \/>\n<meta property=\"og:locale\" content=\"pt_PT\" \/>\n<meta property=\"og:type\" content=\"article\" \/>\n<meta property=\"og:title\" content=\"Elevador de Transfer\u00eancia Birdie Evo Compact 2 pontos de fixa\u00e7\u00e3o\" \/>\n<meta property=\"og:description\" content=\"Grua de transfer\u00eancia Birdie Evo Compact com 2 pontos de fixa\u00e7\u00e3o da Invacare, para facilitar as transfer\u00eancias em locais estreitos, dentro de casa.\" \/>\n<meta property=\"og:url\" content=\"https:\/\/www.maisquecuidar.com\/loja\/transferencias\/elevadores-de-transferencia\/invacare-birdie-evo-compact-2-pontos\" \/>\n<meta property=\"og:site_name\" content=\"Mais que Cuidar\" \/>\n<meta property=\"article:publisher\" content=\"https:\/\/www.facebook.com\/maisquecuidar.pt\" \/>\n<meta property=\"article:modified_time\" content=\"2026-04-14T19:45:03+00:00\" \/>\n<meta property=\"og:image\" content=\"https:\/\/img.maisquecuidar.com\/loja\/wp-content\/uploads\/2023\/04\/elevador-birdie-evo-compact-1.png\" \/>\n\t<meta property=\"og:image:width\" content=\"1280\" \/>\n\t<meta property=\"og:image:height\" content=\"800\" \/>\n\t<meta property=\"og:image:type\" content=\"image\/png\" \/>\n<meta name=\"twitter:label1\" content=\"Tempo estimado de leitura\" \/>\n\t<meta name=\"twitter:data1\" content=\"1 minuto\" \/>\n<script type=\"application\/ld+json\" class=\"yoast-schema-graph\">{\"@context\":\"https:\\\/\\\/schema.org\",\"@graph\":[{\"@type\":\"WebPage\",\"@id\":\"https:\\\/\\\/www.maisquecuidar.com\\\/loja\\\/transferencias\\\/elevadores-de-transferencia\\\/invacare-birdie-evo-compact-2-pontos\",\"url\":\"https:\\\/\\\/www.maisquecuidar.com\\\/loja\\\/transferencias\\\/elevadores-de-transferencia\\\/invacare-birdie-evo-compact-2-pontos\",\"name\":\"Elevador de Transfer\u00eancia Birdie Evo Compact 2 pontos de fixa\u00e7\u00e3o\",\"isPartOf\":{\"@id\":\"https:\\\/\\\/www.maisquecuidar.com\\\/loja\\\/#website\"},\"primaryImageOfPage\":{\"@id\":\"https:\\\/\\\/www.maisquecuidar.com\\\/loja\\\/transferencias\\\/elevadores-de-transferencia\\\/invacare-birdie-evo-compact-2-pontos#primaryimage\"},\"image\":{\"@id\":\"https:\\\/\\\/www.maisquecuidar.com\\\/loja\\\/transferencias\\\/elevadores-de-transferencia\\\/invacare-birdie-evo-compact-2-pontos#primaryimage\"},\"thumbnailUrl\":\"https:\\\/\\\/img.maisquecuidar.com\\\/loja\\\/wp-content\\\/uploads\\\/2023\\\/04\\\/elevador-birdie-evo-compact-1.png\",\"datePublished\":\"2023-04-19T17:43:58+00:00\",\"dateModified\":\"2026-04-14T19:45:03+00:00\",\"description\":\"Grua de transfer\u00eancia Birdie Evo Compact com 2 pontos de fixa\u00e7\u00e3o da Invacare, para facilitar as transfer\u00eancias em locais estreitos, dentro de casa.\",\"breadcrumb\":{\"@id\":\"https:\\\/\\\/www.maisquecuidar.com\\\/loja\\\/transferencias\\\/elevadores-de-transferencia\\\/invacare-birdie-evo-compact-2-pontos#breadcrumb\"},\"inLanguage\":\"pt-PT\",\"potentialAction\":[{\"@type\":\"ReadAction\",\"target\":[\"https:\\\/\\\/www.maisquecuidar.com\\\/loja\\\/transferencias\\\/elevadores-de-transferencia\\\/invacare-birdie-evo-compact-2-pontos\"]}]},{\"@type\":\"ImageObject\",\"inLanguage\":\"pt-PT\",\"@id\":\"https:\\\/\\\/www.maisquecuidar.com\\\/loja\\\/transferencias\\\/elevadores-de-transferencia\\\/invacare-birdie-evo-compact-2-pontos#primaryimage\",\"url\":\"https:\\\/\\\/img.maisquecuidar.com\\\/loja\\\/wp-content\\\/uploads\\\/2023\\\/04\\\/elevador-birdie-evo-compact-1.png\",\"contentUrl\":\"https:\\\/\\\/img.maisquecuidar.com\\\/loja\\\/wp-content\\\/uploads\\\/2023\\\/04\\\/elevador-birdie-evo-compact-1.png\",\"width\":1280,\"height\":800,\"caption\":\"Elevador de transfer\u00eancia Birdie Evo Compact Invacare\"},{\"@type\":\"BreadcrumbList\",\"@id\":\"https:\\\/\\\/www.maisquecuidar.com\\\/loja\\\/transferencias\\\/elevadores-de-transferencia\\\/invacare-birdie-evo-compact-2-pontos#breadcrumb\",\"itemListElement\":[{\"@type\":\"ListItem\",\"position\":1,\"name\":\"Home\",\"item\":\"https:\\\/\\\/www.maisquecuidar.com\\\/loja\\\/\"},{\"@type\":\"ListItem\",\"position\":2,\"name\":\"Loja Online de Ortopedia e Geriatria em Portugal\",\"item\":\"https:\\\/\\\/www.maisquecuidar.com\\\/loja\\\/loja\"},{\"@type\":\"ListItem\",\"position\":3,\"name\":\"Transfer\u00eancias\",\"item\":\"https:\\\/\\\/www.maisquecuidar.com\\\/loja\\\/transferencias\"},{\"@type\":\"ListItem\",\"position\":4,\"name\":\"Elevadores de Transfer\u00eancia\",\"item\":\"https:\\\/\\\/www.maisquecuidar.com\\\/loja\\\/transferencias\\\/elevadores-de-transferencia\"},{\"@type\":\"ListItem\",\"position\":5,\"name\":\"Grua de Transfer\u00eancia Birdie EVO Compact 2 pontos fixa\u00e7\u00e3o\"}]},{\"@type\":\"WebSite\",\"@id\":\"https:\\\/\\\/www.maisquecuidar.com\\\/loja\\\/#website\",\"url\":\"https:\\\/\\\/www.maisquecuidar.com\\\/loja\\\/\",\"name\":\"Mais que Cuidar\",\"description\":\"Sa\u00fade, Ortopedia e Geriatria\",\"publisher\":{\"@id\":\"https:\\\/\\\/www.maisquecuidar.com\\\/loja\\\/#organization\"},\"potentialAction\":[{\"@type\":\"SearchAction\",\"target\":{\"@type\":\"EntryPoint\",\"urlTemplate\":\"https:\\\/\\\/www.maisquecuidar.com\\\/loja\\\/?s={search_term_string}\"},\"query-input\":{\"@type\":\"PropertyValueSpecification\",\"valueRequired\":true,\"valueName\":\"search_term_string\"}}],\"inLanguage\":\"pt-PT\"},{\"@type\":\"Organization\",\"@id\":\"https:\\\/\\\/www.maisquecuidar.com\\\/loja\\\/#organization\",\"name\":\"Mais Que Cuidar\",\"url\":\"https:\\\/\\\/www.maisquecuidar.com\\\/loja\\\/\",\"logo\":{\"@type\":\"ImageObject\",\"inLanguage\":\"pt-PT\",\"@id\":\"https:\\\/\\\/www.maisquecuidar.com\\\/loja\\\/#\\\/schema\\\/logo\\\/image\\\/\",\"url\":\"https:\\\/\\\/img.maisquecuidar.com\\\/loja\\\/wp-content\\\/uploads\\\/2019\\\/08\\\/logo-mais-que-cuidar-retina.png\",\"contentUrl\":\"https:\\\/\\\/img.maisquecuidar.com\\\/loja\\\/wp-content\\\/uploads\\\/2019\\\/08\\\/logo-mais-que-cuidar-retina.png\",\"width\":565,\"height\":75,\"caption\":\"Mais Que Cuidar\"},\"image\":{\"@id\":\"https:\\\/\\\/www.maisquecuidar.com\\\/loja\\\/#\\\/schema\\\/logo\\\/image\\\/\"},\"sameAs\":[\"https:\\\/\\\/www.facebook.com\\\/maisquecuidar.pt\",\"https:\\\/\\\/www.instagram.com\\\/maisquecuidar\"]}]}<\/script>\n<!-- \/ Yoast SEO plugin. -->","yoast_head_json":{"title":"Elevador de Transfer\u00eancia Birdie Evo Compact 2 pontos de fixa\u00e7\u00e3o","description":"Grua de transfer\u00eancia Birdie Evo Compact com 2 pontos de fixa\u00e7\u00e3o da Invacare, para facilitar as transfer\u00eancias em locais estreitos, dentro de casa.","robots":{"index":"index","follow":"follow","max-snippet":"max-snippet:-1","max-image-preview":"max-image-preview:large","max-video-preview":"max-video-preview:-1"},"canonical":"https:\/\/www.maisquecuidar.com\/loja\/transferencias\/elevadores-de-transferencia\/invacare-birdie-evo-compact-2-pontos","og_locale":"pt_PT","og_type":"article","og_title":"Elevador de Transfer\u00eancia Birdie Evo Compact 2 pontos de fixa\u00e7\u00e3o","og_description":"Grua de transfer\u00eancia Birdie Evo Compact com 2 pontos de fixa\u00e7\u00e3o da Invacare, para facilitar as transfer\u00eancias em locais estreitos, dentro de casa.","og_url":"https:\/\/www.maisquecuidar.com\/loja\/transferencias\/elevadores-de-transferencia\/invacare-birdie-evo-compact-2-pontos","og_site_name":"Mais que Cuidar","article_publisher":"https:\/\/www.facebook.com\/maisquecuidar.pt","article_modified_time":"2026-04-14T19:45:03+00:00","og_image":[{"width":1280,"height":800,"url":"https:\/\/img.maisquecuidar.com\/loja\/wp-content\/uploads\/2023\/04\/elevador-birdie-evo-compact-1.png","type":"image\/png"}],"twitter_misc":{"Tempo estimado de leitura":"1 minuto"},"schema":{"@context":"https:\/\/schema.org","@graph":[{"@type":"WebPage","@id":"https:\/\/www.maisquecuidar.com\/loja\/transferencias\/elevadores-de-transferencia\/invacare-birdie-evo-compact-2-pontos","url":"https:\/\/www.maisquecuidar.com\/loja\/transferencias\/elevadores-de-transferencia\/invacare-birdie-evo-compact-2-pontos","name":"Elevador de Transfer\u00eancia Birdie Evo Compact 2 pontos de fixa\u00e7\u00e3o","isPartOf":{"@id":"https:\/\/www.maisquecuidar.com\/loja\/#website"},"primaryImageOfPage":{"@id":"https:\/\/www.maisquecuidar.com\/loja\/transferencias\/elevadores-de-transferencia\/invacare-birdie-evo-compact-2-pontos#primaryimage"},"image":{"@id":"https:\/\/www.maisquecuidar.com\/loja\/transferencias\/elevadores-de-transferencia\/invacare-birdie-evo-compact-2-pontos#primaryimage"},"thumbnailUrl":"https:\/\/img.maisquecuidar.com\/loja\/wp-content\/uploads\/2023\/04\/elevador-birdie-evo-compact-1.png","datePublished":"2023-04-19T17:43:58+00:00","dateModified":"2026-04-14T19:45:03+00:00","description":"Grua de transfer\u00eancia Birdie Evo Compact com 2 pontos de fixa\u00e7\u00e3o da Invacare, para facilitar as transfer\u00eancias em locais estreitos, dentro de casa.","breadcrumb":{"@id":"https:\/\/www.maisquecuidar.com\/loja\/transferencias\/elevadores-de-transferencia\/invacare-birdie-evo-compact-2-pontos#breadcrumb"},"inLanguage":"pt-PT","potentialAction":[{"@type":"ReadAction","target":["https:\/\/www.maisquecuidar.com\/loja\/transferencias\/elevadores-de-transferencia\/invacare-birdie-evo-compact-2-pontos"]}]},{"@type":"ImageObject","inLanguage":"pt-PT","@id":"https:\/\/www.maisquecuidar.com\/loja\/transferencias\/elevadores-de-transferencia\/invacare-birdie-evo-compact-2-pontos#primaryimage","url":"https:\/\/img.maisquecuidar.com\/loja\/wp-content\/uploads\/2023\/04\/elevador-birdie-evo-compact-1.png","contentUrl":"https:\/\/img.maisquecuidar.com\/loja\/wp-content\/uploads\/2023\/04\/elevador-birdie-evo-compact-1.png","width":1280,"height":800,"caption":"Elevador de transfer\u00eancia Birdie Evo Compact Invacare"},{"@type":"BreadcrumbList","@id":"https:\/\/www.maisquecuidar.com\/loja\/transferencias\/elevadores-de-transferencia\/invacare-birdie-evo-compact-2-pontos#breadcrumb","itemListElement":[{"@type":"ListItem","position":1,"name":"Home","item":"https:\/\/www.maisquecuidar.com\/loja\/"},{"@type":"ListItem","position":2,"name":"Loja Online de Ortopedia e Geriatria em Portugal","item":"https:\/\/www.maisquecuidar.com\/loja\/loja"},{"@type":"ListItem","position":3,"name":"Transfer\u00eancias","item":"https:\/\/www.maisquecuidar.com\/loja\/transferencias"},{"@type":"ListItem","position":4,"name":"Elevadores de Transfer\u00eancia","item":"https:\/\/www.maisquecuidar.com\/loja\/transferencias\/elevadores-de-transferencia"},{"@type":"ListItem","position":5,"name":"Grua de Transfer\u00eancia Birdie EVO Compact 2 pontos fixa\u00e7\u00e3o"}]},{"@type":"WebSite","@id":"https:\/\/www.maisquecuidar.com\/loja\/#website","url":"https:\/\/www.maisquecuidar.com\/loja\/","name":"Mais que Cuidar","description":"Sa\u00fade, Ortopedia e Geriatria","publisher":{"@id":"https:\/\/www.maisquecuidar.com\/loja\/#organization"},"potentialAction":[{"@type":"SearchAction","target":{"@type":"EntryPoint","urlTemplate":"https:\/\/www.maisquecuidar.com\/loja\/?s={search_term_string}"},"query-input":{"@type":"PropertyValueSpecification","valueRequired":true,"valueName":"search_term_string"}}],"inLanguage":"pt-PT"},{"@type":"Organization","@id":"https:\/\/www.maisquecuidar.com\/loja\/#organization","name":"Mais Que Cuidar","url":"https:\/\/www.maisquecuidar.com\/loja\/","logo":{"@type":"ImageObject","inLanguage":"pt-PT","@id":"https:\/\/www.maisquecuidar.com\/loja\/#\/schema\/logo\/image\/","url":"https:\/\/img.maisquecuidar.com\/loja\/wp-content\/uploads\/2019\/08\/logo-mais-que-cuidar-retina.png","contentUrl":"https:\/\/img.maisquecuidar.com\/loja\/wp-content\/uploads\/2019\/08\/logo-mais-que-cuidar-retina.png","width":565,"height":75,"caption":"Mais Que Cuidar"},"image":{"@id":"https:\/\/www.maisquecuidar.com\/loja\/#\/schema\/logo\/image\/"},"sameAs":["https:\/\/www.facebook.com\/maisquecuidar.pt","https:\/\/www.instagram.com\/maisquecuidar"]}]}},"_links":{"self":[{"href":"https:\/\/www.maisquecuidar.com\/loja\/wp-json\/wp\/v2\/product\/17420","targetHints":{"allow":["GET"]}}],"collection":[{"href":"https:\/\/www.maisquecuidar.com\/loja\/wp-json\/wp\/v2\/product"}],"about":[{"href":"https:\/\/www.maisquecuidar.com\/loja\/wp-json\/wp\/v2\/types\/product"}],"wp:featuredmedia":[{"embeddable":true,"href":"https:\/\/www.maisquecuidar.com\/loja\/wp-json\/wp\/v2\/media\/17425"}],"wp:attachment":[{"href":"https:\/\/www.maisquecuidar.com\/loja\/wp-json\/wp\/v2\/media?parent=17420"}],"wp:term":[{"taxonomy":"product_brand","embeddable":true,"href":"https:\/\/www.maisquecuidar.com\/loja\/wp-json\/wp\/v2\/product_brand?post=17420"},{"taxonomy":"product_cat","embeddable":true,"href":"https:\/\/www.maisquecuidar.com\/loja\/wp-json\/wp\/v2\/product_cat?post=17420"},{"taxonomy":"product_tag","embeddable":true,"href":"https:\/\/www.maisquecuidar.com\/loja\/wp-json\/wp\/v2\/product_tag?post=17420"}],"curies":[{"name":"wp","href":"https:\/\/api.w.org\/{rel}","templated":true}]}}