{"id":16839,"date":"2022-11-21T19:53:49","date_gmt":"2022-11-21T19:53:49","guid":{"rendered":"https:\/\/www.maisquecuidar.com\/loja\/?post_type=product&#038;p=16839"},"modified":"2026-03-18T10:49:41","modified_gmt":"2026-03-18T10:49:41","slug":"cadeira-rodas-eletrica-esprit-action","status":"publish","type":"product","link":"https:\/\/www.maisquecuidar.com\/loja\/novidades\/cadeira-rodas-eletrica-esprit-action","title":{"rendered":"Cadeira de Rodas El\u00e9trica Esprit Action Invacare"},"content":{"rendered":"<p><strong>Cadeira de Rodas El\u00e9trica Esprit Action<br \/>\n<\/strong><\/p>\n<p>Fabricada pela marca Invacare representa um avan\u00e7o tecnol\u00f3gico superior. Cada parte do seu novo design \u00e9 sinal de progresso, com vista a alcan\u00e7ar o seu objetivo principal: <strong>facilidade na utiliza\u00e7\u00e3o e transporte e excelente desempenho na condu\u00e7\u00e3o.<\/strong><\/p>\n<p>Utilizando um chassis de base com uma estrutura em alum\u00ednio e tendo como refer\u00eancia a leveza e o sistema de encarte da fam\u00edlia Action, esta cadeira de rodas motorizada est\u00e1 equipada com novas rodas traseiras de 14\u00b4\u00b4, pneum\u00e1ticas, com motor integrado e dotado da tecnologia e precis\u00e3o de constru\u00e7\u00e3o Alber.<\/p>\n<p><strong>Facilmente desmont\u00e1vel e transport\u00e1vel<\/strong>, a Esprit Action promove um estilo de vida ativo. Com rodas traseiras remov\u00edveis, bateriam apoios de bra\u00e7o e apoio de cabe\u00e7a, o peso de transporte \u00e9 reduzido para 15 kg.<\/p>\n<p><strong>Com tecnologia inovadora de girosc\u00f3pio integrado no comando<\/strong>, proporcionar\u00e1 uma experi\u00eancia de condu\u00e7\u00e3o com m\u00e1ximo conforto e seguran\u00e7a. O girosc\u00f3pio reduz a acelera\u00e7\u00e3o nas subidas para assegurar uma condu\u00e7\u00e3o mais suave em inclina\u00e7\u00f5es at\u00e9 6\u00ba.<\/p>\n<p>As v\u00e1rias op\u00e7\u00f5es da nova Esprit Action e a compatibilidade cruzada com a fam\u00edlia Action <strong>torna f\u00e1cil o ajuste para satisfazer as necessidades cl\u00ednicas dos v\u00e1rios utilizadores<\/strong> e proporcionar o conforto adequado ao perfil de cada um. A escolha das cores do chassis em combina\u00e7\u00e3o com os detalhes de cor permite aos utilizadores personalizar a cadeira a adapt\u00e1-la ao seu gosto e personalidade.<\/p>\n<p><img fetchpriority=\"high\" decoding=\"async\" class=\"alignnone wp-image-16840\" src=\"https:\/\/img.maisquecuidar.com\/loja\/wp-content\/uploads\/2022\/11\/cadeira-eletrica-esprit-action-800x534.png\" alt=\"Cadeira de rodas el\u00e9trica Esprit Action\" width=\"389\" height=\"259\" srcset=\"https:\/\/img.maisquecuidar.com\/loja\/wp-content\/uploads\/2022\/11\/cadeira-eletrica-esprit-action-800x534.png 800w, https:\/\/img.maisquecuidar.com\/loja\/wp-content\/uploads\/2022\/11\/cadeira-eletrica-esprit-action-380x254.png 380w, https:\/\/img.maisquecuidar.com\/loja\/wp-content\/uploads\/2022\/11\/cadeira-eletrica-esprit-action-1024x683.png 1024w, https:\/\/img.maisquecuidar.com\/loja\/wp-content\/uploads\/2022\/11\/cadeira-eletrica-esprit-action-768x512.png 768w, https:\/\/img.maisquecuidar.com\/loja\/wp-content\/uploads\/2022\/11\/cadeira-eletrica-esprit-action.png 1280w\" sizes=\"(max-width: 389px) 100vw, 389px\" \/><\/p>\n<h3>Caracter\u00edsticas em destaque<\/h3>\n<ul>\n<li><strong>Novo design<\/strong>: com um novo design moderno, a cadeira de rodas Esprit Action promove a auto-confian\u00e7a.<\/li>\n<li><strong>Conforto e estabilidade<\/strong>: o melhor posicionamento \u00e9 alcan\u00e7ado atrav\u00e9s de op\u00e7\u00f5es para o assento e encosto e outros acess\u00f3rios, tratando-se de uma cadeira altamente configur\u00e1vel.<\/li>\n<li><strong>Dist\u00e2ncia entre eixos mais curta<\/strong>: gra\u00e7as \u00e0 estabilidade acrescida e ao suporte garantido pela tecnologia Alber, a dist\u00e2ncia curta entre eixos proporciona uma maior manobrabilidade, tornando a nova cadeira mais curta e estreita.<\/li>\n<li><strong>Girosc\u00f3pio integrado no comando<\/strong>: com um sensor instalado no comando, a tecnologia do girosc\u00f3pio reduz automaticamente a acelera\u00e7\u00e3o de acordo com o grau da inclina\u00e7\u00e3o e deteta rapidamente quando a cadeira de rodas est\u00e1 a ser manobrada.<\/li>\n<li><strong>Rodas pneum\u00e1ticas de 14\u00b4\u00b4<\/strong>: as novas rodas de 14\u00b4\u00b4, pneum\u00e1ticas melhoram o desempenho da cadeira e aumentam o conforto dos utilizadores, principalmente no seu uso no exterior.<\/li>\n<\/ul>\n<p>&nbsp;<\/p>\n","protected":false},"excerpt":{"rendered":"<p>Cadeira de rodas motorizada leve, dobr\u00e1vel e altamente configur\u00e1vel.<\/p>\n","protected":false},"featured_media":16841,"template":"","meta":{"_acf_changed":false,"neve_meta_sidebar":"","neve_meta_container":"","neve_meta_enable_content_width":"off","neve_meta_content_width":100,"neve_meta_title_alignment":"","neve_meta_author_avatar":"","neve_post_elements_order":"","neve_meta_disable_header":"","neve_meta_disable_footer":"","neve_meta_disable_title":""},"product_brand":[],"product_cat":[83,757],"product_tag":[],"class_list":{"0":"post-16839","1":"product","2":"type-product","3":"status-publish","4":"has-post-thumbnail","6":"product_cat-electricas","7":"product_cat-novidades","9":"first","10":"onbackorder","11":"taxable","12":"shipping-taxable","13":"purchasable","14":"product-type-simple"},"acf":[],"yoast_head":"<!-- This site is optimized with the Yoast SEO plugin v27.3 - https:\/\/yoast.com\/product\/yoast-seo-wordpress\/ -->\n<title>Cadeira de Rodas El\u00e9trica Esprit Action Invacare - Mais que Cuidar<\/title>\n<meta name=\"description\" content=\"Conhe\u00e7a a cadeira de rodas el\u00e9trica Esprit Action da Invacare leve, dobr\u00e1vel e configur\u00e1vel para satisfazer as necessidades dos v\u00e1rios utilizadores.\" \/>\n<meta name=\"robots\" content=\"index, follow, max-snippet:-1, max-image-preview:large, max-video-preview:-1\" \/>\n<link rel=\"canonical\" href=\"https:\/\/www.maisquecuidar.com\/loja\/novidades\/cadeira-rodas-eletrica-esprit-action\" \/>\n<meta property=\"og:locale\" content=\"pt_PT\" \/>\n<meta property=\"og:type\" content=\"article\" \/>\n<meta property=\"og:title\" content=\"Cadeira de Rodas El\u00e9trica Esprit Action Invacare - Mais que Cuidar\" \/>\n<meta property=\"og:description\" content=\"Conhe\u00e7a a cadeira de rodas el\u00e9trica Esprit Action da Invacare leve, dobr\u00e1vel e configur\u00e1vel para satisfazer as necessidades dos v\u00e1rios utilizadores.\" \/>\n<meta property=\"og:url\" content=\"https:\/\/www.maisquecuidar.com\/loja\/novidades\/cadeira-rodas-eletrica-esprit-action\" \/>\n<meta property=\"og:site_name\" content=\"Mais que Cuidar\" \/>\n<meta property=\"article:publisher\" content=\"https:\/\/www.facebook.com\/maisquecuidar.pt\" \/>\n<meta property=\"article:modified_time\" content=\"2026-03-18T10:49:41+00:00\" \/>\n<meta property=\"og:image\" content=\"https:\/\/img.maisquecuidar.com\/loja\/wp-content\/uploads\/2022\/11\/esprit-action.png\" \/>\n\t<meta property=\"og:image:width\" content=\"1280\" \/>\n\t<meta property=\"og:image:height\" content=\"800\" \/>\n\t<meta property=\"og:image:type\" content=\"image\/png\" \/>\n<meta name=\"twitter:label1\" content=\"Tempo estimado de leitura\" \/>\n\t<meta name=\"twitter:data1\" content=\"3 minutos\" \/>\n<script type=\"application\/ld+json\" class=\"yoast-schema-graph\">{\"@context\":\"https:\\\/\\\/schema.org\",\"@graph\":[{\"@type\":\"WebPage\",\"@id\":\"https:\\\/\\\/www.maisquecuidar.com\\\/loja\\\/novidades\\\/cadeira-rodas-eletrica-esprit-action\",\"url\":\"https:\\\/\\\/www.maisquecuidar.com\\\/loja\\\/novidades\\\/cadeira-rodas-eletrica-esprit-action\",\"name\":\"Cadeira de Rodas El\u00e9trica Esprit Action Invacare - Mais que Cuidar\",\"isPartOf\":{\"@id\":\"https:\\\/\\\/www.maisquecuidar.com\\\/loja\\\/#website\"},\"primaryImageOfPage\":{\"@id\":\"https:\\\/\\\/www.maisquecuidar.com\\\/loja\\\/novidades\\\/cadeira-rodas-eletrica-esprit-action#primaryimage\"},\"image\":{\"@id\":\"https:\\\/\\\/www.maisquecuidar.com\\\/loja\\\/novidades\\\/cadeira-rodas-eletrica-esprit-action#primaryimage\"},\"thumbnailUrl\":\"https:\\\/\\\/img.maisquecuidar.com\\\/loja\\\/wp-content\\\/uploads\\\/2022\\\/11\\\/esprit-action.png\",\"datePublished\":\"2022-11-21T19:53:49+00:00\",\"dateModified\":\"2026-03-18T10:49:41+00:00\",\"description\":\"Conhe\u00e7a a cadeira de rodas el\u00e9trica Esprit Action da Invacare leve, dobr\u00e1vel e configur\u00e1vel para satisfazer as necessidades dos v\u00e1rios utilizadores.\",\"breadcrumb\":{\"@id\":\"https:\\\/\\\/www.maisquecuidar.com\\\/loja\\\/novidades\\\/cadeira-rodas-eletrica-esprit-action#breadcrumb\"},\"inLanguage\":\"pt-PT\",\"potentialAction\":[{\"@type\":\"ReadAction\",\"target\":[\"https:\\\/\\\/www.maisquecuidar.com\\\/loja\\\/novidades\\\/cadeira-rodas-eletrica-esprit-action\"]}]},{\"@type\":\"ImageObject\",\"inLanguage\":\"pt-PT\",\"@id\":\"https:\\\/\\\/www.maisquecuidar.com\\\/loja\\\/novidades\\\/cadeira-rodas-eletrica-esprit-action#primaryimage\",\"url\":\"https:\\\/\\\/img.maisquecuidar.com\\\/loja\\\/wp-content\\\/uploads\\\/2022\\\/11\\\/esprit-action.png\",\"contentUrl\":\"https:\\\/\\\/img.maisquecuidar.com\\\/loja\\\/wp-content\\\/uploads\\\/2022\\\/11\\\/esprit-action.png\",\"width\":1280,\"height\":800},{\"@type\":\"BreadcrumbList\",\"@id\":\"https:\\\/\\\/www.maisquecuidar.com\\\/loja\\\/novidades\\\/cadeira-rodas-eletrica-esprit-action#breadcrumb\",\"itemListElement\":[{\"@type\":\"ListItem\",\"position\":1,\"name\":\"Home\",\"item\":\"https:\\\/\\\/www.maisquecuidar.com\\\/loja\\\/\"},{\"@type\":\"ListItem\",\"position\":2,\"name\":\"Loja Online de Ortopedia e Geriatria em Portugal\",\"item\":\"https:\\\/\\\/www.maisquecuidar.com\\\/loja\\\/loja\"},{\"@type\":\"ListItem\",\"position\":3,\"name\":\"Novidades\",\"item\":\"https:\\\/\\\/www.maisquecuidar.com\\\/loja\\\/novidades\"},{\"@type\":\"ListItem\",\"position\":4,\"name\":\"Cadeira de Rodas El\u00e9trica Esprit Action Invacare\"}]},{\"@type\":\"WebSite\",\"@id\":\"https:\\\/\\\/www.maisquecuidar.com\\\/loja\\\/#website\",\"url\":\"https:\\\/\\\/www.maisquecuidar.com\\\/loja\\\/\",\"name\":\"Mais que Cuidar\",\"description\":\"Sa\u00fade, Ortopedia e Geriatria\",\"publisher\":{\"@id\":\"https:\\\/\\\/www.maisquecuidar.com\\\/loja\\\/#organization\"},\"potentialAction\":[{\"@type\":\"SearchAction\",\"target\":{\"@type\":\"EntryPoint\",\"urlTemplate\":\"https:\\\/\\\/www.maisquecuidar.com\\\/loja\\\/?s={search_term_string}\"},\"query-input\":{\"@type\":\"PropertyValueSpecification\",\"valueRequired\":true,\"valueName\":\"search_term_string\"}}],\"inLanguage\":\"pt-PT\"},{\"@type\":\"Organization\",\"@id\":\"https:\\\/\\\/www.maisquecuidar.com\\\/loja\\\/#organization\",\"name\":\"Mais Que Cuidar\",\"url\":\"https:\\\/\\\/www.maisquecuidar.com\\\/loja\\\/\",\"logo\":{\"@type\":\"ImageObject\",\"inLanguage\":\"pt-PT\",\"@id\":\"https:\\\/\\\/www.maisquecuidar.com\\\/loja\\\/#\\\/schema\\\/logo\\\/image\\\/\",\"url\":\"https:\\\/\\\/img.maisquecuidar.com\\\/loja\\\/wp-content\\\/uploads\\\/2019\\\/08\\\/logo-mais-que-cuidar-retina.png\",\"contentUrl\":\"https:\\\/\\\/img.maisquecuidar.com\\\/loja\\\/wp-content\\\/uploads\\\/2019\\\/08\\\/logo-mais-que-cuidar-retina.png\",\"width\":565,\"height\":75,\"caption\":\"Mais Que Cuidar\"},\"image\":{\"@id\":\"https:\\\/\\\/www.maisquecuidar.com\\\/loja\\\/#\\\/schema\\\/logo\\\/image\\\/\"},\"sameAs\":[\"https:\\\/\\\/www.facebook.com\\\/maisquecuidar.pt\",\"https:\\\/\\\/www.instagram.com\\\/maisquecuidar\"]}]}<\/script>\n<!-- \/ Yoast SEO plugin. -->","yoast_head_json":{"title":"Cadeira de Rodas El\u00e9trica Esprit Action Invacare - Mais que Cuidar","description":"Conhe\u00e7a a cadeira de rodas el\u00e9trica Esprit Action da Invacare leve, dobr\u00e1vel e configur\u00e1vel para satisfazer as necessidades dos v\u00e1rios utilizadores.","robots":{"index":"index","follow":"follow","max-snippet":"max-snippet:-1","max-image-preview":"max-image-preview:large","max-video-preview":"max-video-preview:-1"},"canonical":"https:\/\/www.maisquecuidar.com\/loja\/novidades\/cadeira-rodas-eletrica-esprit-action","og_locale":"pt_PT","og_type":"article","og_title":"Cadeira de Rodas El\u00e9trica Esprit Action Invacare - Mais que Cuidar","og_description":"Conhe\u00e7a a cadeira de rodas el\u00e9trica Esprit Action da Invacare leve, dobr\u00e1vel e configur\u00e1vel para satisfazer as necessidades dos v\u00e1rios utilizadores.","og_url":"https:\/\/www.maisquecuidar.com\/loja\/novidades\/cadeira-rodas-eletrica-esprit-action","og_site_name":"Mais que Cuidar","article_publisher":"https:\/\/www.facebook.com\/maisquecuidar.pt","article_modified_time":"2026-03-18T10:49:41+00:00","og_image":[{"width":1280,"height":800,"url":"https:\/\/img.maisquecuidar.com\/loja\/wp-content\/uploads\/2022\/11\/esprit-action.png","type":"image\/png"}],"twitter_misc":{"Tempo estimado de leitura":"3 minutos"},"schema":{"@context":"https:\/\/schema.org","@graph":[{"@type":"WebPage","@id":"https:\/\/www.maisquecuidar.com\/loja\/novidades\/cadeira-rodas-eletrica-esprit-action","url":"https:\/\/www.maisquecuidar.com\/loja\/novidades\/cadeira-rodas-eletrica-esprit-action","name":"Cadeira de Rodas El\u00e9trica Esprit Action Invacare - Mais que Cuidar","isPartOf":{"@id":"https:\/\/www.maisquecuidar.com\/loja\/#website"},"primaryImageOfPage":{"@id":"https:\/\/www.maisquecuidar.com\/loja\/novidades\/cadeira-rodas-eletrica-esprit-action#primaryimage"},"image":{"@id":"https:\/\/www.maisquecuidar.com\/loja\/novidades\/cadeira-rodas-eletrica-esprit-action#primaryimage"},"thumbnailUrl":"https:\/\/img.maisquecuidar.com\/loja\/wp-content\/uploads\/2022\/11\/esprit-action.png","datePublished":"2022-11-21T19:53:49+00:00","dateModified":"2026-03-18T10:49:41+00:00","description":"Conhe\u00e7a a cadeira de rodas el\u00e9trica Esprit Action da Invacare leve, dobr\u00e1vel e configur\u00e1vel para satisfazer as necessidades dos v\u00e1rios utilizadores.","breadcrumb":{"@id":"https:\/\/www.maisquecuidar.com\/loja\/novidades\/cadeira-rodas-eletrica-esprit-action#breadcrumb"},"inLanguage":"pt-PT","potentialAction":[{"@type":"ReadAction","target":["https:\/\/www.maisquecuidar.com\/loja\/novidades\/cadeira-rodas-eletrica-esprit-action"]}]},{"@type":"ImageObject","inLanguage":"pt-PT","@id":"https:\/\/www.maisquecuidar.com\/loja\/novidades\/cadeira-rodas-eletrica-esprit-action#primaryimage","url":"https:\/\/img.maisquecuidar.com\/loja\/wp-content\/uploads\/2022\/11\/esprit-action.png","contentUrl":"https:\/\/img.maisquecuidar.com\/loja\/wp-content\/uploads\/2022\/11\/esprit-action.png","width":1280,"height":800},{"@type":"BreadcrumbList","@id":"https:\/\/www.maisquecuidar.com\/loja\/novidades\/cadeira-rodas-eletrica-esprit-action#breadcrumb","itemListElement":[{"@type":"ListItem","position":1,"name":"Home","item":"https:\/\/www.maisquecuidar.com\/loja\/"},{"@type":"ListItem","position":2,"name":"Loja Online de Ortopedia e Geriatria em Portugal","item":"https:\/\/www.maisquecuidar.com\/loja\/loja"},{"@type":"ListItem","position":3,"name":"Novidades","item":"https:\/\/www.maisquecuidar.com\/loja\/novidades"},{"@type":"ListItem","position":4,"name":"Cadeira de Rodas El\u00e9trica Esprit Action Invacare"}]},{"@type":"WebSite","@id":"https:\/\/www.maisquecuidar.com\/loja\/#website","url":"https:\/\/www.maisquecuidar.com\/loja\/","name":"Mais que Cuidar","description":"Sa\u00fade, Ortopedia e Geriatria","publisher":{"@id":"https:\/\/www.maisquecuidar.com\/loja\/#organization"},"potentialAction":[{"@type":"SearchAction","target":{"@type":"EntryPoint","urlTemplate":"https:\/\/www.maisquecuidar.com\/loja\/?s={search_term_string}"},"query-input":{"@type":"PropertyValueSpecification","valueRequired":true,"valueName":"search_term_string"}}],"inLanguage":"pt-PT"},{"@type":"Organization","@id":"https:\/\/www.maisquecuidar.com\/loja\/#organization","name":"Mais Que Cuidar","url":"https:\/\/www.maisquecuidar.com\/loja\/","logo":{"@type":"ImageObject","inLanguage":"pt-PT","@id":"https:\/\/www.maisquecuidar.com\/loja\/#\/schema\/logo\/image\/","url":"https:\/\/img.maisquecuidar.com\/loja\/wp-content\/uploads\/2019\/08\/logo-mais-que-cuidar-retina.png","contentUrl":"https:\/\/img.maisquecuidar.com\/loja\/wp-content\/uploads\/2019\/08\/logo-mais-que-cuidar-retina.png","width":565,"height":75,"caption":"Mais Que Cuidar"},"image":{"@id":"https:\/\/www.maisquecuidar.com\/loja\/#\/schema\/logo\/image\/"},"sameAs":["https:\/\/www.facebook.com\/maisquecuidar.pt","https:\/\/www.instagram.com\/maisquecuidar"]}]}},"_links":{"self":[{"href":"https:\/\/www.maisquecuidar.com\/loja\/wp-json\/wp\/v2\/product\/16839","targetHints":{"allow":["GET"]}}],"collection":[{"href":"https:\/\/www.maisquecuidar.com\/loja\/wp-json\/wp\/v2\/product"}],"about":[{"href":"https:\/\/www.maisquecuidar.com\/loja\/wp-json\/wp\/v2\/types\/product"}],"wp:featuredmedia":[{"embeddable":true,"href":"https:\/\/www.maisquecuidar.com\/loja\/wp-json\/wp\/v2\/media\/16841"}],"wp:attachment":[{"href":"https:\/\/www.maisquecuidar.com\/loja\/wp-json\/wp\/v2\/media?parent=16839"}],"wp:term":[{"taxonomy":"product_brand","embeddable":true,"href":"https:\/\/www.maisquecuidar.com\/loja\/wp-json\/wp\/v2\/product_brand?post=16839"},{"taxonomy":"product_cat","embeddable":true,"href":"https:\/\/www.maisquecuidar.com\/loja\/wp-json\/wp\/v2\/product_cat?post=16839"},{"taxonomy":"product_tag","embeddable":true,"href":"https:\/\/www.maisquecuidar.com\/loja\/wp-json\/wp\/v2\/product_tag?post=16839"}],"curies":[{"name":"wp","href":"https:\/\/api.w.org\/{rel}","templated":true}]}}