{"id":15941,"date":"2022-08-04T16:39:04","date_gmt":"2022-08-04T15:39:04","guid":{"rendered":"https:\/\/www.maisquecuidar.com\/loja\/?post_type=product&#038;p=15941"},"modified":"2025-09-15T20:13:08","modified_gmt":"2025-09-15T19:13:08","slug":"farline-gel-de-banho-spa-750-ml","status":"publish","type":"product","link":"https:\/\/www.maisquecuidar.com\/loja\/higiene-casa-banho\/cuidados-do-corpo-e-da-pele\/gel-de-banho\/farline-gel-de-banho-spa-750-ml","title":{"rendered":"Farline Gel de Banho Spa 750 ml"},"content":{"rendered":"<p>O Gel de Banho Argan \u00e9 fabricado pela Farline e limpa e refresca a pele de toda a fam\u00edlia. Deixa uma sensa\u00e7\u00e3o de conforto e frescura gra\u00e7as ao seu agrad\u00e1vel aroma.<\/p>\n<p>Com \u00e1gua termal para cuidar das peles mais delicadas.<\/p>\n<p>Testado dermatologicamente.<\/p>\n<h3>Composi\u00e7\u00e3o:<\/h3>\n<ul>\n<li>Aqua, Sodium Laureth Sulfate, Sodium Chloride, Cocamidopropyl Betaine, PEG-7 Glyceryl Cocoate, Polyquaternium-7, Glycerin, Citric Acid, Lactic Acid, Methylchloroisothiazolinone, Methyli sothiazolinone, Magnesium Nitrate, Magnesium Chloride, Acetic Acid, Sodium Benzoate, Potassium. Sorbate, Benzoic Acid, Parfum, CI 19140, CI 42090.<\/li>\n<\/ul>\n<h3>Como usar:<\/h3>\n<ul>\n<li>Aplique sobre a pele humedecida massajando-a at\u00e9 aparecer espuma e enxague abundantemente com \u00e1gua.<\/li>\n<\/ul>\n<h3>Precau\u00e7\u00f5es:<\/h3>\n<ul>\n<li>Evite o contacto com os olhos e mucosas, zonas irritadas e sens\u00edveis.<\/li>\n<\/ul>\n","protected":false},"excerpt":{"rendered":"<p>Gel de banho corporal que se encontra indicado para a limpeza em suavidade de todos os tipos de pele, especialmente as mais secas.<\/p>\n<p>PH neutro.<\/p>\n","protected":false},"featured_media":15942,"template":"","meta":{"_acf_changed":false,"neve_meta_sidebar":"","neve_meta_container":"","neve_meta_enable_content_width":"","neve_meta_content_width":0,"neve_meta_title_alignment":"","neve_meta_author_avatar":"","neve_post_elements_order":"","neve_meta_disable_header":"","neve_meta_disable_footer":"","neve_meta_disable_title":""},"product_brand":[],"product_cat":[736],"product_tag":[742,744,743],"class_list":{"0":"post-15941","1":"product","2":"type-product","3":"status-publish","4":"has-post-thumbnail","6":"product_cat-gel-de-banho","7":"product_tag-gel-de-banho","8":"product_tag-gel-de-banho-com-ph-neutro","9":"product_tag-gel-de-banho-para-peles-sensiveis","11":"first","12":"instock","13":"taxable","14":"shipping-taxable","15":"purchasable","16":"product-type-simple"},"acf":[],"yoast_head":"<!-- This site is optimized with the Yoast SEO plugin v27.4 - https:\/\/yoast.com\/product\/yoast-seo-wordpress\/ -->\n<title>Farline Gel de Banho Spa 750 ml - Mais que Cuidar<\/title>\n<meta name=\"description\" content=\"Conhe\u00e7a o gel de banho Spa da Farline com \u00e1gua termal para cuidar das peles mais delicadas. Limpa e refresca a pele de toda a fam\u00edlia. Confira o pre\u00e7o!\" \/>\n<meta name=\"robots\" content=\"index, follow, max-snippet:-1, max-image-preview:large, max-video-preview:-1\" \/>\n<link rel=\"canonical\" href=\"https:\/\/www.maisquecuidar.com\/loja\/higiene-casa-banho\/cuidados-do-corpo-e-da-pele\/gel-de-banho\/farline-gel-de-banho-spa-750-ml\" \/>\n<meta property=\"og:locale\" content=\"pt_PT\" \/>\n<meta property=\"og:type\" content=\"article\" \/>\n<meta property=\"og:title\" content=\"Farline Gel de Banho Spa 750 ml - Mais que Cuidar\" \/>\n<meta property=\"og:description\" content=\"Conhe\u00e7a o gel de banho Spa da Farline com \u00e1gua termal para cuidar das peles mais delicadas. Limpa e refresca a pele de toda a fam\u00edlia. Confira o pre\u00e7o!\" \/>\n<meta property=\"og:url\" content=\"https:\/\/www.maisquecuidar.com\/loja\/higiene-casa-banho\/cuidados-do-corpo-e-da-pele\/gel-de-banho\/farline-gel-de-banho-spa-750-ml\" \/>\n<meta property=\"og:site_name\" content=\"Mais que Cuidar\" \/>\n<meta property=\"article:publisher\" content=\"https:\/\/www.facebook.com\/maisquecuidar.pt\" \/>\n<meta property=\"article:modified_time\" content=\"2025-09-15T19:13:08+00:00\" \/>\n<meta property=\"og:image\" content=\"https:\/\/img.maisquecuidar.com\/loja\/wp-content\/uploads\/2022\/08\/farline-gel-banho-spa-750ml.png\" \/>\n\t<meta property=\"og:image:width\" content=\"1280\" \/>\n\t<meta property=\"og:image:height\" content=\"800\" \/>\n\t<meta property=\"og:image:type\" content=\"image\/png\" \/>\n<meta name=\"twitter:label1\" content=\"Tempo estimado de leitura\" \/>\n\t<meta name=\"twitter:data1\" content=\"1 minuto\" \/>\n<script type=\"application\/ld+json\" class=\"yoast-schema-graph\">{\"@context\":\"https:\\\/\\\/schema.org\",\"@graph\":[{\"@type\":\"WebPage\",\"@id\":\"https:\\\/\\\/www.maisquecuidar.com\\\/loja\\\/higiene-casa-banho\\\/cuidados-do-corpo-e-da-pele\\\/gel-de-banho\\\/farline-gel-de-banho-spa-750-ml\",\"url\":\"https:\\\/\\\/www.maisquecuidar.com\\\/loja\\\/higiene-casa-banho\\\/cuidados-do-corpo-e-da-pele\\\/gel-de-banho\\\/farline-gel-de-banho-spa-750-ml\",\"name\":\"Farline Gel de Banho Spa 750 ml - Mais que Cuidar\",\"isPartOf\":{\"@id\":\"https:\\\/\\\/www.maisquecuidar.com\\\/loja\\\/#website\"},\"primaryImageOfPage\":{\"@id\":\"https:\\\/\\\/www.maisquecuidar.com\\\/loja\\\/higiene-casa-banho\\\/cuidados-do-corpo-e-da-pele\\\/gel-de-banho\\\/farline-gel-de-banho-spa-750-ml#primaryimage\"},\"image\":{\"@id\":\"https:\\\/\\\/www.maisquecuidar.com\\\/loja\\\/higiene-casa-banho\\\/cuidados-do-corpo-e-da-pele\\\/gel-de-banho\\\/farline-gel-de-banho-spa-750-ml#primaryimage\"},\"thumbnailUrl\":\"https:\\\/\\\/img.maisquecuidar.com\\\/loja\\\/wp-content\\\/uploads\\\/2022\\\/08\\\/farline-gel-banho-spa-750ml.png\",\"datePublished\":\"2022-08-04T15:39:04+00:00\",\"dateModified\":\"2025-09-15T19:13:08+00:00\",\"description\":\"Conhe\u00e7a o gel de banho Spa da Farline com \u00e1gua termal para cuidar das peles mais delicadas. Limpa e refresca a pele de toda a fam\u00edlia. Confira o pre\u00e7o!\",\"breadcrumb\":{\"@id\":\"https:\\\/\\\/www.maisquecuidar.com\\\/loja\\\/higiene-casa-banho\\\/cuidados-do-corpo-e-da-pele\\\/gel-de-banho\\\/farline-gel-de-banho-spa-750-ml#breadcrumb\"},\"inLanguage\":\"pt-PT\",\"potentialAction\":[{\"@type\":\"ReadAction\",\"target\":[\"https:\\\/\\\/www.maisquecuidar.com\\\/loja\\\/higiene-casa-banho\\\/cuidados-do-corpo-e-da-pele\\\/gel-de-banho\\\/farline-gel-de-banho-spa-750-ml\"]}]},{\"@type\":\"ImageObject\",\"inLanguage\":\"pt-PT\",\"@id\":\"https:\\\/\\\/www.maisquecuidar.com\\\/loja\\\/higiene-casa-banho\\\/cuidados-do-corpo-e-da-pele\\\/gel-de-banho\\\/farline-gel-de-banho-spa-750-ml#primaryimage\",\"url\":\"https:\\\/\\\/img.maisquecuidar.com\\\/loja\\\/wp-content\\\/uploads\\\/2022\\\/08\\\/farline-gel-banho-spa-750ml.png\",\"contentUrl\":\"https:\\\/\\\/img.maisquecuidar.com\\\/loja\\\/wp-content\\\/uploads\\\/2022\\\/08\\\/farline-gel-banho-spa-750ml.png\",\"width\":1280,\"height\":800,\"caption\":\"Gel de banho Farline Spa com 750 ml\"},{\"@type\":\"BreadcrumbList\",\"@id\":\"https:\\\/\\\/www.maisquecuidar.com\\\/loja\\\/higiene-casa-banho\\\/cuidados-do-corpo-e-da-pele\\\/gel-de-banho\\\/farline-gel-de-banho-spa-750-ml#breadcrumb\",\"itemListElement\":[{\"@type\":\"ListItem\",\"position\":1,\"name\":\"Home\",\"item\":\"https:\\\/\\\/www.maisquecuidar.com\\\/loja\\\/\"},{\"@type\":\"ListItem\",\"position\":2,\"name\":\"Loja Online de Ortopedia e Geriatria em Portugal\",\"item\":\"https:\\\/\\\/www.maisquecuidar.com\\\/loja\\\/loja\"},{\"@type\":\"ListItem\",\"position\":3,\"name\":\"Higiene e Casa de Banho\",\"item\":\"https:\\\/\\\/www.maisquecuidar.com\\\/loja\\\/higiene-casa-banho\"},{\"@type\":\"ListItem\",\"position\":4,\"name\":\"Produtos para Cuidados do Corpo e da Pele\",\"item\":\"https:\\\/\\\/www.maisquecuidar.com\\\/loja\\\/higiene-casa-banho\\\/cuidados-do-corpo-e-da-pele\"},{\"@type\":\"ListItem\",\"position\":5,\"name\":\"Gel de Banho\",\"item\":\"https:\\\/\\\/www.maisquecuidar.com\\\/loja\\\/higiene-casa-banho\\\/cuidados-do-corpo-e-da-pele\\\/gel-de-banho\"},{\"@type\":\"ListItem\",\"position\":6,\"name\":\"Farline Gel de Banho Spa 750 ml\"}]},{\"@type\":\"WebSite\",\"@id\":\"https:\\\/\\\/www.maisquecuidar.com\\\/loja\\\/#website\",\"url\":\"https:\\\/\\\/www.maisquecuidar.com\\\/loja\\\/\",\"name\":\"Mais que Cuidar\",\"description\":\"Sa\u00fade, Ortopedia e Geriatria\",\"publisher\":{\"@id\":\"https:\\\/\\\/www.maisquecuidar.com\\\/loja\\\/#organization\"},\"potentialAction\":[{\"@type\":\"SearchAction\",\"target\":{\"@type\":\"EntryPoint\",\"urlTemplate\":\"https:\\\/\\\/www.maisquecuidar.com\\\/loja\\\/?s={search_term_string}\"},\"query-input\":{\"@type\":\"PropertyValueSpecification\",\"valueRequired\":true,\"valueName\":\"search_term_string\"}}],\"inLanguage\":\"pt-PT\"},{\"@type\":\"Organization\",\"@id\":\"https:\\\/\\\/www.maisquecuidar.com\\\/loja\\\/#organization\",\"name\":\"Mais Que Cuidar\",\"url\":\"https:\\\/\\\/www.maisquecuidar.com\\\/loja\\\/\",\"logo\":{\"@type\":\"ImageObject\",\"inLanguage\":\"pt-PT\",\"@id\":\"https:\\\/\\\/www.maisquecuidar.com\\\/loja\\\/#\\\/schema\\\/logo\\\/image\\\/\",\"url\":\"https:\\\/\\\/img.maisquecuidar.com\\\/loja\\\/wp-content\\\/uploads\\\/2019\\\/08\\\/logo-mais-que-cuidar-retina.png\",\"contentUrl\":\"https:\\\/\\\/img.maisquecuidar.com\\\/loja\\\/wp-content\\\/uploads\\\/2019\\\/08\\\/logo-mais-que-cuidar-retina.png\",\"width\":565,\"height\":75,\"caption\":\"Mais Que Cuidar\"},\"image\":{\"@id\":\"https:\\\/\\\/www.maisquecuidar.com\\\/loja\\\/#\\\/schema\\\/logo\\\/image\\\/\"},\"sameAs\":[\"https:\\\/\\\/www.facebook.com\\\/maisquecuidar.pt\",\"https:\\\/\\\/www.instagram.com\\\/maisquecuidar\"]}]}<\/script>\n<!-- \/ Yoast SEO plugin. -->","yoast_head_json":{"title":"Farline Gel de Banho Spa 750 ml - Mais que Cuidar","description":"Conhe\u00e7a o gel de banho Spa da Farline com \u00e1gua termal para cuidar das peles mais delicadas. Limpa e refresca a pele de toda a fam\u00edlia. Confira o pre\u00e7o!","robots":{"index":"index","follow":"follow","max-snippet":"max-snippet:-1","max-image-preview":"max-image-preview:large","max-video-preview":"max-video-preview:-1"},"canonical":"https:\/\/www.maisquecuidar.com\/loja\/higiene-casa-banho\/cuidados-do-corpo-e-da-pele\/gel-de-banho\/farline-gel-de-banho-spa-750-ml","og_locale":"pt_PT","og_type":"article","og_title":"Farline Gel de Banho Spa 750 ml - Mais que Cuidar","og_description":"Conhe\u00e7a o gel de banho Spa da Farline com \u00e1gua termal para cuidar das peles mais delicadas. Limpa e refresca a pele de toda a fam\u00edlia. Confira o pre\u00e7o!","og_url":"https:\/\/www.maisquecuidar.com\/loja\/higiene-casa-banho\/cuidados-do-corpo-e-da-pele\/gel-de-banho\/farline-gel-de-banho-spa-750-ml","og_site_name":"Mais que Cuidar","article_publisher":"https:\/\/www.facebook.com\/maisquecuidar.pt","article_modified_time":"2025-09-15T19:13:08+00:00","og_image":[{"width":1280,"height":800,"url":"https:\/\/img.maisquecuidar.com\/loja\/wp-content\/uploads\/2022\/08\/farline-gel-banho-spa-750ml.png","type":"image\/png"}],"twitter_misc":{"Tempo estimado de leitura":"1 minuto"},"schema":{"@context":"https:\/\/schema.org","@graph":[{"@type":"WebPage","@id":"https:\/\/www.maisquecuidar.com\/loja\/higiene-casa-banho\/cuidados-do-corpo-e-da-pele\/gel-de-banho\/farline-gel-de-banho-spa-750-ml","url":"https:\/\/www.maisquecuidar.com\/loja\/higiene-casa-banho\/cuidados-do-corpo-e-da-pele\/gel-de-banho\/farline-gel-de-banho-spa-750-ml","name":"Farline Gel de Banho Spa 750 ml - Mais que Cuidar","isPartOf":{"@id":"https:\/\/www.maisquecuidar.com\/loja\/#website"},"primaryImageOfPage":{"@id":"https:\/\/www.maisquecuidar.com\/loja\/higiene-casa-banho\/cuidados-do-corpo-e-da-pele\/gel-de-banho\/farline-gel-de-banho-spa-750-ml#primaryimage"},"image":{"@id":"https:\/\/www.maisquecuidar.com\/loja\/higiene-casa-banho\/cuidados-do-corpo-e-da-pele\/gel-de-banho\/farline-gel-de-banho-spa-750-ml#primaryimage"},"thumbnailUrl":"https:\/\/img.maisquecuidar.com\/loja\/wp-content\/uploads\/2022\/08\/farline-gel-banho-spa-750ml.png","datePublished":"2022-08-04T15:39:04+00:00","dateModified":"2025-09-15T19:13:08+00:00","description":"Conhe\u00e7a o gel de banho Spa da Farline com \u00e1gua termal para cuidar das peles mais delicadas. Limpa e refresca a pele de toda a fam\u00edlia. Confira o pre\u00e7o!","breadcrumb":{"@id":"https:\/\/www.maisquecuidar.com\/loja\/higiene-casa-banho\/cuidados-do-corpo-e-da-pele\/gel-de-banho\/farline-gel-de-banho-spa-750-ml#breadcrumb"},"inLanguage":"pt-PT","potentialAction":[{"@type":"ReadAction","target":["https:\/\/www.maisquecuidar.com\/loja\/higiene-casa-banho\/cuidados-do-corpo-e-da-pele\/gel-de-banho\/farline-gel-de-banho-spa-750-ml"]}]},{"@type":"ImageObject","inLanguage":"pt-PT","@id":"https:\/\/www.maisquecuidar.com\/loja\/higiene-casa-banho\/cuidados-do-corpo-e-da-pele\/gel-de-banho\/farline-gel-de-banho-spa-750-ml#primaryimage","url":"https:\/\/img.maisquecuidar.com\/loja\/wp-content\/uploads\/2022\/08\/farline-gel-banho-spa-750ml.png","contentUrl":"https:\/\/img.maisquecuidar.com\/loja\/wp-content\/uploads\/2022\/08\/farline-gel-banho-spa-750ml.png","width":1280,"height":800,"caption":"Gel de banho Farline Spa com 750 ml"},{"@type":"BreadcrumbList","@id":"https:\/\/www.maisquecuidar.com\/loja\/higiene-casa-banho\/cuidados-do-corpo-e-da-pele\/gel-de-banho\/farline-gel-de-banho-spa-750-ml#breadcrumb","itemListElement":[{"@type":"ListItem","position":1,"name":"Home","item":"https:\/\/www.maisquecuidar.com\/loja\/"},{"@type":"ListItem","position":2,"name":"Loja Online de Ortopedia e Geriatria em Portugal","item":"https:\/\/www.maisquecuidar.com\/loja\/loja"},{"@type":"ListItem","position":3,"name":"Higiene e Casa de Banho","item":"https:\/\/www.maisquecuidar.com\/loja\/higiene-casa-banho"},{"@type":"ListItem","position":4,"name":"Produtos para Cuidados do Corpo e da Pele","item":"https:\/\/www.maisquecuidar.com\/loja\/higiene-casa-banho\/cuidados-do-corpo-e-da-pele"},{"@type":"ListItem","position":5,"name":"Gel de Banho","item":"https:\/\/www.maisquecuidar.com\/loja\/higiene-casa-banho\/cuidados-do-corpo-e-da-pele\/gel-de-banho"},{"@type":"ListItem","position":6,"name":"Farline Gel de Banho Spa 750 ml"}]},{"@type":"WebSite","@id":"https:\/\/www.maisquecuidar.com\/loja\/#website","url":"https:\/\/www.maisquecuidar.com\/loja\/","name":"Mais que Cuidar","description":"Sa\u00fade, Ortopedia e Geriatria","publisher":{"@id":"https:\/\/www.maisquecuidar.com\/loja\/#organization"},"potentialAction":[{"@type":"SearchAction","target":{"@type":"EntryPoint","urlTemplate":"https:\/\/www.maisquecuidar.com\/loja\/?s={search_term_string}"},"query-input":{"@type":"PropertyValueSpecification","valueRequired":true,"valueName":"search_term_string"}}],"inLanguage":"pt-PT"},{"@type":"Organization","@id":"https:\/\/www.maisquecuidar.com\/loja\/#organization","name":"Mais Que Cuidar","url":"https:\/\/www.maisquecuidar.com\/loja\/","logo":{"@type":"ImageObject","inLanguage":"pt-PT","@id":"https:\/\/www.maisquecuidar.com\/loja\/#\/schema\/logo\/image\/","url":"https:\/\/img.maisquecuidar.com\/loja\/wp-content\/uploads\/2019\/08\/logo-mais-que-cuidar-retina.png","contentUrl":"https:\/\/img.maisquecuidar.com\/loja\/wp-content\/uploads\/2019\/08\/logo-mais-que-cuidar-retina.png","width":565,"height":75,"caption":"Mais Que Cuidar"},"image":{"@id":"https:\/\/www.maisquecuidar.com\/loja\/#\/schema\/logo\/image\/"},"sameAs":["https:\/\/www.facebook.com\/maisquecuidar.pt","https:\/\/www.instagram.com\/maisquecuidar"]}]}},"_links":{"self":[{"href":"https:\/\/www.maisquecuidar.com\/loja\/wp-json\/wp\/v2\/product\/15941","targetHints":{"allow":["GET"]}}],"collection":[{"href":"https:\/\/www.maisquecuidar.com\/loja\/wp-json\/wp\/v2\/product"}],"about":[{"href":"https:\/\/www.maisquecuidar.com\/loja\/wp-json\/wp\/v2\/types\/product"}],"wp:featuredmedia":[{"embeddable":true,"href":"https:\/\/www.maisquecuidar.com\/loja\/wp-json\/wp\/v2\/media\/15942"}],"wp:attachment":[{"href":"https:\/\/www.maisquecuidar.com\/loja\/wp-json\/wp\/v2\/media?parent=15941"}],"wp:term":[{"taxonomy":"product_brand","embeddable":true,"href":"https:\/\/www.maisquecuidar.com\/loja\/wp-json\/wp\/v2\/product_brand?post=15941"},{"taxonomy":"product_cat","embeddable":true,"href":"https:\/\/www.maisquecuidar.com\/loja\/wp-json\/wp\/v2\/product_cat?post=15941"},{"taxonomy":"product_tag","embeddable":true,"href":"https:\/\/www.maisquecuidar.com\/loja\/wp-json\/wp\/v2\/product_tag?post=15941"}],"curies":[{"name":"wp","href":"https:\/\/api.w.org\/{rel}","templated":true}]}}