{"id":15930,"date":"2022-08-04T15:32:28","date_gmt":"2022-08-04T14:32:28","guid":{"rendered":"https:\/\/www.maisquecuidar.com\/loja\/?post_type=product&#038;p=15930"},"modified":"2025-09-15T20:13:02","modified_gmt":"2025-09-15T19:13:02","slug":"locao-corporal-pele-atopica-500ml-farline","status":"publish","type":"product","link":"https:\/\/www.maisquecuidar.com\/loja\/higiene-casa-banho\/cuidados-do-corpo-e-da-pele\/cremes-hidratantes\/locao-corporal-pele-atopica-500ml-farline","title":{"rendered":"Lo\u00e7\u00e3o Corporal Pele At\u00f3pica 500 ml Farline"},"content":{"rendered":"<p>A lo\u00e7\u00e3o corporal pele at\u00f3pica \u00e9 fabricada pela marca Farline e ajuda a aliviar a sensa\u00e7\u00e3o de secura e proporciona um conforto imediato. Sem parabenos. Testado dermatologicamente.<\/p>\n<h3>Composi\u00e7\u00e3o:<\/h3>\n<ul>\n<li>Aqua, Glycerin, Cetearyl alcohol, Cetearyl ethylhexanoate, Decyl oleate, Isostearyl isostearate, Helianthus annuus seed oil, Stearic acid, Phenoxyethanol, Ceteareth-33, Butyrospermum parkii Butter, Parfum, Cocos nucifera Oil, Linum Usitatissimum seed oil, Disodium EDTA, Ethylhexylglycerin, Argania spinosa kernel oil, Macadamia ternifolia seed oil, Olea europaea fruit oil, Persea gratissima oil, BHT, Triethanolamine, Oryza sativa extract, Rosmarinus officinalis leaf extract.<\/li>\n<\/ul>\n<h3>Modo de utiliza\u00e7\u00e3o:<\/h3>\n<ul>\n<li>Aplique diariamente uma pequena quantidade de creme no corpo.<\/li>\n<\/ul>\n<h3>Precau\u00e7\u00f5es:<\/h3>\n<ul>\n<li>Evite o contacto com os olhos.<\/li>\n<\/ul>\n","protected":false},"excerpt":{"rendered":"<p>Lo\u00e7\u00e3o corporal indicada para a hidrata\u00e7\u00e3o e repara\u00e7\u00e3o de pele at\u00f3pica.<\/p>\n","protected":false},"featured_media":15931,"template":"","meta":{"_acf_changed":false,"neve_meta_sidebar":"","neve_meta_container":"","neve_meta_enable_content_width":"","neve_meta_content_width":0,"neve_meta_title_alignment":"","neve_meta_author_avatar":"","neve_post_elements_order":"","neve_meta_disable_header":"","neve_meta_disable_footer":"","neve_meta_disable_title":""},"product_brand":[],"product_cat":[735],"product_tag":[],"class_list":{"0":"post-15930","1":"product","2":"type-product","3":"status-publish","4":"has-post-thumbnail","6":"product_cat-cremes-hidratantes","8":"first","9":"instock","10":"taxable","11":"shipping-taxable","12":"purchasable","13":"product-type-simple"},"acf":[],"yoast_head":"<!-- This site is optimized with the Yoast SEO plugin v27.5 - https:\/\/yoast.com\/product\/yoast-seo-wordpress\/ -->\n<title>Lo\u00e7\u00e3o Corporal Pele At\u00f3pica 500 ml Farline - Mais que Cuidar<\/title>\n<meta name=\"description\" content=\"Descubra a solu\u00e7\u00e3o corporal pele at\u00f3pica da Farline que ajuda a aliviar a sensa\u00e7\u00e3o de secura e proporciona um conforto imediato. Confira o pre\u00e7o!\" \/>\n<meta name=\"robots\" content=\"index, follow, max-snippet:-1, max-image-preview:large, max-video-preview:-1\" \/>\n<link rel=\"canonical\" href=\"https:\/\/www.maisquecuidar.com\/loja\/higiene-casa-banho\/cuidados-do-corpo-e-da-pele\/cremes-hidratantes\/locao-corporal-pele-atopica-500ml-farline\" \/>\n<meta property=\"og:locale\" content=\"pt_PT\" \/>\n<meta property=\"og:type\" content=\"article\" \/>\n<meta property=\"og:title\" content=\"Lo\u00e7\u00e3o Corporal Pele At\u00f3pica 500 ml Farline - Mais que Cuidar\" \/>\n<meta property=\"og:description\" content=\"Descubra a solu\u00e7\u00e3o corporal pele at\u00f3pica da Farline que ajuda a aliviar a sensa\u00e7\u00e3o de secura e proporciona um conforto imediato. Confira o pre\u00e7o!\" \/>\n<meta property=\"og:url\" content=\"https:\/\/www.maisquecuidar.com\/loja\/higiene-casa-banho\/cuidados-do-corpo-e-da-pele\/cremes-hidratantes\/locao-corporal-pele-atopica-500ml-farline\" \/>\n<meta property=\"og:site_name\" content=\"Mais que Cuidar\" \/>\n<meta property=\"article:publisher\" content=\"https:\/\/www.facebook.com\/maisquecuidar.pt\" \/>\n<meta property=\"article:modified_time\" content=\"2025-09-15T19:13:02+00:00\" \/>\n<meta property=\"og:image\" content=\"https:\/\/img.maisquecuidar.com\/loja\/wp-content\/uploads\/2022\/08\/locao-corporal-pele-atopica-farline.png\" \/>\n\t<meta property=\"og:image:width\" content=\"1280\" \/>\n\t<meta property=\"og:image:height\" content=\"800\" \/>\n\t<meta property=\"og:image:type\" content=\"image\/png\" \/>\n<meta name=\"twitter:label1\" content=\"Tempo estimado de leitura\" \/>\n\t<meta name=\"twitter:data1\" content=\"1 minuto\" \/>\n<script type=\"application\/ld+json\" class=\"yoast-schema-graph\">{\"@context\":\"https:\\\/\\\/schema.org\",\"@graph\":[{\"@type\":\"WebPage\",\"@id\":\"https:\\\/\\\/www.maisquecuidar.com\\\/loja\\\/higiene-casa-banho\\\/cuidados-do-corpo-e-da-pele\\\/cremes-hidratantes\\\/locao-corporal-pele-atopica-500ml-farline\",\"url\":\"https:\\\/\\\/www.maisquecuidar.com\\\/loja\\\/higiene-casa-banho\\\/cuidados-do-corpo-e-da-pele\\\/cremes-hidratantes\\\/locao-corporal-pele-atopica-500ml-farline\",\"name\":\"Lo\u00e7\u00e3o Corporal Pele At\u00f3pica 500 ml Farline - Mais que Cuidar\",\"isPartOf\":{\"@id\":\"https:\\\/\\\/www.maisquecuidar.com\\\/loja\\\/#website\"},\"primaryImageOfPage\":{\"@id\":\"https:\\\/\\\/www.maisquecuidar.com\\\/loja\\\/higiene-casa-banho\\\/cuidados-do-corpo-e-da-pele\\\/cremes-hidratantes\\\/locao-corporal-pele-atopica-500ml-farline#primaryimage\"},\"image\":{\"@id\":\"https:\\\/\\\/www.maisquecuidar.com\\\/loja\\\/higiene-casa-banho\\\/cuidados-do-corpo-e-da-pele\\\/cremes-hidratantes\\\/locao-corporal-pele-atopica-500ml-farline#primaryimage\"},\"thumbnailUrl\":\"https:\\\/\\\/img.maisquecuidar.com\\\/loja\\\/wp-content\\\/uploads\\\/2022\\\/08\\\/locao-corporal-pele-atopica-farline.png\",\"datePublished\":\"2022-08-04T14:32:28+00:00\",\"dateModified\":\"2025-09-15T19:13:02+00:00\",\"description\":\"Descubra a solu\u00e7\u00e3o corporal pele at\u00f3pica da Farline que ajuda a aliviar a sensa\u00e7\u00e3o de secura e proporciona um conforto imediato. Confira o pre\u00e7o!\",\"breadcrumb\":{\"@id\":\"https:\\\/\\\/www.maisquecuidar.com\\\/loja\\\/higiene-casa-banho\\\/cuidados-do-corpo-e-da-pele\\\/cremes-hidratantes\\\/locao-corporal-pele-atopica-500ml-farline#breadcrumb\"},\"inLanguage\":\"pt-PT\",\"potentialAction\":[{\"@type\":\"ReadAction\",\"target\":[\"https:\\\/\\\/www.maisquecuidar.com\\\/loja\\\/higiene-casa-banho\\\/cuidados-do-corpo-e-da-pele\\\/cremes-hidratantes\\\/locao-corporal-pele-atopica-500ml-farline\"]}]},{\"@type\":\"ImageObject\",\"inLanguage\":\"pt-PT\",\"@id\":\"https:\\\/\\\/www.maisquecuidar.com\\\/loja\\\/higiene-casa-banho\\\/cuidados-do-corpo-e-da-pele\\\/cremes-hidratantes\\\/locao-corporal-pele-atopica-500ml-farline#primaryimage\",\"url\":\"https:\\\/\\\/img.maisquecuidar.com\\\/loja\\\/wp-content\\\/uploads\\\/2022\\\/08\\\/locao-corporal-pele-atopica-farline.png\",\"contentUrl\":\"https:\\\/\\\/img.maisquecuidar.com\\\/loja\\\/wp-content\\\/uploads\\\/2022\\\/08\\\/locao-corporal-pele-atopica-farline.png\",\"width\":1280,\"height\":800,\"caption\":\"Lo\u00e7\u00e3o corporal para pele at\u00f3pica da Farline embalagem com 500 ml\"},{\"@type\":\"BreadcrumbList\",\"@id\":\"https:\\\/\\\/www.maisquecuidar.com\\\/loja\\\/higiene-casa-banho\\\/cuidados-do-corpo-e-da-pele\\\/cremes-hidratantes\\\/locao-corporal-pele-atopica-500ml-farline#breadcrumb\",\"itemListElement\":[{\"@type\":\"ListItem\",\"position\":1,\"name\":\"Home\",\"item\":\"https:\\\/\\\/www.maisquecuidar.com\\\/loja\\\/\"},{\"@type\":\"ListItem\",\"position\":2,\"name\":\"Loja Online de Ortopedia e Geriatria em Portugal\",\"item\":\"https:\\\/\\\/www.maisquecuidar.com\\\/loja\\\/loja\"},{\"@type\":\"ListItem\",\"position\":3,\"name\":\"Higiene e Casa de Banho\",\"item\":\"https:\\\/\\\/www.maisquecuidar.com\\\/loja\\\/higiene-casa-banho\"},{\"@type\":\"ListItem\",\"position\":4,\"name\":\"Produtos para Cuidados do Corpo e da Pele\",\"item\":\"https:\\\/\\\/www.maisquecuidar.com\\\/loja\\\/higiene-casa-banho\\\/cuidados-do-corpo-e-da-pele\"},{\"@type\":\"ListItem\",\"position\":5,\"name\":\"Cremes Hidratantes\",\"item\":\"https:\\\/\\\/www.maisquecuidar.com\\\/loja\\\/higiene-casa-banho\\\/cuidados-do-corpo-e-da-pele\\\/cremes-hidratantes\"},{\"@type\":\"ListItem\",\"position\":6,\"name\":\"Lo\u00e7\u00e3o Corporal Pele At\u00f3pica 500 ml Farline\"}]},{\"@type\":\"WebSite\",\"@id\":\"https:\\\/\\\/www.maisquecuidar.com\\\/loja\\\/#website\",\"url\":\"https:\\\/\\\/www.maisquecuidar.com\\\/loja\\\/\",\"name\":\"Mais que Cuidar\",\"description\":\"Sa\u00fade, Ortopedia e Geriatria\",\"publisher\":{\"@id\":\"https:\\\/\\\/www.maisquecuidar.com\\\/loja\\\/#organization\"},\"potentialAction\":[{\"@type\":\"SearchAction\",\"target\":{\"@type\":\"EntryPoint\",\"urlTemplate\":\"https:\\\/\\\/www.maisquecuidar.com\\\/loja\\\/?s={search_term_string}\"},\"query-input\":{\"@type\":\"PropertyValueSpecification\",\"valueRequired\":true,\"valueName\":\"search_term_string\"}}],\"inLanguage\":\"pt-PT\"},{\"@type\":\"Organization\",\"@id\":\"https:\\\/\\\/www.maisquecuidar.com\\\/loja\\\/#organization\",\"name\":\"Mais Que Cuidar\",\"url\":\"https:\\\/\\\/www.maisquecuidar.com\\\/loja\\\/\",\"logo\":{\"@type\":\"ImageObject\",\"inLanguage\":\"pt-PT\",\"@id\":\"https:\\\/\\\/www.maisquecuidar.com\\\/loja\\\/#\\\/schema\\\/logo\\\/image\\\/\",\"url\":\"https:\\\/\\\/img.maisquecuidar.com\\\/loja\\\/wp-content\\\/uploads\\\/2019\\\/08\\\/logo-mais-que-cuidar-retina.png\",\"contentUrl\":\"https:\\\/\\\/img.maisquecuidar.com\\\/loja\\\/wp-content\\\/uploads\\\/2019\\\/08\\\/logo-mais-que-cuidar-retina.png\",\"width\":565,\"height\":75,\"caption\":\"Mais Que Cuidar\"},\"image\":{\"@id\":\"https:\\\/\\\/www.maisquecuidar.com\\\/loja\\\/#\\\/schema\\\/logo\\\/image\\\/\"},\"sameAs\":[\"https:\\\/\\\/www.facebook.com\\\/maisquecuidar.pt\",\"https:\\\/\\\/www.instagram.com\\\/maisquecuidar\"]}]}<\/script>\n<!-- \/ Yoast SEO plugin. -->","yoast_head_json":{"title":"Lo\u00e7\u00e3o Corporal Pele At\u00f3pica 500 ml Farline - Mais que Cuidar","description":"Descubra a solu\u00e7\u00e3o corporal pele at\u00f3pica da Farline que ajuda a aliviar a sensa\u00e7\u00e3o de secura e proporciona um conforto imediato. Confira o pre\u00e7o!","robots":{"index":"index","follow":"follow","max-snippet":"max-snippet:-1","max-image-preview":"max-image-preview:large","max-video-preview":"max-video-preview:-1"},"canonical":"https:\/\/www.maisquecuidar.com\/loja\/higiene-casa-banho\/cuidados-do-corpo-e-da-pele\/cremes-hidratantes\/locao-corporal-pele-atopica-500ml-farline","og_locale":"pt_PT","og_type":"article","og_title":"Lo\u00e7\u00e3o Corporal Pele At\u00f3pica 500 ml Farline - Mais que Cuidar","og_description":"Descubra a solu\u00e7\u00e3o corporal pele at\u00f3pica da Farline que ajuda a aliviar a sensa\u00e7\u00e3o de secura e proporciona um conforto imediato. Confira o pre\u00e7o!","og_url":"https:\/\/www.maisquecuidar.com\/loja\/higiene-casa-banho\/cuidados-do-corpo-e-da-pele\/cremes-hidratantes\/locao-corporal-pele-atopica-500ml-farline","og_site_name":"Mais que Cuidar","article_publisher":"https:\/\/www.facebook.com\/maisquecuidar.pt","article_modified_time":"2025-09-15T19:13:02+00:00","og_image":[{"width":1280,"height":800,"url":"https:\/\/img.maisquecuidar.com\/loja\/wp-content\/uploads\/2022\/08\/locao-corporal-pele-atopica-farline.png","type":"image\/png"}],"twitter_misc":{"Tempo estimado de leitura":"1 minuto"},"schema":{"@context":"https:\/\/schema.org","@graph":[{"@type":"WebPage","@id":"https:\/\/www.maisquecuidar.com\/loja\/higiene-casa-banho\/cuidados-do-corpo-e-da-pele\/cremes-hidratantes\/locao-corporal-pele-atopica-500ml-farline","url":"https:\/\/www.maisquecuidar.com\/loja\/higiene-casa-banho\/cuidados-do-corpo-e-da-pele\/cremes-hidratantes\/locao-corporal-pele-atopica-500ml-farline","name":"Lo\u00e7\u00e3o Corporal Pele At\u00f3pica 500 ml Farline - Mais que Cuidar","isPartOf":{"@id":"https:\/\/www.maisquecuidar.com\/loja\/#website"},"primaryImageOfPage":{"@id":"https:\/\/www.maisquecuidar.com\/loja\/higiene-casa-banho\/cuidados-do-corpo-e-da-pele\/cremes-hidratantes\/locao-corporal-pele-atopica-500ml-farline#primaryimage"},"image":{"@id":"https:\/\/www.maisquecuidar.com\/loja\/higiene-casa-banho\/cuidados-do-corpo-e-da-pele\/cremes-hidratantes\/locao-corporal-pele-atopica-500ml-farline#primaryimage"},"thumbnailUrl":"https:\/\/img.maisquecuidar.com\/loja\/wp-content\/uploads\/2022\/08\/locao-corporal-pele-atopica-farline.png","datePublished":"2022-08-04T14:32:28+00:00","dateModified":"2025-09-15T19:13:02+00:00","description":"Descubra a solu\u00e7\u00e3o corporal pele at\u00f3pica da Farline que ajuda a aliviar a sensa\u00e7\u00e3o de secura e proporciona um conforto imediato. Confira o pre\u00e7o!","breadcrumb":{"@id":"https:\/\/www.maisquecuidar.com\/loja\/higiene-casa-banho\/cuidados-do-corpo-e-da-pele\/cremes-hidratantes\/locao-corporal-pele-atopica-500ml-farline#breadcrumb"},"inLanguage":"pt-PT","potentialAction":[{"@type":"ReadAction","target":["https:\/\/www.maisquecuidar.com\/loja\/higiene-casa-banho\/cuidados-do-corpo-e-da-pele\/cremes-hidratantes\/locao-corporal-pele-atopica-500ml-farline"]}]},{"@type":"ImageObject","inLanguage":"pt-PT","@id":"https:\/\/www.maisquecuidar.com\/loja\/higiene-casa-banho\/cuidados-do-corpo-e-da-pele\/cremes-hidratantes\/locao-corporal-pele-atopica-500ml-farline#primaryimage","url":"https:\/\/img.maisquecuidar.com\/loja\/wp-content\/uploads\/2022\/08\/locao-corporal-pele-atopica-farline.png","contentUrl":"https:\/\/img.maisquecuidar.com\/loja\/wp-content\/uploads\/2022\/08\/locao-corporal-pele-atopica-farline.png","width":1280,"height":800,"caption":"Lo\u00e7\u00e3o corporal para pele at\u00f3pica da Farline embalagem com 500 ml"},{"@type":"BreadcrumbList","@id":"https:\/\/www.maisquecuidar.com\/loja\/higiene-casa-banho\/cuidados-do-corpo-e-da-pele\/cremes-hidratantes\/locao-corporal-pele-atopica-500ml-farline#breadcrumb","itemListElement":[{"@type":"ListItem","position":1,"name":"Home","item":"https:\/\/www.maisquecuidar.com\/loja\/"},{"@type":"ListItem","position":2,"name":"Loja Online de Ortopedia e Geriatria em Portugal","item":"https:\/\/www.maisquecuidar.com\/loja\/loja"},{"@type":"ListItem","position":3,"name":"Higiene e Casa de Banho","item":"https:\/\/www.maisquecuidar.com\/loja\/higiene-casa-banho"},{"@type":"ListItem","position":4,"name":"Produtos para Cuidados do Corpo e da Pele","item":"https:\/\/www.maisquecuidar.com\/loja\/higiene-casa-banho\/cuidados-do-corpo-e-da-pele"},{"@type":"ListItem","position":5,"name":"Cremes Hidratantes","item":"https:\/\/www.maisquecuidar.com\/loja\/higiene-casa-banho\/cuidados-do-corpo-e-da-pele\/cremes-hidratantes"},{"@type":"ListItem","position":6,"name":"Lo\u00e7\u00e3o Corporal Pele At\u00f3pica 500 ml Farline"}]},{"@type":"WebSite","@id":"https:\/\/www.maisquecuidar.com\/loja\/#website","url":"https:\/\/www.maisquecuidar.com\/loja\/","name":"Mais que Cuidar","description":"Sa\u00fade, Ortopedia e Geriatria","publisher":{"@id":"https:\/\/www.maisquecuidar.com\/loja\/#organization"},"potentialAction":[{"@type":"SearchAction","target":{"@type":"EntryPoint","urlTemplate":"https:\/\/www.maisquecuidar.com\/loja\/?s={search_term_string}"},"query-input":{"@type":"PropertyValueSpecification","valueRequired":true,"valueName":"search_term_string"}}],"inLanguage":"pt-PT"},{"@type":"Organization","@id":"https:\/\/www.maisquecuidar.com\/loja\/#organization","name":"Mais Que Cuidar","url":"https:\/\/www.maisquecuidar.com\/loja\/","logo":{"@type":"ImageObject","inLanguage":"pt-PT","@id":"https:\/\/www.maisquecuidar.com\/loja\/#\/schema\/logo\/image\/","url":"https:\/\/img.maisquecuidar.com\/loja\/wp-content\/uploads\/2019\/08\/logo-mais-que-cuidar-retina.png","contentUrl":"https:\/\/img.maisquecuidar.com\/loja\/wp-content\/uploads\/2019\/08\/logo-mais-que-cuidar-retina.png","width":565,"height":75,"caption":"Mais Que Cuidar"},"image":{"@id":"https:\/\/www.maisquecuidar.com\/loja\/#\/schema\/logo\/image\/"},"sameAs":["https:\/\/www.facebook.com\/maisquecuidar.pt","https:\/\/www.instagram.com\/maisquecuidar"]}]}},"_links":{"self":[{"href":"https:\/\/www.maisquecuidar.com\/loja\/wp-json\/wp\/v2\/product\/15930","targetHints":{"allow":["GET"]}}],"collection":[{"href":"https:\/\/www.maisquecuidar.com\/loja\/wp-json\/wp\/v2\/product"}],"about":[{"href":"https:\/\/www.maisquecuidar.com\/loja\/wp-json\/wp\/v2\/types\/product"}],"wp:featuredmedia":[{"embeddable":true,"href":"https:\/\/www.maisquecuidar.com\/loja\/wp-json\/wp\/v2\/media\/15931"}],"wp:attachment":[{"href":"https:\/\/www.maisquecuidar.com\/loja\/wp-json\/wp\/v2\/media?parent=15930"}],"wp:term":[{"taxonomy":"product_brand","embeddable":true,"href":"https:\/\/www.maisquecuidar.com\/loja\/wp-json\/wp\/v2\/product_brand?post=15930"},{"taxonomy":"product_cat","embeddable":true,"href":"https:\/\/www.maisquecuidar.com\/loja\/wp-json\/wp\/v2\/product_cat?post=15930"},{"taxonomy":"product_tag","embeddable":true,"href":"https:\/\/www.maisquecuidar.com\/loja\/wp-json\/wp\/v2\/product_tag?post=15930"}],"curies":[{"name":"wp","href":"https:\/\/api.w.org\/{rel}","templated":true}]}}