{"id":15911,"date":"2022-08-03T14:41:16","date_gmt":"2022-08-03T13:41:16","guid":{"rendered":"https:\/\/www.maisquecuidar.com\/loja\/?post_type=product&#038;p=15911"},"modified":"2025-09-15T20:13:00","modified_gmt":"2025-09-15T19:13:00","slug":"oleo-protetor-em-spray-molicare-skin","status":"publish","type":"product","link":"https:\/\/www.maisquecuidar.com\/loja\/higiene-casa-banho\/cuidados-do-corpo-e-da-pele\/muda-da-fralda\/oleo-protetor-em-spray-molicare-skin","title":{"rendered":"\u00d3leo Protetor em Spray Molicare Skin 200ml"},"content":{"rendered":"<p>O \u00d3leo Protetor em Spray Molicare Skin fabricado pela marca Hartmann \u00e9 indicado para peles maduras e muito secas que precisam de prote\u00e7\u00e3o espec\u00edfica. Forma uma camada protetora para prevenir a desidrata\u00e7\u00e3o da pele.<\/p>\n<h3>Composi\u00e7\u00e3o<\/h3>\n<ul>\n<li><strong>Pantenol:<\/strong> respons\u00e1vel pelo bom funcionamento das enzimas e essencial para a reposi\u00e7\u00e3o de prote\u00ednas e lip\u00eddios na pele.<\/li>\n<li><strong>\u00d3leo de am\u00eandoas:<\/strong> rico em vitamina A, B1, B2 e B6 e muito rico em vitamina E, \u00e9 considerado um poderoso antioxidante. Hidrata, amacia a pele, previne rugas e melhora a elasticidade da pele. \u00c9 anti-inflamat\u00f3rio, calmante e ajuda a recuperar a oleosidade natural da pele seca.<\/li>\n<\/ul>\n<h3>Caracter\u00edsticas em destaque:<\/h3>\n<ul>\n<li>Aroma refrescante com um novo neutralizador de odores.<\/li>\n<li>Prote\u00e7\u00e3o das zonas sens\u00edveis da pele contra subst\u00e2ncias nocivas.<\/li>\n<\/ul>\n","protected":false},"excerpt":{"rendered":"<p>\u00d3leo protetor indicado para a prote\u00e7\u00e3o da pele em caso de incontin\u00eancia.<\/p>\n","protected":false},"featured_media":15912,"template":"","meta":{"_acf_changed":false,"neve_meta_sidebar":"","neve_meta_container":"","neve_meta_enable_content_width":"","neve_meta_content_width":0,"neve_meta_title_alignment":"","neve_meta_author_avatar":"","neve_post_elements_order":"","neve_meta_disable_header":"","neve_meta_disable_footer":"","neve_meta_disable_title":""},"product_brand":[],"product_cat":[731],"product_tag":[],"class_list":{"0":"post-15911","1":"product","2":"type-product","3":"status-publish","4":"has-post-thumbnail","6":"product_cat-muda-da-fralda","8":"first","9":"instock","10":"taxable","11":"shipping-taxable","12":"purchasable","13":"product-type-simple"},"acf":[],"yoast_head":"<!-- This site is optimized with the Yoast SEO plugin v27.4 - https:\/\/yoast.com\/product\/yoast-seo-wordpress\/ -->\n<title>\u00d3leo Protetor em Spray Molicare Skin 200ml - Mais que Cuidar<\/title>\n<meta name=\"description\" content=\"Descubra o \u00f3leo protetor em spray molicare skin indicado para peles maduras e muito secas que precisam de prote\u00e7\u00e3o espec\u00edfica em situa\u00e7\u00f5es de incontin\u00eancia.\" \/>\n<meta name=\"robots\" content=\"index, follow, max-snippet:-1, max-image-preview:large, max-video-preview:-1\" \/>\n<link rel=\"canonical\" href=\"https:\/\/www.maisquecuidar.com\/loja\/higiene-casa-banho\/cuidados-do-corpo-e-da-pele\/muda-da-fralda\/oleo-protetor-em-spray-molicare-skin\" \/>\n<meta property=\"og:locale\" content=\"pt_PT\" \/>\n<meta property=\"og:type\" content=\"article\" \/>\n<meta property=\"og:title\" content=\"\u00d3leo Protetor em Spray Molicare Skin 200ml - Mais que Cuidar\" \/>\n<meta property=\"og:description\" content=\"Descubra o \u00f3leo protetor em spray molicare skin indicado para peles maduras e muito secas que precisam de prote\u00e7\u00e3o espec\u00edfica em situa\u00e7\u00f5es de incontin\u00eancia.\" \/>\n<meta property=\"og:url\" content=\"https:\/\/www.maisquecuidar.com\/loja\/higiene-casa-banho\/cuidados-do-corpo-e-da-pele\/muda-da-fralda\/oleo-protetor-em-spray-molicare-skin\" \/>\n<meta property=\"og:site_name\" content=\"Mais que Cuidar\" \/>\n<meta property=\"article:publisher\" content=\"https:\/\/www.facebook.com\/maisquecuidar.pt\" \/>\n<meta property=\"article:modified_time\" content=\"2025-09-15T19:13:00+00:00\" \/>\n<meta property=\"og:image\" content=\"https:\/\/img.maisquecuidar.com\/loja\/wp-content\/uploads\/2022\/08\/oleo-protetor-spray-molicare-skin.png\" \/>\n\t<meta property=\"og:image:width\" content=\"1280\" \/>\n\t<meta property=\"og:image:height\" content=\"800\" \/>\n\t<meta property=\"og:image:type\" content=\"image\/png\" \/>\n<meta name=\"twitter:label1\" content=\"Tempo estimado de leitura\" \/>\n\t<meta name=\"twitter:data1\" content=\"1 minuto\" \/>\n<script type=\"application\/ld+json\" class=\"yoast-schema-graph\">{\"@context\":\"https:\\\/\\\/schema.org\",\"@graph\":[{\"@type\":\"WebPage\",\"@id\":\"https:\\\/\\\/www.maisquecuidar.com\\\/loja\\\/higiene-casa-banho\\\/cuidados-do-corpo-e-da-pele\\\/muda-da-fralda\\\/oleo-protetor-em-spray-molicare-skin\",\"url\":\"https:\\\/\\\/www.maisquecuidar.com\\\/loja\\\/higiene-casa-banho\\\/cuidados-do-corpo-e-da-pele\\\/muda-da-fralda\\\/oleo-protetor-em-spray-molicare-skin\",\"name\":\"\u00d3leo Protetor em Spray Molicare Skin 200ml - Mais que Cuidar\",\"isPartOf\":{\"@id\":\"https:\\\/\\\/www.maisquecuidar.com\\\/loja\\\/#website\"},\"primaryImageOfPage\":{\"@id\":\"https:\\\/\\\/www.maisquecuidar.com\\\/loja\\\/higiene-casa-banho\\\/cuidados-do-corpo-e-da-pele\\\/muda-da-fralda\\\/oleo-protetor-em-spray-molicare-skin#primaryimage\"},\"image\":{\"@id\":\"https:\\\/\\\/www.maisquecuidar.com\\\/loja\\\/higiene-casa-banho\\\/cuidados-do-corpo-e-da-pele\\\/muda-da-fralda\\\/oleo-protetor-em-spray-molicare-skin#primaryimage\"},\"thumbnailUrl\":\"https:\\\/\\\/img.maisquecuidar.com\\\/loja\\\/wp-content\\\/uploads\\\/2022\\\/08\\\/oleo-protetor-spray-molicare-skin.png\",\"datePublished\":\"2022-08-03T13:41:16+00:00\",\"dateModified\":\"2025-09-15T19:13:00+00:00\",\"description\":\"Descubra o \u00f3leo protetor em spray molicare skin indicado para peles maduras e muito secas que precisam de prote\u00e7\u00e3o espec\u00edfica em situa\u00e7\u00f5es de incontin\u00eancia.\",\"breadcrumb\":{\"@id\":\"https:\\\/\\\/www.maisquecuidar.com\\\/loja\\\/higiene-casa-banho\\\/cuidados-do-corpo-e-da-pele\\\/muda-da-fralda\\\/oleo-protetor-em-spray-molicare-skin#breadcrumb\"},\"inLanguage\":\"pt-PT\",\"potentialAction\":[{\"@type\":\"ReadAction\",\"target\":[\"https:\\\/\\\/www.maisquecuidar.com\\\/loja\\\/higiene-casa-banho\\\/cuidados-do-corpo-e-da-pele\\\/muda-da-fralda\\\/oleo-protetor-em-spray-molicare-skin\"]}]},{\"@type\":\"ImageObject\",\"inLanguage\":\"pt-PT\",\"@id\":\"https:\\\/\\\/www.maisquecuidar.com\\\/loja\\\/higiene-casa-banho\\\/cuidados-do-corpo-e-da-pele\\\/muda-da-fralda\\\/oleo-protetor-em-spray-molicare-skin#primaryimage\",\"url\":\"https:\\\/\\\/img.maisquecuidar.com\\\/loja\\\/wp-content\\\/uploads\\\/2022\\\/08\\\/oleo-protetor-spray-molicare-skin.png\",\"contentUrl\":\"https:\\\/\\\/img.maisquecuidar.com\\\/loja\\\/wp-content\\\/uploads\\\/2022\\\/08\\\/oleo-protetor-spray-molicare-skin.png\",\"width\":1280,\"height\":800,\"caption\":\"\u00d3leo protetor em spray Molicare Skin da Hartmann\"},{\"@type\":\"BreadcrumbList\",\"@id\":\"https:\\\/\\\/www.maisquecuidar.com\\\/loja\\\/higiene-casa-banho\\\/cuidados-do-corpo-e-da-pele\\\/muda-da-fralda\\\/oleo-protetor-em-spray-molicare-skin#breadcrumb\",\"itemListElement\":[{\"@type\":\"ListItem\",\"position\":1,\"name\":\"Home\",\"item\":\"https:\\\/\\\/www.maisquecuidar.com\\\/loja\\\/\"},{\"@type\":\"ListItem\",\"position\":2,\"name\":\"Loja Online de Ortopedia e Geriatria em Portugal\",\"item\":\"https:\\\/\\\/www.maisquecuidar.com\\\/loja\\\/loja\"},{\"@type\":\"ListItem\",\"position\":3,\"name\":\"Higiene e Casa de Banho\",\"item\":\"https:\\\/\\\/www.maisquecuidar.com\\\/loja\\\/higiene-casa-banho\"},{\"@type\":\"ListItem\",\"position\":4,\"name\":\"Produtos para Cuidados do Corpo e da Pele\",\"item\":\"https:\\\/\\\/www.maisquecuidar.com\\\/loja\\\/higiene-casa-banho\\\/cuidados-do-corpo-e-da-pele\"},{\"@type\":\"ListItem\",\"position\":5,\"name\":\"Muda da Fralda\",\"item\":\"https:\\\/\\\/www.maisquecuidar.com\\\/loja\\\/higiene-casa-banho\\\/cuidados-do-corpo-e-da-pele\\\/muda-da-fralda\"},{\"@type\":\"ListItem\",\"position\":6,\"name\":\"\u00d3leo Protetor em Spray Molicare Skin 200ml\"}]},{\"@type\":\"WebSite\",\"@id\":\"https:\\\/\\\/www.maisquecuidar.com\\\/loja\\\/#website\",\"url\":\"https:\\\/\\\/www.maisquecuidar.com\\\/loja\\\/\",\"name\":\"Mais que Cuidar\",\"description\":\"Sa\u00fade, Ortopedia e Geriatria\",\"publisher\":{\"@id\":\"https:\\\/\\\/www.maisquecuidar.com\\\/loja\\\/#organization\"},\"potentialAction\":[{\"@type\":\"SearchAction\",\"target\":{\"@type\":\"EntryPoint\",\"urlTemplate\":\"https:\\\/\\\/www.maisquecuidar.com\\\/loja\\\/?s={search_term_string}\"},\"query-input\":{\"@type\":\"PropertyValueSpecification\",\"valueRequired\":true,\"valueName\":\"search_term_string\"}}],\"inLanguage\":\"pt-PT\"},{\"@type\":\"Organization\",\"@id\":\"https:\\\/\\\/www.maisquecuidar.com\\\/loja\\\/#organization\",\"name\":\"Mais Que Cuidar\",\"url\":\"https:\\\/\\\/www.maisquecuidar.com\\\/loja\\\/\",\"logo\":{\"@type\":\"ImageObject\",\"inLanguage\":\"pt-PT\",\"@id\":\"https:\\\/\\\/www.maisquecuidar.com\\\/loja\\\/#\\\/schema\\\/logo\\\/image\\\/\",\"url\":\"https:\\\/\\\/img.maisquecuidar.com\\\/loja\\\/wp-content\\\/uploads\\\/2019\\\/08\\\/logo-mais-que-cuidar-retina.png\",\"contentUrl\":\"https:\\\/\\\/img.maisquecuidar.com\\\/loja\\\/wp-content\\\/uploads\\\/2019\\\/08\\\/logo-mais-que-cuidar-retina.png\",\"width\":565,\"height\":75,\"caption\":\"Mais Que Cuidar\"},\"image\":{\"@id\":\"https:\\\/\\\/www.maisquecuidar.com\\\/loja\\\/#\\\/schema\\\/logo\\\/image\\\/\"},\"sameAs\":[\"https:\\\/\\\/www.facebook.com\\\/maisquecuidar.pt\",\"https:\\\/\\\/www.instagram.com\\\/maisquecuidar\"]}]}<\/script>\n<!-- \/ Yoast SEO plugin. -->","yoast_head_json":{"title":"\u00d3leo Protetor em Spray Molicare Skin 200ml - Mais que Cuidar","description":"Descubra o \u00f3leo protetor em spray molicare skin indicado para peles maduras e muito secas que precisam de prote\u00e7\u00e3o espec\u00edfica em situa\u00e7\u00f5es de incontin\u00eancia.","robots":{"index":"index","follow":"follow","max-snippet":"max-snippet:-1","max-image-preview":"max-image-preview:large","max-video-preview":"max-video-preview:-1"},"canonical":"https:\/\/www.maisquecuidar.com\/loja\/higiene-casa-banho\/cuidados-do-corpo-e-da-pele\/muda-da-fralda\/oleo-protetor-em-spray-molicare-skin","og_locale":"pt_PT","og_type":"article","og_title":"\u00d3leo Protetor em Spray Molicare Skin 200ml - Mais que Cuidar","og_description":"Descubra o \u00f3leo protetor em spray molicare skin indicado para peles maduras e muito secas que precisam de prote\u00e7\u00e3o espec\u00edfica em situa\u00e7\u00f5es de incontin\u00eancia.","og_url":"https:\/\/www.maisquecuidar.com\/loja\/higiene-casa-banho\/cuidados-do-corpo-e-da-pele\/muda-da-fralda\/oleo-protetor-em-spray-molicare-skin","og_site_name":"Mais que Cuidar","article_publisher":"https:\/\/www.facebook.com\/maisquecuidar.pt","article_modified_time":"2025-09-15T19:13:00+00:00","og_image":[{"width":1280,"height":800,"url":"https:\/\/img.maisquecuidar.com\/loja\/wp-content\/uploads\/2022\/08\/oleo-protetor-spray-molicare-skin.png","type":"image\/png"}],"twitter_misc":{"Tempo estimado de leitura":"1 minuto"},"schema":{"@context":"https:\/\/schema.org","@graph":[{"@type":"WebPage","@id":"https:\/\/www.maisquecuidar.com\/loja\/higiene-casa-banho\/cuidados-do-corpo-e-da-pele\/muda-da-fralda\/oleo-protetor-em-spray-molicare-skin","url":"https:\/\/www.maisquecuidar.com\/loja\/higiene-casa-banho\/cuidados-do-corpo-e-da-pele\/muda-da-fralda\/oleo-protetor-em-spray-molicare-skin","name":"\u00d3leo Protetor em Spray Molicare Skin 200ml - Mais que Cuidar","isPartOf":{"@id":"https:\/\/www.maisquecuidar.com\/loja\/#website"},"primaryImageOfPage":{"@id":"https:\/\/www.maisquecuidar.com\/loja\/higiene-casa-banho\/cuidados-do-corpo-e-da-pele\/muda-da-fralda\/oleo-protetor-em-spray-molicare-skin#primaryimage"},"image":{"@id":"https:\/\/www.maisquecuidar.com\/loja\/higiene-casa-banho\/cuidados-do-corpo-e-da-pele\/muda-da-fralda\/oleo-protetor-em-spray-molicare-skin#primaryimage"},"thumbnailUrl":"https:\/\/img.maisquecuidar.com\/loja\/wp-content\/uploads\/2022\/08\/oleo-protetor-spray-molicare-skin.png","datePublished":"2022-08-03T13:41:16+00:00","dateModified":"2025-09-15T19:13:00+00:00","description":"Descubra o \u00f3leo protetor em spray molicare skin indicado para peles maduras e muito secas que precisam de prote\u00e7\u00e3o espec\u00edfica em situa\u00e7\u00f5es de incontin\u00eancia.","breadcrumb":{"@id":"https:\/\/www.maisquecuidar.com\/loja\/higiene-casa-banho\/cuidados-do-corpo-e-da-pele\/muda-da-fralda\/oleo-protetor-em-spray-molicare-skin#breadcrumb"},"inLanguage":"pt-PT","potentialAction":[{"@type":"ReadAction","target":["https:\/\/www.maisquecuidar.com\/loja\/higiene-casa-banho\/cuidados-do-corpo-e-da-pele\/muda-da-fralda\/oleo-protetor-em-spray-molicare-skin"]}]},{"@type":"ImageObject","inLanguage":"pt-PT","@id":"https:\/\/www.maisquecuidar.com\/loja\/higiene-casa-banho\/cuidados-do-corpo-e-da-pele\/muda-da-fralda\/oleo-protetor-em-spray-molicare-skin#primaryimage","url":"https:\/\/img.maisquecuidar.com\/loja\/wp-content\/uploads\/2022\/08\/oleo-protetor-spray-molicare-skin.png","contentUrl":"https:\/\/img.maisquecuidar.com\/loja\/wp-content\/uploads\/2022\/08\/oleo-protetor-spray-molicare-skin.png","width":1280,"height":800,"caption":"\u00d3leo protetor em spray Molicare Skin da Hartmann"},{"@type":"BreadcrumbList","@id":"https:\/\/www.maisquecuidar.com\/loja\/higiene-casa-banho\/cuidados-do-corpo-e-da-pele\/muda-da-fralda\/oleo-protetor-em-spray-molicare-skin#breadcrumb","itemListElement":[{"@type":"ListItem","position":1,"name":"Home","item":"https:\/\/www.maisquecuidar.com\/loja\/"},{"@type":"ListItem","position":2,"name":"Loja Online de Ortopedia e Geriatria em Portugal","item":"https:\/\/www.maisquecuidar.com\/loja\/loja"},{"@type":"ListItem","position":3,"name":"Higiene e Casa de Banho","item":"https:\/\/www.maisquecuidar.com\/loja\/higiene-casa-banho"},{"@type":"ListItem","position":4,"name":"Produtos para Cuidados do Corpo e da Pele","item":"https:\/\/www.maisquecuidar.com\/loja\/higiene-casa-banho\/cuidados-do-corpo-e-da-pele"},{"@type":"ListItem","position":5,"name":"Muda da Fralda","item":"https:\/\/www.maisquecuidar.com\/loja\/higiene-casa-banho\/cuidados-do-corpo-e-da-pele\/muda-da-fralda"},{"@type":"ListItem","position":6,"name":"\u00d3leo Protetor em Spray Molicare Skin 200ml"}]},{"@type":"WebSite","@id":"https:\/\/www.maisquecuidar.com\/loja\/#website","url":"https:\/\/www.maisquecuidar.com\/loja\/","name":"Mais que Cuidar","description":"Sa\u00fade, Ortopedia e Geriatria","publisher":{"@id":"https:\/\/www.maisquecuidar.com\/loja\/#organization"},"potentialAction":[{"@type":"SearchAction","target":{"@type":"EntryPoint","urlTemplate":"https:\/\/www.maisquecuidar.com\/loja\/?s={search_term_string}"},"query-input":{"@type":"PropertyValueSpecification","valueRequired":true,"valueName":"search_term_string"}}],"inLanguage":"pt-PT"},{"@type":"Organization","@id":"https:\/\/www.maisquecuidar.com\/loja\/#organization","name":"Mais Que Cuidar","url":"https:\/\/www.maisquecuidar.com\/loja\/","logo":{"@type":"ImageObject","inLanguage":"pt-PT","@id":"https:\/\/www.maisquecuidar.com\/loja\/#\/schema\/logo\/image\/","url":"https:\/\/img.maisquecuidar.com\/loja\/wp-content\/uploads\/2019\/08\/logo-mais-que-cuidar-retina.png","contentUrl":"https:\/\/img.maisquecuidar.com\/loja\/wp-content\/uploads\/2019\/08\/logo-mais-que-cuidar-retina.png","width":565,"height":75,"caption":"Mais Que Cuidar"},"image":{"@id":"https:\/\/www.maisquecuidar.com\/loja\/#\/schema\/logo\/image\/"},"sameAs":["https:\/\/www.facebook.com\/maisquecuidar.pt","https:\/\/www.instagram.com\/maisquecuidar"]}]}},"_links":{"self":[{"href":"https:\/\/www.maisquecuidar.com\/loja\/wp-json\/wp\/v2\/product\/15911","targetHints":{"allow":["GET"]}}],"collection":[{"href":"https:\/\/www.maisquecuidar.com\/loja\/wp-json\/wp\/v2\/product"}],"about":[{"href":"https:\/\/www.maisquecuidar.com\/loja\/wp-json\/wp\/v2\/types\/product"}],"wp:featuredmedia":[{"embeddable":true,"href":"https:\/\/www.maisquecuidar.com\/loja\/wp-json\/wp\/v2\/media\/15912"}],"wp:attachment":[{"href":"https:\/\/www.maisquecuidar.com\/loja\/wp-json\/wp\/v2\/media?parent=15911"}],"wp:term":[{"taxonomy":"product_brand","embeddable":true,"href":"https:\/\/www.maisquecuidar.com\/loja\/wp-json\/wp\/v2\/product_brand?post=15911"},{"taxonomy":"product_cat","embeddable":true,"href":"https:\/\/www.maisquecuidar.com\/loja\/wp-json\/wp\/v2\/product_cat?post=15911"},{"taxonomy":"product_tag","embeddable":true,"href":"https:\/\/www.maisquecuidar.com\/loja\/wp-json\/wp\/v2\/product_tag?post=15911"}],"curies":[{"name":"wp","href":"https:\/\/api.w.org\/{rel}","templated":true}]}}