{"id":15905,"date":"2022-07-29T18:03:17","date_gmt":"2022-07-29T17:03:17","guid":{"rendered":"https:\/\/www.maisquecuidar.com\/loja\/?post_type=product&#038;p=15905"},"modified":"2025-09-15T20:12:59","modified_gmt":"2025-09-15T19:12:59","slug":"toalhetes-humedecidos-molicare-skin","status":"publish","type":"product","link":"https:\/\/www.maisquecuidar.com\/loja\/higiene-casa-banho\/cuidados-do-corpo-e-da-pele\/muda-da-fralda\/toalhetes-humedecidos-molicare-skin","title":{"rendered":"Toalhetes Humedecidos Molicare Skin 50 unidades"},"content":{"rendered":"<p>Os toalhetes humedecidos Molicare Skin s\u00e3o fabricados pela marca Hartmann, proporcionam uma limpeza profunda e r\u00e1pida da zona \u00edntima de pessoas que sofrem de incontin\u00eancia. S\u00e3o compostos por Pantenol e \u00d3leo de Am\u00eandoas, protegem e nutrem peles sens\u00edveis.<\/p>\n<h3>Composi\u00e7\u00e3o<\/h3>\n<ul>\n<li><strong>Pantenol:<\/strong> respons\u00e1vel pelo bom funcionamento dos enzimas e \u00e9 essencial para a reposi\u00e7\u00e3o de prote\u00ednas e lip\u00eddios na pele.<\/li>\n<li><strong>\u00d3leo de Am\u00eandoas:<\/strong> rico em vitamina A, B1, B2 e B6 e muito rico em vitamina E, por esse motivo \u00e9 considerado um \u00f3timo antioxidante. Hidrata e amacia a pele, previne rugas e melhora a elasticidade da pele. \u00c9 anti-inflamat\u00f3rio e calmante para a pele e ajuda a recuperar a oleosidade natural da pele seca.<\/li>\n<li><strong>N\u00e3o cont\u00e9m \u00e1lcool.<\/strong><\/li>\n<li><strong>PH neutro de 5,5.<\/strong><\/li>\n<\/ul>\n<h3>Indica\u00e7\u00f5es<\/h3>\n<ul>\n<li>Recomendado para uma limpeza r\u00e1pida e pr\u00e1tica em caso de incontin\u00eancia.<\/li>\n<li>Apropriado para uma limpeza profunda e completa de pessoas acamadas ou com pouca mobilidade.<\/li>\n<li>Ajuda a evitar que suje as m\u00e3os no momento da limpeza devido \u00e0 sua espessura extra.<\/li>\n<\/ul>\n<h3>Caracter\u00edsticas em destaque:<\/h3>\n<ul>\n<li>Embalagem com 50 unidades.<\/li>\n<li>Dermatologicamente testado.<\/li>\n<li>N\u00e3o cont\u00e9m subst\u00e2ncias que provocam alergias.<\/li>\n<li>Toalhetes extra-grandes (200&#215;300) e muito suaves.<\/li>\n<li>Embalagem com novo sistema de abertura.<\/li>\n<\/ul>\n","protected":false},"excerpt":{"rendered":"<p>Toalhetes sem \u00e1lcool indicados para uma limpeza r\u00e1pida e pr\u00e1tica em caso de incontin\u00eancia.<\/p>\n","protected":false},"featured_media":15906,"template":"","meta":{"_acf_changed":false,"neve_meta_sidebar":"","neve_meta_container":"","neve_meta_enable_content_width":"","neve_meta_content_width":0,"neve_meta_title_alignment":"","neve_meta_author_avatar":"","neve_post_elements_order":"","neve_meta_disable_header":"","neve_meta_disable_footer":"","neve_meta_disable_title":""},"product_brand":[],"product_cat":[504,503,731],"product_tag":[],"class_list":{"0":"post-15905","1":"product","2":"type-product","3":"status-publish","4":"has-post-thumbnail","6":"product_cat-cueca","7":"product_cat-adultos","8":"product_cat-muda-da-fralda","10":"first","11":"instock","12":"taxable","13":"shipping-taxable","14":"purchasable","15":"product-type-simple"},"acf":[],"yoast_head":"<!-- This site is optimized with the Yoast SEO plugin v27.4 - https:\/\/yoast.com\/product\/yoast-seo-wordpress\/ -->\n<title>Toalhetes Humedecidos Molicare Skin 50 unidades<\/title>\n<meta name=\"description\" content=\"Conhe\u00e7a os toalhetes humedecidos Molicare Skin indicados para uma limpeza r\u00e1pida e pr\u00e1tica em situa\u00e7\u00f5es de incontin\u00eancia. Confira o pre\u00e7o!\" \/>\n<meta name=\"robots\" content=\"index, follow, max-snippet:-1, max-image-preview:large, max-video-preview:-1\" \/>\n<link rel=\"canonical\" href=\"https:\/\/www.maisquecuidar.com\/loja\/higiene-casa-banho\/cuidados-do-corpo-e-da-pele\/muda-da-fralda\/toalhetes-humedecidos-molicare-skin\" \/>\n<meta property=\"og:locale\" content=\"pt_PT\" \/>\n<meta property=\"og:type\" content=\"article\" \/>\n<meta property=\"og:title\" content=\"Toalhetes Humedecidos Molicare Skin 50 unidades\" \/>\n<meta property=\"og:description\" content=\"Conhe\u00e7a os toalhetes humedecidos Molicare Skin indicados para uma limpeza r\u00e1pida e pr\u00e1tica em situa\u00e7\u00f5es de incontin\u00eancia. Confira o pre\u00e7o!\" \/>\n<meta property=\"og:url\" content=\"https:\/\/www.maisquecuidar.com\/loja\/higiene-casa-banho\/cuidados-do-corpo-e-da-pele\/muda-da-fralda\/toalhetes-humedecidos-molicare-skin\" \/>\n<meta property=\"og:site_name\" content=\"Mais que Cuidar\" \/>\n<meta property=\"article:publisher\" content=\"https:\/\/www.facebook.com\/maisquecuidar.pt\" \/>\n<meta property=\"article:modified_time\" content=\"2025-09-15T19:12:59+00:00\" \/>\n<meta property=\"og:image\" content=\"https:\/\/img.maisquecuidar.com\/loja\/wp-content\/uploads\/2022\/07\/toalhetes-humedecidos-molicare-skin.png\" \/>\n\t<meta property=\"og:image:width\" content=\"1280\" \/>\n\t<meta property=\"og:image:height\" content=\"800\" \/>\n\t<meta property=\"og:image:type\" content=\"image\/png\" \/>\n<meta name=\"twitter:label1\" content=\"Tempo estimado de leitura\" \/>\n\t<meta name=\"twitter:data1\" content=\"2 minutos\" \/>\n<script type=\"application\/ld+json\" class=\"yoast-schema-graph\">{\"@context\":\"https:\\\/\\\/schema.org\",\"@graph\":[{\"@type\":\"WebPage\",\"@id\":\"https:\\\/\\\/www.maisquecuidar.com\\\/loja\\\/higiene-casa-banho\\\/cuidados-do-corpo-e-da-pele\\\/muda-da-fralda\\\/toalhetes-humedecidos-molicare-skin\",\"url\":\"https:\\\/\\\/www.maisquecuidar.com\\\/loja\\\/higiene-casa-banho\\\/cuidados-do-corpo-e-da-pele\\\/muda-da-fralda\\\/toalhetes-humedecidos-molicare-skin\",\"name\":\"Toalhetes Humedecidos Molicare Skin 50 unidades\",\"isPartOf\":{\"@id\":\"https:\\\/\\\/www.maisquecuidar.com\\\/loja\\\/#website\"},\"primaryImageOfPage\":{\"@id\":\"https:\\\/\\\/www.maisquecuidar.com\\\/loja\\\/higiene-casa-banho\\\/cuidados-do-corpo-e-da-pele\\\/muda-da-fralda\\\/toalhetes-humedecidos-molicare-skin#primaryimage\"},\"image\":{\"@id\":\"https:\\\/\\\/www.maisquecuidar.com\\\/loja\\\/higiene-casa-banho\\\/cuidados-do-corpo-e-da-pele\\\/muda-da-fralda\\\/toalhetes-humedecidos-molicare-skin#primaryimage\"},\"thumbnailUrl\":\"https:\\\/\\\/img.maisquecuidar.com\\\/loja\\\/wp-content\\\/uploads\\\/2022\\\/07\\\/toalhetes-humedecidos-molicare-skin.png\",\"datePublished\":\"2022-07-29T17:03:17+00:00\",\"dateModified\":\"2025-09-15T19:12:59+00:00\",\"description\":\"Conhe\u00e7a os toalhetes humedecidos Molicare Skin indicados para uma limpeza r\u00e1pida e pr\u00e1tica em situa\u00e7\u00f5es de incontin\u00eancia. Confira o pre\u00e7o!\",\"breadcrumb\":{\"@id\":\"https:\\\/\\\/www.maisquecuidar.com\\\/loja\\\/higiene-casa-banho\\\/cuidados-do-corpo-e-da-pele\\\/muda-da-fralda\\\/toalhetes-humedecidos-molicare-skin#breadcrumb\"},\"inLanguage\":\"pt-PT\",\"potentialAction\":[{\"@type\":\"ReadAction\",\"target\":[\"https:\\\/\\\/www.maisquecuidar.com\\\/loja\\\/higiene-casa-banho\\\/cuidados-do-corpo-e-da-pele\\\/muda-da-fralda\\\/toalhetes-humedecidos-molicare-skin\"]}]},{\"@type\":\"ImageObject\",\"inLanguage\":\"pt-PT\",\"@id\":\"https:\\\/\\\/www.maisquecuidar.com\\\/loja\\\/higiene-casa-banho\\\/cuidados-do-corpo-e-da-pele\\\/muda-da-fralda\\\/toalhetes-humedecidos-molicare-skin#primaryimage\",\"url\":\"https:\\\/\\\/img.maisquecuidar.com\\\/loja\\\/wp-content\\\/uploads\\\/2022\\\/07\\\/toalhetes-humedecidos-molicare-skin.png\",\"contentUrl\":\"https:\\\/\\\/img.maisquecuidar.com\\\/loja\\\/wp-content\\\/uploads\\\/2022\\\/07\\\/toalhetes-humedecidos-molicare-skin.png\",\"width\":1280,\"height\":800,\"caption\":\"Toalhetes humedecidos Molicare Skin 50 unidades\"},{\"@type\":\"BreadcrumbList\",\"@id\":\"https:\\\/\\\/www.maisquecuidar.com\\\/loja\\\/higiene-casa-banho\\\/cuidados-do-corpo-e-da-pele\\\/muda-da-fralda\\\/toalhetes-humedecidos-molicare-skin#breadcrumb\",\"itemListElement\":[{\"@type\":\"ListItem\",\"position\":1,\"name\":\"Home\",\"item\":\"https:\\\/\\\/www.maisquecuidar.com\\\/loja\\\/\"},{\"@type\":\"ListItem\",\"position\":2,\"name\":\"Loja Online de Ortopedia e Geriatria em Portugal\",\"item\":\"https:\\\/\\\/www.maisquecuidar.com\\\/loja\\\/loja\"},{\"@type\":\"ListItem\",\"position\":3,\"name\":\"Higiene e Casa de Banho\",\"item\":\"https:\\\/\\\/www.maisquecuidar.com\\\/loja\\\/higiene-casa-banho\"},{\"@type\":\"ListItem\",\"position\":4,\"name\":\"Produtos para Cuidados do Corpo e da Pele\",\"item\":\"https:\\\/\\\/www.maisquecuidar.com\\\/loja\\\/higiene-casa-banho\\\/cuidados-do-corpo-e-da-pele\"},{\"@type\":\"ListItem\",\"position\":5,\"name\":\"Muda da Fralda\",\"item\":\"https:\\\/\\\/www.maisquecuidar.com\\\/loja\\\/higiene-casa-banho\\\/cuidados-do-corpo-e-da-pele\\\/muda-da-fralda\"},{\"@type\":\"ListItem\",\"position\":6,\"name\":\"Toalhetes Humedecidos Molicare Skin 50 unidades\"}]},{\"@type\":\"WebSite\",\"@id\":\"https:\\\/\\\/www.maisquecuidar.com\\\/loja\\\/#website\",\"url\":\"https:\\\/\\\/www.maisquecuidar.com\\\/loja\\\/\",\"name\":\"Mais que Cuidar\",\"description\":\"Sa\u00fade, Ortopedia e Geriatria\",\"publisher\":{\"@id\":\"https:\\\/\\\/www.maisquecuidar.com\\\/loja\\\/#organization\"},\"potentialAction\":[{\"@type\":\"SearchAction\",\"target\":{\"@type\":\"EntryPoint\",\"urlTemplate\":\"https:\\\/\\\/www.maisquecuidar.com\\\/loja\\\/?s={search_term_string}\"},\"query-input\":{\"@type\":\"PropertyValueSpecification\",\"valueRequired\":true,\"valueName\":\"search_term_string\"}}],\"inLanguage\":\"pt-PT\"},{\"@type\":\"Organization\",\"@id\":\"https:\\\/\\\/www.maisquecuidar.com\\\/loja\\\/#organization\",\"name\":\"Mais Que Cuidar\",\"url\":\"https:\\\/\\\/www.maisquecuidar.com\\\/loja\\\/\",\"logo\":{\"@type\":\"ImageObject\",\"inLanguage\":\"pt-PT\",\"@id\":\"https:\\\/\\\/www.maisquecuidar.com\\\/loja\\\/#\\\/schema\\\/logo\\\/image\\\/\",\"url\":\"https:\\\/\\\/img.maisquecuidar.com\\\/loja\\\/wp-content\\\/uploads\\\/2019\\\/08\\\/logo-mais-que-cuidar-retina.png\",\"contentUrl\":\"https:\\\/\\\/img.maisquecuidar.com\\\/loja\\\/wp-content\\\/uploads\\\/2019\\\/08\\\/logo-mais-que-cuidar-retina.png\",\"width\":565,\"height\":75,\"caption\":\"Mais Que Cuidar\"},\"image\":{\"@id\":\"https:\\\/\\\/www.maisquecuidar.com\\\/loja\\\/#\\\/schema\\\/logo\\\/image\\\/\"},\"sameAs\":[\"https:\\\/\\\/www.facebook.com\\\/maisquecuidar.pt\",\"https:\\\/\\\/www.instagram.com\\\/maisquecuidar\"]}]}<\/script>\n<!-- \/ Yoast SEO plugin. -->","yoast_head_json":{"title":"Toalhetes Humedecidos Molicare Skin 50 unidades","description":"Conhe\u00e7a os toalhetes humedecidos Molicare Skin indicados para uma limpeza r\u00e1pida e pr\u00e1tica em situa\u00e7\u00f5es de incontin\u00eancia. Confira o pre\u00e7o!","robots":{"index":"index","follow":"follow","max-snippet":"max-snippet:-1","max-image-preview":"max-image-preview:large","max-video-preview":"max-video-preview:-1"},"canonical":"https:\/\/www.maisquecuidar.com\/loja\/higiene-casa-banho\/cuidados-do-corpo-e-da-pele\/muda-da-fralda\/toalhetes-humedecidos-molicare-skin","og_locale":"pt_PT","og_type":"article","og_title":"Toalhetes Humedecidos Molicare Skin 50 unidades","og_description":"Conhe\u00e7a os toalhetes humedecidos Molicare Skin indicados para uma limpeza r\u00e1pida e pr\u00e1tica em situa\u00e7\u00f5es de incontin\u00eancia. Confira o pre\u00e7o!","og_url":"https:\/\/www.maisquecuidar.com\/loja\/higiene-casa-banho\/cuidados-do-corpo-e-da-pele\/muda-da-fralda\/toalhetes-humedecidos-molicare-skin","og_site_name":"Mais que Cuidar","article_publisher":"https:\/\/www.facebook.com\/maisquecuidar.pt","article_modified_time":"2025-09-15T19:12:59+00:00","og_image":[{"width":1280,"height":800,"url":"https:\/\/img.maisquecuidar.com\/loja\/wp-content\/uploads\/2022\/07\/toalhetes-humedecidos-molicare-skin.png","type":"image\/png"}],"twitter_misc":{"Tempo estimado de leitura":"2 minutos"},"schema":{"@context":"https:\/\/schema.org","@graph":[{"@type":"WebPage","@id":"https:\/\/www.maisquecuidar.com\/loja\/higiene-casa-banho\/cuidados-do-corpo-e-da-pele\/muda-da-fralda\/toalhetes-humedecidos-molicare-skin","url":"https:\/\/www.maisquecuidar.com\/loja\/higiene-casa-banho\/cuidados-do-corpo-e-da-pele\/muda-da-fralda\/toalhetes-humedecidos-molicare-skin","name":"Toalhetes Humedecidos Molicare Skin 50 unidades","isPartOf":{"@id":"https:\/\/www.maisquecuidar.com\/loja\/#website"},"primaryImageOfPage":{"@id":"https:\/\/www.maisquecuidar.com\/loja\/higiene-casa-banho\/cuidados-do-corpo-e-da-pele\/muda-da-fralda\/toalhetes-humedecidos-molicare-skin#primaryimage"},"image":{"@id":"https:\/\/www.maisquecuidar.com\/loja\/higiene-casa-banho\/cuidados-do-corpo-e-da-pele\/muda-da-fralda\/toalhetes-humedecidos-molicare-skin#primaryimage"},"thumbnailUrl":"https:\/\/img.maisquecuidar.com\/loja\/wp-content\/uploads\/2022\/07\/toalhetes-humedecidos-molicare-skin.png","datePublished":"2022-07-29T17:03:17+00:00","dateModified":"2025-09-15T19:12:59+00:00","description":"Conhe\u00e7a os toalhetes humedecidos Molicare Skin indicados para uma limpeza r\u00e1pida e pr\u00e1tica em situa\u00e7\u00f5es de incontin\u00eancia. Confira o pre\u00e7o!","breadcrumb":{"@id":"https:\/\/www.maisquecuidar.com\/loja\/higiene-casa-banho\/cuidados-do-corpo-e-da-pele\/muda-da-fralda\/toalhetes-humedecidos-molicare-skin#breadcrumb"},"inLanguage":"pt-PT","potentialAction":[{"@type":"ReadAction","target":["https:\/\/www.maisquecuidar.com\/loja\/higiene-casa-banho\/cuidados-do-corpo-e-da-pele\/muda-da-fralda\/toalhetes-humedecidos-molicare-skin"]}]},{"@type":"ImageObject","inLanguage":"pt-PT","@id":"https:\/\/www.maisquecuidar.com\/loja\/higiene-casa-banho\/cuidados-do-corpo-e-da-pele\/muda-da-fralda\/toalhetes-humedecidos-molicare-skin#primaryimage","url":"https:\/\/img.maisquecuidar.com\/loja\/wp-content\/uploads\/2022\/07\/toalhetes-humedecidos-molicare-skin.png","contentUrl":"https:\/\/img.maisquecuidar.com\/loja\/wp-content\/uploads\/2022\/07\/toalhetes-humedecidos-molicare-skin.png","width":1280,"height":800,"caption":"Toalhetes humedecidos Molicare Skin 50 unidades"},{"@type":"BreadcrumbList","@id":"https:\/\/www.maisquecuidar.com\/loja\/higiene-casa-banho\/cuidados-do-corpo-e-da-pele\/muda-da-fralda\/toalhetes-humedecidos-molicare-skin#breadcrumb","itemListElement":[{"@type":"ListItem","position":1,"name":"Home","item":"https:\/\/www.maisquecuidar.com\/loja\/"},{"@type":"ListItem","position":2,"name":"Loja Online de Ortopedia e Geriatria em Portugal","item":"https:\/\/www.maisquecuidar.com\/loja\/loja"},{"@type":"ListItem","position":3,"name":"Higiene e Casa de Banho","item":"https:\/\/www.maisquecuidar.com\/loja\/higiene-casa-banho"},{"@type":"ListItem","position":4,"name":"Produtos para Cuidados do Corpo e da Pele","item":"https:\/\/www.maisquecuidar.com\/loja\/higiene-casa-banho\/cuidados-do-corpo-e-da-pele"},{"@type":"ListItem","position":5,"name":"Muda da Fralda","item":"https:\/\/www.maisquecuidar.com\/loja\/higiene-casa-banho\/cuidados-do-corpo-e-da-pele\/muda-da-fralda"},{"@type":"ListItem","position":6,"name":"Toalhetes Humedecidos Molicare Skin 50 unidades"}]},{"@type":"WebSite","@id":"https:\/\/www.maisquecuidar.com\/loja\/#website","url":"https:\/\/www.maisquecuidar.com\/loja\/","name":"Mais que Cuidar","description":"Sa\u00fade, Ortopedia e Geriatria","publisher":{"@id":"https:\/\/www.maisquecuidar.com\/loja\/#organization"},"potentialAction":[{"@type":"SearchAction","target":{"@type":"EntryPoint","urlTemplate":"https:\/\/www.maisquecuidar.com\/loja\/?s={search_term_string}"},"query-input":{"@type":"PropertyValueSpecification","valueRequired":true,"valueName":"search_term_string"}}],"inLanguage":"pt-PT"},{"@type":"Organization","@id":"https:\/\/www.maisquecuidar.com\/loja\/#organization","name":"Mais Que Cuidar","url":"https:\/\/www.maisquecuidar.com\/loja\/","logo":{"@type":"ImageObject","inLanguage":"pt-PT","@id":"https:\/\/www.maisquecuidar.com\/loja\/#\/schema\/logo\/image\/","url":"https:\/\/img.maisquecuidar.com\/loja\/wp-content\/uploads\/2019\/08\/logo-mais-que-cuidar-retina.png","contentUrl":"https:\/\/img.maisquecuidar.com\/loja\/wp-content\/uploads\/2019\/08\/logo-mais-que-cuidar-retina.png","width":565,"height":75,"caption":"Mais Que Cuidar"},"image":{"@id":"https:\/\/www.maisquecuidar.com\/loja\/#\/schema\/logo\/image\/"},"sameAs":["https:\/\/www.facebook.com\/maisquecuidar.pt","https:\/\/www.instagram.com\/maisquecuidar"]}]}},"_links":{"self":[{"href":"https:\/\/www.maisquecuidar.com\/loja\/wp-json\/wp\/v2\/product\/15905","targetHints":{"allow":["GET"]}}],"collection":[{"href":"https:\/\/www.maisquecuidar.com\/loja\/wp-json\/wp\/v2\/product"}],"about":[{"href":"https:\/\/www.maisquecuidar.com\/loja\/wp-json\/wp\/v2\/types\/product"}],"wp:featuredmedia":[{"embeddable":true,"href":"https:\/\/www.maisquecuidar.com\/loja\/wp-json\/wp\/v2\/media\/15906"}],"wp:attachment":[{"href":"https:\/\/www.maisquecuidar.com\/loja\/wp-json\/wp\/v2\/media?parent=15905"}],"wp:term":[{"taxonomy":"product_brand","embeddable":true,"href":"https:\/\/www.maisquecuidar.com\/loja\/wp-json\/wp\/v2\/product_brand?post=15905"},{"taxonomy":"product_cat","embeddable":true,"href":"https:\/\/www.maisquecuidar.com\/loja\/wp-json\/wp\/v2\/product_cat?post=15905"},{"taxonomy":"product_tag","embeddable":true,"href":"https:\/\/www.maisquecuidar.com\/loja\/wp-json\/wp\/v2\/product_tag?post=15905"}],"curies":[{"name":"wp","href":"https:\/\/api.w.org\/{rel}","templated":true}]}}