{"id":15809,"date":"2022-06-02T19:58:46","date_gmt":"2022-06-02T18:58:46","guid":{"rendered":"https:\/\/www.maisquecuidar.com\/loja\/?post_type=product&#038;p=15809"},"modified":"2025-09-15T20:12:50","modified_gmt":"2025-09-15T19:12:50","slug":"resguardos-amd-extra-60x90","status":"publish","type":"product","link":"https:\/\/www.maisquecuidar.com\/loja\/higiene-casa-banho\/fraldas-resguardos\/resguardos\/resguardos-amd-extra-60x90","title":{"rendered":"Resguardos Descart\u00e1veis AMD Pad Extra &#8211; 60 X 90 cm &#8211; 30 unidades"},"content":{"rendered":"<p>Os resguardos descart\u00e1veis AMD Pad Extra com a medida 60 x 90 cm s\u00e3o fabricados pela marca francesa AMD. Contam com uma parte absorvente interna macia constitu\u00edda com polpa de celulose e uma superf\u00edcie externa coberta com material que permanece seco e uma folha imperme\u00e1vel com apoio antiderrapante.<\/p>\n<p>S\u00e3o uma prote\u00e7\u00e3o adicional para a cama, colch\u00e3o e poltrona, complementando o uso da fralda. Ajudam na higiene di\u00e1ria, mantendo o local limpo e a pele seca e protegida.<\/p>\n<h3>Onde podem ser utilizados os resguardos descart\u00e1veis?<\/h3>\n<ul>\n<li><strong>Utilizadores acamados:<\/strong> para proteger a cama e o colch\u00e3o em pessoas acamadas.<\/li>\n<li><strong>Idosos:<\/strong> em sof\u00e1s, cadeiras ou cadeir\u00f5es. Ajudam a prevenir a forma\u00e7\u00e3o de \u00falceras e escaras.<\/li>\n<li><strong>Pediatria:<\/strong> s\u00e3o muito usados na puericultura, nas mudas de fraldas ou para troca de fralda em qualquer outro lugar como em cima da cama ou dentro do carro.<\/li>\n<\/ul>\n<p>&nbsp;<\/p>\n","protected":false},"excerpt":{"rendered":"<p>Resguardo imperme\u00e1vel com absor\u00e7\u00e3o extra (3 gotas) para prote\u00e7\u00e3o adicional da cama e do colch\u00e3o<\/p>\n","protected":false},"featured_media":15810,"template":"","meta":{"_acf_changed":false,"neve_meta_sidebar":"","neve_meta_container":"","neve_meta_enable_content_width":"","neve_meta_content_width":0,"neve_meta_title_alignment":"","neve_meta_author_avatar":"","neve_post_elements_order":"","neve_meta_disable_header":"","neve_meta_disable_footer":"","neve_meta_disable_title":""},"product_brand":[],"product_cat":[505],"product_tag":[],"class_list":{"0":"post-15809","1":"product","2":"type-product","3":"status-publish","4":"has-post-thumbnail","6":"product_cat-resguardos","8":"first","9":"instock","10":"taxable","11":"shipping-taxable","12":"purchasable","13":"product-type-simple"},"acf":[],"yoast_head":"<!-- This site is optimized with the Yoast SEO plugin v27.3 - https:\/\/yoast.com\/product\/yoast-seo-wordpress\/ -->\n<title>Resguardos Descart\u00e1veis AMD Pad Extra - 60 X 90 cm - 30 unidades<\/title>\n<meta name=\"description\" content=\"Conhe\u00e7a os resguardos descart\u00e1veis AMD Pad Extra 60 x 90 cm recomendado para prote\u00e7\u00e3o adicional da cama, colch\u00e3o e poltrona.\" \/>\n<meta name=\"robots\" content=\"index, follow, max-snippet:-1, max-image-preview:large, max-video-preview:-1\" \/>\n<link rel=\"canonical\" href=\"https:\/\/www.maisquecuidar.com\/loja\/higiene-casa-banho\/fraldas-resguardos\/resguardos\/resguardos-amd-extra-60x90\" \/>\n<meta property=\"og:locale\" content=\"pt_PT\" \/>\n<meta property=\"og:type\" content=\"article\" \/>\n<meta property=\"og:title\" content=\"Resguardos Descart\u00e1veis AMD Pad Extra - 60 X 90 cm - 30 unidades\" \/>\n<meta property=\"og:description\" content=\"Conhe\u00e7a os resguardos descart\u00e1veis AMD Pad Extra 60 x 90 cm recomendado para prote\u00e7\u00e3o adicional da cama, colch\u00e3o e poltrona.\" \/>\n<meta property=\"og:url\" content=\"https:\/\/www.maisquecuidar.com\/loja\/higiene-casa-banho\/fraldas-resguardos\/resguardos\/resguardos-amd-extra-60x90\" \/>\n<meta property=\"og:site_name\" content=\"Mais que Cuidar\" \/>\n<meta property=\"article:publisher\" content=\"https:\/\/www.facebook.com\/maisquecuidar.pt\" \/>\n<meta property=\"article:modified_time\" content=\"2025-09-15T19:12:50+00:00\" \/>\n<meta property=\"og:image\" content=\"https:\/\/img.maisquecuidar.com\/loja\/wp-content\/uploads\/2022\/06\/resguardo-amd-60x90-1.png\" \/>\n\t<meta property=\"og:image:width\" content=\"1280\" \/>\n\t<meta property=\"og:image:height\" content=\"800\" \/>\n\t<meta property=\"og:image:type\" content=\"image\/png\" \/>\n<meta name=\"twitter:label1\" content=\"Tempo estimado de leitura\" \/>\n\t<meta name=\"twitter:data1\" content=\"1 minuto\" \/>\n<script type=\"application\/ld+json\" class=\"yoast-schema-graph\">{\"@context\":\"https:\\\/\\\/schema.org\",\"@graph\":[{\"@type\":\"WebPage\",\"@id\":\"https:\\\/\\\/www.maisquecuidar.com\\\/loja\\\/higiene-casa-banho\\\/fraldas-resguardos\\\/resguardos\\\/resguardos-amd-extra-60x90\",\"url\":\"https:\\\/\\\/www.maisquecuidar.com\\\/loja\\\/higiene-casa-banho\\\/fraldas-resguardos\\\/resguardos\\\/resguardos-amd-extra-60x90\",\"name\":\"Resguardos Descart\u00e1veis AMD Pad Extra - 60 X 90 cm - 30 unidades\",\"isPartOf\":{\"@id\":\"https:\\\/\\\/www.maisquecuidar.com\\\/loja\\\/#website\"},\"primaryImageOfPage\":{\"@id\":\"https:\\\/\\\/www.maisquecuidar.com\\\/loja\\\/higiene-casa-banho\\\/fraldas-resguardos\\\/resguardos\\\/resguardos-amd-extra-60x90#primaryimage\"},\"image\":{\"@id\":\"https:\\\/\\\/www.maisquecuidar.com\\\/loja\\\/higiene-casa-banho\\\/fraldas-resguardos\\\/resguardos\\\/resguardos-amd-extra-60x90#primaryimage\"},\"thumbnailUrl\":\"https:\\\/\\\/img.maisquecuidar.com\\\/loja\\\/wp-content\\\/uploads\\\/2022\\\/06\\\/resguardo-amd-60x90-1.png\",\"datePublished\":\"2022-06-02T18:58:46+00:00\",\"dateModified\":\"2025-09-15T19:12:50+00:00\",\"description\":\"Conhe\u00e7a os resguardos descart\u00e1veis AMD Pad Extra 60 x 90 cm recomendado para prote\u00e7\u00e3o adicional da cama, colch\u00e3o e poltrona.\",\"breadcrumb\":{\"@id\":\"https:\\\/\\\/www.maisquecuidar.com\\\/loja\\\/higiene-casa-banho\\\/fraldas-resguardos\\\/resguardos\\\/resguardos-amd-extra-60x90#breadcrumb\"},\"inLanguage\":\"pt-PT\",\"potentialAction\":[{\"@type\":\"ReadAction\",\"target\":[\"https:\\\/\\\/www.maisquecuidar.com\\\/loja\\\/higiene-casa-banho\\\/fraldas-resguardos\\\/resguardos\\\/resguardos-amd-extra-60x90\"]}]},{\"@type\":\"ImageObject\",\"inLanguage\":\"pt-PT\",\"@id\":\"https:\\\/\\\/www.maisquecuidar.com\\\/loja\\\/higiene-casa-banho\\\/fraldas-resguardos\\\/resguardos\\\/resguardos-amd-extra-60x90#primaryimage\",\"url\":\"https:\\\/\\\/img.maisquecuidar.com\\\/loja\\\/wp-content\\\/uploads\\\/2022\\\/06\\\/resguardo-amd-60x90-1.png\",\"contentUrl\":\"https:\\\/\\\/img.maisquecuidar.com\\\/loja\\\/wp-content\\\/uploads\\\/2022\\\/06\\\/resguardo-amd-60x90-1.png\",\"width\":1280,\"height\":800,\"caption\":\"Resguardo imperme\u00e1vel AMD Extra 60 x 90cm\"},{\"@type\":\"BreadcrumbList\",\"@id\":\"https:\\\/\\\/www.maisquecuidar.com\\\/loja\\\/higiene-casa-banho\\\/fraldas-resguardos\\\/resguardos\\\/resguardos-amd-extra-60x90#breadcrumb\",\"itemListElement\":[{\"@type\":\"ListItem\",\"position\":1,\"name\":\"Home\",\"item\":\"https:\\\/\\\/www.maisquecuidar.com\\\/loja\\\/\"},{\"@type\":\"ListItem\",\"position\":2,\"name\":\"Loja Online de Ortopedia e Geriatria em Portugal\",\"item\":\"https:\\\/\\\/www.maisquecuidar.com\\\/loja\\\/loja\"},{\"@type\":\"ListItem\",\"position\":3,\"name\":\"Higiene e Casa de Banho\",\"item\":\"https:\\\/\\\/www.maisquecuidar.com\\\/loja\\\/higiene-casa-banho\"},{\"@type\":\"ListItem\",\"position\":4,\"name\":\"Produtos para Incontin\u00eancia\",\"item\":\"https:\\\/\\\/www.maisquecuidar.com\\\/loja\\\/higiene-casa-banho\\\/fraldas-resguardos\"},{\"@type\":\"ListItem\",\"position\":5,\"name\":\"Resguardos para Incontin\u00eancia\",\"item\":\"https:\\\/\\\/www.maisquecuidar.com\\\/loja\\\/higiene-casa-banho\\\/fraldas-resguardos\\\/resguardos\"},{\"@type\":\"ListItem\",\"position\":6,\"name\":\"Resguardos Descart\u00e1veis AMD Pad Extra &#8211; 60 X 90 cm &#8211; 30 unidades\"}]},{\"@type\":\"WebSite\",\"@id\":\"https:\\\/\\\/www.maisquecuidar.com\\\/loja\\\/#website\",\"url\":\"https:\\\/\\\/www.maisquecuidar.com\\\/loja\\\/\",\"name\":\"Mais que Cuidar\",\"description\":\"Sa\u00fade, Ortopedia e Geriatria\",\"publisher\":{\"@id\":\"https:\\\/\\\/www.maisquecuidar.com\\\/loja\\\/#organization\"},\"potentialAction\":[{\"@type\":\"SearchAction\",\"target\":{\"@type\":\"EntryPoint\",\"urlTemplate\":\"https:\\\/\\\/www.maisquecuidar.com\\\/loja\\\/?s={search_term_string}\"},\"query-input\":{\"@type\":\"PropertyValueSpecification\",\"valueRequired\":true,\"valueName\":\"search_term_string\"}}],\"inLanguage\":\"pt-PT\"},{\"@type\":\"Organization\",\"@id\":\"https:\\\/\\\/www.maisquecuidar.com\\\/loja\\\/#organization\",\"name\":\"Mais Que Cuidar\",\"url\":\"https:\\\/\\\/www.maisquecuidar.com\\\/loja\\\/\",\"logo\":{\"@type\":\"ImageObject\",\"inLanguage\":\"pt-PT\",\"@id\":\"https:\\\/\\\/www.maisquecuidar.com\\\/loja\\\/#\\\/schema\\\/logo\\\/image\\\/\",\"url\":\"https:\\\/\\\/img.maisquecuidar.com\\\/loja\\\/wp-content\\\/uploads\\\/2019\\\/08\\\/logo-mais-que-cuidar-retina.png\",\"contentUrl\":\"https:\\\/\\\/img.maisquecuidar.com\\\/loja\\\/wp-content\\\/uploads\\\/2019\\\/08\\\/logo-mais-que-cuidar-retina.png\",\"width\":565,\"height\":75,\"caption\":\"Mais Que Cuidar\"},\"image\":{\"@id\":\"https:\\\/\\\/www.maisquecuidar.com\\\/loja\\\/#\\\/schema\\\/logo\\\/image\\\/\"},\"sameAs\":[\"https:\\\/\\\/www.facebook.com\\\/maisquecuidar.pt\",\"https:\\\/\\\/www.instagram.com\\\/maisquecuidar\"]}]}<\/script>\n<!-- \/ Yoast SEO plugin. -->","yoast_head_json":{"title":"Resguardos Descart\u00e1veis AMD Pad Extra - 60 X 90 cm - 30 unidades","description":"Conhe\u00e7a os resguardos descart\u00e1veis AMD Pad Extra 60 x 90 cm recomendado para prote\u00e7\u00e3o adicional da cama, colch\u00e3o e poltrona.","robots":{"index":"index","follow":"follow","max-snippet":"max-snippet:-1","max-image-preview":"max-image-preview:large","max-video-preview":"max-video-preview:-1"},"canonical":"https:\/\/www.maisquecuidar.com\/loja\/higiene-casa-banho\/fraldas-resguardos\/resguardos\/resguardos-amd-extra-60x90","og_locale":"pt_PT","og_type":"article","og_title":"Resguardos Descart\u00e1veis AMD Pad Extra - 60 X 90 cm - 30 unidades","og_description":"Conhe\u00e7a os resguardos descart\u00e1veis AMD Pad Extra 60 x 90 cm recomendado para prote\u00e7\u00e3o adicional da cama, colch\u00e3o e poltrona.","og_url":"https:\/\/www.maisquecuidar.com\/loja\/higiene-casa-banho\/fraldas-resguardos\/resguardos\/resguardos-amd-extra-60x90","og_site_name":"Mais que Cuidar","article_publisher":"https:\/\/www.facebook.com\/maisquecuidar.pt","article_modified_time":"2025-09-15T19:12:50+00:00","og_image":[{"width":1280,"height":800,"url":"https:\/\/img.maisquecuidar.com\/loja\/wp-content\/uploads\/2022\/06\/resguardo-amd-60x90-1.png","type":"image\/png"}],"twitter_misc":{"Tempo estimado de leitura":"1 minuto"},"schema":{"@context":"https:\/\/schema.org","@graph":[{"@type":"WebPage","@id":"https:\/\/www.maisquecuidar.com\/loja\/higiene-casa-banho\/fraldas-resguardos\/resguardos\/resguardos-amd-extra-60x90","url":"https:\/\/www.maisquecuidar.com\/loja\/higiene-casa-banho\/fraldas-resguardos\/resguardos\/resguardos-amd-extra-60x90","name":"Resguardos Descart\u00e1veis AMD Pad Extra - 60 X 90 cm - 30 unidades","isPartOf":{"@id":"https:\/\/www.maisquecuidar.com\/loja\/#website"},"primaryImageOfPage":{"@id":"https:\/\/www.maisquecuidar.com\/loja\/higiene-casa-banho\/fraldas-resguardos\/resguardos\/resguardos-amd-extra-60x90#primaryimage"},"image":{"@id":"https:\/\/www.maisquecuidar.com\/loja\/higiene-casa-banho\/fraldas-resguardos\/resguardos\/resguardos-amd-extra-60x90#primaryimage"},"thumbnailUrl":"https:\/\/img.maisquecuidar.com\/loja\/wp-content\/uploads\/2022\/06\/resguardo-amd-60x90-1.png","datePublished":"2022-06-02T18:58:46+00:00","dateModified":"2025-09-15T19:12:50+00:00","description":"Conhe\u00e7a os resguardos descart\u00e1veis AMD Pad Extra 60 x 90 cm recomendado para prote\u00e7\u00e3o adicional da cama, colch\u00e3o e poltrona.","breadcrumb":{"@id":"https:\/\/www.maisquecuidar.com\/loja\/higiene-casa-banho\/fraldas-resguardos\/resguardos\/resguardos-amd-extra-60x90#breadcrumb"},"inLanguage":"pt-PT","potentialAction":[{"@type":"ReadAction","target":["https:\/\/www.maisquecuidar.com\/loja\/higiene-casa-banho\/fraldas-resguardos\/resguardos\/resguardos-amd-extra-60x90"]}]},{"@type":"ImageObject","inLanguage":"pt-PT","@id":"https:\/\/www.maisquecuidar.com\/loja\/higiene-casa-banho\/fraldas-resguardos\/resguardos\/resguardos-amd-extra-60x90#primaryimage","url":"https:\/\/img.maisquecuidar.com\/loja\/wp-content\/uploads\/2022\/06\/resguardo-amd-60x90-1.png","contentUrl":"https:\/\/img.maisquecuidar.com\/loja\/wp-content\/uploads\/2022\/06\/resguardo-amd-60x90-1.png","width":1280,"height":800,"caption":"Resguardo imperme\u00e1vel AMD Extra 60 x 90cm"},{"@type":"BreadcrumbList","@id":"https:\/\/www.maisquecuidar.com\/loja\/higiene-casa-banho\/fraldas-resguardos\/resguardos\/resguardos-amd-extra-60x90#breadcrumb","itemListElement":[{"@type":"ListItem","position":1,"name":"Home","item":"https:\/\/www.maisquecuidar.com\/loja\/"},{"@type":"ListItem","position":2,"name":"Loja Online de Ortopedia e Geriatria em Portugal","item":"https:\/\/www.maisquecuidar.com\/loja\/loja"},{"@type":"ListItem","position":3,"name":"Higiene e Casa de Banho","item":"https:\/\/www.maisquecuidar.com\/loja\/higiene-casa-banho"},{"@type":"ListItem","position":4,"name":"Produtos para Incontin\u00eancia","item":"https:\/\/www.maisquecuidar.com\/loja\/higiene-casa-banho\/fraldas-resguardos"},{"@type":"ListItem","position":5,"name":"Resguardos para Incontin\u00eancia","item":"https:\/\/www.maisquecuidar.com\/loja\/higiene-casa-banho\/fraldas-resguardos\/resguardos"},{"@type":"ListItem","position":6,"name":"Resguardos Descart\u00e1veis AMD Pad Extra &#8211; 60 X 90 cm &#8211; 30 unidades"}]},{"@type":"WebSite","@id":"https:\/\/www.maisquecuidar.com\/loja\/#website","url":"https:\/\/www.maisquecuidar.com\/loja\/","name":"Mais que Cuidar","description":"Sa\u00fade, Ortopedia e Geriatria","publisher":{"@id":"https:\/\/www.maisquecuidar.com\/loja\/#organization"},"potentialAction":[{"@type":"SearchAction","target":{"@type":"EntryPoint","urlTemplate":"https:\/\/www.maisquecuidar.com\/loja\/?s={search_term_string}"},"query-input":{"@type":"PropertyValueSpecification","valueRequired":true,"valueName":"search_term_string"}}],"inLanguage":"pt-PT"},{"@type":"Organization","@id":"https:\/\/www.maisquecuidar.com\/loja\/#organization","name":"Mais Que Cuidar","url":"https:\/\/www.maisquecuidar.com\/loja\/","logo":{"@type":"ImageObject","inLanguage":"pt-PT","@id":"https:\/\/www.maisquecuidar.com\/loja\/#\/schema\/logo\/image\/","url":"https:\/\/img.maisquecuidar.com\/loja\/wp-content\/uploads\/2019\/08\/logo-mais-que-cuidar-retina.png","contentUrl":"https:\/\/img.maisquecuidar.com\/loja\/wp-content\/uploads\/2019\/08\/logo-mais-que-cuidar-retina.png","width":565,"height":75,"caption":"Mais Que Cuidar"},"image":{"@id":"https:\/\/www.maisquecuidar.com\/loja\/#\/schema\/logo\/image\/"},"sameAs":["https:\/\/www.facebook.com\/maisquecuidar.pt","https:\/\/www.instagram.com\/maisquecuidar"]}]}},"_links":{"self":[{"href":"https:\/\/www.maisquecuidar.com\/loja\/wp-json\/wp\/v2\/product\/15809","targetHints":{"allow":["GET"]}}],"collection":[{"href":"https:\/\/www.maisquecuidar.com\/loja\/wp-json\/wp\/v2\/product"}],"about":[{"href":"https:\/\/www.maisquecuidar.com\/loja\/wp-json\/wp\/v2\/types\/product"}],"wp:featuredmedia":[{"embeddable":true,"href":"https:\/\/www.maisquecuidar.com\/loja\/wp-json\/wp\/v2\/media\/15810"}],"wp:attachment":[{"href":"https:\/\/www.maisquecuidar.com\/loja\/wp-json\/wp\/v2\/media?parent=15809"}],"wp:term":[{"taxonomy":"product_brand","embeddable":true,"href":"https:\/\/www.maisquecuidar.com\/loja\/wp-json\/wp\/v2\/product_brand?post=15809"},{"taxonomy":"product_cat","embeddable":true,"href":"https:\/\/www.maisquecuidar.com\/loja\/wp-json\/wp\/v2\/product_cat?post=15809"},{"taxonomy":"product_tag","embeddable":true,"href":"https:\/\/www.maisquecuidar.com\/loja\/wp-json\/wp\/v2\/product_tag?post=15809"}],"curies":[{"name":"wp","href":"https:\/\/api.w.org\/{rel}","templated":true}]}}