{"id":15770,"date":"2022-05-18T19:32:59","date_gmt":"2022-05-18T18:32:59","guid":{"rendered":"https:\/\/www.maisquecuidar.com\/loja\/?post_type=product&#038;p=15770"},"modified":"2025-10-01T18:31:51","modified_gmt":"2025-10-01T17:31:51","slug":"fraldas-molicare-premium-elastic-10-gotas","status":"publish","type":"product","link":"https:\/\/www.maisquecuidar.com\/loja\/higiene-casa-banho\/fraldas-resguardos\/adultos\/fraldas-molicare-premium-elastic-10-gotas","title":{"rendered":"Fraldas Molicare Premium Elastic 10 Gotas"},"content":{"rendered":"<p>As fraldas Molicare Premium Elastic 8 gotas s\u00e3o fabricadas pela marca alem\u00e3 Hartmann. Estas fraldas s\u00e3o adequadas para pessoas ativas e doentes acamados, proporcionando seguran\u00e7a, conforto e prote\u00e7\u00e3o.<\/p>\n<p>O n\u00famero de gotas apresentado na embalagem indica a resist\u00eancia \u00e0 incontin\u00eancia urin\u00e1ria e\/ou fecal. No caso desta, 10 gotas, destina-se a situa\u00e7\u00f5es de incontin\u00eancia muito grave.<\/p>\n<p>Esta nova gama de fraldas, que substitui a Molicare Premium Slip Maxi Plus, cont\u00e9m agora duas resistentes abas el\u00e1sticas laterais que permitem ao cuidador vestir e ajustar da melhor maneira e de forma r\u00e1pida e intuitiva, preservando a dignidade do paciente e diminuindo o esfor\u00e7o do cuidador.<\/p>\n<h3>Caracter\u00edsticas em destaque<\/h3>\n<ul>\n<li><strong>Ajust\u00e1vel com abas laterais el\u00e1sticas:<\/strong> as abas laterais el\u00e1sticas na regi\u00e3o do quadril (anca), garantem uma melhor adapta\u00e7\u00e3o \u00e0 forma e ao movimento do corpo, oferecendo um maior conforto ao paciente.<\/li>\n<li>Testado dermatologicamente.<\/li>\n<li><strong>Fitas reposicion\u00e1veis:<\/strong> 2 fitas reposicion\u00e1veis (uma de cada lado) para f\u00e1cil manuseio e fecho seguro.<\/li>\n<li><strong>Prote\u00e7\u00e3o ativa da pele:<\/strong> suave para a pele, o pH 5,5 garante a m\u00e1xima compatibilidade com a pele. Ajuda a manter a pele seca com o n\u00facleo absorvente de 3 camadas e tecnologia avan\u00e7ada de secagem.<\/li>\n<li><strong>Com neutralizador de odor:<\/strong> neutraliza odores desagrad\u00e1veis, para maior conforto.<\/li>\n<li><strong>Sistema antifugas:<\/strong> garante maior prote\u00e7\u00e3o contra fugas, para maior seguran\u00e7a.<\/li>\n<li><strong>Capacidade de absor\u00e7\u00e3o:<\/strong> cerca de 350 a 460 ml, num espa\u00e7o de 4 horas.<\/li>\n<\/ul>\n<h3>Informa\u00e7\u00e3o sobre as embalagens<\/h3>\n<ul>\n<li><strong>Tamanho S:<\/strong> 1 embalagem com 22 unidades.<\/li>\n<li><strong>Tamanho M:<\/strong> 1 embalagem com 14 unidades.<\/li>\n<li><strong>Tamanho L:<\/strong> 1 embalagem com 14 unidades.<\/li>\n<li><strong>Tamanho XL:<\/strong> 1 embalagem com 14 unidades.<\/li>\n<\/ul>\n","protected":false},"excerpt":{"rendered":"<p>Fraldas Premium para incontin\u00eancia muito grave<\/p>\n","protected":false},"featured_media":15775,"template":"","meta":{"_acf_changed":false,"neve_meta_sidebar":"","neve_meta_container":"","neve_meta_enable_content_width":"","neve_meta_content_width":0,"neve_meta_title_alignment":"","neve_meta_author_avatar":"","neve_post_elements_order":"","neve_meta_disable_header":"","neve_meta_disable_footer":"","neve_meta_disable_title":""},"product_brand":[],"product_cat":[503],"product_tag":[],"class_list":{"0":"post-15770","1":"product","2":"type-product","3":"status-publish","4":"has-post-thumbnail","6":"product_cat-adultos","8":"first","9":"instock","10":"taxable","11":"shipping-taxable","12":"purchasable","13":"product-type-variable"},"acf":[],"yoast_head":"<!-- This site is optimized with the Yoast SEO plugin v27.4 - https:\/\/yoast.com\/product\/yoast-seo-wordpress\/ -->\n<title>Fraldas Molicare Premium Elastic 10 Gotas - Mais que Cuidar<\/title>\n<meta name=\"description\" content=\"Conhe\u00e7a as fraldas Molicare Premium Elastic 10 gotas da Hartamnn recomendadas para situa\u00e7\u00f5es de incontin\u00eancia muito grave.\" \/>\n<meta name=\"robots\" content=\"index, follow, max-snippet:-1, max-image-preview:large, max-video-preview:-1\" \/>\n<link rel=\"canonical\" href=\"https:\/\/www.maisquecuidar.com\/loja\/higiene-casa-banho\/fraldas-resguardos\/adultos\/fraldas-molicare-premium-elastic-10-gotas\" \/>\n<meta property=\"og:locale\" content=\"pt_PT\" \/>\n<meta property=\"og:type\" content=\"article\" \/>\n<meta property=\"og:title\" content=\"Fraldas Molicare Premium Elastic 10 Gotas - Mais que Cuidar\" \/>\n<meta property=\"og:description\" content=\"Conhe\u00e7a as fraldas Molicare Premium Elastic 10 gotas da Hartamnn recomendadas para situa\u00e7\u00f5es de incontin\u00eancia muito grave.\" \/>\n<meta property=\"og:url\" content=\"https:\/\/www.maisquecuidar.com\/loja\/higiene-casa-banho\/fraldas-resguardos\/adultos\/fraldas-molicare-premium-elastic-10-gotas\" \/>\n<meta property=\"og:site_name\" content=\"Mais que Cuidar\" \/>\n<meta property=\"article:publisher\" content=\"https:\/\/www.facebook.com\/maisquecuidar.pt\" \/>\n<meta property=\"article:modified_time\" content=\"2025-10-01T17:31:51+00:00\" \/>\n<meta property=\"og:image\" content=\"https:\/\/img.maisquecuidar.com\/loja\/wp-content\/uploads\/2022\/05\/fraldas-molicare-premium-elastic-10g-M.png\" \/>\n\t<meta property=\"og:image:width\" content=\"1280\" \/>\n\t<meta property=\"og:image:height\" content=\"800\" \/>\n\t<meta property=\"og:image:type\" content=\"image\/png\" \/>\n<meta name=\"twitter:label1\" content=\"Tempo estimado de leitura\" \/>\n\t<meta name=\"twitter:data1\" content=\"2 minutos\" \/>\n<script type=\"application\/ld+json\" class=\"yoast-schema-graph\">{\"@context\":\"https:\\\/\\\/schema.org\",\"@graph\":[{\"@type\":\"WebPage\",\"@id\":\"https:\\\/\\\/www.maisquecuidar.com\\\/loja\\\/higiene-casa-banho\\\/fraldas-resguardos\\\/adultos\\\/fraldas-molicare-premium-elastic-10-gotas\",\"url\":\"https:\\\/\\\/www.maisquecuidar.com\\\/loja\\\/higiene-casa-banho\\\/fraldas-resguardos\\\/adultos\\\/fraldas-molicare-premium-elastic-10-gotas\",\"name\":\"Fraldas Molicare Premium Elastic 10 Gotas - Mais que Cuidar\",\"isPartOf\":{\"@id\":\"https:\\\/\\\/www.maisquecuidar.com\\\/loja\\\/#website\"},\"primaryImageOfPage\":{\"@id\":\"https:\\\/\\\/www.maisquecuidar.com\\\/loja\\\/higiene-casa-banho\\\/fraldas-resguardos\\\/adultos\\\/fraldas-molicare-premium-elastic-10-gotas#primaryimage\"},\"image\":{\"@id\":\"https:\\\/\\\/www.maisquecuidar.com\\\/loja\\\/higiene-casa-banho\\\/fraldas-resguardos\\\/adultos\\\/fraldas-molicare-premium-elastic-10-gotas#primaryimage\"},\"thumbnailUrl\":\"https:\\\/\\\/img.maisquecuidar.com\\\/loja\\\/wp-content\\\/uploads\\\/2022\\\/05\\\/fraldas-molicare-premium-elastic-10g-M.png\",\"datePublished\":\"2022-05-18T18:32:59+00:00\",\"dateModified\":\"2025-10-01T17:31:51+00:00\",\"description\":\"Conhe\u00e7a as fraldas Molicare Premium Elastic 10 gotas da Hartamnn recomendadas para situa\u00e7\u00f5es de incontin\u00eancia muito grave.\",\"breadcrumb\":{\"@id\":\"https:\\\/\\\/www.maisquecuidar.com\\\/loja\\\/higiene-casa-banho\\\/fraldas-resguardos\\\/adultos\\\/fraldas-molicare-premium-elastic-10-gotas#breadcrumb\"},\"inLanguage\":\"pt-PT\",\"potentialAction\":[{\"@type\":\"ReadAction\",\"target\":[\"https:\\\/\\\/www.maisquecuidar.com\\\/loja\\\/higiene-casa-banho\\\/fraldas-resguardos\\\/adultos\\\/fraldas-molicare-premium-elastic-10-gotas\"]}]},{\"@type\":\"ImageObject\",\"inLanguage\":\"pt-PT\",\"@id\":\"https:\\\/\\\/www.maisquecuidar.com\\\/loja\\\/higiene-casa-banho\\\/fraldas-resguardos\\\/adultos\\\/fraldas-molicare-premium-elastic-10-gotas#primaryimage\",\"url\":\"https:\\\/\\\/img.maisquecuidar.com\\\/loja\\\/wp-content\\\/uploads\\\/2022\\\/05\\\/fraldas-molicare-premium-elastic-10g-M.png\",\"contentUrl\":\"https:\\\/\\\/img.maisquecuidar.com\\\/loja\\\/wp-content\\\/uploads\\\/2022\\\/05\\\/fraldas-molicare-premium-elastic-10g-M.png\",\"width\":1280,\"height\":800,\"caption\":\"Fraldas Molicare Premium Elastic 10 gotas tamanho M\"},{\"@type\":\"BreadcrumbList\",\"@id\":\"https:\\\/\\\/www.maisquecuidar.com\\\/loja\\\/higiene-casa-banho\\\/fraldas-resguardos\\\/adultos\\\/fraldas-molicare-premium-elastic-10-gotas#breadcrumb\",\"itemListElement\":[{\"@type\":\"ListItem\",\"position\":1,\"name\":\"Home\",\"item\":\"https:\\\/\\\/www.maisquecuidar.com\\\/loja\\\/\"},{\"@type\":\"ListItem\",\"position\":2,\"name\":\"Loja Online de Ortopedia e Geriatria em Portugal\",\"item\":\"https:\\\/\\\/www.maisquecuidar.com\\\/loja\\\/loja\"},{\"@type\":\"ListItem\",\"position\":3,\"name\":\"Higiene e Casa de Banho\",\"item\":\"https:\\\/\\\/www.maisquecuidar.com\\\/loja\\\/higiene-casa-banho\"},{\"@type\":\"ListItem\",\"position\":4,\"name\":\"Produtos para Incontin\u00eancia\",\"item\":\"https:\\\/\\\/www.maisquecuidar.com\\\/loja\\\/higiene-casa-banho\\\/fraldas-resguardos\"},{\"@type\":\"ListItem\",\"position\":5,\"name\":\"Fraldas de Incontin\u00eancia Adultos\",\"item\":\"https:\\\/\\\/www.maisquecuidar.com\\\/loja\\\/higiene-casa-banho\\\/fraldas-resguardos\\\/adultos\"},{\"@type\":\"ListItem\",\"position\":6,\"name\":\"Fraldas Molicare Premium Elastic 10 Gotas\"}]},{\"@type\":\"WebSite\",\"@id\":\"https:\\\/\\\/www.maisquecuidar.com\\\/loja\\\/#website\",\"url\":\"https:\\\/\\\/www.maisquecuidar.com\\\/loja\\\/\",\"name\":\"Mais que Cuidar\",\"description\":\"Sa\u00fade, Ortopedia e Geriatria\",\"publisher\":{\"@id\":\"https:\\\/\\\/www.maisquecuidar.com\\\/loja\\\/#organization\"},\"potentialAction\":[{\"@type\":\"SearchAction\",\"target\":{\"@type\":\"EntryPoint\",\"urlTemplate\":\"https:\\\/\\\/www.maisquecuidar.com\\\/loja\\\/?s={search_term_string}\"},\"query-input\":{\"@type\":\"PropertyValueSpecification\",\"valueRequired\":true,\"valueName\":\"search_term_string\"}}],\"inLanguage\":\"pt-PT\"},{\"@type\":\"Organization\",\"@id\":\"https:\\\/\\\/www.maisquecuidar.com\\\/loja\\\/#organization\",\"name\":\"Mais Que Cuidar\",\"url\":\"https:\\\/\\\/www.maisquecuidar.com\\\/loja\\\/\",\"logo\":{\"@type\":\"ImageObject\",\"inLanguage\":\"pt-PT\",\"@id\":\"https:\\\/\\\/www.maisquecuidar.com\\\/loja\\\/#\\\/schema\\\/logo\\\/image\\\/\",\"url\":\"https:\\\/\\\/img.maisquecuidar.com\\\/loja\\\/wp-content\\\/uploads\\\/2019\\\/08\\\/logo-mais-que-cuidar-retina.png\",\"contentUrl\":\"https:\\\/\\\/img.maisquecuidar.com\\\/loja\\\/wp-content\\\/uploads\\\/2019\\\/08\\\/logo-mais-que-cuidar-retina.png\",\"width\":565,\"height\":75,\"caption\":\"Mais Que Cuidar\"},\"image\":{\"@id\":\"https:\\\/\\\/www.maisquecuidar.com\\\/loja\\\/#\\\/schema\\\/logo\\\/image\\\/\"},\"sameAs\":[\"https:\\\/\\\/www.facebook.com\\\/maisquecuidar.pt\",\"https:\\\/\\\/www.instagram.com\\\/maisquecuidar\"]}]}<\/script>\n<!-- \/ Yoast SEO plugin. -->","yoast_head_json":{"title":"Fraldas Molicare Premium Elastic 10 Gotas - Mais que Cuidar","description":"Conhe\u00e7a as fraldas Molicare Premium Elastic 10 gotas da Hartamnn recomendadas para situa\u00e7\u00f5es de incontin\u00eancia muito grave.","robots":{"index":"index","follow":"follow","max-snippet":"max-snippet:-1","max-image-preview":"max-image-preview:large","max-video-preview":"max-video-preview:-1"},"canonical":"https:\/\/www.maisquecuidar.com\/loja\/higiene-casa-banho\/fraldas-resguardos\/adultos\/fraldas-molicare-premium-elastic-10-gotas","og_locale":"pt_PT","og_type":"article","og_title":"Fraldas Molicare Premium Elastic 10 Gotas - Mais que Cuidar","og_description":"Conhe\u00e7a as fraldas Molicare Premium Elastic 10 gotas da Hartamnn recomendadas para situa\u00e7\u00f5es de incontin\u00eancia muito grave.","og_url":"https:\/\/www.maisquecuidar.com\/loja\/higiene-casa-banho\/fraldas-resguardos\/adultos\/fraldas-molicare-premium-elastic-10-gotas","og_site_name":"Mais que Cuidar","article_publisher":"https:\/\/www.facebook.com\/maisquecuidar.pt","article_modified_time":"2025-10-01T17:31:51+00:00","og_image":[{"width":1280,"height":800,"url":"https:\/\/img.maisquecuidar.com\/loja\/wp-content\/uploads\/2022\/05\/fraldas-molicare-premium-elastic-10g-M.png","type":"image\/png"}],"twitter_misc":{"Tempo estimado de leitura":"2 minutos"},"schema":{"@context":"https:\/\/schema.org","@graph":[{"@type":"WebPage","@id":"https:\/\/www.maisquecuidar.com\/loja\/higiene-casa-banho\/fraldas-resguardos\/adultos\/fraldas-molicare-premium-elastic-10-gotas","url":"https:\/\/www.maisquecuidar.com\/loja\/higiene-casa-banho\/fraldas-resguardos\/adultos\/fraldas-molicare-premium-elastic-10-gotas","name":"Fraldas Molicare Premium Elastic 10 Gotas - Mais que Cuidar","isPartOf":{"@id":"https:\/\/www.maisquecuidar.com\/loja\/#website"},"primaryImageOfPage":{"@id":"https:\/\/www.maisquecuidar.com\/loja\/higiene-casa-banho\/fraldas-resguardos\/adultos\/fraldas-molicare-premium-elastic-10-gotas#primaryimage"},"image":{"@id":"https:\/\/www.maisquecuidar.com\/loja\/higiene-casa-banho\/fraldas-resguardos\/adultos\/fraldas-molicare-premium-elastic-10-gotas#primaryimage"},"thumbnailUrl":"https:\/\/img.maisquecuidar.com\/loja\/wp-content\/uploads\/2022\/05\/fraldas-molicare-premium-elastic-10g-M.png","datePublished":"2022-05-18T18:32:59+00:00","dateModified":"2025-10-01T17:31:51+00:00","description":"Conhe\u00e7a as fraldas Molicare Premium Elastic 10 gotas da Hartamnn recomendadas para situa\u00e7\u00f5es de incontin\u00eancia muito grave.","breadcrumb":{"@id":"https:\/\/www.maisquecuidar.com\/loja\/higiene-casa-banho\/fraldas-resguardos\/adultos\/fraldas-molicare-premium-elastic-10-gotas#breadcrumb"},"inLanguage":"pt-PT","potentialAction":[{"@type":"ReadAction","target":["https:\/\/www.maisquecuidar.com\/loja\/higiene-casa-banho\/fraldas-resguardos\/adultos\/fraldas-molicare-premium-elastic-10-gotas"]}]},{"@type":"ImageObject","inLanguage":"pt-PT","@id":"https:\/\/www.maisquecuidar.com\/loja\/higiene-casa-banho\/fraldas-resguardos\/adultos\/fraldas-molicare-premium-elastic-10-gotas#primaryimage","url":"https:\/\/img.maisquecuidar.com\/loja\/wp-content\/uploads\/2022\/05\/fraldas-molicare-premium-elastic-10g-M.png","contentUrl":"https:\/\/img.maisquecuidar.com\/loja\/wp-content\/uploads\/2022\/05\/fraldas-molicare-premium-elastic-10g-M.png","width":1280,"height":800,"caption":"Fraldas Molicare Premium Elastic 10 gotas tamanho M"},{"@type":"BreadcrumbList","@id":"https:\/\/www.maisquecuidar.com\/loja\/higiene-casa-banho\/fraldas-resguardos\/adultos\/fraldas-molicare-premium-elastic-10-gotas#breadcrumb","itemListElement":[{"@type":"ListItem","position":1,"name":"Home","item":"https:\/\/www.maisquecuidar.com\/loja\/"},{"@type":"ListItem","position":2,"name":"Loja Online de Ortopedia e Geriatria em Portugal","item":"https:\/\/www.maisquecuidar.com\/loja\/loja"},{"@type":"ListItem","position":3,"name":"Higiene e Casa de Banho","item":"https:\/\/www.maisquecuidar.com\/loja\/higiene-casa-banho"},{"@type":"ListItem","position":4,"name":"Produtos para Incontin\u00eancia","item":"https:\/\/www.maisquecuidar.com\/loja\/higiene-casa-banho\/fraldas-resguardos"},{"@type":"ListItem","position":5,"name":"Fraldas de Incontin\u00eancia Adultos","item":"https:\/\/www.maisquecuidar.com\/loja\/higiene-casa-banho\/fraldas-resguardos\/adultos"},{"@type":"ListItem","position":6,"name":"Fraldas Molicare Premium Elastic 10 Gotas"}]},{"@type":"WebSite","@id":"https:\/\/www.maisquecuidar.com\/loja\/#website","url":"https:\/\/www.maisquecuidar.com\/loja\/","name":"Mais que Cuidar","description":"Sa\u00fade, Ortopedia e Geriatria","publisher":{"@id":"https:\/\/www.maisquecuidar.com\/loja\/#organization"},"potentialAction":[{"@type":"SearchAction","target":{"@type":"EntryPoint","urlTemplate":"https:\/\/www.maisquecuidar.com\/loja\/?s={search_term_string}"},"query-input":{"@type":"PropertyValueSpecification","valueRequired":true,"valueName":"search_term_string"}}],"inLanguage":"pt-PT"},{"@type":"Organization","@id":"https:\/\/www.maisquecuidar.com\/loja\/#organization","name":"Mais Que Cuidar","url":"https:\/\/www.maisquecuidar.com\/loja\/","logo":{"@type":"ImageObject","inLanguage":"pt-PT","@id":"https:\/\/www.maisquecuidar.com\/loja\/#\/schema\/logo\/image\/","url":"https:\/\/img.maisquecuidar.com\/loja\/wp-content\/uploads\/2019\/08\/logo-mais-que-cuidar-retina.png","contentUrl":"https:\/\/img.maisquecuidar.com\/loja\/wp-content\/uploads\/2019\/08\/logo-mais-que-cuidar-retina.png","width":565,"height":75,"caption":"Mais Que Cuidar"},"image":{"@id":"https:\/\/www.maisquecuidar.com\/loja\/#\/schema\/logo\/image\/"},"sameAs":["https:\/\/www.facebook.com\/maisquecuidar.pt","https:\/\/www.instagram.com\/maisquecuidar"]}]}},"_links":{"self":[{"href":"https:\/\/www.maisquecuidar.com\/loja\/wp-json\/wp\/v2\/product\/15770","targetHints":{"allow":["GET"]}}],"collection":[{"href":"https:\/\/www.maisquecuidar.com\/loja\/wp-json\/wp\/v2\/product"}],"about":[{"href":"https:\/\/www.maisquecuidar.com\/loja\/wp-json\/wp\/v2\/types\/product"}],"wp:featuredmedia":[{"embeddable":true,"href":"https:\/\/www.maisquecuidar.com\/loja\/wp-json\/wp\/v2\/media\/15775"}],"wp:attachment":[{"href":"https:\/\/www.maisquecuidar.com\/loja\/wp-json\/wp\/v2\/media?parent=15770"}],"wp:term":[{"taxonomy":"product_brand","embeddable":true,"href":"https:\/\/www.maisquecuidar.com\/loja\/wp-json\/wp\/v2\/product_brand?post=15770"},{"taxonomy":"product_cat","embeddable":true,"href":"https:\/\/www.maisquecuidar.com\/loja\/wp-json\/wp\/v2\/product_cat?post=15770"},{"taxonomy":"product_tag","embeddable":true,"href":"https:\/\/www.maisquecuidar.com\/loja\/wp-json\/wp\/v2\/product_tag?post=15770"}],"curies":[{"name":"wp","href":"https:\/\/api.w.org\/{rel}","templated":true}]}}