{"id":15699,"date":"2022-05-13T15:31:25","date_gmt":"2022-05-13T14:31:25","guid":{"rendered":"https:\/\/www.maisquecuidar.com\/loja\/?post_type=product&#038;p=15699"},"modified":"2026-03-25T11:40:13","modified_gmt":"2026-03-25T11:40:13","slug":"empulse-r20-motor-auxiliar-cadeira-de-rodas","status":"publish","type":"product","link":"https:\/\/www.maisquecuidar.com\/loja\/mais-mobilidade\/cadeiras-de-rodas\/dispositivos-electricos\/empulse-r20-motor-auxiliar-cadeira-de-rodas","title":{"rendered":"Empulse R20 Motor Auxiliar para Cadeira de Rodas Manual"},"content":{"rendered":"<p>Para um acompanhante ou familiar, empurrar uma cadeira de rodas manual pode ser dif\u00edcil e cansativo \u00e0s vezes: terrenos irregulares, inclina\u00e7\u00f5es, longas caminhadas ou at\u00e9 o pr\u00f3prio peso do utilizador que dificultam essa tarefa.<\/p>\n<p>Os motores auxiliares para cadeiras de rodas convertem uma cadeira manual \u00a0em el\u00e9trica \u00a0para que o acompanhante possa levar de uma forma autom\u00e1tica e sem esfor\u00e7o.<\/p>\n<p>O Empulse R20 da Sunrise Medical \u00e9 um motor auxiliar que pode ser colocado numa cadeira de rodas manual de forma a ajudar o acompanhante a impulsionar a cadeira em subidas, descidas ou em desloca\u00e7\u00f5es mais longas.<\/p>\n<p>O R20 \u00e9 considerado o \u00fanico dispositivo articulado de ajuda \u00e0 propuls\u00e3o de uma cadeira de rodas manual do mercado. Al\u00e9m disso, \u00e9 a ajuda mais leve para o acompanhante, com o peso m\u00e1ximo de 4,5 kg (bateria inclu\u00edda)\u00a0 e permite ao utilizador auto-propulsar a sua cadeira sem necessidade de retirar o motor auxiliar R20 proporcionando uma maior independ\u00eancia.<\/p>\n<h3>M\u00e1xima fiabilidade<\/h3>\n<p>Com um potente motor de 250W e uma roda macia e robusta de longa dura\u00e7\u00e3o, o assistente el\u00e9trico para cadeira de rodas Empulse R20 proporciona a m\u00e1xima fiabilidade e uma grande autonomia gra\u00e7as \u00e0 sua bateria de l\u00edtio de 5.8 Ah.<\/p>\n<h3>A destacar:<\/h3>\n<ul>\n<li><strong>F\u00e1cil de instalar e retirar:<\/strong> o sistema de fixa\u00e7\u00e3o por clique permite uma montagem f\u00e1cil na cadeira de rodas sem a necessidade de ferramentas. Um vez retirado, apenas permanece uma pequena \u00e2ncora na cadeira de rodas, o que significa um peso adicional muito pequeno.<\/li>\n<li><strong>Unidade de controlo pr\u00e1tica e intuitiva:<\/strong> com o indicador de capacidade da bateria.Desmontagem f\u00e1cil da unidade de controlo, sem cabos nem fixa\u00e7\u00f5es inc\u00f3modas.<\/li>\n<li><strong>Ajuste f\u00e1cil da velocidade: <\/strong>com 3 velocidades:2, 3.7 e 5 km\/h.<\/li>\n<li><strong>Manuseamento simples<\/strong>: pressionando o bot\u00e3o, ativa-se a marcha para a frente.<\/li>\n<li><strong>Elevada compatibilidade:<\/strong> o motor el\u00e9trico para cadeira de rodas Empulse R20 \u00e9 compat\u00edvel com a maioria das cadeiras de rodas manuais do mercado (com arma\u00e7\u00e3o fechada e di\u00e2metro de tubo de 22 a 32 mm).<\/li>\n<li><strong>Bolsa de viagem muito pr\u00e1tica:<\/strong> gra\u00e7as ao peso leve e \u00e0 bolsa de transporte, poder\u00e1 levar confortavelmente o Empulse R20 at\u00e9 onde necessite.<\/li>\n<\/ul>\n","protected":false},"excerpt":{"rendered":"<p>Seja em subidas, descidas ou em desloca\u00e7\u00f5es mais longas, impulsionar (empurrar) uma cadeira de rodas manual nunca foi t\u00e3o f\u00e1cil com o R20.<\/p>\n","protected":false},"featured_media":15700,"template":"","meta":{"_acf_changed":false,"neve_meta_sidebar":"","neve_meta_container":"","neve_meta_enable_content_width":"off","neve_meta_content_width":100,"neve_meta_title_alignment":"","neve_meta_author_avatar":"","neve_post_elements_order":"","neve_meta_disable_header":"","neve_meta_disable_footer":"","neve_meta_disable_title":""},"product_brand":[],"product_cat":[86],"product_tag":[],"class_list":{"0":"post-15699","1":"product","2":"type-product","3":"status-publish","4":"has-post-thumbnail","6":"product_cat-dispositivos-electricos","8":"first","9":"instock","10":"taxable","11":"shipping-taxable","12":"purchasable","13":"product-type-simple"},"acf":[],"yoast_head":"<!-- This site is optimized with the Yoast SEO plugin v27.5 - https:\/\/yoast.com\/product\/yoast-seo-wordpress\/ -->\n<title>Empulse R20 Motor Auxiliar para Cadeira de Rodas Manual<\/title>\n<meta name=\"description\" content=\"Conhe\u00e7a o Empulse R20 da Sunrise Medical, um motor auxiliar para cadeira de rodas manual que ajuda o acompanhante a impulsionar a cadeira.\" \/>\n<meta name=\"robots\" content=\"index, follow, max-snippet:-1, max-image-preview:large, max-video-preview:-1\" \/>\n<link rel=\"canonical\" href=\"https:\/\/www.maisquecuidar.com\/loja\/mais-mobilidade\/cadeiras-de-rodas\/dispositivos-electricos\/empulse-r20-motor-auxiliar-cadeira-de-rodas\" \/>\n<meta property=\"og:locale\" content=\"pt_PT\" \/>\n<meta property=\"og:type\" content=\"article\" \/>\n<meta property=\"og:title\" content=\"Empulse R20 Motor Auxiliar para Cadeira de Rodas Manual\" \/>\n<meta property=\"og:description\" content=\"Conhe\u00e7a o Empulse R20 da Sunrise Medical, um motor auxiliar para cadeira de rodas manual que ajuda o acompanhante a impulsionar a cadeira.\" \/>\n<meta property=\"og:url\" content=\"https:\/\/www.maisquecuidar.com\/loja\/mais-mobilidade\/cadeiras-de-rodas\/dispositivos-electricos\/empulse-r20-motor-auxiliar-cadeira-de-rodas\" \/>\n<meta property=\"og:site_name\" content=\"Mais que Cuidar\" \/>\n<meta property=\"article:publisher\" content=\"https:\/\/www.facebook.com\/maisquecuidar.pt\" \/>\n<meta property=\"article:modified_time\" content=\"2026-03-25T11:40:13+00:00\" \/>\n<meta property=\"og:image\" content=\"https:\/\/img.maisquecuidar.com\/loja\/wp-content\/uploads\/2022\/05\/motor-auxiliar-cadeira-rodas.png\" \/>\n\t<meta property=\"og:image:width\" content=\"1280\" \/>\n\t<meta property=\"og:image:height\" content=\"800\" \/>\n\t<meta property=\"og:image:type\" content=\"image\/png\" \/>\n<meta name=\"twitter:label1\" content=\"Tempo estimado de leitura\" \/>\n\t<meta name=\"twitter:data1\" content=\"3 minutos\" \/>\n<script type=\"application\/ld+json\" class=\"yoast-schema-graph\">{\"@context\":\"https:\\\/\\\/schema.org\",\"@graph\":[{\"@type\":\"WebPage\",\"@id\":\"https:\\\/\\\/www.maisquecuidar.com\\\/loja\\\/mais-mobilidade\\\/cadeiras-de-rodas\\\/dispositivos-electricos\\\/empulse-r20-motor-auxiliar-cadeira-de-rodas\",\"url\":\"https:\\\/\\\/www.maisquecuidar.com\\\/loja\\\/mais-mobilidade\\\/cadeiras-de-rodas\\\/dispositivos-electricos\\\/empulse-r20-motor-auxiliar-cadeira-de-rodas\",\"name\":\"Empulse R20 Motor Auxiliar para Cadeira de Rodas Manual\",\"isPartOf\":{\"@id\":\"https:\\\/\\\/www.maisquecuidar.com\\\/loja\\\/#website\"},\"primaryImageOfPage\":{\"@id\":\"https:\\\/\\\/www.maisquecuidar.com\\\/loja\\\/mais-mobilidade\\\/cadeiras-de-rodas\\\/dispositivos-electricos\\\/empulse-r20-motor-auxiliar-cadeira-de-rodas#primaryimage\"},\"image\":{\"@id\":\"https:\\\/\\\/www.maisquecuidar.com\\\/loja\\\/mais-mobilidade\\\/cadeiras-de-rodas\\\/dispositivos-electricos\\\/empulse-r20-motor-auxiliar-cadeira-de-rodas#primaryimage\"},\"thumbnailUrl\":\"https:\\\/\\\/img.maisquecuidar.com\\\/loja\\\/wp-content\\\/uploads\\\/2022\\\/05\\\/motor-auxiliar-cadeira-rodas.png\",\"datePublished\":\"2022-05-13T14:31:25+00:00\",\"dateModified\":\"2026-03-25T11:40:13+00:00\",\"description\":\"Conhe\u00e7a o Empulse R20 da Sunrise Medical, um motor auxiliar para cadeira de rodas manual que ajuda o acompanhante a impulsionar a cadeira.\",\"breadcrumb\":{\"@id\":\"https:\\\/\\\/www.maisquecuidar.com\\\/loja\\\/mais-mobilidade\\\/cadeiras-de-rodas\\\/dispositivos-electricos\\\/empulse-r20-motor-auxiliar-cadeira-de-rodas#breadcrumb\"},\"inLanguage\":\"pt-PT\",\"potentialAction\":[{\"@type\":\"ReadAction\",\"target\":[\"https:\\\/\\\/www.maisquecuidar.com\\\/loja\\\/mais-mobilidade\\\/cadeiras-de-rodas\\\/dispositivos-electricos\\\/empulse-r20-motor-auxiliar-cadeira-de-rodas\"]}]},{\"@type\":\"ImageObject\",\"inLanguage\":\"pt-PT\",\"@id\":\"https:\\\/\\\/www.maisquecuidar.com\\\/loja\\\/mais-mobilidade\\\/cadeiras-de-rodas\\\/dispositivos-electricos\\\/empulse-r20-motor-auxiliar-cadeira-de-rodas#primaryimage\",\"url\":\"https:\\\/\\\/img.maisquecuidar.com\\\/loja\\\/wp-content\\\/uploads\\\/2022\\\/05\\\/motor-auxiliar-cadeira-rodas.png\",\"contentUrl\":\"https:\\\/\\\/img.maisquecuidar.com\\\/loja\\\/wp-content\\\/uploads\\\/2022\\\/05\\\/motor-auxiliar-cadeira-rodas.png\",\"width\":1280,\"height\":800,\"caption\":\"Motor auxiliar para cadeira de rodas Empulse R20\"},{\"@type\":\"BreadcrumbList\",\"@id\":\"https:\\\/\\\/www.maisquecuidar.com\\\/loja\\\/mais-mobilidade\\\/cadeiras-de-rodas\\\/dispositivos-electricos\\\/empulse-r20-motor-auxiliar-cadeira-de-rodas#breadcrumb\",\"itemListElement\":[{\"@type\":\"ListItem\",\"position\":1,\"name\":\"Home\",\"item\":\"https:\\\/\\\/www.maisquecuidar.com\\\/loja\\\/\"},{\"@type\":\"ListItem\",\"position\":2,\"name\":\"Loja Online de Ortopedia e Geriatria em Portugal\",\"item\":\"https:\\\/\\\/www.maisquecuidar.com\\\/loja\\\/loja\"},{\"@type\":\"ListItem\",\"position\":3,\"name\":\"Mais Mobilidade\",\"item\":\"https:\\\/\\\/www.maisquecuidar.com\\\/loja\\\/mais-mobilidade\"},{\"@type\":\"ListItem\",\"position\":4,\"name\":\"Cadeiras de Rodas\",\"item\":\"https:\\\/\\\/www.maisquecuidar.com\\\/loja\\\/mais-mobilidade\\\/cadeiras-de-rodas\"},{\"@type\":\"ListItem\",\"position\":5,\"name\":\"Dispositivos El\u00e9ctricos para Cadeiras de Rodas\",\"item\":\"https:\\\/\\\/www.maisquecuidar.com\\\/loja\\\/mais-mobilidade\\\/cadeiras-de-rodas\\\/dispositivos-electricos\"},{\"@type\":\"ListItem\",\"position\":6,\"name\":\"Empulse R20 Motor Auxiliar para Cadeira de Rodas Manual\"}]},{\"@type\":\"WebSite\",\"@id\":\"https:\\\/\\\/www.maisquecuidar.com\\\/loja\\\/#website\",\"url\":\"https:\\\/\\\/www.maisquecuidar.com\\\/loja\\\/\",\"name\":\"Mais que Cuidar\",\"description\":\"Sa\u00fade, Ortopedia e Geriatria\",\"publisher\":{\"@id\":\"https:\\\/\\\/www.maisquecuidar.com\\\/loja\\\/#organization\"},\"potentialAction\":[{\"@type\":\"SearchAction\",\"target\":{\"@type\":\"EntryPoint\",\"urlTemplate\":\"https:\\\/\\\/www.maisquecuidar.com\\\/loja\\\/?s={search_term_string}\"},\"query-input\":{\"@type\":\"PropertyValueSpecification\",\"valueRequired\":true,\"valueName\":\"search_term_string\"}}],\"inLanguage\":\"pt-PT\"},{\"@type\":\"Organization\",\"@id\":\"https:\\\/\\\/www.maisquecuidar.com\\\/loja\\\/#organization\",\"name\":\"Mais Que Cuidar\",\"url\":\"https:\\\/\\\/www.maisquecuidar.com\\\/loja\\\/\",\"logo\":{\"@type\":\"ImageObject\",\"inLanguage\":\"pt-PT\",\"@id\":\"https:\\\/\\\/www.maisquecuidar.com\\\/loja\\\/#\\\/schema\\\/logo\\\/image\\\/\",\"url\":\"https:\\\/\\\/img.maisquecuidar.com\\\/loja\\\/wp-content\\\/uploads\\\/2019\\\/08\\\/logo-mais-que-cuidar-retina.png\",\"contentUrl\":\"https:\\\/\\\/img.maisquecuidar.com\\\/loja\\\/wp-content\\\/uploads\\\/2019\\\/08\\\/logo-mais-que-cuidar-retina.png\",\"width\":565,\"height\":75,\"caption\":\"Mais Que Cuidar\"},\"image\":{\"@id\":\"https:\\\/\\\/www.maisquecuidar.com\\\/loja\\\/#\\\/schema\\\/logo\\\/image\\\/\"},\"sameAs\":[\"https:\\\/\\\/www.facebook.com\\\/maisquecuidar.pt\",\"https:\\\/\\\/www.instagram.com\\\/maisquecuidar\"]}]}<\/script>\n<!-- \/ Yoast SEO plugin. -->","yoast_head_json":{"title":"Empulse R20 Motor Auxiliar para Cadeira de Rodas Manual","description":"Conhe\u00e7a o Empulse R20 da Sunrise Medical, um motor auxiliar para cadeira de rodas manual que ajuda o acompanhante a impulsionar a cadeira.","robots":{"index":"index","follow":"follow","max-snippet":"max-snippet:-1","max-image-preview":"max-image-preview:large","max-video-preview":"max-video-preview:-1"},"canonical":"https:\/\/www.maisquecuidar.com\/loja\/mais-mobilidade\/cadeiras-de-rodas\/dispositivos-electricos\/empulse-r20-motor-auxiliar-cadeira-de-rodas","og_locale":"pt_PT","og_type":"article","og_title":"Empulse R20 Motor Auxiliar para Cadeira de Rodas Manual","og_description":"Conhe\u00e7a o Empulse R20 da Sunrise Medical, um motor auxiliar para cadeira de rodas manual que ajuda o acompanhante a impulsionar a cadeira.","og_url":"https:\/\/www.maisquecuidar.com\/loja\/mais-mobilidade\/cadeiras-de-rodas\/dispositivos-electricos\/empulse-r20-motor-auxiliar-cadeira-de-rodas","og_site_name":"Mais que Cuidar","article_publisher":"https:\/\/www.facebook.com\/maisquecuidar.pt","article_modified_time":"2026-03-25T11:40:13+00:00","og_image":[{"width":1280,"height":800,"url":"https:\/\/img.maisquecuidar.com\/loja\/wp-content\/uploads\/2022\/05\/motor-auxiliar-cadeira-rodas.png","type":"image\/png"}],"twitter_misc":{"Tempo estimado de leitura":"3 minutos"},"schema":{"@context":"https:\/\/schema.org","@graph":[{"@type":"WebPage","@id":"https:\/\/www.maisquecuidar.com\/loja\/mais-mobilidade\/cadeiras-de-rodas\/dispositivos-electricos\/empulse-r20-motor-auxiliar-cadeira-de-rodas","url":"https:\/\/www.maisquecuidar.com\/loja\/mais-mobilidade\/cadeiras-de-rodas\/dispositivos-electricos\/empulse-r20-motor-auxiliar-cadeira-de-rodas","name":"Empulse R20 Motor Auxiliar para Cadeira de Rodas Manual","isPartOf":{"@id":"https:\/\/www.maisquecuidar.com\/loja\/#website"},"primaryImageOfPage":{"@id":"https:\/\/www.maisquecuidar.com\/loja\/mais-mobilidade\/cadeiras-de-rodas\/dispositivos-electricos\/empulse-r20-motor-auxiliar-cadeira-de-rodas#primaryimage"},"image":{"@id":"https:\/\/www.maisquecuidar.com\/loja\/mais-mobilidade\/cadeiras-de-rodas\/dispositivos-electricos\/empulse-r20-motor-auxiliar-cadeira-de-rodas#primaryimage"},"thumbnailUrl":"https:\/\/img.maisquecuidar.com\/loja\/wp-content\/uploads\/2022\/05\/motor-auxiliar-cadeira-rodas.png","datePublished":"2022-05-13T14:31:25+00:00","dateModified":"2026-03-25T11:40:13+00:00","description":"Conhe\u00e7a o Empulse R20 da Sunrise Medical, um motor auxiliar para cadeira de rodas manual que ajuda o acompanhante a impulsionar a cadeira.","breadcrumb":{"@id":"https:\/\/www.maisquecuidar.com\/loja\/mais-mobilidade\/cadeiras-de-rodas\/dispositivos-electricos\/empulse-r20-motor-auxiliar-cadeira-de-rodas#breadcrumb"},"inLanguage":"pt-PT","potentialAction":[{"@type":"ReadAction","target":["https:\/\/www.maisquecuidar.com\/loja\/mais-mobilidade\/cadeiras-de-rodas\/dispositivos-electricos\/empulse-r20-motor-auxiliar-cadeira-de-rodas"]}]},{"@type":"ImageObject","inLanguage":"pt-PT","@id":"https:\/\/www.maisquecuidar.com\/loja\/mais-mobilidade\/cadeiras-de-rodas\/dispositivos-electricos\/empulse-r20-motor-auxiliar-cadeira-de-rodas#primaryimage","url":"https:\/\/img.maisquecuidar.com\/loja\/wp-content\/uploads\/2022\/05\/motor-auxiliar-cadeira-rodas.png","contentUrl":"https:\/\/img.maisquecuidar.com\/loja\/wp-content\/uploads\/2022\/05\/motor-auxiliar-cadeira-rodas.png","width":1280,"height":800,"caption":"Motor auxiliar para cadeira de rodas Empulse R20"},{"@type":"BreadcrumbList","@id":"https:\/\/www.maisquecuidar.com\/loja\/mais-mobilidade\/cadeiras-de-rodas\/dispositivos-electricos\/empulse-r20-motor-auxiliar-cadeira-de-rodas#breadcrumb","itemListElement":[{"@type":"ListItem","position":1,"name":"Home","item":"https:\/\/www.maisquecuidar.com\/loja\/"},{"@type":"ListItem","position":2,"name":"Loja Online de Ortopedia e Geriatria em Portugal","item":"https:\/\/www.maisquecuidar.com\/loja\/loja"},{"@type":"ListItem","position":3,"name":"Mais Mobilidade","item":"https:\/\/www.maisquecuidar.com\/loja\/mais-mobilidade"},{"@type":"ListItem","position":4,"name":"Cadeiras de Rodas","item":"https:\/\/www.maisquecuidar.com\/loja\/mais-mobilidade\/cadeiras-de-rodas"},{"@type":"ListItem","position":5,"name":"Dispositivos El\u00e9ctricos para Cadeiras de Rodas","item":"https:\/\/www.maisquecuidar.com\/loja\/mais-mobilidade\/cadeiras-de-rodas\/dispositivos-electricos"},{"@type":"ListItem","position":6,"name":"Empulse R20 Motor Auxiliar para Cadeira de Rodas Manual"}]},{"@type":"WebSite","@id":"https:\/\/www.maisquecuidar.com\/loja\/#website","url":"https:\/\/www.maisquecuidar.com\/loja\/","name":"Mais que Cuidar","description":"Sa\u00fade, Ortopedia e Geriatria","publisher":{"@id":"https:\/\/www.maisquecuidar.com\/loja\/#organization"},"potentialAction":[{"@type":"SearchAction","target":{"@type":"EntryPoint","urlTemplate":"https:\/\/www.maisquecuidar.com\/loja\/?s={search_term_string}"},"query-input":{"@type":"PropertyValueSpecification","valueRequired":true,"valueName":"search_term_string"}}],"inLanguage":"pt-PT"},{"@type":"Organization","@id":"https:\/\/www.maisquecuidar.com\/loja\/#organization","name":"Mais Que Cuidar","url":"https:\/\/www.maisquecuidar.com\/loja\/","logo":{"@type":"ImageObject","inLanguage":"pt-PT","@id":"https:\/\/www.maisquecuidar.com\/loja\/#\/schema\/logo\/image\/","url":"https:\/\/img.maisquecuidar.com\/loja\/wp-content\/uploads\/2019\/08\/logo-mais-que-cuidar-retina.png","contentUrl":"https:\/\/img.maisquecuidar.com\/loja\/wp-content\/uploads\/2019\/08\/logo-mais-que-cuidar-retina.png","width":565,"height":75,"caption":"Mais Que Cuidar"},"image":{"@id":"https:\/\/www.maisquecuidar.com\/loja\/#\/schema\/logo\/image\/"},"sameAs":["https:\/\/www.facebook.com\/maisquecuidar.pt","https:\/\/www.instagram.com\/maisquecuidar"]}]}},"_links":{"self":[{"href":"https:\/\/www.maisquecuidar.com\/loja\/wp-json\/wp\/v2\/product\/15699","targetHints":{"allow":["GET"]}}],"collection":[{"href":"https:\/\/www.maisquecuidar.com\/loja\/wp-json\/wp\/v2\/product"}],"about":[{"href":"https:\/\/www.maisquecuidar.com\/loja\/wp-json\/wp\/v2\/types\/product"}],"wp:featuredmedia":[{"embeddable":true,"href":"https:\/\/www.maisquecuidar.com\/loja\/wp-json\/wp\/v2\/media\/15700"}],"wp:attachment":[{"href":"https:\/\/www.maisquecuidar.com\/loja\/wp-json\/wp\/v2\/media?parent=15699"}],"wp:term":[{"taxonomy":"product_brand","embeddable":true,"href":"https:\/\/www.maisquecuidar.com\/loja\/wp-json\/wp\/v2\/product_brand?post=15699"},{"taxonomy":"product_cat","embeddable":true,"href":"https:\/\/www.maisquecuidar.com\/loja\/wp-json\/wp\/v2\/product_cat?post=15699"},{"taxonomy":"product_tag","embeddable":true,"href":"https:\/\/www.maisquecuidar.com\/loja\/wp-json\/wp\/v2\/product_tag?post=15699"}],"curies":[{"name":"wp","href":"https:\/\/api.w.org\/{rel}","templated":true}]}}