{"id":15665,"date":"2022-04-26T17:56:49","date_gmt":"2022-04-26T16:56:49","guid":{"rendered":"https:\/\/www.maisquecuidar.com\/loja\/?post_type=product&#038;p=15665"},"modified":"2025-10-01T18:30:56","modified_gmt":"2025-10-01T17:30:56","slug":"cadeira-rodas-eletrica-aviva-rx20-modulite","status":"publish","type":"product","link":"https:\/\/www.maisquecuidar.com\/loja\/mais-mobilidade\/cadeiras-de-rodas\/electricas\/cadeira-rodas-eletrica-aviva-rx20-modulite","title":{"rendered":"Cadeira de Rodas El\u00e9trica AVIVA RX20 Modulite Invacare"},"content":{"rendered":"<p>A Aviva RX 20 \u00e9 uma cadeira de rodas el\u00e9trica com tra\u00e7\u00e3o traseira que foi projetada para oferecer um conjunto alargado de op\u00e7\u00f5es, combinadas com novas tecnologias e designs elegantes, para fornecer o m\u00e1ximo conforto e controlo durante a condu\u00e7\u00e3o em exterior e interior.<\/p>\n<p>Esta cadeira \u00e9 ideal para ambientes interiores, devido \u00e0 sua\u00a0<strong>grande manobrabilidade<\/strong>, ao\u00a0<strong>pequeno raio de viragem<\/strong>\u00a0e \u00e0\u00a0<strong>largura de apenas 56 cm<\/strong>. Destinada tamb\u00e9m a utilizadores sem necessidades cl\u00ednicas complexas, devido \u00e0 sua configura\u00e7\u00e3o mais standard.<\/p>\n<p>Al\u00e9m disso, a AVIVA RX20 Modulite oferece grande parte das vantagens desta nova gera\u00e7\u00e3o de cadeiras de rodas el\u00e9tricas, atrav\u00e9s das novidades ao n\u00edvel do\u00a0<strong>design, da tecnologia e da performance<\/strong>.<\/p>\n<p>Em termos de design, as novas\u00a0<strong>linhas s\u00f3brias<\/strong>, com\u00a0<strong>\u00e2ngulos suaves<\/strong>, diferenciam as cadeiras de rodas AVIVA RX, introduzindo a\u00a0<strong>capacidade de personaliza\u00e7\u00e3o<\/strong>\u00a0do sistema de assento, da base de tra\u00e7\u00e3o e dos comandos.<\/p>\n<p>Toda a cadeira foi concebida para ser o\u00a0<strong>mais compacta<\/strong>\u00a0poss\u00edvel, de forma a conseguir uma maior liberdade de movimentos em espa\u00e7os pequenos e com\u00a0<strong>pouco raio de viragem<\/strong>, sempre com\u00a0<strong>grande manobrabilidade e autonomia<\/strong>.<\/p>\n<p>A tecnologia \u00e9 tamb\u00e9m uma \u00e1rea com muitas novidades, come\u00e7ando pelo\u00a0<strong>novo sistema de luzes Axendo<\/strong>, que recorre a tecnologia ultra-beam (com maior brilho e intensidade).<\/p>\n<p>Ao n\u00edvel dos comandos, temos o\u00a0<strong>REM 400\/500<\/strong>\u00a0com um ecr\u00e3 t\u00e1til que requere uma for\u00e7a m\u00ednima para operacionaliza\u00e7\u00e3o, incorporando o sistema\u00a0<strong>LiNX G-Trac<\/strong>\u00a0que assegura o bom comportamento da cadeira durante a condu\u00e7\u00e3o.<\/p>\n<p>Outra grande novidade \u00e9 a\u00a0<strong>Compensa\u00e7\u00e3o inteligente da carga<\/strong>, que interpreta, aprende e adapta os motores \u00e0s mudan\u00e7as, assegurando que a\u00a0<strong>condu\u00e7\u00e3o da cadeira est\u00e1 otimizada e equilibrada nos diferentes terrenos, em todos os momentos<\/strong>.<\/p>\n<p>Ao n\u00edvel da performance, conseguimos oferecer uma\u00a0<strong>experi\u00eancia de condu\u00e7\u00e3o suave e silenciosa<\/strong>, gra\u00e7as ao\u00a0<strong>sistema de suspens\u00e3o CTC patenteado<\/strong>, que isola o assento das vibra\u00e7\u00f5es e dos choques, ao mesmo tempo que as quatros rodas est\u00e3o sempre em contacto com o ch\u00e3o, de forma a distribuir o peso, sempre da melhor forma.<\/p>\n<p>A\u00a0<strong>manuten\u00e7\u00e3o da cadeira<\/strong>\u00a0foi tamb\u00e9m\u00a0<strong>melhorada<\/strong>, atrav\u00e9s do f\u00e1cil acesso aos principais componentes a analisar: motores, caixa de controlo, carnagem, pneus, rodas eixos e baterias.<\/p>\n<p>As op\u00e7\u00f5es de comandos da cadeira, s\u00e3o tamb\u00e9m muito completas, uma vez que\u00a0<strong>utilizam a eletr\u00f3nica LiNX<\/strong>, em coopera\u00e7\u00e3o com op\u00e7\u00f5es de\u00a0<strong>comandos especiais<\/strong>, sempre com a possibilidade de\u00a0<strong>programa\u00e7\u00e3o e de manuten\u00e7\u00e3o sem fios e em tempo real.<\/strong><\/p>\n<h3>Em Destaque:<\/h3>\n<ul>\n<li><strong>Base compacta:<\/strong> muito compacta (apenas 56 cm de largura) e com superior manobrabilidade, combinadas com autonomia. Perfeita para uso em espa\u00e7os pequenos com pouco raio de viragem.<\/li>\n<li><strong>Suspens\u00e3o CTC patenteada<\/strong>: isola o assento das vibra\u00e7\u00f5es e dos choques. As quatro rodas est\u00e3o sempre em contacto com o ch\u00e3o, fornecendo um \u00f3tima distribui\u00e7\u00e3o do peso.<\/li>\n<li><strong>Novo sistema de luzes AXENDO:<\/strong> oferece mais brilho e intensidade, permitindo ver e ser visto em espa\u00e7os de baixa luminosidade (tecnologia ultra-beam).<\/li>\n<li><strong>Aplica\u00e7\u00e3o MyLiNX:<\/strong> permite aceder remotamente (via app gratuita dispon\u00edvel para Android e IOS) a informa\u00e7\u00f5es de utiliza\u00e7\u00e3o e carregamento das baterias, assim como consultar diagn\u00f3sticos e par\u00e2metros de condu\u00e7\u00e3o.<\/li>\n<\/ul>\n<p>Nota: o pre\u00e7o apresentado \u00e9 referente ao modelo Aviva RX20 standard (sem acess\u00f3rios opcionais).<\/p>\n","protected":false},"excerpt":{"rendered":"<p>Cadeira de rodas el\u00e9trica de tra\u00e7\u00e3o traseira com largura m\u00ednima da base de 56 cm, sistema de suspens\u00e3o CTC por sinobloco ajust\u00e1vel e definido de acordo com peso do utilizador.<\/p>\n","protected":false},"featured_media":17603,"template":"","meta":{"_acf_changed":false,"neve_meta_sidebar":"","neve_meta_container":"","neve_meta_enable_content_width":"","neve_meta_content_width":0,"neve_meta_title_alignment":"","neve_meta_author_avatar":"","neve_post_elements_order":"","neve_meta_disable_header":"","neve_meta_disable_footer":"","neve_meta_disable_title":""},"product_brand":[],"product_cat":[83],"product_tag":[],"class_list":{"0":"post-15665","1":"product","2":"type-product","3":"status-publish","4":"has-post-thumbnail","6":"product_cat-electricas","8":"first","9":"onbackorder","10":"taxable","11":"shipping-taxable","12":"purchasable","13":"product-type-simple"},"acf":[],"yoast_head":"<!-- This site is optimized with the Yoast SEO plugin v27.4 - https:\/\/yoast.com\/product\/yoast-seo-wordpress\/ -->\n<title>Cadeira de Rodas El\u00e9trica AVIVA RX20 Modulite Invacare<\/title>\n<meta name=\"description\" content=\"Descubra a cadeira de rodas el\u00e9trica Aviva Rx 20 da Invacare com tra\u00e7\u00e3o traseira e sistema de suspens\u00e3o CTC. Marque um teste drive gratuito.\" \/>\n<meta name=\"robots\" content=\"index, follow, max-snippet:-1, max-image-preview:large, max-video-preview:-1\" \/>\n<link rel=\"canonical\" href=\"https:\/\/www.maisquecuidar.com\/loja\/mais-mobilidade\/cadeiras-de-rodas\/electricas\/cadeira-rodas-eletrica-aviva-rx20-modulite\" \/>\n<meta property=\"og:locale\" content=\"pt_PT\" \/>\n<meta property=\"og:type\" content=\"article\" \/>\n<meta property=\"og:title\" content=\"Cadeira de Rodas El\u00e9trica AVIVA RX20 Modulite Invacare\" \/>\n<meta property=\"og:description\" content=\"Descubra a cadeira de rodas el\u00e9trica Aviva Rx 20 da Invacare com tra\u00e7\u00e3o traseira e sistema de suspens\u00e3o CTC. Marque um teste drive gratuito.\" \/>\n<meta property=\"og:url\" content=\"https:\/\/www.maisquecuidar.com\/loja\/mais-mobilidade\/cadeiras-de-rodas\/electricas\/cadeira-rodas-eletrica-aviva-rx20-modulite\" \/>\n<meta property=\"og:site_name\" content=\"Mais que Cuidar\" \/>\n<meta property=\"article:publisher\" content=\"https:\/\/www.facebook.com\/maisquecuidar.pt\" \/>\n<meta property=\"article:modified_time\" content=\"2025-10-01T17:30:56+00:00\" \/>\n<meta property=\"og:image\" content=\"https:\/\/img.maisquecuidar.com\/loja\/wp-content\/uploads\/2022\/04\/aviva20.png\" \/>\n\t<meta property=\"og:image:width\" content=\"1280\" \/>\n\t<meta property=\"og:image:height\" content=\"800\" \/>\n\t<meta property=\"og:image:type\" content=\"image\/png\" \/>\n<meta name=\"twitter:label1\" content=\"Tempo estimado de leitura\" \/>\n\t<meta name=\"twitter:data1\" content=\"3 minutos\" \/>\n<script type=\"application\/ld+json\" class=\"yoast-schema-graph\">{\"@context\":\"https:\\\/\\\/schema.org\",\"@graph\":[{\"@type\":\"WebPage\",\"@id\":\"https:\\\/\\\/www.maisquecuidar.com\\\/loja\\\/mais-mobilidade\\\/cadeiras-de-rodas\\\/electricas\\\/cadeira-rodas-eletrica-aviva-rx20-modulite\",\"url\":\"https:\\\/\\\/www.maisquecuidar.com\\\/loja\\\/mais-mobilidade\\\/cadeiras-de-rodas\\\/electricas\\\/cadeira-rodas-eletrica-aviva-rx20-modulite\",\"name\":\"Cadeira de Rodas El\u00e9trica AVIVA RX20 Modulite Invacare\",\"isPartOf\":{\"@id\":\"https:\\\/\\\/www.maisquecuidar.com\\\/loja\\\/#website\"},\"primaryImageOfPage\":{\"@id\":\"https:\\\/\\\/www.maisquecuidar.com\\\/loja\\\/mais-mobilidade\\\/cadeiras-de-rodas\\\/electricas\\\/cadeira-rodas-eletrica-aviva-rx20-modulite#primaryimage\"},\"image\":{\"@id\":\"https:\\\/\\\/www.maisquecuidar.com\\\/loja\\\/mais-mobilidade\\\/cadeiras-de-rodas\\\/electricas\\\/cadeira-rodas-eletrica-aviva-rx20-modulite#primaryimage\"},\"thumbnailUrl\":\"https:\\\/\\\/img.maisquecuidar.com\\\/loja\\\/wp-content\\\/uploads\\\/2022\\\/04\\\/aviva20.png\",\"datePublished\":\"2022-04-26T16:56:49+00:00\",\"dateModified\":\"2025-10-01T17:30:56+00:00\",\"description\":\"Descubra a cadeira de rodas el\u00e9trica Aviva Rx 20 da Invacare com tra\u00e7\u00e3o traseira e sistema de suspens\u00e3o CTC. Marque um teste drive gratuito.\",\"breadcrumb\":{\"@id\":\"https:\\\/\\\/www.maisquecuidar.com\\\/loja\\\/mais-mobilidade\\\/cadeiras-de-rodas\\\/electricas\\\/cadeira-rodas-eletrica-aviva-rx20-modulite#breadcrumb\"},\"inLanguage\":\"pt-PT\",\"potentialAction\":[{\"@type\":\"ReadAction\",\"target\":[\"https:\\\/\\\/www.maisquecuidar.com\\\/loja\\\/mais-mobilidade\\\/cadeiras-de-rodas\\\/electricas\\\/cadeira-rodas-eletrica-aviva-rx20-modulite\"]}]},{\"@type\":\"ImageObject\",\"inLanguage\":\"pt-PT\",\"@id\":\"https:\\\/\\\/www.maisquecuidar.com\\\/loja\\\/mais-mobilidade\\\/cadeiras-de-rodas\\\/electricas\\\/cadeira-rodas-eletrica-aviva-rx20-modulite#primaryimage\",\"url\":\"https:\\\/\\\/img.maisquecuidar.com\\\/loja\\\/wp-content\\\/uploads\\\/2022\\\/04\\\/aviva20.png\",\"contentUrl\":\"https:\\\/\\\/img.maisquecuidar.com\\\/loja\\\/wp-content\\\/uploads\\\/2022\\\/04\\\/aviva20.png\",\"width\":1280,\"height\":800,\"caption\":\"Cadeira de rodas el\u00e9trica aviva RX 20 da Invacare\"},{\"@type\":\"BreadcrumbList\",\"@id\":\"https:\\\/\\\/www.maisquecuidar.com\\\/loja\\\/mais-mobilidade\\\/cadeiras-de-rodas\\\/electricas\\\/cadeira-rodas-eletrica-aviva-rx20-modulite#breadcrumb\",\"itemListElement\":[{\"@type\":\"ListItem\",\"position\":1,\"name\":\"Home\",\"item\":\"https:\\\/\\\/www.maisquecuidar.com\\\/loja\\\/\"},{\"@type\":\"ListItem\",\"position\":2,\"name\":\"Loja Online de Ortopedia e Geriatria em Portugal\",\"item\":\"https:\\\/\\\/www.maisquecuidar.com\\\/loja\\\/loja\"},{\"@type\":\"ListItem\",\"position\":3,\"name\":\"Mais Mobilidade\",\"item\":\"https:\\\/\\\/www.maisquecuidar.com\\\/loja\\\/mais-mobilidade\"},{\"@type\":\"ListItem\",\"position\":4,\"name\":\"Cadeiras de Rodas\",\"item\":\"https:\\\/\\\/www.maisquecuidar.com\\\/loja\\\/mais-mobilidade\\\/cadeiras-de-rodas\"},{\"@type\":\"ListItem\",\"position\":5,\"name\":\"Cadeiras de Rodas El\u00e9ctricas\",\"item\":\"https:\\\/\\\/www.maisquecuidar.com\\\/loja\\\/mais-mobilidade\\\/cadeiras-de-rodas\\\/electricas\"},{\"@type\":\"ListItem\",\"position\":6,\"name\":\"Cadeira de Rodas El\u00e9trica AVIVA RX20 Modulite Invacare\"}]},{\"@type\":\"WebSite\",\"@id\":\"https:\\\/\\\/www.maisquecuidar.com\\\/loja\\\/#website\",\"url\":\"https:\\\/\\\/www.maisquecuidar.com\\\/loja\\\/\",\"name\":\"Mais que Cuidar\",\"description\":\"Sa\u00fade, Ortopedia e Geriatria\",\"publisher\":{\"@id\":\"https:\\\/\\\/www.maisquecuidar.com\\\/loja\\\/#organization\"},\"potentialAction\":[{\"@type\":\"SearchAction\",\"target\":{\"@type\":\"EntryPoint\",\"urlTemplate\":\"https:\\\/\\\/www.maisquecuidar.com\\\/loja\\\/?s={search_term_string}\"},\"query-input\":{\"@type\":\"PropertyValueSpecification\",\"valueRequired\":true,\"valueName\":\"search_term_string\"}}],\"inLanguage\":\"pt-PT\"},{\"@type\":\"Organization\",\"@id\":\"https:\\\/\\\/www.maisquecuidar.com\\\/loja\\\/#organization\",\"name\":\"Mais Que Cuidar\",\"url\":\"https:\\\/\\\/www.maisquecuidar.com\\\/loja\\\/\",\"logo\":{\"@type\":\"ImageObject\",\"inLanguage\":\"pt-PT\",\"@id\":\"https:\\\/\\\/www.maisquecuidar.com\\\/loja\\\/#\\\/schema\\\/logo\\\/image\\\/\",\"url\":\"https:\\\/\\\/img.maisquecuidar.com\\\/loja\\\/wp-content\\\/uploads\\\/2019\\\/08\\\/logo-mais-que-cuidar-retina.png\",\"contentUrl\":\"https:\\\/\\\/img.maisquecuidar.com\\\/loja\\\/wp-content\\\/uploads\\\/2019\\\/08\\\/logo-mais-que-cuidar-retina.png\",\"width\":565,\"height\":75,\"caption\":\"Mais Que Cuidar\"},\"image\":{\"@id\":\"https:\\\/\\\/www.maisquecuidar.com\\\/loja\\\/#\\\/schema\\\/logo\\\/image\\\/\"},\"sameAs\":[\"https:\\\/\\\/www.facebook.com\\\/maisquecuidar.pt\",\"https:\\\/\\\/www.instagram.com\\\/maisquecuidar\"]}]}<\/script>\n<!-- \/ Yoast SEO plugin. -->","yoast_head_json":{"title":"Cadeira de Rodas El\u00e9trica AVIVA RX20 Modulite Invacare","description":"Descubra a cadeira de rodas el\u00e9trica Aviva Rx 20 da Invacare com tra\u00e7\u00e3o traseira e sistema de suspens\u00e3o CTC. Marque um teste drive gratuito.","robots":{"index":"index","follow":"follow","max-snippet":"max-snippet:-1","max-image-preview":"max-image-preview:large","max-video-preview":"max-video-preview:-1"},"canonical":"https:\/\/www.maisquecuidar.com\/loja\/mais-mobilidade\/cadeiras-de-rodas\/electricas\/cadeira-rodas-eletrica-aviva-rx20-modulite","og_locale":"pt_PT","og_type":"article","og_title":"Cadeira de Rodas El\u00e9trica AVIVA RX20 Modulite Invacare","og_description":"Descubra a cadeira de rodas el\u00e9trica Aviva Rx 20 da Invacare com tra\u00e7\u00e3o traseira e sistema de suspens\u00e3o CTC. Marque um teste drive gratuito.","og_url":"https:\/\/www.maisquecuidar.com\/loja\/mais-mobilidade\/cadeiras-de-rodas\/electricas\/cadeira-rodas-eletrica-aviva-rx20-modulite","og_site_name":"Mais que Cuidar","article_publisher":"https:\/\/www.facebook.com\/maisquecuidar.pt","article_modified_time":"2025-10-01T17:30:56+00:00","og_image":[{"width":1280,"height":800,"url":"https:\/\/img.maisquecuidar.com\/loja\/wp-content\/uploads\/2022\/04\/aviva20.png","type":"image\/png"}],"twitter_misc":{"Tempo estimado de leitura":"3 minutos"},"schema":{"@context":"https:\/\/schema.org","@graph":[{"@type":"WebPage","@id":"https:\/\/www.maisquecuidar.com\/loja\/mais-mobilidade\/cadeiras-de-rodas\/electricas\/cadeira-rodas-eletrica-aviva-rx20-modulite","url":"https:\/\/www.maisquecuidar.com\/loja\/mais-mobilidade\/cadeiras-de-rodas\/electricas\/cadeira-rodas-eletrica-aviva-rx20-modulite","name":"Cadeira de Rodas El\u00e9trica AVIVA RX20 Modulite Invacare","isPartOf":{"@id":"https:\/\/www.maisquecuidar.com\/loja\/#website"},"primaryImageOfPage":{"@id":"https:\/\/www.maisquecuidar.com\/loja\/mais-mobilidade\/cadeiras-de-rodas\/electricas\/cadeira-rodas-eletrica-aviva-rx20-modulite#primaryimage"},"image":{"@id":"https:\/\/www.maisquecuidar.com\/loja\/mais-mobilidade\/cadeiras-de-rodas\/electricas\/cadeira-rodas-eletrica-aviva-rx20-modulite#primaryimage"},"thumbnailUrl":"https:\/\/img.maisquecuidar.com\/loja\/wp-content\/uploads\/2022\/04\/aviva20.png","datePublished":"2022-04-26T16:56:49+00:00","dateModified":"2025-10-01T17:30:56+00:00","description":"Descubra a cadeira de rodas el\u00e9trica Aviva Rx 20 da Invacare com tra\u00e7\u00e3o traseira e sistema de suspens\u00e3o CTC. Marque um teste drive gratuito.","breadcrumb":{"@id":"https:\/\/www.maisquecuidar.com\/loja\/mais-mobilidade\/cadeiras-de-rodas\/electricas\/cadeira-rodas-eletrica-aviva-rx20-modulite#breadcrumb"},"inLanguage":"pt-PT","potentialAction":[{"@type":"ReadAction","target":["https:\/\/www.maisquecuidar.com\/loja\/mais-mobilidade\/cadeiras-de-rodas\/electricas\/cadeira-rodas-eletrica-aviva-rx20-modulite"]}]},{"@type":"ImageObject","inLanguage":"pt-PT","@id":"https:\/\/www.maisquecuidar.com\/loja\/mais-mobilidade\/cadeiras-de-rodas\/electricas\/cadeira-rodas-eletrica-aviva-rx20-modulite#primaryimage","url":"https:\/\/img.maisquecuidar.com\/loja\/wp-content\/uploads\/2022\/04\/aviva20.png","contentUrl":"https:\/\/img.maisquecuidar.com\/loja\/wp-content\/uploads\/2022\/04\/aviva20.png","width":1280,"height":800,"caption":"Cadeira de rodas el\u00e9trica aviva RX 20 da Invacare"},{"@type":"BreadcrumbList","@id":"https:\/\/www.maisquecuidar.com\/loja\/mais-mobilidade\/cadeiras-de-rodas\/electricas\/cadeira-rodas-eletrica-aviva-rx20-modulite#breadcrumb","itemListElement":[{"@type":"ListItem","position":1,"name":"Home","item":"https:\/\/www.maisquecuidar.com\/loja\/"},{"@type":"ListItem","position":2,"name":"Loja Online de Ortopedia e Geriatria em Portugal","item":"https:\/\/www.maisquecuidar.com\/loja\/loja"},{"@type":"ListItem","position":3,"name":"Mais Mobilidade","item":"https:\/\/www.maisquecuidar.com\/loja\/mais-mobilidade"},{"@type":"ListItem","position":4,"name":"Cadeiras de Rodas","item":"https:\/\/www.maisquecuidar.com\/loja\/mais-mobilidade\/cadeiras-de-rodas"},{"@type":"ListItem","position":5,"name":"Cadeiras de Rodas El\u00e9ctricas","item":"https:\/\/www.maisquecuidar.com\/loja\/mais-mobilidade\/cadeiras-de-rodas\/electricas"},{"@type":"ListItem","position":6,"name":"Cadeira de Rodas El\u00e9trica AVIVA RX20 Modulite Invacare"}]},{"@type":"WebSite","@id":"https:\/\/www.maisquecuidar.com\/loja\/#website","url":"https:\/\/www.maisquecuidar.com\/loja\/","name":"Mais que Cuidar","description":"Sa\u00fade, Ortopedia e Geriatria","publisher":{"@id":"https:\/\/www.maisquecuidar.com\/loja\/#organization"},"potentialAction":[{"@type":"SearchAction","target":{"@type":"EntryPoint","urlTemplate":"https:\/\/www.maisquecuidar.com\/loja\/?s={search_term_string}"},"query-input":{"@type":"PropertyValueSpecification","valueRequired":true,"valueName":"search_term_string"}}],"inLanguage":"pt-PT"},{"@type":"Organization","@id":"https:\/\/www.maisquecuidar.com\/loja\/#organization","name":"Mais Que Cuidar","url":"https:\/\/www.maisquecuidar.com\/loja\/","logo":{"@type":"ImageObject","inLanguage":"pt-PT","@id":"https:\/\/www.maisquecuidar.com\/loja\/#\/schema\/logo\/image\/","url":"https:\/\/img.maisquecuidar.com\/loja\/wp-content\/uploads\/2019\/08\/logo-mais-que-cuidar-retina.png","contentUrl":"https:\/\/img.maisquecuidar.com\/loja\/wp-content\/uploads\/2019\/08\/logo-mais-que-cuidar-retina.png","width":565,"height":75,"caption":"Mais Que Cuidar"},"image":{"@id":"https:\/\/www.maisquecuidar.com\/loja\/#\/schema\/logo\/image\/"},"sameAs":["https:\/\/www.facebook.com\/maisquecuidar.pt","https:\/\/www.instagram.com\/maisquecuidar"]}]}},"_links":{"self":[{"href":"https:\/\/www.maisquecuidar.com\/loja\/wp-json\/wp\/v2\/product\/15665","targetHints":{"allow":["GET"]}}],"collection":[{"href":"https:\/\/www.maisquecuidar.com\/loja\/wp-json\/wp\/v2\/product"}],"about":[{"href":"https:\/\/www.maisquecuidar.com\/loja\/wp-json\/wp\/v2\/types\/product"}],"wp:featuredmedia":[{"embeddable":true,"href":"https:\/\/www.maisquecuidar.com\/loja\/wp-json\/wp\/v2\/media\/17603"}],"wp:attachment":[{"href":"https:\/\/www.maisquecuidar.com\/loja\/wp-json\/wp\/v2\/media?parent=15665"}],"wp:term":[{"taxonomy":"product_brand","embeddable":true,"href":"https:\/\/www.maisquecuidar.com\/loja\/wp-json\/wp\/v2\/product_brand?post=15665"},{"taxonomy":"product_cat","embeddable":true,"href":"https:\/\/www.maisquecuidar.com\/loja\/wp-json\/wp\/v2\/product_cat?post=15665"},{"taxonomy":"product_tag","embeddable":true,"href":"https:\/\/www.maisquecuidar.com\/loja\/wp-json\/wp\/v2\/product_tag?post=15665"}],"curies":[{"name":"wp","href":"https:\/\/api.w.org\/{rel}","templated":true}]}}