{"id":15374,"date":"2021-10-19T17:35:29","date_gmt":"2021-10-19T16:35:29","guid":{"rendered":"https:\/\/www.maisquecuidar.com\/loja\/?post_type=product&#038;p=15374"},"modified":"2026-02-03T14:38:55","modified_gmt":"2026-02-03T14:38:55","slug":"cama-articulada-eletrica-nordbed-optimo-120-wide","status":"publish","type":"product","link":"https:\/\/www.maisquecuidar.com\/loja\/quarto-conforto-bem-estar\/camas-articuladas\/camas-hospitalares-electricas\/cama-articulada-eletrica-nordbed-optimo-120-wide","title":{"rendered":"Cama Articulada El\u00e9trica NordBed Optimo Wide 120"},"content":{"rendered":"<p>A\u00a0fam\u00edlia NordBed Optimo\u00a0\u00e9 composta por\u00a0camas articuladas, ideais para ambientes domicili\u00e1rios e institucionais.\u00a0Oferecem v\u00e1rias fun\u00e7\u00f5es\u00a0f\u00e1ceis de usar, para promover\u00a0autonomia, conforto e facilidade de mobiliza\u00e7\u00e3o\u00a0ao utilizador.<\/p>\n<p><img decoding=\"async\" data-src=\"https:\/\/invacarerest.com\/assets\/images\/boxes\/textboxes\/NB-OPTIMO-hand-control.jpg\" width=\"217\" height=\"208\" src=\"data:image\/svg+xml;base64,PHN2ZyB3aWR0aD0iMSIgaGVpZ2h0PSIxIiB4bWxucz0iaHR0cDovL3d3dy53My5vcmcvMjAwMC9zdmciPjwvc3ZnPg==\" class=\"lazyload\" style=\"--smush-placeholder-width: 217px; --smush-placeholder-aspect-ratio: 217\/208;\" \/><\/p>\n<p>Com comandos intuitivos as camas NordBed Optimo garantem um manuseamento f\u00e1cil, n\u00e3o apenas para o utilizador, mas tamb\u00e9m para o cuidador.<\/p>\n<p>O comando foi criado com os bot\u00f5es mais frequentemente usados, com cores facilmente identific\u00e1veis. Estas cores foram escolhidas com a ajuda de especialistas.<\/p>\n<p>Para ajudar o utilizador, todos os bot\u00f5es s\u00e3o iluminados quando qualquer um deles for pressionado, para um reconhecimento f\u00e1cil durante dia e noite. Para garantir uma utiliza\u00e7\u00e3o f\u00e1cil, os bot\u00f5es mais usados est\u00e3o colocados na parte superior do comando.<\/p>\n<p>As fun\u00e7\u00f5es de ajuste (como o \u00e2ngulo de encosto) est\u00e3o colocados por baixo dos bot\u00f5es de subir\/descer. Para seguran\u00e7a dos utilizadores, todos os comandos s\u00e3o bloque\u00e1veis, de f\u00e1brica. O sistema de bloqueio \u00e9 tamb\u00e9m incorporado para prevenir adultera\u00e7\u00e3o dos controlos, ajudando \u00e0 seguran\u00e7a do utilizador.<\/p>\n<h3>Caracter\u00edsticas e Op\u00e7\u00f5es:<\/h3>\n<ul>\n<li><strong>Fun\u00e7\u00e3o ErgoMove:<\/strong> a\u00a0fun\u00e7\u00e3o ErgoMove foi especificamente desenvolvida, para mover o utilizador da posi\u00e7\u00e3o deitada para uma posi\u00e7\u00e3o sentada ativa, confortavelmente. Esta fun\u00e7\u00e3o ativa-se num bot\u00e3o e as posi\u00e7\u00f5es definidas, em conformidade com as necessidades atrav\u00e9s dos bot\u00f5es de regula\u00e7\u00e3o.<\/li>\n<li><strong>Design:<\/strong> estilo e acabamentos modernos em tons de faia clara (outras tonalidade est\u00e3o dispon\u00edveis sob consulta). Dependendo da necessidade e gosto pessoal, a NordBed Optimo pode ser configurada com um leque variado de cabeceiras, guardas laterais e outras op\u00e7\u00f5es e acess\u00f3rios.<\/li>\n<li><strong>Fun\u00e7\u00e3o Up-and-Out:<\/strong> esta fun\u00e7\u00e3o pode ser usada com o simples toque de um bot\u00e3o, baixando a cama para uma altura segura para transfer\u00eancia de e para a cama.<\/li>\n<li><strong>Plataforma do estrado otimizada:<\/strong> o\u00a0comprimento do estrado foi aumentado, para acomodar adultos com as dimens\u00f5es antropom\u00e9tricas m\u00e9dias, permitindo que os pontos de articula\u00e7\u00e3o coincidam e estejam adaptados a 95% da popula\u00e7\u00e3o m\u00e9dia adulta.<\/li>\n<li><strong>Anti-Trandelenburg e Trandelenburg:<\/strong> ajuda os cuidadores no reposicionamento do utilizador, e pode ser facilmente usado para redistribuir a press\u00e3o.<\/li>\n<\/ul>\n<h3>Instru\u00e7\u00f5es de Utiliza\u00e7\u00e3o:<\/h3>\n<p>A cama NordBed Optimo n\u00e3o deve ser utilizada por utilizadores com idade inferior a 12 anos ou com tamanho equivalente ou inferior \u00e0 de uma pessoa de menos com 12 anos.<\/p>\n","protected":false},"excerpt":{"rendered":"<p>A cama com 120 cm de largura oferece mais espa\u00e7o, promove autonomia, conforto e facilidade de mobiliza\u00e7\u00e3o ao utilizador.<\/p>\n","protected":false},"featured_media":15380,"template":"","meta":{"_acf_changed":false,"neve_meta_sidebar":"","neve_meta_container":"","neve_meta_enable_content_width":"off","neve_meta_content_width":100,"neve_meta_title_alignment":"","neve_meta_author_avatar":"","neve_post_elements_order":"","neve_meta_disable_header":"","neve_meta_disable_footer":"","neve_meta_disable_title":""},"product_brand":[],"product_cat":[330,757],"product_tag":[721,711,706,720,705],"class_list":{"0":"post-15374","1":"product","2":"type-product","3":"status-publish","4":"has-post-thumbnail","6":"product_cat-camas-hospitalares-electricas","7":"product_cat-novidades","8":"product_tag-eletrica-elevatoria-altura-variavel","9":"product_tag-em-madeira","10":"product_tag-grande-com-120-cm","11":"product_tag-mais-de-1200e","12":"product_tag-xxl-120-cm","14":"first","15":"instock","16":"taxable","17":"shipping-taxable","18":"purchasable","19":"product-type-simple"},"acf":[],"yoast_head":"<!-- This site is optimized with the Yoast SEO plugin v27.4 - https:\/\/yoast.com\/product\/yoast-seo-wordpress\/ -->\n<title>Cama Articulada El\u00e9trica NordBed Optimo Wide 120 - Mais que Cuidar<\/title>\n<meta name=\"description\" content=\"Conhe\u00e7a a cama articulada el\u00e9trica NordBed Optimo 120 da Invacare recomendada para utilizadores com necessidade de um estrado com uma largura maior.\" \/>\n<meta name=\"robots\" content=\"index, follow, max-snippet:-1, max-image-preview:large, max-video-preview:-1\" \/>\n<link rel=\"canonical\" href=\"https:\/\/www.maisquecuidar.com\/loja\/quarto-conforto-bem-estar\/camas-articuladas\/camas-hospitalares-electricas\/cama-articulada-eletrica-nordbed-optimo-120-wide\" \/>\n<meta property=\"og:locale\" content=\"pt_PT\" \/>\n<meta property=\"og:type\" content=\"article\" \/>\n<meta property=\"og:title\" content=\"Cama Articulada El\u00e9trica NordBed Optimo Wide 120 - Mais que Cuidar\" \/>\n<meta property=\"og:description\" content=\"Conhe\u00e7a a cama articulada el\u00e9trica NordBed Optimo 120 da Invacare recomendada para utilizadores com necessidade de um estrado com uma largura maior.\" \/>\n<meta property=\"og:url\" content=\"https:\/\/www.maisquecuidar.com\/loja\/quarto-conforto-bem-estar\/camas-articuladas\/camas-hospitalares-electricas\/cama-articulada-eletrica-nordbed-optimo-120-wide\" \/>\n<meta property=\"og:site_name\" content=\"Mais que Cuidar\" \/>\n<meta property=\"article:publisher\" content=\"https:\/\/www.facebook.com\/maisquecuidar.pt\" \/>\n<meta property=\"article:modified_time\" content=\"2026-02-03T14:38:55+00:00\" \/>\n<meta property=\"og:image\" content=\"https:\/\/img.maisquecuidar.com\/loja\/wp-content\/uploads\/2021\/10\/cama-hospitalar-nordbed-120-invacare.png\" \/>\n\t<meta property=\"og:image:width\" content=\"1280\" \/>\n\t<meta property=\"og:image:height\" content=\"800\" \/>\n\t<meta property=\"og:image:type\" content=\"image\/png\" \/>\n<meta name=\"twitter:label1\" content=\"Tempo estimado de leitura\" \/>\n\t<meta name=\"twitter:data1\" content=\"3 minutos\" \/>\n<script type=\"application\/ld+json\" class=\"yoast-schema-graph\">{\"@context\":\"https:\\\/\\\/schema.org\",\"@graph\":[{\"@type\":\"WebPage\",\"@id\":\"https:\\\/\\\/www.maisquecuidar.com\\\/loja\\\/quarto-conforto-bem-estar\\\/camas-articuladas\\\/camas-hospitalares-electricas\\\/cama-articulada-eletrica-nordbed-optimo-120-wide\",\"url\":\"https:\\\/\\\/www.maisquecuidar.com\\\/loja\\\/quarto-conforto-bem-estar\\\/camas-articuladas\\\/camas-hospitalares-electricas\\\/cama-articulada-eletrica-nordbed-optimo-120-wide\",\"name\":\"Cama Articulada El\u00e9trica NordBed Optimo Wide 120 - Mais que Cuidar\",\"isPartOf\":{\"@id\":\"https:\\\/\\\/www.maisquecuidar.com\\\/loja\\\/#website\"},\"primaryImageOfPage\":{\"@id\":\"https:\\\/\\\/www.maisquecuidar.com\\\/loja\\\/quarto-conforto-bem-estar\\\/camas-articuladas\\\/camas-hospitalares-electricas\\\/cama-articulada-eletrica-nordbed-optimo-120-wide#primaryimage\"},\"image\":{\"@id\":\"https:\\\/\\\/www.maisquecuidar.com\\\/loja\\\/quarto-conforto-bem-estar\\\/camas-articuladas\\\/camas-hospitalares-electricas\\\/cama-articulada-eletrica-nordbed-optimo-120-wide#primaryimage\"},\"thumbnailUrl\":\"https:\\\/\\\/img.maisquecuidar.com\\\/loja\\\/wp-content\\\/uploads\\\/2021\\\/10\\\/cama-hospitalar-nordbed-120-invacare.png\",\"datePublished\":\"2021-10-19T16:35:29+00:00\",\"dateModified\":\"2026-02-03T14:38:55+00:00\",\"description\":\"Conhe\u00e7a a cama articulada el\u00e9trica NordBed Optimo 120 da Invacare recomendada para utilizadores com necessidade de um estrado com uma largura maior.\",\"breadcrumb\":{\"@id\":\"https:\\\/\\\/www.maisquecuidar.com\\\/loja\\\/quarto-conforto-bem-estar\\\/camas-articuladas\\\/camas-hospitalares-electricas\\\/cama-articulada-eletrica-nordbed-optimo-120-wide#breadcrumb\"},\"inLanguage\":\"pt-PT\",\"potentialAction\":[{\"@type\":\"ReadAction\",\"target\":[\"https:\\\/\\\/www.maisquecuidar.com\\\/loja\\\/quarto-conforto-bem-estar\\\/camas-articuladas\\\/camas-hospitalares-electricas\\\/cama-articulada-eletrica-nordbed-optimo-120-wide\"]}]},{\"@type\":\"ImageObject\",\"inLanguage\":\"pt-PT\",\"@id\":\"https:\\\/\\\/www.maisquecuidar.com\\\/loja\\\/quarto-conforto-bem-estar\\\/camas-articuladas\\\/camas-hospitalares-electricas\\\/cama-articulada-eletrica-nordbed-optimo-120-wide#primaryimage\",\"url\":\"https:\\\/\\\/img.maisquecuidar.com\\\/loja\\\/wp-content\\\/uploads\\\/2021\\\/10\\\/cama-hospitalar-nordbed-120-invacare.png\",\"contentUrl\":\"https:\\\/\\\/img.maisquecuidar.com\\\/loja\\\/wp-content\\\/uploads\\\/2021\\\/10\\\/cama-hospitalar-nordbed-120-invacare.png\",\"width\":1280,\"height\":800,\"caption\":\"Cama articulada hospitalar Nordbed 120 da Invacare\"},{\"@type\":\"BreadcrumbList\",\"@id\":\"https:\\\/\\\/www.maisquecuidar.com\\\/loja\\\/quarto-conforto-bem-estar\\\/camas-articuladas\\\/camas-hospitalares-electricas\\\/cama-articulada-eletrica-nordbed-optimo-120-wide#breadcrumb\",\"itemListElement\":[{\"@type\":\"ListItem\",\"position\":1,\"name\":\"Home\",\"item\":\"https:\\\/\\\/www.maisquecuidar.com\\\/loja\\\/\"},{\"@type\":\"ListItem\",\"position\":2,\"name\":\"Loja Online de Ortopedia e Geriatria em Portugal\",\"item\":\"https:\\\/\\\/www.maisquecuidar.com\\\/loja\\\/loja\"},{\"@type\":\"ListItem\",\"position\":3,\"name\":\"Quarto, Conforto e Bem Estar\",\"item\":\"https:\\\/\\\/www.maisquecuidar.com\\\/loja\\\/quarto-conforto-bem-estar\"},{\"@type\":\"ListItem\",\"position\":4,\"name\":\"Camas Articuladas Hospitalares\",\"item\":\"https:\\\/\\\/www.maisquecuidar.com\\\/loja\\\/quarto-conforto-bem-estar\\\/camas-articuladas\"},{\"@type\":\"ListItem\",\"position\":5,\"name\":\"Camas Articuladas El\u00e9tricas\",\"item\":\"https:\\\/\\\/www.maisquecuidar.com\\\/loja\\\/quarto-conforto-bem-estar\\\/camas-articuladas\\\/camas-hospitalares-electricas\"},{\"@type\":\"ListItem\",\"position\":6,\"name\":\"Cama Articulada El\u00e9trica NordBed Optimo Wide 120\"}]},{\"@type\":\"WebSite\",\"@id\":\"https:\\\/\\\/www.maisquecuidar.com\\\/loja\\\/#website\",\"url\":\"https:\\\/\\\/www.maisquecuidar.com\\\/loja\\\/\",\"name\":\"Mais que Cuidar\",\"description\":\"Sa\u00fade, Ortopedia e Geriatria\",\"publisher\":{\"@id\":\"https:\\\/\\\/www.maisquecuidar.com\\\/loja\\\/#organization\"},\"potentialAction\":[{\"@type\":\"SearchAction\",\"target\":{\"@type\":\"EntryPoint\",\"urlTemplate\":\"https:\\\/\\\/www.maisquecuidar.com\\\/loja\\\/?s={search_term_string}\"},\"query-input\":{\"@type\":\"PropertyValueSpecification\",\"valueRequired\":true,\"valueName\":\"search_term_string\"}}],\"inLanguage\":\"pt-PT\"},{\"@type\":\"Organization\",\"@id\":\"https:\\\/\\\/www.maisquecuidar.com\\\/loja\\\/#organization\",\"name\":\"Mais Que Cuidar\",\"url\":\"https:\\\/\\\/www.maisquecuidar.com\\\/loja\\\/\",\"logo\":{\"@type\":\"ImageObject\",\"inLanguage\":\"pt-PT\",\"@id\":\"https:\\\/\\\/www.maisquecuidar.com\\\/loja\\\/#\\\/schema\\\/logo\\\/image\\\/\",\"url\":\"https:\\\/\\\/img.maisquecuidar.com\\\/loja\\\/wp-content\\\/uploads\\\/2019\\\/08\\\/logo-mais-que-cuidar-retina.png\",\"contentUrl\":\"https:\\\/\\\/img.maisquecuidar.com\\\/loja\\\/wp-content\\\/uploads\\\/2019\\\/08\\\/logo-mais-que-cuidar-retina.png\",\"width\":565,\"height\":75,\"caption\":\"Mais Que Cuidar\"},\"image\":{\"@id\":\"https:\\\/\\\/www.maisquecuidar.com\\\/loja\\\/#\\\/schema\\\/logo\\\/image\\\/\"},\"sameAs\":[\"https:\\\/\\\/www.facebook.com\\\/maisquecuidar.pt\",\"https:\\\/\\\/www.instagram.com\\\/maisquecuidar\"]}]}<\/script>\n<!-- \/ Yoast SEO plugin. -->","yoast_head_json":{"title":"Cama Articulada El\u00e9trica NordBed Optimo Wide 120 - Mais que Cuidar","description":"Conhe\u00e7a a cama articulada el\u00e9trica NordBed Optimo 120 da Invacare recomendada para utilizadores com necessidade de um estrado com uma largura maior.","robots":{"index":"index","follow":"follow","max-snippet":"max-snippet:-1","max-image-preview":"max-image-preview:large","max-video-preview":"max-video-preview:-1"},"canonical":"https:\/\/www.maisquecuidar.com\/loja\/quarto-conforto-bem-estar\/camas-articuladas\/camas-hospitalares-electricas\/cama-articulada-eletrica-nordbed-optimo-120-wide","og_locale":"pt_PT","og_type":"article","og_title":"Cama Articulada El\u00e9trica NordBed Optimo Wide 120 - Mais que Cuidar","og_description":"Conhe\u00e7a a cama articulada el\u00e9trica NordBed Optimo 120 da Invacare recomendada para utilizadores com necessidade de um estrado com uma largura maior.","og_url":"https:\/\/www.maisquecuidar.com\/loja\/quarto-conforto-bem-estar\/camas-articuladas\/camas-hospitalares-electricas\/cama-articulada-eletrica-nordbed-optimo-120-wide","og_site_name":"Mais que Cuidar","article_publisher":"https:\/\/www.facebook.com\/maisquecuidar.pt","article_modified_time":"2026-02-03T14:38:55+00:00","og_image":[{"width":1280,"height":800,"url":"https:\/\/img.maisquecuidar.com\/loja\/wp-content\/uploads\/2021\/10\/cama-hospitalar-nordbed-120-invacare.png","type":"image\/png"}],"twitter_misc":{"Tempo estimado de leitura":"3 minutos"},"schema":{"@context":"https:\/\/schema.org","@graph":[{"@type":"WebPage","@id":"https:\/\/www.maisquecuidar.com\/loja\/quarto-conforto-bem-estar\/camas-articuladas\/camas-hospitalares-electricas\/cama-articulada-eletrica-nordbed-optimo-120-wide","url":"https:\/\/www.maisquecuidar.com\/loja\/quarto-conforto-bem-estar\/camas-articuladas\/camas-hospitalares-electricas\/cama-articulada-eletrica-nordbed-optimo-120-wide","name":"Cama Articulada El\u00e9trica NordBed Optimo Wide 120 - Mais que Cuidar","isPartOf":{"@id":"https:\/\/www.maisquecuidar.com\/loja\/#website"},"primaryImageOfPage":{"@id":"https:\/\/www.maisquecuidar.com\/loja\/quarto-conforto-bem-estar\/camas-articuladas\/camas-hospitalares-electricas\/cama-articulada-eletrica-nordbed-optimo-120-wide#primaryimage"},"image":{"@id":"https:\/\/www.maisquecuidar.com\/loja\/quarto-conforto-bem-estar\/camas-articuladas\/camas-hospitalares-electricas\/cama-articulada-eletrica-nordbed-optimo-120-wide#primaryimage"},"thumbnailUrl":"https:\/\/img.maisquecuidar.com\/loja\/wp-content\/uploads\/2021\/10\/cama-hospitalar-nordbed-120-invacare.png","datePublished":"2021-10-19T16:35:29+00:00","dateModified":"2026-02-03T14:38:55+00:00","description":"Conhe\u00e7a a cama articulada el\u00e9trica NordBed Optimo 120 da Invacare recomendada para utilizadores com necessidade de um estrado com uma largura maior.","breadcrumb":{"@id":"https:\/\/www.maisquecuidar.com\/loja\/quarto-conforto-bem-estar\/camas-articuladas\/camas-hospitalares-electricas\/cama-articulada-eletrica-nordbed-optimo-120-wide#breadcrumb"},"inLanguage":"pt-PT","potentialAction":[{"@type":"ReadAction","target":["https:\/\/www.maisquecuidar.com\/loja\/quarto-conforto-bem-estar\/camas-articuladas\/camas-hospitalares-electricas\/cama-articulada-eletrica-nordbed-optimo-120-wide"]}]},{"@type":"ImageObject","inLanguage":"pt-PT","@id":"https:\/\/www.maisquecuidar.com\/loja\/quarto-conforto-bem-estar\/camas-articuladas\/camas-hospitalares-electricas\/cama-articulada-eletrica-nordbed-optimo-120-wide#primaryimage","url":"https:\/\/img.maisquecuidar.com\/loja\/wp-content\/uploads\/2021\/10\/cama-hospitalar-nordbed-120-invacare.png","contentUrl":"https:\/\/img.maisquecuidar.com\/loja\/wp-content\/uploads\/2021\/10\/cama-hospitalar-nordbed-120-invacare.png","width":1280,"height":800,"caption":"Cama articulada hospitalar Nordbed 120 da Invacare"},{"@type":"BreadcrumbList","@id":"https:\/\/www.maisquecuidar.com\/loja\/quarto-conforto-bem-estar\/camas-articuladas\/camas-hospitalares-electricas\/cama-articulada-eletrica-nordbed-optimo-120-wide#breadcrumb","itemListElement":[{"@type":"ListItem","position":1,"name":"Home","item":"https:\/\/www.maisquecuidar.com\/loja\/"},{"@type":"ListItem","position":2,"name":"Loja Online de Ortopedia e Geriatria em Portugal","item":"https:\/\/www.maisquecuidar.com\/loja\/loja"},{"@type":"ListItem","position":3,"name":"Quarto, Conforto e Bem Estar","item":"https:\/\/www.maisquecuidar.com\/loja\/quarto-conforto-bem-estar"},{"@type":"ListItem","position":4,"name":"Camas Articuladas Hospitalares","item":"https:\/\/www.maisquecuidar.com\/loja\/quarto-conforto-bem-estar\/camas-articuladas"},{"@type":"ListItem","position":5,"name":"Camas Articuladas El\u00e9tricas","item":"https:\/\/www.maisquecuidar.com\/loja\/quarto-conforto-bem-estar\/camas-articuladas\/camas-hospitalares-electricas"},{"@type":"ListItem","position":6,"name":"Cama Articulada El\u00e9trica NordBed Optimo Wide 120"}]},{"@type":"WebSite","@id":"https:\/\/www.maisquecuidar.com\/loja\/#website","url":"https:\/\/www.maisquecuidar.com\/loja\/","name":"Mais que Cuidar","description":"Sa\u00fade, Ortopedia e Geriatria","publisher":{"@id":"https:\/\/www.maisquecuidar.com\/loja\/#organization"},"potentialAction":[{"@type":"SearchAction","target":{"@type":"EntryPoint","urlTemplate":"https:\/\/www.maisquecuidar.com\/loja\/?s={search_term_string}"},"query-input":{"@type":"PropertyValueSpecification","valueRequired":true,"valueName":"search_term_string"}}],"inLanguage":"pt-PT"},{"@type":"Organization","@id":"https:\/\/www.maisquecuidar.com\/loja\/#organization","name":"Mais Que Cuidar","url":"https:\/\/www.maisquecuidar.com\/loja\/","logo":{"@type":"ImageObject","inLanguage":"pt-PT","@id":"https:\/\/www.maisquecuidar.com\/loja\/#\/schema\/logo\/image\/","url":"https:\/\/img.maisquecuidar.com\/loja\/wp-content\/uploads\/2019\/08\/logo-mais-que-cuidar-retina.png","contentUrl":"https:\/\/img.maisquecuidar.com\/loja\/wp-content\/uploads\/2019\/08\/logo-mais-que-cuidar-retina.png","width":565,"height":75,"caption":"Mais Que Cuidar"},"image":{"@id":"https:\/\/www.maisquecuidar.com\/loja\/#\/schema\/logo\/image\/"},"sameAs":["https:\/\/www.facebook.com\/maisquecuidar.pt","https:\/\/www.instagram.com\/maisquecuidar"]}]}},"_links":{"self":[{"href":"https:\/\/www.maisquecuidar.com\/loja\/wp-json\/wp\/v2\/product\/15374","targetHints":{"allow":["GET"]}}],"collection":[{"href":"https:\/\/www.maisquecuidar.com\/loja\/wp-json\/wp\/v2\/product"}],"about":[{"href":"https:\/\/www.maisquecuidar.com\/loja\/wp-json\/wp\/v2\/types\/product"}],"wp:featuredmedia":[{"embeddable":true,"href":"https:\/\/www.maisquecuidar.com\/loja\/wp-json\/wp\/v2\/media\/15380"}],"wp:attachment":[{"href":"https:\/\/www.maisquecuidar.com\/loja\/wp-json\/wp\/v2\/media?parent=15374"}],"wp:term":[{"taxonomy":"product_brand","embeddable":true,"href":"https:\/\/www.maisquecuidar.com\/loja\/wp-json\/wp\/v2\/product_brand?post=15374"},{"taxonomy":"product_cat","embeddable":true,"href":"https:\/\/www.maisquecuidar.com\/loja\/wp-json\/wp\/v2\/product_cat?post=15374"},{"taxonomy":"product_tag","embeddable":true,"href":"https:\/\/www.maisquecuidar.com\/loja\/wp-json\/wp\/v2\/product_tag?post=15374"}],"curies":[{"name":"wp","href":"https:\/\/api.w.org\/{rel}","templated":true}]}}