{"id":14566,"date":"2021-03-13T18:08:50","date_gmt":"2021-03-13T18:08:50","guid":{"rendered":"https:\/\/www.maisquecuidar.com\/loja\/?post_type=product&#038;p=14566"},"modified":"2026-04-14T20:47:29","modified_gmt":"2026-04-14T19:47:29","slug":"cama-semi-eletrica-com-colchao-visco-deluxe","status":"publish","type":"product","link":"https:\/\/www.maisquecuidar.com\/loja\/quarto-conforto-bem-estar\/camas-articuladas\/camas-hospitalares-semi-electricas\/cama-semi-eletrica-com-colchao-visco-deluxe","title":{"rendered":"Cama Articulada Semi-El\u00e9ctrica com Colch\u00e3o Viscoel\u00e1stico Deluxe"},"content":{"rendered":"<p><strong>Kit constitu\u00eddo por uma cama articulada semi-el\u00e9ctrica com grades laterais e colch\u00e3o em viscoel\u00e1stico Deluxe com 18 cm de espessura.<\/strong><\/p>\n<p>A cama hospitalar semi-el\u00e9trica tem um estrutura em a\u00e7o macio com pintura epoxy que \u00e9 muito f\u00e1cil de lavar. As cabeceiras s\u00e3o em melamina faia.<\/p>\n<p>O estrado \u00e9 articulado dividido em tr\u00eas partes, com r\u00e9guas em faia e um comando que permite o controle e a regula\u00e7\u00e3o da altura da cabeceira e da peseira.<\/p>\n<p>Os p\u00e9s t\u00eam altura fixa com rodas, duas delas com trav\u00e3o.<\/p>\n<p>As guardas laterais s\u00e3o em a\u00e7o e t\u00eam pintura epoxy. S\u00e3o resistentes e colocam-se com facilidade na parte lateral da cama. T\u00eam sistema de abrir e fechar muito f\u00e1cil de usar. Oferecem seguran\u00e7a ao utilizador e ajudam a prevenir quedas e acidentes.<\/p>\n<h3>Vantagens do Colch\u00e3o em Viscoel\u00e1stico Deluxe com 18 cm de espessura<\/h3>\n<ul>\n<li><strong>O colch\u00e3o preventivo de escaras \u00e9 composto por 3 camadas:<\/strong> na base \u00e9 formado por uma espuma de alta qualidade Supracell HR. A camada interm\u00e9dia \u00e9 composta por espuma viscoel\u00e1stica energ\u00e9tica de \u00faltima gera\u00e7\u00e3o denominada de Energex que oferece mais conforto e melhor posicionamento ao utilizador. A cama superior \u00e9 constitu\u00edda por uma solu\u00e7\u00e3o viscoel\u00e1stica com infus\u00e3o de grafeno que torna o colch\u00e3o mais fresco e confort\u00e1vel.<\/li>\n<li>Tem capa imperme\u00e1vel bi-el\u00e1stica que pode ser facilmente lavada e desinfectada.<\/li>\n<li><strong>\u00c9 o \u00fanico colch\u00e3o ortop\u00e9dico preventivo de escaras com a espessura de 18 cm e com tr\u00eas camadas de espumas de alta qualidade.<\/strong><\/li>\n<\/ul>\n","protected":false},"excerpt":{"rendered":"<p>PROMO\u00c7\u00c3O V\u00c1LIDA DE 15 a 21 DE ABRIL DE 2026<\/p>\n","protected":false},"featured_media":15234,"template":"","meta":{"_acf_changed":false,"neve_meta_sidebar":"","neve_meta_container":"","neve_meta_enable_content_width":"off","neve_meta_content_width":100,"neve_meta_title_alignment":"","neve_meta_author_avatar":"","neve_post_elements_order":"","neve_meta_disable_header":"","neve_meta_disable_footer":"","neve_meta_disable_title":""},"product_brand":[],"product_cat":[327],"product_tag":[718,320,318,328,316,323,329,325,326,708,710,704,714],"class_list":{"0":"post-14566","1":"product","2":"type-product","3":"status-publish","4":"has-post-thumbnail","6":"product_cat-camas-hospitalares-semi-electricas","7":"product_tag-600-900e","8":"product_tag-cama-articulada-para-acamados","9":"product_tag-cama-articulada-para-doentes","10":"product_tag-cama-articulada-semi-eletrica","11":"product_tag-camas-articuladas","12":"product_tag-camas-articuladas-economicas","13":"product_tag-camas-articuladas-eletricas","14":"product_tag-camas-articuladas-para-doentes","15":"product_tag-camas-articuladas-para-idosos","16":"product_tag-eletrica-com-altura-fixa","17":"product_tag-em-metal","18":"product_tag-normal-90-cm","19":"product_tag-viscoelastico-preventivo-de-escaras","21":"first","22":"instock","23":"sale","24":"taxable","25":"shipping-taxable","26":"purchasable","27":"product-type-simple"},"acf":[],"yoast_head":"<!-- This site is optimized with the Yoast SEO plugin v27.4 - https:\/\/yoast.com\/product\/yoast-seo-wordpress\/ -->\n<title>Cama Articulada Semi-El\u00e9trica com Colch\u00e3o Viscoel\u00e1stico Deluxe<\/title>\n<meta name=\"description\" content=\"A cama articulada semi-el\u00e9trica com o colch\u00e3o em viscoel\u00e1stico deluxe oferece grande conforto e o melhor posicionamento. Confira o pre\u00e7o!\" \/>\n<meta name=\"robots\" content=\"index, follow, max-snippet:-1, max-image-preview:large, max-video-preview:-1\" \/>\n<link rel=\"canonical\" href=\"https:\/\/www.maisquecuidar.com\/loja\/quarto-conforto-bem-estar\/camas-articuladas\/camas-hospitalares-semi-electricas\/cama-semi-eletrica-com-colchao-visco-deluxe\" \/>\n<meta property=\"og:locale\" content=\"pt_PT\" \/>\n<meta property=\"og:type\" content=\"article\" \/>\n<meta property=\"og:title\" content=\"Cama Articulada Semi-El\u00e9trica com Colch\u00e3o Viscoel\u00e1stico Deluxe\" \/>\n<meta property=\"og:description\" content=\"A cama articulada semi-el\u00e9trica com o colch\u00e3o em viscoel\u00e1stico deluxe oferece grande conforto e o melhor posicionamento. Confira o pre\u00e7o!\" \/>\n<meta property=\"og:url\" content=\"https:\/\/www.maisquecuidar.com\/loja\/quarto-conforto-bem-estar\/camas-articuladas\/camas-hospitalares-semi-electricas\/cama-semi-eletrica-com-colchao-visco-deluxe\" \/>\n<meta property=\"og:site_name\" content=\"Mais que Cuidar\" \/>\n<meta property=\"article:publisher\" content=\"https:\/\/www.facebook.com\/maisquecuidar.pt\" \/>\n<meta property=\"article:modified_time\" content=\"2026-04-14T19:47:29+00:00\" \/>\n<meta property=\"og:image\" content=\"https:\/\/img.maisquecuidar.com\/loja\/wp-content\/uploads\/2021\/03\/cama-articulada-semi-electrica-visco-deluxe.png\" \/>\n\t<meta property=\"og:image:width\" content=\"1280\" \/>\n\t<meta property=\"og:image:height\" content=\"800\" \/>\n\t<meta property=\"og:image:type\" content=\"image\/png\" \/>\n<meta name=\"twitter:label1\" content=\"Tempo estimado de leitura\" \/>\n\t<meta name=\"twitter:data1\" content=\"2 minutos\" \/>\n<script type=\"application\/ld+json\" class=\"yoast-schema-graph\">{\"@context\":\"https:\\\/\\\/schema.org\",\"@graph\":[{\"@type\":\"WebPage\",\"@id\":\"https:\\\/\\\/www.maisquecuidar.com\\\/loja\\\/quarto-conforto-bem-estar\\\/camas-articuladas\\\/camas-hospitalares-semi-electricas\\\/cama-semi-eletrica-com-colchao-visco-deluxe\",\"url\":\"https:\\\/\\\/www.maisquecuidar.com\\\/loja\\\/quarto-conforto-bem-estar\\\/camas-articuladas\\\/camas-hospitalares-semi-electricas\\\/cama-semi-eletrica-com-colchao-visco-deluxe\",\"name\":\"Cama Articulada Semi-El\u00e9trica com Colch\u00e3o Viscoel\u00e1stico Deluxe\",\"isPartOf\":{\"@id\":\"https:\\\/\\\/www.maisquecuidar.com\\\/loja\\\/#website\"},\"primaryImageOfPage\":{\"@id\":\"https:\\\/\\\/www.maisquecuidar.com\\\/loja\\\/quarto-conforto-bem-estar\\\/camas-articuladas\\\/camas-hospitalares-semi-electricas\\\/cama-semi-eletrica-com-colchao-visco-deluxe#primaryimage\"},\"image\":{\"@id\":\"https:\\\/\\\/www.maisquecuidar.com\\\/loja\\\/quarto-conforto-bem-estar\\\/camas-articuladas\\\/camas-hospitalares-semi-electricas\\\/cama-semi-eletrica-com-colchao-visco-deluxe#primaryimage\"},\"thumbnailUrl\":\"https:\\\/\\\/img.maisquecuidar.com\\\/loja\\\/wp-content\\\/uploads\\\/2021\\\/03\\\/cama-articulada-semi-electrica-visco-deluxe.png\",\"datePublished\":\"2021-03-13T18:08:50+00:00\",\"dateModified\":\"2026-04-14T19:47:29+00:00\",\"description\":\"A cama articulada semi-el\u00e9trica com o colch\u00e3o em viscoel\u00e1stico deluxe oferece grande conforto e o melhor posicionamento. Confira o pre\u00e7o!\",\"breadcrumb\":{\"@id\":\"https:\\\/\\\/www.maisquecuidar.com\\\/loja\\\/quarto-conforto-bem-estar\\\/camas-articuladas\\\/camas-hospitalares-semi-electricas\\\/cama-semi-eletrica-com-colchao-visco-deluxe#breadcrumb\"},\"inLanguage\":\"pt-PT\",\"potentialAction\":[{\"@type\":\"ReadAction\",\"target\":[\"https:\\\/\\\/www.maisquecuidar.com\\\/loja\\\/quarto-conforto-bem-estar\\\/camas-articuladas\\\/camas-hospitalares-semi-electricas\\\/cama-semi-eletrica-com-colchao-visco-deluxe\"]}]},{\"@type\":\"ImageObject\",\"inLanguage\":\"pt-PT\",\"@id\":\"https:\\\/\\\/www.maisquecuidar.com\\\/loja\\\/quarto-conforto-bem-estar\\\/camas-articuladas\\\/camas-hospitalares-semi-electricas\\\/cama-semi-eletrica-com-colchao-visco-deluxe#primaryimage\",\"url\":\"https:\\\/\\\/img.maisquecuidar.com\\\/loja\\\/wp-content\\\/uploads\\\/2021\\\/03\\\/cama-articulada-semi-electrica-visco-deluxe.png\",\"contentUrl\":\"https:\\\/\\\/img.maisquecuidar.com\\\/loja\\\/wp-content\\\/uploads\\\/2021\\\/03\\\/cama-articulada-semi-electrica-visco-deluxe.png\",\"width\":1280,\"height\":800,\"caption\":\"Cama articulada el\u00e9ctrica hospitalar com colch\u00e3o em viscoel\u00e1stico deluxe\"},{\"@type\":\"BreadcrumbList\",\"@id\":\"https:\\\/\\\/www.maisquecuidar.com\\\/loja\\\/quarto-conforto-bem-estar\\\/camas-articuladas\\\/camas-hospitalares-semi-electricas\\\/cama-semi-eletrica-com-colchao-visco-deluxe#breadcrumb\",\"itemListElement\":[{\"@type\":\"ListItem\",\"position\":1,\"name\":\"Home\",\"item\":\"https:\\\/\\\/www.maisquecuidar.com\\\/loja\\\/\"},{\"@type\":\"ListItem\",\"position\":2,\"name\":\"Loja Online de Ortopedia e Geriatria em Portugal\",\"item\":\"https:\\\/\\\/www.maisquecuidar.com\\\/loja\\\/loja\"},{\"@type\":\"ListItem\",\"position\":3,\"name\":\"Quarto, Conforto e Bem Estar\",\"item\":\"https:\\\/\\\/www.maisquecuidar.com\\\/loja\\\/quarto-conforto-bem-estar\"},{\"@type\":\"ListItem\",\"position\":4,\"name\":\"Camas Articuladas Hospitalares\",\"item\":\"https:\\\/\\\/www.maisquecuidar.com\\\/loja\\\/quarto-conforto-bem-estar\\\/camas-articuladas\"},{\"@type\":\"ListItem\",\"position\":5,\"name\":\"Camas Articuladas Semi-El\u00e9ctricas\",\"item\":\"https:\\\/\\\/www.maisquecuidar.com\\\/loja\\\/quarto-conforto-bem-estar\\\/camas-articuladas\\\/camas-hospitalares-semi-electricas\"},{\"@type\":\"ListItem\",\"position\":6,\"name\":\"Cama Articulada Semi-El\u00e9ctrica com Colch\u00e3o Viscoel\u00e1stico Deluxe\"}]},{\"@type\":\"WebSite\",\"@id\":\"https:\\\/\\\/www.maisquecuidar.com\\\/loja\\\/#website\",\"url\":\"https:\\\/\\\/www.maisquecuidar.com\\\/loja\\\/\",\"name\":\"Mais que Cuidar\",\"description\":\"Sa\u00fade, Ortopedia e Geriatria\",\"publisher\":{\"@id\":\"https:\\\/\\\/www.maisquecuidar.com\\\/loja\\\/#organization\"},\"potentialAction\":[{\"@type\":\"SearchAction\",\"target\":{\"@type\":\"EntryPoint\",\"urlTemplate\":\"https:\\\/\\\/www.maisquecuidar.com\\\/loja\\\/?s={search_term_string}\"},\"query-input\":{\"@type\":\"PropertyValueSpecification\",\"valueRequired\":true,\"valueName\":\"search_term_string\"}}],\"inLanguage\":\"pt-PT\"},{\"@type\":\"Organization\",\"@id\":\"https:\\\/\\\/www.maisquecuidar.com\\\/loja\\\/#organization\",\"name\":\"Mais Que Cuidar\",\"url\":\"https:\\\/\\\/www.maisquecuidar.com\\\/loja\\\/\",\"logo\":{\"@type\":\"ImageObject\",\"inLanguage\":\"pt-PT\",\"@id\":\"https:\\\/\\\/www.maisquecuidar.com\\\/loja\\\/#\\\/schema\\\/logo\\\/image\\\/\",\"url\":\"https:\\\/\\\/img.maisquecuidar.com\\\/loja\\\/wp-content\\\/uploads\\\/2019\\\/08\\\/logo-mais-que-cuidar-retina.png\",\"contentUrl\":\"https:\\\/\\\/img.maisquecuidar.com\\\/loja\\\/wp-content\\\/uploads\\\/2019\\\/08\\\/logo-mais-que-cuidar-retina.png\",\"width\":565,\"height\":75,\"caption\":\"Mais Que Cuidar\"},\"image\":{\"@id\":\"https:\\\/\\\/www.maisquecuidar.com\\\/loja\\\/#\\\/schema\\\/logo\\\/image\\\/\"},\"sameAs\":[\"https:\\\/\\\/www.facebook.com\\\/maisquecuidar.pt\",\"https:\\\/\\\/www.instagram.com\\\/maisquecuidar\"]}]}<\/script>\n<!-- \/ Yoast SEO plugin. -->","yoast_head_json":{"title":"Cama Articulada Semi-El\u00e9trica com Colch\u00e3o Viscoel\u00e1stico Deluxe","description":"A cama articulada semi-el\u00e9trica com o colch\u00e3o em viscoel\u00e1stico deluxe oferece grande conforto e o melhor posicionamento. Confira o pre\u00e7o!","robots":{"index":"index","follow":"follow","max-snippet":"max-snippet:-1","max-image-preview":"max-image-preview:large","max-video-preview":"max-video-preview:-1"},"canonical":"https:\/\/www.maisquecuidar.com\/loja\/quarto-conforto-bem-estar\/camas-articuladas\/camas-hospitalares-semi-electricas\/cama-semi-eletrica-com-colchao-visco-deluxe","og_locale":"pt_PT","og_type":"article","og_title":"Cama Articulada Semi-El\u00e9trica com Colch\u00e3o Viscoel\u00e1stico Deluxe","og_description":"A cama articulada semi-el\u00e9trica com o colch\u00e3o em viscoel\u00e1stico deluxe oferece grande conforto e o melhor posicionamento. Confira o pre\u00e7o!","og_url":"https:\/\/www.maisquecuidar.com\/loja\/quarto-conforto-bem-estar\/camas-articuladas\/camas-hospitalares-semi-electricas\/cama-semi-eletrica-com-colchao-visco-deluxe","og_site_name":"Mais que Cuidar","article_publisher":"https:\/\/www.facebook.com\/maisquecuidar.pt","article_modified_time":"2026-04-14T19:47:29+00:00","og_image":[{"width":1280,"height":800,"url":"https:\/\/img.maisquecuidar.com\/loja\/wp-content\/uploads\/2021\/03\/cama-articulada-semi-electrica-visco-deluxe.png","type":"image\/png"}],"twitter_misc":{"Tempo estimado de leitura":"2 minutos"},"schema":{"@context":"https:\/\/schema.org","@graph":[{"@type":"WebPage","@id":"https:\/\/www.maisquecuidar.com\/loja\/quarto-conforto-bem-estar\/camas-articuladas\/camas-hospitalares-semi-electricas\/cama-semi-eletrica-com-colchao-visco-deluxe","url":"https:\/\/www.maisquecuidar.com\/loja\/quarto-conforto-bem-estar\/camas-articuladas\/camas-hospitalares-semi-electricas\/cama-semi-eletrica-com-colchao-visco-deluxe","name":"Cama Articulada Semi-El\u00e9trica com Colch\u00e3o Viscoel\u00e1stico Deluxe","isPartOf":{"@id":"https:\/\/www.maisquecuidar.com\/loja\/#website"},"primaryImageOfPage":{"@id":"https:\/\/www.maisquecuidar.com\/loja\/quarto-conforto-bem-estar\/camas-articuladas\/camas-hospitalares-semi-electricas\/cama-semi-eletrica-com-colchao-visco-deluxe#primaryimage"},"image":{"@id":"https:\/\/www.maisquecuidar.com\/loja\/quarto-conforto-bem-estar\/camas-articuladas\/camas-hospitalares-semi-electricas\/cama-semi-eletrica-com-colchao-visco-deluxe#primaryimage"},"thumbnailUrl":"https:\/\/img.maisquecuidar.com\/loja\/wp-content\/uploads\/2021\/03\/cama-articulada-semi-electrica-visco-deluxe.png","datePublished":"2021-03-13T18:08:50+00:00","dateModified":"2026-04-14T19:47:29+00:00","description":"A cama articulada semi-el\u00e9trica com o colch\u00e3o em viscoel\u00e1stico deluxe oferece grande conforto e o melhor posicionamento. Confira o pre\u00e7o!","breadcrumb":{"@id":"https:\/\/www.maisquecuidar.com\/loja\/quarto-conforto-bem-estar\/camas-articuladas\/camas-hospitalares-semi-electricas\/cama-semi-eletrica-com-colchao-visco-deluxe#breadcrumb"},"inLanguage":"pt-PT","potentialAction":[{"@type":"ReadAction","target":["https:\/\/www.maisquecuidar.com\/loja\/quarto-conforto-bem-estar\/camas-articuladas\/camas-hospitalares-semi-electricas\/cama-semi-eletrica-com-colchao-visco-deluxe"]}]},{"@type":"ImageObject","inLanguage":"pt-PT","@id":"https:\/\/www.maisquecuidar.com\/loja\/quarto-conforto-bem-estar\/camas-articuladas\/camas-hospitalares-semi-electricas\/cama-semi-eletrica-com-colchao-visco-deluxe#primaryimage","url":"https:\/\/img.maisquecuidar.com\/loja\/wp-content\/uploads\/2021\/03\/cama-articulada-semi-electrica-visco-deluxe.png","contentUrl":"https:\/\/img.maisquecuidar.com\/loja\/wp-content\/uploads\/2021\/03\/cama-articulada-semi-electrica-visco-deluxe.png","width":1280,"height":800,"caption":"Cama articulada el\u00e9ctrica hospitalar com colch\u00e3o em viscoel\u00e1stico deluxe"},{"@type":"BreadcrumbList","@id":"https:\/\/www.maisquecuidar.com\/loja\/quarto-conforto-bem-estar\/camas-articuladas\/camas-hospitalares-semi-electricas\/cama-semi-eletrica-com-colchao-visco-deluxe#breadcrumb","itemListElement":[{"@type":"ListItem","position":1,"name":"Home","item":"https:\/\/www.maisquecuidar.com\/loja\/"},{"@type":"ListItem","position":2,"name":"Loja Online de Ortopedia e Geriatria em Portugal","item":"https:\/\/www.maisquecuidar.com\/loja\/loja"},{"@type":"ListItem","position":3,"name":"Quarto, Conforto e Bem Estar","item":"https:\/\/www.maisquecuidar.com\/loja\/quarto-conforto-bem-estar"},{"@type":"ListItem","position":4,"name":"Camas Articuladas Hospitalares","item":"https:\/\/www.maisquecuidar.com\/loja\/quarto-conforto-bem-estar\/camas-articuladas"},{"@type":"ListItem","position":5,"name":"Camas Articuladas Semi-El\u00e9ctricas","item":"https:\/\/www.maisquecuidar.com\/loja\/quarto-conforto-bem-estar\/camas-articuladas\/camas-hospitalares-semi-electricas"},{"@type":"ListItem","position":6,"name":"Cama Articulada Semi-El\u00e9ctrica com Colch\u00e3o Viscoel\u00e1stico Deluxe"}]},{"@type":"WebSite","@id":"https:\/\/www.maisquecuidar.com\/loja\/#website","url":"https:\/\/www.maisquecuidar.com\/loja\/","name":"Mais que Cuidar","description":"Sa\u00fade, Ortopedia e Geriatria","publisher":{"@id":"https:\/\/www.maisquecuidar.com\/loja\/#organization"},"potentialAction":[{"@type":"SearchAction","target":{"@type":"EntryPoint","urlTemplate":"https:\/\/www.maisquecuidar.com\/loja\/?s={search_term_string}"},"query-input":{"@type":"PropertyValueSpecification","valueRequired":true,"valueName":"search_term_string"}}],"inLanguage":"pt-PT"},{"@type":"Organization","@id":"https:\/\/www.maisquecuidar.com\/loja\/#organization","name":"Mais Que Cuidar","url":"https:\/\/www.maisquecuidar.com\/loja\/","logo":{"@type":"ImageObject","inLanguage":"pt-PT","@id":"https:\/\/www.maisquecuidar.com\/loja\/#\/schema\/logo\/image\/","url":"https:\/\/img.maisquecuidar.com\/loja\/wp-content\/uploads\/2019\/08\/logo-mais-que-cuidar-retina.png","contentUrl":"https:\/\/img.maisquecuidar.com\/loja\/wp-content\/uploads\/2019\/08\/logo-mais-que-cuidar-retina.png","width":565,"height":75,"caption":"Mais Que Cuidar"},"image":{"@id":"https:\/\/www.maisquecuidar.com\/loja\/#\/schema\/logo\/image\/"},"sameAs":["https:\/\/www.facebook.com\/maisquecuidar.pt","https:\/\/www.instagram.com\/maisquecuidar"]}]}},"_links":{"self":[{"href":"https:\/\/www.maisquecuidar.com\/loja\/wp-json\/wp\/v2\/product\/14566","targetHints":{"allow":["GET"]}}],"collection":[{"href":"https:\/\/www.maisquecuidar.com\/loja\/wp-json\/wp\/v2\/product"}],"about":[{"href":"https:\/\/www.maisquecuidar.com\/loja\/wp-json\/wp\/v2\/types\/product"}],"wp:featuredmedia":[{"embeddable":true,"href":"https:\/\/www.maisquecuidar.com\/loja\/wp-json\/wp\/v2\/media\/15234"}],"wp:attachment":[{"href":"https:\/\/www.maisquecuidar.com\/loja\/wp-json\/wp\/v2\/media?parent=14566"}],"wp:term":[{"taxonomy":"product_brand","embeddable":true,"href":"https:\/\/www.maisquecuidar.com\/loja\/wp-json\/wp\/v2\/product_brand?post=14566"},{"taxonomy":"product_cat","embeddable":true,"href":"https:\/\/www.maisquecuidar.com\/loja\/wp-json\/wp\/v2\/product_cat?post=14566"},{"taxonomy":"product_tag","embeddable":true,"href":"https:\/\/www.maisquecuidar.com\/loja\/wp-json\/wp\/v2\/product_tag?post=14566"}],"curies":[{"name":"wp","href":"https:\/\/api.w.org\/{rel}","templated":true}]}}