{"id":14558,"date":"2021-03-13T17:29:43","date_gmt":"2021-03-13T17:29:43","guid":{"rendered":"https:\/\/www.maisquecuidar.com\/loja\/?post_type=product&#038;p=14558"},"modified":"2026-04-07T18:54:44","modified_gmt":"2026-04-07T17:54:44","slug":"cama-semi-eletrica-com-colchao-visco-basic","status":"publish","type":"product","link":"https:\/\/www.maisquecuidar.com\/loja\/quarto-conforto-bem-estar\/camas-articuladas\/camas-hospitalares-semi-electricas\/cama-semi-eletrica-com-colchao-visco-basic","title":{"rendered":"Cama Articulada Semi-El\u00e9trica com Colch\u00e3o Visco Basic"},"content":{"rendered":"<p><strong>Kit composto por cama hospitalar semi-el\u00e9trica com grades laterais e colch\u00e3o em viscoel\u00e1stico com 12 cm de espessura.<\/strong><\/p>\n<p>A cama articulada semi-el\u00e9trica hospitalar tem a estrutura em a\u00e7o com pintura epoxy. As cabeceiras s\u00e3o em melamina faia.<\/p>\n<p>O estrado \u00e9 dividido em tr\u00eas partes e tem comando que permite a regula\u00e7\u00e3o da altura da regi\u00e3o do tronco e da zona dos joelhos. Os p\u00e9s da cama t\u00eam altura fixa com rodas, duas delas com trav\u00e3o.<\/p>\n<p>As grades laterais em a\u00e7o t\u00eam pintura epoxy. S\u00e3o colocadas na parte lateral da cama e possuem sistema de subir e descer muito simples de usar.<\/p>\n<h3><strong>Vantagens do Colch\u00e3o Viscoel\u00e1stico Basic com 12 cm de espessura<\/strong><\/h3>\n<ul>\n<li>Colch\u00e3o ortop\u00e9dico em viscoel\u00e1stico com 2 camadas: a camada da base \u00e9 composta por espuma de alta resili\u00eancia (HR30) com uma espessura de 10 cm e a camada superior \u00e9 formada por espuma de viscoel\u00e1stico com 2 cm de espessura.<\/li>\n<li>Tem capa imperme\u00e1vel em tela bi-el\u00e1stica que pode ser facilmente limpa e desinfectada.<\/li>\n<li>O colch\u00e3o ajuda a proporcionar conforto e a prevenir feridas e escaras em utilizadores com baixo risco de \u00falceras e com peso at\u00e9 80 kgs.<\/li>\n<\/ul>\n<p>&nbsp;<\/p>\n","protected":false},"excerpt":{"rendered":"<p>PROMO\u00c7\u00c3O V\u00c1LIDA DE 08 a 14 DE ABRIL DE 2026<\/p>\n<p>Entregamos em menos de 24 horas nos dias \u00fateis.<\/p>\n","protected":false},"featured_media":15236,"template":"","meta":{"_acf_changed":false,"neve_meta_sidebar":"","neve_meta_container":"","neve_meta_enable_content_width":"off","neve_meta_content_width":100,"neve_meta_title_alignment":"","neve_meta_author_avatar":"","neve_post_elements_order":"","neve_meta_disable_header":"","neve_meta_disable_footer":"","neve_meta_disable_title":""},"product_brand":[],"product_cat":[327,760],"product_tag":[717,328,708,710,704,714],"class_list":{"0":"post-14558","1":"product","2":"type-product","3":"status-publish","4":"has-post-thumbnail","6":"product_cat-camas-hospitalares-semi-electricas","7":"product_cat-os-10-produtos-mais-vendidos-a-semana-passada","8":"product_tag-300-600e","9":"product_tag-cama-articulada-semi-eletrica","10":"product_tag-eletrica-com-altura-fixa","11":"product_tag-em-metal","12":"product_tag-normal-90-cm","13":"product_tag-viscoelastico-preventivo-de-escaras","15":"first","16":"instock","17":"sale","18":"taxable","19":"shipping-taxable","20":"purchasable","21":"product-type-simple"},"acf":[],"yoast_head":"<!-- This site is optimized with the Yoast SEO plugin v27.3 - https:\/\/yoast.com\/product\/yoast-seo-wordpress\/ -->\n<title>Cama Articulada Semi-El\u00e9trica com Colch\u00e3o Visco Basic - Mais que Cuidar<\/title>\n<meta name=\"description\" content=\"Cama articulada semi-el\u00e9trica com colch\u00e3o viscoel\u00e1stico Basic para mais conforto e bem estar. Entregamos em menos de 24 horas nos dias \u00fateis.\" \/>\n<meta name=\"robots\" content=\"index, follow, max-snippet:-1, max-image-preview:large, max-video-preview:-1\" \/>\n<link rel=\"canonical\" href=\"https:\/\/www.maisquecuidar.com\/loja\/quarto-conforto-bem-estar\/camas-articuladas\/camas-hospitalares-semi-electricas\/cama-semi-eletrica-com-colchao-visco-basic\" \/>\n<meta property=\"og:locale\" content=\"pt_PT\" \/>\n<meta property=\"og:type\" content=\"article\" \/>\n<meta property=\"og:title\" content=\"Cama Articulada Semi-El\u00e9trica com Colch\u00e3o Visco Basic - Mais que Cuidar\" \/>\n<meta property=\"og:description\" content=\"Cama articulada semi-el\u00e9trica com colch\u00e3o viscoel\u00e1stico Basic para mais conforto e bem estar. Entregamos em menos de 24 horas nos dias \u00fateis.\" \/>\n<meta property=\"og:url\" content=\"https:\/\/www.maisquecuidar.com\/loja\/quarto-conforto-bem-estar\/camas-articuladas\/camas-hospitalares-semi-electricas\/cama-semi-eletrica-com-colchao-visco-basic\" \/>\n<meta property=\"og:site_name\" content=\"Mais que Cuidar\" \/>\n<meta property=\"article:publisher\" content=\"https:\/\/www.facebook.com\/maisquecuidar.pt\" \/>\n<meta property=\"article:modified_time\" content=\"2026-04-07T17:54:44+00:00\" \/>\n<meta property=\"og:image\" content=\"https:\/\/img.maisquecuidar.com\/loja\/wp-content\/uploads\/2021\/03\/cama-semi-eletrica-articulada-colchao-visco.png\" \/>\n\t<meta property=\"og:image:width\" content=\"1280\" \/>\n\t<meta property=\"og:image:height\" content=\"800\" \/>\n\t<meta property=\"og:image:type\" content=\"image\/png\" \/>\n<meta name=\"twitter:label1\" content=\"Tempo estimado de leitura\" \/>\n\t<meta name=\"twitter:data1\" content=\"2 minutos\" \/>\n<script type=\"application\/ld+json\" class=\"yoast-schema-graph\">{\"@context\":\"https:\\\/\\\/schema.org\",\"@graph\":[{\"@type\":\"WebPage\",\"@id\":\"https:\\\/\\\/www.maisquecuidar.com\\\/loja\\\/quarto-conforto-bem-estar\\\/camas-articuladas\\\/camas-hospitalares-semi-electricas\\\/cama-semi-eletrica-com-colchao-visco-basic\",\"url\":\"https:\\\/\\\/www.maisquecuidar.com\\\/loja\\\/quarto-conforto-bem-estar\\\/camas-articuladas\\\/camas-hospitalares-semi-electricas\\\/cama-semi-eletrica-com-colchao-visco-basic\",\"name\":\"Cama Articulada Semi-El\u00e9trica com Colch\u00e3o Visco Basic - Mais que Cuidar\",\"isPartOf\":{\"@id\":\"https:\\\/\\\/www.maisquecuidar.com\\\/loja\\\/#website\"},\"primaryImageOfPage\":{\"@id\":\"https:\\\/\\\/www.maisquecuidar.com\\\/loja\\\/quarto-conforto-bem-estar\\\/camas-articuladas\\\/camas-hospitalares-semi-electricas\\\/cama-semi-eletrica-com-colchao-visco-basic#primaryimage\"},\"image\":{\"@id\":\"https:\\\/\\\/www.maisquecuidar.com\\\/loja\\\/quarto-conforto-bem-estar\\\/camas-articuladas\\\/camas-hospitalares-semi-electricas\\\/cama-semi-eletrica-com-colchao-visco-basic#primaryimage\"},\"thumbnailUrl\":\"https:\\\/\\\/img.maisquecuidar.com\\\/loja\\\/wp-content\\\/uploads\\\/2021\\\/03\\\/cama-semi-eletrica-articulada-colchao-visco.png\",\"datePublished\":\"2021-03-13T17:29:43+00:00\",\"dateModified\":\"2026-04-07T17:54:44+00:00\",\"description\":\"Cama articulada semi-el\u00e9trica com colch\u00e3o viscoel\u00e1stico Basic para mais conforto e bem estar. Entregamos em menos de 24 horas nos dias \u00fateis.\",\"breadcrumb\":{\"@id\":\"https:\\\/\\\/www.maisquecuidar.com\\\/loja\\\/quarto-conforto-bem-estar\\\/camas-articuladas\\\/camas-hospitalares-semi-electricas\\\/cama-semi-eletrica-com-colchao-visco-basic#breadcrumb\"},\"inLanguage\":\"pt-PT\",\"potentialAction\":[{\"@type\":\"ReadAction\",\"target\":[\"https:\\\/\\\/www.maisquecuidar.com\\\/loja\\\/quarto-conforto-bem-estar\\\/camas-articuladas\\\/camas-hospitalares-semi-electricas\\\/cama-semi-eletrica-com-colchao-visco-basic\"]}]},{\"@type\":\"ImageObject\",\"inLanguage\":\"pt-PT\",\"@id\":\"https:\\\/\\\/www.maisquecuidar.com\\\/loja\\\/quarto-conforto-bem-estar\\\/camas-articuladas\\\/camas-hospitalares-semi-electricas\\\/cama-semi-eletrica-com-colchao-visco-basic#primaryimage\",\"url\":\"https:\\\/\\\/img.maisquecuidar.com\\\/loja\\\/wp-content\\\/uploads\\\/2021\\\/03\\\/cama-semi-eletrica-articulada-colchao-visco.png\",\"contentUrl\":\"https:\\\/\\\/img.maisquecuidar.com\\\/loja\\\/wp-content\\\/uploads\\\/2021\\\/03\\\/cama-semi-eletrica-articulada-colchao-visco.png\",\"width\":1280,\"height\":800},{\"@type\":\"BreadcrumbList\",\"@id\":\"https:\\\/\\\/www.maisquecuidar.com\\\/loja\\\/quarto-conforto-bem-estar\\\/camas-articuladas\\\/camas-hospitalares-semi-electricas\\\/cama-semi-eletrica-com-colchao-visco-basic#breadcrumb\",\"itemListElement\":[{\"@type\":\"ListItem\",\"position\":1,\"name\":\"Home\",\"item\":\"https:\\\/\\\/www.maisquecuidar.com\\\/loja\\\/\"},{\"@type\":\"ListItem\",\"position\":2,\"name\":\"Loja Online de Ortopedia e Geriatria em Portugal\",\"item\":\"https:\\\/\\\/www.maisquecuidar.com\\\/loja\\\/loja\"},{\"@type\":\"ListItem\",\"position\":3,\"name\":\"Quarto, Conforto e Bem Estar\",\"item\":\"https:\\\/\\\/www.maisquecuidar.com\\\/loja\\\/quarto-conforto-bem-estar\"},{\"@type\":\"ListItem\",\"position\":4,\"name\":\"Camas Articuladas Hospitalares\",\"item\":\"https:\\\/\\\/www.maisquecuidar.com\\\/loja\\\/quarto-conforto-bem-estar\\\/camas-articuladas\"},{\"@type\":\"ListItem\",\"position\":5,\"name\":\"Camas Articuladas Semi-El\u00e9ctricas\",\"item\":\"https:\\\/\\\/www.maisquecuidar.com\\\/loja\\\/quarto-conforto-bem-estar\\\/camas-articuladas\\\/camas-hospitalares-semi-electricas\"},{\"@type\":\"ListItem\",\"position\":6,\"name\":\"Cama Articulada Semi-El\u00e9trica com Colch\u00e3o Visco Basic\"}]},{\"@type\":\"WebSite\",\"@id\":\"https:\\\/\\\/www.maisquecuidar.com\\\/loja\\\/#website\",\"url\":\"https:\\\/\\\/www.maisquecuidar.com\\\/loja\\\/\",\"name\":\"Mais que Cuidar\",\"description\":\"Sa\u00fade, Ortopedia e Geriatria\",\"publisher\":{\"@id\":\"https:\\\/\\\/www.maisquecuidar.com\\\/loja\\\/#organization\"},\"potentialAction\":[{\"@type\":\"SearchAction\",\"target\":{\"@type\":\"EntryPoint\",\"urlTemplate\":\"https:\\\/\\\/www.maisquecuidar.com\\\/loja\\\/?s={search_term_string}\"},\"query-input\":{\"@type\":\"PropertyValueSpecification\",\"valueRequired\":true,\"valueName\":\"search_term_string\"}}],\"inLanguage\":\"pt-PT\"},{\"@type\":\"Organization\",\"@id\":\"https:\\\/\\\/www.maisquecuidar.com\\\/loja\\\/#organization\",\"name\":\"Mais Que Cuidar\",\"url\":\"https:\\\/\\\/www.maisquecuidar.com\\\/loja\\\/\",\"logo\":{\"@type\":\"ImageObject\",\"inLanguage\":\"pt-PT\",\"@id\":\"https:\\\/\\\/www.maisquecuidar.com\\\/loja\\\/#\\\/schema\\\/logo\\\/image\\\/\",\"url\":\"https:\\\/\\\/img.maisquecuidar.com\\\/loja\\\/wp-content\\\/uploads\\\/2019\\\/08\\\/logo-mais-que-cuidar-retina.png\",\"contentUrl\":\"https:\\\/\\\/img.maisquecuidar.com\\\/loja\\\/wp-content\\\/uploads\\\/2019\\\/08\\\/logo-mais-que-cuidar-retina.png\",\"width\":565,\"height\":75,\"caption\":\"Mais Que Cuidar\"},\"image\":{\"@id\":\"https:\\\/\\\/www.maisquecuidar.com\\\/loja\\\/#\\\/schema\\\/logo\\\/image\\\/\"},\"sameAs\":[\"https:\\\/\\\/www.facebook.com\\\/maisquecuidar.pt\",\"https:\\\/\\\/www.instagram.com\\\/maisquecuidar\"]}]}<\/script>\n<!-- \/ Yoast SEO plugin. -->","yoast_head_json":{"title":"Cama Articulada Semi-El\u00e9trica com Colch\u00e3o Visco Basic - Mais que Cuidar","description":"Cama articulada semi-el\u00e9trica com colch\u00e3o viscoel\u00e1stico Basic para mais conforto e bem estar. Entregamos em menos de 24 horas nos dias \u00fateis.","robots":{"index":"index","follow":"follow","max-snippet":"max-snippet:-1","max-image-preview":"max-image-preview:large","max-video-preview":"max-video-preview:-1"},"canonical":"https:\/\/www.maisquecuidar.com\/loja\/quarto-conforto-bem-estar\/camas-articuladas\/camas-hospitalares-semi-electricas\/cama-semi-eletrica-com-colchao-visco-basic","og_locale":"pt_PT","og_type":"article","og_title":"Cama Articulada Semi-El\u00e9trica com Colch\u00e3o Visco Basic - Mais que Cuidar","og_description":"Cama articulada semi-el\u00e9trica com colch\u00e3o viscoel\u00e1stico Basic para mais conforto e bem estar. Entregamos em menos de 24 horas nos dias \u00fateis.","og_url":"https:\/\/www.maisquecuidar.com\/loja\/quarto-conforto-bem-estar\/camas-articuladas\/camas-hospitalares-semi-electricas\/cama-semi-eletrica-com-colchao-visco-basic","og_site_name":"Mais que Cuidar","article_publisher":"https:\/\/www.facebook.com\/maisquecuidar.pt","article_modified_time":"2026-04-07T17:54:44+00:00","og_image":[{"width":1280,"height":800,"url":"https:\/\/img.maisquecuidar.com\/loja\/wp-content\/uploads\/2021\/03\/cama-semi-eletrica-articulada-colchao-visco.png","type":"image\/png"}],"twitter_misc":{"Tempo estimado de leitura":"2 minutos"},"schema":{"@context":"https:\/\/schema.org","@graph":[{"@type":"WebPage","@id":"https:\/\/www.maisquecuidar.com\/loja\/quarto-conforto-bem-estar\/camas-articuladas\/camas-hospitalares-semi-electricas\/cama-semi-eletrica-com-colchao-visco-basic","url":"https:\/\/www.maisquecuidar.com\/loja\/quarto-conforto-bem-estar\/camas-articuladas\/camas-hospitalares-semi-electricas\/cama-semi-eletrica-com-colchao-visco-basic","name":"Cama Articulada Semi-El\u00e9trica com Colch\u00e3o Visco Basic - Mais que Cuidar","isPartOf":{"@id":"https:\/\/www.maisquecuidar.com\/loja\/#website"},"primaryImageOfPage":{"@id":"https:\/\/www.maisquecuidar.com\/loja\/quarto-conforto-bem-estar\/camas-articuladas\/camas-hospitalares-semi-electricas\/cama-semi-eletrica-com-colchao-visco-basic#primaryimage"},"image":{"@id":"https:\/\/www.maisquecuidar.com\/loja\/quarto-conforto-bem-estar\/camas-articuladas\/camas-hospitalares-semi-electricas\/cama-semi-eletrica-com-colchao-visco-basic#primaryimage"},"thumbnailUrl":"https:\/\/img.maisquecuidar.com\/loja\/wp-content\/uploads\/2021\/03\/cama-semi-eletrica-articulada-colchao-visco.png","datePublished":"2021-03-13T17:29:43+00:00","dateModified":"2026-04-07T17:54:44+00:00","description":"Cama articulada semi-el\u00e9trica com colch\u00e3o viscoel\u00e1stico Basic para mais conforto e bem estar. Entregamos em menos de 24 horas nos dias \u00fateis.","breadcrumb":{"@id":"https:\/\/www.maisquecuidar.com\/loja\/quarto-conforto-bem-estar\/camas-articuladas\/camas-hospitalares-semi-electricas\/cama-semi-eletrica-com-colchao-visco-basic#breadcrumb"},"inLanguage":"pt-PT","potentialAction":[{"@type":"ReadAction","target":["https:\/\/www.maisquecuidar.com\/loja\/quarto-conforto-bem-estar\/camas-articuladas\/camas-hospitalares-semi-electricas\/cama-semi-eletrica-com-colchao-visco-basic"]}]},{"@type":"ImageObject","inLanguage":"pt-PT","@id":"https:\/\/www.maisquecuidar.com\/loja\/quarto-conforto-bem-estar\/camas-articuladas\/camas-hospitalares-semi-electricas\/cama-semi-eletrica-com-colchao-visco-basic#primaryimage","url":"https:\/\/img.maisquecuidar.com\/loja\/wp-content\/uploads\/2021\/03\/cama-semi-eletrica-articulada-colchao-visco.png","contentUrl":"https:\/\/img.maisquecuidar.com\/loja\/wp-content\/uploads\/2021\/03\/cama-semi-eletrica-articulada-colchao-visco.png","width":1280,"height":800},{"@type":"BreadcrumbList","@id":"https:\/\/www.maisquecuidar.com\/loja\/quarto-conforto-bem-estar\/camas-articuladas\/camas-hospitalares-semi-electricas\/cama-semi-eletrica-com-colchao-visco-basic#breadcrumb","itemListElement":[{"@type":"ListItem","position":1,"name":"Home","item":"https:\/\/www.maisquecuidar.com\/loja\/"},{"@type":"ListItem","position":2,"name":"Loja Online de Ortopedia e Geriatria em Portugal","item":"https:\/\/www.maisquecuidar.com\/loja\/loja"},{"@type":"ListItem","position":3,"name":"Quarto, Conforto e Bem Estar","item":"https:\/\/www.maisquecuidar.com\/loja\/quarto-conforto-bem-estar"},{"@type":"ListItem","position":4,"name":"Camas Articuladas Hospitalares","item":"https:\/\/www.maisquecuidar.com\/loja\/quarto-conforto-bem-estar\/camas-articuladas"},{"@type":"ListItem","position":5,"name":"Camas Articuladas Semi-El\u00e9ctricas","item":"https:\/\/www.maisquecuidar.com\/loja\/quarto-conforto-bem-estar\/camas-articuladas\/camas-hospitalares-semi-electricas"},{"@type":"ListItem","position":6,"name":"Cama Articulada Semi-El\u00e9trica com Colch\u00e3o Visco Basic"}]},{"@type":"WebSite","@id":"https:\/\/www.maisquecuidar.com\/loja\/#website","url":"https:\/\/www.maisquecuidar.com\/loja\/","name":"Mais que Cuidar","description":"Sa\u00fade, Ortopedia e Geriatria","publisher":{"@id":"https:\/\/www.maisquecuidar.com\/loja\/#organization"},"potentialAction":[{"@type":"SearchAction","target":{"@type":"EntryPoint","urlTemplate":"https:\/\/www.maisquecuidar.com\/loja\/?s={search_term_string}"},"query-input":{"@type":"PropertyValueSpecification","valueRequired":true,"valueName":"search_term_string"}}],"inLanguage":"pt-PT"},{"@type":"Organization","@id":"https:\/\/www.maisquecuidar.com\/loja\/#organization","name":"Mais Que Cuidar","url":"https:\/\/www.maisquecuidar.com\/loja\/","logo":{"@type":"ImageObject","inLanguage":"pt-PT","@id":"https:\/\/www.maisquecuidar.com\/loja\/#\/schema\/logo\/image\/","url":"https:\/\/img.maisquecuidar.com\/loja\/wp-content\/uploads\/2019\/08\/logo-mais-que-cuidar-retina.png","contentUrl":"https:\/\/img.maisquecuidar.com\/loja\/wp-content\/uploads\/2019\/08\/logo-mais-que-cuidar-retina.png","width":565,"height":75,"caption":"Mais Que Cuidar"},"image":{"@id":"https:\/\/www.maisquecuidar.com\/loja\/#\/schema\/logo\/image\/"},"sameAs":["https:\/\/www.facebook.com\/maisquecuidar.pt","https:\/\/www.instagram.com\/maisquecuidar"]}]}},"_links":{"self":[{"href":"https:\/\/www.maisquecuidar.com\/loja\/wp-json\/wp\/v2\/product\/14558","targetHints":{"allow":["GET"]}}],"collection":[{"href":"https:\/\/www.maisquecuidar.com\/loja\/wp-json\/wp\/v2\/product"}],"about":[{"href":"https:\/\/www.maisquecuidar.com\/loja\/wp-json\/wp\/v2\/types\/product"}],"wp:featuredmedia":[{"embeddable":true,"href":"https:\/\/www.maisquecuidar.com\/loja\/wp-json\/wp\/v2\/media\/15236"}],"wp:attachment":[{"href":"https:\/\/www.maisquecuidar.com\/loja\/wp-json\/wp\/v2\/media?parent=14558"}],"wp:term":[{"taxonomy":"product_brand","embeddable":true,"href":"https:\/\/www.maisquecuidar.com\/loja\/wp-json\/wp\/v2\/product_brand?post=14558"},{"taxonomy":"product_cat","embeddable":true,"href":"https:\/\/www.maisquecuidar.com\/loja\/wp-json\/wp\/v2\/product_cat?post=14558"},{"taxonomy":"product_tag","embeddable":true,"href":"https:\/\/www.maisquecuidar.com\/loja\/wp-json\/wp\/v2\/product_tag?post=14558"}],"curies":[{"name":"wp","href":"https:\/\/api.w.org\/{rel}","templated":true}]}}