{"id":14134,"date":"2020-06-09T12:19:34","date_gmt":"2020-06-09T11:19:34","guid":{"rendered":"https:\/\/www.maisquecuidar.com\/loja\/?post_type=product&#038;p=14134"},"modified":"2026-04-28T20:47:25","modified_gmt":"2026-04-28T19:47:25","slug":"cama-articulada-manual-supreme-colchao-viscoflex","status":"publish","type":"product","link":"https:\/\/www.maisquecuidar.com\/loja\/quarto-conforto-bem-estar\/camas-articuladas\/camas-hospitalares-manuais\/cama-articulada-manual-supreme-colchao-viscoflex","title":{"rendered":"Cama Articulada Manual Supreme com Colch\u00e3o Viscoflex"},"content":{"rendered":"<p><strong>Kit composto por Cama Articulada Manual Supreme com guardas laterais em madeira e colch\u00e3o Viscoflex da Systam <\/strong><\/p>\n<p>A cama articulada manual hospitalar supreme possui uma estrutura em a\u00e7o com pintura epoxy.<\/p>\n<p>As cabeceiras e as guardas laterais s\u00e3o em madeira MDF Faia. Tem um sistema de fecho das guardas laterais nas cabeceiras e um sistema contra entalamento.<\/p>\n<p>O estrado tem r\u00e9guas em faia, dividido em tr\u00eas partes, com um sistema de duas manivelas na regi\u00e3o das peseiras da cama para controlar manualmente a posi\u00e7\u00e3o do tronco e dos joelhos.<\/p>\n<p>Os p\u00e9s da cama t\u00eam altura fixa com rodas, duas com trav\u00e3o.<\/p>\n<h3>Benef\u00edcios do Colch\u00e3o Viscoflex com espessura de 14 cm<\/h3>\n<ul>\n<li>O<strong> colch\u00e3o preventivo de escaras em Viscoel\u00e1stico Viscoflex da Systam com 14 cm de espessura<\/strong>. \u00c9 fabricado num bloco \u00fanico de espuma de mem\u00f3ria de viscoel\u00e1stico. Proporciona uma excelente distribui\u00e7\u00e3o das press\u00f5es na pele nas zonas de maior risco de feridas, facilita a circula\u00e7\u00e3o sangu\u00ednea e um excelente posicionamento do utilizador doente\/idoso.<\/li>\n<li><strong>A capa \u00e9 fabricada em tela resistente, imperme\u00e1vel e hipoal\u00e9rgica. \u00c9 f\u00e1cil de higienizar e de desinfetar.<\/strong><\/li>\n<li>Indicado para utilizadores at\u00e9 130 kgs.<\/li>\n<li>Este colch\u00e3o ortop\u00e9dico ajuda a diminuir a fric\u00e7\u00e3o e o efeito de queimadura na pele provocado pela perman\u00eancia prolongada do utilizador na cama.<\/li>\n<\/ul>\n","protected":false},"excerpt":{"rendered":"<p>PROMO\u00c7\u00c3O V\u00c1LIDA DE 29 DE ABRIL a 05 DE MAIO DE 2026<\/p>\n<p>Entregamos em menos de 24 horas nos dias \u00fateis.<\/p>\n","protected":false},"featured_media":15218,"template":"","meta":{"_acf_changed":false,"neve_meta_sidebar":"","neve_meta_container":"","neve_meta_enable_content_width":"off","neve_meta_content_width":100,"neve_meta_title_alignment":"","neve_meta_author_avatar":"","neve_post_elements_order":"","neve_meta_disable_header":"","neve_meta_disable_footer":"","neve_meta_disable_title":""},"product_brand":[],"product_cat":[315],"product_tag":[718,320,318,316,323,325,326,711,707,704,714],"class_list":{"0":"post-14134","1":"product","2":"type-product","3":"status-publish","4":"has-post-thumbnail","6":"product_cat-camas-hospitalares-manuais","7":"product_tag-600-900e","8":"product_tag-cama-articulada-para-acamados","9":"product_tag-cama-articulada-para-doentes","10":"product_tag-camas-articuladas","11":"product_tag-camas-articuladas-economicas","12":"product_tag-camas-articuladas-para-doentes","13":"product_tag-camas-articuladas-para-idosos","14":"product_tag-em-madeira","15":"product_tag-manual-com-altura-fixa","16":"product_tag-normal-90-cm","17":"product_tag-viscoelastico-preventivo-de-escaras","19":"first","20":"instock","21":"sale","22":"taxable","23":"shipping-taxable","24":"purchasable","25":"product-type-simple"},"acf":[],"yoast_head":"<!-- This site is optimized with the Yoast SEO plugin v27.5 - https:\/\/yoast.com\/product\/yoast-seo-wordpress\/ -->\n<title>Cama Articulada Manual Supreme com Colch\u00e3o Viscoflex<\/title>\n<meta name=\"description\" content=\"Conhe\u00e7a o pre\u00e7o e os benef\u00edcios da cama articulada manual Supreme com o colch\u00e3o em viscoel\u00e1stico Viscoflex da Systam com 14 cm de espessura. Confira!\" \/>\n<meta name=\"robots\" content=\"index, follow, max-snippet:-1, max-image-preview:large, max-video-preview:-1\" \/>\n<link rel=\"canonical\" href=\"https:\/\/www.maisquecuidar.com\/loja\/quarto-conforto-bem-estar\/camas-articuladas\/camas-hospitalares-manuais\/cama-articulada-manual-supreme-colchao-viscoflex\" \/>\n<meta property=\"og:locale\" content=\"pt_PT\" \/>\n<meta property=\"og:type\" content=\"article\" \/>\n<meta property=\"og:title\" content=\"Cama Articulada Manual Supreme com Colch\u00e3o Viscoflex\" \/>\n<meta property=\"og:description\" content=\"Conhe\u00e7a o pre\u00e7o e os benef\u00edcios da cama articulada manual Supreme com o colch\u00e3o em viscoel\u00e1stico Viscoflex da Systam com 14 cm de espessura. Confira!\" \/>\n<meta property=\"og:url\" content=\"https:\/\/www.maisquecuidar.com\/loja\/quarto-conforto-bem-estar\/camas-articuladas\/camas-hospitalares-manuais\/cama-articulada-manual-supreme-colchao-viscoflex\" \/>\n<meta property=\"og:site_name\" content=\"Mais que Cuidar\" \/>\n<meta property=\"article:publisher\" content=\"https:\/\/www.facebook.com\/maisquecuidar.pt\" \/>\n<meta property=\"article:modified_time\" content=\"2026-04-28T19:47:25+00:00\" \/>\n<meta property=\"og:image\" content=\"https:\/\/img.maisquecuidar.com\/loja\/wp-content\/uploads\/2020\/06\/cama-articulada-supreme-colchao-viscoflex.png\" \/>\n\t<meta property=\"og:image:width\" content=\"1280\" \/>\n\t<meta property=\"og:image:height\" content=\"800\" \/>\n\t<meta property=\"og:image:type\" content=\"image\/png\" \/>\n<meta name=\"twitter:label1\" content=\"Tempo estimado de leitura\" \/>\n\t<meta name=\"twitter:data1\" content=\"2 minutos\" \/>\n<script type=\"application\/ld+json\" class=\"yoast-schema-graph\">{\"@context\":\"https:\\\/\\\/schema.org\",\"@graph\":[{\"@type\":\"WebPage\",\"@id\":\"https:\\\/\\\/www.maisquecuidar.com\\\/loja\\\/quarto-conforto-bem-estar\\\/camas-articuladas\\\/camas-hospitalares-manuais\\\/cama-articulada-manual-supreme-colchao-viscoflex\",\"url\":\"https:\\\/\\\/www.maisquecuidar.com\\\/loja\\\/quarto-conforto-bem-estar\\\/camas-articuladas\\\/camas-hospitalares-manuais\\\/cama-articulada-manual-supreme-colchao-viscoflex\",\"name\":\"Cama Articulada Manual Supreme com Colch\u00e3o Viscoflex\",\"isPartOf\":{\"@id\":\"https:\\\/\\\/www.maisquecuidar.com\\\/loja\\\/#website\"},\"primaryImageOfPage\":{\"@id\":\"https:\\\/\\\/www.maisquecuidar.com\\\/loja\\\/quarto-conforto-bem-estar\\\/camas-articuladas\\\/camas-hospitalares-manuais\\\/cama-articulada-manual-supreme-colchao-viscoflex#primaryimage\"},\"image\":{\"@id\":\"https:\\\/\\\/www.maisquecuidar.com\\\/loja\\\/quarto-conforto-bem-estar\\\/camas-articuladas\\\/camas-hospitalares-manuais\\\/cama-articulada-manual-supreme-colchao-viscoflex#primaryimage\"},\"thumbnailUrl\":\"https:\\\/\\\/img.maisquecuidar.com\\\/loja\\\/wp-content\\\/uploads\\\/2020\\\/06\\\/cama-articulada-supreme-colchao-viscoflex.png\",\"datePublished\":\"2020-06-09T11:19:34+00:00\",\"dateModified\":\"2026-04-28T19:47:25+00:00\",\"description\":\"Conhe\u00e7a o pre\u00e7o e os benef\u00edcios da cama articulada manual Supreme com o colch\u00e3o em viscoel\u00e1stico Viscoflex da Systam com 14 cm de espessura. Confira!\",\"breadcrumb\":{\"@id\":\"https:\\\/\\\/www.maisquecuidar.com\\\/loja\\\/quarto-conforto-bem-estar\\\/camas-articuladas\\\/camas-hospitalares-manuais\\\/cama-articulada-manual-supreme-colchao-viscoflex#breadcrumb\"},\"inLanguage\":\"pt-PT\",\"potentialAction\":[{\"@type\":\"ReadAction\",\"target\":[\"https:\\\/\\\/www.maisquecuidar.com\\\/loja\\\/quarto-conforto-bem-estar\\\/camas-articuladas\\\/camas-hospitalares-manuais\\\/cama-articulada-manual-supreme-colchao-viscoflex\"]}]},{\"@type\":\"ImageObject\",\"inLanguage\":\"pt-PT\",\"@id\":\"https:\\\/\\\/www.maisquecuidar.com\\\/loja\\\/quarto-conforto-bem-estar\\\/camas-articuladas\\\/camas-hospitalares-manuais\\\/cama-articulada-manual-supreme-colchao-viscoflex#primaryimage\",\"url\":\"https:\\\/\\\/img.maisquecuidar.com\\\/loja\\\/wp-content\\\/uploads\\\/2020\\\/06\\\/cama-articulada-supreme-colchao-viscoflex.png\",\"contentUrl\":\"https:\\\/\\\/img.maisquecuidar.com\\\/loja\\\/wp-content\\\/uploads\\\/2020\\\/06\\\/cama-articulada-supreme-colchao-viscoflex.png\",\"width\":1280,\"height\":800,\"caption\":\"Cama articulada manual supreme com colch\u00e3o viscoflex\"},{\"@type\":\"BreadcrumbList\",\"@id\":\"https:\\\/\\\/www.maisquecuidar.com\\\/loja\\\/quarto-conforto-bem-estar\\\/camas-articuladas\\\/camas-hospitalares-manuais\\\/cama-articulada-manual-supreme-colchao-viscoflex#breadcrumb\",\"itemListElement\":[{\"@type\":\"ListItem\",\"position\":1,\"name\":\"Home\",\"item\":\"https:\\\/\\\/www.maisquecuidar.com\\\/loja\\\/\"},{\"@type\":\"ListItem\",\"position\":2,\"name\":\"Loja Online de Ortopedia e Geriatria em Portugal\",\"item\":\"https:\\\/\\\/www.maisquecuidar.com\\\/loja\\\/loja\"},{\"@type\":\"ListItem\",\"position\":3,\"name\":\"Quarto, Conforto e Bem Estar\",\"item\":\"https:\\\/\\\/www.maisquecuidar.com\\\/loja\\\/quarto-conforto-bem-estar\"},{\"@type\":\"ListItem\",\"position\":4,\"name\":\"Camas Articuladas Hospitalares\",\"item\":\"https:\\\/\\\/www.maisquecuidar.com\\\/loja\\\/quarto-conforto-bem-estar\\\/camas-articuladas\"},{\"@type\":\"ListItem\",\"position\":5,\"name\":\"Camas Articuladas Manuais\",\"item\":\"https:\\\/\\\/www.maisquecuidar.com\\\/loja\\\/quarto-conforto-bem-estar\\\/camas-articuladas\\\/camas-hospitalares-manuais\"},{\"@type\":\"ListItem\",\"position\":6,\"name\":\"Cama Articulada Manual Supreme com Colch\u00e3o Viscoflex\"}]},{\"@type\":\"WebSite\",\"@id\":\"https:\\\/\\\/www.maisquecuidar.com\\\/loja\\\/#website\",\"url\":\"https:\\\/\\\/www.maisquecuidar.com\\\/loja\\\/\",\"name\":\"Mais que Cuidar\",\"description\":\"Sa\u00fade, Ortopedia e Geriatria\",\"publisher\":{\"@id\":\"https:\\\/\\\/www.maisquecuidar.com\\\/loja\\\/#organization\"},\"potentialAction\":[{\"@type\":\"SearchAction\",\"target\":{\"@type\":\"EntryPoint\",\"urlTemplate\":\"https:\\\/\\\/www.maisquecuidar.com\\\/loja\\\/?s={search_term_string}\"},\"query-input\":{\"@type\":\"PropertyValueSpecification\",\"valueRequired\":true,\"valueName\":\"search_term_string\"}}],\"inLanguage\":\"pt-PT\"},{\"@type\":\"Organization\",\"@id\":\"https:\\\/\\\/www.maisquecuidar.com\\\/loja\\\/#organization\",\"name\":\"Mais Que Cuidar\",\"url\":\"https:\\\/\\\/www.maisquecuidar.com\\\/loja\\\/\",\"logo\":{\"@type\":\"ImageObject\",\"inLanguage\":\"pt-PT\",\"@id\":\"https:\\\/\\\/www.maisquecuidar.com\\\/loja\\\/#\\\/schema\\\/logo\\\/image\\\/\",\"url\":\"https:\\\/\\\/img.maisquecuidar.com\\\/loja\\\/wp-content\\\/uploads\\\/2019\\\/08\\\/logo-mais-que-cuidar-retina.png\",\"contentUrl\":\"https:\\\/\\\/img.maisquecuidar.com\\\/loja\\\/wp-content\\\/uploads\\\/2019\\\/08\\\/logo-mais-que-cuidar-retina.png\",\"width\":565,\"height\":75,\"caption\":\"Mais Que Cuidar\"},\"image\":{\"@id\":\"https:\\\/\\\/www.maisquecuidar.com\\\/loja\\\/#\\\/schema\\\/logo\\\/image\\\/\"},\"sameAs\":[\"https:\\\/\\\/www.facebook.com\\\/maisquecuidar.pt\",\"https:\\\/\\\/www.instagram.com\\\/maisquecuidar\"]}]}<\/script>\n<!-- \/ Yoast SEO plugin. -->","yoast_head_json":{"title":"Cama Articulada Manual Supreme com Colch\u00e3o Viscoflex","description":"Conhe\u00e7a o pre\u00e7o e os benef\u00edcios da cama articulada manual Supreme com o colch\u00e3o em viscoel\u00e1stico Viscoflex da Systam com 14 cm de espessura. Confira!","robots":{"index":"index","follow":"follow","max-snippet":"max-snippet:-1","max-image-preview":"max-image-preview:large","max-video-preview":"max-video-preview:-1"},"canonical":"https:\/\/www.maisquecuidar.com\/loja\/quarto-conforto-bem-estar\/camas-articuladas\/camas-hospitalares-manuais\/cama-articulada-manual-supreme-colchao-viscoflex","og_locale":"pt_PT","og_type":"article","og_title":"Cama Articulada Manual Supreme com Colch\u00e3o Viscoflex","og_description":"Conhe\u00e7a o pre\u00e7o e os benef\u00edcios da cama articulada manual Supreme com o colch\u00e3o em viscoel\u00e1stico Viscoflex da Systam com 14 cm de espessura. Confira!","og_url":"https:\/\/www.maisquecuidar.com\/loja\/quarto-conforto-bem-estar\/camas-articuladas\/camas-hospitalares-manuais\/cama-articulada-manual-supreme-colchao-viscoflex","og_site_name":"Mais que Cuidar","article_publisher":"https:\/\/www.facebook.com\/maisquecuidar.pt","article_modified_time":"2026-04-28T19:47:25+00:00","og_image":[{"width":1280,"height":800,"url":"https:\/\/img.maisquecuidar.com\/loja\/wp-content\/uploads\/2020\/06\/cama-articulada-supreme-colchao-viscoflex.png","type":"image\/png"}],"twitter_misc":{"Tempo estimado de leitura":"2 minutos"},"schema":{"@context":"https:\/\/schema.org","@graph":[{"@type":"WebPage","@id":"https:\/\/www.maisquecuidar.com\/loja\/quarto-conforto-bem-estar\/camas-articuladas\/camas-hospitalares-manuais\/cama-articulada-manual-supreme-colchao-viscoflex","url":"https:\/\/www.maisquecuidar.com\/loja\/quarto-conforto-bem-estar\/camas-articuladas\/camas-hospitalares-manuais\/cama-articulada-manual-supreme-colchao-viscoflex","name":"Cama Articulada Manual Supreme com Colch\u00e3o Viscoflex","isPartOf":{"@id":"https:\/\/www.maisquecuidar.com\/loja\/#website"},"primaryImageOfPage":{"@id":"https:\/\/www.maisquecuidar.com\/loja\/quarto-conforto-bem-estar\/camas-articuladas\/camas-hospitalares-manuais\/cama-articulada-manual-supreme-colchao-viscoflex#primaryimage"},"image":{"@id":"https:\/\/www.maisquecuidar.com\/loja\/quarto-conforto-bem-estar\/camas-articuladas\/camas-hospitalares-manuais\/cama-articulada-manual-supreme-colchao-viscoflex#primaryimage"},"thumbnailUrl":"https:\/\/img.maisquecuidar.com\/loja\/wp-content\/uploads\/2020\/06\/cama-articulada-supreme-colchao-viscoflex.png","datePublished":"2020-06-09T11:19:34+00:00","dateModified":"2026-04-28T19:47:25+00:00","description":"Conhe\u00e7a o pre\u00e7o e os benef\u00edcios da cama articulada manual Supreme com o colch\u00e3o em viscoel\u00e1stico Viscoflex da Systam com 14 cm de espessura. Confira!","breadcrumb":{"@id":"https:\/\/www.maisquecuidar.com\/loja\/quarto-conforto-bem-estar\/camas-articuladas\/camas-hospitalares-manuais\/cama-articulada-manual-supreme-colchao-viscoflex#breadcrumb"},"inLanguage":"pt-PT","potentialAction":[{"@type":"ReadAction","target":["https:\/\/www.maisquecuidar.com\/loja\/quarto-conforto-bem-estar\/camas-articuladas\/camas-hospitalares-manuais\/cama-articulada-manual-supreme-colchao-viscoflex"]}]},{"@type":"ImageObject","inLanguage":"pt-PT","@id":"https:\/\/www.maisquecuidar.com\/loja\/quarto-conforto-bem-estar\/camas-articuladas\/camas-hospitalares-manuais\/cama-articulada-manual-supreme-colchao-viscoflex#primaryimage","url":"https:\/\/img.maisquecuidar.com\/loja\/wp-content\/uploads\/2020\/06\/cama-articulada-supreme-colchao-viscoflex.png","contentUrl":"https:\/\/img.maisquecuidar.com\/loja\/wp-content\/uploads\/2020\/06\/cama-articulada-supreme-colchao-viscoflex.png","width":1280,"height":800,"caption":"Cama articulada manual supreme com colch\u00e3o viscoflex"},{"@type":"BreadcrumbList","@id":"https:\/\/www.maisquecuidar.com\/loja\/quarto-conforto-bem-estar\/camas-articuladas\/camas-hospitalares-manuais\/cama-articulada-manual-supreme-colchao-viscoflex#breadcrumb","itemListElement":[{"@type":"ListItem","position":1,"name":"Home","item":"https:\/\/www.maisquecuidar.com\/loja\/"},{"@type":"ListItem","position":2,"name":"Loja Online de Ortopedia e Geriatria em Portugal","item":"https:\/\/www.maisquecuidar.com\/loja\/loja"},{"@type":"ListItem","position":3,"name":"Quarto, Conforto e Bem Estar","item":"https:\/\/www.maisquecuidar.com\/loja\/quarto-conforto-bem-estar"},{"@type":"ListItem","position":4,"name":"Camas Articuladas Hospitalares","item":"https:\/\/www.maisquecuidar.com\/loja\/quarto-conforto-bem-estar\/camas-articuladas"},{"@type":"ListItem","position":5,"name":"Camas Articuladas Manuais","item":"https:\/\/www.maisquecuidar.com\/loja\/quarto-conforto-bem-estar\/camas-articuladas\/camas-hospitalares-manuais"},{"@type":"ListItem","position":6,"name":"Cama Articulada Manual Supreme com Colch\u00e3o Viscoflex"}]},{"@type":"WebSite","@id":"https:\/\/www.maisquecuidar.com\/loja\/#website","url":"https:\/\/www.maisquecuidar.com\/loja\/","name":"Mais que Cuidar","description":"Sa\u00fade, Ortopedia e Geriatria","publisher":{"@id":"https:\/\/www.maisquecuidar.com\/loja\/#organization"},"potentialAction":[{"@type":"SearchAction","target":{"@type":"EntryPoint","urlTemplate":"https:\/\/www.maisquecuidar.com\/loja\/?s={search_term_string}"},"query-input":{"@type":"PropertyValueSpecification","valueRequired":true,"valueName":"search_term_string"}}],"inLanguage":"pt-PT"},{"@type":"Organization","@id":"https:\/\/www.maisquecuidar.com\/loja\/#organization","name":"Mais Que Cuidar","url":"https:\/\/www.maisquecuidar.com\/loja\/","logo":{"@type":"ImageObject","inLanguage":"pt-PT","@id":"https:\/\/www.maisquecuidar.com\/loja\/#\/schema\/logo\/image\/","url":"https:\/\/img.maisquecuidar.com\/loja\/wp-content\/uploads\/2019\/08\/logo-mais-que-cuidar-retina.png","contentUrl":"https:\/\/img.maisquecuidar.com\/loja\/wp-content\/uploads\/2019\/08\/logo-mais-que-cuidar-retina.png","width":565,"height":75,"caption":"Mais Que Cuidar"},"image":{"@id":"https:\/\/www.maisquecuidar.com\/loja\/#\/schema\/logo\/image\/"},"sameAs":["https:\/\/www.facebook.com\/maisquecuidar.pt","https:\/\/www.instagram.com\/maisquecuidar"]}]}},"_links":{"self":[{"href":"https:\/\/www.maisquecuidar.com\/loja\/wp-json\/wp\/v2\/product\/14134","targetHints":{"allow":["GET"]}}],"collection":[{"href":"https:\/\/www.maisquecuidar.com\/loja\/wp-json\/wp\/v2\/product"}],"about":[{"href":"https:\/\/www.maisquecuidar.com\/loja\/wp-json\/wp\/v2\/types\/product"}],"wp:featuredmedia":[{"embeddable":true,"href":"https:\/\/www.maisquecuidar.com\/loja\/wp-json\/wp\/v2\/media\/15218"}],"wp:attachment":[{"href":"https:\/\/www.maisquecuidar.com\/loja\/wp-json\/wp\/v2\/media?parent=14134"}],"wp:term":[{"taxonomy":"product_brand","embeddable":true,"href":"https:\/\/www.maisquecuidar.com\/loja\/wp-json\/wp\/v2\/product_brand?post=14134"},{"taxonomy":"product_cat","embeddable":true,"href":"https:\/\/www.maisquecuidar.com\/loja\/wp-json\/wp\/v2\/product_cat?post=14134"},{"taxonomy":"product_tag","embeddable":true,"href":"https:\/\/www.maisquecuidar.com\/loja\/wp-json\/wp\/v2\/product_tag?post=14134"}],"curies":[{"name":"wp","href":"https:\/\/api.w.org\/{rel}","templated":true}]}}