{"id":14096,"date":"2020-06-05T10:56:42","date_gmt":"2020-06-05T09:56:42","guid":{"rendered":"https:\/\/www.maisquecuidar.com\/loja\/?post_type=product&#038;p=14096"},"modified":"2026-04-14T20:48:04","modified_gmt":"2026-04-14T19:48:04","slug":"cama-articulada-manual-colchao-viscoflex","status":"publish","type":"product","link":"https:\/\/www.maisquecuidar.com\/loja\/quarto-conforto-bem-estar\/camas-articuladas\/camas-hospitalares-manuais\/cama-articulada-manual-colchao-viscoflex","title":{"rendered":"Cama Articulada Manual com Colch\u00e3o Viscoflex"},"content":{"rendered":"<p><strong>Kit composto por cama articulada manual b\u00e1sica com grades laterais e colch\u00e3o em viscoel\u00e1stico viscoflex com 14 cm espessura. <\/strong><\/p>\n<p>A cama articulada manual hospitalar tem a estrutura em a\u00e7o com pintura epoxy.<\/p>\n<p>As cabeceiras s\u00e3o em melamina faia.<\/p>\n<p>O estrado articulado \u00e9 dividido em tr\u00eas partes e tem duas manivelas na zona das peseiras que s\u00e3o recolh\u00edveis e permitem a regula\u00e7\u00e3o da altura da regi\u00e3o do tronco e da zona dos joelhos.<\/p>\n<p>Os p\u00e9s da cama t\u00eam altura fixa com rodas, duas com trav\u00e3o.<\/p>\n<p><strong>As guardas laterais em a\u00e7o t\u00eam pintura epoxy.<\/strong> Colocam-se na parte lateral da cama e possuem sistema de subir e descer muito f\u00e1cil de utilizar.<\/p>\n<h3>Vantagens do Colch\u00e3o Viscoel\u00e1stico Viscoflex com 14 cm de espessura<\/h3>\n<p><img fetchpriority=\"high\" decoding=\"async\" class=\"alignnone wp-image-14099\" src=\"https:\/\/img.maisquecuidar.com\/loja\/wp-content\/uploads\/2020\/06\/cama-articulada-manual-colchao-viscoflex-800x500.jpg\" alt=\"Cama articulada manual com colch\u00e3o viscoflex\" width=\"534\" height=\"334\" srcset=\"https:\/\/img.maisquecuidar.com\/loja\/wp-content\/uploads\/2020\/06\/cama-articulada-manual-colchao-viscoflex-800x500.jpg 800w, https:\/\/img.maisquecuidar.com\/loja\/wp-content\/uploads\/2020\/06\/cama-articulada-manual-colchao-viscoflex-380x238.jpg 380w, https:\/\/img.maisquecuidar.com\/loja\/wp-content\/uploads\/2020\/06\/cama-articulada-manual-colchao-viscoflex-1024x640.jpg 1024w, https:\/\/img.maisquecuidar.com\/loja\/wp-content\/uploads\/2020\/06\/cama-articulada-manual-colchao-viscoflex-768x480.jpg 768w, https:\/\/img.maisquecuidar.com\/loja\/wp-content\/uploads\/2020\/06\/cama-articulada-manual-colchao-viscoflex-350x219.jpg 350w, https:\/\/img.maisquecuidar.com\/loja\/wp-content\/uploads\/2020\/06\/cama-articulada-manual-colchao-viscoflex.jpg 1280w\" sizes=\"(max-width: 534px) 100vw, 534px\" \/><\/p>\n<ul>\n<li><strong>O colch\u00e3o monobloco viscoel\u00e1stico viscoflex \u00e9 fabricado num bloco \u00fanico em espuma viscoel\u00e1stica com efeito mem\u00f3ria. Oferece uma boa reparti\u00e7\u00e3o das press\u00f5es na pele nas zonas de risco, facilitando a circula\u00e7\u00e3o sangu\u00ednea e um melhor posicionamento do utilizador. <\/strong><\/li>\n<li>Ajuda a diminuir a fric\u00e7\u00e3o e o efeito de queimadura e a evitar o efeito de trilhamento.<\/li>\n<li>A sua capa em tela resistente, imperme\u00e1vel e hipoal\u00e9rgica f\u00e1cil de higienizar e desinfetar.<\/li>\n<li>Suporta utilizadores com peso at\u00e9 130 kg.<\/li>\n<li><strong>Tem uma camada superior composta por espuma viscoel\u00e1stica de alta densidade com efeito mem\u00f3ria 80 Kg\/m3. <\/strong><\/li>\n<\/ul>\n","protected":false},"excerpt":{"rendered":"<p>PROMO\u00c7\u00c3O V\u00c1LIDA DE 15 a 21 DE ABRIL DE 2026<\/p>\n<p>Entregamos em menos de 24 horas nos dias \u00fateis.<\/p>\n<p>\u00a0<\/p>\n","protected":false},"featured_media":15220,"template":"","meta":{"_acf_changed":false,"neve_meta_sidebar":"","neve_meta_container":"","neve_meta_enable_content_width":"off","neve_meta_content_width":100,"neve_meta_title_alignment":"","neve_meta_author_avatar":"","neve_post_elements_order":"","neve_meta_disable_header":"","neve_meta_disable_footer":"","neve_meta_disable_title":""},"product_brand":[],"product_cat":[315],"product_tag":[718,710,707,704,714],"class_list":{"0":"post-14096","1":"product","2":"type-product","3":"status-publish","4":"has-post-thumbnail","6":"product_cat-camas-hospitalares-manuais","7":"product_tag-600-900e","8":"product_tag-em-metal","9":"product_tag-manual-com-altura-fixa","10":"product_tag-normal-90-cm","11":"product_tag-viscoelastico-preventivo-de-escaras","13":"first","14":"instock","15":"sale","16":"taxable","17":"shipping-taxable","18":"purchasable","19":"product-type-simple"},"acf":[],"yoast_head":"<!-- This site is optimized with the Yoast SEO plugin v27.4 - https:\/\/yoast.com\/product\/yoast-seo-wordpress\/ -->\n<title>Cama Articulada Manual com Grades e Colch\u00e3o Viscoflex<\/title>\n<meta name=\"description\" content=\"Conhe\u00e7a as vantagens da cama articulada manual com grades e com colch\u00e3o monobloco em viscoel\u00e1stico viscoflex da Systam. Confira o pre\u00e7o!\" \/>\n<meta name=\"robots\" content=\"index, follow, max-snippet:-1, max-image-preview:large, max-video-preview:-1\" \/>\n<link rel=\"canonical\" href=\"https:\/\/www.maisquecuidar.com\/loja\/quarto-conforto-bem-estar\/camas-articuladas\/camas-hospitalares-manuais\/cama-articulada-manual-colchao-viscoflex\" \/>\n<meta property=\"og:locale\" content=\"pt_PT\" \/>\n<meta property=\"og:type\" content=\"article\" \/>\n<meta property=\"og:title\" content=\"Cama Articulada Manual com Grades e Colch\u00e3o Viscoflex\" \/>\n<meta property=\"og:description\" content=\"Conhe\u00e7a as vantagens da cama articulada manual com grades e com colch\u00e3o monobloco em viscoel\u00e1stico viscoflex da Systam. Confira o pre\u00e7o!\" \/>\n<meta property=\"og:url\" content=\"https:\/\/www.maisquecuidar.com\/loja\/quarto-conforto-bem-estar\/camas-articuladas\/camas-hospitalares-manuais\/cama-articulada-manual-colchao-viscoflex\" \/>\n<meta property=\"og:site_name\" content=\"Mais que Cuidar\" \/>\n<meta property=\"article:publisher\" content=\"https:\/\/www.facebook.com\/maisquecuidar.pt\" \/>\n<meta property=\"article:modified_time\" content=\"2026-04-14T19:48:04+00:00\" \/>\n<meta property=\"og:image\" content=\"https:\/\/img.maisquecuidar.com\/loja\/wp-content\/uploads\/2020\/06\/cama-articulada-manual-colchao-viscoflex.png\" \/>\n\t<meta property=\"og:image:width\" content=\"1280\" \/>\n\t<meta property=\"og:image:height\" content=\"800\" \/>\n\t<meta property=\"og:image:type\" content=\"image\/png\" \/>\n<meta name=\"twitter:label1\" content=\"Tempo estimado de leitura\" \/>\n\t<meta name=\"twitter:data1\" content=\"2 minutos\" \/>\n<script type=\"application\/ld+json\" class=\"yoast-schema-graph\">{\"@context\":\"https:\\\/\\\/schema.org\",\"@graph\":[{\"@type\":\"WebPage\",\"@id\":\"https:\\\/\\\/www.maisquecuidar.com\\\/loja\\\/quarto-conforto-bem-estar\\\/camas-articuladas\\\/camas-hospitalares-manuais\\\/cama-articulada-manual-colchao-viscoflex\",\"url\":\"https:\\\/\\\/www.maisquecuidar.com\\\/loja\\\/quarto-conforto-bem-estar\\\/camas-articuladas\\\/camas-hospitalares-manuais\\\/cama-articulada-manual-colchao-viscoflex\",\"name\":\"Cama Articulada Manual com Grades e Colch\u00e3o Viscoflex\",\"isPartOf\":{\"@id\":\"https:\\\/\\\/www.maisquecuidar.com\\\/loja\\\/#website\"},\"primaryImageOfPage\":{\"@id\":\"https:\\\/\\\/www.maisquecuidar.com\\\/loja\\\/quarto-conforto-bem-estar\\\/camas-articuladas\\\/camas-hospitalares-manuais\\\/cama-articulada-manual-colchao-viscoflex#primaryimage\"},\"image\":{\"@id\":\"https:\\\/\\\/www.maisquecuidar.com\\\/loja\\\/quarto-conforto-bem-estar\\\/camas-articuladas\\\/camas-hospitalares-manuais\\\/cama-articulada-manual-colchao-viscoflex#primaryimage\"},\"thumbnailUrl\":\"https:\\\/\\\/img.maisquecuidar.com\\\/loja\\\/wp-content\\\/uploads\\\/2020\\\/06\\\/cama-articulada-manual-colchao-viscoflex.png\",\"datePublished\":\"2020-06-05T09:56:42+00:00\",\"dateModified\":\"2026-04-14T19:48:04+00:00\",\"description\":\"Conhe\u00e7a as vantagens da cama articulada manual com grades e com colch\u00e3o monobloco em viscoel\u00e1stico viscoflex da Systam. Confira o pre\u00e7o!\",\"breadcrumb\":{\"@id\":\"https:\\\/\\\/www.maisquecuidar.com\\\/loja\\\/quarto-conforto-bem-estar\\\/camas-articuladas\\\/camas-hospitalares-manuais\\\/cama-articulada-manual-colchao-viscoflex#breadcrumb\"},\"inLanguage\":\"pt-PT\",\"potentialAction\":[{\"@type\":\"ReadAction\",\"target\":[\"https:\\\/\\\/www.maisquecuidar.com\\\/loja\\\/quarto-conforto-bem-estar\\\/camas-articuladas\\\/camas-hospitalares-manuais\\\/cama-articulada-manual-colchao-viscoflex\"]}]},{\"@type\":\"ImageObject\",\"inLanguage\":\"pt-PT\",\"@id\":\"https:\\\/\\\/www.maisquecuidar.com\\\/loja\\\/quarto-conforto-bem-estar\\\/camas-articuladas\\\/camas-hospitalares-manuais\\\/cama-articulada-manual-colchao-viscoflex#primaryimage\",\"url\":\"https:\\\/\\\/img.maisquecuidar.com\\\/loja\\\/wp-content\\\/uploads\\\/2020\\\/06\\\/cama-articulada-manual-colchao-viscoflex.png\",\"contentUrl\":\"https:\\\/\\\/img.maisquecuidar.com\\\/loja\\\/wp-content\\\/uploads\\\/2020\\\/06\\\/cama-articulada-manual-colchao-viscoflex.png\",\"width\":1280,\"height\":800,\"caption\":\"Cama articulada manual hospitalar com colch\u00e3o viscoflex da Systam\"},{\"@type\":\"BreadcrumbList\",\"@id\":\"https:\\\/\\\/www.maisquecuidar.com\\\/loja\\\/quarto-conforto-bem-estar\\\/camas-articuladas\\\/camas-hospitalares-manuais\\\/cama-articulada-manual-colchao-viscoflex#breadcrumb\",\"itemListElement\":[{\"@type\":\"ListItem\",\"position\":1,\"name\":\"Home\",\"item\":\"https:\\\/\\\/www.maisquecuidar.com\\\/loja\\\/\"},{\"@type\":\"ListItem\",\"position\":2,\"name\":\"Loja Online de Ortopedia e Geriatria em Portugal\",\"item\":\"https:\\\/\\\/www.maisquecuidar.com\\\/loja\\\/loja\"},{\"@type\":\"ListItem\",\"position\":3,\"name\":\"Quarto, Conforto e Bem Estar\",\"item\":\"https:\\\/\\\/www.maisquecuidar.com\\\/loja\\\/quarto-conforto-bem-estar\"},{\"@type\":\"ListItem\",\"position\":4,\"name\":\"Camas Articuladas Hospitalares\",\"item\":\"https:\\\/\\\/www.maisquecuidar.com\\\/loja\\\/quarto-conforto-bem-estar\\\/camas-articuladas\"},{\"@type\":\"ListItem\",\"position\":5,\"name\":\"Camas Articuladas Manuais\",\"item\":\"https:\\\/\\\/www.maisquecuidar.com\\\/loja\\\/quarto-conforto-bem-estar\\\/camas-articuladas\\\/camas-hospitalares-manuais\"},{\"@type\":\"ListItem\",\"position\":6,\"name\":\"Cama Articulada Manual com Colch\u00e3o Viscoflex\"}]},{\"@type\":\"WebSite\",\"@id\":\"https:\\\/\\\/www.maisquecuidar.com\\\/loja\\\/#website\",\"url\":\"https:\\\/\\\/www.maisquecuidar.com\\\/loja\\\/\",\"name\":\"Mais que Cuidar\",\"description\":\"Sa\u00fade, Ortopedia e Geriatria\",\"publisher\":{\"@id\":\"https:\\\/\\\/www.maisquecuidar.com\\\/loja\\\/#organization\"},\"potentialAction\":[{\"@type\":\"SearchAction\",\"target\":{\"@type\":\"EntryPoint\",\"urlTemplate\":\"https:\\\/\\\/www.maisquecuidar.com\\\/loja\\\/?s={search_term_string}\"},\"query-input\":{\"@type\":\"PropertyValueSpecification\",\"valueRequired\":true,\"valueName\":\"search_term_string\"}}],\"inLanguage\":\"pt-PT\"},{\"@type\":\"Organization\",\"@id\":\"https:\\\/\\\/www.maisquecuidar.com\\\/loja\\\/#organization\",\"name\":\"Mais Que Cuidar\",\"url\":\"https:\\\/\\\/www.maisquecuidar.com\\\/loja\\\/\",\"logo\":{\"@type\":\"ImageObject\",\"inLanguage\":\"pt-PT\",\"@id\":\"https:\\\/\\\/www.maisquecuidar.com\\\/loja\\\/#\\\/schema\\\/logo\\\/image\\\/\",\"url\":\"https:\\\/\\\/img.maisquecuidar.com\\\/loja\\\/wp-content\\\/uploads\\\/2019\\\/08\\\/logo-mais-que-cuidar-retina.png\",\"contentUrl\":\"https:\\\/\\\/img.maisquecuidar.com\\\/loja\\\/wp-content\\\/uploads\\\/2019\\\/08\\\/logo-mais-que-cuidar-retina.png\",\"width\":565,\"height\":75,\"caption\":\"Mais Que Cuidar\"},\"image\":{\"@id\":\"https:\\\/\\\/www.maisquecuidar.com\\\/loja\\\/#\\\/schema\\\/logo\\\/image\\\/\"},\"sameAs\":[\"https:\\\/\\\/www.facebook.com\\\/maisquecuidar.pt\",\"https:\\\/\\\/www.instagram.com\\\/maisquecuidar\"]}]}<\/script>\n<!-- \/ Yoast SEO plugin. -->","yoast_head_json":{"title":"Cama Articulada Manual com Grades e Colch\u00e3o Viscoflex","description":"Conhe\u00e7a as vantagens da cama articulada manual com grades e com colch\u00e3o monobloco em viscoel\u00e1stico viscoflex da Systam. Confira o pre\u00e7o!","robots":{"index":"index","follow":"follow","max-snippet":"max-snippet:-1","max-image-preview":"max-image-preview:large","max-video-preview":"max-video-preview:-1"},"canonical":"https:\/\/www.maisquecuidar.com\/loja\/quarto-conforto-bem-estar\/camas-articuladas\/camas-hospitalares-manuais\/cama-articulada-manual-colchao-viscoflex","og_locale":"pt_PT","og_type":"article","og_title":"Cama Articulada Manual com Grades e Colch\u00e3o Viscoflex","og_description":"Conhe\u00e7a as vantagens da cama articulada manual com grades e com colch\u00e3o monobloco em viscoel\u00e1stico viscoflex da Systam. Confira o pre\u00e7o!","og_url":"https:\/\/www.maisquecuidar.com\/loja\/quarto-conforto-bem-estar\/camas-articuladas\/camas-hospitalares-manuais\/cama-articulada-manual-colchao-viscoflex","og_site_name":"Mais que Cuidar","article_publisher":"https:\/\/www.facebook.com\/maisquecuidar.pt","article_modified_time":"2026-04-14T19:48:04+00:00","og_image":[{"width":1280,"height":800,"url":"https:\/\/img.maisquecuidar.com\/loja\/wp-content\/uploads\/2020\/06\/cama-articulada-manual-colchao-viscoflex.png","type":"image\/png"}],"twitter_misc":{"Tempo estimado de leitura":"2 minutos"},"schema":{"@context":"https:\/\/schema.org","@graph":[{"@type":"WebPage","@id":"https:\/\/www.maisquecuidar.com\/loja\/quarto-conforto-bem-estar\/camas-articuladas\/camas-hospitalares-manuais\/cama-articulada-manual-colchao-viscoflex","url":"https:\/\/www.maisquecuidar.com\/loja\/quarto-conforto-bem-estar\/camas-articuladas\/camas-hospitalares-manuais\/cama-articulada-manual-colchao-viscoflex","name":"Cama Articulada Manual com Grades e Colch\u00e3o Viscoflex","isPartOf":{"@id":"https:\/\/www.maisquecuidar.com\/loja\/#website"},"primaryImageOfPage":{"@id":"https:\/\/www.maisquecuidar.com\/loja\/quarto-conforto-bem-estar\/camas-articuladas\/camas-hospitalares-manuais\/cama-articulada-manual-colchao-viscoflex#primaryimage"},"image":{"@id":"https:\/\/www.maisquecuidar.com\/loja\/quarto-conforto-bem-estar\/camas-articuladas\/camas-hospitalares-manuais\/cama-articulada-manual-colchao-viscoflex#primaryimage"},"thumbnailUrl":"https:\/\/img.maisquecuidar.com\/loja\/wp-content\/uploads\/2020\/06\/cama-articulada-manual-colchao-viscoflex.png","datePublished":"2020-06-05T09:56:42+00:00","dateModified":"2026-04-14T19:48:04+00:00","description":"Conhe\u00e7a as vantagens da cama articulada manual com grades e com colch\u00e3o monobloco em viscoel\u00e1stico viscoflex da Systam. Confira o pre\u00e7o!","breadcrumb":{"@id":"https:\/\/www.maisquecuidar.com\/loja\/quarto-conforto-bem-estar\/camas-articuladas\/camas-hospitalares-manuais\/cama-articulada-manual-colchao-viscoflex#breadcrumb"},"inLanguage":"pt-PT","potentialAction":[{"@type":"ReadAction","target":["https:\/\/www.maisquecuidar.com\/loja\/quarto-conforto-bem-estar\/camas-articuladas\/camas-hospitalares-manuais\/cama-articulada-manual-colchao-viscoflex"]}]},{"@type":"ImageObject","inLanguage":"pt-PT","@id":"https:\/\/www.maisquecuidar.com\/loja\/quarto-conforto-bem-estar\/camas-articuladas\/camas-hospitalares-manuais\/cama-articulada-manual-colchao-viscoflex#primaryimage","url":"https:\/\/img.maisquecuidar.com\/loja\/wp-content\/uploads\/2020\/06\/cama-articulada-manual-colchao-viscoflex.png","contentUrl":"https:\/\/img.maisquecuidar.com\/loja\/wp-content\/uploads\/2020\/06\/cama-articulada-manual-colchao-viscoflex.png","width":1280,"height":800,"caption":"Cama articulada manual hospitalar com colch\u00e3o viscoflex da Systam"},{"@type":"BreadcrumbList","@id":"https:\/\/www.maisquecuidar.com\/loja\/quarto-conforto-bem-estar\/camas-articuladas\/camas-hospitalares-manuais\/cama-articulada-manual-colchao-viscoflex#breadcrumb","itemListElement":[{"@type":"ListItem","position":1,"name":"Home","item":"https:\/\/www.maisquecuidar.com\/loja\/"},{"@type":"ListItem","position":2,"name":"Loja Online de Ortopedia e Geriatria em Portugal","item":"https:\/\/www.maisquecuidar.com\/loja\/loja"},{"@type":"ListItem","position":3,"name":"Quarto, Conforto e Bem Estar","item":"https:\/\/www.maisquecuidar.com\/loja\/quarto-conforto-bem-estar"},{"@type":"ListItem","position":4,"name":"Camas Articuladas Hospitalares","item":"https:\/\/www.maisquecuidar.com\/loja\/quarto-conforto-bem-estar\/camas-articuladas"},{"@type":"ListItem","position":5,"name":"Camas Articuladas Manuais","item":"https:\/\/www.maisquecuidar.com\/loja\/quarto-conforto-bem-estar\/camas-articuladas\/camas-hospitalares-manuais"},{"@type":"ListItem","position":6,"name":"Cama Articulada Manual com Colch\u00e3o Viscoflex"}]},{"@type":"WebSite","@id":"https:\/\/www.maisquecuidar.com\/loja\/#website","url":"https:\/\/www.maisquecuidar.com\/loja\/","name":"Mais que Cuidar","description":"Sa\u00fade, Ortopedia e Geriatria","publisher":{"@id":"https:\/\/www.maisquecuidar.com\/loja\/#organization"},"potentialAction":[{"@type":"SearchAction","target":{"@type":"EntryPoint","urlTemplate":"https:\/\/www.maisquecuidar.com\/loja\/?s={search_term_string}"},"query-input":{"@type":"PropertyValueSpecification","valueRequired":true,"valueName":"search_term_string"}}],"inLanguage":"pt-PT"},{"@type":"Organization","@id":"https:\/\/www.maisquecuidar.com\/loja\/#organization","name":"Mais Que Cuidar","url":"https:\/\/www.maisquecuidar.com\/loja\/","logo":{"@type":"ImageObject","inLanguage":"pt-PT","@id":"https:\/\/www.maisquecuidar.com\/loja\/#\/schema\/logo\/image\/","url":"https:\/\/img.maisquecuidar.com\/loja\/wp-content\/uploads\/2019\/08\/logo-mais-que-cuidar-retina.png","contentUrl":"https:\/\/img.maisquecuidar.com\/loja\/wp-content\/uploads\/2019\/08\/logo-mais-que-cuidar-retina.png","width":565,"height":75,"caption":"Mais Que Cuidar"},"image":{"@id":"https:\/\/www.maisquecuidar.com\/loja\/#\/schema\/logo\/image\/"},"sameAs":["https:\/\/www.facebook.com\/maisquecuidar.pt","https:\/\/www.instagram.com\/maisquecuidar"]}]}},"_links":{"self":[{"href":"https:\/\/www.maisquecuidar.com\/loja\/wp-json\/wp\/v2\/product\/14096","targetHints":{"allow":["GET"]}}],"collection":[{"href":"https:\/\/www.maisquecuidar.com\/loja\/wp-json\/wp\/v2\/product"}],"about":[{"href":"https:\/\/www.maisquecuidar.com\/loja\/wp-json\/wp\/v2\/types\/product"}],"wp:featuredmedia":[{"embeddable":true,"href":"https:\/\/www.maisquecuidar.com\/loja\/wp-json\/wp\/v2\/media\/15220"}],"wp:attachment":[{"href":"https:\/\/www.maisquecuidar.com\/loja\/wp-json\/wp\/v2\/media?parent=14096"}],"wp:term":[{"taxonomy":"product_brand","embeddable":true,"href":"https:\/\/www.maisquecuidar.com\/loja\/wp-json\/wp\/v2\/product_brand?post=14096"},{"taxonomy":"product_cat","embeddable":true,"href":"https:\/\/www.maisquecuidar.com\/loja\/wp-json\/wp\/v2\/product_cat?post=14096"},{"taxonomy":"product_tag","embeddable":true,"href":"https:\/\/www.maisquecuidar.com\/loja\/wp-json\/wp\/v2\/product_tag?post=14096"}],"curies":[{"name":"wp","href":"https:\/\/api.w.org\/{rel}","templated":true}]}}