{"id":14087,"date":"2020-06-04T19:50:15","date_gmt":"2020-06-04T18:50:15","guid":{"rendered":"https:\/\/www.maisquecuidar.com\/loja\/?post_type=product&#038;p=14087"},"modified":"2026-04-14T20:48:57","modified_gmt":"2026-04-14T19:48:57","slug":"cama-articulada-manual-colchao-viscoelastico-premium","status":"publish","type":"product","link":"https:\/\/www.maisquecuidar.com\/loja\/quarto-conforto-bem-estar\/camas-articuladas\/camas-hospitalares-manuais\/cama-articulada-manual-colchao-viscoelastico-premium","title":{"rendered":"Cama Articulada Manual com Colch\u00e3o Viscoel\u00e1stico Premium"},"content":{"rendered":"<p><strong>Este Kit \u00e9 composto por cama articulada manual b\u00e1sica com grades laterais e colch\u00e3o em viscoel\u00e1stico premium HR55 com 16 cm.<\/strong><\/p>\n<p>A cama articulada hospitalar tem a estrutura em a\u00e7o com pintura epoxy.<\/p>\n<p>As cabeceiras s\u00e3o em melamina faia.<\/p>\n<p>O estrado \u00e9 articulado e dividido em tr\u00eas partes. Disp\u00f5e de duas manivelas na zona das peseiras que s\u00e3o recolh\u00edveis e permitem a regula\u00e7\u00e3o da altura da regi\u00e3o do tronco e da zona dos joelhos.<\/p>\n<p>Os p\u00e9s t\u00eam altura fixa com rodas, duas com trav\u00e3o.<\/p>\n<p><strong>As guardas laterais s\u00e3o em a\u00e7o com pintura epoxy.<\/strong> Adaptam-se na parte lateral da cama e t\u00eam sistema de subir e descer muito f\u00e1cil de utilizar.<\/p>\n<h3>Vantagens do Colch\u00e3o Viscoel\u00e1stico Premium HR55 com 16 cm altura<\/h3>\n<ul>\n<li><strong>O colch\u00e3o ortop\u00e9dico viscoel\u00e1stico premium \u00e9 composto por duas camadas<\/strong>: na base tem um espuma de alta qualidade HR55 com 12 cm de altura e a camada superior \u00e9 composta por viscoel\u00e1stico com 4 cm de altura.<\/li>\n<li>Este colch\u00e3o proporciona um grande conforto aos utilizadores e ajuda na preven\u00e7\u00e3o de feridas em doentes com m\u00e9dio\/alto risco de escaras.<\/li>\n<li><strong>A sua capa em tela bi-el\u00e1stica imperme\u00e1vel pode ser facilmente lavada e desinfetada.<\/strong><\/li>\n<\/ul>\n","protected":false},"excerpt":{"rendered":"<p>PROMO\u00c7\u00c3O V\u00c1LIDA DE 15 a 21 DE ABRIL DE 2026<\/p>\n<p>Entregamos em menos de 24 horas nos dias \u00fateis.<\/p>\n<p>\u00a0<\/p>\n","protected":false},"featured_media":15222,"template":"","meta":{"_acf_changed":false,"neve_meta_sidebar":"","neve_meta_container":"","neve_meta_enable_content_width":"off","neve_meta_content_width":100,"neve_meta_title_alignment":"","neve_meta_author_avatar":"","neve_post_elements_order":"","neve_meta_disable_header":"","neve_meta_disable_footer":"","neve_meta_disable_title":""},"product_brand":[],"product_cat":[315],"product_tag":[718,710,707,704,714],"class_list":{"0":"post-14087","1":"product","2":"type-product","3":"status-publish","4":"has-post-thumbnail","6":"product_cat-camas-hospitalares-manuais","7":"product_tag-600-900e","8":"product_tag-em-metal","9":"product_tag-manual-com-altura-fixa","10":"product_tag-normal-90-cm","11":"product_tag-viscoelastico-preventivo-de-escaras","13":"first","14":"instock","15":"sale","16":"taxable","17":"shipping-taxable","18":"purchasable","19":"product-type-simple"},"acf":[],"yoast_head":"<!-- This site is optimized with the Yoast SEO plugin v27.4 - https:\/\/yoast.com\/product\/yoast-seo-wordpress\/ -->\n<title>Cama Articulada Manual com Colch\u00e3o Viscoel\u00e1stico Premium<\/title>\n<meta name=\"description\" content=\"Conhe\u00e7a as vantagens da cama articulada manual com grades e com colch\u00e3o em viscoel\u00e1stico premium. Entregamos em menos de 24 horas nos dias \u00fateis.\" \/>\n<meta name=\"robots\" content=\"index, follow, max-snippet:-1, max-image-preview:large, max-video-preview:-1\" \/>\n<link rel=\"canonical\" href=\"https:\/\/www.maisquecuidar.com\/loja\/quarto-conforto-bem-estar\/camas-articuladas\/camas-hospitalares-manuais\/cama-articulada-manual-colchao-viscoelastico-premium\" \/>\n<meta property=\"og:locale\" content=\"pt_PT\" \/>\n<meta property=\"og:type\" content=\"article\" \/>\n<meta property=\"og:title\" content=\"Cama Articulada Manual com Colch\u00e3o Viscoel\u00e1stico Premium\" \/>\n<meta property=\"og:description\" content=\"Conhe\u00e7a as vantagens da cama articulada manual com grades e com colch\u00e3o em viscoel\u00e1stico premium. Entregamos em menos de 24 horas nos dias \u00fateis.\" \/>\n<meta property=\"og:url\" content=\"https:\/\/www.maisquecuidar.com\/loja\/quarto-conforto-bem-estar\/camas-articuladas\/camas-hospitalares-manuais\/cama-articulada-manual-colchao-viscoelastico-premium\" \/>\n<meta property=\"og:site_name\" content=\"Mais que Cuidar\" \/>\n<meta property=\"article:publisher\" content=\"https:\/\/www.facebook.com\/maisquecuidar.pt\" \/>\n<meta property=\"article:modified_time\" content=\"2026-04-14T19:48:57+00:00\" \/>\n<meta property=\"og:image\" content=\"https:\/\/img.maisquecuidar.com\/loja\/wp-content\/uploads\/2020\/06\/cama-hospital-articulada-colchao-viscoelastico.png\" \/>\n\t<meta property=\"og:image:width\" content=\"1280\" \/>\n\t<meta property=\"og:image:height\" content=\"800\" \/>\n\t<meta property=\"og:image:type\" content=\"image\/png\" \/>\n<meta name=\"twitter:label1\" content=\"Tempo estimado de leitura\" \/>\n\t<meta name=\"twitter:data1\" content=\"2 minutos\" \/>\n<script type=\"application\/ld+json\" class=\"yoast-schema-graph\">{\"@context\":\"https:\\\/\\\/schema.org\",\"@graph\":[{\"@type\":\"WebPage\",\"@id\":\"https:\\\/\\\/www.maisquecuidar.com\\\/loja\\\/quarto-conforto-bem-estar\\\/camas-articuladas\\\/camas-hospitalares-manuais\\\/cama-articulada-manual-colchao-viscoelastico-premium\",\"url\":\"https:\\\/\\\/www.maisquecuidar.com\\\/loja\\\/quarto-conforto-bem-estar\\\/camas-articuladas\\\/camas-hospitalares-manuais\\\/cama-articulada-manual-colchao-viscoelastico-premium\",\"name\":\"Cama Articulada Manual com Colch\u00e3o Viscoel\u00e1stico Premium\",\"isPartOf\":{\"@id\":\"https:\\\/\\\/www.maisquecuidar.com\\\/loja\\\/#website\"},\"primaryImageOfPage\":{\"@id\":\"https:\\\/\\\/www.maisquecuidar.com\\\/loja\\\/quarto-conforto-bem-estar\\\/camas-articuladas\\\/camas-hospitalares-manuais\\\/cama-articulada-manual-colchao-viscoelastico-premium#primaryimage\"},\"image\":{\"@id\":\"https:\\\/\\\/www.maisquecuidar.com\\\/loja\\\/quarto-conforto-bem-estar\\\/camas-articuladas\\\/camas-hospitalares-manuais\\\/cama-articulada-manual-colchao-viscoelastico-premium#primaryimage\"},\"thumbnailUrl\":\"https:\\\/\\\/img.maisquecuidar.com\\\/loja\\\/wp-content\\\/uploads\\\/2020\\\/06\\\/cama-hospital-articulada-colchao-viscoelastico.png\",\"datePublished\":\"2020-06-04T18:50:15+00:00\",\"dateModified\":\"2026-04-14T19:48:57+00:00\",\"description\":\"Conhe\u00e7a as vantagens da cama articulada manual com grades e com colch\u00e3o em viscoel\u00e1stico premium. Entregamos em menos de 24 horas nos dias \u00fateis.\",\"breadcrumb\":{\"@id\":\"https:\\\/\\\/www.maisquecuidar.com\\\/loja\\\/quarto-conforto-bem-estar\\\/camas-articuladas\\\/camas-hospitalares-manuais\\\/cama-articulada-manual-colchao-viscoelastico-premium#breadcrumb\"},\"inLanguage\":\"pt-PT\",\"potentialAction\":[{\"@type\":\"ReadAction\",\"target\":[\"https:\\\/\\\/www.maisquecuidar.com\\\/loja\\\/quarto-conforto-bem-estar\\\/camas-articuladas\\\/camas-hospitalares-manuais\\\/cama-articulada-manual-colchao-viscoelastico-premium\"]}]},{\"@type\":\"ImageObject\",\"inLanguage\":\"pt-PT\",\"@id\":\"https:\\\/\\\/www.maisquecuidar.com\\\/loja\\\/quarto-conforto-bem-estar\\\/camas-articuladas\\\/camas-hospitalares-manuais\\\/cama-articulada-manual-colchao-viscoelastico-premium#primaryimage\",\"url\":\"https:\\\/\\\/img.maisquecuidar.com\\\/loja\\\/wp-content\\\/uploads\\\/2020\\\/06\\\/cama-hospital-articulada-colchao-viscoelastico.png\",\"contentUrl\":\"https:\\\/\\\/img.maisquecuidar.com\\\/loja\\\/wp-content\\\/uploads\\\/2020\\\/06\\\/cama-hospital-articulada-colchao-viscoelastico.png\",\"width\":1280,\"height\":800},{\"@type\":\"BreadcrumbList\",\"@id\":\"https:\\\/\\\/www.maisquecuidar.com\\\/loja\\\/quarto-conforto-bem-estar\\\/camas-articuladas\\\/camas-hospitalares-manuais\\\/cama-articulada-manual-colchao-viscoelastico-premium#breadcrumb\",\"itemListElement\":[{\"@type\":\"ListItem\",\"position\":1,\"name\":\"Home\",\"item\":\"https:\\\/\\\/www.maisquecuidar.com\\\/loja\\\/\"},{\"@type\":\"ListItem\",\"position\":2,\"name\":\"Loja Online de Ortopedia e Geriatria em Portugal\",\"item\":\"https:\\\/\\\/www.maisquecuidar.com\\\/loja\\\/loja\"},{\"@type\":\"ListItem\",\"position\":3,\"name\":\"Quarto, Conforto e Bem Estar\",\"item\":\"https:\\\/\\\/www.maisquecuidar.com\\\/loja\\\/quarto-conforto-bem-estar\"},{\"@type\":\"ListItem\",\"position\":4,\"name\":\"Camas Articuladas Hospitalares\",\"item\":\"https:\\\/\\\/www.maisquecuidar.com\\\/loja\\\/quarto-conforto-bem-estar\\\/camas-articuladas\"},{\"@type\":\"ListItem\",\"position\":5,\"name\":\"Camas Articuladas Manuais\",\"item\":\"https:\\\/\\\/www.maisquecuidar.com\\\/loja\\\/quarto-conforto-bem-estar\\\/camas-articuladas\\\/camas-hospitalares-manuais\"},{\"@type\":\"ListItem\",\"position\":6,\"name\":\"Cama Articulada Manual com Colch\u00e3o Viscoel\u00e1stico Premium\"}]},{\"@type\":\"WebSite\",\"@id\":\"https:\\\/\\\/www.maisquecuidar.com\\\/loja\\\/#website\",\"url\":\"https:\\\/\\\/www.maisquecuidar.com\\\/loja\\\/\",\"name\":\"Mais que Cuidar\",\"description\":\"Sa\u00fade, Ortopedia e Geriatria\",\"publisher\":{\"@id\":\"https:\\\/\\\/www.maisquecuidar.com\\\/loja\\\/#organization\"},\"potentialAction\":[{\"@type\":\"SearchAction\",\"target\":{\"@type\":\"EntryPoint\",\"urlTemplate\":\"https:\\\/\\\/www.maisquecuidar.com\\\/loja\\\/?s={search_term_string}\"},\"query-input\":{\"@type\":\"PropertyValueSpecification\",\"valueRequired\":true,\"valueName\":\"search_term_string\"}}],\"inLanguage\":\"pt-PT\"},{\"@type\":\"Organization\",\"@id\":\"https:\\\/\\\/www.maisquecuidar.com\\\/loja\\\/#organization\",\"name\":\"Mais Que Cuidar\",\"url\":\"https:\\\/\\\/www.maisquecuidar.com\\\/loja\\\/\",\"logo\":{\"@type\":\"ImageObject\",\"inLanguage\":\"pt-PT\",\"@id\":\"https:\\\/\\\/www.maisquecuidar.com\\\/loja\\\/#\\\/schema\\\/logo\\\/image\\\/\",\"url\":\"https:\\\/\\\/img.maisquecuidar.com\\\/loja\\\/wp-content\\\/uploads\\\/2019\\\/08\\\/logo-mais-que-cuidar-retina.png\",\"contentUrl\":\"https:\\\/\\\/img.maisquecuidar.com\\\/loja\\\/wp-content\\\/uploads\\\/2019\\\/08\\\/logo-mais-que-cuidar-retina.png\",\"width\":565,\"height\":75,\"caption\":\"Mais Que Cuidar\"},\"image\":{\"@id\":\"https:\\\/\\\/www.maisquecuidar.com\\\/loja\\\/#\\\/schema\\\/logo\\\/image\\\/\"},\"sameAs\":[\"https:\\\/\\\/www.facebook.com\\\/maisquecuidar.pt\",\"https:\\\/\\\/www.instagram.com\\\/maisquecuidar\"]}]}<\/script>\n<!-- \/ Yoast SEO plugin. -->","yoast_head_json":{"title":"Cama Articulada Manual com Colch\u00e3o Viscoel\u00e1stico Premium","description":"Conhe\u00e7a as vantagens da cama articulada manual com grades e com colch\u00e3o em viscoel\u00e1stico premium. Entregamos em menos de 24 horas nos dias \u00fateis.","robots":{"index":"index","follow":"follow","max-snippet":"max-snippet:-1","max-image-preview":"max-image-preview:large","max-video-preview":"max-video-preview:-1"},"canonical":"https:\/\/www.maisquecuidar.com\/loja\/quarto-conforto-bem-estar\/camas-articuladas\/camas-hospitalares-manuais\/cama-articulada-manual-colchao-viscoelastico-premium","og_locale":"pt_PT","og_type":"article","og_title":"Cama Articulada Manual com Colch\u00e3o Viscoel\u00e1stico Premium","og_description":"Conhe\u00e7a as vantagens da cama articulada manual com grades e com colch\u00e3o em viscoel\u00e1stico premium. Entregamos em menos de 24 horas nos dias \u00fateis.","og_url":"https:\/\/www.maisquecuidar.com\/loja\/quarto-conforto-bem-estar\/camas-articuladas\/camas-hospitalares-manuais\/cama-articulada-manual-colchao-viscoelastico-premium","og_site_name":"Mais que Cuidar","article_publisher":"https:\/\/www.facebook.com\/maisquecuidar.pt","article_modified_time":"2026-04-14T19:48:57+00:00","og_image":[{"width":1280,"height":800,"url":"https:\/\/img.maisquecuidar.com\/loja\/wp-content\/uploads\/2020\/06\/cama-hospital-articulada-colchao-viscoelastico.png","type":"image\/png"}],"twitter_misc":{"Tempo estimado de leitura":"2 minutos"},"schema":{"@context":"https:\/\/schema.org","@graph":[{"@type":"WebPage","@id":"https:\/\/www.maisquecuidar.com\/loja\/quarto-conforto-bem-estar\/camas-articuladas\/camas-hospitalares-manuais\/cama-articulada-manual-colchao-viscoelastico-premium","url":"https:\/\/www.maisquecuidar.com\/loja\/quarto-conforto-bem-estar\/camas-articuladas\/camas-hospitalares-manuais\/cama-articulada-manual-colchao-viscoelastico-premium","name":"Cama Articulada Manual com Colch\u00e3o Viscoel\u00e1stico Premium","isPartOf":{"@id":"https:\/\/www.maisquecuidar.com\/loja\/#website"},"primaryImageOfPage":{"@id":"https:\/\/www.maisquecuidar.com\/loja\/quarto-conforto-bem-estar\/camas-articuladas\/camas-hospitalares-manuais\/cama-articulada-manual-colchao-viscoelastico-premium#primaryimage"},"image":{"@id":"https:\/\/www.maisquecuidar.com\/loja\/quarto-conforto-bem-estar\/camas-articuladas\/camas-hospitalares-manuais\/cama-articulada-manual-colchao-viscoelastico-premium#primaryimage"},"thumbnailUrl":"https:\/\/img.maisquecuidar.com\/loja\/wp-content\/uploads\/2020\/06\/cama-hospital-articulada-colchao-viscoelastico.png","datePublished":"2020-06-04T18:50:15+00:00","dateModified":"2026-04-14T19:48:57+00:00","description":"Conhe\u00e7a as vantagens da cama articulada manual com grades e com colch\u00e3o em viscoel\u00e1stico premium. Entregamos em menos de 24 horas nos dias \u00fateis.","breadcrumb":{"@id":"https:\/\/www.maisquecuidar.com\/loja\/quarto-conforto-bem-estar\/camas-articuladas\/camas-hospitalares-manuais\/cama-articulada-manual-colchao-viscoelastico-premium#breadcrumb"},"inLanguage":"pt-PT","potentialAction":[{"@type":"ReadAction","target":["https:\/\/www.maisquecuidar.com\/loja\/quarto-conforto-bem-estar\/camas-articuladas\/camas-hospitalares-manuais\/cama-articulada-manual-colchao-viscoelastico-premium"]}]},{"@type":"ImageObject","inLanguage":"pt-PT","@id":"https:\/\/www.maisquecuidar.com\/loja\/quarto-conforto-bem-estar\/camas-articuladas\/camas-hospitalares-manuais\/cama-articulada-manual-colchao-viscoelastico-premium#primaryimage","url":"https:\/\/img.maisquecuidar.com\/loja\/wp-content\/uploads\/2020\/06\/cama-hospital-articulada-colchao-viscoelastico.png","contentUrl":"https:\/\/img.maisquecuidar.com\/loja\/wp-content\/uploads\/2020\/06\/cama-hospital-articulada-colchao-viscoelastico.png","width":1280,"height":800},{"@type":"BreadcrumbList","@id":"https:\/\/www.maisquecuidar.com\/loja\/quarto-conforto-bem-estar\/camas-articuladas\/camas-hospitalares-manuais\/cama-articulada-manual-colchao-viscoelastico-premium#breadcrumb","itemListElement":[{"@type":"ListItem","position":1,"name":"Home","item":"https:\/\/www.maisquecuidar.com\/loja\/"},{"@type":"ListItem","position":2,"name":"Loja Online de Ortopedia e Geriatria em Portugal","item":"https:\/\/www.maisquecuidar.com\/loja\/loja"},{"@type":"ListItem","position":3,"name":"Quarto, Conforto e Bem Estar","item":"https:\/\/www.maisquecuidar.com\/loja\/quarto-conforto-bem-estar"},{"@type":"ListItem","position":4,"name":"Camas Articuladas Hospitalares","item":"https:\/\/www.maisquecuidar.com\/loja\/quarto-conforto-bem-estar\/camas-articuladas"},{"@type":"ListItem","position":5,"name":"Camas Articuladas Manuais","item":"https:\/\/www.maisquecuidar.com\/loja\/quarto-conforto-bem-estar\/camas-articuladas\/camas-hospitalares-manuais"},{"@type":"ListItem","position":6,"name":"Cama Articulada Manual com Colch\u00e3o Viscoel\u00e1stico Premium"}]},{"@type":"WebSite","@id":"https:\/\/www.maisquecuidar.com\/loja\/#website","url":"https:\/\/www.maisquecuidar.com\/loja\/","name":"Mais que Cuidar","description":"Sa\u00fade, Ortopedia e Geriatria","publisher":{"@id":"https:\/\/www.maisquecuidar.com\/loja\/#organization"},"potentialAction":[{"@type":"SearchAction","target":{"@type":"EntryPoint","urlTemplate":"https:\/\/www.maisquecuidar.com\/loja\/?s={search_term_string}"},"query-input":{"@type":"PropertyValueSpecification","valueRequired":true,"valueName":"search_term_string"}}],"inLanguage":"pt-PT"},{"@type":"Organization","@id":"https:\/\/www.maisquecuidar.com\/loja\/#organization","name":"Mais Que Cuidar","url":"https:\/\/www.maisquecuidar.com\/loja\/","logo":{"@type":"ImageObject","inLanguage":"pt-PT","@id":"https:\/\/www.maisquecuidar.com\/loja\/#\/schema\/logo\/image\/","url":"https:\/\/img.maisquecuidar.com\/loja\/wp-content\/uploads\/2019\/08\/logo-mais-que-cuidar-retina.png","contentUrl":"https:\/\/img.maisquecuidar.com\/loja\/wp-content\/uploads\/2019\/08\/logo-mais-que-cuidar-retina.png","width":565,"height":75,"caption":"Mais Que Cuidar"},"image":{"@id":"https:\/\/www.maisquecuidar.com\/loja\/#\/schema\/logo\/image\/"},"sameAs":["https:\/\/www.facebook.com\/maisquecuidar.pt","https:\/\/www.instagram.com\/maisquecuidar"]}]}},"_links":{"self":[{"href":"https:\/\/www.maisquecuidar.com\/loja\/wp-json\/wp\/v2\/product\/14087","targetHints":{"allow":["GET"]}}],"collection":[{"href":"https:\/\/www.maisquecuidar.com\/loja\/wp-json\/wp\/v2\/product"}],"about":[{"href":"https:\/\/www.maisquecuidar.com\/loja\/wp-json\/wp\/v2\/types\/product"}],"wp:featuredmedia":[{"embeddable":true,"href":"https:\/\/www.maisquecuidar.com\/loja\/wp-json\/wp\/v2\/media\/15222"}],"wp:attachment":[{"href":"https:\/\/www.maisquecuidar.com\/loja\/wp-json\/wp\/v2\/media?parent=14087"}],"wp:term":[{"taxonomy":"product_brand","embeddable":true,"href":"https:\/\/www.maisquecuidar.com\/loja\/wp-json\/wp\/v2\/product_brand?post=14087"},{"taxonomy":"product_cat","embeddable":true,"href":"https:\/\/www.maisquecuidar.com\/loja\/wp-json\/wp\/v2\/product_cat?post=14087"},{"taxonomy":"product_tag","embeddable":true,"href":"https:\/\/www.maisquecuidar.com\/loja\/wp-json\/wp\/v2\/product_tag?post=14087"}],"curies":[{"name":"wp","href":"https:\/\/api.w.org\/{rel}","templated":true}]}}