{"id":13944,"date":"2020-05-14T17:04:54","date_gmt":"2020-05-14T16:04:54","guid":{"rendered":"https:\/\/www.maisquecuidar.com\/loja\/?post_type=product&#038;p=13944"},"modified":"2025-10-01T18:33:22","modified_gmt":"2025-10-01T17:33:22","slug":"camisola-correcao-postural-medi-posture-plus-force","status":"publish","type":"product","link":"https:\/\/www.maisquecuidar.com\/loja\/produtos-ortopedicos-ortoteses\/ortoteses-cabeca-pescoco-tronco\/camisola-correcao-postural-medi-posture-plus-force","title":{"rendered":"Camisola de corre\u00e7\u00e3o postural &#8211; Medi Posture plus force"},"content":{"rendered":"<p><strong>A Medi Posture plus force \u00e9 uma camisola que ajuda a corrigir a postura do utilizador.<\/strong> Deve ser utilizada exclusivamente para o tratamento da coluna vertebral e destina-se apenas a ser utilizado em peles normais sem problemas.<\/p>\n<h3>Indica\u00e7\u00f5es<\/h3>\n<ul>\n<li>Dores na coluna vertebral provocados pela postura<\/li>\n<li>Debilidades, m\u00e1 postura ou defici\u00eancias na coluna vertebral<\/li>\n<li>Cifose com dor cr\u00f3nica nas costas<\/li>\n<li>Fraqueza muscular e\/ou instabilidades da coluna<\/li>\n<li>Assimetria das esc\u00e1pulas<\/li>\n<li>Instabilidade secund\u00e1ria da cintura escapular devido a defici\u00eancias musculares<\/li>\n<\/ul>\n<h3>Contra-indica\u00e7\u00f5es<\/h3>\n<ul>\n<li>Nenhuma conhecida atualmente.<\/li>\n<li>Se utilizada corretamente, n\u00e3o h\u00e1 contra-indica\u00e7\u00f5es. Deve consultar o seu m\u00e9dico assistente antes de us\u00e1-la se as seguintes situa\u00e7\u00f5es cl\u00ednicas se aplicarem: Doen\u00e7a ou les\u00e3o na pele na \u00e1rea em que a camisola \u00e9 usada, principalmente quando houver sinais de inflama\u00e7\u00e3o ou infe\u00e7\u00e3o (calor excessivo, vermelhid\u00e3o ou incha\u00e7o).<\/li>\n<\/ul>\n<h3>Benef\u00edcios<\/h3>\n<p><img fetchpriority=\"high\" decoding=\"async\" class=\"alignnone wp-image-13947\" src=\"https:\/\/img.maisquecuidar.com\/loja\/wp-content\/uploads\/2020\/05\/camisola-correcao-postura-homem.png\" alt=\"Camisola para corre\u00e7\u00e3o da postura medi posture force\" width=\"313\" height=\"236\" srcset=\"https:\/\/img.maisquecuidar.com\/loja\/wp-content\/uploads\/2020\/05\/camisola-correcao-postura-homem.png 425w, https:\/\/img.maisquecuidar.com\/loja\/wp-content\/uploads\/2020\/05\/camisola-correcao-postura-homem-380x285.png 380w, https:\/\/img.maisquecuidar.com\/loja\/wp-content\/uploads\/2020\/05\/camisola-correcao-postura-homem-350x264.png 350w\" sizes=\"(max-width: 313px) 100vw, 313px\" \/><\/p>\n<ul>\n<li>Tecido respir\u00e1vel e altamente el\u00e1stico, garantindo o m\u00e1ximo conforto na \u00e1rea das axilas;<\/li>\n<li>Costuras el\u00e1sticas planas para o m\u00e1ximo conforto;<\/li>\n<li>Fecho com ziper para facilitar a limpeza e remo\u00e7\u00e3o;<\/li>\n<li>Pain\u00e9is de suporte: pain\u00e9is de tens\u00e3o inel\u00e1stica exercem tra\u00e7\u00e3o para realinhamento postural.<\/li>\n<\/ul>\n<h3>Como funciona?<\/h3>\n<p>As faixas de tens\u00e3o inel\u00e1sticas incorporadas no material proporcionam o endireitamento do tronco e, com isso, uma corre\u00e7\u00e3o da postura corporal. A musculatura do tronco e dos ombros \u00e9 estimulada, sendo, por isso, contrariada a m\u00e1 postura, as debilidades musculares e\/ou a instabilidade.<\/p>\n<p>Devido ao fortalecimento inconsciente dos m\u00fasculos, \u00e9 poss\u00edvel aumentar a mobilidade e reduzir as dores. Este dispositivo nada tem a ver com a a\u00e7\u00e3o de um corretor postural cl\u00e1ssico, j\u00e1 que este promove o desenvolvimento muscular (contrariamente ao corretor postural cl\u00e1ssico), n\u00e3o pressiona os ombros para tr\u00e1s, nem exerce for\u00e7a nas axilas.<\/p>\n<p>A camisola \u00e9 muito confort\u00e1vel e permite o desenvolvimento dos m\u00fasculos que est\u00e3o mais fragilizados que, com o tempo promover\u00e1 o alinhamento corporal.<\/p>\n<h3>Como escolher o tamanho adequado?<\/h3>\n<p><strong>Mulher<\/strong>: deve medir o per\u00edmetro do busto e da cintura conforme imagem abaixo<\/p>\n<p><img decoding=\"async\" class=\"alignnone wp-image-13950 lazyload\" data-src=\"https:\/\/img.maisquecuidar.com\/loja\/wp-content\/uploads\/2020\/05\/medi-posture-plus-force-mulher-800x374.jpg\" alt=\"Medidas camisola medi posture plus force mulher\" width=\"550\" height=\"257\" data-srcset=\"https:\/\/img.maisquecuidar.com\/loja\/wp-content\/uploads\/2020\/05\/medi-posture-plus-force-mulher-800x374.jpg 800w, https:\/\/img.maisquecuidar.com\/loja\/wp-content\/uploads\/2020\/05\/medi-posture-plus-force-mulher-380x178.jpg 380w, https:\/\/img.maisquecuidar.com\/loja\/wp-content\/uploads\/2020\/05\/medi-posture-plus-force-mulher-768x359.jpg 768w, https:\/\/img.maisquecuidar.com\/loja\/wp-content\/uploads\/2020\/05\/medi-posture-plus-force-mulher-350x164.jpg 350w, https:\/\/img.maisquecuidar.com\/loja\/wp-content\/uploads\/2020\/05\/medi-posture-plus-force-mulher.jpg 1010w\" data-sizes=\"(max-width: 550px) 100vw, 550px\" src=\"data:image\/svg+xml;base64,PHN2ZyB3aWR0aD0iMSIgaGVpZ2h0PSIxIiB4bWxucz0iaHR0cDovL3d3dy53My5vcmcvMjAwMC9zdmciPjwvc3ZnPg==\" style=\"--smush-placeholder-width: 550px; --smush-placeholder-aspect-ratio: 550\/257;\" \/><\/p>\n<p>&nbsp;<\/p>\n<p><strong>Homem:<\/strong> deve medir o per\u00edmetro do peito e da cintura. Ver imagem abaixo.<\/p>\n<p><img decoding=\"async\" class=\"alignnone wp-image-13951 lazyload\" data-src=\"https:\/\/img.maisquecuidar.com\/loja\/wp-content\/uploads\/2020\/05\/medi-posture-plus-force-homem-800x374.jpg\" alt=\"medidas camisola medi posture plus force homem\" width=\"550\" height=\"257\" data-srcset=\"https:\/\/img.maisquecuidar.com\/loja\/wp-content\/uploads\/2020\/05\/medi-posture-plus-force-homem-800x374.jpg 800w, https:\/\/img.maisquecuidar.com\/loja\/wp-content\/uploads\/2020\/05\/medi-posture-plus-force-homem-380x178.jpg 380w, https:\/\/img.maisquecuidar.com\/loja\/wp-content\/uploads\/2020\/05\/medi-posture-plus-force-homem-768x359.jpg 768w, https:\/\/img.maisquecuidar.com\/loja\/wp-content\/uploads\/2020\/05\/medi-posture-plus-force-homem-350x164.jpg 350w, https:\/\/img.maisquecuidar.com\/loja\/wp-content\/uploads\/2020\/05\/medi-posture-plus-force-homem.jpg 1010w\" data-sizes=\"(max-width: 550px) 100vw, 550px\" src=\"data:image\/svg+xml;base64,PHN2ZyB3aWR0aD0iMSIgaGVpZ2h0PSIxIiB4bWxucz0iaHR0cDovL3d3dy53My5vcmcvMjAwMC9zdmciPjwvc3ZnPg==\" style=\"--smush-placeholder-width: 550px; --smush-placeholder-aspect-ratio: 550\/257;\" \/><\/p>\n","protected":false},"excerpt":{"rendered":"<p>A Medi Posture plus force \u00e9 uma camisola que ajuda a corrigir a postura do utilizador. Deve ser utilizada exclusivamente para o tratamento da coluna vertebral e destina-se apenas a ser utilizado em peles normais sem problemas. Indica\u00e7\u00f5es Dores na coluna vertebral provocados pela postura Debilidades, m\u00e1 postura ou defici\u00eancias na coluna vertebral Cifose com&hellip;&nbsp;<a href=\"https:\/\/www.maisquecuidar.com\/loja\/produtos-ortopedicos-ortoteses\/ortoteses-cabeca-pescoco-tronco\/camisola-correcao-postural-medi-posture-plus-force\" rel=\"bookmark\">Ler mais &raquo;<span class=\"screen-reader-text\">Camisola de corre\u00e7\u00e3o postural &#8211; Medi Posture plus force<\/span><\/a><\/p>\n","protected":false},"featured_media":13945,"template":"","meta":{"_acf_changed":false,"neve_meta_sidebar":"","neve_meta_container":"","neve_meta_enable_content_width":"","neve_meta_content_width":0,"neve_meta_title_alignment":"","neve_meta_author_avatar":"","neve_post_elements_order":"","neve_meta_disable_header":"","neve_meta_disable_footer":"","neve_meta_disable_title":""},"product_brand":[],"product_cat":[682],"product_tag":[],"class_list":{"0":"post-13944","1":"product","2":"type-product","3":"status-publish","4":"has-post-thumbnail","6":"product_cat-ortoteses-cabeca-pescoco-tronco","8":"first","9":"onbackorder","10":"taxable","11":"shipping-taxable","12":"purchasable","13":"product-type-variable"},"acf":[],"yoast_head":"<!-- This site is optimized with the Yoast SEO plugin v27.4 - https:\/\/yoast.com\/product\/yoast-seo-wordpress\/ -->\n<title>Camisola de corre\u00e7\u00e3o postural - Medi Posture plus force - Mais que Cuidar<\/title>\n<meta name=\"description\" content=\"Descubra os benef\u00edcios e as indica\u00e7\u00f5es da camisola de corre\u00e7\u00e3o postural da Medi modelo Posture plus force. Confira o pre\u00e7o e os tamanhos dispon\u00edveis!\" \/>\n<meta name=\"robots\" content=\"index, follow, max-snippet:-1, max-image-preview:large, max-video-preview:-1\" \/>\n<link rel=\"canonical\" href=\"https:\/\/www.maisquecuidar.com\/loja\/produtos-ortopedicos-ortoteses\/ortoteses-cabeca-pescoco-tronco\/camisola-correcao-postural-medi-posture-plus-force\" \/>\n<meta property=\"og:locale\" content=\"pt_PT\" \/>\n<meta property=\"og:type\" content=\"article\" \/>\n<meta property=\"og:title\" content=\"Camisola de corre\u00e7\u00e3o postural - Medi Posture plus force - Mais que Cuidar\" \/>\n<meta property=\"og:description\" content=\"Descubra os benef\u00edcios e as indica\u00e7\u00f5es da camisola de corre\u00e7\u00e3o postural da Medi modelo Posture plus force. Confira o pre\u00e7o e os tamanhos dispon\u00edveis!\" \/>\n<meta property=\"og:url\" content=\"https:\/\/www.maisquecuidar.com\/loja\/produtos-ortopedicos-ortoteses\/ortoteses-cabeca-pescoco-tronco\/camisola-correcao-postural-medi-posture-plus-force\" \/>\n<meta property=\"og:site_name\" content=\"Mais que Cuidar\" \/>\n<meta property=\"article:publisher\" content=\"https:\/\/www.facebook.com\/maisquecuidar.pt\" \/>\n<meta property=\"article:modified_time\" content=\"2025-10-01T17:33:22+00:00\" \/>\n<meta property=\"og:image\" content=\"https:\/\/img.maisquecuidar.com\/loja\/wp-content\/uploads\/2020\/05\/camisola-correcao-postural.png\" \/>\n\t<meta property=\"og:image:width\" content=\"1280\" \/>\n\t<meta property=\"og:image:height\" content=\"800\" \/>\n\t<meta property=\"og:image:type\" content=\"image\/png\" \/>\n<meta name=\"twitter:label1\" content=\"Tempo estimado de leitura\" \/>\n\t<meta name=\"twitter:data1\" content=\"2 minutos\" \/>\n<script type=\"application\/ld+json\" class=\"yoast-schema-graph\">{\"@context\":\"https:\\\/\\\/schema.org\",\"@graph\":[{\"@type\":\"WebPage\",\"@id\":\"https:\\\/\\\/www.maisquecuidar.com\\\/loja\\\/produtos-ortopedicos-ortoteses\\\/ortoteses-cabeca-pescoco-tronco\\\/camisola-correcao-postural-medi-posture-plus-force\",\"url\":\"https:\\\/\\\/www.maisquecuidar.com\\\/loja\\\/produtos-ortopedicos-ortoteses\\\/ortoteses-cabeca-pescoco-tronco\\\/camisola-correcao-postural-medi-posture-plus-force\",\"name\":\"Camisola de corre\u00e7\u00e3o postural - Medi Posture plus force - Mais que Cuidar\",\"isPartOf\":{\"@id\":\"https:\\\/\\\/www.maisquecuidar.com\\\/loja\\\/#website\"},\"primaryImageOfPage\":{\"@id\":\"https:\\\/\\\/www.maisquecuidar.com\\\/loja\\\/produtos-ortopedicos-ortoteses\\\/ortoteses-cabeca-pescoco-tronco\\\/camisola-correcao-postural-medi-posture-plus-force#primaryimage\"},\"image\":{\"@id\":\"https:\\\/\\\/www.maisquecuidar.com\\\/loja\\\/produtos-ortopedicos-ortoteses\\\/ortoteses-cabeca-pescoco-tronco\\\/camisola-correcao-postural-medi-posture-plus-force#primaryimage\"},\"thumbnailUrl\":\"https:\\\/\\\/img.maisquecuidar.com\\\/loja\\\/wp-content\\\/uploads\\\/2020\\\/05\\\/camisola-correcao-postural.png\",\"datePublished\":\"2020-05-14T16:04:54+00:00\",\"dateModified\":\"2025-10-01T17:33:22+00:00\",\"description\":\"Descubra os benef\u00edcios e as indica\u00e7\u00f5es da camisola de corre\u00e7\u00e3o postural da Medi modelo Posture plus force. Confira o pre\u00e7o e os tamanhos dispon\u00edveis!\",\"breadcrumb\":{\"@id\":\"https:\\\/\\\/www.maisquecuidar.com\\\/loja\\\/produtos-ortopedicos-ortoteses\\\/ortoteses-cabeca-pescoco-tronco\\\/camisola-correcao-postural-medi-posture-plus-force#breadcrumb\"},\"inLanguage\":\"pt-PT\",\"potentialAction\":[{\"@type\":\"ReadAction\",\"target\":[\"https:\\\/\\\/www.maisquecuidar.com\\\/loja\\\/produtos-ortopedicos-ortoteses\\\/ortoteses-cabeca-pescoco-tronco\\\/camisola-correcao-postural-medi-posture-plus-force\"]}]},{\"@type\":\"ImageObject\",\"inLanguage\":\"pt-PT\",\"@id\":\"https:\\\/\\\/www.maisquecuidar.com\\\/loja\\\/produtos-ortopedicos-ortoteses\\\/ortoteses-cabeca-pescoco-tronco\\\/camisola-correcao-postural-medi-posture-plus-force#primaryimage\",\"url\":\"https:\\\/\\\/img.maisquecuidar.com\\\/loja\\\/wp-content\\\/uploads\\\/2020\\\/05\\\/camisola-correcao-postural.png\",\"contentUrl\":\"https:\\\/\\\/img.maisquecuidar.com\\\/loja\\\/wp-content\\\/uploads\\\/2020\\\/05\\\/camisola-correcao-postural.png\",\"width\":1280,\"height\":800,\"caption\":\"Camisola de corre\u00e7\u00e3o postural Medi posture plus force\"},{\"@type\":\"BreadcrumbList\",\"@id\":\"https:\\\/\\\/www.maisquecuidar.com\\\/loja\\\/produtos-ortopedicos-ortoteses\\\/ortoteses-cabeca-pescoco-tronco\\\/camisola-correcao-postural-medi-posture-plus-force#breadcrumb\",\"itemListElement\":[{\"@type\":\"ListItem\",\"position\":1,\"name\":\"Home\",\"item\":\"https:\\\/\\\/www.maisquecuidar.com\\\/loja\\\/\"},{\"@type\":\"ListItem\",\"position\":2,\"name\":\"Loja Online de Ortopedia e Geriatria em Portugal\",\"item\":\"https:\\\/\\\/www.maisquecuidar.com\\\/loja\\\/loja\"},{\"@type\":\"ListItem\",\"position\":3,\"name\":\"Produtos Ortop\u00e9dicos - Ort\u00f3teses\",\"item\":\"https:\\\/\\\/www.maisquecuidar.com\\\/loja\\\/produtos-ortopedicos-ortoteses\"},{\"@type\":\"ListItem\",\"position\":4,\"name\":\"Ort\u00f3teses Cabe\u00e7a, Pesco\u00e7o e Tronco\",\"item\":\"https:\\\/\\\/www.maisquecuidar.com\\\/loja\\\/produtos-ortopedicos-ortoteses\\\/ortoteses-cabeca-pescoco-tronco\"},{\"@type\":\"ListItem\",\"position\":5,\"name\":\"Camisola de corre\u00e7\u00e3o postural &#8211; Medi Posture plus force\"}]},{\"@type\":\"WebSite\",\"@id\":\"https:\\\/\\\/www.maisquecuidar.com\\\/loja\\\/#website\",\"url\":\"https:\\\/\\\/www.maisquecuidar.com\\\/loja\\\/\",\"name\":\"Mais que Cuidar\",\"description\":\"Sa\u00fade, Ortopedia e Geriatria\",\"publisher\":{\"@id\":\"https:\\\/\\\/www.maisquecuidar.com\\\/loja\\\/#organization\"},\"potentialAction\":[{\"@type\":\"SearchAction\",\"target\":{\"@type\":\"EntryPoint\",\"urlTemplate\":\"https:\\\/\\\/www.maisquecuidar.com\\\/loja\\\/?s={search_term_string}\"},\"query-input\":{\"@type\":\"PropertyValueSpecification\",\"valueRequired\":true,\"valueName\":\"search_term_string\"}}],\"inLanguage\":\"pt-PT\"},{\"@type\":\"Organization\",\"@id\":\"https:\\\/\\\/www.maisquecuidar.com\\\/loja\\\/#organization\",\"name\":\"Mais Que Cuidar\",\"url\":\"https:\\\/\\\/www.maisquecuidar.com\\\/loja\\\/\",\"logo\":{\"@type\":\"ImageObject\",\"inLanguage\":\"pt-PT\",\"@id\":\"https:\\\/\\\/www.maisquecuidar.com\\\/loja\\\/#\\\/schema\\\/logo\\\/image\\\/\",\"url\":\"https:\\\/\\\/img.maisquecuidar.com\\\/loja\\\/wp-content\\\/uploads\\\/2019\\\/08\\\/logo-mais-que-cuidar-retina.png\",\"contentUrl\":\"https:\\\/\\\/img.maisquecuidar.com\\\/loja\\\/wp-content\\\/uploads\\\/2019\\\/08\\\/logo-mais-que-cuidar-retina.png\",\"width\":565,\"height\":75,\"caption\":\"Mais Que Cuidar\"},\"image\":{\"@id\":\"https:\\\/\\\/www.maisquecuidar.com\\\/loja\\\/#\\\/schema\\\/logo\\\/image\\\/\"},\"sameAs\":[\"https:\\\/\\\/www.facebook.com\\\/maisquecuidar.pt\",\"https:\\\/\\\/www.instagram.com\\\/maisquecuidar\"]}]}<\/script>\n<!-- \/ Yoast SEO plugin. -->","yoast_head_json":{"title":"Camisola de corre\u00e7\u00e3o postural - Medi Posture plus force - Mais que Cuidar","description":"Descubra os benef\u00edcios e as indica\u00e7\u00f5es da camisola de corre\u00e7\u00e3o postural da Medi modelo Posture plus force. Confira o pre\u00e7o e os tamanhos dispon\u00edveis!","robots":{"index":"index","follow":"follow","max-snippet":"max-snippet:-1","max-image-preview":"max-image-preview:large","max-video-preview":"max-video-preview:-1"},"canonical":"https:\/\/www.maisquecuidar.com\/loja\/produtos-ortopedicos-ortoteses\/ortoteses-cabeca-pescoco-tronco\/camisola-correcao-postural-medi-posture-plus-force","og_locale":"pt_PT","og_type":"article","og_title":"Camisola de corre\u00e7\u00e3o postural - Medi Posture plus force - Mais que Cuidar","og_description":"Descubra os benef\u00edcios e as indica\u00e7\u00f5es da camisola de corre\u00e7\u00e3o postural da Medi modelo Posture plus force. Confira o pre\u00e7o e os tamanhos dispon\u00edveis!","og_url":"https:\/\/www.maisquecuidar.com\/loja\/produtos-ortopedicos-ortoteses\/ortoteses-cabeca-pescoco-tronco\/camisola-correcao-postural-medi-posture-plus-force","og_site_name":"Mais que Cuidar","article_publisher":"https:\/\/www.facebook.com\/maisquecuidar.pt","article_modified_time":"2025-10-01T17:33:22+00:00","og_image":[{"width":1280,"height":800,"url":"https:\/\/img.maisquecuidar.com\/loja\/wp-content\/uploads\/2020\/05\/camisola-correcao-postural.png","type":"image\/png"}],"twitter_misc":{"Tempo estimado de leitura":"2 minutos"},"schema":{"@context":"https:\/\/schema.org","@graph":[{"@type":"WebPage","@id":"https:\/\/www.maisquecuidar.com\/loja\/produtos-ortopedicos-ortoteses\/ortoteses-cabeca-pescoco-tronco\/camisola-correcao-postural-medi-posture-plus-force","url":"https:\/\/www.maisquecuidar.com\/loja\/produtos-ortopedicos-ortoteses\/ortoteses-cabeca-pescoco-tronco\/camisola-correcao-postural-medi-posture-plus-force","name":"Camisola de corre\u00e7\u00e3o postural - Medi Posture plus force - Mais que Cuidar","isPartOf":{"@id":"https:\/\/www.maisquecuidar.com\/loja\/#website"},"primaryImageOfPage":{"@id":"https:\/\/www.maisquecuidar.com\/loja\/produtos-ortopedicos-ortoteses\/ortoteses-cabeca-pescoco-tronco\/camisola-correcao-postural-medi-posture-plus-force#primaryimage"},"image":{"@id":"https:\/\/www.maisquecuidar.com\/loja\/produtos-ortopedicos-ortoteses\/ortoteses-cabeca-pescoco-tronco\/camisola-correcao-postural-medi-posture-plus-force#primaryimage"},"thumbnailUrl":"https:\/\/img.maisquecuidar.com\/loja\/wp-content\/uploads\/2020\/05\/camisola-correcao-postural.png","datePublished":"2020-05-14T16:04:54+00:00","dateModified":"2025-10-01T17:33:22+00:00","description":"Descubra os benef\u00edcios e as indica\u00e7\u00f5es da camisola de corre\u00e7\u00e3o postural da Medi modelo Posture plus force. Confira o pre\u00e7o e os tamanhos dispon\u00edveis!","breadcrumb":{"@id":"https:\/\/www.maisquecuidar.com\/loja\/produtos-ortopedicos-ortoteses\/ortoteses-cabeca-pescoco-tronco\/camisola-correcao-postural-medi-posture-plus-force#breadcrumb"},"inLanguage":"pt-PT","potentialAction":[{"@type":"ReadAction","target":["https:\/\/www.maisquecuidar.com\/loja\/produtos-ortopedicos-ortoteses\/ortoteses-cabeca-pescoco-tronco\/camisola-correcao-postural-medi-posture-plus-force"]}]},{"@type":"ImageObject","inLanguage":"pt-PT","@id":"https:\/\/www.maisquecuidar.com\/loja\/produtos-ortopedicos-ortoteses\/ortoteses-cabeca-pescoco-tronco\/camisola-correcao-postural-medi-posture-plus-force#primaryimage","url":"https:\/\/img.maisquecuidar.com\/loja\/wp-content\/uploads\/2020\/05\/camisola-correcao-postural.png","contentUrl":"https:\/\/img.maisquecuidar.com\/loja\/wp-content\/uploads\/2020\/05\/camisola-correcao-postural.png","width":1280,"height":800,"caption":"Camisola de corre\u00e7\u00e3o postural Medi posture plus force"},{"@type":"BreadcrumbList","@id":"https:\/\/www.maisquecuidar.com\/loja\/produtos-ortopedicos-ortoteses\/ortoteses-cabeca-pescoco-tronco\/camisola-correcao-postural-medi-posture-plus-force#breadcrumb","itemListElement":[{"@type":"ListItem","position":1,"name":"Home","item":"https:\/\/www.maisquecuidar.com\/loja\/"},{"@type":"ListItem","position":2,"name":"Loja Online de Ortopedia e Geriatria em Portugal","item":"https:\/\/www.maisquecuidar.com\/loja\/loja"},{"@type":"ListItem","position":3,"name":"Produtos Ortop\u00e9dicos - Ort\u00f3teses","item":"https:\/\/www.maisquecuidar.com\/loja\/produtos-ortopedicos-ortoteses"},{"@type":"ListItem","position":4,"name":"Ort\u00f3teses Cabe\u00e7a, Pesco\u00e7o e Tronco","item":"https:\/\/www.maisquecuidar.com\/loja\/produtos-ortopedicos-ortoteses\/ortoteses-cabeca-pescoco-tronco"},{"@type":"ListItem","position":5,"name":"Camisola de corre\u00e7\u00e3o postural &#8211; Medi Posture plus force"}]},{"@type":"WebSite","@id":"https:\/\/www.maisquecuidar.com\/loja\/#website","url":"https:\/\/www.maisquecuidar.com\/loja\/","name":"Mais que Cuidar","description":"Sa\u00fade, Ortopedia e Geriatria","publisher":{"@id":"https:\/\/www.maisquecuidar.com\/loja\/#organization"},"potentialAction":[{"@type":"SearchAction","target":{"@type":"EntryPoint","urlTemplate":"https:\/\/www.maisquecuidar.com\/loja\/?s={search_term_string}"},"query-input":{"@type":"PropertyValueSpecification","valueRequired":true,"valueName":"search_term_string"}}],"inLanguage":"pt-PT"},{"@type":"Organization","@id":"https:\/\/www.maisquecuidar.com\/loja\/#organization","name":"Mais Que Cuidar","url":"https:\/\/www.maisquecuidar.com\/loja\/","logo":{"@type":"ImageObject","inLanguage":"pt-PT","@id":"https:\/\/www.maisquecuidar.com\/loja\/#\/schema\/logo\/image\/","url":"https:\/\/img.maisquecuidar.com\/loja\/wp-content\/uploads\/2019\/08\/logo-mais-que-cuidar-retina.png","contentUrl":"https:\/\/img.maisquecuidar.com\/loja\/wp-content\/uploads\/2019\/08\/logo-mais-que-cuidar-retina.png","width":565,"height":75,"caption":"Mais Que Cuidar"},"image":{"@id":"https:\/\/www.maisquecuidar.com\/loja\/#\/schema\/logo\/image\/"},"sameAs":["https:\/\/www.facebook.com\/maisquecuidar.pt","https:\/\/www.instagram.com\/maisquecuidar"]}]}},"_links":{"self":[{"href":"https:\/\/www.maisquecuidar.com\/loja\/wp-json\/wp\/v2\/product\/13944","targetHints":{"allow":["GET"]}}],"collection":[{"href":"https:\/\/www.maisquecuidar.com\/loja\/wp-json\/wp\/v2\/product"}],"about":[{"href":"https:\/\/www.maisquecuidar.com\/loja\/wp-json\/wp\/v2\/types\/product"}],"wp:featuredmedia":[{"embeddable":true,"href":"https:\/\/www.maisquecuidar.com\/loja\/wp-json\/wp\/v2\/media\/13945"}],"wp:attachment":[{"href":"https:\/\/www.maisquecuidar.com\/loja\/wp-json\/wp\/v2\/media?parent=13944"}],"wp:term":[{"taxonomy":"product_brand","embeddable":true,"href":"https:\/\/www.maisquecuidar.com\/loja\/wp-json\/wp\/v2\/product_brand?post=13944"},{"taxonomy":"product_cat","embeddable":true,"href":"https:\/\/www.maisquecuidar.com\/loja\/wp-json\/wp\/v2\/product_cat?post=13944"},{"taxonomy":"product_tag","embeddable":true,"href":"https:\/\/www.maisquecuidar.com\/loja\/wp-json\/wp\/v2\/product_tag?post=13944"}],"curies":[{"name":"wp","href":"https:\/\/api.w.org\/{rel}","templated":true}]}}