{"id":13933,"date":"2020-05-11T23:34:16","date_gmt":"2020-05-11T22:34:16","guid":{"rendered":"https:\/\/www.maisquecuidar.com\/loja\/?post_type=product&#038;p=13933"},"modified":"2025-10-01T18:32:31","modified_gmt":"2025-10-01T17:32:31","slug":"colete-para-coluna-dorsolombar","status":"publish","type":"product","link":"https:\/\/www.maisquecuidar.com\/loja\/produtos-ortopedicos-ortoteses\/ortoteses-cabeca-pescoco-tronco\/colete-para-coluna-dorsolombar","title":{"rendered":"Colete para coluna dorsolombar Orliman"},"content":{"rendered":"<p>O colete para coluna dorsolombar da Orliman \u00e9 fabricado com materiais respir\u00e1veis para <strong>uma adequada estabiliza\u00e7\u00e3o e corre\u00e7\u00e3o da postura.<\/strong> A componente posterior \u00e9 composta por uma base t\u00eaxtil r\u00edgida e uma placa de alum\u00ednio regul\u00e1vel em altura. Adapta-se \u00e0s curvaturas do tronco de forma personalizada, gra\u00e7as \u00e0 sua caracter\u00edstica mold\u00e1vel e <strong>controla devidamente o alinhamento da coluna vertebral<\/strong>.<\/p>\n<p>A zona anterior disp\u00f5e de elementos semi-r\u00edgidos para aumentar a press\u00e3o intra-abdominal e proporcionar uma base est\u00e1vel para a corre\u00e7\u00e3o postural.<\/p>\n<p>Ambos os componentes, posterior e anterior, est\u00e3o conectados por um sistema de tirantes que, uma vez ajustados, <strong>permitem uma diminui\u00e7\u00e3o da curvatura cif\u00f3tica caracter\u00edstica do doente com osteoporose, <\/strong>dai a sua designa\u00e7\u00e3o comercial tamb\u00e9m ser de &#8220;ort\u00f3tese dorsolombar para osteoporose&#8221;.<\/p>\n<h3>Indica\u00e7\u00f5es do colete para coluna dorsolombar<\/h3>\n<ul>\n<li>Osteoporose<\/li>\n<li>Debilidade muscular<\/li>\n<li>Cifose juvenil de Scheurmann<\/li>\n<li>Cifoses dolorosas<\/li>\n<li>Desalinhamentos vertebrais<\/li>\n<li>Reabilita\u00e7\u00e3o postural<\/li>\n<li>Fratura osteopor\u00f3tica est\u00e1vel.<\/li>\n<\/ul>\n<h3>Benef\u00edcios deste colete ortop\u00e9dico:<\/h3>\n<ul>\n<li>Corre\u00e7\u00e3o da curva cif\u00f3tica<\/li>\n<li>Estabiliza\u00e7\u00e3o da coluna vertebral<\/li>\n<li>Restri\u00e7\u00e3o de movimentos que podem ser prejudiciais \u00e0 integridade das v\u00e9rtebras<\/li>\n<li>Melhoria da mobilidade funcional, aumentando a independ\u00eancia do utilizador<\/li>\n<li>Melhoria do equil\u00edbrio din\u00e2mico, prevenindo quedas<\/li>\n<li>Permite a atividade muscular<\/li>\n<li>Aumento da press\u00e3o intra-abdominal<\/li>\n<li>Redu\u00e7\u00e3o da dor, aumentando a qualidade de vida<\/li>\n<\/ul>\n<p>&nbsp;<\/p>\n","protected":false},"excerpt":{"rendered":"<p>Colete ortop\u00e9dico para uma adequada estabiliza\u00e7\u00e3o e corre\u00e7\u00e3o da postura corporal.<\/p>\n","protected":false},"featured_media":13939,"template":"","meta":{"_acf_changed":false,"neve_meta_sidebar":"","neve_meta_container":"","neve_meta_enable_content_width":"","neve_meta_content_width":0,"neve_meta_title_alignment":"","neve_meta_author_avatar":"","neve_post_elements_order":"","neve_meta_disable_header":"","neve_meta_disable_footer":"","neve_meta_disable_title":""},"product_brand":[],"product_cat":[682],"product_tag":[],"class_list":{"0":"post-13933","1":"product","2":"type-product","3":"status-publish","4":"has-post-thumbnail","6":"product_cat-ortoteses-cabeca-pescoco-tronco","8":"first","9":"onbackorder","10":"taxable","11":"shipping-taxable","12":"purchasable","13":"product-type-simple"},"acf":[],"yoast_head":"<!-- This site is optimized with the Yoast SEO plugin v27.4 - https:\/\/yoast.com\/product\/yoast-seo-wordpress\/ -->\n<title>Colete para coluna dorsolombar Orliman<\/title>\n<meta name=\"description\" content=\"Conhe\u00e7a o colete para coluna dorsolombar da Orliman muito utilizado em situa\u00e7\u00f5es de osteoporose. Proporciona estabiliza\u00e7\u00e3o e corre\u00e7\u00e3o da postura. Confira!\" \/>\n<meta name=\"robots\" content=\"index, follow, max-snippet:-1, max-image-preview:large, max-video-preview:-1\" \/>\n<link rel=\"canonical\" href=\"https:\/\/www.maisquecuidar.com\/loja\/produtos-ortopedicos-ortoteses\/ortoteses-cabeca-pescoco-tronco\/colete-para-coluna-dorsolombar\" \/>\n<meta property=\"og:locale\" content=\"pt_PT\" \/>\n<meta property=\"og:type\" content=\"article\" \/>\n<meta property=\"og:title\" content=\"Colete para coluna dorsolombar Orliman\" \/>\n<meta property=\"og:description\" content=\"Conhe\u00e7a o colete para coluna dorsolombar da Orliman muito utilizado em situa\u00e7\u00f5es de osteoporose. Proporciona estabiliza\u00e7\u00e3o e corre\u00e7\u00e3o da postura. Confira!\" \/>\n<meta property=\"og:url\" content=\"https:\/\/www.maisquecuidar.com\/loja\/produtos-ortopedicos-ortoteses\/ortoteses-cabeca-pescoco-tronco\/colete-para-coluna-dorsolombar\" \/>\n<meta property=\"og:site_name\" content=\"Mais que Cuidar\" \/>\n<meta property=\"article:publisher\" content=\"https:\/\/www.facebook.com\/maisquecuidar.pt\" \/>\n<meta property=\"article:modified_time\" content=\"2025-10-01T17:32:31+00:00\" \/>\n<meta property=\"og:image\" content=\"https:\/\/img.maisquecuidar.com\/loja\/wp-content\/uploads\/2020\/05\/colete-coluna-dorsolombar.jpg\" \/>\n\t<meta property=\"og:image:width\" content=\"1280\" \/>\n\t<meta property=\"og:image:height\" content=\"800\" \/>\n\t<meta property=\"og:image:type\" content=\"image\/jpeg\" \/>\n<meta name=\"twitter:label1\" content=\"Tempo estimado de leitura\" \/>\n\t<meta name=\"twitter:data1\" content=\"1 minuto\" \/>\n<script type=\"application\/ld+json\" class=\"yoast-schema-graph\">{\"@context\":\"https:\\\/\\\/schema.org\",\"@graph\":[{\"@type\":\"WebPage\",\"@id\":\"https:\\\/\\\/www.maisquecuidar.com\\\/loja\\\/produtos-ortopedicos-ortoteses\\\/ortoteses-cabeca-pescoco-tronco\\\/colete-para-coluna-dorsolombar\",\"url\":\"https:\\\/\\\/www.maisquecuidar.com\\\/loja\\\/produtos-ortopedicos-ortoteses\\\/ortoteses-cabeca-pescoco-tronco\\\/colete-para-coluna-dorsolombar\",\"name\":\"Colete para coluna dorsolombar Orliman\",\"isPartOf\":{\"@id\":\"https:\\\/\\\/www.maisquecuidar.com\\\/loja\\\/#website\"},\"primaryImageOfPage\":{\"@id\":\"https:\\\/\\\/www.maisquecuidar.com\\\/loja\\\/produtos-ortopedicos-ortoteses\\\/ortoteses-cabeca-pescoco-tronco\\\/colete-para-coluna-dorsolombar#primaryimage\"},\"image\":{\"@id\":\"https:\\\/\\\/www.maisquecuidar.com\\\/loja\\\/produtos-ortopedicos-ortoteses\\\/ortoteses-cabeca-pescoco-tronco\\\/colete-para-coluna-dorsolombar#primaryimage\"},\"thumbnailUrl\":\"https:\\\/\\\/img.maisquecuidar.com\\\/loja\\\/wp-content\\\/uploads\\\/2020\\\/05\\\/colete-coluna-dorsolombar.jpg\",\"datePublished\":\"2020-05-11T22:34:16+00:00\",\"dateModified\":\"2025-10-01T17:32:31+00:00\",\"description\":\"Conhe\u00e7a o colete para coluna dorsolombar da Orliman muito utilizado em situa\u00e7\u00f5es de osteoporose. Proporciona estabiliza\u00e7\u00e3o e corre\u00e7\u00e3o da postura. Confira!\",\"breadcrumb\":{\"@id\":\"https:\\\/\\\/www.maisquecuidar.com\\\/loja\\\/produtos-ortopedicos-ortoteses\\\/ortoteses-cabeca-pescoco-tronco\\\/colete-para-coluna-dorsolombar#breadcrumb\"},\"inLanguage\":\"pt-PT\",\"potentialAction\":[{\"@type\":\"ReadAction\",\"target\":[\"https:\\\/\\\/www.maisquecuidar.com\\\/loja\\\/produtos-ortopedicos-ortoteses\\\/ortoteses-cabeca-pescoco-tronco\\\/colete-para-coluna-dorsolombar\"]}]},{\"@type\":\"ImageObject\",\"inLanguage\":\"pt-PT\",\"@id\":\"https:\\\/\\\/www.maisquecuidar.com\\\/loja\\\/produtos-ortopedicos-ortoteses\\\/ortoteses-cabeca-pescoco-tronco\\\/colete-para-coluna-dorsolombar#primaryimage\",\"url\":\"https:\\\/\\\/img.maisquecuidar.com\\\/loja\\\/wp-content\\\/uploads\\\/2020\\\/05\\\/colete-coluna-dorsolombar.jpg\",\"contentUrl\":\"https:\\\/\\\/img.maisquecuidar.com\\\/loja\\\/wp-content\\\/uploads\\\/2020\\\/05\\\/colete-coluna-dorsolombar.jpg\",\"width\":1280,\"height\":800,\"caption\":\"Colete para coluna dorsolombar da Orliman\"},{\"@type\":\"BreadcrumbList\",\"@id\":\"https:\\\/\\\/www.maisquecuidar.com\\\/loja\\\/produtos-ortopedicos-ortoteses\\\/ortoteses-cabeca-pescoco-tronco\\\/colete-para-coluna-dorsolombar#breadcrumb\",\"itemListElement\":[{\"@type\":\"ListItem\",\"position\":1,\"name\":\"Home\",\"item\":\"https:\\\/\\\/www.maisquecuidar.com\\\/loja\\\/\"},{\"@type\":\"ListItem\",\"position\":2,\"name\":\"Loja Online de Ortopedia e Geriatria em Portugal\",\"item\":\"https:\\\/\\\/www.maisquecuidar.com\\\/loja\\\/loja\"},{\"@type\":\"ListItem\",\"position\":3,\"name\":\"Produtos Ortop\u00e9dicos - Ort\u00f3teses\",\"item\":\"https:\\\/\\\/www.maisquecuidar.com\\\/loja\\\/produtos-ortopedicos-ortoteses\"},{\"@type\":\"ListItem\",\"position\":4,\"name\":\"Ort\u00f3teses Cabe\u00e7a, Pesco\u00e7o e Tronco\",\"item\":\"https:\\\/\\\/www.maisquecuidar.com\\\/loja\\\/produtos-ortopedicos-ortoteses\\\/ortoteses-cabeca-pescoco-tronco\"},{\"@type\":\"ListItem\",\"position\":5,\"name\":\"Colete para coluna dorsolombar Orliman\"}]},{\"@type\":\"WebSite\",\"@id\":\"https:\\\/\\\/www.maisquecuidar.com\\\/loja\\\/#website\",\"url\":\"https:\\\/\\\/www.maisquecuidar.com\\\/loja\\\/\",\"name\":\"Mais que Cuidar\",\"description\":\"Sa\u00fade, Ortopedia e Geriatria\",\"publisher\":{\"@id\":\"https:\\\/\\\/www.maisquecuidar.com\\\/loja\\\/#organization\"},\"potentialAction\":[{\"@type\":\"SearchAction\",\"target\":{\"@type\":\"EntryPoint\",\"urlTemplate\":\"https:\\\/\\\/www.maisquecuidar.com\\\/loja\\\/?s={search_term_string}\"},\"query-input\":{\"@type\":\"PropertyValueSpecification\",\"valueRequired\":true,\"valueName\":\"search_term_string\"}}],\"inLanguage\":\"pt-PT\"},{\"@type\":\"Organization\",\"@id\":\"https:\\\/\\\/www.maisquecuidar.com\\\/loja\\\/#organization\",\"name\":\"Mais Que Cuidar\",\"url\":\"https:\\\/\\\/www.maisquecuidar.com\\\/loja\\\/\",\"logo\":{\"@type\":\"ImageObject\",\"inLanguage\":\"pt-PT\",\"@id\":\"https:\\\/\\\/www.maisquecuidar.com\\\/loja\\\/#\\\/schema\\\/logo\\\/image\\\/\",\"url\":\"https:\\\/\\\/img.maisquecuidar.com\\\/loja\\\/wp-content\\\/uploads\\\/2019\\\/08\\\/logo-mais-que-cuidar-retina.png\",\"contentUrl\":\"https:\\\/\\\/img.maisquecuidar.com\\\/loja\\\/wp-content\\\/uploads\\\/2019\\\/08\\\/logo-mais-que-cuidar-retina.png\",\"width\":565,\"height\":75,\"caption\":\"Mais Que Cuidar\"},\"image\":{\"@id\":\"https:\\\/\\\/www.maisquecuidar.com\\\/loja\\\/#\\\/schema\\\/logo\\\/image\\\/\"},\"sameAs\":[\"https:\\\/\\\/www.facebook.com\\\/maisquecuidar.pt\",\"https:\\\/\\\/www.instagram.com\\\/maisquecuidar\"]}]}<\/script>\n<!-- \/ Yoast SEO plugin. -->","yoast_head_json":{"title":"Colete para coluna dorsolombar Orliman","description":"Conhe\u00e7a o colete para coluna dorsolombar da Orliman muito utilizado em situa\u00e7\u00f5es de osteoporose. Proporciona estabiliza\u00e7\u00e3o e corre\u00e7\u00e3o da postura. Confira!","robots":{"index":"index","follow":"follow","max-snippet":"max-snippet:-1","max-image-preview":"max-image-preview:large","max-video-preview":"max-video-preview:-1"},"canonical":"https:\/\/www.maisquecuidar.com\/loja\/produtos-ortopedicos-ortoteses\/ortoteses-cabeca-pescoco-tronco\/colete-para-coluna-dorsolombar","og_locale":"pt_PT","og_type":"article","og_title":"Colete para coluna dorsolombar Orliman","og_description":"Conhe\u00e7a o colete para coluna dorsolombar da Orliman muito utilizado em situa\u00e7\u00f5es de osteoporose. Proporciona estabiliza\u00e7\u00e3o e corre\u00e7\u00e3o da postura. Confira!","og_url":"https:\/\/www.maisquecuidar.com\/loja\/produtos-ortopedicos-ortoteses\/ortoteses-cabeca-pescoco-tronco\/colete-para-coluna-dorsolombar","og_site_name":"Mais que Cuidar","article_publisher":"https:\/\/www.facebook.com\/maisquecuidar.pt","article_modified_time":"2025-10-01T17:32:31+00:00","og_image":[{"width":1280,"height":800,"url":"https:\/\/img.maisquecuidar.com\/loja\/wp-content\/uploads\/2020\/05\/colete-coluna-dorsolombar.jpg","type":"image\/jpeg"}],"twitter_misc":{"Tempo estimado de leitura":"1 minuto"},"schema":{"@context":"https:\/\/schema.org","@graph":[{"@type":"WebPage","@id":"https:\/\/www.maisquecuidar.com\/loja\/produtos-ortopedicos-ortoteses\/ortoteses-cabeca-pescoco-tronco\/colete-para-coluna-dorsolombar","url":"https:\/\/www.maisquecuidar.com\/loja\/produtos-ortopedicos-ortoteses\/ortoteses-cabeca-pescoco-tronco\/colete-para-coluna-dorsolombar","name":"Colete para coluna dorsolombar Orliman","isPartOf":{"@id":"https:\/\/www.maisquecuidar.com\/loja\/#website"},"primaryImageOfPage":{"@id":"https:\/\/www.maisquecuidar.com\/loja\/produtos-ortopedicos-ortoteses\/ortoteses-cabeca-pescoco-tronco\/colete-para-coluna-dorsolombar#primaryimage"},"image":{"@id":"https:\/\/www.maisquecuidar.com\/loja\/produtos-ortopedicos-ortoteses\/ortoteses-cabeca-pescoco-tronco\/colete-para-coluna-dorsolombar#primaryimage"},"thumbnailUrl":"https:\/\/img.maisquecuidar.com\/loja\/wp-content\/uploads\/2020\/05\/colete-coluna-dorsolombar.jpg","datePublished":"2020-05-11T22:34:16+00:00","dateModified":"2025-10-01T17:32:31+00:00","description":"Conhe\u00e7a o colete para coluna dorsolombar da Orliman muito utilizado em situa\u00e7\u00f5es de osteoporose. Proporciona estabiliza\u00e7\u00e3o e corre\u00e7\u00e3o da postura. Confira!","breadcrumb":{"@id":"https:\/\/www.maisquecuidar.com\/loja\/produtos-ortopedicos-ortoteses\/ortoteses-cabeca-pescoco-tronco\/colete-para-coluna-dorsolombar#breadcrumb"},"inLanguage":"pt-PT","potentialAction":[{"@type":"ReadAction","target":["https:\/\/www.maisquecuidar.com\/loja\/produtos-ortopedicos-ortoteses\/ortoteses-cabeca-pescoco-tronco\/colete-para-coluna-dorsolombar"]}]},{"@type":"ImageObject","inLanguage":"pt-PT","@id":"https:\/\/www.maisquecuidar.com\/loja\/produtos-ortopedicos-ortoteses\/ortoteses-cabeca-pescoco-tronco\/colete-para-coluna-dorsolombar#primaryimage","url":"https:\/\/img.maisquecuidar.com\/loja\/wp-content\/uploads\/2020\/05\/colete-coluna-dorsolombar.jpg","contentUrl":"https:\/\/img.maisquecuidar.com\/loja\/wp-content\/uploads\/2020\/05\/colete-coluna-dorsolombar.jpg","width":1280,"height":800,"caption":"Colete para coluna dorsolombar da Orliman"},{"@type":"BreadcrumbList","@id":"https:\/\/www.maisquecuidar.com\/loja\/produtos-ortopedicos-ortoteses\/ortoteses-cabeca-pescoco-tronco\/colete-para-coluna-dorsolombar#breadcrumb","itemListElement":[{"@type":"ListItem","position":1,"name":"Home","item":"https:\/\/www.maisquecuidar.com\/loja\/"},{"@type":"ListItem","position":2,"name":"Loja Online de Ortopedia e Geriatria em Portugal","item":"https:\/\/www.maisquecuidar.com\/loja\/loja"},{"@type":"ListItem","position":3,"name":"Produtos Ortop\u00e9dicos - Ort\u00f3teses","item":"https:\/\/www.maisquecuidar.com\/loja\/produtos-ortopedicos-ortoteses"},{"@type":"ListItem","position":4,"name":"Ort\u00f3teses Cabe\u00e7a, Pesco\u00e7o e Tronco","item":"https:\/\/www.maisquecuidar.com\/loja\/produtos-ortopedicos-ortoteses\/ortoteses-cabeca-pescoco-tronco"},{"@type":"ListItem","position":5,"name":"Colete para coluna dorsolombar Orliman"}]},{"@type":"WebSite","@id":"https:\/\/www.maisquecuidar.com\/loja\/#website","url":"https:\/\/www.maisquecuidar.com\/loja\/","name":"Mais que Cuidar","description":"Sa\u00fade, Ortopedia e Geriatria","publisher":{"@id":"https:\/\/www.maisquecuidar.com\/loja\/#organization"},"potentialAction":[{"@type":"SearchAction","target":{"@type":"EntryPoint","urlTemplate":"https:\/\/www.maisquecuidar.com\/loja\/?s={search_term_string}"},"query-input":{"@type":"PropertyValueSpecification","valueRequired":true,"valueName":"search_term_string"}}],"inLanguage":"pt-PT"},{"@type":"Organization","@id":"https:\/\/www.maisquecuidar.com\/loja\/#organization","name":"Mais Que Cuidar","url":"https:\/\/www.maisquecuidar.com\/loja\/","logo":{"@type":"ImageObject","inLanguage":"pt-PT","@id":"https:\/\/www.maisquecuidar.com\/loja\/#\/schema\/logo\/image\/","url":"https:\/\/img.maisquecuidar.com\/loja\/wp-content\/uploads\/2019\/08\/logo-mais-que-cuidar-retina.png","contentUrl":"https:\/\/img.maisquecuidar.com\/loja\/wp-content\/uploads\/2019\/08\/logo-mais-que-cuidar-retina.png","width":565,"height":75,"caption":"Mais Que Cuidar"},"image":{"@id":"https:\/\/www.maisquecuidar.com\/loja\/#\/schema\/logo\/image\/"},"sameAs":["https:\/\/www.facebook.com\/maisquecuidar.pt","https:\/\/www.instagram.com\/maisquecuidar"]}]}},"_links":{"self":[{"href":"https:\/\/www.maisquecuidar.com\/loja\/wp-json\/wp\/v2\/product\/13933","targetHints":{"allow":["GET"]}}],"collection":[{"href":"https:\/\/www.maisquecuidar.com\/loja\/wp-json\/wp\/v2\/product"}],"about":[{"href":"https:\/\/www.maisquecuidar.com\/loja\/wp-json\/wp\/v2\/types\/product"}],"wp:featuredmedia":[{"embeddable":true,"href":"https:\/\/www.maisquecuidar.com\/loja\/wp-json\/wp\/v2\/media\/13939"}],"wp:attachment":[{"href":"https:\/\/www.maisquecuidar.com\/loja\/wp-json\/wp\/v2\/media?parent=13933"}],"wp:term":[{"taxonomy":"product_brand","embeddable":true,"href":"https:\/\/www.maisquecuidar.com\/loja\/wp-json\/wp\/v2\/product_brand?post=13933"},{"taxonomy":"product_cat","embeddable":true,"href":"https:\/\/www.maisquecuidar.com\/loja\/wp-json\/wp\/v2\/product_cat?post=13933"},{"taxonomy":"product_tag","embeddable":true,"href":"https:\/\/www.maisquecuidar.com\/loja\/wp-json\/wp\/v2\/product_tag?post=13933"}],"curies":[{"name":"wp","href":"https:\/\/api.w.org\/{rel}","templated":true}]}}