{"id":13920,"date":"2020-05-11T17:30:07","date_gmt":"2020-05-11T16:30:07","guid":{"rendered":"https:\/\/www.maisquecuidar.com\/loja\/?post_type=product&#038;p=13920"},"modified":"2025-10-01T18:33:13","modified_gmt":"2025-10-01T17:33:13","slug":"colete-coluna-rigido-estabilizacao-dorso-lombar","status":"publish","type":"product","link":"https:\/\/www.maisquecuidar.com\/loja\/produtos-ortopedicos-ortoteses\/ortoteses-cabeca-pescoco-tronco\/colete-coluna-rigido-estabilizacao-dorso-lombar","title":{"rendered":"Colete para coluna r\u00edgido para estabiliza\u00e7\u00e3o dorso lombar"},"content":{"rendered":"<p>O colete para coluna r\u00edgido \u00e9 fabricado num tecido forte (zona exterior) e tecido macio (zona interior), com placas termo-mold\u00e1veis dorso-lombar e abdominal e correias para regula\u00e7\u00e3o e fixa\u00e7\u00e3o.<\/p>\n<p>&nbsp;<\/p>\n<h3>Indica\u00e7\u00f5es terap\u00eauticas:<\/h3>\n<ul>\n<li>Osteoporose<\/li>\n<li>Cifoses<\/li>\n<li>H\u00e9rnias discais<\/li>\n<li>Espondilo-artrose<\/li>\n<li>Espondilolise com ou sem estabilidade<\/li>\n<li>Traumatismos da coluna<\/li>\n<li>Fraturas por compress\u00e3o ao n\u00edvel da coluna<\/li>\n<li>Doen\u00e7a degenerativa dos discos da coluna vertebral<\/li>\n<li>Fus\u00e3o p\u00f3s-cirurgica<\/li>\n<li>Doen\u00e7a cr\u00f3nica muscular<\/li>\n<\/ul>\n<p>&nbsp;<\/p>\n<h3>Benef\u00edcios<\/h3>\n<ul>\n<li>Mediante a placa dorso-lombar e a placa abdominal, produz-se uma compress\u00e3o antero posterior que <strong>permite aliviar a compress\u00e3o e a tens\u00e3o sobre os discos e ligamentos induzindo a corre\u00e7\u00e3o da hiperlordose<\/strong>.<\/li>\n<li>Conjuga as virtudes das cintas semi-r\u00edgidas e a <strong>contens\u00e3o<\/strong> dos coletes r\u00edgidos, eliminando os efeitos inc\u00f3modos destes ult\u00edmos.<\/li>\n<li>N\u00e3o \u00e9 necess\u00e1rio fazer moldes pr\u00e9vios e a sua coloca\u00e7\u00e3o \u00e9 muito f\u00e1cil, inclusive em p\u00f3s-cir\u00fargicos.<\/li>\n<\/ul>\n","protected":false},"excerpt":{"rendered":"<p>Colete Ortop\u00e9dico para Estabiliza\u00e7\u00e3o da Coluna<\/p>\n","protected":false},"featured_media":13943,"template":"","meta":{"_acf_changed":false,"neve_meta_sidebar":"","neve_meta_container":"","neve_meta_enable_content_width":"","neve_meta_content_width":0,"neve_meta_title_alignment":"","neve_meta_author_avatar":"","neve_post_elements_order":"","neve_meta_disable_header":"","neve_meta_disable_footer":"","neve_meta_disable_title":""},"product_brand":[],"product_cat":[682],"product_tag":[],"class_list":{"0":"post-13920","1":"product","2":"type-product","3":"status-publish","4":"has-post-thumbnail","6":"product_cat-ortoteses-cabeca-pescoco-tronco","8":"first","9":"onbackorder","10":"taxable","11":"shipping-taxable","12":"purchasable","13":"product-type-variable"},"acf":[],"yoast_head":"<!-- This site is optimized with the Yoast SEO plugin v27.4 - https:\/\/yoast.com\/product\/yoast-seo-wordpress\/ -->\n<title>Colete para coluna r\u00edgido para estabiliza\u00e7\u00e3o dorso lombar<\/title>\n<meta name=\"description\" content=\"Conhe\u00e7a o colete para coluna r\u00edgido para estabiliza\u00e7\u00e3o e limita\u00e7\u00e3o do segmento dorso-lombar. Confira os benef\u00edcios deste colete ortop\u00e9dico e o pre\u00e7o.\" \/>\n<meta name=\"robots\" content=\"index, follow, max-snippet:-1, max-image-preview:large, max-video-preview:-1\" \/>\n<link rel=\"canonical\" href=\"https:\/\/www.maisquecuidar.com\/loja\/produtos-ortopedicos-ortoteses\/ortoteses-cabeca-pescoco-tronco\/colete-coluna-rigido-estabilizacao-dorso-lombar\" \/>\n<meta property=\"og:locale\" content=\"pt_PT\" \/>\n<meta property=\"og:type\" content=\"article\" \/>\n<meta property=\"og:title\" content=\"Colete para coluna r\u00edgido para estabiliza\u00e7\u00e3o dorso lombar\" \/>\n<meta property=\"og:description\" content=\"Conhe\u00e7a o colete para coluna r\u00edgido para estabiliza\u00e7\u00e3o e limita\u00e7\u00e3o do segmento dorso-lombar. Confira os benef\u00edcios deste colete ortop\u00e9dico e o pre\u00e7o.\" \/>\n<meta property=\"og:url\" content=\"https:\/\/www.maisquecuidar.com\/loja\/produtos-ortopedicos-ortoteses\/ortoteses-cabeca-pescoco-tronco\/colete-coluna-rigido-estabilizacao-dorso-lombar\" \/>\n<meta property=\"og:site_name\" content=\"Mais que Cuidar\" \/>\n<meta property=\"article:publisher\" content=\"https:\/\/www.facebook.com\/maisquecuidar.pt\" \/>\n<meta property=\"article:modified_time\" content=\"2025-10-01T17:33:13+00:00\" \/>\n<meta property=\"og:image\" content=\"https:\/\/img.maisquecuidar.com\/loja\/wp-content\/uploads\/2020\/05\/colete-coluna-rigido-dorso-lombar-1.png\" \/>\n\t<meta property=\"og:image:width\" content=\"1280\" \/>\n\t<meta property=\"og:image:height\" content=\"800\" \/>\n\t<meta property=\"og:image:type\" content=\"image\/png\" \/>\n<meta name=\"twitter:label1\" content=\"Tempo estimado de leitura\" \/>\n\t<meta name=\"twitter:data1\" content=\"1 minuto\" \/>\n<script type=\"application\/ld+json\" class=\"yoast-schema-graph\">{\"@context\":\"https:\\\/\\\/schema.org\",\"@graph\":[{\"@type\":\"WebPage\",\"@id\":\"https:\\\/\\\/www.maisquecuidar.com\\\/loja\\\/produtos-ortopedicos-ortoteses\\\/ortoteses-cabeca-pescoco-tronco\\\/colete-coluna-rigido-estabilizacao-dorso-lombar\",\"url\":\"https:\\\/\\\/www.maisquecuidar.com\\\/loja\\\/produtos-ortopedicos-ortoteses\\\/ortoteses-cabeca-pescoco-tronco\\\/colete-coluna-rigido-estabilizacao-dorso-lombar\",\"name\":\"Colete para coluna r\u00edgido para estabiliza\u00e7\u00e3o dorso lombar\",\"isPartOf\":{\"@id\":\"https:\\\/\\\/www.maisquecuidar.com\\\/loja\\\/#website\"},\"primaryImageOfPage\":{\"@id\":\"https:\\\/\\\/www.maisquecuidar.com\\\/loja\\\/produtos-ortopedicos-ortoteses\\\/ortoteses-cabeca-pescoco-tronco\\\/colete-coluna-rigido-estabilizacao-dorso-lombar#primaryimage\"},\"image\":{\"@id\":\"https:\\\/\\\/www.maisquecuidar.com\\\/loja\\\/produtos-ortopedicos-ortoteses\\\/ortoteses-cabeca-pescoco-tronco\\\/colete-coluna-rigido-estabilizacao-dorso-lombar#primaryimage\"},\"thumbnailUrl\":\"https:\\\/\\\/img.maisquecuidar.com\\\/loja\\\/wp-content\\\/uploads\\\/2020\\\/05\\\/colete-coluna-rigido-dorso-lombar-1.png\",\"datePublished\":\"2020-05-11T16:30:07+00:00\",\"dateModified\":\"2025-10-01T17:33:13+00:00\",\"description\":\"Conhe\u00e7a o colete para coluna r\u00edgido para estabiliza\u00e7\u00e3o e limita\u00e7\u00e3o do segmento dorso-lombar. Confira os benef\u00edcios deste colete ortop\u00e9dico e o pre\u00e7o.\",\"breadcrumb\":{\"@id\":\"https:\\\/\\\/www.maisquecuidar.com\\\/loja\\\/produtos-ortopedicos-ortoteses\\\/ortoteses-cabeca-pescoco-tronco\\\/colete-coluna-rigido-estabilizacao-dorso-lombar#breadcrumb\"},\"inLanguage\":\"pt-PT\",\"potentialAction\":[{\"@type\":\"ReadAction\",\"target\":[\"https:\\\/\\\/www.maisquecuidar.com\\\/loja\\\/produtos-ortopedicos-ortoteses\\\/ortoteses-cabeca-pescoco-tronco\\\/colete-coluna-rigido-estabilizacao-dorso-lombar\"]}]},{\"@type\":\"ImageObject\",\"inLanguage\":\"pt-PT\",\"@id\":\"https:\\\/\\\/www.maisquecuidar.com\\\/loja\\\/produtos-ortopedicos-ortoteses\\\/ortoteses-cabeca-pescoco-tronco\\\/colete-coluna-rigido-estabilizacao-dorso-lombar#primaryimage\",\"url\":\"https:\\\/\\\/img.maisquecuidar.com\\\/loja\\\/wp-content\\\/uploads\\\/2020\\\/05\\\/colete-coluna-rigido-dorso-lombar-1.png\",\"contentUrl\":\"https:\\\/\\\/img.maisquecuidar.com\\\/loja\\\/wp-content\\\/uploads\\\/2020\\\/05\\\/colete-coluna-rigido-dorso-lombar-1.png\",\"width\":1280,\"height\":800,\"caption\":\"colete para coluna rigido para estabiliza\u00e7\u00e3o dorso lombar\"},{\"@type\":\"BreadcrumbList\",\"@id\":\"https:\\\/\\\/www.maisquecuidar.com\\\/loja\\\/produtos-ortopedicos-ortoteses\\\/ortoteses-cabeca-pescoco-tronco\\\/colete-coluna-rigido-estabilizacao-dorso-lombar#breadcrumb\",\"itemListElement\":[{\"@type\":\"ListItem\",\"position\":1,\"name\":\"Home\",\"item\":\"https:\\\/\\\/www.maisquecuidar.com\\\/loja\\\/\"},{\"@type\":\"ListItem\",\"position\":2,\"name\":\"Loja Online de Ortopedia e Geriatria em Portugal\",\"item\":\"https:\\\/\\\/www.maisquecuidar.com\\\/loja\\\/loja\"},{\"@type\":\"ListItem\",\"position\":3,\"name\":\"Produtos Ortop\u00e9dicos - Ort\u00f3teses\",\"item\":\"https:\\\/\\\/www.maisquecuidar.com\\\/loja\\\/produtos-ortopedicos-ortoteses\"},{\"@type\":\"ListItem\",\"position\":4,\"name\":\"Ort\u00f3teses Cabe\u00e7a, Pesco\u00e7o e Tronco\",\"item\":\"https:\\\/\\\/www.maisquecuidar.com\\\/loja\\\/produtos-ortopedicos-ortoteses\\\/ortoteses-cabeca-pescoco-tronco\"},{\"@type\":\"ListItem\",\"position\":5,\"name\":\"Colete para coluna r\u00edgido para estabiliza\u00e7\u00e3o dorso lombar\"}]},{\"@type\":\"WebSite\",\"@id\":\"https:\\\/\\\/www.maisquecuidar.com\\\/loja\\\/#website\",\"url\":\"https:\\\/\\\/www.maisquecuidar.com\\\/loja\\\/\",\"name\":\"Mais que Cuidar\",\"description\":\"Sa\u00fade, Ortopedia e Geriatria\",\"publisher\":{\"@id\":\"https:\\\/\\\/www.maisquecuidar.com\\\/loja\\\/#organization\"},\"potentialAction\":[{\"@type\":\"SearchAction\",\"target\":{\"@type\":\"EntryPoint\",\"urlTemplate\":\"https:\\\/\\\/www.maisquecuidar.com\\\/loja\\\/?s={search_term_string}\"},\"query-input\":{\"@type\":\"PropertyValueSpecification\",\"valueRequired\":true,\"valueName\":\"search_term_string\"}}],\"inLanguage\":\"pt-PT\"},{\"@type\":\"Organization\",\"@id\":\"https:\\\/\\\/www.maisquecuidar.com\\\/loja\\\/#organization\",\"name\":\"Mais Que Cuidar\",\"url\":\"https:\\\/\\\/www.maisquecuidar.com\\\/loja\\\/\",\"logo\":{\"@type\":\"ImageObject\",\"inLanguage\":\"pt-PT\",\"@id\":\"https:\\\/\\\/www.maisquecuidar.com\\\/loja\\\/#\\\/schema\\\/logo\\\/image\\\/\",\"url\":\"https:\\\/\\\/img.maisquecuidar.com\\\/loja\\\/wp-content\\\/uploads\\\/2019\\\/08\\\/logo-mais-que-cuidar-retina.png\",\"contentUrl\":\"https:\\\/\\\/img.maisquecuidar.com\\\/loja\\\/wp-content\\\/uploads\\\/2019\\\/08\\\/logo-mais-que-cuidar-retina.png\",\"width\":565,\"height\":75,\"caption\":\"Mais Que Cuidar\"},\"image\":{\"@id\":\"https:\\\/\\\/www.maisquecuidar.com\\\/loja\\\/#\\\/schema\\\/logo\\\/image\\\/\"},\"sameAs\":[\"https:\\\/\\\/www.facebook.com\\\/maisquecuidar.pt\",\"https:\\\/\\\/www.instagram.com\\\/maisquecuidar\"]}]}<\/script>\n<!-- \/ Yoast SEO plugin. -->","yoast_head_json":{"title":"Colete para coluna r\u00edgido para estabiliza\u00e7\u00e3o dorso lombar","description":"Conhe\u00e7a o colete para coluna r\u00edgido para estabiliza\u00e7\u00e3o e limita\u00e7\u00e3o do segmento dorso-lombar. Confira os benef\u00edcios deste colete ortop\u00e9dico e o pre\u00e7o.","robots":{"index":"index","follow":"follow","max-snippet":"max-snippet:-1","max-image-preview":"max-image-preview:large","max-video-preview":"max-video-preview:-1"},"canonical":"https:\/\/www.maisquecuidar.com\/loja\/produtos-ortopedicos-ortoteses\/ortoteses-cabeca-pescoco-tronco\/colete-coluna-rigido-estabilizacao-dorso-lombar","og_locale":"pt_PT","og_type":"article","og_title":"Colete para coluna r\u00edgido para estabiliza\u00e7\u00e3o dorso lombar","og_description":"Conhe\u00e7a o colete para coluna r\u00edgido para estabiliza\u00e7\u00e3o e limita\u00e7\u00e3o do segmento dorso-lombar. Confira os benef\u00edcios deste colete ortop\u00e9dico e o pre\u00e7o.","og_url":"https:\/\/www.maisquecuidar.com\/loja\/produtos-ortopedicos-ortoteses\/ortoteses-cabeca-pescoco-tronco\/colete-coluna-rigido-estabilizacao-dorso-lombar","og_site_name":"Mais que Cuidar","article_publisher":"https:\/\/www.facebook.com\/maisquecuidar.pt","article_modified_time":"2025-10-01T17:33:13+00:00","og_image":[{"width":1280,"height":800,"url":"https:\/\/img.maisquecuidar.com\/loja\/wp-content\/uploads\/2020\/05\/colete-coluna-rigido-dorso-lombar-1.png","type":"image\/png"}],"twitter_misc":{"Tempo estimado de leitura":"1 minuto"},"schema":{"@context":"https:\/\/schema.org","@graph":[{"@type":"WebPage","@id":"https:\/\/www.maisquecuidar.com\/loja\/produtos-ortopedicos-ortoteses\/ortoteses-cabeca-pescoco-tronco\/colete-coluna-rigido-estabilizacao-dorso-lombar","url":"https:\/\/www.maisquecuidar.com\/loja\/produtos-ortopedicos-ortoteses\/ortoteses-cabeca-pescoco-tronco\/colete-coluna-rigido-estabilizacao-dorso-lombar","name":"Colete para coluna r\u00edgido para estabiliza\u00e7\u00e3o dorso lombar","isPartOf":{"@id":"https:\/\/www.maisquecuidar.com\/loja\/#website"},"primaryImageOfPage":{"@id":"https:\/\/www.maisquecuidar.com\/loja\/produtos-ortopedicos-ortoteses\/ortoteses-cabeca-pescoco-tronco\/colete-coluna-rigido-estabilizacao-dorso-lombar#primaryimage"},"image":{"@id":"https:\/\/www.maisquecuidar.com\/loja\/produtos-ortopedicos-ortoteses\/ortoteses-cabeca-pescoco-tronco\/colete-coluna-rigido-estabilizacao-dorso-lombar#primaryimage"},"thumbnailUrl":"https:\/\/img.maisquecuidar.com\/loja\/wp-content\/uploads\/2020\/05\/colete-coluna-rigido-dorso-lombar-1.png","datePublished":"2020-05-11T16:30:07+00:00","dateModified":"2025-10-01T17:33:13+00:00","description":"Conhe\u00e7a o colete para coluna r\u00edgido para estabiliza\u00e7\u00e3o e limita\u00e7\u00e3o do segmento dorso-lombar. Confira os benef\u00edcios deste colete ortop\u00e9dico e o pre\u00e7o.","breadcrumb":{"@id":"https:\/\/www.maisquecuidar.com\/loja\/produtos-ortopedicos-ortoteses\/ortoteses-cabeca-pescoco-tronco\/colete-coluna-rigido-estabilizacao-dorso-lombar#breadcrumb"},"inLanguage":"pt-PT","potentialAction":[{"@type":"ReadAction","target":["https:\/\/www.maisquecuidar.com\/loja\/produtos-ortopedicos-ortoteses\/ortoteses-cabeca-pescoco-tronco\/colete-coluna-rigido-estabilizacao-dorso-lombar"]}]},{"@type":"ImageObject","inLanguage":"pt-PT","@id":"https:\/\/www.maisquecuidar.com\/loja\/produtos-ortopedicos-ortoteses\/ortoteses-cabeca-pescoco-tronco\/colete-coluna-rigido-estabilizacao-dorso-lombar#primaryimage","url":"https:\/\/img.maisquecuidar.com\/loja\/wp-content\/uploads\/2020\/05\/colete-coluna-rigido-dorso-lombar-1.png","contentUrl":"https:\/\/img.maisquecuidar.com\/loja\/wp-content\/uploads\/2020\/05\/colete-coluna-rigido-dorso-lombar-1.png","width":1280,"height":800,"caption":"colete para coluna rigido para estabiliza\u00e7\u00e3o dorso lombar"},{"@type":"BreadcrumbList","@id":"https:\/\/www.maisquecuidar.com\/loja\/produtos-ortopedicos-ortoteses\/ortoteses-cabeca-pescoco-tronco\/colete-coluna-rigido-estabilizacao-dorso-lombar#breadcrumb","itemListElement":[{"@type":"ListItem","position":1,"name":"Home","item":"https:\/\/www.maisquecuidar.com\/loja\/"},{"@type":"ListItem","position":2,"name":"Loja Online de Ortopedia e Geriatria em Portugal","item":"https:\/\/www.maisquecuidar.com\/loja\/loja"},{"@type":"ListItem","position":3,"name":"Produtos Ortop\u00e9dicos - Ort\u00f3teses","item":"https:\/\/www.maisquecuidar.com\/loja\/produtos-ortopedicos-ortoteses"},{"@type":"ListItem","position":4,"name":"Ort\u00f3teses Cabe\u00e7a, Pesco\u00e7o e Tronco","item":"https:\/\/www.maisquecuidar.com\/loja\/produtos-ortopedicos-ortoteses\/ortoteses-cabeca-pescoco-tronco"},{"@type":"ListItem","position":5,"name":"Colete para coluna r\u00edgido para estabiliza\u00e7\u00e3o dorso lombar"}]},{"@type":"WebSite","@id":"https:\/\/www.maisquecuidar.com\/loja\/#website","url":"https:\/\/www.maisquecuidar.com\/loja\/","name":"Mais que Cuidar","description":"Sa\u00fade, Ortopedia e Geriatria","publisher":{"@id":"https:\/\/www.maisquecuidar.com\/loja\/#organization"},"potentialAction":[{"@type":"SearchAction","target":{"@type":"EntryPoint","urlTemplate":"https:\/\/www.maisquecuidar.com\/loja\/?s={search_term_string}"},"query-input":{"@type":"PropertyValueSpecification","valueRequired":true,"valueName":"search_term_string"}}],"inLanguage":"pt-PT"},{"@type":"Organization","@id":"https:\/\/www.maisquecuidar.com\/loja\/#organization","name":"Mais Que Cuidar","url":"https:\/\/www.maisquecuidar.com\/loja\/","logo":{"@type":"ImageObject","inLanguage":"pt-PT","@id":"https:\/\/www.maisquecuidar.com\/loja\/#\/schema\/logo\/image\/","url":"https:\/\/img.maisquecuidar.com\/loja\/wp-content\/uploads\/2019\/08\/logo-mais-que-cuidar-retina.png","contentUrl":"https:\/\/img.maisquecuidar.com\/loja\/wp-content\/uploads\/2019\/08\/logo-mais-que-cuidar-retina.png","width":565,"height":75,"caption":"Mais Que Cuidar"},"image":{"@id":"https:\/\/www.maisquecuidar.com\/loja\/#\/schema\/logo\/image\/"},"sameAs":["https:\/\/www.facebook.com\/maisquecuidar.pt","https:\/\/www.instagram.com\/maisquecuidar"]}]}},"_links":{"self":[{"href":"https:\/\/www.maisquecuidar.com\/loja\/wp-json\/wp\/v2\/product\/13920","targetHints":{"allow":["GET"]}}],"collection":[{"href":"https:\/\/www.maisquecuidar.com\/loja\/wp-json\/wp\/v2\/product"}],"about":[{"href":"https:\/\/www.maisquecuidar.com\/loja\/wp-json\/wp\/v2\/types\/product"}],"wp:featuredmedia":[{"embeddable":true,"href":"https:\/\/www.maisquecuidar.com\/loja\/wp-json\/wp\/v2\/media\/13943"}],"wp:attachment":[{"href":"https:\/\/www.maisquecuidar.com\/loja\/wp-json\/wp\/v2\/media?parent=13920"}],"wp:term":[{"taxonomy":"product_brand","embeddable":true,"href":"https:\/\/www.maisquecuidar.com\/loja\/wp-json\/wp\/v2\/product_brand?post=13920"},{"taxonomy":"product_cat","embeddable":true,"href":"https:\/\/www.maisquecuidar.com\/loja\/wp-json\/wp\/v2\/product_cat?post=13920"},{"taxonomy":"product_tag","embeddable":true,"href":"https:\/\/www.maisquecuidar.com\/loja\/wp-json\/wp\/v2\/product_tag?post=13920"}],"curies":[{"name":"wp","href":"https:\/\/api.w.org\/{rel}","templated":true}]}}