{"id":13708,"date":"2020-03-07T17:12:16","date_gmt":"2020-03-07T17:12:16","guid":{"rendered":"https:\/\/www.maisquecuidar.com\/loja\/?post_type=product&#038;p=13708"},"modified":"2024-06-08T12:46:49","modified_gmt":"2024-06-08T11:46:49","slug":"poltrona-reclinavel-super-comfort","status":"publish","type":"product","link":"https:\/\/www.maisquecuidar.com\/loja\/cadeiroes-e-poltronas-de-descanso\/poltrona-reclinavel-super-comfort","title":{"rendered":"Poltrona Geri\u00e1trica Reclin\u00e1vel Super Comfort"},"content":{"rendered":"<p>A Poltrona Reclin\u00e1vel Super Comfort \u00e9 adequada para uma utiliza\u00e7\u00e3o em <strong>ambiente domicili\u00e1rio ou em institui\u00e7\u00f5es para idosos (lares)<\/strong>. Extremamente confort\u00e1vel e envolvente. Com um design moderno e atrativo, combina na perfei\u00e7\u00e3o com qualquer espa\u00e7o.<\/p>\n<p>Esta poltrona el\u00e9trica disp\u00f5e de um apoio de pernas que eleva simultaneamente com a inclina\u00e7\u00e3o progressiva das costas. Permite a eleva\u00e7\u00e3o do assento desde 0\u00ba a 45\u00ba para maior apoio do utilizador no momento de sentar-se e levantar-se.<\/p>\n<p>O assento desta poltrona relaxante \u00e9 muito confort\u00e1vel com almofada em fibras de silicone que auxiliam na preven\u00e7\u00e3o de \u00falceras de press\u00e3o.<\/p>\n<p>Umas das principais caracter\u00edsticas que distinguem esta poltrona reclin\u00e1vel motorizada s\u00e3o os <strong>bra\u00e7os de apoio facilmente destac\u00e1veis que facilitam as transfer\u00eancias dos utilizadores<\/strong>, sobretudo as pessoas idosas com mobilidade reduzida.<\/p>\n<p>Al\u00e9m disso, os apoia bra\u00e7os disp\u00f5em de um estofo almofadado destac\u00e1vel; quando usados permitem diminuir a largura \u00fatil do assento, para pessoas mais magras.<\/p>\n<p><img fetchpriority=\"high\" decoding=\"async\" class=\"alignnone wp-image-15288\" src=\"https:\/\/img.maisquecuidar.com\/loja\/wp-content\/uploads\/2020\/03\/sofa-ortopedico-super-comfort-800x500.png\" alt=\"Sof\u00e1 ortop\u00e9dico super comfort\" width=\"298\" height=\"186\" srcset=\"https:\/\/img.maisquecuidar.com\/loja\/wp-content\/uploads\/2020\/03\/sofa-ortopedico-super-comfort-800x500.png 800w, https:\/\/img.maisquecuidar.com\/loja\/wp-content\/uploads\/2020\/03\/sofa-ortopedico-super-comfort-380x238.png 380w, https:\/\/img.maisquecuidar.com\/loja\/wp-content\/uploads\/2020\/03\/sofa-ortopedico-super-comfort-1024x640.png 1024w, https:\/\/img.maisquecuidar.com\/loja\/wp-content\/uploads\/2020\/03\/sofa-ortopedico-super-comfort-768x480.png 768w, https:\/\/img.maisquecuidar.com\/loja\/wp-content\/uploads\/2020\/03\/sofa-ortopedico-super-comfort-350x219.png 350w, https:\/\/img.maisquecuidar.com\/loja\/wp-content\/uploads\/2020\/03\/sofa-ortopedico-super-comfort.png 1280w\" sizes=\"(max-width: 298px) 100vw, 298px\" \/><\/p>\n<p>O acabamento na zona posterior e lateral desta poltrona de descanso \u00e9 em tela Rainbow com prote\u00e7\u00e3o antibacteriana e antif\u00fangica, resistente \u00e0 \u00e1gua salgada e clorada, \u00e0 luz UV (grau 7) e \u00e0 abras\u00e3o excecional &gt;100k ciclos. F\u00e1cil de limpar, com capa protetora adicional para melhor resposta \u00e0s manchas.<\/p>\n<p><strong>Tem prote\u00e7\u00e3o ign\u00edfuga<\/strong> e a zona central \u00e9 em tela Suede com acabamento suave, <strong>de f\u00e1cil limpeza<\/strong> (amov\u00edvel e lav\u00e1vel a 40\u00ba) e transpir\u00e1vel.<\/p>\n<h3>Informa\u00e7\u00e3o sobre o servi\u00e7o de entrega<\/h3>\n<ul>\n<li>Dispomos de servi\u00e7o de entrega e montagem no domicilio na regi\u00e3o do Porto e de Lisboa por t\u00e9cnicos especializados da Mais que Cuidar.<\/li>\n<li>Fazemos entregas para andares acima do r\u00e9s-do-ch\u00e3o na regi\u00e3o do Porto e de Lisboa.<\/li>\n<\/ul>\n","protected":false},"excerpt":{"rendered":"<p>Poltrona el\u00e9trica com apoio de bra\u00e7os destac\u00e1vel que facilita as transfer\u00eancias<\/p>\n","protected":false},"featured_media":15289,"template":"","meta":{"_acf_changed":false,"neve_meta_sidebar":"","neve_meta_container":"","neve_meta_enable_content_width":"","neve_meta_content_width":0,"neve_meta_title_alignment":"","neve_meta_author_avatar":"","neve_post_elements_order":"","neve_meta_disable_header":"","neve_meta_disable_footer":"","neve_meta_disable_title":""},"product_brand":[],"product_cat":[68,758],"product_tag":[691,689,688,692,690],"class_list":{"0":"post-13708","1":"product","2":"type-product","3":"status-publish","4":"has-post-thumbnail","6":"product_cat-cadeiroes-e-poltronas-de-descanso","7":"product_cat-produtos-de-apoio-mais-procurados","8":"product_tag-poltrona-de-descanso","9":"product_tag-poltrona-eletrica","10":"product_tag-poltrona-reclinavel","11":"product_tag-poltrona-reclinavel-motorizada","12":"product_tag-poltrona-relaxante","14":"first","15":"instock","16":"taxable","17":"shipping-taxable","18":"purchasable","19":"product-type-variable"},"acf":[],"yoast_head":"<!-- This site is optimized with the Yoast SEO plugin v27.5 - https:\/\/yoast.com\/product\/yoast-seo-wordpress\/ -->\n<title>Poltrona Geri\u00e1trica Reclin\u00e1vel Super Comfort - Mais que Cuidar<\/title>\n<meta name=\"description\" content=\"Conhe\u00e7a a poltrona reclin\u00e1vel Super Comfort da Orthos XXI com bra\u00e7o destac\u00e1vel que facilita as transfer\u00eancias. Confira o pre\u00e7o!\" \/>\n<meta name=\"robots\" content=\"index, follow, max-snippet:-1, max-image-preview:large, max-video-preview:-1\" \/>\n<link rel=\"canonical\" href=\"https:\/\/www.maisquecuidar.com\/loja\/cadeiroes-e-poltronas-de-descanso\/poltrona-reclinavel-super-comfort\" \/>\n<meta property=\"og:locale\" content=\"pt_PT\" \/>\n<meta property=\"og:type\" content=\"article\" \/>\n<meta property=\"og:title\" content=\"Poltrona Geri\u00e1trica Reclin\u00e1vel Super Comfort - Mais que Cuidar\" \/>\n<meta property=\"og:description\" content=\"Conhe\u00e7a a poltrona reclin\u00e1vel Super Comfort da Orthos XXI com bra\u00e7o destac\u00e1vel que facilita as transfer\u00eancias. Confira o pre\u00e7o!\" \/>\n<meta property=\"og:url\" content=\"https:\/\/www.maisquecuidar.com\/loja\/cadeiroes-e-poltronas-de-descanso\/poltrona-reclinavel-super-comfort\" \/>\n<meta property=\"og:site_name\" content=\"Mais que Cuidar\" \/>\n<meta property=\"article:publisher\" content=\"https:\/\/www.facebook.com\/maisquecuidar.pt\" \/>\n<meta property=\"article:modified_time\" content=\"2024-06-08T11:46:49+00:00\" \/>\n<meta property=\"og:image\" content=\"https:\/\/img.maisquecuidar.com\/loja\/wp-content\/uploads\/2020\/03\/poltrona-reclinavel-super-conf.png\" \/>\n\t<meta property=\"og:image:width\" content=\"1280\" \/>\n\t<meta property=\"og:image:height\" content=\"800\" \/>\n\t<meta property=\"og:image:type\" content=\"image\/png\" \/>\n<meta name=\"twitter:label1\" content=\"Tempo estimado de leitura\" \/>\n\t<meta name=\"twitter:data1\" content=\"2 minutos\" \/>\n<script type=\"application\/ld+json\" class=\"yoast-schema-graph\">{\"@context\":\"https:\\\/\\\/schema.org\",\"@graph\":[{\"@type\":\"WebPage\",\"@id\":\"https:\\\/\\\/www.maisquecuidar.com\\\/loja\\\/cadeiroes-e-poltronas-de-descanso\\\/poltrona-reclinavel-super-comfort\",\"url\":\"https:\\\/\\\/www.maisquecuidar.com\\\/loja\\\/cadeiroes-e-poltronas-de-descanso\\\/poltrona-reclinavel-super-comfort\",\"name\":\"Poltrona Geri\u00e1trica Reclin\u00e1vel Super Comfort - Mais que Cuidar\",\"isPartOf\":{\"@id\":\"https:\\\/\\\/www.maisquecuidar.com\\\/loja\\\/#website\"},\"primaryImageOfPage\":{\"@id\":\"https:\\\/\\\/www.maisquecuidar.com\\\/loja\\\/cadeiroes-e-poltronas-de-descanso\\\/poltrona-reclinavel-super-comfort#primaryimage\"},\"image\":{\"@id\":\"https:\\\/\\\/www.maisquecuidar.com\\\/loja\\\/cadeiroes-e-poltronas-de-descanso\\\/poltrona-reclinavel-super-comfort#primaryimage\"},\"thumbnailUrl\":\"https:\\\/\\\/img.maisquecuidar.com\\\/loja\\\/wp-content\\\/uploads\\\/2020\\\/03\\\/poltrona-reclinavel-super-conf.png\",\"datePublished\":\"2020-03-07T17:12:16+00:00\",\"dateModified\":\"2024-06-08T11:46:49+00:00\",\"description\":\"Conhe\u00e7a a poltrona reclin\u00e1vel Super Comfort da Orthos XXI com bra\u00e7o destac\u00e1vel que facilita as transfer\u00eancias. Confira o pre\u00e7o!\",\"breadcrumb\":{\"@id\":\"https:\\\/\\\/www.maisquecuidar.com\\\/loja\\\/cadeiroes-e-poltronas-de-descanso\\\/poltrona-reclinavel-super-comfort#breadcrumb\"},\"inLanguage\":\"pt-PT\",\"potentialAction\":[{\"@type\":\"ReadAction\",\"target\":[\"https:\\\/\\\/www.maisquecuidar.com\\\/loja\\\/cadeiroes-e-poltronas-de-descanso\\\/poltrona-reclinavel-super-comfort\"]}]},{\"@type\":\"ImageObject\",\"inLanguage\":\"pt-PT\",\"@id\":\"https:\\\/\\\/www.maisquecuidar.com\\\/loja\\\/cadeiroes-e-poltronas-de-descanso\\\/poltrona-reclinavel-super-comfort#primaryimage\",\"url\":\"https:\\\/\\\/img.maisquecuidar.com\\\/loja\\\/wp-content\\\/uploads\\\/2020\\\/03\\\/poltrona-reclinavel-super-conf.png\",\"contentUrl\":\"https:\\\/\\\/img.maisquecuidar.com\\\/loja\\\/wp-content\\\/uploads\\\/2020\\\/03\\\/poltrona-reclinavel-super-conf.png\",\"width\":1280,\"height\":800,\"caption\":\"Poltrona reclin\u00e1vel Super Comfort\"},{\"@type\":\"BreadcrumbList\",\"@id\":\"https:\\\/\\\/www.maisquecuidar.com\\\/loja\\\/cadeiroes-e-poltronas-de-descanso\\\/poltrona-reclinavel-super-comfort#breadcrumb\",\"itemListElement\":[{\"@type\":\"ListItem\",\"position\":1,\"name\":\"Home\",\"item\":\"https:\\\/\\\/www.maisquecuidar.com\\\/loja\\\/\"},{\"@type\":\"ListItem\",\"position\":2,\"name\":\"Loja Online de Ortopedia e Geriatria em Portugal\",\"item\":\"https:\\\/\\\/www.maisquecuidar.com\\\/loja\\\/loja\"},{\"@type\":\"ListItem\",\"position\":3,\"name\":\"Cadeir\u00f5es e Poltronas de Descanso\",\"item\":\"https:\\\/\\\/www.maisquecuidar.com\\\/loja\\\/cadeiroes-e-poltronas-de-descanso\"},{\"@type\":\"ListItem\",\"position\":4,\"name\":\"Poltrona Geri\u00e1trica Reclin\u00e1vel Super Comfort\"}]},{\"@type\":\"WebSite\",\"@id\":\"https:\\\/\\\/www.maisquecuidar.com\\\/loja\\\/#website\",\"url\":\"https:\\\/\\\/www.maisquecuidar.com\\\/loja\\\/\",\"name\":\"Mais que Cuidar\",\"description\":\"Sa\u00fade, Ortopedia e Geriatria\",\"publisher\":{\"@id\":\"https:\\\/\\\/www.maisquecuidar.com\\\/loja\\\/#organization\"},\"potentialAction\":[{\"@type\":\"SearchAction\",\"target\":{\"@type\":\"EntryPoint\",\"urlTemplate\":\"https:\\\/\\\/www.maisquecuidar.com\\\/loja\\\/?s={search_term_string}\"},\"query-input\":{\"@type\":\"PropertyValueSpecification\",\"valueRequired\":true,\"valueName\":\"search_term_string\"}}],\"inLanguage\":\"pt-PT\"},{\"@type\":\"Organization\",\"@id\":\"https:\\\/\\\/www.maisquecuidar.com\\\/loja\\\/#organization\",\"name\":\"Mais Que Cuidar\",\"url\":\"https:\\\/\\\/www.maisquecuidar.com\\\/loja\\\/\",\"logo\":{\"@type\":\"ImageObject\",\"inLanguage\":\"pt-PT\",\"@id\":\"https:\\\/\\\/www.maisquecuidar.com\\\/loja\\\/#\\\/schema\\\/logo\\\/image\\\/\",\"url\":\"https:\\\/\\\/img.maisquecuidar.com\\\/loja\\\/wp-content\\\/uploads\\\/2019\\\/08\\\/logo-mais-que-cuidar-retina.png\",\"contentUrl\":\"https:\\\/\\\/img.maisquecuidar.com\\\/loja\\\/wp-content\\\/uploads\\\/2019\\\/08\\\/logo-mais-que-cuidar-retina.png\",\"width\":565,\"height\":75,\"caption\":\"Mais Que Cuidar\"},\"image\":{\"@id\":\"https:\\\/\\\/www.maisquecuidar.com\\\/loja\\\/#\\\/schema\\\/logo\\\/image\\\/\"},\"sameAs\":[\"https:\\\/\\\/www.facebook.com\\\/maisquecuidar.pt\",\"https:\\\/\\\/www.instagram.com\\\/maisquecuidar\"]}]}<\/script>\n<!-- \/ Yoast SEO plugin. -->","yoast_head_json":{"title":"Poltrona Geri\u00e1trica Reclin\u00e1vel Super Comfort - Mais que Cuidar","description":"Conhe\u00e7a a poltrona reclin\u00e1vel Super Comfort da Orthos XXI com bra\u00e7o destac\u00e1vel que facilita as transfer\u00eancias. Confira o pre\u00e7o!","robots":{"index":"index","follow":"follow","max-snippet":"max-snippet:-1","max-image-preview":"max-image-preview:large","max-video-preview":"max-video-preview:-1"},"canonical":"https:\/\/www.maisquecuidar.com\/loja\/cadeiroes-e-poltronas-de-descanso\/poltrona-reclinavel-super-comfort","og_locale":"pt_PT","og_type":"article","og_title":"Poltrona Geri\u00e1trica Reclin\u00e1vel Super Comfort - Mais que Cuidar","og_description":"Conhe\u00e7a a poltrona reclin\u00e1vel Super Comfort da Orthos XXI com bra\u00e7o destac\u00e1vel que facilita as transfer\u00eancias. Confira o pre\u00e7o!","og_url":"https:\/\/www.maisquecuidar.com\/loja\/cadeiroes-e-poltronas-de-descanso\/poltrona-reclinavel-super-comfort","og_site_name":"Mais que Cuidar","article_publisher":"https:\/\/www.facebook.com\/maisquecuidar.pt","article_modified_time":"2024-06-08T11:46:49+00:00","og_image":[{"width":1280,"height":800,"url":"https:\/\/img.maisquecuidar.com\/loja\/wp-content\/uploads\/2020\/03\/poltrona-reclinavel-super-conf.png","type":"image\/png"}],"twitter_misc":{"Tempo estimado de leitura":"2 minutos"},"schema":{"@context":"https:\/\/schema.org","@graph":[{"@type":"WebPage","@id":"https:\/\/www.maisquecuidar.com\/loja\/cadeiroes-e-poltronas-de-descanso\/poltrona-reclinavel-super-comfort","url":"https:\/\/www.maisquecuidar.com\/loja\/cadeiroes-e-poltronas-de-descanso\/poltrona-reclinavel-super-comfort","name":"Poltrona Geri\u00e1trica Reclin\u00e1vel Super Comfort - Mais que Cuidar","isPartOf":{"@id":"https:\/\/www.maisquecuidar.com\/loja\/#website"},"primaryImageOfPage":{"@id":"https:\/\/www.maisquecuidar.com\/loja\/cadeiroes-e-poltronas-de-descanso\/poltrona-reclinavel-super-comfort#primaryimage"},"image":{"@id":"https:\/\/www.maisquecuidar.com\/loja\/cadeiroes-e-poltronas-de-descanso\/poltrona-reclinavel-super-comfort#primaryimage"},"thumbnailUrl":"https:\/\/img.maisquecuidar.com\/loja\/wp-content\/uploads\/2020\/03\/poltrona-reclinavel-super-conf.png","datePublished":"2020-03-07T17:12:16+00:00","dateModified":"2024-06-08T11:46:49+00:00","description":"Conhe\u00e7a a poltrona reclin\u00e1vel Super Comfort da Orthos XXI com bra\u00e7o destac\u00e1vel que facilita as transfer\u00eancias. Confira o pre\u00e7o!","breadcrumb":{"@id":"https:\/\/www.maisquecuidar.com\/loja\/cadeiroes-e-poltronas-de-descanso\/poltrona-reclinavel-super-comfort#breadcrumb"},"inLanguage":"pt-PT","potentialAction":[{"@type":"ReadAction","target":["https:\/\/www.maisquecuidar.com\/loja\/cadeiroes-e-poltronas-de-descanso\/poltrona-reclinavel-super-comfort"]}]},{"@type":"ImageObject","inLanguage":"pt-PT","@id":"https:\/\/www.maisquecuidar.com\/loja\/cadeiroes-e-poltronas-de-descanso\/poltrona-reclinavel-super-comfort#primaryimage","url":"https:\/\/img.maisquecuidar.com\/loja\/wp-content\/uploads\/2020\/03\/poltrona-reclinavel-super-conf.png","contentUrl":"https:\/\/img.maisquecuidar.com\/loja\/wp-content\/uploads\/2020\/03\/poltrona-reclinavel-super-conf.png","width":1280,"height":800,"caption":"Poltrona reclin\u00e1vel Super Comfort"},{"@type":"BreadcrumbList","@id":"https:\/\/www.maisquecuidar.com\/loja\/cadeiroes-e-poltronas-de-descanso\/poltrona-reclinavel-super-comfort#breadcrumb","itemListElement":[{"@type":"ListItem","position":1,"name":"Home","item":"https:\/\/www.maisquecuidar.com\/loja\/"},{"@type":"ListItem","position":2,"name":"Loja Online de Ortopedia e Geriatria em Portugal","item":"https:\/\/www.maisquecuidar.com\/loja\/loja"},{"@type":"ListItem","position":3,"name":"Cadeir\u00f5es e Poltronas de Descanso","item":"https:\/\/www.maisquecuidar.com\/loja\/cadeiroes-e-poltronas-de-descanso"},{"@type":"ListItem","position":4,"name":"Poltrona Geri\u00e1trica Reclin\u00e1vel Super Comfort"}]},{"@type":"WebSite","@id":"https:\/\/www.maisquecuidar.com\/loja\/#website","url":"https:\/\/www.maisquecuidar.com\/loja\/","name":"Mais que Cuidar","description":"Sa\u00fade, Ortopedia e Geriatria","publisher":{"@id":"https:\/\/www.maisquecuidar.com\/loja\/#organization"},"potentialAction":[{"@type":"SearchAction","target":{"@type":"EntryPoint","urlTemplate":"https:\/\/www.maisquecuidar.com\/loja\/?s={search_term_string}"},"query-input":{"@type":"PropertyValueSpecification","valueRequired":true,"valueName":"search_term_string"}}],"inLanguage":"pt-PT"},{"@type":"Organization","@id":"https:\/\/www.maisquecuidar.com\/loja\/#organization","name":"Mais Que Cuidar","url":"https:\/\/www.maisquecuidar.com\/loja\/","logo":{"@type":"ImageObject","inLanguage":"pt-PT","@id":"https:\/\/www.maisquecuidar.com\/loja\/#\/schema\/logo\/image\/","url":"https:\/\/img.maisquecuidar.com\/loja\/wp-content\/uploads\/2019\/08\/logo-mais-que-cuidar-retina.png","contentUrl":"https:\/\/img.maisquecuidar.com\/loja\/wp-content\/uploads\/2019\/08\/logo-mais-que-cuidar-retina.png","width":565,"height":75,"caption":"Mais Que Cuidar"},"image":{"@id":"https:\/\/www.maisquecuidar.com\/loja\/#\/schema\/logo\/image\/"},"sameAs":["https:\/\/www.facebook.com\/maisquecuidar.pt","https:\/\/www.instagram.com\/maisquecuidar"]}]}},"_links":{"self":[{"href":"https:\/\/www.maisquecuidar.com\/loja\/wp-json\/wp\/v2\/product\/13708","targetHints":{"allow":["GET"]}}],"collection":[{"href":"https:\/\/www.maisquecuidar.com\/loja\/wp-json\/wp\/v2\/product"}],"about":[{"href":"https:\/\/www.maisquecuidar.com\/loja\/wp-json\/wp\/v2\/types\/product"}],"wp:featuredmedia":[{"embeddable":true,"href":"https:\/\/www.maisquecuidar.com\/loja\/wp-json\/wp\/v2\/media\/15289"}],"wp:attachment":[{"href":"https:\/\/www.maisquecuidar.com\/loja\/wp-json\/wp\/v2\/media?parent=13708"}],"wp:term":[{"taxonomy":"product_brand","embeddable":true,"href":"https:\/\/www.maisquecuidar.com\/loja\/wp-json\/wp\/v2\/product_brand?post=13708"},{"taxonomy":"product_cat","embeddable":true,"href":"https:\/\/www.maisquecuidar.com\/loja\/wp-json\/wp\/v2\/product_cat?post=13708"},{"taxonomy":"product_tag","embeddable":true,"href":"https:\/\/www.maisquecuidar.com\/loja\/wp-json\/wp\/v2\/product_tag?post=13708"}],"curies":[{"name":"wp","href":"https:\/\/api.w.org\/{rel}","templated":true}]}}