{"id":13458,"date":"2020-02-24T21:52:31","date_gmt":"2020-02-24T21:52:31","guid":{"rendered":"https:\/\/www.maisquecuidar.com\/loja\/?post_type=product&#038;p=13458"},"modified":"2025-10-01T18:33:22","modified_gmt":"2025-10-01T17:33:22","slug":"almofada-matrx-flo-tech-libra","status":"publish","type":"product","link":"https:\/\/www.maisquecuidar.com\/loja\/mais-mobilidade\/cadeiras-de-rodas\/almofadas-cadeiras-de-rodas\/almofada-matrx-flo-tech-libra","title":{"rendered":"Almofada Matrx Flo-tech Libra Invacare"},"content":{"rendered":"<p>A almofada Matrx Flo-tech Libra da Invacare oferece um conforto superior com elevado n\u00edvel de prote\u00e7\u00e3o e posicionamento:<\/p>\n<ul>\n<li><strong>Otimiza\u00e7\u00e3o da combina\u00e7\u00e3o de diferentes materiais:<\/strong> uma base de espuma anat\u00f3mica com uma bolsa de flu\u00eddo no topo providencia o mais elevado n\u00edvel de prote\u00e7\u00e3o da pele, posicionamento e personaliza\u00e7\u00e3o \u00e0s necessidades de cada utilizador.<\/li>\n<li><strong>Nova bolsa de flu\u00eddo de dupla camada<\/strong> com recurso \u00e0 tecnologia Flo-tech para uma eficaz gest\u00e3o das for\u00e7as de cisalhamento e re-distribui\u00e7\u00e3o da press\u00e3o.<\/li>\n<li><strong>Especial contorno anat\u00f3mico<\/strong> fornece equil\u00edbrio e estabilidade \u00e0 p\u00e9lvis, otimizando a fun\u00e7\u00e3o corporal nas atividades di\u00e1rias.<\/li>\n<li>Leve e livre de manuten\u00e7\u00e3o.<\/li>\n<\/ul>\n<h3>Design \u00fanico<\/h3>\n<ul>\n<li><strong>Base de espuma:<\/strong> contorno anat\u00f3mico para otimizar o suporte e posicionamento da p\u00e9lvis.<\/li>\n<li><strong>Espuma dur\u00e1vel de alta resili\u00eancia<\/strong>, incluindo prote\u00e7\u00e3o Ultra-Fresh anti-microbiana e anti-odores.<\/li>\n<li><strong>Bolsa de flu\u00eddo<\/strong>: dupla camada com compartimentos segmentados para m\u00e1xima prote\u00e7\u00e3o ao redor dos proemin\u00eancias \u00f3sseas.<\/li>\n<\/ul>\n<p><img fetchpriority=\"high\" decoding=\"async\" class=\"alignnone wp-image-13460\" src=\"https:\/\/www.maisquecuidar.com\/wp-content\/uploads\/2020\/02\/almofada-invacare-matrx-libra-800x500.jpg\" alt=\"Camadas da almofada Matrx Libra da invacare\" width=\"415\" height=\"259\" srcset=\"https:\/\/img.maisquecuidar.com\/loja\/wp-content\/uploads\/2020\/02\/almofada-invacare-matrx-libra-800x500.jpg 800w, https:\/\/img.maisquecuidar.com\/loja\/wp-content\/uploads\/2020\/02\/almofada-invacare-matrx-libra-380x238.jpg 380w, https:\/\/img.maisquecuidar.com\/loja\/wp-content\/uploads\/2020\/02\/almofada-invacare-matrx-libra-1024x640.jpg 1024w, https:\/\/img.maisquecuidar.com\/loja\/wp-content\/uploads\/2020\/02\/almofada-invacare-matrx-libra-768x480.jpg 768w, https:\/\/img.maisquecuidar.com\/loja\/wp-content\/uploads\/2020\/02\/almofada-invacare-matrx-libra-350x219.jpg 350w, https:\/\/img.maisquecuidar.com\/loja\/wp-content\/uploads\/2020\/02\/almofada-invacare-matrx-libra.jpg 1280w\" sizes=\"(max-width: 415px) 100vw, 415px\" \/><\/p>\n<h3>Benef\u00edcios funcionais<\/h3>\n<ul>\n<li>Suporte pr\u00e9-isquial previne o deslize sobre a almofada, reduzindo a ocorr\u00eancia de for\u00e7as de cisalhamento;<\/li>\n<li>Depress\u00e3o (cavidade) trocant\u00e9rica promove o nivelamento da p\u00e9lvis para maior estabilidade lateral;<\/li>\n<li>Prolongamento radial posterior da almofada, ajuda a prevenir a bascula\u00e7\u00e3o posterior da p\u00e9lvis;<\/li>\n<li>Recorte do t\u00e9rmino anterior da almofada, acomoda os m\u00fasculos isquiotibiais encurtados e facilita a propuls\u00e3o com os p\u00e9s;<\/li>\n<li>Posicionamento confort\u00e1vel dos membros inferiores na linha m\u00e9dia, devido ao perfeito equil\u00edbrio do contorno anat\u00f3mico de abdu\u00e7\u00e3o e adu\u00e7\u00e3o.<\/li>\n<\/ul>\n<h3><strong>Leve e fi\u00e1vel<\/strong><\/h3>\n<ul>\n<li>O flu\u00eddo da bolsa n\u00e3o \u00e9 sens\u00edvel \u00e0 temperatura, nem necessita de manuten\u00e7\u00e3o nem de ajustes.<\/li>\n<li>Devido \u00e0s propriedades \u00fanicas, o flu\u00eddo da bolsa automaticamente equilibra-se em redor das estruturas anat\u00f3micas, n\u00e3o necessitando de ajustes nem manuten\u00e7\u00e3o.<\/li>\n<li>Para necessidades complexas de posicionamento, um conjunto de acess\u00f3rios est\u00e1 dispon\u00edvel para personaliza\u00e7\u00e3o.<\/li>\n<\/ul>\n<p>&nbsp;<\/p>\n","protected":false},"excerpt":{"rendered":"<p><span data-sheets-value=\"{&quot;1&quot;:2,&quot;2&quot;:&quot;Premio de vendas e aluguer &quot;}\" data-sheets-userformat=\"{&quot;2&quot;:6723,&quot;3&quot;:{&quot;1&quot;:0},&quot;4&quot;:{&quot;1&quot;:2,&quot;2&quot;:16777215},&quot;9&quot;:0,&quot;12&quot;:0,&quot;14&quot;:{&quot;1&quot;:2,&quot;2&quot;:0},&quot;15&quot;:&quot;Arial&quot;}\">PROMO\u00c7\u00c3O V\u00c1LIDA DE 17 A 23 DE JULHO DE 2024<\/span><\/p>\n","protected":false},"featured_media":13465,"template":"","meta":{"_acf_changed":false,"neve_meta_sidebar":"","neve_meta_container":"","neve_meta_enable_content_width":"","neve_meta_content_width":0,"neve_meta_title_alignment":"","neve_meta_author_avatar":"","neve_post_elements_order":"","neve_meta_disable_header":"","neve_meta_disable_footer":"","neve_meta_disable_title":""},"product_brand":[],"product_cat":[85],"product_tag":[],"class_list":{"0":"post-13458","1":"product","2":"type-product","3":"status-publish","4":"has-post-thumbnail","6":"product_cat-almofadas-cadeiras-de-rodas","8":"first","9":"instock","10":"taxable","11":"shipping-taxable","12":"purchasable","13":"product-type-simple"},"acf":[],"yoast_head":"<!-- This site is optimized with the Yoast SEO plugin v27.5 - https:\/\/yoast.com\/product\/yoast-seo-wordpress\/ -->\n<title>Almofada Matrx Flo-tech Libra Invacare - Mais que Cuidar<\/title>\n<meta name=\"description\" content=\"Conhe\u00e7a as caracter\u00edsticas da almofada Matrx Flo-tech Libra da Invacare que pode ser personalizada a cada utilizador. Confira o pre\u00e7o!\" \/>\n<meta name=\"robots\" content=\"index, follow, max-snippet:-1, max-image-preview:large, max-video-preview:-1\" \/>\n<link rel=\"canonical\" href=\"https:\/\/www.maisquecuidar.com\/loja\/mais-mobilidade\/cadeiras-de-rodas\/almofadas-cadeiras-de-rodas\/almofada-matrx-flo-tech-libra\" \/>\n<meta property=\"og:locale\" content=\"pt_PT\" \/>\n<meta property=\"og:type\" content=\"article\" \/>\n<meta property=\"og:title\" content=\"Almofada Matrx Flo-tech Libra Invacare - Mais que Cuidar\" \/>\n<meta property=\"og:description\" content=\"Conhe\u00e7a as caracter\u00edsticas da almofada Matrx Flo-tech Libra da Invacare que pode ser personalizada a cada utilizador. Confira o pre\u00e7o!\" \/>\n<meta property=\"og:url\" content=\"https:\/\/www.maisquecuidar.com\/loja\/mais-mobilidade\/cadeiras-de-rodas\/almofadas-cadeiras-de-rodas\/almofada-matrx-flo-tech-libra\" \/>\n<meta property=\"og:site_name\" content=\"Mais que Cuidar\" \/>\n<meta property=\"article:publisher\" content=\"https:\/\/www.facebook.com\/maisquecuidar.pt\" \/>\n<meta property=\"article:modified_time\" content=\"2025-10-01T17:33:22+00:00\" \/>\n<meta property=\"og:image\" content=\"https:\/\/img.maisquecuidar.com\/loja\/wp-content\/uploads\/2020\/02\/almofada-matrx-libra.jpg\" \/>\n\t<meta property=\"og:image:width\" content=\"1280\" \/>\n\t<meta property=\"og:image:height\" content=\"800\" \/>\n\t<meta property=\"og:image:type\" content=\"image\/jpeg\" \/>\n<meta name=\"twitter:label1\" content=\"Tempo estimado de leitura\" \/>\n\t<meta name=\"twitter:data1\" content=\"2 minutos\" \/>\n<script type=\"application\/ld+json\" class=\"yoast-schema-graph\">{\"@context\":\"https:\\\/\\\/schema.org\",\"@graph\":[{\"@type\":\"WebPage\",\"@id\":\"https:\\\/\\\/www.maisquecuidar.com\\\/loja\\\/mais-mobilidade\\\/cadeiras-de-rodas\\\/almofadas-cadeiras-de-rodas\\\/almofada-matrx-flo-tech-libra\",\"url\":\"https:\\\/\\\/www.maisquecuidar.com\\\/loja\\\/mais-mobilidade\\\/cadeiras-de-rodas\\\/almofadas-cadeiras-de-rodas\\\/almofada-matrx-flo-tech-libra\",\"name\":\"Almofada Matrx Flo-tech Libra Invacare - Mais que Cuidar\",\"isPartOf\":{\"@id\":\"https:\\\/\\\/www.maisquecuidar.com\\\/loja\\\/#website\"},\"primaryImageOfPage\":{\"@id\":\"https:\\\/\\\/www.maisquecuidar.com\\\/loja\\\/mais-mobilidade\\\/cadeiras-de-rodas\\\/almofadas-cadeiras-de-rodas\\\/almofada-matrx-flo-tech-libra#primaryimage\"},\"image\":{\"@id\":\"https:\\\/\\\/www.maisquecuidar.com\\\/loja\\\/mais-mobilidade\\\/cadeiras-de-rodas\\\/almofadas-cadeiras-de-rodas\\\/almofada-matrx-flo-tech-libra#primaryimage\"},\"thumbnailUrl\":\"https:\\\/\\\/img.maisquecuidar.com\\\/loja\\\/wp-content\\\/uploads\\\/2020\\\/02\\\/almofada-matrx-libra.jpg\",\"datePublished\":\"2020-02-24T21:52:31+00:00\",\"dateModified\":\"2025-10-01T17:33:22+00:00\",\"description\":\"Conhe\u00e7a as caracter\u00edsticas da almofada Matrx Flo-tech Libra da Invacare que pode ser personalizada a cada utilizador. Confira o pre\u00e7o!\",\"breadcrumb\":{\"@id\":\"https:\\\/\\\/www.maisquecuidar.com\\\/loja\\\/mais-mobilidade\\\/cadeiras-de-rodas\\\/almofadas-cadeiras-de-rodas\\\/almofada-matrx-flo-tech-libra#breadcrumb\"},\"inLanguage\":\"pt-PT\",\"potentialAction\":[{\"@type\":\"ReadAction\",\"target\":[\"https:\\\/\\\/www.maisquecuidar.com\\\/loja\\\/mais-mobilidade\\\/cadeiras-de-rodas\\\/almofadas-cadeiras-de-rodas\\\/almofada-matrx-flo-tech-libra\"]}]},{\"@type\":\"ImageObject\",\"inLanguage\":\"pt-PT\",\"@id\":\"https:\\\/\\\/www.maisquecuidar.com\\\/loja\\\/mais-mobilidade\\\/cadeiras-de-rodas\\\/almofadas-cadeiras-de-rodas\\\/almofada-matrx-flo-tech-libra#primaryimage\",\"url\":\"https:\\\/\\\/img.maisquecuidar.com\\\/loja\\\/wp-content\\\/uploads\\\/2020\\\/02\\\/almofada-matrx-libra.jpg\",\"contentUrl\":\"https:\\\/\\\/img.maisquecuidar.com\\\/loja\\\/wp-content\\\/uploads\\\/2020\\\/02\\\/almofada-matrx-libra.jpg\",\"width\":1280,\"height\":800},{\"@type\":\"BreadcrumbList\",\"@id\":\"https:\\\/\\\/www.maisquecuidar.com\\\/loja\\\/mais-mobilidade\\\/cadeiras-de-rodas\\\/almofadas-cadeiras-de-rodas\\\/almofada-matrx-flo-tech-libra#breadcrumb\",\"itemListElement\":[{\"@type\":\"ListItem\",\"position\":1,\"name\":\"Home\",\"item\":\"https:\\\/\\\/www.maisquecuidar.com\\\/loja\\\/\"},{\"@type\":\"ListItem\",\"position\":2,\"name\":\"Loja Online de Ortopedia e Geriatria em Portugal\",\"item\":\"https:\\\/\\\/www.maisquecuidar.com\\\/loja\\\/loja\"},{\"@type\":\"ListItem\",\"position\":3,\"name\":\"Mais Mobilidade\",\"item\":\"https:\\\/\\\/www.maisquecuidar.com\\\/loja\\\/mais-mobilidade\"},{\"@type\":\"ListItem\",\"position\":4,\"name\":\"Cadeiras de Rodas\",\"item\":\"https:\\\/\\\/www.maisquecuidar.com\\\/loja\\\/mais-mobilidade\\\/cadeiras-de-rodas\"},{\"@type\":\"ListItem\",\"position\":5,\"name\":\"Almofadas para Cadeiras de Rodas\",\"item\":\"https:\\\/\\\/www.maisquecuidar.com\\\/loja\\\/mais-mobilidade\\\/cadeiras-de-rodas\\\/almofadas-cadeiras-de-rodas\"},{\"@type\":\"ListItem\",\"position\":6,\"name\":\"Almofada Matrx Flo-tech Libra Invacare\"}]},{\"@type\":\"WebSite\",\"@id\":\"https:\\\/\\\/www.maisquecuidar.com\\\/loja\\\/#website\",\"url\":\"https:\\\/\\\/www.maisquecuidar.com\\\/loja\\\/\",\"name\":\"Mais que Cuidar\",\"description\":\"Sa\u00fade, Ortopedia e Geriatria\",\"publisher\":{\"@id\":\"https:\\\/\\\/www.maisquecuidar.com\\\/loja\\\/#organization\"},\"potentialAction\":[{\"@type\":\"SearchAction\",\"target\":{\"@type\":\"EntryPoint\",\"urlTemplate\":\"https:\\\/\\\/www.maisquecuidar.com\\\/loja\\\/?s={search_term_string}\"},\"query-input\":{\"@type\":\"PropertyValueSpecification\",\"valueRequired\":true,\"valueName\":\"search_term_string\"}}],\"inLanguage\":\"pt-PT\"},{\"@type\":\"Organization\",\"@id\":\"https:\\\/\\\/www.maisquecuidar.com\\\/loja\\\/#organization\",\"name\":\"Mais Que Cuidar\",\"url\":\"https:\\\/\\\/www.maisquecuidar.com\\\/loja\\\/\",\"logo\":{\"@type\":\"ImageObject\",\"inLanguage\":\"pt-PT\",\"@id\":\"https:\\\/\\\/www.maisquecuidar.com\\\/loja\\\/#\\\/schema\\\/logo\\\/image\\\/\",\"url\":\"https:\\\/\\\/img.maisquecuidar.com\\\/loja\\\/wp-content\\\/uploads\\\/2019\\\/08\\\/logo-mais-que-cuidar-retina.png\",\"contentUrl\":\"https:\\\/\\\/img.maisquecuidar.com\\\/loja\\\/wp-content\\\/uploads\\\/2019\\\/08\\\/logo-mais-que-cuidar-retina.png\",\"width\":565,\"height\":75,\"caption\":\"Mais Que Cuidar\"},\"image\":{\"@id\":\"https:\\\/\\\/www.maisquecuidar.com\\\/loja\\\/#\\\/schema\\\/logo\\\/image\\\/\"},\"sameAs\":[\"https:\\\/\\\/www.facebook.com\\\/maisquecuidar.pt\",\"https:\\\/\\\/www.instagram.com\\\/maisquecuidar\"]}]}<\/script>\n<!-- \/ Yoast SEO plugin. -->","yoast_head_json":{"title":"Almofada Matrx Flo-tech Libra Invacare - Mais que Cuidar","description":"Conhe\u00e7a as caracter\u00edsticas da almofada Matrx Flo-tech Libra da Invacare que pode ser personalizada a cada utilizador. Confira o pre\u00e7o!","robots":{"index":"index","follow":"follow","max-snippet":"max-snippet:-1","max-image-preview":"max-image-preview:large","max-video-preview":"max-video-preview:-1"},"canonical":"https:\/\/www.maisquecuidar.com\/loja\/mais-mobilidade\/cadeiras-de-rodas\/almofadas-cadeiras-de-rodas\/almofada-matrx-flo-tech-libra","og_locale":"pt_PT","og_type":"article","og_title":"Almofada Matrx Flo-tech Libra Invacare - Mais que Cuidar","og_description":"Conhe\u00e7a as caracter\u00edsticas da almofada Matrx Flo-tech Libra da Invacare que pode ser personalizada a cada utilizador. Confira o pre\u00e7o!","og_url":"https:\/\/www.maisquecuidar.com\/loja\/mais-mobilidade\/cadeiras-de-rodas\/almofadas-cadeiras-de-rodas\/almofada-matrx-flo-tech-libra","og_site_name":"Mais que Cuidar","article_publisher":"https:\/\/www.facebook.com\/maisquecuidar.pt","article_modified_time":"2025-10-01T17:33:22+00:00","og_image":[{"width":1280,"height":800,"url":"https:\/\/img.maisquecuidar.com\/loja\/wp-content\/uploads\/2020\/02\/almofada-matrx-libra.jpg","type":"image\/jpeg"}],"twitter_misc":{"Tempo estimado de leitura":"2 minutos"},"schema":{"@context":"https:\/\/schema.org","@graph":[{"@type":"WebPage","@id":"https:\/\/www.maisquecuidar.com\/loja\/mais-mobilidade\/cadeiras-de-rodas\/almofadas-cadeiras-de-rodas\/almofada-matrx-flo-tech-libra","url":"https:\/\/www.maisquecuidar.com\/loja\/mais-mobilidade\/cadeiras-de-rodas\/almofadas-cadeiras-de-rodas\/almofada-matrx-flo-tech-libra","name":"Almofada Matrx Flo-tech Libra Invacare - Mais que Cuidar","isPartOf":{"@id":"https:\/\/www.maisquecuidar.com\/loja\/#website"},"primaryImageOfPage":{"@id":"https:\/\/www.maisquecuidar.com\/loja\/mais-mobilidade\/cadeiras-de-rodas\/almofadas-cadeiras-de-rodas\/almofada-matrx-flo-tech-libra#primaryimage"},"image":{"@id":"https:\/\/www.maisquecuidar.com\/loja\/mais-mobilidade\/cadeiras-de-rodas\/almofadas-cadeiras-de-rodas\/almofada-matrx-flo-tech-libra#primaryimage"},"thumbnailUrl":"https:\/\/img.maisquecuidar.com\/loja\/wp-content\/uploads\/2020\/02\/almofada-matrx-libra.jpg","datePublished":"2020-02-24T21:52:31+00:00","dateModified":"2025-10-01T17:33:22+00:00","description":"Conhe\u00e7a as caracter\u00edsticas da almofada Matrx Flo-tech Libra da Invacare que pode ser personalizada a cada utilizador. Confira o pre\u00e7o!","breadcrumb":{"@id":"https:\/\/www.maisquecuidar.com\/loja\/mais-mobilidade\/cadeiras-de-rodas\/almofadas-cadeiras-de-rodas\/almofada-matrx-flo-tech-libra#breadcrumb"},"inLanguage":"pt-PT","potentialAction":[{"@type":"ReadAction","target":["https:\/\/www.maisquecuidar.com\/loja\/mais-mobilidade\/cadeiras-de-rodas\/almofadas-cadeiras-de-rodas\/almofada-matrx-flo-tech-libra"]}]},{"@type":"ImageObject","inLanguage":"pt-PT","@id":"https:\/\/www.maisquecuidar.com\/loja\/mais-mobilidade\/cadeiras-de-rodas\/almofadas-cadeiras-de-rodas\/almofada-matrx-flo-tech-libra#primaryimage","url":"https:\/\/img.maisquecuidar.com\/loja\/wp-content\/uploads\/2020\/02\/almofada-matrx-libra.jpg","contentUrl":"https:\/\/img.maisquecuidar.com\/loja\/wp-content\/uploads\/2020\/02\/almofada-matrx-libra.jpg","width":1280,"height":800},{"@type":"BreadcrumbList","@id":"https:\/\/www.maisquecuidar.com\/loja\/mais-mobilidade\/cadeiras-de-rodas\/almofadas-cadeiras-de-rodas\/almofada-matrx-flo-tech-libra#breadcrumb","itemListElement":[{"@type":"ListItem","position":1,"name":"Home","item":"https:\/\/www.maisquecuidar.com\/loja\/"},{"@type":"ListItem","position":2,"name":"Loja Online de Ortopedia e Geriatria em Portugal","item":"https:\/\/www.maisquecuidar.com\/loja\/loja"},{"@type":"ListItem","position":3,"name":"Mais Mobilidade","item":"https:\/\/www.maisquecuidar.com\/loja\/mais-mobilidade"},{"@type":"ListItem","position":4,"name":"Cadeiras de Rodas","item":"https:\/\/www.maisquecuidar.com\/loja\/mais-mobilidade\/cadeiras-de-rodas"},{"@type":"ListItem","position":5,"name":"Almofadas para Cadeiras de Rodas","item":"https:\/\/www.maisquecuidar.com\/loja\/mais-mobilidade\/cadeiras-de-rodas\/almofadas-cadeiras-de-rodas"},{"@type":"ListItem","position":6,"name":"Almofada Matrx Flo-tech Libra Invacare"}]},{"@type":"WebSite","@id":"https:\/\/www.maisquecuidar.com\/loja\/#website","url":"https:\/\/www.maisquecuidar.com\/loja\/","name":"Mais que Cuidar","description":"Sa\u00fade, Ortopedia e Geriatria","publisher":{"@id":"https:\/\/www.maisquecuidar.com\/loja\/#organization"},"potentialAction":[{"@type":"SearchAction","target":{"@type":"EntryPoint","urlTemplate":"https:\/\/www.maisquecuidar.com\/loja\/?s={search_term_string}"},"query-input":{"@type":"PropertyValueSpecification","valueRequired":true,"valueName":"search_term_string"}}],"inLanguage":"pt-PT"},{"@type":"Organization","@id":"https:\/\/www.maisquecuidar.com\/loja\/#organization","name":"Mais Que Cuidar","url":"https:\/\/www.maisquecuidar.com\/loja\/","logo":{"@type":"ImageObject","inLanguage":"pt-PT","@id":"https:\/\/www.maisquecuidar.com\/loja\/#\/schema\/logo\/image\/","url":"https:\/\/img.maisquecuidar.com\/loja\/wp-content\/uploads\/2019\/08\/logo-mais-que-cuidar-retina.png","contentUrl":"https:\/\/img.maisquecuidar.com\/loja\/wp-content\/uploads\/2019\/08\/logo-mais-que-cuidar-retina.png","width":565,"height":75,"caption":"Mais Que Cuidar"},"image":{"@id":"https:\/\/www.maisquecuidar.com\/loja\/#\/schema\/logo\/image\/"},"sameAs":["https:\/\/www.facebook.com\/maisquecuidar.pt","https:\/\/www.instagram.com\/maisquecuidar"]}]}},"_links":{"self":[{"href":"https:\/\/www.maisquecuidar.com\/loja\/wp-json\/wp\/v2\/product\/13458","targetHints":{"allow":["GET"]}}],"collection":[{"href":"https:\/\/www.maisquecuidar.com\/loja\/wp-json\/wp\/v2\/product"}],"about":[{"href":"https:\/\/www.maisquecuidar.com\/loja\/wp-json\/wp\/v2\/types\/product"}],"wp:featuredmedia":[{"embeddable":true,"href":"https:\/\/www.maisquecuidar.com\/loja\/wp-json\/wp\/v2\/media\/13465"}],"wp:attachment":[{"href":"https:\/\/www.maisquecuidar.com\/loja\/wp-json\/wp\/v2\/media?parent=13458"}],"wp:term":[{"taxonomy":"product_brand","embeddable":true,"href":"https:\/\/www.maisquecuidar.com\/loja\/wp-json\/wp\/v2\/product_brand?post=13458"},{"taxonomy":"product_cat","embeddable":true,"href":"https:\/\/www.maisquecuidar.com\/loja\/wp-json\/wp\/v2\/product_cat?post=13458"},{"taxonomy":"product_tag","embeddable":true,"href":"https:\/\/www.maisquecuidar.com\/loja\/wp-json\/wp\/v2\/product_tag?post=13458"}],"curies":[{"name":"wp","href":"https:\/\/api.w.org\/{rel}","templated":true}]}}