{"id":13454,"date":"2020-02-24T17:42:03","date_gmt":"2020-02-24T17:42:03","guid":{"rendered":"https:\/\/www.maisquecuidar.com\/loja\/?post_type=product&#038;p=13454"},"modified":"2025-10-01T18:32:50","modified_gmt":"2025-10-01T17:32:50","slug":"almofada-matrx-flo-tech-image","status":"publish","type":"product","link":"https:\/\/www.maisquecuidar.com\/loja\/mais-mobilidade\/cadeiras-de-rodas\/almofadas-cadeiras-de-rodas\/almofada-matrx-flo-tech-image","title":{"rendered":"Almofada Matrx Flo-tech Image Invacare"},"content":{"rendered":"<p>A almofada Matrx Flo-tech Image de espuma de elevada densidade (70 kg\/m3) incorpora uma sec\u00e7\u00e3o de fluido que suporta a zona do sacro, oferecendo uma maior distribui\u00e7\u00e3o das press\u00f5es e permitindo uma imers\u00e3o das zonas mais vulner\u00e1veis (tuberosidades isqui\u00e1ticas). O formato proporciona um elevado grau de prote\u00e7\u00e3o para os utilizadores com elevado risco de aparecimento de escaras. Adequada para utiliza\u00e7\u00e3o em cadeiras tradicionais e cadeiras de rodas.<\/p>\n<ul>\n<li><strong>Capa Bi-el\u00e1stica resistente<\/strong>: a capa \u00e9 em tecido preto dartex, bi-el\u00e1stica, imperme\u00e1vel a liqu\u00eddos e perme\u00e1vel a vapor. A base \u00e9 anti-deslizante. Incorpora uma pega.<\/li>\n<li><strong>V\u00e1rios tamanhos dispon\u00edveis<\/strong>: com entrega r\u00e1pida.<\/li>\n<li><strong>Ultra-fresh protection<\/strong>: adicionado para oferecer prote\u00e7\u00e3o anti-microbiana e anti-odor.<\/li>\n<li><strong>Desenho anat\u00f3mico:<\/strong> oferece maior estabilidade e suporte postural. A combina\u00e7\u00e3o entre o desenho dos canais de ventila\u00e7\u00e3o e o saco de flu\u00eddo, contribui efetivamente para a redu\u00e7\u00e3o das for\u00e7as de deslizamento e fric\u00e7\u00e3o sobre os tecidos.<\/li>\n<\/ul>\n","protected":false},"excerpt":{"rendered":"<p>A almofada Matrx Flo-tech Image de espuma de elevada densidade (70 kg\/m3) incorpora uma sec\u00e7\u00e3o de fluido que suporta a zona do sacro, oferecendo uma maior distribui\u00e7\u00e3o das press\u00f5es e permitindo uma imers\u00e3o das zonas mais vulner\u00e1veis (tuberosidades isqui\u00e1ticas). O formato proporciona um elevado grau de prote\u00e7\u00e3o para os utilizadores com elevado risco de aparecimento&hellip;&nbsp;<a href=\"https:\/\/www.maisquecuidar.com\/loja\/mais-mobilidade\/cadeiras-de-rodas\/almofadas-cadeiras-de-rodas\/almofada-matrx-flo-tech-image\" rel=\"bookmark\">Ler mais &raquo;<span class=\"screen-reader-text\">Almofada Matrx Flo-tech Image Invacare<\/span><\/a><\/p>\n","protected":false},"featured_media":13457,"template":"","meta":{"_acf_changed":false,"neve_meta_sidebar":"","neve_meta_container":"","neve_meta_enable_content_width":"","neve_meta_content_width":0,"neve_meta_title_alignment":"","neve_meta_author_avatar":"","neve_post_elements_order":"","neve_meta_disable_header":"","neve_meta_disable_footer":"","neve_meta_disable_title":""},"product_brand":[],"product_cat":[85],"product_tag":[],"class_list":{"0":"post-13454","1":"product","2":"type-product","3":"status-publish","4":"has-post-thumbnail","6":"product_cat-almofadas-cadeiras-de-rodas","8":"first","9":"instock","10":"taxable","11":"shipping-taxable","12":"purchasable","13":"product-type-simple"},"acf":[],"yoast_head":"<!-- This site is optimized with the Yoast SEO plugin v27.5 - https:\/\/yoast.com\/product\/yoast-seo-wordpress\/ -->\n<title>Almofada Matrx Flo-tech Image Invacare - Mais que Cuidar<\/title>\n<meta name=\"description\" content=\"Descubra as caracter\u00edsticas da almofada Matrx Flo-tech Image da Invacare adequada para utiliza\u00e7\u00e3o em cadeiras tradicionais e cadeiras de rodas. Confira!\" \/>\n<meta name=\"robots\" content=\"index, follow, max-snippet:-1, max-image-preview:large, max-video-preview:-1\" \/>\n<link rel=\"canonical\" href=\"https:\/\/www.maisquecuidar.com\/loja\/mais-mobilidade\/cadeiras-de-rodas\/almofadas-cadeiras-de-rodas\/almofada-matrx-flo-tech-image\" \/>\n<meta property=\"og:locale\" content=\"pt_PT\" \/>\n<meta property=\"og:type\" content=\"article\" \/>\n<meta property=\"og:title\" content=\"Almofada Matrx Flo-tech Image Invacare - Mais que Cuidar\" \/>\n<meta property=\"og:description\" content=\"Descubra as caracter\u00edsticas da almofada Matrx Flo-tech Image da Invacare adequada para utiliza\u00e7\u00e3o em cadeiras tradicionais e cadeiras de rodas. Confira!\" \/>\n<meta property=\"og:url\" content=\"https:\/\/www.maisquecuidar.com\/loja\/mais-mobilidade\/cadeiras-de-rodas\/almofadas-cadeiras-de-rodas\/almofada-matrx-flo-tech-image\" \/>\n<meta property=\"og:site_name\" content=\"Mais que Cuidar\" \/>\n<meta property=\"article:publisher\" content=\"https:\/\/www.facebook.com\/maisquecuidar.pt\" \/>\n<meta property=\"article:modified_time\" content=\"2025-10-01T17:32:50+00:00\" \/>\n<meta property=\"og:image\" content=\"https:\/\/img.maisquecuidar.com\/loja\/wp-content\/uploads\/2020\/02\/almofada-invacare-matrx-flotech-image-invacare.jpg\" \/>\n\t<meta property=\"og:image:width\" content=\"1280\" \/>\n\t<meta property=\"og:image:height\" content=\"800\" \/>\n\t<meta property=\"og:image:type\" content=\"image\/jpeg\" \/>\n<meta name=\"twitter:label1\" content=\"Tempo estimado de leitura\" \/>\n\t<meta name=\"twitter:data1\" content=\"1 minuto\" \/>\n<script type=\"application\/ld+json\" class=\"yoast-schema-graph\">{\"@context\":\"https:\\\/\\\/schema.org\",\"@graph\":[{\"@type\":\"WebPage\",\"@id\":\"https:\\\/\\\/www.maisquecuidar.com\\\/loja\\\/mais-mobilidade\\\/cadeiras-de-rodas\\\/almofadas-cadeiras-de-rodas\\\/almofada-matrx-flo-tech-image\",\"url\":\"https:\\\/\\\/www.maisquecuidar.com\\\/loja\\\/mais-mobilidade\\\/cadeiras-de-rodas\\\/almofadas-cadeiras-de-rodas\\\/almofada-matrx-flo-tech-image\",\"name\":\"Almofada Matrx Flo-tech Image Invacare - Mais que Cuidar\",\"isPartOf\":{\"@id\":\"https:\\\/\\\/www.maisquecuidar.com\\\/loja\\\/#website\"},\"primaryImageOfPage\":{\"@id\":\"https:\\\/\\\/www.maisquecuidar.com\\\/loja\\\/mais-mobilidade\\\/cadeiras-de-rodas\\\/almofadas-cadeiras-de-rodas\\\/almofada-matrx-flo-tech-image#primaryimage\"},\"image\":{\"@id\":\"https:\\\/\\\/www.maisquecuidar.com\\\/loja\\\/mais-mobilidade\\\/cadeiras-de-rodas\\\/almofadas-cadeiras-de-rodas\\\/almofada-matrx-flo-tech-image#primaryimage\"},\"thumbnailUrl\":\"https:\\\/\\\/img.maisquecuidar.com\\\/loja\\\/wp-content\\\/uploads\\\/2020\\\/02\\\/almofada-invacare-matrx-flotech-image-invacare.jpg\",\"datePublished\":\"2020-02-24T17:42:03+00:00\",\"dateModified\":\"2025-10-01T17:32:50+00:00\",\"description\":\"Descubra as caracter\u00edsticas da almofada Matrx Flo-tech Image da Invacare adequada para utiliza\u00e7\u00e3o em cadeiras tradicionais e cadeiras de rodas. Confira!\",\"breadcrumb\":{\"@id\":\"https:\\\/\\\/www.maisquecuidar.com\\\/loja\\\/mais-mobilidade\\\/cadeiras-de-rodas\\\/almofadas-cadeiras-de-rodas\\\/almofada-matrx-flo-tech-image#breadcrumb\"},\"inLanguage\":\"pt-PT\",\"potentialAction\":[{\"@type\":\"ReadAction\",\"target\":[\"https:\\\/\\\/www.maisquecuidar.com\\\/loja\\\/mais-mobilidade\\\/cadeiras-de-rodas\\\/almofadas-cadeiras-de-rodas\\\/almofada-matrx-flo-tech-image\"]}]},{\"@type\":\"ImageObject\",\"inLanguage\":\"pt-PT\",\"@id\":\"https:\\\/\\\/www.maisquecuidar.com\\\/loja\\\/mais-mobilidade\\\/cadeiras-de-rodas\\\/almofadas-cadeiras-de-rodas\\\/almofada-matrx-flo-tech-image#primaryimage\",\"url\":\"https:\\\/\\\/img.maisquecuidar.com\\\/loja\\\/wp-content\\\/uploads\\\/2020\\\/02\\\/almofada-invacare-matrx-flotech-image-invacare.jpg\",\"contentUrl\":\"https:\\\/\\\/img.maisquecuidar.com\\\/loja\\\/wp-content\\\/uploads\\\/2020\\\/02\\\/almofada-invacare-matrx-flotech-image-invacare.jpg\",\"width\":1280,\"height\":800,\"caption\":\"almofada invacare matrx flotech image\"},{\"@type\":\"BreadcrumbList\",\"@id\":\"https:\\\/\\\/www.maisquecuidar.com\\\/loja\\\/mais-mobilidade\\\/cadeiras-de-rodas\\\/almofadas-cadeiras-de-rodas\\\/almofada-matrx-flo-tech-image#breadcrumb\",\"itemListElement\":[{\"@type\":\"ListItem\",\"position\":1,\"name\":\"Home\",\"item\":\"https:\\\/\\\/www.maisquecuidar.com\\\/loja\\\/\"},{\"@type\":\"ListItem\",\"position\":2,\"name\":\"Loja Online de Ortopedia e Geriatria em Portugal\",\"item\":\"https:\\\/\\\/www.maisquecuidar.com\\\/loja\\\/loja\"},{\"@type\":\"ListItem\",\"position\":3,\"name\":\"Mais Mobilidade\",\"item\":\"https:\\\/\\\/www.maisquecuidar.com\\\/loja\\\/mais-mobilidade\"},{\"@type\":\"ListItem\",\"position\":4,\"name\":\"Cadeiras de Rodas\",\"item\":\"https:\\\/\\\/www.maisquecuidar.com\\\/loja\\\/mais-mobilidade\\\/cadeiras-de-rodas\"},{\"@type\":\"ListItem\",\"position\":5,\"name\":\"Almofadas para Cadeiras de Rodas\",\"item\":\"https:\\\/\\\/www.maisquecuidar.com\\\/loja\\\/mais-mobilidade\\\/cadeiras-de-rodas\\\/almofadas-cadeiras-de-rodas\"},{\"@type\":\"ListItem\",\"position\":6,\"name\":\"Almofada Matrx Flo-tech Image Invacare\"}]},{\"@type\":\"WebSite\",\"@id\":\"https:\\\/\\\/www.maisquecuidar.com\\\/loja\\\/#website\",\"url\":\"https:\\\/\\\/www.maisquecuidar.com\\\/loja\\\/\",\"name\":\"Mais que Cuidar\",\"description\":\"Sa\u00fade, Ortopedia e Geriatria\",\"publisher\":{\"@id\":\"https:\\\/\\\/www.maisquecuidar.com\\\/loja\\\/#organization\"},\"potentialAction\":[{\"@type\":\"SearchAction\",\"target\":{\"@type\":\"EntryPoint\",\"urlTemplate\":\"https:\\\/\\\/www.maisquecuidar.com\\\/loja\\\/?s={search_term_string}\"},\"query-input\":{\"@type\":\"PropertyValueSpecification\",\"valueRequired\":true,\"valueName\":\"search_term_string\"}}],\"inLanguage\":\"pt-PT\"},{\"@type\":\"Organization\",\"@id\":\"https:\\\/\\\/www.maisquecuidar.com\\\/loja\\\/#organization\",\"name\":\"Mais Que Cuidar\",\"url\":\"https:\\\/\\\/www.maisquecuidar.com\\\/loja\\\/\",\"logo\":{\"@type\":\"ImageObject\",\"inLanguage\":\"pt-PT\",\"@id\":\"https:\\\/\\\/www.maisquecuidar.com\\\/loja\\\/#\\\/schema\\\/logo\\\/image\\\/\",\"url\":\"https:\\\/\\\/img.maisquecuidar.com\\\/loja\\\/wp-content\\\/uploads\\\/2019\\\/08\\\/logo-mais-que-cuidar-retina.png\",\"contentUrl\":\"https:\\\/\\\/img.maisquecuidar.com\\\/loja\\\/wp-content\\\/uploads\\\/2019\\\/08\\\/logo-mais-que-cuidar-retina.png\",\"width\":565,\"height\":75,\"caption\":\"Mais Que Cuidar\"},\"image\":{\"@id\":\"https:\\\/\\\/www.maisquecuidar.com\\\/loja\\\/#\\\/schema\\\/logo\\\/image\\\/\"},\"sameAs\":[\"https:\\\/\\\/www.facebook.com\\\/maisquecuidar.pt\",\"https:\\\/\\\/www.instagram.com\\\/maisquecuidar\"]}]}<\/script>\n<!-- \/ Yoast SEO plugin. -->","yoast_head_json":{"title":"Almofada Matrx Flo-tech Image Invacare - Mais que Cuidar","description":"Descubra as caracter\u00edsticas da almofada Matrx Flo-tech Image da Invacare adequada para utiliza\u00e7\u00e3o em cadeiras tradicionais e cadeiras de rodas. Confira!","robots":{"index":"index","follow":"follow","max-snippet":"max-snippet:-1","max-image-preview":"max-image-preview:large","max-video-preview":"max-video-preview:-1"},"canonical":"https:\/\/www.maisquecuidar.com\/loja\/mais-mobilidade\/cadeiras-de-rodas\/almofadas-cadeiras-de-rodas\/almofada-matrx-flo-tech-image","og_locale":"pt_PT","og_type":"article","og_title":"Almofada Matrx Flo-tech Image Invacare - Mais que Cuidar","og_description":"Descubra as caracter\u00edsticas da almofada Matrx Flo-tech Image da Invacare adequada para utiliza\u00e7\u00e3o em cadeiras tradicionais e cadeiras de rodas. Confira!","og_url":"https:\/\/www.maisquecuidar.com\/loja\/mais-mobilidade\/cadeiras-de-rodas\/almofadas-cadeiras-de-rodas\/almofada-matrx-flo-tech-image","og_site_name":"Mais que Cuidar","article_publisher":"https:\/\/www.facebook.com\/maisquecuidar.pt","article_modified_time":"2025-10-01T17:32:50+00:00","og_image":[{"width":1280,"height":800,"url":"https:\/\/img.maisquecuidar.com\/loja\/wp-content\/uploads\/2020\/02\/almofada-invacare-matrx-flotech-image-invacare.jpg","type":"image\/jpeg"}],"twitter_misc":{"Tempo estimado de leitura":"1 minuto"},"schema":{"@context":"https:\/\/schema.org","@graph":[{"@type":"WebPage","@id":"https:\/\/www.maisquecuidar.com\/loja\/mais-mobilidade\/cadeiras-de-rodas\/almofadas-cadeiras-de-rodas\/almofada-matrx-flo-tech-image","url":"https:\/\/www.maisquecuidar.com\/loja\/mais-mobilidade\/cadeiras-de-rodas\/almofadas-cadeiras-de-rodas\/almofada-matrx-flo-tech-image","name":"Almofada Matrx Flo-tech Image Invacare - Mais que Cuidar","isPartOf":{"@id":"https:\/\/www.maisquecuidar.com\/loja\/#website"},"primaryImageOfPage":{"@id":"https:\/\/www.maisquecuidar.com\/loja\/mais-mobilidade\/cadeiras-de-rodas\/almofadas-cadeiras-de-rodas\/almofada-matrx-flo-tech-image#primaryimage"},"image":{"@id":"https:\/\/www.maisquecuidar.com\/loja\/mais-mobilidade\/cadeiras-de-rodas\/almofadas-cadeiras-de-rodas\/almofada-matrx-flo-tech-image#primaryimage"},"thumbnailUrl":"https:\/\/img.maisquecuidar.com\/loja\/wp-content\/uploads\/2020\/02\/almofada-invacare-matrx-flotech-image-invacare.jpg","datePublished":"2020-02-24T17:42:03+00:00","dateModified":"2025-10-01T17:32:50+00:00","description":"Descubra as caracter\u00edsticas da almofada Matrx Flo-tech Image da Invacare adequada para utiliza\u00e7\u00e3o em cadeiras tradicionais e cadeiras de rodas. Confira!","breadcrumb":{"@id":"https:\/\/www.maisquecuidar.com\/loja\/mais-mobilidade\/cadeiras-de-rodas\/almofadas-cadeiras-de-rodas\/almofada-matrx-flo-tech-image#breadcrumb"},"inLanguage":"pt-PT","potentialAction":[{"@type":"ReadAction","target":["https:\/\/www.maisquecuidar.com\/loja\/mais-mobilidade\/cadeiras-de-rodas\/almofadas-cadeiras-de-rodas\/almofada-matrx-flo-tech-image"]}]},{"@type":"ImageObject","inLanguage":"pt-PT","@id":"https:\/\/www.maisquecuidar.com\/loja\/mais-mobilidade\/cadeiras-de-rodas\/almofadas-cadeiras-de-rodas\/almofada-matrx-flo-tech-image#primaryimage","url":"https:\/\/img.maisquecuidar.com\/loja\/wp-content\/uploads\/2020\/02\/almofada-invacare-matrx-flotech-image-invacare.jpg","contentUrl":"https:\/\/img.maisquecuidar.com\/loja\/wp-content\/uploads\/2020\/02\/almofada-invacare-matrx-flotech-image-invacare.jpg","width":1280,"height":800,"caption":"almofada invacare matrx flotech image"},{"@type":"BreadcrumbList","@id":"https:\/\/www.maisquecuidar.com\/loja\/mais-mobilidade\/cadeiras-de-rodas\/almofadas-cadeiras-de-rodas\/almofada-matrx-flo-tech-image#breadcrumb","itemListElement":[{"@type":"ListItem","position":1,"name":"Home","item":"https:\/\/www.maisquecuidar.com\/loja\/"},{"@type":"ListItem","position":2,"name":"Loja Online de Ortopedia e Geriatria em Portugal","item":"https:\/\/www.maisquecuidar.com\/loja\/loja"},{"@type":"ListItem","position":3,"name":"Mais Mobilidade","item":"https:\/\/www.maisquecuidar.com\/loja\/mais-mobilidade"},{"@type":"ListItem","position":4,"name":"Cadeiras de Rodas","item":"https:\/\/www.maisquecuidar.com\/loja\/mais-mobilidade\/cadeiras-de-rodas"},{"@type":"ListItem","position":5,"name":"Almofadas para Cadeiras de Rodas","item":"https:\/\/www.maisquecuidar.com\/loja\/mais-mobilidade\/cadeiras-de-rodas\/almofadas-cadeiras-de-rodas"},{"@type":"ListItem","position":6,"name":"Almofada Matrx Flo-tech Image Invacare"}]},{"@type":"WebSite","@id":"https:\/\/www.maisquecuidar.com\/loja\/#website","url":"https:\/\/www.maisquecuidar.com\/loja\/","name":"Mais que Cuidar","description":"Sa\u00fade, Ortopedia e Geriatria","publisher":{"@id":"https:\/\/www.maisquecuidar.com\/loja\/#organization"},"potentialAction":[{"@type":"SearchAction","target":{"@type":"EntryPoint","urlTemplate":"https:\/\/www.maisquecuidar.com\/loja\/?s={search_term_string}"},"query-input":{"@type":"PropertyValueSpecification","valueRequired":true,"valueName":"search_term_string"}}],"inLanguage":"pt-PT"},{"@type":"Organization","@id":"https:\/\/www.maisquecuidar.com\/loja\/#organization","name":"Mais Que Cuidar","url":"https:\/\/www.maisquecuidar.com\/loja\/","logo":{"@type":"ImageObject","inLanguage":"pt-PT","@id":"https:\/\/www.maisquecuidar.com\/loja\/#\/schema\/logo\/image\/","url":"https:\/\/img.maisquecuidar.com\/loja\/wp-content\/uploads\/2019\/08\/logo-mais-que-cuidar-retina.png","contentUrl":"https:\/\/img.maisquecuidar.com\/loja\/wp-content\/uploads\/2019\/08\/logo-mais-que-cuidar-retina.png","width":565,"height":75,"caption":"Mais Que Cuidar"},"image":{"@id":"https:\/\/www.maisquecuidar.com\/loja\/#\/schema\/logo\/image\/"},"sameAs":["https:\/\/www.facebook.com\/maisquecuidar.pt","https:\/\/www.instagram.com\/maisquecuidar"]}]}},"_links":{"self":[{"href":"https:\/\/www.maisquecuidar.com\/loja\/wp-json\/wp\/v2\/product\/13454","targetHints":{"allow":["GET"]}}],"collection":[{"href":"https:\/\/www.maisquecuidar.com\/loja\/wp-json\/wp\/v2\/product"}],"about":[{"href":"https:\/\/www.maisquecuidar.com\/loja\/wp-json\/wp\/v2\/types\/product"}],"wp:featuredmedia":[{"embeddable":true,"href":"https:\/\/www.maisquecuidar.com\/loja\/wp-json\/wp\/v2\/media\/13457"}],"wp:attachment":[{"href":"https:\/\/www.maisquecuidar.com\/loja\/wp-json\/wp\/v2\/media?parent=13454"}],"wp:term":[{"taxonomy":"product_brand","embeddable":true,"href":"https:\/\/www.maisquecuidar.com\/loja\/wp-json\/wp\/v2\/product_brand?post=13454"},{"taxonomy":"product_cat","embeddable":true,"href":"https:\/\/www.maisquecuidar.com\/loja\/wp-json\/wp\/v2\/product_cat?post=13454"},{"taxonomy":"product_tag","embeddable":true,"href":"https:\/\/www.maisquecuidar.com\/loja\/wp-json\/wp\/v2\/product_tag?post=13454"}],"curies":[{"name":"wp","href":"https:\/\/api.w.org\/{rel}","templated":true}]}}