{"id":13442,"date":"2020-02-24T16:04:00","date_gmt":"2020-02-24T16:04:00","guid":{"rendered":"https:\/\/www.maisquecuidar.com\/loja\/?post_type=product&#038;p=13442"},"modified":"2026-04-17T12:44:52","modified_gmt":"2026-04-17T11:44:52","slug":"almofada-propad-revolve-si","status":"publish","type":"product","link":"https:\/\/www.maisquecuidar.com\/loja\/mais-mobilidade\/cadeiras-de-rodas\/almofadas-cadeiras-de-rodas\/almofada-propad-revolve-si","title":{"rendered":"Almofada Propad Revolve Si Invacare"},"content":{"rendered":"<p>A almofada Propad Revolve Si foi desenvolvida para:<\/p>\n<ul>\n<li>Oferecer um uso seguro e f\u00e1cil da almofada;<\/li>\n<li>Combinar materiais de qualidade e excel\u00eancia;<\/li>\n<li>Ir ao encontro de utilizadores em alto risco de desenvolver \u00falceras de press\u00e3o.<\/li>\n<\/ul>\n<p>A Propad Revolve Si combina 2 camadas de alta qualidade moldadas em espuma de alta resili\u00eancia, com uma bolsa de flu\u00eddo de silicone incorporado, n\u00e3o sens\u00edvel \u00e0 temperatura, para uma prote\u00e7\u00e3o superior da pele do utilizador.<\/p>\n<p>Depois de observar muitos utilizadores sentados em almofadas com contorno e numa posi\u00e7\u00e3o incorreta, a Invacare desenvolveu a Propad Revolve Si com o conceito de que <strong>pode estar colocada de qualquer forma e em qualquer dire\u00e7\u00e3o sem comprometer o conforto do utilizador. <\/strong>Este design vers\u00e1til permite um uso flex\u00edvel na parte superior, inferior, frente e verso, reduzindo a necessidade de avalia\u00e7\u00f5es e prepara\u00e7\u00e3o dos assentos.<\/p>\n<h3>Espuma de alta resili\u00eancia e qualidade<\/h3>\n<p>A Propad Revolve Si utiliza a mesma qualidade de espuma de alta resili\u00eancia que a restante gama Matrx Flotech, ao usar uma estrutura premium de c\u00e9lulas abertas e poliuretano flex\u00edvel. A performance da almofada \u00e9 refor\u00e7ada por:<\/p>\n<ul>\n<li>Qu\u00edmicos retardadores de chama <strong>reduzem a inflamabilidade da almofada<\/strong>;<\/li>\n<li>Agente de ventila\u00e7\u00e3o cria uma caracter\u00edstica de estrutura celular e<strong> determina a densidade da espuma<\/strong>;<\/li>\n<li>O surfactante usado para modificar as caracter\u00edsticas da espuma <strong>ajuda a regular o tamanho da c\u00e9lula e estabiliza a estrutura celular da espuma;<\/strong><\/li>\n<li>O tratamento Ultra-Fresh <strong>proporciona a sensa\u00e7\u00e3o de frescura e longevidade gra\u00e7as \u00e0 prote\u00e7\u00e3o anti-microbiana e anti-odor<\/strong>;<\/li>\n<li>A Propad Revolve Si usa uma espuma de alta densidade (70kg\/m3) e <strong>proporciona suporte duradouro sem perder qualidade ou deixar que o utilizador deslize quando est\u00e1 sentado.<\/strong><\/li>\n<\/ul>\n<h3>Benef\u00edcios da tecnologia do flu\u00eddo Flo-tech<\/h3>\n<p><img fetchpriority=\"high\" decoding=\"async\" class=\"alignnone wp-image-13444\" src=\"https:\/\/www.maisquecuidar.com\/loja\/wp-content\/uploads\/2020\/02\/propad-revolve-si-almofada-invacare-800x500.jpg\" alt=\"Propad revolve si almofada Invacare\" width=\"458\" height=\"286\" srcset=\"https:\/\/img.maisquecuidar.com\/loja\/wp-content\/uploads\/2020\/02\/propad-revolve-si-almofada-invacare-800x500.jpg 800w, https:\/\/img.maisquecuidar.com\/loja\/wp-content\/uploads\/2020\/02\/propad-revolve-si-almofada-invacare-380x238.jpg 380w, https:\/\/img.maisquecuidar.com\/loja\/wp-content\/uploads\/2020\/02\/propad-revolve-si-almofada-invacare-1024x640.jpg 1024w, https:\/\/img.maisquecuidar.com\/loja\/wp-content\/uploads\/2020\/02\/propad-revolve-si-almofada-invacare-768x480.jpg 768w, https:\/\/img.maisquecuidar.com\/loja\/wp-content\/uploads\/2020\/02\/propad-revolve-si-almofada-invacare-350x219.jpg 350w, https:\/\/img.maisquecuidar.com\/loja\/wp-content\/uploads\/2020\/02\/propad-revolve-si-almofada-invacare.jpg 1280w\" sizes=\"(max-width: 458px) 100vw, 458px\" \/><\/p>\n<p>A Propad Revolve Si tem uma bolsa de flu\u00eddo (silicone) integrado na base da espuma da reconhecida tecnologia Flo-tech Invacare. Este conceito de uma camada de flu\u00eddo interna foi desenvolvido tendo em considera\u00e7\u00e3o os utilizadores mais propensos a mudan\u00e7as de temperatura e que sentem desconforto (demasiada frescura) em almofadas com flu\u00eddo na camada superior. Com a Propad Revolve podem encontrar a solu\u00e7\u00e3o ideal pois beneficiam da prote\u00e7\u00e3o da pele garantida pela flu\u00eddo, mas sem contacto j\u00e1 que o mesmo est\u00e1 colocado entre 2 camadas de espuma macia. Por esse motivo, beneficiam das propriedades de redistribui\u00e7\u00e3o da press\u00e3o e 2 materiais garantindo conforto e boa regula\u00e7\u00e3o da temperatura.<\/p>\n<p><strong>As vantagens adicionais do fluido Flo-tech incluem:<\/strong><\/p>\n<ul>\n<li>Excelentes propriedades de dispers\u00e3o para promover maior imers\u00e3o e envolvimento;<\/li>\n<li>Flu\u00eddo n\u00e3o sens\u00edvel \u00e0 temperatura vai garantir que a viscosidade mant\u00e9m-se consistente em todos os climas.<\/li>\n<li>O saco de flu\u00eddo (silicone) est\u00e1 dividido em 4 compartimentos para assegurar que flu\u00eddo permane\u00e7a situado debaixo das Tuberosidades Isqui\u00e1ticas (independentemente da orienta\u00e7\u00e3o). Isto oferece maior prote\u00e7\u00e3o a uma das \u00e1reas anat\u00f3micas mais cr\u00edticas para o desenvolvimento de \u00falceras de press\u00e3o.<\/li>\n<\/ul>\n","protected":false},"excerpt":{"rendered":"<p>A almofada Propad Revolve Si foi desenvolvida para: Oferecer um uso seguro e f\u00e1cil da almofada; Combinar materiais de qualidade e excel\u00eancia; Ir ao encontro de utilizadores em alto risco de desenvolver \u00falceras de press\u00e3o. A Propad Revolve Si combina 2 camadas de alta qualidade moldadas em espuma de alta resili\u00eancia, com uma bolsa de&hellip;&nbsp;<a href=\"https:\/\/www.maisquecuidar.com\/loja\/mais-mobilidade\/cadeiras-de-rodas\/almofadas-cadeiras-de-rodas\/almofada-propad-revolve-si\" rel=\"bookmark\">Ler mais &raquo;<span class=\"screen-reader-text\">Almofada Propad Revolve Si Invacare<\/span><\/a><\/p>\n","protected":false},"featured_media":13445,"template":"","meta":{"_acf_changed":false,"neve_meta_sidebar":"","neve_meta_container":"","neve_meta_enable_content_width":"off","neve_meta_content_width":100,"neve_meta_title_alignment":"","neve_meta_author_avatar":"","neve_post_elements_order":"","neve_meta_disable_header":"","neve_meta_disable_footer":"","neve_meta_disable_title":""},"product_brand":[],"product_cat":[85],"product_tag":[],"class_list":{"0":"post-13442","1":"product","2":"type-product","3":"status-publish","4":"has-post-thumbnail","6":"product_cat-almofadas-cadeiras-de-rodas","8":"first","9":"instock","10":"taxable","11":"shipping-taxable","12":"purchasable","13":"product-type-variable"},"acf":[],"yoast_head":"<!-- This site is optimized with the Yoast SEO plugin v27.5 - https:\/\/yoast.com\/product\/yoast-seo-wordpress\/ -->\n<title>Almofada Propad Revolve Si Invacare - Mais que Cuidar<\/title>\n<meta name=\"description\" content=\"Descubra as caracter\u00edsticas da almofada propad revolve si da Invacare para utilizadores com alto risco de \u00falceras de press\u00e3o. Confira o pre\u00e7o\" \/>\n<meta name=\"robots\" content=\"index, follow, max-snippet:-1, max-image-preview:large, max-video-preview:-1\" \/>\n<link rel=\"canonical\" href=\"https:\/\/www.maisquecuidar.com\/loja\/mais-mobilidade\/cadeiras-de-rodas\/almofadas-cadeiras-de-rodas\/almofada-propad-revolve-si\" \/>\n<meta property=\"og:locale\" content=\"pt_PT\" \/>\n<meta property=\"og:type\" content=\"article\" \/>\n<meta property=\"og:title\" content=\"Almofada Propad Revolve Si Invacare - Mais que Cuidar\" \/>\n<meta property=\"og:description\" content=\"Descubra as caracter\u00edsticas da almofada propad revolve si da Invacare para utilizadores com alto risco de \u00falceras de press\u00e3o. Confira o pre\u00e7o\" \/>\n<meta property=\"og:url\" content=\"https:\/\/www.maisquecuidar.com\/loja\/mais-mobilidade\/cadeiras-de-rodas\/almofadas-cadeiras-de-rodas\/almofada-propad-revolve-si\" \/>\n<meta property=\"og:site_name\" content=\"Mais que Cuidar\" \/>\n<meta property=\"article:publisher\" content=\"https:\/\/www.facebook.com\/maisquecuidar.pt\" \/>\n<meta property=\"article:modified_time\" content=\"2026-04-17T11:44:52+00:00\" \/>\n<meta property=\"og:image\" content=\"https:\/\/img.maisquecuidar.com\/loja\/wp-content\/uploads\/2020\/02\/almofada-propad-revolve-si-invacare.jpg\" \/>\n\t<meta property=\"og:image:width\" content=\"1280\" \/>\n\t<meta property=\"og:image:height\" content=\"800\" \/>\n\t<meta property=\"og:image:type\" content=\"image\/jpeg\" \/>\n<meta name=\"twitter:label1\" content=\"Tempo estimado de leitura\" \/>\n\t<meta name=\"twitter:data1\" content=\"3 minutos\" \/>\n<script type=\"application\/ld+json\" class=\"yoast-schema-graph\">{\"@context\":\"https:\\\/\\\/schema.org\",\"@graph\":[{\"@type\":\"WebPage\",\"@id\":\"https:\\\/\\\/www.maisquecuidar.com\\\/loja\\\/mais-mobilidade\\\/cadeiras-de-rodas\\\/almofadas-cadeiras-de-rodas\\\/almofada-propad-revolve-si\",\"url\":\"https:\\\/\\\/www.maisquecuidar.com\\\/loja\\\/mais-mobilidade\\\/cadeiras-de-rodas\\\/almofadas-cadeiras-de-rodas\\\/almofada-propad-revolve-si\",\"name\":\"Almofada Propad Revolve Si Invacare - Mais que Cuidar\",\"isPartOf\":{\"@id\":\"https:\\\/\\\/www.maisquecuidar.com\\\/loja\\\/#website\"},\"primaryImageOfPage\":{\"@id\":\"https:\\\/\\\/www.maisquecuidar.com\\\/loja\\\/mais-mobilidade\\\/cadeiras-de-rodas\\\/almofadas-cadeiras-de-rodas\\\/almofada-propad-revolve-si#primaryimage\"},\"image\":{\"@id\":\"https:\\\/\\\/www.maisquecuidar.com\\\/loja\\\/mais-mobilidade\\\/cadeiras-de-rodas\\\/almofadas-cadeiras-de-rodas\\\/almofada-propad-revolve-si#primaryimage\"},\"thumbnailUrl\":\"https:\\\/\\\/img.maisquecuidar.com\\\/loja\\\/wp-content\\\/uploads\\\/2020\\\/02\\\/almofada-propad-revolve-si-invacare.jpg\",\"datePublished\":\"2020-02-24T16:04:00+00:00\",\"dateModified\":\"2026-04-17T11:44:52+00:00\",\"description\":\"Descubra as caracter\u00edsticas da almofada propad revolve si da Invacare para utilizadores com alto risco de \u00falceras de press\u00e3o. Confira o pre\u00e7o\",\"breadcrumb\":{\"@id\":\"https:\\\/\\\/www.maisquecuidar.com\\\/loja\\\/mais-mobilidade\\\/cadeiras-de-rodas\\\/almofadas-cadeiras-de-rodas\\\/almofada-propad-revolve-si#breadcrumb\"},\"inLanguage\":\"pt-PT\",\"potentialAction\":[{\"@type\":\"ReadAction\",\"target\":[\"https:\\\/\\\/www.maisquecuidar.com\\\/loja\\\/mais-mobilidade\\\/cadeiras-de-rodas\\\/almofadas-cadeiras-de-rodas\\\/almofada-propad-revolve-si\"]}]},{\"@type\":\"ImageObject\",\"inLanguage\":\"pt-PT\",\"@id\":\"https:\\\/\\\/www.maisquecuidar.com\\\/loja\\\/mais-mobilidade\\\/cadeiras-de-rodas\\\/almofadas-cadeiras-de-rodas\\\/almofada-propad-revolve-si#primaryimage\",\"url\":\"https:\\\/\\\/img.maisquecuidar.com\\\/loja\\\/wp-content\\\/uploads\\\/2020\\\/02\\\/almofada-propad-revolve-si-invacare.jpg\",\"contentUrl\":\"https:\\\/\\\/img.maisquecuidar.com\\\/loja\\\/wp-content\\\/uploads\\\/2020\\\/02\\\/almofada-propad-revolve-si-invacare.jpg\",\"width\":1280,\"height\":800},{\"@type\":\"BreadcrumbList\",\"@id\":\"https:\\\/\\\/www.maisquecuidar.com\\\/loja\\\/mais-mobilidade\\\/cadeiras-de-rodas\\\/almofadas-cadeiras-de-rodas\\\/almofada-propad-revolve-si#breadcrumb\",\"itemListElement\":[{\"@type\":\"ListItem\",\"position\":1,\"name\":\"Home\",\"item\":\"https:\\\/\\\/www.maisquecuidar.com\\\/loja\\\/\"},{\"@type\":\"ListItem\",\"position\":2,\"name\":\"Loja Online de Ortopedia e Geriatria em Portugal\",\"item\":\"https:\\\/\\\/www.maisquecuidar.com\\\/loja\\\/loja\"},{\"@type\":\"ListItem\",\"position\":3,\"name\":\"Mais Mobilidade\",\"item\":\"https:\\\/\\\/www.maisquecuidar.com\\\/loja\\\/mais-mobilidade\"},{\"@type\":\"ListItem\",\"position\":4,\"name\":\"Cadeiras de Rodas\",\"item\":\"https:\\\/\\\/www.maisquecuidar.com\\\/loja\\\/mais-mobilidade\\\/cadeiras-de-rodas\"},{\"@type\":\"ListItem\",\"position\":5,\"name\":\"Almofadas para Cadeiras de Rodas\",\"item\":\"https:\\\/\\\/www.maisquecuidar.com\\\/loja\\\/mais-mobilidade\\\/cadeiras-de-rodas\\\/almofadas-cadeiras-de-rodas\"},{\"@type\":\"ListItem\",\"position\":6,\"name\":\"Almofada Propad Revolve Si Invacare\"}]},{\"@type\":\"WebSite\",\"@id\":\"https:\\\/\\\/www.maisquecuidar.com\\\/loja\\\/#website\",\"url\":\"https:\\\/\\\/www.maisquecuidar.com\\\/loja\\\/\",\"name\":\"Mais que Cuidar\",\"description\":\"Sa\u00fade, Ortopedia e Geriatria\",\"publisher\":{\"@id\":\"https:\\\/\\\/www.maisquecuidar.com\\\/loja\\\/#organization\"},\"potentialAction\":[{\"@type\":\"SearchAction\",\"target\":{\"@type\":\"EntryPoint\",\"urlTemplate\":\"https:\\\/\\\/www.maisquecuidar.com\\\/loja\\\/?s={search_term_string}\"},\"query-input\":{\"@type\":\"PropertyValueSpecification\",\"valueRequired\":true,\"valueName\":\"search_term_string\"}}],\"inLanguage\":\"pt-PT\"},{\"@type\":\"Organization\",\"@id\":\"https:\\\/\\\/www.maisquecuidar.com\\\/loja\\\/#organization\",\"name\":\"Mais Que Cuidar\",\"url\":\"https:\\\/\\\/www.maisquecuidar.com\\\/loja\\\/\",\"logo\":{\"@type\":\"ImageObject\",\"inLanguage\":\"pt-PT\",\"@id\":\"https:\\\/\\\/www.maisquecuidar.com\\\/loja\\\/#\\\/schema\\\/logo\\\/image\\\/\",\"url\":\"https:\\\/\\\/img.maisquecuidar.com\\\/loja\\\/wp-content\\\/uploads\\\/2019\\\/08\\\/logo-mais-que-cuidar-retina.png\",\"contentUrl\":\"https:\\\/\\\/img.maisquecuidar.com\\\/loja\\\/wp-content\\\/uploads\\\/2019\\\/08\\\/logo-mais-que-cuidar-retina.png\",\"width\":565,\"height\":75,\"caption\":\"Mais Que Cuidar\"},\"image\":{\"@id\":\"https:\\\/\\\/www.maisquecuidar.com\\\/loja\\\/#\\\/schema\\\/logo\\\/image\\\/\"},\"sameAs\":[\"https:\\\/\\\/www.facebook.com\\\/maisquecuidar.pt\",\"https:\\\/\\\/www.instagram.com\\\/maisquecuidar\"]}]}<\/script>\n<!-- \/ Yoast SEO plugin. -->","yoast_head_json":{"title":"Almofada Propad Revolve Si Invacare - Mais que Cuidar","description":"Descubra as caracter\u00edsticas da almofada propad revolve si da Invacare para utilizadores com alto risco de \u00falceras de press\u00e3o. Confira o pre\u00e7o","robots":{"index":"index","follow":"follow","max-snippet":"max-snippet:-1","max-image-preview":"max-image-preview:large","max-video-preview":"max-video-preview:-1"},"canonical":"https:\/\/www.maisquecuidar.com\/loja\/mais-mobilidade\/cadeiras-de-rodas\/almofadas-cadeiras-de-rodas\/almofada-propad-revolve-si","og_locale":"pt_PT","og_type":"article","og_title":"Almofada Propad Revolve Si Invacare - Mais que Cuidar","og_description":"Descubra as caracter\u00edsticas da almofada propad revolve si da Invacare para utilizadores com alto risco de \u00falceras de press\u00e3o. Confira o pre\u00e7o","og_url":"https:\/\/www.maisquecuidar.com\/loja\/mais-mobilidade\/cadeiras-de-rodas\/almofadas-cadeiras-de-rodas\/almofada-propad-revolve-si","og_site_name":"Mais que Cuidar","article_publisher":"https:\/\/www.facebook.com\/maisquecuidar.pt","article_modified_time":"2026-04-17T11:44:52+00:00","og_image":[{"width":1280,"height":800,"url":"https:\/\/img.maisquecuidar.com\/loja\/wp-content\/uploads\/2020\/02\/almofada-propad-revolve-si-invacare.jpg","type":"image\/jpeg"}],"twitter_misc":{"Tempo estimado de leitura":"3 minutos"},"schema":{"@context":"https:\/\/schema.org","@graph":[{"@type":"WebPage","@id":"https:\/\/www.maisquecuidar.com\/loja\/mais-mobilidade\/cadeiras-de-rodas\/almofadas-cadeiras-de-rodas\/almofada-propad-revolve-si","url":"https:\/\/www.maisquecuidar.com\/loja\/mais-mobilidade\/cadeiras-de-rodas\/almofadas-cadeiras-de-rodas\/almofada-propad-revolve-si","name":"Almofada Propad Revolve Si Invacare - Mais que Cuidar","isPartOf":{"@id":"https:\/\/www.maisquecuidar.com\/loja\/#website"},"primaryImageOfPage":{"@id":"https:\/\/www.maisquecuidar.com\/loja\/mais-mobilidade\/cadeiras-de-rodas\/almofadas-cadeiras-de-rodas\/almofada-propad-revolve-si#primaryimage"},"image":{"@id":"https:\/\/www.maisquecuidar.com\/loja\/mais-mobilidade\/cadeiras-de-rodas\/almofadas-cadeiras-de-rodas\/almofada-propad-revolve-si#primaryimage"},"thumbnailUrl":"https:\/\/img.maisquecuidar.com\/loja\/wp-content\/uploads\/2020\/02\/almofada-propad-revolve-si-invacare.jpg","datePublished":"2020-02-24T16:04:00+00:00","dateModified":"2026-04-17T11:44:52+00:00","description":"Descubra as caracter\u00edsticas da almofada propad revolve si da Invacare para utilizadores com alto risco de \u00falceras de press\u00e3o. Confira o pre\u00e7o","breadcrumb":{"@id":"https:\/\/www.maisquecuidar.com\/loja\/mais-mobilidade\/cadeiras-de-rodas\/almofadas-cadeiras-de-rodas\/almofada-propad-revolve-si#breadcrumb"},"inLanguage":"pt-PT","potentialAction":[{"@type":"ReadAction","target":["https:\/\/www.maisquecuidar.com\/loja\/mais-mobilidade\/cadeiras-de-rodas\/almofadas-cadeiras-de-rodas\/almofada-propad-revolve-si"]}]},{"@type":"ImageObject","inLanguage":"pt-PT","@id":"https:\/\/www.maisquecuidar.com\/loja\/mais-mobilidade\/cadeiras-de-rodas\/almofadas-cadeiras-de-rodas\/almofada-propad-revolve-si#primaryimage","url":"https:\/\/img.maisquecuidar.com\/loja\/wp-content\/uploads\/2020\/02\/almofada-propad-revolve-si-invacare.jpg","contentUrl":"https:\/\/img.maisquecuidar.com\/loja\/wp-content\/uploads\/2020\/02\/almofada-propad-revolve-si-invacare.jpg","width":1280,"height":800},{"@type":"BreadcrumbList","@id":"https:\/\/www.maisquecuidar.com\/loja\/mais-mobilidade\/cadeiras-de-rodas\/almofadas-cadeiras-de-rodas\/almofada-propad-revolve-si#breadcrumb","itemListElement":[{"@type":"ListItem","position":1,"name":"Home","item":"https:\/\/www.maisquecuidar.com\/loja\/"},{"@type":"ListItem","position":2,"name":"Loja Online de Ortopedia e Geriatria em Portugal","item":"https:\/\/www.maisquecuidar.com\/loja\/loja"},{"@type":"ListItem","position":3,"name":"Mais Mobilidade","item":"https:\/\/www.maisquecuidar.com\/loja\/mais-mobilidade"},{"@type":"ListItem","position":4,"name":"Cadeiras de Rodas","item":"https:\/\/www.maisquecuidar.com\/loja\/mais-mobilidade\/cadeiras-de-rodas"},{"@type":"ListItem","position":5,"name":"Almofadas para Cadeiras de Rodas","item":"https:\/\/www.maisquecuidar.com\/loja\/mais-mobilidade\/cadeiras-de-rodas\/almofadas-cadeiras-de-rodas"},{"@type":"ListItem","position":6,"name":"Almofada Propad Revolve Si Invacare"}]},{"@type":"WebSite","@id":"https:\/\/www.maisquecuidar.com\/loja\/#website","url":"https:\/\/www.maisquecuidar.com\/loja\/","name":"Mais que Cuidar","description":"Sa\u00fade, Ortopedia e Geriatria","publisher":{"@id":"https:\/\/www.maisquecuidar.com\/loja\/#organization"},"potentialAction":[{"@type":"SearchAction","target":{"@type":"EntryPoint","urlTemplate":"https:\/\/www.maisquecuidar.com\/loja\/?s={search_term_string}"},"query-input":{"@type":"PropertyValueSpecification","valueRequired":true,"valueName":"search_term_string"}}],"inLanguage":"pt-PT"},{"@type":"Organization","@id":"https:\/\/www.maisquecuidar.com\/loja\/#organization","name":"Mais Que Cuidar","url":"https:\/\/www.maisquecuidar.com\/loja\/","logo":{"@type":"ImageObject","inLanguage":"pt-PT","@id":"https:\/\/www.maisquecuidar.com\/loja\/#\/schema\/logo\/image\/","url":"https:\/\/img.maisquecuidar.com\/loja\/wp-content\/uploads\/2019\/08\/logo-mais-que-cuidar-retina.png","contentUrl":"https:\/\/img.maisquecuidar.com\/loja\/wp-content\/uploads\/2019\/08\/logo-mais-que-cuidar-retina.png","width":565,"height":75,"caption":"Mais Que Cuidar"},"image":{"@id":"https:\/\/www.maisquecuidar.com\/loja\/#\/schema\/logo\/image\/"},"sameAs":["https:\/\/www.facebook.com\/maisquecuidar.pt","https:\/\/www.instagram.com\/maisquecuidar"]}]}},"_links":{"self":[{"href":"https:\/\/www.maisquecuidar.com\/loja\/wp-json\/wp\/v2\/product\/13442","targetHints":{"allow":["GET"]}}],"collection":[{"href":"https:\/\/www.maisquecuidar.com\/loja\/wp-json\/wp\/v2\/product"}],"about":[{"href":"https:\/\/www.maisquecuidar.com\/loja\/wp-json\/wp\/v2\/types\/product"}],"wp:featuredmedia":[{"embeddable":true,"href":"https:\/\/www.maisquecuidar.com\/loja\/wp-json\/wp\/v2\/media\/13445"}],"wp:attachment":[{"href":"https:\/\/www.maisquecuidar.com\/loja\/wp-json\/wp\/v2\/media?parent=13442"}],"wp:term":[{"taxonomy":"product_brand","embeddable":true,"href":"https:\/\/www.maisquecuidar.com\/loja\/wp-json\/wp\/v2\/product_brand?post=13442"},{"taxonomy":"product_cat","embeddable":true,"href":"https:\/\/www.maisquecuidar.com\/loja\/wp-json\/wp\/v2\/product_cat?post=13442"},{"taxonomy":"product_tag","embeddable":true,"href":"https:\/\/www.maisquecuidar.com\/loja\/wp-json\/wp\/v2\/product_tag?post=13442"}],"curies":[{"name":"wp","href":"https:\/\/api.w.org\/{rel}","templated":true}]}}