{"id":13266,"date":"2020-02-18T09:27:48","date_gmt":"2020-02-18T09:27:48","guid":{"rendered":"https:\/\/www.maisquecuidar.com\/loja\/?post_type=product&#038;p=13266"},"modified":"2026-02-11T12:12:13","modified_gmt":"2026-02-11T12:12:13","slug":"colchao-monobloco-viscoelastico-viscoflex","status":"publish","type":"product","link":"https:\/\/www.maisquecuidar.com\/loja\/quarto-conforto-bem-estar\/colchoes-anti-escaras\/colchao-monobloco-viscoelastico-viscoflex","title":{"rendered":"Colch\u00e3o Anti-Escaras Viscoflex Systam"},"content":{"rendered":"<p><strong>Colch\u00e3o Anti-Escaras Viscoflex<\/strong><\/p>\n<p>Colch\u00e3o Anti-Escaras Viscoflex para Preven\u00e7\u00e3o e Tratamento de \u00dalceras de Press\u00e3o em espuma viscoel\u00e1stica para utilizadores com necessidades de prote\u00e7\u00e3o m\u00e9dia a elevada.<\/p>\n<p>Este colch\u00e3o \u00e9 fabricado <strong>num bloco \u00fanico em espuma viscoel\u00e1stica com efeito mem\u00f3ria<\/strong>. A sua forma ergon\u00f3mica e anat\u00f3mica combinada com as suas propriedades e um resguardo integral imperme\u00e1vel, garantem um perfeito comportamento totalmente adaptado aos estrados das camas articuladas hospitalares el\u00e9tricas ou manuais.<\/p>\n<p><strong>Proporciona uma boa reparti\u00e7\u00e3o das press\u00f5es cut\u00e2neas nas zonas de risco, facilitando a circula\u00e7\u00e3o sangu\u00ednea, maior conforto e maior efic\u00e1cia na posi\u00e7\u00e3o do paciente.<\/strong> A camada superior \u00e9 composta por espuma viscoel\u00e1stica de alta densidade com efeito mem\u00f3ria 80 kg\/m3 permitindo um correto posicionamento do doente e uma melhor distribui\u00e7\u00e3o das press\u00f5es contribuindo para reduzir a fric\u00e7\u00e3o e o efeito de queimadura.<\/p>\n<p><img fetchpriority=\"high\" decoding=\"async\" class=\"alignnone wp-image-13268\" src=\"https:\/\/img.maisquecuidar.com\/loja\/wp-content\/uploads\/2020\/02\/colchao-anti-escaras-viscoflex-800x500.jpg\" alt=\"Colch\u00e3o anti-escaras das systam viscoflex\" width=\"455\" height=\"284\" srcset=\"https:\/\/img.maisquecuidar.com\/loja\/wp-content\/uploads\/2020\/02\/colchao-anti-escaras-viscoflex-800x500.jpg 800w, https:\/\/img.maisquecuidar.com\/loja\/wp-content\/uploads\/2020\/02\/colchao-anti-escaras-viscoflex-380x238.jpg 380w, https:\/\/img.maisquecuidar.com\/loja\/wp-content\/uploads\/2020\/02\/colchao-anti-escaras-viscoflex-1024x640.jpg 1024w, https:\/\/img.maisquecuidar.com\/loja\/wp-content\/uploads\/2020\/02\/colchao-anti-escaras-viscoflex-768x480.jpg 768w, https:\/\/img.maisquecuidar.com\/loja\/wp-content\/uploads\/2020\/02\/colchao-anti-escaras-viscoflex-350x219.jpg 350w, https:\/\/img.maisquecuidar.com\/loja\/wp-content\/uploads\/2020\/02\/colchao-anti-escaras-viscoflex.jpg 1280w\" sizes=\"(max-width: 455px) 100vw, 455px\" \/><\/p>\n<p><strong>A zona central do colch\u00e3o \u00e9 composta por um miolo anat\u00f3mico de alta densidade 40kg\/m3 que funciona como um efeito mola, permitindo uma melhor preven\u00e7\u00e3o nas for\u00e7as de trilhamento.<\/strong><\/p>\n<p>O m\u00e9todo utilizado na inser\u00e7\u00e3o da espuma na estrutura do colch\u00e3o viscoflex \u00e9 conhecido por <em>Concept Insert. <\/em><strong>Isto permite aumentar ou diminuir a press\u00e3o sobre algumas zonas com o objetivo de obter o afundamento correto da espuma<\/strong>, ou seja, evitar que surja o risco de trilhamento. Os cantos redondos do colch\u00e3o permitem a instala\u00e7\u00e3o mais f\u00e1cil do pendural ou porta soro na estrutura da cama articulada ortop\u00e9dica.<\/p>\n<h3>Caracter\u00edsticas em destaque<\/h3>\n<ul>\n<li>Indicado para doentes com escaras ou \u00falceras de press\u00e3o;<\/li>\n<li>Em situa\u00e7\u00f5es de pacientes com grande risco de desenvolverem feridas ou \u00falceras por press\u00e3o;<\/li>\n<li>Recomendado para doentes que estejam em situa\u00e7\u00f5es de paralisia dos membros inferiores ou coluna vertebral;<\/li>\n<li>Proporciona uma boa distribui\u00e7\u00e3o das press\u00f5es na pele nas \u00e1reas de maior risco de feridas;<\/li>\n<li>Facilita a circula\u00e7\u00e3o do sangue, maior conforto e melhor posicionamento do doente.<\/li>\n<li>Ajuda a reduzir a fric\u00e7\u00e3o e o efeito de queimadura e a prevenir o efeito de trilhamento.<\/li>\n<li>Capa imperme\u00e1vel e hipoal\u00e9rgica f\u00e1cil de limpar e desinfetar.<\/li>\n<li>Possui cantos arredondados para facilitar a sua coloca\u00e7\u00e3o na cama.<\/li>\n<\/ul>\n","protected":false},"excerpt":{"rendered":"<p>Colch\u00e3o em espuma viscoel\u00e1stica de mem\u00f3ria para a preven\u00e7\u00e3o de escaras com capa em Polymaille<\/p>\n","protected":false},"featured_media":13267,"template":"","meta":{"_acf_changed":false,"neve_meta_sidebar":"","neve_meta_container":"","neve_meta_enable_content_width":"off","neve_meta_content_width":100,"neve_meta_title_alignment":"","neve_meta_author_avatar":"","neve_post_elements_order":"","neve_meta_disable_header":"","neve_meta_disable_footer":"","neve_meta_disable_title":""},"product_brand":[],"product_cat":[763],"product_tag":[],"class_list":{"0":"post-13266","1":"product","2":"type-product","3":"status-publish","4":"has-post-thumbnail","6":"product_cat-colchoes-anti-escaras","8":"first","9":"instock","10":"taxable","11":"shipping-taxable","12":"purchasable","13":"product-type-variable"},"acf":[],"yoast_head":"<!-- This site is optimized with the Yoast SEO plugin v27.5 - https:\/\/yoast.com\/product\/yoast-seo-wordpress\/ -->\n<title>Colch\u00e3o Anti-Escaras Viscoflex Systam - Mais que Cuidar<\/title>\n<meta name=\"description\" content=\"Colch\u00e3o anti-escaras Viscoflex para preven\u00e7\u00e3o e tratamento de \u00falceras de press\u00e3o em espuma viscoel\u00e1stica e com capa imperme\u00e1vel em Polymaille.\" \/>\n<meta name=\"robots\" content=\"index, follow, max-snippet:-1, max-image-preview:large, max-video-preview:-1\" \/>\n<link rel=\"canonical\" href=\"https:\/\/www.maisquecuidar.com\/loja\/quarto-conforto-bem-estar\/colchoes-anti-escaras\/colchao-monobloco-viscoelastico-viscoflex\" \/>\n<meta property=\"og:locale\" content=\"pt_PT\" \/>\n<meta property=\"og:type\" content=\"article\" \/>\n<meta property=\"og:title\" content=\"Colch\u00e3o Anti-Escaras Viscoflex Systam - Mais que Cuidar\" \/>\n<meta property=\"og:description\" content=\"Colch\u00e3o anti-escaras Viscoflex para preven\u00e7\u00e3o e tratamento de \u00falceras de press\u00e3o em espuma viscoel\u00e1stica e com capa imperme\u00e1vel em Polymaille.\" \/>\n<meta property=\"og:url\" content=\"https:\/\/www.maisquecuidar.com\/loja\/quarto-conforto-bem-estar\/colchoes-anti-escaras\/colchao-monobloco-viscoelastico-viscoflex\" \/>\n<meta property=\"og:site_name\" content=\"Mais que Cuidar\" \/>\n<meta property=\"article:publisher\" content=\"https:\/\/www.facebook.com\/maisquecuidar.pt\" \/>\n<meta property=\"article:modified_time\" content=\"2026-02-11T12:12:13+00:00\" \/>\n<meta property=\"og:image\" content=\"https:\/\/img.maisquecuidar.com\/loja\/wp-content\/uploads\/2020\/02\/colchao-viscoflex-systam.jpg\" \/>\n\t<meta property=\"og:image:width\" content=\"1280\" \/>\n\t<meta property=\"og:image:height\" content=\"800\" \/>\n\t<meta property=\"og:image:type\" content=\"image\/jpeg\" \/>\n<meta name=\"twitter:label1\" content=\"Tempo estimado de leitura\" \/>\n\t<meta name=\"twitter:data1\" content=\"3 minutos\" \/>\n<script type=\"application\/ld+json\" class=\"yoast-schema-graph\">{\"@context\":\"https:\\\/\\\/schema.org\",\"@graph\":[{\"@type\":\"WebPage\",\"@id\":\"https:\\\/\\\/www.maisquecuidar.com\\\/loja\\\/quarto-conforto-bem-estar\\\/colchoes-anti-escaras\\\/colchao-monobloco-viscoelastico-viscoflex\",\"url\":\"https:\\\/\\\/www.maisquecuidar.com\\\/loja\\\/quarto-conforto-bem-estar\\\/colchoes-anti-escaras\\\/colchao-monobloco-viscoelastico-viscoflex\",\"name\":\"Colch\u00e3o Anti-Escaras Viscoflex Systam - Mais que Cuidar\",\"isPartOf\":{\"@id\":\"https:\\\/\\\/www.maisquecuidar.com\\\/loja\\\/#website\"},\"primaryImageOfPage\":{\"@id\":\"https:\\\/\\\/www.maisquecuidar.com\\\/loja\\\/quarto-conforto-bem-estar\\\/colchoes-anti-escaras\\\/colchao-monobloco-viscoelastico-viscoflex#primaryimage\"},\"image\":{\"@id\":\"https:\\\/\\\/www.maisquecuidar.com\\\/loja\\\/quarto-conforto-bem-estar\\\/colchoes-anti-escaras\\\/colchao-monobloco-viscoelastico-viscoflex#primaryimage\"},\"thumbnailUrl\":\"https:\\\/\\\/img.maisquecuidar.com\\\/loja\\\/wp-content\\\/uploads\\\/2020\\\/02\\\/colchao-viscoflex-systam.jpg\",\"datePublished\":\"2020-02-18T09:27:48+00:00\",\"dateModified\":\"2026-02-11T12:12:13+00:00\",\"description\":\"Colch\u00e3o anti-escaras Viscoflex para preven\u00e7\u00e3o e tratamento de \u00falceras de press\u00e3o em espuma viscoel\u00e1stica e com capa imperme\u00e1vel em Polymaille.\",\"breadcrumb\":{\"@id\":\"https:\\\/\\\/www.maisquecuidar.com\\\/loja\\\/quarto-conforto-bem-estar\\\/colchoes-anti-escaras\\\/colchao-monobloco-viscoelastico-viscoflex#breadcrumb\"},\"inLanguage\":\"pt-PT\",\"potentialAction\":[{\"@type\":\"ReadAction\",\"target\":[\"https:\\\/\\\/www.maisquecuidar.com\\\/loja\\\/quarto-conforto-bem-estar\\\/colchoes-anti-escaras\\\/colchao-monobloco-viscoelastico-viscoflex\"]}]},{\"@type\":\"ImageObject\",\"inLanguage\":\"pt-PT\",\"@id\":\"https:\\\/\\\/www.maisquecuidar.com\\\/loja\\\/quarto-conforto-bem-estar\\\/colchoes-anti-escaras\\\/colchao-monobloco-viscoelastico-viscoflex#primaryimage\",\"url\":\"https:\\\/\\\/img.maisquecuidar.com\\\/loja\\\/wp-content\\\/uploads\\\/2020\\\/02\\\/colchao-viscoflex-systam.jpg\",\"contentUrl\":\"https:\\\/\\\/img.maisquecuidar.com\\\/loja\\\/wp-content\\\/uploads\\\/2020\\\/02\\\/colchao-viscoflex-systam.jpg\",\"width\":1280,\"height\":800,\"caption\":\"colch\u00e3o anti-escaras viscoflex da systam\"},{\"@type\":\"BreadcrumbList\",\"@id\":\"https:\\\/\\\/www.maisquecuidar.com\\\/loja\\\/quarto-conforto-bem-estar\\\/colchoes-anti-escaras\\\/colchao-monobloco-viscoelastico-viscoflex#breadcrumb\",\"itemListElement\":[{\"@type\":\"ListItem\",\"position\":1,\"name\":\"Home\",\"item\":\"https:\\\/\\\/www.maisquecuidar.com\\\/loja\\\/\"},{\"@type\":\"ListItem\",\"position\":2,\"name\":\"Loja Online de Ortopedia e Geriatria em Portugal\",\"item\":\"https:\\\/\\\/www.maisquecuidar.com\\\/loja\\\/loja\"},{\"@type\":\"ListItem\",\"position\":3,\"name\":\"Quarto, Conforto e Bem Estar\",\"item\":\"https:\\\/\\\/www.maisquecuidar.com\\\/loja\\\/quarto-conforto-bem-estar\"},{\"@type\":\"ListItem\",\"position\":4,\"name\":\"Colch\u00f5es Anti-Escaras\",\"item\":\"https:\\\/\\\/www.maisquecuidar.com\\\/loja\\\/quarto-conforto-bem-estar\\\/colchoes-anti-escaras\"},{\"@type\":\"ListItem\",\"position\":5,\"name\":\"Colch\u00e3o Anti-Escaras Viscoflex Systam\"}]},{\"@type\":\"WebSite\",\"@id\":\"https:\\\/\\\/www.maisquecuidar.com\\\/loja\\\/#website\",\"url\":\"https:\\\/\\\/www.maisquecuidar.com\\\/loja\\\/\",\"name\":\"Mais que Cuidar\",\"description\":\"Sa\u00fade, Ortopedia e Geriatria\",\"publisher\":{\"@id\":\"https:\\\/\\\/www.maisquecuidar.com\\\/loja\\\/#organization\"},\"potentialAction\":[{\"@type\":\"SearchAction\",\"target\":{\"@type\":\"EntryPoint\",\"urlTemplate\":\"https:\\\/\\\/www.maisquecuidar.com\\\/loja\\\/?s={search_term_string}\"},\"query-input\":{\"@type\":\"PropertyValueSpecification\",\"valueRequired\":true,\"valueName\":\"search_term_string\"}}],\"inLanguage\":\"pt-PT\"},{\"@type\":\"Organization\",\"@id\":\"https:\\\/\\\/www.maisquecuidar.com\\\/loja\\\/#organization\",\"name\":\"Mais Que Cuidar\",\"url\":\"https:\\\/\\\/www.maisquecuidar.com\\\/loja\\\/\",\"logo\":{\"@type\":\"ImageObject\",\"inLanguage\":\"pt-PT\",\"@id\":\"https:\\\/\\\/www.maisquecuidar.com\\\/loja\\\/#\\\/schema\\\/logo\\\/image\\\/\",\"url\":\"https:\\\/\\\/img.maisquecuidar.com\\\/loja\\\/wp-content\\\/uploads\\\/2019\\\/08\\\/logo-mais-que-cuidar-retina.png\",\"contentUrl\":\"https:\\\/\\\/img.maisquecuidar.com\\\/loja\\\/wp-content\\\/uploads\\\/2019\\\/08\\\/logo-mais-que-cuidar-retina.png\",\"width\":565,\"height\":75,\"caption\":\"Mais Que Cuidar\"},\"image\":{\"@id\":\"https:\\\/\\\/www.maisquecuidar.com\\\/loja\\\/#\\\/schema\\\/logo\\\/image\\\/\"},\"sameAs\":[\"https:\\\/\\\/www.facebook.com\\\/maisquecuidar.pt\",\"https:\\\/\\\/www.instagram.com\\\/maisquecuidar\"]}]}<\/script>\n<!-- \/ Yoast SEO plugin. -->","yoast_head_json":{"title":"Colch\u00e3o Anti-Escaras Viscoflex Systam - Mais que Cuidar","description":"Colch\u00e3o anti-escaras Viscoflex para preven\u00e7\u00e3o e tratamento de \u00falceras de press\u00e3o em espuma viscoel\u00e1stica e com capa imperme\u00e1vel em Polymaille.","robots":{"index":"index","follow":"follow","max-snippet":"max-snippet:-1","max-image-preview":"max-image-preview:large","max-video-preview":"max-video-preview:-1"},"canonical":"https:\/\/www.maisquecuidar.com\/loja\/quarto-conforto-bem-estar\/colchoes-anti-escaras\/colchao-monobloco-viscoelastico-viscoflex","og_locale":"pt_PT","og_type":"article","og_title":"Colch\u00e3o Anti-Escaras Viscoflex Systam - Mais que Cuidar","og_description":"Colch\u00e3o anti-escaras Viscoflex para preven\u00e7\u00e3o e tratamento de \u00falceras de press\u00e3o em espuma viscoel\u00e1stica e com capa imperme\u00e1vel em Polymaille.","og_url":"https:\/\/www.maisquecuidar.com\/loja\/quarto-conforto-bem-estar\/colchoes-anti-escaras\/colchao-monobloco-viscoelastico-viscoflex","og_site_name":"Mais que Cuidar","article_publisher":"https:\/\/www.facebook.com\/maisquecuidar.pt","article_modified_time":"2026-02-11T12:12:13+00:00","og_image":[{"width":1280,"height":800,"url":"https:\/\/img.maisquecuidar.com\/loja\/wp-content\/uploads\/2020\/02\/colchao-viscoflex-systam.jpg","type":"image\/jpeg"}],"twitter_misc":{"Tempo estimado de leitura":"3 minutos"},"schema":{"@context":"https:\/\/schema.org","@graph":[{"@type":"WebPage","@id":"https:\/\/www.maisquecuidar.com\/loja\/quarto-conforto-bem-estar\/colchoes-anti-escaras\/colchao-monobloco-viscoelastico-viscoflex","url":"https:\/\/www.maisquecuidar.com\/loja\/quarto-conforto-bem-estar\/colchoes-anti-escaras\/colchao-monobloco-viscoelastico-viscoflex","name":"Colch\u00e3o Anti-Escaras Viscoflex Systam - Mais que Cuidar","isPartOf":{"@id":"https:\/\/www.maisquecuidar.com\/loja\/#website"},"primaryImageOfPage":{"@id":"https:\/\/www.maisquecuidar.com\/loja\/quarto-conforto-bem-estar\/colchoes-anti-escaras\/colchao-monobloco-viscoelastico-viscoflex#primaryimage"},"image":{"@id":"https:\/\/www.maisquecuidar.com\/loja\/quarto-conforto-bem-estar\/colchoes-anti-escaras\/colchao-monobloco-viscoelastico-viscoflex#primaryimage"},"thumbnailUrl":"https:\/\/img.maisquecuidar.com\/loja\/wp-content\/uploads\/2020\/02\/colchao-viscoflex-systam.jpg","datePublished":"2020-02-18T09:27:48+00:00","dateModified":"2026-02-11T12:12:13+00:00","description":"Colch\u00e3o anti-escaras Viscoflex para preven\u00e7\u00e3o e tratamento de \u00falceras de press\u00e3o em espuma viscoel\u00e1stica e com capa imperme\u00e1vel em Polymaille.","breadcrumb":{"@id":"https:\/\/www.maisquecuidar.com\/loja\/quarto-conforto-bem-estar\/colchoes-anti-escaras\/colchao-monobloco-viscoelastico-viscoflex#breadcrumb"},"inLanguage":"pt-PT","potentialAction":[{"@type":"ReadAction","target":["https:\/\/www.maisquecuidar.com\/loja\/quarto-conforto-bem-estar\/colchoes-anti-escaras\/colchao-monobloco-viscoelastico-viscoflex"]}]},{"@type":"ImageObject","inLanguage":"pt-PT","@id":"https:\/\/www.maisquecuidar.com\/loja\/quarto-conforto-bem-estar\/colchoes-anti-escaras\/colchao-monobloco-viscoelastico-viscoflex#primaryimage","url":"https:\/\/img.maisquecuidar.com\/loja\/wp-content\/uploads\/2020\/02\/colchao-viscoflex-systam.jpg","contentUrl":"https:\/\/img.maisquecuidar.com\/loja\/wp-content\/uploads\/2020\/02\/colchao-viscoflex-systam.jpg","width":1280,"height":800,"caption":"colch\u00e3o anti-escaras viscoflex da systam"},{"@type":"BreadcrumbList","@id":"https:\/\/www.maisquecuidar.com\/loja\/quarto-conforto-bem-estar\/colchoes-anti-escaras\/colchao-monobloco-viscoelastico-viscoflex#breadcrumb","itemListElement":[{"@type":"ListItem","position":1,"name":"Home","item":"https:\/\/www.maisquecuidar.com\/loja\/"},{"@type":"ListItem","position":2,"name":"Loja Online de Ortopedia e Geriatria em Portugal","item":"https:\/\/www.maisquecuidar.com\/loja\/loja"},{"@type":"ListItem","position":3,"name":"Quarto, Conforto e Bem Estar","item":"https:\/\/www.maisquecuidar.com\/loja\/quarto-conforto-bem-estar"},{"@type":"ListItem","position":4,"name":"Colch\u00f5es Anti-Escaras","item":"https:\/\/www.maisquecuidar.com\/loja\/quarto-conforto-bem-estar\/colchoes-anti-escaras"},{"@type":"ListItem","position":5,"name":"Colch\u00e3o Anti-Escaras Viscoflex Systam"}]},{"@type":"WebSite","@id":"https:\/\/www.maisquecuidar.com\/loja\/#website","url":"https:\/\/www.maisquecuidar.com\/loja\/","name":"Mais que Cuidar","description":"Sa\u00fade, Ortopedia e Geriatria","publisher":{"@id":"https:\/\/www.maisquecuidar.com\/loja\/#organization"},"potentialAction":[{"@type":"SearchAction","target":{"@type":"EntryPoint","urlTemplate":"https:\/\/www.maisquecuidar.com\/loja\/?s={search_term_string}"},"query-input":{"@type":"PropertyValueSpecification","valueRequired":true,"valueName":"search_term_string"}}],"inLanguage":"pt-PT"},{"@type":"Organization","@id":"https:\/\/www.maisquecuidar.com\/loja\/#organization","name":"Mais Que Cuidar","url":"https:\/\/www.maisquecuidar.com\/loja\/","logo":{"@type":"ImageObject","inLanguage":"pt-PT","@id":"https:\/\/www.maisquecuidar.com\/loja\/#\/schema\/logo\/image\/","url":"https:\/\/img.maisquecuidar.com\/loja\/wp-content\/uploads\/2019\/08\/logo-mais-que-cuidar-retina.png","contentUrl":"https:\/\/img.maisquecuidar.com\/loja\/wp-content\/uploads\/2019\/08\/logo-mais-que-cuidar-retina.png","width":565,"height":75,"caption":"Mais Que Cuidar"},"image":{"@id":"https:\/\/www.maisquecuidar.com\/loja\/#\/schema\/logo\/image\/"},"sameAs":["https:\/\/www.facebook.com\/maisquecuidar.pt","https:\/\/www.instagram.com\/maisquecuidar"]}]}},"_links":{"self":[{"href":"https:\/\/www.maisquecuidar.com\/loja\/wp-json\/wp\/v2\/product\/13266","targetHints":{"allow":["GET"]}}],"collection":[{"href":"https:\/\/www.maisquecuidar.com\/loja\/wp-json\/wp\/v2\/product"}],"about":[{"href":"https:\/\/www.maisquecuidar.com\/loja\/wp-json\/wp\/v2\/types\/product"}],"wp:featuredmedia":[{"embeddable":true,"href":"https:\/\/www.maisquecuidar.com\/loja\/wp-json\/wp\/v2\/media\/13267"}],"wp:attachment":[{"href":"https:\/\/www.maisquecuidar.com\/loja\/wp-json\/wp\/v2\/media?parent=13266"}],"wp:term":[{"taxonomy":"product_brand","embeddable":true,"href":"https:\/\/www.maisquecuidar.com\/loja\/wp-json\/wp\/v2\/product_brand?post=13266"},{"taxonomy":"product_cat","embeddable":true,"href":"https:\/\/www.maisquecuidar.com\/loja\/wp-json\/wp\/v2\/product_cat?post=13266"},{"taxonomy":"product_tag","embeddable":true,"href":"https:\/\/www.maisquecuidar.com\/loja\/wp-json\/wp\/v2\/product_tag?post=13266"}],"curies":[{"name":"wp","href":"https:\/\/api.w.org\/{rel}","templated":true}]}}