{"id":13017,"date":"2020-02-09T23:28:51","date_gmt":"2020-02-09T23:28:51","guid":{"rendered":"https:\/\/www.maisquecuidar.com\/loja\/?post_type=product&#038;p=13017"},"modified":"2026-04-07T18:55:33","modified_gmt":"2026-04-07T17:55:33","slug":"colchao-dinamico-softcloud-ace","status":"publish","type":"product","link":"https:\/\/www.maisquecuidar.com\/loja\/quarto-conforto-bem-estar\/colchoes-anti-escaras\/colchao-dinamico-softcloud-ace","title":{"rendered":"Colch\u00e3o Din\u00e2mico Softcloud Ace Invacare"},"content":{"rendered":"<h3><strong>Colch\u00e3o Din\u00e2mico Softcloud Ace Invacare<\/strong><\/h3>\n<p>Com tecnologia de press\u00e3o alterna incorporada este colch\u00e3o oferece c\u00e9lulas de ar individuais em TPU, ciclos de altern\u00e2ncia de press\u00e3o, compress\u00e3o dupla, dete\u00e7\u00e3o e ajuste autom\u00e1ticos da press\u00e3o, entre outros.<\/p>\n<h3><strong>Caracter\u00edsticas principais:<\/strong><\/h3>\n<ul>\n<li>\u00a0Compress\u00e3o dupla: garante mais efici\u00eancia para utilizadores mais pesados.<\/li>\n<li>C\u00e9lulas de ar individuais em TPU: reduz a acumula\u00e7\u00e3o de humidade, contribui \u00a0para uma f\u00e1cil limpeza e manuten\u00e7\u00e3o, ao mesmo tempo que aumenta o conforto e a \u00a0estabilidade.<\/li>\n<li>Tecnologia de press\u00e3o alterna incorporada.<\/li>\n<li>Ciclos de altern\u00e2ncia de press\u00e3o de 10 minutos (1 em 3).<\/li>\n<li>Modo de transporte: possibilita manter o colch\u00e3o ortop\u00e9dico anti-escaras insuflado em modo est\u00e1tico, durante o transporte do utilizador.<\/li>\n<li>V\u00e1lvula de CPR (RCP): permite a r\u00e1pida desinsufla\u00e7\u00e3o para realiza\u00e7\u00e3o de manobras de reanima\u00e7\u00e3o cardiopulmonar (RCP).<\/li>\n<li>Sistema de al\u00edvio de press\u00e3o para a zona dos calcanhares.<\/li>\n<li>Dete\u00e7\u00e3o e ajuste autom\u00e1ticos\u00a0da press\u00e3o com indicador visual: alivia automaticamente os pontos de press\u00e3o, para garantir prote\u00e7\u00e3o e conforto ao utilizador.<\/li>\n<li>Dispon\u00edvel nas seguintes medidas standard: 202 x 88 x 20 cm: outras medidas sob consulta.<\/li>\n<li>Indicado para utilizadores com peso m\u00e1ximo de 220 Kg, nas op\u00e7\u00f5es de largura 83\/88 cm, ou de 350 kg, nas op\u00e7\u00f5es de 103\/116 cm.<\/li>\n<\/ul>\n<h3>A Destacar<\/h3>\n<ul>\n<li><strong>Design intuitivo:<\/strong> uma unidade de controlo moderna e intuitiva.<\/li>\n<li><strong>Auto-Dete\u00e7\u00e3o e ajuste autom\u00e1tico:<\/strong> oferece o correto apoio cl\u00ednico e o al\u00edvio autom\u00e1tico dos pontos de press\u00e3o, para garantir o conforto do utilizador.<\/li>\n<li><strong>V\u00e1lvula de RCP (CPR):<\/strong> no caso de ser necess\u00e1rio recorrer a manobras de reanima\u00e7\u00e3o cardiopulmonar (RCP), uma etiqueta de liberta\u00e7\u00e3o r\u00e1pida \u00e9 incorporada ao colch\u00e3o, que quando puxada, esvazia o colch\u00e3o imediatamente.<\/li>\n<li><strong>Sistema de gest\u00e3o de cabos:<\/strong> possibilidade de recolher os cabos no lado direito do colch\u00e3o.<\/li>\n<li><strong>Modo de insufla\u00e7\u00e3o m\u00e1ximo:<\/strong> fornece uma superf\u00edcie firme para facilitar a mudan\u00e7a de cama e o reposicionamento do paciente.<\/li>\n<\/ul>\n","protected":false},"excerpt":{"rendered":"<p>PROMO\u00c7\u00c3O V\u00c1LIDA DE 08 a 14 DE ABRIL DE 2026<\/p>\n<p>Superf\u00edcie de apoio ativa de elevada qualidade, indicada para doentes com &#8220;risco muito elevado&#8221; de desenvolver escaras ou \u00falceras por press\u00e3o.<\/p>\n","protected":false},"featured_media":15309,"template":"","meta":{"_acf_changed":false,"neve_meta_sidebar":"","neve_meta_container":"","neve_meta_enable_content_width":"off","neve_meta_content_width":100,"neve_meta_title_alignment":"","neve_meta_author_avatar":"","neve_post_elements_order":"","neve_meta_disable_header":"","neve_meta_disable_footer":"","neve_meta_disable_title":""},"product_brand":[],"product_cat":[763],"product_tag":[],"class_list":{"0":"post-13017","1":"product","2":"type-product","3":"status-publish","4":"has-post-thumbnail","6":"product_cat-colchoes-anti-escaras","8":"first","9":"onbackorder","10":"sale","11":"taxable","12":"shipping-taxable","13":"purchasable","14":"product-type-simple"},"acf":[],"yoast_head":"<!-- This site is optimized with the Yoast SEO plugin v27.3 - https:\/\/yoast.com\/product\/yoast-seo-wordpress\/ -->\n<title>Colch\u00e3o Din\u00e2mico Softcloud Ace Invacare - Mais que Cuidar<\/title>\n<meta name=\"description\" content=\"Conhe\u00e7a as caracter\u00edsticas do colch\u00e3o din\u00e2mico softcloud ace da Invacare indicado para pessoas com risco muito elevado de escaras.\" \/>\n<meta name=\"robots\" content=\"index, follow, max-snippet:-1, max-image-preview:large, max-video-preview:-1\" \/>\n<link rel=\"canonical\" href=\"https:\/\/www.maisquecuidar.com\/loja\/quarto-conforto-bem-estar\/colchoes-anti-escaras\/colchao-dinamico-softcloud-ace\" \/>\n<meta property=\"og:locale\" content=\"pt_PT\" \/>\n<meta property=\"og:type\" content=\"article\" \/>\n<meta property=\"og:title\" content=\"Colch\u00e3o Din\u00e2mico Softcloud Ace Invacare - Mais que Cuidar\" \/>\n<meta property=\"og:description\" content=\"Conhe\u00e7a as caracter\u00edsticas do colch\u00e3o din\u00e2mico softcloud ace da Invacare indicado para pessoas com risco muito elevado de escaras.\" \/>\n<meta property=\"og:url\" content=\"https:\/\/www.maisquecuidar.com\/loja\/quarto-conforto-bem-estar\/colchoes-anti-escaras\/colchao-dinamico-softcloud-ace\" \/>\n<meta property=\"og:site_name\" content=\"Mais que Cuidar\" \/>\n<meta property=\"article:publisher\" content=\"https:\/\/www.facebook.com\/maisquecuidar.pt\" \/>\n<meta property=\"article:modified_time\" content=\"2026-04-07T17:55:33+00:00\" \/>\n<meta property=\"og:image\" content=\"https:\/\/img.maisquecuidar.com\/loja\/wp-content\/uploads\/2020\/02\/colchao-softcloud-ace.png\" \/>\n\t<meta property=\"og:image:width\" content=\"1280\" \/>\n\t<meta property=\"og:image:height\" content=\"800\" \/>\n\t<meta property=\"og:image:type\" content=\"image\/png\" \/>\n<meta name=\"twitter:label1\" content=\"Tempo estimado de leitura\" \/>\n\t<meta name=\"twitter:data1\" content=\"2 minutos\" \/>\n<script type=\"application\/ld+json\" class=\"yoast-schema-graph\">{\"@context\":\"https:\\\/\\\/schema.org\",\"@graph\":[{\"@type\":\"WebPage\",\"@id\":\"https:\\\/\\\/www.maisquecuidar.com\\\/loja\\\/quarto-conforto-bem-estar\\\/colchoes-anti-escaras\\\/colchao-dinamico-softcloud-ace\",\"url\":\"https:\\\/\\\/www.maisquecuidar.com\\\/loja\\\/quarto-conforto-bem-estar\\\/colchoes-anti-escaras\\\/colchao-dinamico-softcloud-ace\",\"name\":\"Colch\u00e3o Din\u00e2mico Softcloud Ace Invacare - Mais que Cuidar\",\"isPartOf\":{\"@id\":\"https:\\\/\\\/www.maisquecuidar.com\\\/loja\\\/#website\"},\"primaryImageOfPage\":{\"@id\":\"https:\\\/\\\/www.maisquecuidar.com\\\/loja\\\/quarto-conforto-bem-estar\\\/colchoes-anti-escaras\\\/colchao-dinamico-softcloud-ace#primaryimage\"},\"image\":{\"@id\":\"https:\\\/\\\/www.maisquecuidar.com\\\/loja\\\/quarto-conforto-bem-estar\\\/colchoes-anti-escaras\\\/colchao-dinamico-softcloud-ace#primaryimage\"},\"thumbnailUrl\":\"https:\\\/\\\/img.maisquecuidar.com\\\/loja\\\/wp-content\\\/uploads\\\/2020\\\/02\\\/colchao-softcloud-ace.png\",\"datePublished\":\"2020-02-09T23:28:51+00:00\",\"dateModified\":\"2026-04-07T17:55:33+00:00\",\"description\":\"Conhe\u00e7a as caracter\u00edsticas do colch\u00e3o din\u00e2mico softcloud ace da Invacare indicado para pessoas com risco muito elevado de escaras.\",\"breadcrumb\":{\"@id\":\"https:\\\/\\\/www.maisquecuidar.com\\\/loja\\\/quarto-conforto-bem-estar\\\/colchoes-anti-escaras\\\/colchao-dinamico-softcloud-ace#breadcrumb\"},\"inLanguage\":\"pt-PT\",\"potentialAction\":[{\"@type\":\"ReadAction\",\"target\":[\"https:\\\/\\\/www.maisquecuidar.com\\\/loja\\\/quarto-conforto-bem-estar\\\/colchoes-anti-escaras\\\/colchao-dinamico-softcloud-ace\"]}]},{\"@type\":\"ImageObject\",\"inLanguage\":\"pt-PT\",\"@id\":\"https:\\\/\\\/www.maisquecuidar.com\\\/loja\\\/quarto-conforto-bem-estar\\\/colchoes-anti-escaras\\\/colchao-dinamico-softcloud-ace#primaryimage\",\"url\":\"https:\\\/\\\/img.maisquecuidar.com\\\/loja\\\/wp-content\\\/uploads\\\/2020\\\/02\\\/colchao-softcloud-ace.png\",\"contentUrl\":\"https:\\\/\\\/img.maisquecuidar.com\\\/loja\\\/wp-content\\\/uploads\\\/2020\\\/02\\\/colchao-softcloud-ace.png\",\"width\":1280,\"height\":800,\"caption\":\"Colch\u00e3o anti-escaras Softcloud Ace da Invacare\"},{\"@type\":\"BreadcrumbList\",\"@id\":\"https:\\\/\\\/www.maisquecuidar.com\\\/loja\\\/quarto-conforto-bem-estar\\\/colchoes-anti-escaras\\\/colchao-dinamico-softcloud-ace#breadcrumb\",\"itemListElement\":[{\"@type\":\"ListItem\",\"position\":1,\"name\":\"Home\",\"item\":\"https:\\\/\\\/www.maisquecuidar.com\\\/loja\\\/\"},{\"@type\":\"ListItem\",\"position\":2,\"name\":\"Loja Online de Ortopedia e Geriatria em Portugal\",\"item\":\"https:\\\/\\\/www.maisquecuidar.com\\\/loja\\\/loja\"},{\"@type\":\"ListItem\",\"position\":3,\"name\":\"Quarto, Conforto e Bem Estar\",\"item\":\"https:\\\/\\\/www.maisquecuidar.com\\\/loja\\\/quarto-conforto-bem-estar\"},{\"@type\":\"ListItem\",\"position\":4,\"name\":\"Colch\u00f5es Anti-Escaras\",\"item\":\"https:\\\/\\\/www.maisquecuidar.com\\\/loja\\\/quarto-conforto-bem-estar\\\/colchoes-anti-escaras\"},{\"@type\":\"ListItem\",\"position\":5,\"name\":\"Colch\u00e3o Din\u00e2mico Softcloud Ace Invacare\"}]},{\"@type\":\"WebSite\",\"@id\":\"https:\\\/\\\/www.maisquecuidar.com\\\/loja\\\/#website\",\"url\":\"https:\\\/\\\/www.maisquecuidar.com\\\/loja\\\/\",\"name\":\"Mais que Cuidar\",\"description\":\"Sa\u00fade, Ortopedia e Geriatria\",\"publisher\":{\"@id\":\"https:\\\/\\\/www.maisquecuidar.com\\\/loja\\\/#organization\"},\"potentialAction\":[{\"@type\":\"SearchAction\",\"target\":{\"@type\":\"EntryPoint\",\"urlTemplate\":\"https:\\\/\\\/www.maisquecuidar.com\\\/loja\\\/?s={search_term_string}\"},\"query-input\":{\"@type\":\"PropertyValueSpecification\",\"valueRequired\":true,\"valueName\":\"search_term_string\"}}],\"inLanguage\":\"pt-PT\"},{\"@type\":\"Organization\",\"@id\":\"https:\\\/\\\/www.maisquecuidar.com\\\/loja\\\/#organization\",\"name\":\"Mais Que Cuidar\",\"url\":\"https:\\\/\\\/www.maisquecuidar.com\\\/loja\\\/\",\"logo\":{\"@type\":\"ImageObject\",\"inLanguage\":\"pt-PT\",\"@id\":\"https:\\\/\\\/www.maisquecuidar.com\\\/loja\\\/#\\\/schema\\\/logo\\\/image\\\/\",\"url\":\"https:\\\/\\\/img.maisquecuidar.com\\\/loja\\\/wp-content\\\/uploads\\\/2019\\\/08\\\/logo-mais-que-cuidar-retina.png\",\"contentUrl\":\"https:\\\/\\\/img.maisquecuidar.com\\\/loja\\\/wp-content\\\/uploads\\\/2019\\\/08\\\/logo-mais-que-cuidar-retina.png\",\"width\":565,\"height\":75,\"caption\":\"Mais Que Cuidar\"},\"image\":{\"@id\":\"https:\\\/\\\/www.maisquecuidar.com\\\/loja\\\/#\\\/schema\\\/logo\\\/image\\\/\"},\"sameAs\":[\"https:\\\/\\\/www.facebook.com\\\/maisquecuidar.pt\",\"https:\\\/\\\/www.instagram.com\\\/maisquecuidar\"]}]}<\/script>\n<!-- \/ Yoast SEO plugin. -->","yoast_head_json":{"title":"Colch\u00e3o Din\u00e2mico Softcloud Ace Invacare - Mais que Cuidar","description":"Conhe\u00e7a as caracter\u00edsticas do colch\u00e3o din\u00e2mico softcloud ace da Invacare indicado para pessoas com risco muito elevado de escaras.","robots":{"index":"index","follow":"follow","max-snippet":"max-snippet:-1","max-image-preview":"max-image-preview:large","max-video-preview":"max-video-preview:-1"},"canonical":"https:\/\/www.maisquecuidar.com\/loja\/quarto-conforto-bem-estar\/colchoes-anti-escaras\/colchao-dinamico-softcloud-ace","og_locale":"pt_PT","og_type":"article","og_title":"Colch\u00e3o Din\u00e2mico Softcloud Ace Invacare - Mais que Cuidar","og_description":"Conhe\u00e7a as caracter\u00edsticas do colch\u00e3o din\u00e2mico softcloud ace da Invacare indicado para pessoas com risco muito elevado de escaras.","og_url":"https:\/\/www.maisquecuidar.com\/loja\/quarto-conforto-bem-estar\/colchoes-anti-escaras\/colchao-dinamico-softcloud-ace","og_site_name":"Mais que Cuidar","article_publisher":"https:\/\/www.facebook.com\/maisquecuidar.pt","article_modified_time":"2026-04-07T17:55:33+00:00","og_image":[{"width":1280,"height":800,"url":"https:\/\/img.maisquecuidar.com\/loja\/wp-content\/uploads\/2020\/02\/colchao-softcloud-ace.png","type":"image\/png"}],"twitter_misc":{"Tempo estimado de leitura":"2 minutos"},"schema":{"@context":"https:\/\/schema.org","@graph":[{"@type":"WebPage","@id":"https:\/\/www.maisquecuidar.com\/loja\/quarto-conforto-bem-estar\/colchoes-anti-escaras\/colchao-dinamico-softcloud-ace","url":"https:\/\/www.maisquecuidar.com\/loja\/quarto-conforto-bem-estar\/colchoes-anti-escaras\/colchao-dinamico-softcloud-ace","name":"Colch\u00e3o Din\u00e2mico Softcloud Ace Invacare - Mais que Cuidar","isPartOf":{"@id":"https:\/\/www.maisquecuidar.com\/loja\/#website"},"primaryImageOfPage":{"@id":"https:\/\/www.maisquecuidar.com\/loja\/quarto-conforto-bem-estar\/colchoes-anti-escaras\/colchao-dinamico-softcloud-ace#primaryimage"},"image":{"@id":"https:\/\/www.maisquecuidar.com\/loja\/quarto-conforto-bem-estar\/colchoes-anti-escaras\/colchao-dinamico-softcloud-ace#primaryimage"},"thumbnailUrl":"https:\/\/img.maisquecuidar.com\/loja\/wp-content\/uploads\/2020\/02\/colchao-softcloud-ace.png","datePublished":"2020-02-09T23:28:51+00:00","dateModified":"2026-04-07T17:55:33+00:00","description":"Conhe\u00e7a as caracter\u00edsticas do colch\u00e3o din\u00e2mico softcloud ace da Invacare indicado para pessoas com risco muito elevado de escaras.","breadcrumb":{"@id":"https:\/\/www.maisquecuidar.com\/loja\/quarto-conforto-bem-estar\/colchoes-anti-escaras\/colchao-dinamico-softcloud-ace#breadcrumb"},"inLanguage":"pt-PT","potentialAction":[{"@type":"ReadAction","target":["https:\/\/www.maisquecuidar.com\/loja\/quarto-conforto-bem-estar\/colchoes-anti-escaras\/colchao-dinamico-softcloud-ace"]}]},{"@type":"ImageObject","inLanguage":"pt-PT","@id":"https:\/\/www.maisquecuidar.com\/loja\/quarto-conforto-bem-estar\/colchoes-anti-escaras\/colchao-dinamico-softcloud-ace#primaryimage","url":"https:\/\/img.maisquecuidar.com\/loja\/wp-content\/uploads\/2020\/02\/colchao-softcloud-ace.png","contentUrl":"https:\/\/img.maisquecuidar.com\/loja\/wp-content\/uploads\/2020\/02\/colchao-softcloud-ace.png","width":1280,"height":800,"caption":"Colch\u00e3o anti-escaras Softcloud Ace da Invacare"},{"@type":"BreadcrumbList","@id":"https:\/\/www.maisquecuidar.com\/loja\/quarto-conforto-bem-estar\/colchoes-anti-escaras\/colchao-dinamico-softcloud-ace#breadcrumb","itemListElement":[{"@type":"ListItem","position":1,"name":"Home","item":"https:\/\/www.maisquecuidar.com\/loja\/"},{"@type":"ListItem","position":2,"name":"Loja Online de Ortopedia e Geriatria em Portugal","item":"https:\/\/www.maisquecuidar.com\/loja\/loja"},{"@type":"ListItem","position":3,"name":"Quarto, Conforto e Bem Estar","item":"https:\/\/www.maisquecuidar.com\/loja\/quarto-conforto-bem-estar"},{"@type":"ListItem","position":4,"name":"Colch\u00f5es Anti-Escaras","item":"https:\/\/www.maisquecuidar.com\/loja\/quarto-conforto-bem-estar\/colchoes-anti-escaras"},{"@type":"ListItem","position":5,"name":"Colch\u00e3o Din\u00e2mico Softcloud Ace Invacare"}]},{"@type":"WebSite","@id":"https:\/\/www.maisquecuidar.com\/loja\/#website","url":"https:\/\/www.maisquecuidar.com\/loja\/","name":"Mais que Cuidar","description":"Sa\u00fade, Ortopedia e Geriatria","publisher":{"@id":"https:\/\/www.maisquecuidar.com\/loja\/#organization"},"potentialAction":[{"@type":"SearchAction","target":{"@type":"EntryPoint","urlTemplate":"https:\/\/www.maisquecuidar.com\/loja\/?s={search_term_string}"},"query-input":{"@type":"PropertyValueSpecification","valueRequired":true,"valueName":"search_term_string"}}],"inLanguage":"pt-PT"},{"@type":"Organization","@id":"https:\/\/www.maisquecuidar.com\/loja\/#organization","name":"Mais Que Cuidar","url":"https:\/\/www.maisquecuidar.com\/loja\/","logo":{"@type":"ImageObject","inLanguage":"pt-PT","@id":"https:\/\/www.maisquecuidar.com\/loja\/#\/schema\/logo\/image\/","url":"https:\/\/img.maisquecuidar.com\/loja\/wp-content\/uploads\/2019\/08\/logo-mais-que-cuidar-retina.png","contentUrl":"https:\/\/img.maisquecuidar.com\/loja\/wp-content\/uploads\/2019\/08\/logo-mais-que-cuidar-retina.png","width":565,"height":75,"caption":"Mais Que Cuidar"},"image":{"@id":"https:\/\/www.maisquecuidar.com\/loja\/#\/schema\/logo\/image\/"},"sameAs":["https:\/\/www.facebook.com\/maisquecuidar.pt","https:\/\/www.instagram.com\/maisquecuidar"]}]}},"_links":{"self":[{"href":"https:\/\/www.maisquecuidar.com\/loja\/wp-json\/wp\/v2\/product\/13017","targetHints":{"allow":["GET"]}}],"collection":[{"href":"https:\/\/www.maisquecuidar.com\/loja\/wp-json\/wp\/v2\/product"}],"about":[{"href":"https:\/\/www.maisquecuidar.com\/loja\/wp-json\/wp\/v2\/types\/product"}],"wp:featuredmedia":[{"embeddable":true,"href":"https:\/\/www.maisquecuidar.com\/loja\/wp-json\/wp\/v2\/media\/15309"}],"wp:attachment":[{"href":"https:\/\/www.maisquecuidar.com\/loja\/wp-json\/wp\/v2\/media?parent=13017"}],"wp:term":[{"taxonomy":"product_brand","embeddable":true,"href":"https:\/\/www.maisquecuidar.com\/loja\/wp-json\/wp\/v2\/product_brand?post=13017"},{"taxonomy":"product_cat","embeddable":true,"href":"https:\/\/www.maisquecuidar.com\/loja\/wp-json\/wp\/v2\/product_cat?post=13017"},{"taxonomy":"product_tag","embeddable":true,"href":"https:\/\/www.maisquecuidar.com\/loja\/wp-json\/wp\/v2\/product_tag?post=13017"}],"curies":[{"name":"wp","href":"https:\/\/api.w.org\/{rel}","templated":true}]}}