{"id":13009,"date":"2020-02-09T23:13:52","date_gmt":"2020-02-09T23:13:52","guid":{"rendered":"https:\/\/www.maisquecuidar.com\/loja\/?post_type=product&#038;p=13009"},"modified":"2025-10-01T18:32:05","modified_gmt":"2025-10-01T17:32:05","slug":"sobre-colchao-dinamico-softcloud-top","status":"publish","type":"product","link":"https:\/\/www.maisquecuidar.com\/loja\/quarto-conforto-bem-estar\/colchoes-anti-escaras\/sobre-colchao-dinamico-softcloud-top","title":{"rendered":"Sobre-Colch\u00e3o Din\u00e2mico Softcloud Top"},"content":{"rendered":"<p><strong>Sobre-Colch\u00e3o Din\u00e2mico Softcloud Top<\/strong><\/p>\n<p>Sobre-colch\u00e3o anti-escaras de gama alta recomendado para pacientes com risco muito elevador de desenvolverem feridas ou \u00falceras de press\u00e3o.<\/p>\n<h3>Caracter\u00edsticas em destaque:<\/h3>\n<ul>\n<li>\u00a0<strong>C\u00e9lulas de ar individuais em TPU: <\/strong>reduz a acumula\u00e7\u00e3o de humidade, contribui \u00a0para uma f\u00e1cil limpeza e manuten\u00e7\u00e3o, ao mesmo tempo que aumenta o conforto e a \u00a0estabilidade.<\/li>\n<li><strong>Ciclos de altern\u00e2ncia de press\u00e3o de 12 minutos (1 em 2).<\/strong><\/li>\n<li><strong>Modo de transporte: <\/strong>permite manter o sobre-colch\u00e3o insuflado em modo est\u00e1tico, durante o transporte do utilizador.<\/li>\n<li><strong>V\u00e1lvula de CPR (RCP): <\/strong>permite a r\u00e1pida desinsufla\u00e7\u00e3o para realiza\u00e7\u00e3o de manobras de reanima\u00e7\u00e3o cardiopulmonar (RCP).<\/li>\n<li><strong>Dete\u00e7\u00e3o e ajuste autom\u00e1ticos<\/strong>\u00a0<strong>da press\u00e3o: <\/strong>alivia automaticamente os pontos de press\u00e3o, para garantir prote\u00e7\u00e3o e conforto ao utilizador.<\/li>\n<li><strong>Dispon\u00edvel nas seguintes medidas standard: 202 x 88 x 13 cm<\/strong>.\n<p>Outras medidas sob consulta.<\/li>\n<li>Indicado para utilizadores com peso m\u00e1ximo de 200 Kg<\/li>\n<li>Tecnologia de press\u00e3o alterna incorporada<\/li>\n<\/ul>\n","protected":false},"excerpt":{"rendered":"<p>Desenhado para doentes com &#8220;risco muito elevado&#8221; de desenvolver \u00falceras por press\u00e3o.<\/p>\n","protected":false},"featured_media":17224,"template":"","meta":{"_acf_changed":false,"neve_meta_sidebar":"","neve_meta_container":"","neve_meta_enable_content_width":"","neve_meta_content_width":0,"neve_meta_title_alignment":"","neve_meta_author_avatar":"","neve_post_elements_order":"","neve_meta_disable_header":"","neve_meta_disable_footer":"","neve_meta_disable_title":""},"product_brand":[],"product_cat":[763],"product_tag":[],"class_list":{"0":"post-13009","1":"product","2":"type-product","3":"status-publish","4":"has-post-thumbnail","6":"product_cat-colchoes-anti-escaras","8":"first","9":"onbackorder","10":"taxable","11":"shipping-taxable","12":"purchasable","13":"product-type-simple"},"acf":[],"yoast_head":"<!-- This site is optimized with the Yoast SEO plugin v27.4 - https:\/\/yoast.com\/product\/yoast-seo-wordpress\/ -->\n<title>Sobre-Colch\u00e3o Din\u00e2mico Softcloud Top - Mais que Cuidar<\/title>\n<meta name=\"description\" content=\"Descubra as caracter\u00edsticas do sobre-colch\u00e3o din\u00e2mico softcloud top da Invacare indicado para doentes com risco muito elevado de ulceras de press\u00e3o. Confira\" \/>\n<meta name=\"robots\" content=\"index, follow, max-snippet:-1, max-image-preview:large, max-video-preview:-1\" \/>\n<link rel=\"canonical\" href=\"https:\/\/www.maisquecuidar.com\/loja\/quarto-conforto-bem-estar\/colchoes-anti-escaras\/sobre-colchao-dinamico-softcloud-top\" \/>\n<meta property=\"og:locale\" content=\"pt_PT\" \/>\n<meta property=\"og:type\" content=\"article\" \/>\n<meta property=\"og:title\" content=\"Sobre-Colch\u00e3o Din\u00e2mico Softcloud Top - Mais que Cuidar\" \/>\n<meta property=\"og:description\" content=\"Descubra as caracter\u00edsticas do sobre-colch\u00e3o din\u00e2mico softcloud top da Invacare indicado para doentes com risco muito elevado de ulceras de press\u00e3o. Confira\" \/>\n<meta property=\"og:url\" content=\"https:\/\/www.maisquecuidar.com\/loja\/quarto-conforto-bem-estar\/colchoes-anti-escaras\/sobre-colchao-dinamico-softcloud-top\" \/>\n<meta property=\"og:site_name\" content=\"Mais que Cuidar\" \/>\n<meta property=\"article:publisher\" content=\"https:\/\/www.facebook.com\/maisquecuidar.pt\" \/>\n<meta property=\"article:modified_time\" content=\"2025-10-01T17:32:05+00:00\" \/>\n<meta property=\"og:image\" content=\"https:\/\/img.maisquecuidar.com\/loja\/wp-content\/uploads\/2020\/02\/colchao-softcloud-pro.jpg\" \/>\n\t<meta property=\"og:image:width\" content=\"1280\" \/>\n\t<meta property=\"og:image:height\" content=\"800\" \/>\n\t<meta property=\"og:image:type\" content=\"image\/jpeg\" \/>\n<meta name=\"twitter:label1\" content=\"Tempo estimado de leitura\" \/>\n\t<meta name=\"twitter:data1\" content=\"2 minutos\" \/>\n<script type=\"application\/ld+json\" class=\"yoast-schema-graph\">{\"@context\":\"https:\\\/\\\/schema.org\",\"@graph\":[{\"@type\":\"WebPage\",\"@id\":\"https:\\\/\\\/www.maisquecuidar.com\\\/loja\\\/quarto-conforto-bem-estar\\\/colchoes-anti-escaras\\\/sobre-colchao-dinamico-softcloud-top\",\"url\":\"https:\\\/\\\/www.maisquecuidar.com\\\/loja\\\/quarto-conforto-bem-estar\\\/colchoes-anti-escaras\\\/sobre-colchao-dinamico-softcloud-top\",\"name\":\"Sobre-Colch\u00e3o Din\u00e2mico Softcloud Top - Mais que Cuidar\",\"isPartOf\":{\"@id\":\"https:\\\/\\\/www.maisquecuidar.com\\\/loja\\\/#website\"},\"primaryImageOfPage\":{\"@id\":\"https:\\\/\\\/www.maisquecuidar.com\\\/loja\\\/quarto-conforto-bem-estar\\\/colchoes-anti-escaras\\\/sobre-colchao-dinamico-softcloud-top#primaryimage\"},\"image\":{\"@id\":\"https:\\\/\\\/www.maisquecuidar.com\\\/loja\\\/quarto-conforto-bem-estar\\\/colchoes-anti-escaras\\\/sobre-colchao-dinamico-softcloud-top#primaryimage\"},\"thumbnailUrl\":\"https:\\\/\\\/img.maisquecuidar.com\\\/loja\\\/wp-content\\\/uploads\\\/2020\\\/02\\\/colchao-softcloud-pro.jpg\",\"datePublished\":\"2020-02-09T23:13:52+00:00\",\"dateModified\":\"2025-10-01T17:32:05+00:00\",\"description\":\"Descubra as caracter\u00edsticas do sobre-colch\u00e3o din\u00e2mico softcloud top da Invacare indicado para doentes com risco muito elevado de ulceras de press\u00e3o. Confira\",\"breadcrumb\":{\"@id\":\"https:\\\/\\\/www.maisquecuidar.com\\\/loja\\\/quarto-conforto-bem-estar\\\/colchoes-anti-escaras\\\/sobre-colchao-dinamico-softcloud-top#breadcrumb\"},\"inLanguage\":\"pt-PT\",\"potentialAction\":[{\"@type\":\"ReadAction\",\"target\":[\"https:\\\/\\\/www.maisquecuidar.com\\\/loja\\\/quarto-conforto-bem-estar\\\/colchoes-anti-escaras\\\/sobre-colchao-dinamico-softcloud-top\"]}]},{\"@type\":\"ImageObject\",\"inLanguage\":\"pt-PT\",\"@id\":\"https:\\\/\\\/www.maisquecuidar.com\\\/loja\\\/quarto-conforto-bem-estar\\\/colchoes-anti-escaras\\\/sobre-colchao-dinamico-softcloud-top#primaryimage\",\"url\":\"https:\\\/\\\/img.maisquecuidar.com\\\/loja\\\/wp-content\\\/uploads\\\/2020\\\/02\\\/colchao-softcloud-pro.jpg\",\"contentUrl\":\"https:\\\/\\\/img.maisquecuidar.com\\\/loja\\\/wp-content\\\/uploads\\\/2020\\\/02\\\/colchao-softcloud-pro.jpg\",\"width\":1280,\"height\":800,\"caption\":\"Colch\u00e3o anti-escaras softcloud pro da Invacare\"},{\"@type\":\"BreadcrumbList\",\"@id\":\"https:\\\/\\\/www.maisquecuidar.com\\\/loja\\\/quarto-conforto-bem-estar\\\/colchoes-anti-escaras\\\/sobre-colchao-dinamico-softcloud-top#breadcrumb\",\"itemListElement\":[{\"@type\":\"ListItem\",\"position\":1,\"name\":\"Home\",\"item\":\"https:\\\/\\\/www.maisquecuidar.com\\\/loja\\\/\"},{\"@type\":\"ListItem\",\"position\":2,\"name\":\"Loja Online de Ortopedia e Geriatria em Portugal\",\"item\":\"https:\\\/\\\/www.maisquecuidar.com\\\/loja\\\/loja\"},{\"@type\":\"ListItem\",\"position\":3,\"name\":\"Quarto, Conforto e Bem Estar\",\"item\":\"https:\\\/\\\/www.maisquecuidar.com\\\/loja\\\/quarto-conforto-bem-estar\"},{\"@type\":\"ListItem\",\"position\":4,\"name\":\"Colch\u00f5es Anti-Escaras\",\"item\":\"https:\\\/\\\/www.maisquecuidar.com\\\/loja\\\/quarto-conforto-bem-estar\\\/colchoes-anti-escaras\"},{\"@type\":\"ListItem\",\"position\":5,\"name\":\"Sobre-Colch\u00e3o Din\u00e2mico Softcloud Top\"}]},{\"@type\":\"WebSite\",\"@id\":\"https:\\\/\\\/www.maisquecuidar.com\\\/loja\\\/#website\",\"url\":\"https:\\\/\\\/www.maisquecuidar.com\\\/loja\\\/\",\"name\":\"Mais que Cuidar\",\"description\":\"Sa\u00fade, Ortopedia e Geriatria\",\"publisher\":{\"@id\":\"https:\\\/\\\/www.maisquecuidar.com\\\/loja\\\/#organization\"},\"potentialAction\":[{\"@type\":\"SearchAction\",\"target\":{\"@type\":\"EntryPoint\",\"urlTemplate\":\"https:\\\/\\\/www.maisquecuidar.com\\\/loja\\\/?s={search_term_string}\"},\"query-input\":{\"@type\":\"PropertyValueSpecification\",\"valueRequired\":true,\"valueName\":\"search_term_string\"}}],\"inLanguage\":\"pt-PT\"},{\"@type\":\"Organization\",\"@id\":\"https:\\\/\\\/www.maisquecuidar.com\\\/loja\\\/#organization\",\"name\":\"Mais Que Cuidar\",\"url\":\"https:\\\/\\\/www.maisquecuidar.com\\\/loja\\\/\",\"logo\":{\"@type\":\"ImageObject\",\"inLanguage\":\"pt-PT\",\"@id\":\"https:\\\/\\\/www.maisquecuidar.com\\\/loja\\\/#\\\/schema\\\/logo\\\/image\\\/\",\"url\":\"https:\\\/\\\/img.maisquecuidar.com\\\/loja\\\/wp-content\\\/uploads\\\/2019\\\/08\\\/logo-mais-que-cuidar-retina.png\",\"contentUrl\":\"https:\\\/\\\/img.maisquecuidar.com\\\/loja\\\/wp-content\\\/uploads\\\/2019\\\/08\\\/logo-mais-que-cuidar-retina.png\",\"width\":565,\"height\":75,\"caption\":\"Mais Que Cuidar\"},\"image\":{\"@id\":\"https:\\\/\\\/www.maisquecuidar.com\\\/loja\\\/#\\\/schema\\\/logo\\\/image\\\/\"},\"sameAs\":[\"https:\\\/\\\/www.facebook.com\\\/maisquecuidar.pt\",\"https:\\\/\\\/www.instagram.com\\\/maisquecuidar\"]}]}<\/script>\n<!-- \/ Yoast SEO plugin. -->","yoast_head_json":{"title":"Sobre-Colch\u00e3o Din\u00e2mico Softcloud Top - Mais que Cuidar","description":"Descubra as caracter\u00edsticas do sobre-colch\u00e3o din\u00e2mico softcloud top da Invacare indicado para doentes com risco muito elevado de ulceras de press\u00e3o. Confira","robots":{"index":"index","follow":"follow","max-snippet":"max-snippet:-1","max-image-preview":"max-image-preview:large","max-video-preview":"max-video-preview:-1"},"canonical":"https:\/\/www.maisquecuidar.com\/loja\/quarto-conforto-bem-estar\/colchoes-anti-escaras\/sobre-colchao-dinamico-softcloud-top","og_locale":"pt_PT","og_type":"article","og_title":"Sobre-Colch\u00e3o Din\u00e2mico Softcloud Top - Mais que Cuidar","og_description":"Descubra as caracter\u00edsticas do sobre-colch\u00e3o din\u00e2mico softcloud top da Invacare indicado para doentes com risco muito elevado de ulceras de press\u00e3o. Confira","og_url":"https:\/\/www.maisquecuidar.com\/loja\/quarto-conforto-bem-estar\/colchoes-anti-escaras\/sobre-colchao-dinamico-softcloud-top","og_site_name":"Mais que Cuidar","article_publisher":"https:\/\/www.facebook.com\/maisquecuidar.pt","article_modified_time":"2025-10-01T17:32:05+00:00","og_image":[{"width":1280,"height":800,"url":"https:\/\/img.maisquecuidar.com\/loja\/wp-content\/uploads\/2020\/02\/colchao-softcloud-pro.jpg","type":"image\/jpeg"}],"twitter_misc":{"Tempo estimado de leitura":"2 minutos"},"schema":{"@context":"https:\/\/schema.org","@graph":[{"@type":"WebPage","@id":"https:\/\/www.maisquecuidar.com\/loja\/quarto-conforto-bem-estar\/colchoes-anti-escaras\/sobre-colchao-dinamico-softcloud-top","url":"https:\/\/www.maisquecuidar.com\/loja\/quarto-conforto-bem-estar\/colchoes-anti-escaras\/sobre-colchao-dinamico-softcloud-top","name":"Sobre-Colch\u00e3o Din\u00e2mico Softcloud Top - Mais que Cuidar","isPartOf":{"@id":"https:\/\/www.maisquecuidar.com\/loja\/#website"},"primaryImageOfPage":{"@id":"https:\/\/www.maisquecuidar.com\/loja\/quarto-conforto-bem-estar\/colchoes-anti-escaras\/sobre-colchao-dinamico-softcloud-top#primaryimage"},"image":{"@id":"https:\/\/www.maisquecuidar.com\/loja\/quarto-conforto-bem-estar\/colchoes-anti-escaras\/sobre-colchao-dinamico-softcloud-top#primaryimage"},"thumbnailUrl":"https:\/\/img.maisquecuidar.com\/loja\/wp-content\/uploads\/2020\/02\/colchao-softcloud-pro.jpg","datePublished":"2020-02-09T23:13:52+00:00","dateModified":"2025-10-01T17:32:05+00:00","description":"Descubra as caracter\u00edsticas do sobre-colch\u00e3o din\u00e2mico softcloud top da Invacare indicado para doentes com risco muito elevado de ulceras de press\u00e3o. Confira","breadcrumb":{"@id":"https:\/\/www.maisquecuidar.com\/loja\/quarto-conforto-bem-estar\/colchoes-anti-escaras\/sobre-colchao-dinamico-softcloud-top#breadcrumb"},"inLanguage":"pt-PT","potentialAction":[{"@type":"ReadAction","target":["https:\/\/www.maisquecuidar.com\/loja\/quarto-conforto-bem-estar\/colchoes-anti-escaras\/sobre-colchao-dinamico-softcloud-top"]}]},{"@type":"ImageObject","inLanguage":"pt-PT","@id":"https:\/\/www.maisquecuidar.com\/loja\/quarto-conforto-bem-estar\/colchoes-anti-escaras\/sobre-colchao-dinamico-softcloud-top#primaryimage","url":"https:\/\/img.maisquecuidar.com\/loja\/wp-content\/uploads\/2020\/02\/colchao-softcloud-pro.jpg","contentUrl":"https:\/\/img.maisquecuidar.com\/loja\/wp-content\/uploads\/2020\/02\/colchao-softcloud-pro.jpg","width":1280,"height":800,"caption":"Colch\u00e3o anti-escaras softcloud pro da Invacare"},{"@type":"BreadcrumbList","@id":"https:\/\/www.maisquecuidar.com\/loja\/quarto-conforto-bem-estar\/colchoes-anti-escaras\/sobre-colchao-dinamico-softcloud-top#breadcrumb","itemListElement":[{"@type":"ListItem","position":1,"name":"Home","item":"https:\/\/www.maisquecuidar.com\/loja\/"},{"@type":"ListItem","position":2,"name":"Loja Online de Ortopedia e Geriatria em Portugal","item":"https:\/\/www.maisquecuidar.com\/loja\/loja"},{"@type":"ListItem","position":3,"name":"Quarto, Conforto e Bem Estar","item":"https:\/\/www.maisquecuidar.com\/loja\/quarto-conforto-bem-estar"},{"@type":"ListItem","position":4,"name":"Colch\u00f5es Anti-Escaras","item":"https:\/\/www.maisquecuidar.com\/loja\/quarto-conforto-bem-estar\/colchoes-anti-escaras"},{"@type":"ListItem","position":5,"name":"Sobre-Colch\u00e3o Din\u00e2mico Softcloud Top"}]},{"@type":"WebSite","@id":"https:\/\/www.maisquecuidar.com\/loja\/#website","url":"https:\/\/www.maisquecuidar.com\/loja\/","name":"Mais que Cuidar","description":"Sa\u00fade, Ortopedia e Geriatria","publisher":{"@id":"https:\/\/www.maisquecuidar.com\/loja\/#organization"},"potentialAction":[{"@type":"SearchAction","target":{"@type":"EntryPoint","urlTemplate":"https:\/\/www.maisquecuidar.com\/loja\/?s={search_term_string}"},"query-input":{"@type":"PropertyValueSpecification","valueRequired":true,"valueName":"search_term_string"}}],"inLanguage":"pt-PT"},{"@type":"Organization","@id":"https:\/\/www.maisquecuidar.com\/loja\/#organization","name":"Mais Que Cuidar","url":"https:\/\/www.maisquecuidar.com\/loja\/","logo":{"@type":"ImageObject","inLanguage":"pt-PT","@id":"https:\/\/www.maisquecuidar.com\/loja\/#\/schema\/logo\/image\/","url":"https:\/\/img.maisquecuidar.com\/loja\/wp-content\/uploads\/2019\/08\/logo-mais-que-cuidar-retina.png","contentUrl":"https:\/\/img.maisquecuidar.com\/loja\/wp-content\/uploads\/2019\/08\/logo-mais-que-cuidar-retina.png","width":565,"height":75,"caption":"Mais Que Cuidar"},"image":{"@id":"https:\/\/www.maisquecuidar.com\/loja\/#\/schema\/logo\/image\/"},"sameAs":["https:\/\/www.facebook.com\/maisquecuidar.pt","https:\/\/www.instagram.com\/maisquecuidar"]}]}},"_links":{"self":[{"href":"https:\/\/www.maisquecuidar.com\/loja\/wp-json\/wp\/v2\/product\/13009","targetHints":{"allow":["GET"]}}],"collection":[{"href":"https:\/\/www.maisquecuidar.com\/loja\/wp-json\/wp\/v2\/product"}],"about":[{"href":"https:\/\/www.maisquecuidar.com\/loja\/wp-json\/wp\/v2\/types\/product"}],"wp:featuredmedia":[{"embeddable":true,"href":"https:\/\/www.maisquecuidar.com\/loja\/wp-json\/wp\/v2\/media\/17224"}],"wp:attachment":[{"href":"https:\/\/www.maisquecuidar.com\/loja\/wp-json\/wp\/v2\/media?parent=13009"}],"wp:term":[{"taxonomy":"product_brand","embeddable":true,"href":"https:\/\/www.maisquecuidar.com\/loja\/wp-json\/wp\/v2\/product_brand?post=13009"},{"taxonomy":"product_cat","embeddable":true,"href":"https:\/\/www.maisquecuidar.com\/loja\/wp-json\/wp\/v2\/product_cat?post=13009"},{"taxonomy":"product_tag","embeddable":true,"href":"https:\/\/www.maisquecuidar.com\/loja\/wp-json\/wp\/v2\/product_tag?post=13009"}],"curies":[{"name":"wp","href":"https:\/\/api.w.org\/{rel}","templated":true}]}}