{"id":12961,"date":"2020-02-09T10:10:53","date_gmt":"2020-02-09T10:10:53","guid":{"rendered":"https:\/\/www.maisquecuidar.com\/loja\/?post_type=product&#038;p=12961"},"modified":"2026-04-21T18:41:36","modified_gmt":"2026-04-21T17:41:36","slug":"cadeira-de-rodas-eletrica-dobravel-powerchair","status":"publish","type":"product","link":"https:\/\/www.maisquecuidar.com\/loja\/mais-mobilidade\/cadeiras-de-rodas\/electricas\/cadeira-de-rodas-eletrica-dobravel-powerchair","title":{"rendered":"Cadeira de Rodas El\u00e9trica Dobr\u00e1vel PowerChair Pantera"},"content":{"rendered":"<p><strong>Cadeira de Rodas El\u00e9trica Dobr\u00e1vel PowerChair Pantera<\/strong><\/p>\n<p>Descubra a liberdade e a conveni\u00eancia com a Cadeira de Rodas El\u00e9trica Pantera. Fabricada em alum\u00ednio ultra-leve e equipada com baterias de l\u00edtio, esta cadeira de rodas \u00e9 a escolha perfeita para utilizadores que valorizam conforto, seguran\u00e7a e praticidade.<\/p>\n<p><strong>Principais Caracter\u00edsticas:<\/strong><\/p>\n<ul>\n<li><strong>Design Ultra-Leve e Compacto:<\/strong> Feita em alum\u00ednio, a Pantera \u00e9 f\u00e1cil de manusear e transportar, com uma largura total de apenas 63 cm. Dobra-se em menos de 5 segundos, permitindo que a leve consigo para qualquer lugar.<\/li>\n<li><strong>Baterias de L\u00edtio Recarreg\u00e1veis:<\/strong> Opere com uma ou duas baterias, que podem ser carregadas tanto na cadeira de rodas quanto fora dela. Ideal para longas viagens, seja de carro, comboio ou avi\u00e3o.<\/li>\n<li><strong>Conforto Incompar\u00e1vel:<\/strong> Assento e encosto de alta qualidade, resistentes e remov\u00edveis. Pode lav\u00e1-los facilmente a temperaturas superiores a 95\u00ba, garantindo uma higiene impec\u00e1vel.<\/li>\n<li><strong>Seguran\u00e7a e Estabilidade:<\/strong> Rodas anti-furo com suspens\u00e3o proporcionam uma viagem suave, enquanto as rodas anti-volteio aumentam a seguran\u00e7a, evitando quedas.<\/li>\n<li><strong>Facilidade de Uso:<\/strong> Equipada com um joystick de 360\u00ba com display digital, oferece controle total na ponta dos seus dedos. O nova vers\u00e3o do joystick tem a estrutura rebat\u00edvel para facilitar o transporte e a arruma\u00e7\u00e3o da cadeira de rodas. O apoio de p\u00e9s dobr\u00e1vel adiciona um extra de conveni\u00eancia e conforto.<\/li>\n<li><strong>Motores Silenciosos:<\/strong> Desfrute de uma experi\u00eancia de mobilidade tranquila com motores que funcionam sem ru\u00eddo, permitindo que se mova discretamente em qualquer ambiente.<\/li>\n<\/ul>\n<p>&nbsp;<\/p>\n<p>A cadeira motorizada Pantera \u00e9 mais do que uma cadeira de rodas el\u00e9trica; \u00e9 uma companheira de confian\u00e7a que facilita a vida di\u00e1ria. Ideal para quem valoriza independ\u00eancia e mobilidade, esta cadeira combina inova\u00e7\u00e3o, conforto e seguran\u00e7a num design elegante e pr\u00e1tico.<\/p>\n<p>Visite uma loja Mais que Cuidar e marque um test drive na loja ou em sua casa!<\/p>\n","protected":false},"excerpt":{"rendered":"<p>PROMO\u00c7\u00c3O V\u00c1LIDA DE 22 a 28 DE ABRIL DE 2026<\/p>\n<p>Cadeira de rodas motorizada, dobr\u00e1vel e facilmente transport\u00e1vel.<\/p>\n","protected":false},"featured_media":18117,"template":"","meta":{"_acf_changed":false,"neve_meta_sidebar":"","neve_meta_container":"","neve_meta_enable_content_width":"off","neve_meta_content_width":100,"neve_meta_title_alignment":"","neve_meta_author_avatar":"","neve_post_elements_order":"","neve_meta_disable_header":"","neve_meta_disable_footer":"","neve_meta_disable_title":""},"product_brand":[],"product_cat":[83,757,760],"product_tag":[780],"class_list":{"0":"post-12961","1":"product","2":"type-product","3":"status-publish","4":"has-post-thumbnail","6":"product_cat-electricas","7":"product_cat-novidades","8":"product_cat-os-10-produtos-mais-vendidos-a-semana-passada","9":"product_tag-mais-que-cuidar","11":"first","12":"instock","13":"sale","14":"taxable","15":"shipping-taxable","16":"purchasable","17":"product-type-variable"},"acf":[],"yoast_head":"<!-- This site is optimized with the Yoast SEO plugin v27.4 - https:\/\/yoast.com\/product\/yoast-seo-wordpress\/ -->\n<title>Cadeira de Rodas El\u00e9trica Dobr\u00e1vel PowerChair Pantera - Mais que Cuidar<\/title>\n<meta name=\"description\" content=\"Conhe\u00e7a as caracter\u00edsticas da Cadeira de rodas el\u00e9trica dobr\u00e1vel Powerchair Pantera em alum\u00ednio. \u00c9 muito leve (27,5 kg) e dobra-se facilmente.\" \/>\n<meta name=\"robots\" content=\"index, follow, max-snippet:-1, max-image-preview:large, max-video-preview:-1\" \/>\n<link rel=\"canonical\" href=\"https:\/\/www.maisquecuidar.com\/loja\/mais-mobilidade\/cadeiras-de-rodas\/electricas\/cadeira-de-rodas-eletrica-dobravel-powerchair\" \/>\n<meta property=\"og:locale\" content=\"pt_PT\" \/>\n<meta property=\"og:type\" content=\"article\" \/>\n<meta property=\"og:title\" content=\"Cadeira de Rodas El\u00e9trica Dobr\u00e1vel PowerChair Pantera - Mais que Cuidar\" \/>\n<meta property=\"og:description\" content=\"Conhe\u00e7a as caracter\u00edsticas da Cadeira de rodas el\u00e9trica dobr\u00e1vel Powerchair Pantera em alum\u00ednio. \u00c9 muito leve (27,5 kg) e dobra-se facilmente.\" \/>\n<meta property=\"og:url\" content=\"https:\/\/www.maisquecuidar.com\/loja\/mais-mobilidade\/cadeiras-de-rodas\/electricas\/cadeira-de-rodas-eletrica-dobravel-powerchair\" \/>\n<meta property=\"og:site_name\" content=\"Mais que Cuidar\" \/>\n<meta property=\"article:publisher\" content=\"https:\/\/www.facebook.com\/maisquecuidar.pt\" \/>\n<meta property=\"article:modified_time\" content=\"2026-04-21T17:41:36+00:00\" \/>\n<meta property=\"og:image\" content=\"https:\/\/img.maisquecuidar.com\/loja\/wp-content\/uploads\/2020\/02\/cadeira-de-rodas-pantera.png\" \/>\n\t<meta property=\"og:image:width\" content=\"1280\" \/>\n\t<meta property=\"og:image:height\" content=\"800\" \/>\n\t<meta property=\"og:image:type\" content=\"image\/png\" \/>\n<meta name=\"twitter:label1\" content=\"Tempo estimado de leitura\" \/>\n\t<meta name=\"twitter:data1\" content=\"2 minutos\" \/>\n<script type=\"application\/ld+json\" class=\"yoast-schema-graph\">{\"@context\":\"https:\\\/\\\/schema.org\",\"@graph\":[{\"@type\":\"WebPage\",\"@id\":\"https:\\\/\\\/www.maisquecuidar.com\\\/loja\\\/mais-mobilidade\\\/cadeiras-de-rodas\\\/electricas\\\/cadeira-de-rodas-eletrica-dobravel-powerchair\",\"url\":\"https:\\\/\\\/www.maisquecuidar.com\\\/loja\\\/mais-mobilidade\\\/cadeiras-de-rodas\\\/electricas\\\/cadeira-de-rodas-eletrica-dobravel-powerchair\",\"name\":\"Cadeira de Rodas El\u00e9trica Dobr\u00e1vel PowerChair Pantera - Mais que Cuidar\",\"isPartOf\":{\"@id\":\"https:\\\/\\\/www.maisquecuidar.com\\\/loja\\\/#website\"},\"primaryImageOfPage\":{\"@id\":\"https:\\\/\\\/www.maisquecuidar.com\\\/loja\\\/mais-mobilidade\\\/cadeiras-de-rodas\\\/electricas\\\/cadeira-de-rodas-eletrica-dobravel-powerchair#primaryimage\"},\"image\":{\"@id\":\"https:\\\/\\\/www.maisquecuidar.com\\\/loja\\\/mais-mobilidade\\\/cadeiras-de-rodas\\\/electricas\\\/cadeira-de-rodas-eletrica-dobravel-powerchair#primaryimage\"},\"thumbnailUrl\":\"https:\\\/\\\/img.maisquecuidar.com\\\/loja\\\/wp-content\\\/uploads\\\/2020\\\/02\\\/cadeira-de-rodas-pantera.png\",\"datePublished\":\"2020-02-09T10:10:53+00:00\",\"dateModified\":\"2026-04-21T17:41:36+00:00\",\"description\":\"Conhe\u00e7a as caracter\u00edsticas da Cadeira de rodas el\u00e9trica dobr\u00e1vel Powerchair Pantera em alum\u00ednio. \u00c9 muito leve (27,5 kg) e dobra-se facilmente.\",\"breadcrumb\":{\"@id\":\"https:\\\/\\\/www.maisquecuidar.com\\\/loja\\\/mais-mobilidade\\\/cadeiras-de-rodas\\\/electricas\\\/cadeira-de-rodas-eletrica-dobravel-powerchair#breadcrumb\"},\"inLanguage\":\"pt-PT\",\"potentialAction\":[{\"@type\":\"ReadAction\",\"target\":[\"https:\\\/\\\/www.maisquecuidar.com\\\/loja\\\/mais-mobilidade\\\/cadeiras-de-rodas\\\/electricas\\\/cadeira-de-rodas-eletrica-dobravel-powerchair\"]}]},{\"@type\":\"ImageObject\",\"inLanguage\":\"pt-PT\",\"@id\":\"https:\\\/\\\/www.maisquecuidar.com\\\/loja\\\/mais-mobilidade\\\/cadeiras-de-rodas\\\/electricas\\\/cadeira-de-rodas-eletrica-dobravel-powerchair#primaryimage\",\"url\":\"https:\\\/\\\/img.maisquecuidar.com\\\/loja\\\/wp-content\\\/uploads\\\/2020\\\/02\\\/cadeira-de-rodas-pantera.png\",\"contentUrl\":\"https:\\\/\\\/img.maisquecuidar.com\\\/loja\\\/wp-content\\\/uploads\\\/2020\\\/02\\\/cadeira-de-rodas-pantera.png\",\"width\":1280,\"height\":800,\"caption\":\"Cadeira de rodas el\u00e9trica Pantera\"},{\"@type\":\"BreadcrumbList\",\"@id\":\"https:\\\/\\\/www.maisquecuidar.com\\\/loja\\\/mais-mobilidade\\\/cadeiras-de-rodas\\\/electricas\\\/cadeira-de-rodas-eletrica-dobravel-powerchair#breadcrumb\",\"itemListElement\":[{\"@type\":\"ListItem\",\"position\":1,\"name\":\"Home\",\"item\":\"https:\\\/\\\/www.maisquecuidar.com\\\/loja\\\/\"},{\"@type\":\"ListItem\",\"position\":2,\"name\":\"Loja Online de Ortopedia e Geriatria em Portugal\",\"item\":\"https:\\\/\\\/www.maisquecuidar.com\\\/loja\\\/loja\"},{\"@type\":\"ListItem\",\"position\":3,\"name\":\"Mais Mobilidade\",\"item\":\"https:\\\/\\\/www.maisquecuidar.com\\\/loja\\\/mais-mobilidade\"},{\"@type\":\"ListItem\",\"position\":4,\"name\":\"Cadeiras de Rodas\",\"item\":\"https:\\\/\\\/www.maisquecuidar.com\\\/loja\\\/mais-mobilidade\\\/cadeiras-de-rodas\"},{\"@type\":\"ListItem\",\"position\":5,\"name\":\"Cadeiras de Rodas El\u00e9ctricas\",\"item\":\"https:\\\/\\\/www.maisquecuidar.com\\\/loja\\\/mais-mobilidade\\\/cadeiras-de-rodas\\\/electricas\"},{\"@type\":\"ListItem\",\"position\":6,\"name\":\"Cadeira de Rodas El\u00e9trica Dobr\u00e1vel PowerChair Pantera\"}]},{\"@type\":\"WebSite\",\"@id\":\"https:\\\/\\\/www.maisquecuidar.com\\\/loja\\\/#website\",\"url\":\"https:\\\/\\\/www.maisquecuidar.com\\\/loja\\\/\",\"name\":\"Mais que Cuidar\",\"description\":\"Sa\u00fade, Ortopedia e Geriatria\",\"publisher\":{\"@id\":\"https:\\\/\\\/www.maisquecuidar.com\\\/loja\\\/#organization\"},\"potentialAction\":[{\"@type\":\"SearchAction\",\"target\":{\"@type\":\"EntryPoint\",\"urlTemplate\":\"https:\\\/\\\/www.maisquecuidar.com\\\/loja\\\/?s={search_term_string}\"},\"query-input\":{\"@type\":\"PropertyValueSpecification\",\"valueRequired\":true,\"valueName\":\"search_term_string\"}}],\"inLanguage\":\"pt-PT\"},{\"@type\":\"Organization\",\"@id\":\"https:\\\/\\\/www.maisquecuidar.com\\\/loja\\\/#organization\",\"name\":\"Mais Que Cuidar\",\"url\":\"https:\\\/\\\/www.maisquecuidar.com\\\/loja\\\/\",\"logo\":{\"@type\":\"ImageObject\",\"inLanguage\":\"pt-PT\",\"@id\":\"https:\\\/\\\/www.maisquecuidar.com\\\/loja\\\/#\\\/schema\\\/logo\\\/image\\\/\",\"url\":\"https:\\\/\\\/img.maisquecuidar.com\\\/loja\\\/wp-content\\\/uploads\\\/2019\\\/08\\\/logo-mais-que-cuidar-retina.png\",\"contentUrl\":\"https:\\\/\\\/img.maisquecuidar.com\\\/loja\\\/wp-content\\\/uploads\\\/2019\\\/08\\\/logo-mais-que-cuidar-retina.png\",\"width\":565,\"height\":75,\"caption\":\"Mais Que Cuidar\"},\"image\":{\"@id\":\"https:\\\/\\\/www.maisquecuidar.com\\\/loja\\\/#\\\/schema\\\/logo\\\/image\\\/\"},\"sameAs\":[\"https:\\\/\\\/www.facebook.com\\\/maisquecuidar.pt\",\"https:\\\/\\\/www.instagram.com\\\/maisquecuidar\"]}]}<\/script>\n<!-- \/ Yoast SEO plugin. -->","yoast_head_json":{"title":"Cadeira de Rodas El\u00e9trica Dobr\u00e1vel PowerChair Pantera - Mais que Cuidar","description":"Conhe\u00e7a as caracter\u00edsticas da Cadeira de rodas el\u00e9trica dobr\u00e1vel Powerchair Pantera em alum\u00ednio. \u00c9 muito leve (27,5 kg) e dobra-se facilmente.","robots":{"index":"index","follow":"follow","max-snippet":"max-snippet:-1","max-image-preview":"max-image-preview:large","max-video-preview":"max-video-preview:-1"},"canonical":"https:\/\/www.maisquecuidar.com\/loja\/mais-mobilidade\/cadeiras-de-rodas\/electricas\/cadeira-de-rodas-eletrica-dobravel-powerchair","og_locale":"pt_PT","og_type":"article","og_title":"Cadeira de Rodas El\u00e9trica Dobr\u00e1vel PowerChair Pantera - Mais que Cuidar","og_description":"Conhe\u00e7a as caracter\u00edsticas da Cadeira de rodas el\u00e9trica dobr\u00e1vel Powerchair Pantera em alum\u00ednio. \u00c9 muito leve (27,5 kg) e dobra-se facilmente.","og_url":"https:\/\/www.maisquecuidar.com\/loja\/mais-mobilidade\/cadeiras-de-rodas\/electricas\/cadeira-de-rodas-eletrica-dobravel-powerchair","og_site_name":"Mais que Cuidar","article_publisher":"https:\/\/www.facebook.com\/maisquecuidar.pt","article_modified_time":"2026-04-21T17:41:36+00:00","og_image":[{"width":1280,"height":800,"url":"https:\/\/img.maisquecuidar.com\/loja\/wp-content\/uploads\/2020\/02\/cadeira-de-rodas-pantera.png","type":"image\/png"}],"twitter_misc":{"Tempo estimado de leitura":"2 minutos"},"schema":{"@context":"https:\/\/schema.org","@graph":[{"@type":"WebPage","@id":"https:\/\/www.maisquecuidar.com\/loja\/mais-mobilidade\/cadeiras-de-rodas\/electricas\/cadeira-de-rodas-eletrica-dobravel-powerchair","url":"https:\/\/www.maisquecuidar.com\/loja\/mais-mobilidade\/cadeiras-de-rodas\/electricas\/cadeira-de-rodas-eletrica-dobravel-powerchair","name":"Cadeira de Rodas El\u00e9trica Dobr\u00e1vel PowerChair Pantera - Mais que Cuidar","isPartOf":{"@id":"https:\/\/www.maisquecuidar.com\/loja\/#website"},"primaryImageOfPage":{"@id":"https:\/\/www.maisquecuidar.com\/loja\/mais-mobilidade\/cadeiras-de-rodas\/electricas\/cadeira-de-rodas-eletrica-dobravel-powerchair#primaryimage"},"image":{"@id":"https:\/\/www.maisquecuidar.com\/loja\/mais-mobilidade\/cadeiras-de-rodas\/electricas\/cadeira-de-rodas-eletrica-dobravel-powerchair#primaryimage"},"thumbnailUrl":"https:\/\/img.maisquecuidar.com\/loja\/wp-content\/uploads\/2020\/02\/cadeira-de-rodas-pantera.png","datePublished":"2020-02-09T10:10:53+00:00","dateModified":"2026-04-21T17:41:36+00:00","description":"Conhe\u00e7a as caracter\u00edsticas da Cadeira de rodas el\u00e9trica dobr\u00e1vel Powerchair Pantera em alum\u00ednio. \u00c9 muito leve (27,5 kg) e dobra-se facilmente.","breadcrumb":{"@id":"https:\/\/www.maisquecuidar.com\/loja\/mais-mobilidade\/cadeiras-de-rodas\/electricas\/cadeira-de-rodas-eletrica-dobravel-powerchair#breadcrumb"},"inLanguage":"pt-PT","potentialAction":[{"@type":"ReadAction","target":["https:\/\/www.maisquecuidar.com\/loja\/mais-mobilidade\/cadeiras-de-rodas\/electricas\/cadeira-de-rodas-eletrica-dobravel-powerchair"]}]},{"@type":"ImageObject","inLanguage":"pt-PT","@id":"https:\/\/www.maisquecuidar.com\/loja\/mais-mobilidade\/cadeiras-de-rodas\/electricas\/cadeira-de-rodas-eletrica-dobravel-powerchair#primaryimage","url":"https:\/\/img.maisquecuidar.com\/loja\/wp-content\/uploads\/2020\/02\/cadeira-de-rodas-pantera.png","contentUrl":"https:\/\/img.maisquecuidar.com\/loja\/wp-content\/uploads\/2020\/02\/cadeira-de-rodas-pantera.png","width":1280,"height":800,"caption":"Cadeira de rodas el\u00e9trica Pantera"},{"@type":"BreadcrumbList","@id":"https:\/\/www.maisquecuidar.com\/loja\/mais-mobilidade\/cadeiras-de-rodas\/electricas\/cadeira-de-rodas-eletrica-dobravel-powerchair#breadcrumb","itemListElement":[{"@type":"ListItem","position":1,"name":"Home","item":"https:\/\/www.maisquecuidar.com\/loja\/"},{"@type":"ListItem","position":2,"name":"Loja Online de Ortopedia e Geriatria em Portugal","item":"https:\/\/www.maisquecuidar.com\/loja\/loja"},{"@type":"ListItem","position":3,"name":"Mais Mobilidade","item":"https:\/\/www.maisquecuidar.com\/loja\/mais-mobilidade"},{"@type":"ListItem","position":4,"name":"Cadeiras de Rodas","item":"https:\/\/www.maisquecuidar.com\/loja\/mais-mobilidade\/cadeiras-de-rodas"},{"@type":"ListItem","position":5,"name":"Cadeiras de Rodas El\u00e9ctricas","item":"https:\/\/www.maisquecuidar.com\/loja\/mais-mobilidade\/cadeiras-de-rodas\/electricas"},{"@type":"ListItem","position":6,"name":"Cadeira de Rodas El\u00e9trica Dobr\u00e1vel PowerChair Pantera"}]},{"@type":"WebSite","@id":"https:\/\/www.maisquecuidar.com\/loja\/#website","url":"https:\/\/www.maisquecuidar.com\/loja\/","name":"Mais que Cuidar","description":"Sa\u00fade, Ortopedia e Geriatria","publisher":{"@id":"https:\/\/www.maisquecuidar.com\/loja\/#organization"},"potentialAction":[{"@type":"SearchAction","target":{"@type":"EntryPoint","urlTemplate":"https:\/\/www.maisquecuidar.com\/loja\/?s={search_term_string}"},"query-input":{"@type":"PropertyValueSpecification","valueRequired":true,"valueName":"search_term_string"}}],"inLanguage":"pt-PT"},{"@type":"Organization","@id":"https:\/\/www.maisquecuidar.com\/loja\/#organization","name":"Mais Que Cuidar","url":"https:\/\/www.maisquecuidar.com\/loja\/","logo":{"@type":"ImageObject","inLanguage":"pt-PT","@id":"https:\/\/www.maisquecuidar.com\/loja\/#\/schema\/logo\/image\/","url":"https:\/\/img.maisquecuidar.com\/loja\/wp-content\/uploads\/2019\/08\/logo-mais-que-cuidar-retina.png","contentUrl":"https:\/\/img.maisquecuidar.com\/loja\/wp-content\/uploads\/2019\/08\/logo-mais-que-cuidar-retina.png","width":565,"height":75,"caption":"Mais Que Cuidar"},"image":{"@id":"https:\/\/www.maisquecuidar.com\/loja\/#\/schema\/logo\/image\/"},"sameAs":["https:\/\/www.facebook.com\/maisquecuidar.pt","https:\/\/www.instagram.com\/maisquecuidar"]}]}},"_links":{"self":[{"href":"https:\/\/www.maisquecuidar.com\/loja\/wp-json\/wp\/v2\/product\/12961","targetHints":{"allow":["GET"]}}],"collection":[{"href":"https:\/\/www.maisquecuidar.com\/loja\/wp-json\/wp\/v2\/product"}],"about":[{"href":"https:\/\/www.maisquecuidar.com\/loja\/wp-json\/wp\/v2\/types\/product"}],"wp:featuredmedia":[{"embeddable":true,"href":"https:\/\/www.maisquecuidar.com\/loja\/wp-json\/wp\/v2\/media\/18117"}],"wp:attachment":[{"href":"https:\/\/www.maisquecuidar.com\/loja\/wp-json\/wp\/v2\/media?parent=12961"}],"wp:term":[{"taxonomy":"product_brand","embeddable":true,"href":"https:\/\/www.maisquecuidar.com\/loja\/wp-json\/wp\/v2\/product_brand?post=12961"},{"taxonomy":"product_cat","embeddable":true,"href":"https:\/\/www.maisquecuidar.com\/loja\/wp-json\/wp\/v2\/product_cat?post=12961"},{"taxonomy":"product_tag","embeddable":true,"href":"https:\/\/www.maisquecuidar.com\/loja\/wp-json\/wp\/v2\/product_tag?post=12961"}],"curies":[{"name":"wp","href":"https:\/\/api.w.org\/{rel}","templated":true}]}}