{"id":12697,"date":"2020-02-01T12:12:25","date_gmt":"2020-02-01T12:12:25","guid":{"rendered":"https:\/\/www.maisquecuidar.com\/loja\/?post_type=product&#038;p=12697"},"modified":"2026-04-07T18:56:18","modified_gmt":"2026-04-07T17:56:18","slug":"cadeira-de-banho-aquatec-ocean-ergo","status":"publish","type":"product","link":"https:\/\/www.maisquecuidar.com\/loja\/higiene-casa-banho\/cadeiras-de-banho\/rodas\/cadeira-de-banho-aquatec-ocean-ergo","title":{"rendered":"Cadeira de Banho Aquatec Ocean Ergo Invacare"},"content":{"rendered":"<p>A cadeira de banho Aquatec Ocean Ergo fabricada pela marca Invacare, oferece grande versatilidade tanto para ambiente dom\u00e9stico como institucional.<\/p>\n<p><strong>Seguran\u00e7a, independ\u00eancia e dignidade<\/strong><\/p>\n<p>O novo contorno da superf\u00edcie de assento da cadeira de banho Aquatec Ocean Ergo foi desenvolvido para encorajar uma posi\u00e7\u00e3o de sentado mais direita e est\u00e1vel, promovendo a independ\u00eancia do utilizador e o conforto a n\u00edvel geral. A estabilidade melhorada na parte frontal oferece aos utilizadores seguran\u00e7a adicional quando sentados na cadeira. Al\u00e9m disso, a dist\u00e2ncia otimizada entre os eixos das rodas torna mais f\u00e1cil a manobrabilidade da cadeira em espa\u00e7os reduzidos, bem como permite a entrada em casas de banho standard para uso independente.<\/p>\n<p><strong>Design modular e flex\u00edvel<\/strong><\/p>\n<p>O design modular da fam\u00edlia Ocean Ergo faz com que as cadeiras de banho se adaptem a variadas necessidades de utiliza\u00e7\u00e3o ao ser multi-ajust\u00e1vel, e com a possibilidade de ser aplicado um vasto leque de acess\u00f3rios para necessidades especificas.<\/p>\n<h3><strong>As principais caracter\u00edsticas a destacar na cadeira de banho Aquatec Ocean Ergo s\u00e3o:<\/strong><\/h3>\n<ul>\n<li>Chassi regul\u00e1vel e est\u00e1vel, em a\u00e7o inoxid\u00e1vel;<\/li>\n<li>Encosto regul\u00e1vel em tens\u00e3o, lav\u00e1vel \u00e0 m\u00e1quina, com fivelas de abertura e fecho r\u00e1pido;<\/li>\n<li>Encosto r\u00edgido f\u00e1cil de higienizar e secar (dispon\u00edvel como op\u00e7\u00e3o)<\/li>\n<li>F\u00e1cil de desmontar para transporte e arruma\u00e7\u00e3o<\/li>\n<\/ul>\n<h3>As Novas Caracter\u00edsticas deste modelo de cadeira de duche e sanit\u00e1ria s\u00e3o:<\/h3>\n<ul>\n<li><strong>Unidade de assento ergon\u00f3mica:<\/strong> oferece uma posi\u00e7\u00e3o sentada mais direita aumentando o equil\u00edbrio, minimizando o deslize anterior e maximizando o conforto e independ\u00eancia;<\/li>\n<li><strong>Melhor adaptabilidade:<\/strong> com mais possibilidades de ajuste em altura dos apoios de pernas e apoios de bra\u00e7os;<\/li>\n<li><strong>Extremamente est\u00e1vel:<\/strong> estabilidade aumentada na parte frontal;<\/li>\n<li><strong>Compacta e f\u00e1cil de usar:<\/strong> a base das rodas otimizada torna-a f\u00e1cil de manobrar em espa\u00e7os reduzidos;<\/li>\n<li><strong>Contorno ergon\u00f3mico da unidade de assento:<\/strong> a inclina\u00e7\u00e3o positiva a 5\u00ba do assento coloca o utilizador numa posi\u00e7\u00e3o favorecida, quando a cadeira \u00e9 utilizada como cadeira sanit\u00e1ria com a aparadeira montada ou diretamente sobre a sanita.<\/li>\n<li><strong>Altamente personaliz\u00e1vel:<\/strong> est\u00e3o dispon\u00edveis v\u00e1rios acess\u00f3rios para otimizar o posicionamento, maximizar a seguran\u00e7a e o conforto durante todas as atividades realizadas na casa de banho, com a cadeira Ocean Ergo, quer seja ao utiliz\u00e1-la como cadeira de duche no polib\u00e3 ou como cadeira sanit\u00e1ria munida de aparadeira ou diretamente sobre a sanita.<\/li>\n<\/ul>\n<p>*Os pre\u00e7os apresentados s\u00e3o referentes aos modelos da cadeira de banho Ocean Ergo com 4 rodizios e com rodas traseiras 24 \u00b4\u00b4 na vers\u00e3o standard sem acess\u00f3rios inclu\u00eddos.<\/p>\n","protected":false},"excerpt":{"rendered":"<p>PROMO\u00c7\u00c3O V\u00c1LIDA DE 08 a 14 DE ABRIL DE 2026<\/p>\n<p>*Promo\u00e7\u00e3o Limitada ao Stock Existente<\/p>\n<p>Cadeira de duche e sanit\u00e1ria.<\/p>\n<p>\u00a0<\/p>\n","protected":false},"featured_media":15578,"template":"","meta":{"_acf_changed":false,"neve_meta_sidebar":"","neve_meta_container":"","neve_meta_enable_content_width":"off","neve_meta_content_width":100,"neve_meta_title_alignment":"","neve_meta_author_avatar":"","neve_post_elements_order":"","neve_meta_disable_header":"","neve_meta_disable_footer":"","neve_meta_disable_title":""},"product_brand":[],"product_cat":[66],"product_tag":[],"class_list":{"0":"post-12697","1":"product","2":"type-product","3":"status-publish","4":"has-post-thumbnail","6":"product_cat-rodas","8":"first","9":"instock","10":"sale","11":"taxable","12":"shipping-taxable","13":"purchasable","14":"product-type-variable"},"acf":[],"yoast_head":"<!-- This site is optimized with the Yoast SEO plugin v27.3 - https:\/\/yoast.com\/product\/yoast-seo-wordpress\/ -->\n<title>Cadeira de Banho Aquatec Ocean Ergo Invacare - Mais que Cuidar<\/title>\n<meta name=\"description\" content=\"Descubra as caracter\u00edsticas da cadeira de banho com rodas Ocean Ergo da Invacare. Conhe\u00e7a as vers\u00f5es dispon\u00edveis e confira o pre\u00e7o.\" \/>\n<meta name=\"robots\" content=\"index, follow, max-snippet:-1, max-image-preview:large, max-video-preview:-1\" \/>\n<link rel=\"canonical\" href=\"https:\/\/www.maisquecuidar.com\/loja\/higiene-casa-banho\/cadeiras-de-banho\/rodas\/cadeira-de-banho-aquatec-ocean-ergo\" \/>\n<meta property=\"og:locale\" content=\"pt_PT\" \/>\n<meta property=\"og:type\" content=\"article\" \/>\n<meta property=\"og:title\" content=\"Cadeira de Banho Aquatec Ocean Ergo Invacare - Mais que Cuidar\" \/>\n<meta property=\"og:description\" content=\"Descubra as caracter\u00edsticas da cadeira de banho com rodas Ocean Ergo da Invacare. Conhe\u00e7a as vers\u00f5es dispon\u00edveis e confira o pre\u00e7o.\" \/>\n<meta property=\"og:url\" content=\"https:\/\/www.maisquecuidar.com\/loja\/higiene-casa-banho\/cadeiras-de-banho\/rodas\/cadeira-de-banho-aquatec-ocean-ergo\" \/>\n<meta property=\"og:site_name\" content=\"Mais que Cuidar\" \/>\n<meta property=\"article:publisher\" content=\"https:\/\/www.facebook.com\/maisquecuidar.pt\" \/>\n<meta property=\"article:modified_time\" content=\"2026-04-07T17:56:18+00:00\" \/>\n<meta property=\"og:image\" content=\"https:\/\/img.maisquecuidar.com\/loja\/wp-content\/uploads\/2020\/02\/cadeira-banho-ocean-ergo.png\" \/>\n\t<meta property=\"og:image:width\" content=\"1280\" \/>\n\t<meta property=\"og:image:height\" content=\"800\" \/>\n\t<meta property=\"og:image:type\" content=\"image\/png\" \/>\n<meta name=\"twitter:label1\" content=\"Tempo estimado de leitura\" \/>\n\t<meta name=\"twitter:data1\" content=\"3 minutos\" \/>\n<script type=\"application\/ld+json\" class=\"yoast-schema-graph\">{\"@context\":\"https:\\\/\\\/schema.org\",\"@graph\":[{\"@type\":\"WebPage\",\"@id\":\"https:\\\/\\\/www.maisquecuidar.com\\\/loja\\\/higiene-casa-banho\\\/cadeiras-de-banho\\\/rodas\\\/cadeira-de-banho-aquatec-ocean-ergo\",\"url\":\"https:\\\/\\\/www.maisquecuidar.com\\\/loja\\\/higiene-casa-banho\\\/cadeiras-de-banho\\\/rodas\\\/cadeira-de-banho-aquatec-ocean-ergo\",\"name\":\"Cadeira de Banho Aquatec Ocean Ergo Invacare - Mais que Cuidar\",\"isPartOf\":{\"@id\":\"https:\\\/\\\/www.maisquecuidar.com\\\/loja\\\/#website\"},\"primaryImageOfPage\":{\"@id\":\"https:\\\/\\\/www.maisquecuidar.com\\\/loja\\\/higiene-casa-banho\\\/cadeiras-de-banho\\\/rodas\\\/cadeira-de-banho-aquatec-ocean-ergo#primaryimage\"},\"image\":{\"@id\":\"https:\\\/\\\/www.maisquecuidar.com\\\/loja\\\/higiene-casa-banho\\\/cadeiras-de-banho\\\/rodas\\\/cadeira-de-banho-aquatec-ocean-ergo#primaryimage\"},\"thumbnailUrl\":\"https:\\\/\\\/img.maisquecuidar.com\\\/loja\\\/wp-content\\\/uploads\\\/2020\\\/02\\\/cadeira-banho-ocean-ergo.png\",\"datePublished\":\"2020-02-01T12:12:25+00:00\",\"dateModified\":\"2026-04-07T17:56:18+00:00\",\"description\":\"Descubra as caracter\u00edsticas da cadeira de banho com rodas Ocean Ergo da Invacare. Conhe\u00e7a as vers\u00f5es dispon\u00edveis e confira o pre\u00e7o.\",\"breadcrumb\":{\"@id\":\"https:\\\/\\\/www.maisquecuidar.com\\\/loja\\\/higiene-casa-banho\\\/cadeiras-de-banho\\\/rodas\\\/cadeira-de-banho-aquatec-ocean-ergo#breadcrumb\"},\"inLanguage\":\"pt-PT\",\"potentialAction\":[{\"@type\":\"ReadAction\",\"target\":[\"https:\\\/\\\/www.maisquecuidar.com\\\/loja\\\/higiene-casa-banho\\\/cadeiras-de-banho\\\/rodas\\\/cadeira-de-banho-aquatec-ocean-ergo\"]}]},{\"@type\":\"ImageObject\",\"inLanguage\":\"pt-PT\",\"@id\":\"https:\\\/\\\/www.maisquecuidar.com\\\/loja\\\/higiene-casa-banho\\\/cadeiras-de-banho\\\/rodas\\\/cadeira-de-banho-aquatec-ocean-ergo#primaryimage\",\"url\":\"https:\\\/\\\/img.maisquecuidar.com\\\/loja\\\/wp-content\\\/uploads\\\/2020\\\/02\\\/cadeira-banho-ocean-ergo.png\",\"contentUrl\":\"https:\\\/\\\/img.maisquecuidar.com\\\/loja\\\/wp-content\\\/uploads\\\/2020\\\/02\\\/cadeira-banho-ocean-ergo.png\",\"width\":1280,\"height\":800,\"caption\":\"Cadeira de banho 4 rodizios Ocean Ergo\"},{\"@type\":\"BreadcrumbList\",\"@id\":\"https:\\\/\\\/www.maisquecuidar.com\\\/loja\\\/higiene-casa-banho\\\/cadeiras-de-banho\\\/rodas\\\/cadeira-de-banho-aquatec-ocean-ergo#breadcrumb\",\"itemListElement\":[{\"@type\":\"ListItem\",\"position\":1,\"name\":\"Home\",\"item\":\"https:\\\/\\\/www.maisquecuidar.com\\\/loja\\\/\"},{\"@type\":\"ListItem\",\"position\":2,\"name\":\"Loja Online de Ortopedia e Geriatria em Portugal\",\"item\":\"https:\\\/\\\/www.maisquecuidar.com\\\/loja\\\/loja\"},{\"@type\":\"ListItem\",\"position\":3,\"name\":\"Higiene e Casa de Banho\",\"item\":\"https:\\\/\\\/www.maisquecuidar.com\\\/loja\\\/higiene-casa-banho\"},{\"@type\":\"ListItem\",\"position\":4,\"name\":\"Cadeiras de Banho\",\"item\":\"https:\\\/\\\/www.maisquecuidar.com\\\/loja\\\/higiene-casa-banho\\\/cadeiras-de-banho\"},{\"@type\":\"ListItem\",\"position\":5,\"name\":\"Cadeiras de Banho com Rodas\",\"item\":\"https:\\\/\\\/www.maisquecuidar.com\\\/loja\\\/higiene-casa-banho\\\/cadeiras-de-banho\\\/rodas\"},{\"@type\":\"ListItem\",\"position\":6,\"name\":\"Cadeira de Banho Aquatec Ocean Ergo Invacare\"}]},{\"@type\":\"WebSite\",\"@id\":\"https:\\\/\\\/www.maisquecuidar.com\\\/loja\\\/#website\",\"url\":\"https:\\\/\\\/www.maisquecuidar.com\\\/loja\\\/\",\"name\":\"Mais que Cuidar\",\"description\":\"Sa\u00fade, Ortopedia e Geriatria\",\"publisher\":{\"@id\":\"https:\\\/\\\/www.maisquecuidar.com\\\/loja\\\/#organization\"},\"potentialAction\":[{\"@type\":\"SearchAction\",\"target\":{\"@type\":\"EntryPoint\",\"urlTemplate\":\"https:\\\/\\\/www.maisquecuidar.com\\\/loja\\\/?s={search_term_string}\"},\"query-input\":{\"@type\":\"PropertyValueSpecification\",\"valueRequired\":true,\"valueName\":\"search_term_string\"}}],\"inLanguage\":\"pt-PT\"},{\"@type\":\"Organization\",\"@id\":\"https:\\\/\\\/www.maisquecuidar.com\\\/loja\\\/#organization\",\"name\":\"Mais Que Cuidar\",\"url\":\"https:\\\/\\\/www.maisquecuidar.com\\\/loja\\\/\",\"logo\":{\"@type\":\"ImageObject\",\"inLanguage\":\"pt-PT\",\"@id\":\"https:\\\/\\\/www.maisquecuidar.com\\\/loja\\\/#\\\/schema\\\/logo\\\/image\\\/\",\"url\":\"https:\\\/\\\/img.maisquecuidar.com\\\/loja\\\/wp-content\\\/uploads\\\/2019\\\/08\\\/logo-mais-que-cuidar-retina.png\",\"contentUrl\":\"https:\\\/\\\/img.maisquecuidar.com\\\/loja\\\/wp-content\\\/uploads\\\/2019\\\/08\\\/logo-mais-que-cuidar-retina.png\",\"width\":565,\"height\":75,\"caption\":\"Mais Que Cuidar\"},\"image\":{\"@id\":\"https:\\\/\\\/www.maisquecuidar.com\\\/loja\\\/#\\\/schema\\\/logo\\\/image\\\/\"},\"sameAs\":[\"https:\\\/\\\/www.facebook.com\\\/maisquecuidar.pt\",\"https:\\\/\\\/www.instagram.com\\\/maisquecuidar\"]}]}<\/script>\n<!-- \/ Yoast SEO plugin. -->","yoast_head_json":{"title":"Cadeira de Banho Aquatec Ocean Ergo Invacare - Mais que Cuidar","description":"Descubra as caracter\u00edsticas da cadeira de banho com rodas Ocean Ergo da Invacare. Conhe\u00e7a as vers\u00f5es dispon\u00edveis e confira o pre\u00e7o.","robots":{"index":"index","follow":"follow","max-snippet":"max-snippet:-1","max-image-preview":"max-image-preview:large","max-video-preview":"max-video-preview:-1"},"canonical":"https:\/\/www.maisquecuidar.com\/loja\/higiene-casa-banho\/cadeiras-de-banho\/rodas\/cadeira-de-banho-aquatec-ocean-ergo","og_locale":"pt_PT","og_type":"article","og_title":"Cadeira de Banho Aquatec Ocean Ergo Invacare - Mais que Cuidar","og_description":"Descubra as caracter\u00edsticas da cadeira de banho com rodas Ocean Ergo da Invacare. Conhe\u00e7a as vers\u00f5es dispon\u00edveis e confira o pre\u00e7o.","og_url":"https:\/\/www.maisquecuidar.com\/loja\/higiene-casa-banho\/cadeiras-de-banho\/rodas\/cadeira-de-banho-aquatec-ocean-ergo","og_site_name":"Mais que Cuidar","article_publisher":"https:\/\/www.facebook.com\/maisquecuidar.pt","article_modified_time":"2026-04-07T17:56:18+00:00","og_image":[{"width":1280,"height":800,"url":"https:\/\/img.maisquecuidar.com\/loja\/wp-content\/uploads\/2020\/02\/cadeira-banho-ocean-ergo.png","type":"image\/png"}],"twitter_misc":{"Tempo estimado de leitura":"3 minutos"},"schema":{"@context":"https:\/\/schema.org","@graph":[{"@type":"WebPage","@id":"https:\/\/www.maisquecuidar.com\/loja\/higiene-casa-banho\/cadeiras-de-banho\/rodas\/cadeira-de-banho-aquatec-ocean-ergo","url":"https:\/\/www.maisquecuidar.com\/loja\/higiene-casa-banho\/cadeiras-de-banho\/rodas\/cadeira-de-banho-aquatec-ocean-ergo","name":"Cadeira de Banho Aquatec Ocean Ergo Invacare - Mais que Cuidar","isPartOf":{"@id":"https:\/\/www.maisquecuidar.com\/loja\/#website"},"primaryImageOfPage":{"@id":"https:\/\/www.maisquecuidar.com\/loja\/higiene-casa-banho\/cadeiras-de-banho\/rodas\/cadeira-de-banho-aquatec-ocean-ergo#primaryimage"},"image":{"@id":"https:\/\/www.maisquecuidar.com\/loja\/higiene-casa-banho\/cadeiras-de-banho\/rodas\/cadeira-de-banho-aquatec-ocean-ergo#primaryimage"},"thumbnailUrl":"https:\/\/img.maisquecuidar.com\/loja\/wp-content\/uploads\/2020\/02\/cadeira-banho-ocean-ergo.png","datePublished":"2020-02-01T12:12:25+00:00","dateModified":"2026-04-07T17:56:18+00:00","description":"Descubra as caracter\u00edsticas da cadeira de banho com rodas Ocean Ergo da Invacare. Conhe\u00e7a as vers\u00f5es dispon\u00edveis e confira o pre\u00e7o.","breadcrumb":{"@id":"https:\/\/www.maisquecuidar.com\/loja\/higiene-casa-banho\/cadeiras-de-banho\/rodas\/cadeira-de-banho-aquatec-ocean-ergo#breadcrumb"},"inLanguage":"pt-PT","potentialAction":[{"@type":"ReadAction","target":["https:\/\/www.maisquecuidar.com\/loja\/higiene-casa-banho\/cadeiras-de-banho\/rodas\/cadeira-de-banho-aquatec-ocean-ergo"]}]},{"@type":"ImageObject","inLanguage":"pt-PT","@id":"https:\/\/www.maisquecuidar.com\/loja\/higiene-casa-banho\/cadeiras-de-banho\/rodas\/cadeira-de-banho-aquatec-ocean-ergo#primaryimage","url":"https:\/\/img.maisquecuidar.com\/loja\/wp-content\/uploads\/2020\/02\/cadeira-banho-ocean-ergo.png","contentUrl":"https:\/\/img.maisquecuidar.com\/loja\/wp-content\/uploads\/2020\/02\/cadeira-banho-ocean-ergo.png","width":1280,"height":800,"caption":"Cadeira de banho 4 rodizios Ocean Ergo"},{"@type":"BreadcrumbList","@id":"https:\/\/www.maisquecuidar.com\/loja\/higiene-casa-banho\/cadeiras-de-banho\/rodas\/cadeira-de-banho-aquatec-ocean-ergo#breadcrumb","itemListElement":[{"@type":"ListItem","position":1,"name":"Home","item":"https:\/\/www.maisquecuidar.com\/loja\/"},{"@type":"ListItem","position":2,"name":"Loja Online de Ortopedia e Geriatria em Portugal","item":"https:\/\/www.maisquecuidar.com\/loja\/loja"},{"@type":"ListItem","position":3,"name":"Higiene e Casa de Banho","item":"https:\/\/www.maisquecuidar.com\/loja\/higiene-casa-banho"},{"@type":"ListItem","position":4,"name":"Cadeiras de Banho","item":"https:\/\/www.maisquecuidar.com\/loja\/higiene-casa-banho\/cadeiras-de-banho"},{"@type":"ListItem","position":5,"name":"Cadeiras de Banho com Rodas","item":"https:\/\/www.maisquecuidar.com\/loja\/higiene-casa-banho\/cadeiras-de-banho\/rodas"},{"@type":"ListItem","position":6,"name":"Cadeira de Banho Aquatec Ocean Ergo Invacare"}]},{"@type":"WebSite","@id":"https:\/\/www.maisquecuidar.com\/loja\/#website","url":"https:\/\/www.maisquecuidar.com\/loja\/","name":"Mais que Cuidar","description":"Sa\u00fade, Ortopedia e Geriatria","publisher":{"@id":"https:\/\/www.maisquecuidar.com\/loja\/#organization"},"potentialAction":[{"@type":"SearchAction","target":{"@type":"EntryPoint","urlTemplate":"https:\/\/www.maisquecuidar.com\/loja\/?s={search_term_string}"},"query-input":{"@type":"PropertyValueSpecification","valueRequired":true,"valueName":"search_term_string"}}],"inLanguage":"pt-PT"},{"@type":"Organization","@id":"https:\/\/www.maisquecuidar.com\/loja\/#organization","name":"Mais Que Cuidar","url":"https:\/\/www.maisquecuidar.com\/loja\/","logo":{"@type":"ImageObject","inLanguage":"pt-PT","@id":"https:\/\/www.maisquecuidar.com\/loja\/#\/schema\/logo\/image\/","url":"https:\/\/img.maisquecuidar.com\/loja\/wp-content\/uploads\/2019\/08\/logo-mais-que-cuidar-retina.png","contentUrl":"https:\/\/img.maisquecuidar.com\/loja\/wp-content\/uploads\/2019\/08\/logo-mais-que-cuidar-retina.png","width":565,"height":75,"caption":"Mais Que Cuidar"},"image":{"@id":"https:\/\/www.maisquecuidar.com\/loja\/#\/schema\/logo\/image\/"},"sameAs":["https:\/\/www.facebook.com\/maisquecuidar.pt","https:\/\/www.instagram.com\/maisquecuidar"]}]}},"_links":{"self":[{"href":"https:\/\/www.maisquecuidar.com\/loja\/wp-json\/wp\/v2\/product\/12697","targetHints":{"allow":["GET"]}}],"collection":[{"href":"https:\/\/www.maisquecuidar.com\/loja\/wp-json\/wp\/v2\/product"}],"about":[{"href":"https:\/\/www.maisquecuidar.com\/loja\/wp-json\/wp\/v2\/types\/product"}],"wp:featuredmedia":[{"embeddable":true,"href":"https:\/\/www.maisquecuidar.com\/loja\/wp-json\/wp\/v2\/media\/15578"}],"wp:attachment":[{"href":"https:\/\/www.maisquecuidar.com\/loja\/wp-json\/wp\/v2\/media?parent=12697"}],"wp:term":[{"taxonomy":"product_brand","embeddable":true,"href":"https:\/\/www.maisquecuidar.com\/loja\/wp-json\/wp\/v2\/product_brand?post=12697"},{"taxonomy":"product_cat","embeddable":true,"href":"https:\/\/www.maisquecuidar.com\/loja\/wp-json\/wp\/v2\/product_cat?post=12697"},{"taxonomy":"product_tag","embeddable":true,"href":"https:\/\/www.maisquecuidar.com\/loja\/wp-json\/wp\/v2\/product_tag?post=12697"}],"curies":[{"name":"wp","href":"https:\/\/api.w.org\/{rel}","templated":true}]}}