{"id":11898,"date":"2020-01-02T23:55:46","date_gmt":"2020-01-02T23:55:46","guid":{"rendered":"https:\/\/www.maisquecuidar.com\/loja\/?post_type=product&#038;p=11898"},"modified":"2025-10-01T18:31:26","modified_gmt":"2025-10-01T17:31:26","slug":"nebulizador-eletronico-portatil-mobi-mesh","status":"publish","type":"product","link":"https:\/\/www.maisquecuidar.com\/loja\/produtos-saude\/terapias-respiratorias\/nebulizador-eletronico-portatil-mobi-mesh","title":{"rendered":"Nebulizador Eletr\u00f3nico Port\u00e1til Mobi-Mesh Apex"},"content":{"rendered":"<p><strong>Nebulizador eletr\u00f3nico com membrana vibrat\u00f3ria com Tecnologia Mesh:<\/strong> \u00e9 a tecnologia de produzir part\u00edculas com um tamanho inferior a 5 \u00b5m uniformemente distribu\u00eddas gra\u00e7as a um filtro especialmente desenhado.<\/p>\n<p><strong>Ideal para crian\u00e7as:<\/strong> muito silencioso com vaporiza\u00e7\u00e3o cont\u00ednua em diferentes \u00e2ngulos. N\u00edvel sonoro inferior a 30 dB.<\/p>\n<p><strong>Leve e f\u00e1cil de levar na m\u00e3o:<\/strong> sem tubos e muito leve com apenas 138 gramas. Ideal para usar em qualquer lugar.<\/p>\n<p><strong>Baixo res\u00edduo de medicamento:<\/strong> a vaporiza\u00e7\u00e3o executa at\u00e9 \u00e0 \u00faltima gota de medicamento para evitar perdas.<\/p>\n<p><strong>Modo turbo:<\/strong> aumenta a for\u00e7a e a quantidade de part\u00edculas a qual ajuda a limpar o filtro.<\/p>\n<p><strong>Higiene e limpeza completa<\/strong>: o copo da medica\u00e7\u00e3o pode ser facilmente retirado para ser limpo completamente com \u00e1gua quente.<\/p>\n<p><strong>Filtro de longa dura\u00e7\u00e3o:<\/strong> filtro com material em a\u00e7o inoxid\u00e1vel para m\u00e1xima durabilidade.<\/p>\n","protected":false},"excerpt":{"rendered":"<p>Nebulizador leve, port\u00e1til de m\u00e3o e silencioso.<\/p>\n","protected":false},"featured_media":11899,"template":"","meta":{"_acf_changed":false,"neve_meta_sidebar":"","neve_meta_container":"","neve_meta_enable_content_width":"","neve_meta_content_width":0,"neve_meta_title_alignment":"","neve_meta_author_avatar":"","neve_post_elements_order":"","neve_meta_disable_header":"","neve_meta_disable_footer":"","neve_meta_disable_title":""},"product_brand":[],"product_cat":[460],"product_tag":[],"class_list":{"0":"post-11898","1":"product","2":"type-product","3":"status-publish","4":"has-post-thumbnail","6":"product_cat-terapias-respiratorias","8":"first","9":"onbackorder","10":"taxable","11":"shipping-taxable","12":"purchasable","13":"product-type-simple"},"acf":[],"yoast_head":"<!-- This site is optimized with the Yoast SEO plugin v27.4 - https:\/\/yoast.com\/product\/yoast-seo-wordpress\/ -->\n<title>Nebulizador Eletr\u00f3nico Port\u00e1til Mobi-Mesh Apex - Mais que Cuidar<\/title>\n<meta name=\"description\" content=\"Descubra o nebulizador eletr\u00f3nico com membrana vibrat\u00f3ria port\u00e1til Mobi-Mesh da marca Apex. Confira o pre\u00e7o e as caracter\u00edsticas.\" \/>\n<meta name=\"robots\" content=\"index, follow, max-snippet:-1, max-image-preview:large, max-video-preview:-1\" \/>\n<link rel=\"canonical\" href=\"https:\/\/www.maisquecuidar.com\/loja\/produtos-saude\/terapias-respiratorias\/nebulizador-eletronico-portatil-mobi-mesh\" \/>\n<meta property=\"og:locale\" content=\"pt_PT\" \/>\n<meta property=\"og:type\" content=\"article\" \/>\n<meta property=\"og:title\" content=\"Nebulizador Eletr\u00f3nico Port\u00e1til Mobi-Mesh Apex - Mais que Cuidar\" \/>\n<meta property=\"og:description\" content=\"Descubra o nebulizador eletr\u00f3nico com membrana vibrat\u00f3ria port\u00e1til Mobi-Mesh da marca Apex. Confira o pre\u00e7o e as caracter\u00edsticas.\" \/>\n<meta property=\"og:url\" content=\"https:\/\/www.maisquecuidar.com\/loja\/produtos-saude\/terapias-respiratorias\/nebulizador-eletronico-portatil-mobi-mesh\" \/>\n<meta property=\"og:site_name\" content=\"Mais que Cuidar\" \/>\n<meta property=\"article:publisher\" content=\"https:\/\/www.facebook.com\/maisquecuidar.pt\" \/>\n<meta property=\"article:modified_time\" content=\"2025-10-01T17:31:26+00:00\" \/>\n<meta property=\"og:image\" content=\"https:\/\/img.maisquecuidar.com\/loja\/wp-content\/uploads\/2020\/01\/nebulizador-eletronico-membrana-vibratoria-1.jpg\" \/>\n\t<meta property=\"og:image:width\" content=\"1280\" \/>\n\t<meta property=\"og:image:height\" content=\"800\" \/>\n\t<meta property=\"og:image:type\" content=\"image\/jpeg\" \/>\n<meta name=\"twitter:label1\" content=\"Tempo estimado de leitura\" \/>\n\t<meta name=\"twitter:data1\" content=\"1 minuto\" \/>\n<script type=\"application\/ld+json\" class=\"yoast-schema-graph\">{\"@context\":\"https:\\\/\\\/schema.org\",\"@graph\":[{\"@type\":\"WebPage\",\"@id\":\"https:\\\/\\\/www.maisquecuidar.com\\\/loja\\\/produtos-saude\\\/terapias-respiratorias\\\/nebulizador-eletronico-portatil-mobi-mesh\",\"url\":\"https:\\\/\\\/www.maisquecuidar.com\\\/loja\\\/produtos-saude\\\/terapias-respiratorias\\\/nebulizador-eletronico-portatil-mobi-mesh\",\"name\":\"Nebulizador Eletr\u00f3nico Port\u00e1til Mobi-Mesh Apex - Mais que Cuidar\",\"isPartOf\":{\"@id\":\"https:\\\/\\\/www.maisquecuidar.com\\\/loja\\\/#website\"},\"primaryImageOfPage\":{\"@id\":\"https:\\\/\\\/www.maisquecuidar.com\\\/loja\\\/produtos-saude\\\/terapias-respiratorias\\\/nebulizador-eletronico-portatil-mobi-mesh#primaryimage\"},\"image\":{\"@id\":\"https:\\\/\\\/www.maisquecuidar.com\\\/loja\\\/produtos-saude\\\/terapias-respiratorias\\\/nebulizador-eletronico-portatil-mobi-mesh#primaryimage\"},\"thumbnailUrl\":\"https:\\\/\\\/img.maisquecuidar.com\\\/loja\\\/wp-content\\\/uploads\\\/2020\\\/01\\\/nebulizador-eletronico-membrana-vibratoria-1.jpg\",\"datePublished\":\"2020-01-02T23:55:46+00:00\",\"dateModified\":\"2025-10-01T17:31:26+00:00\",\"description\":\"Descubra o nebulizador eletr\u00f3nico com membrana vibrat\u00f3ria port\u00e1til Mobi-Mesh da marca Apex. Confira o pre\u00e7o e as caracter\u00edsticas.\",\"breadcrumb\":{\"@id\":\"https:\\\/\\\/www.maisquecuidar.com\\\/loja\\\/produtos-saude\\\/terapias-respiratorias\\\/nebulizador-eletronico-portatil-mobi-mesh#breadcrumb\"},\"inLanguage\":\"pt-PT\",\"potentialAction\":[{\"@type\":\"ReadAction\",\"target\":[\"https:\\\/\\\/www.maisquecuidar.com\\\/loja\\\/produtos-saude\\\/terapias-respiratorias\\\/nebulizador-eletronico-portatil-mobi-mesh\"]}]},{\"@type\":\"ImageObject\",\"inLanguage\":\"pt-PT\",\"@id\":\"https:\\\/\\\/www.maisquecuidar.com\\\/loja\\\/produtos-saude\\\/terapias-respiratorias\\\/nebulizador-eletronico-portatil-mobi-mesh#primaryimage\",\"url\":\"https:\\\/\\\/img.maisquecuidar.com\\\/loja\\\/wp-content\\\/uploads\\\/2020\\\/01\\\/nebulizador-eletronico-membrana-vibratoria-1.jpg\",\"contentUrl\":\"https:\\\/\\\/img.maisquecuidar.com\\\/loja\\\/wp-content\\\/uploads\\\/2020\\\/01\\\/nebulizador-eletronico-membrana-vibratoria-1.jpg\",\"width\":1280,\"height\":800,\"caption\":\"nebulizador eletr\u00f3nico membrana vibrat\u00f3ria port\u00e1til Mobi Mesh\"},{\"@type\":\"BreadcrumbList\",\"@id\":\"https:\\\/\\\/www.maisquecuidar.com\\\/loja\\\/produtos-saude\\\/terapias-respiratorias\\\/nebulizador-eletronico-portatil-mobi-mesh#breadcrumb\",\"itemListElement\":[{\"@type\":\"ListItem\",\"position\":1,\"name\":\"Home\",\"item\":\"https:\\\/\\\/www.maisquecuidar.com\\\/loja\\\/\"},{\"@type\":\"ListItem\",\"position\":2,\"name\":\"Loja Online de Ortopedia e Geriatria em Portugal\",\"item\":\"https:\\\/\\\/www.maisquecuidar.com\\\/loja\\\/loja\"},{\"@type\":\"ListItem\",\"position\":3,\"name\":\"Produtos de Sa\u00fade\",\"item\":\"https:\\\/\\\/www.maisquecuidar.com\\\/loja\\\/produtos-saude\"},{\"@type\":\"ListItem\",\"position\":4,\"name\":\"Terapias Respirat\u00f3rias\",\"item\":\"https:\\\/\\\/www.maisquecuidar.com\\\/loja\\\/produtos-saude\\\/terapias-respiratorias\"},{\"@type\":\"ListItem\",\"position\":5,\"name\":\"Nebulizador Eletr\u00f3nico Port\u00e1til Mobi-Mesh Apex\"}]},{\"@type\":\"WebSite\",\"@id\":\"https:\\\/\\\/www.maisquecuidar.com\\\/loja\\\/#website\",\"url\":\"https:\\\/\\\/www.maisquecuidar.com\\\/loja\\\/\",\"name\":\"Mais que Cuidar\",\"description\":\"Sa\u00fade, Ortopedia e Geriatria\",\"publisher\":{\"@id\":\"https:\\\/\\\/www.maisquecuidar.com\\\/loja\\\/#organization\"},\"potentialAction\":[{\"@type\":\"SearchAction\",\"target\":{\"@type\":\"EntryPoint\",\"urlTemplate\":\"https:\\\/\\\/www.maisquecuidar.com\\\/loja\\\/?s={search_term_string}\"},\"query-input\":{\"@type\":\"PropertyValueSpecification\",\"valueRequired\":true,\"valueName\":\"search_term_string\"}}],\"inLanguage\":\"pt-PT\"},{\"@type\":\"Organization\",\"@id\":\"https:\\\/\\\/www.maisquecuidar.com\\\/loja\\\/#organization\",\"name\":\"Mais Que Cuidar\",\"url\":\"https:\\\/\\\/www.maisquecuidar.com\\\/loja\\\/\",\"logo\":{\"@type\":\"ImageObject\",\"inLanguage\":\"pt-PT\",\"@id\":\"https:\\\/\\\/www.maisquecuidar.com\\\/loja\\\/#\\\/schema\\\/logo\\\/image\\\/\",\"url\":\"https:\\\/\\\/img.maisquecuidar.com\\\/loja\\\/wp-content\\\/uploads\\\/2019\\\/08\\\/logo-mais-que-cuidar-retina.png\",\"contentUrl\":\"https:\\\/\\\/img.maisquecuidar.com\\\/loja\\\/wp-content\\\/uploads\\\/2019\\\/08\\\/logo-mais-que-cuidar-retina.png\",\"width\":565,\"height\":75,\"caption\":\"Mais Que Cuidar\"},\"image\":{\"@id\":\"https:\\\/\\\/www.maisquecuidar.com\\\/loja\\\/#\\\/schema\\\/logo\\\/image\\\/\"},\"sameAs\":[\"https:\\\/\\\/www.facebook.com\\\/maisquecuidar.pt\",\"https:\\\/\\\/www.instagram.com\\\/maisquecuidar\"]}]}<\/script>\n<!-- \/ Yoast SEO plugin. -->","yoast_head_json":{"title":"Nebulizador Eletr\u00f3nico Port\u00e1til Mobi-Mesh Apex - Mais que Cuidar","description":"Descubra o nebulizador eletr\u00f3nico com membrana vibrat\u00f3ria port\u00e1til Mobi-Mesh da marca Apex. Confira o pre\u00e7o e as caracter\u00edsticas.","robots":{"index":"index","follow":"follow","max-snippet":"max-snippet:-1","max-image-preview":"max-image-preview:large","max-video-preview":"max-video-preview:-1"},"canonical":"https:\/\/www.maisquecuidar.com\/loja\/produtos-saude\/terapias-respiratorias\/nebulizador-eletronico-portatil-mobi-mesh","og_locale":"pt_PT","og_type":"article","og_title":"Nebulizador Eletr\u00f3nico Port\u00e1til Mobi-Mesh Apex - Mais que Cuidar","og_description":"Descubra o nebulizador eletr\u00f3nico com membrana vibrat\u00f3ria port\u00e1til Mobi-Mesh da marca Apex. Confira o pre\u00e7o e as caracter\u00edsticas.","og_url":"https:\/\/www.maisquecuidar.com\/loja\/produtos-saude\/terapias-respiratorias\/nebulizador-eletronico-portatil-mobi-mesh","og_site_name":"Mais que Cuidar","article_publisher":"https:\/\/www.facebook.com\/maisquecuidar.pt","article_modified_time":"2025-10-01T17:31:26+00:00","og_image":[{"width":1280,"height":800,"url":"https:\/\/img.maisquecuidar.com\/loja\/wp-content\/uploads\/2020\/01\/nebulizador-eletronico-membrana-vibratoria-1.jpg","type":"image\/jpeg"}],"twitter_misc":{"Tempo estimado de leitura":"1 minuto"},"schema":{"@context":"https:\/\/schema.org","@graph":[{"@type":"WebPage","@id":"https:\/\/www.maisquecuidar.com\/loja\/produtos-saude\/terapias-respiratorias\/nebulizador-eletronico-portatil-mobi-mesh","url":"https:\/\/www.maisquecuidar.com\/loja\/produtos-saude\/terapias-respiratorias\/nebulizador-eletronico-portatil-mobi-mesh","name":"Nebulizador Eletr\u00f3nico Port\u00e1til Mobi-Mesh Apex - Mais que Cuidar","isPartOf":{"@id":"https:\/\/www.maisquecuidar.com\/loja\/#website"},"primaryImageOfPage":{"@id":"https:\/\/www.maisquecuidar.com\/loja\/produtos-saude\/terapias-respiratorias\/nebulizador-eletronico-portatil-mobi-mesh#primaryimage"},"image":{"@id":"https:\/\/www.maisquecuidar.com\/loja\/produtos-saude\/terapias-respiratorias\/nebulizador-eletronico-portatil-mobi-mesh#primaryimage"},"thumbnailUrl":"https:\/\/img.maisquecuidar.com\/loja\/wp-content\/uploads\/2020\/01\/nebulizador-eletronico-membrana-vibratoria-1.jpg","datePublished":"2020-01-02T23:55:46+00:00","dateModified":"2025-10-01T17:31:26+00:00","description":"Descubra o nebulizador eletr\u00f3nico com membrana vibrat\u00f3ria port\u00e1til Mobi-Mesh da marca Apex. Confira o pre\u00e7o e as caracter\u00edsticas.","breadcrumb":{"@id":"https:\/\/www.maisquecuidar.com\/loja\/produtos-saude\/terapias-respiratorias\/nebulizador-eletronico-portatil-mobi-mesh#breadcrumb"},"inLanguage":"pt-PT","potentialAction":[{"@type":"ReadAction","target":["https:\/\/www.maisquecuidar.com\/loja\/produtos-saude\/terapias-respiratorias\/nebulizador-eletronico-portatil-mobi-mesh"]}]},{"@type":"ImageObject","inLanguage":"pt-PT","@id":"https:\/\/www.maisquecuidar.com\/loja\/produtos-saude\/terapias-respiratorias\/nebulizador-eletronico-portatil-mobi-mesh#primaryimage","url":"https:\/\/img.maisquecuidar.com\/loja\/wp-content\/uploads\/2020\/01\/nebulizador-eletronico-membrana-vibratoria-1.jpg","contentUrl":"https:\/\/img.maisquecuidar.com\/loja\/wp-content\/uploads\/2020\/01\/nebulizador-eletronico-membrana-vibratoria-1.jpg","width":1280,"height":800,"caption":"nebulizador eletr\u00f3nico membrana vibrat\u00f3ria port\u00e1til Mobi Mesh"},{"@type":"BreadcrumbList","@id":"https:\/\/www.maisquecuidar.com\/loja\/produtos-saude\/terapias-respiratorias\/nebulizador-eletronico-portatil-mobi-mesh#breadcrumb","itemListElement":[{"@type":"ListItem","position":1,"name":"Home","item":"https:\/\/www.maisquecuidar.com\/loja\/"},{"@type":"ListItem","position":2,"name":"Loja Online de Ortopedia e Geriatria em Portugal","item":"https:\/\/www.maisquecuidar.com\/loja\/loja"},{"@type":"ListItem","position":3,"name":"Produtos de Sa\u00fade","item":"https:\/\/www.maisquecuidar.com\/loja\/produtos-saude"},{"@type":"ListItem","position":4,"name":"Terapias Respirat\u00f3rias","item":"https:\/\/www.maisquecuidar.com\/loja\/produtos-saude\/terapias-respiratorias"},{"@type":"ListItem","position":5,"name":"Nebulizador Eletr\u00f3nico Port\u00e1til Mobi-Mesh Apex"}]},{"@type":"WebSite","@id":"https:\/\/www.maisquecuidar.com\/loja\/#website","url":"https:\/\/www.maisquecuidar.com\/loja\/","name":"Mais que Cuidar","description":"Sa\u00fade, Ortopedia e Geriatria","publisher":{"@id":"https:\/\/www.maisquecuidar.com\/loja\/#organization"},"potentialAction":[{"@type":"SearchAction","target":{"@type":"EntryPoint","urlTemplate":"https:\/\/www.maisquecuidar.com\/loja\/?s={search_term_string}"},"query-input":{"@type":"PropertyValueSpecification","valueRequired":true,"valueName":"search_term_string"}}],"inLanguage":"pt-PT"},{"@type":"Organization","@id":"https:\/\/www.maisquecuidar.com\/loja\/#organization","name":"Mais Que Cuidar","url":"https:\/\/www.maisquecuidar.com\/loja\/","logo":{"@type":"ImageObject","inLanguage":"pt-PT","@id":"https:\/\/www.maisquecuidar.com\/loja\/#\/schema\/logo\/image\/","url":"https:\/\/img.maisquecuidar.com\/loja\/wp-content\/uploads\/2019\/08\/logo-mais-que-cuidar-retina.png","contentUrl":"https:\/\/img.maisquecuidar.com\/loja\/wp-content\/uploads\/2019\/08\/logo-mais-que-cuidar-retina.png","width":565,"height":75,"caption":"Mais Que Cuidar"},"image":{"@id":"https:\/\/www.maisquecuidar.com\/loja\/#\/schema\/logo\/image\/"},"sameAs":["https:\/\/www.facebook.com\/maisquecuidar.pt","https:\/\/www.instagram.com\/maisquecuidar"]}]}},"_links":{"self":[{"href":"https:\/\/www.maisquecuidar.com\/loja\/wp-json\/wp\/v2\/product\/11898","targetHints":{"allow":["GET"]}}],"collection":[{"href":"https:\/\/www.maisquecuidar.com\/loja\/wp-json\/wp\/v2\/product"}],"about":[{"href":"https:\/\/www.maisquecuidar.com\/loja\/wp-json\/wp\/v2\/types\/product"}],"wp:featuredmedia":[{"embeddable":true,"href":"https:\/\/www.maisquecuidar.com\/loja\/wp-json\/wp\/v2\/media\/11899"}],"wp:attachment":[{"href":"https:\/\/www.maisquecuidar.com\/loja\/wp-json\/wp\/v2\/media?parent=11898"}],"wp:term":[{"taxonomy":"product_brand","embeddable":true,"href":"https:\/\/www.maisquecuidar.com\/loja\/wp-json\/wp\/v2\/product_brand?post=11898"},{"taxonomy":"product_cat","embeddable":true,"href":"https:\/\/www.maisquecuidar.com\/loja\/wp-json\/wp\/v2\/product_cat?post=11898"},{"taxonomy":"product_tag","embeddable":true,"href":"https:\/\/www.maisquecuidar.com\/loja\/wp-json\/wp\/v2\/product_tag?post=11898"}],"curies":[{"name":"wp","href":"https:\/\/api.w.org\/{rel}","templated":true}]}}