{"id":11440,"date":"2019-12-16T12:12:46","date_gmt":"2019-12-16T12:12:46","guid":{"rendered":"https:\/\/www.maisquecuidar.com\/loja\/?post_type=product&#038;p=11440"},"modified":"2026-05-12T21:03:04","modified_gmt":"2026-05-12T20:03:04","slug":"medidor-de-tensao-arterial-braco-evolv-omron","status":"publish","type":"product","link":"https:\/\/www.maisquecuidar.com\/loja\/produtos-saude\/medidores-tensao-arterial\/medidor-de-tensao-arterial-braco-evolv-omron","title":{"rendered":"Medidor de Tens\u00e3o Arterial de Bra\u00e7o Evolv Omron"},"content":{"rendered":"<p><strong>Medidor de Tens\u00e3o Arterial de Bra\u00e7o Evolv<\/strong><\/p>\n<p>O tensi\u00f3metro digital de bra\u00e7o Evolv da OMRON efetua medi\u00e7\u00f5es precisas em qualquer posi\u00e7\u00e3o em torno do bra\u00e7o e permite a monitoriza\u00e7\u00e3o das leituras da press\u00e3o arterial atrav\u00e9s do smartphone.<\/p>\n<h3>Funcionalidades<\/h3>\n<ul>\n<li>Medidor de tens\u00e3o arterial de bra\u00e7o tudo-em-um. Sem fios nem tubos.<\/li>\n<li>Tecnologia Intellisense: insufla a bra\u00e7adeira at\u00e9 ao n\u00edvel ideal em cada medi\u00e7\u00e3o.<\/li>\n<li>Bra\u00e7adeira Intelli Wrap: para leituras f\u00e1ceis e precisas.<\/li>\n<li>Validado clinicamente: o tensi\u00f3metro digital tem demonstrado fiabilidade e precis\u00e3o atrav\u00e9s de procedimentos de teste rigorosos realizados pelas principais organiza\u00e7\u00f5es de sa\u00fade.<\/li>\n<li>Indicador de coloca\u00e7\u00e3o da bra\u00e7adeira: indica se a bra\u00e7adeira est\u00e1 enrolada corretamente, n\u00e3o demasiado solta ou demasiado apertada.<\/li>\n<li>Dete\u00e7\u00e3o de batimento card\u00edaco irregular: indica se foi detetado batimento card\u00edaco irregular durante a leitura.<\/li>\n<li>Aplica\u00e7\u00e3o m\u00f3vel para iPhone e Android OMRON connect.<\/li>\n<li>Sensor de movimento: dete\u00e7\u00e3o de movimento do corpo.<\/li>\n<li>Mem\u00f3ria interna de 100 medi\u00e7\u00f5es.<\/li>\n<\/ul>\n<h3>Benef\u00edcios do Tensi\u00f3metro<\/h3>\n<ul>\n<li>Gra\u00e7as ao design integrado, medir a press\u00e3o arterial em casa ou em mobilidade nunca foi t\u00e3o f\u00e1cil.<\/li>\n<li>A bra\u00e7adeira Intelli Wrap da OMRON l\u00ea com exatid\u00e3o em qualquer posi\u00e7\u00e3o do bra\u00e7o;<\/li>\n<li>Usando a tecnologia Intellisense, o medidor de tens\u00e3o arterial enche automaticamente a bra\u00e7adeira at\u00e9 ao ponto ideal do bra\u00e7o do utilizador;<\/li>\n<li>O guia de coloca\u00e7\u00e3o da bra\u00e7adeira permite saber se a bra\u00e7adeira est\u00e1 devidamente colocada: nem demasiado larga, nem demasiado apertada;<\/li>\n<li>Validado com sucesso em mulheres gr\u00e1vidas com e sem pr\u00e9-ecl\u00e2mpsia, e para quem tem diabetes.<\/li>\n<\/ul>\n<p>&nbsp;<\/p>\n<h3>Conte\u00fado da caixa<\/h3>\n<ul>\n<li>Medidor de tens\u00e3o arterial Evolv<\/li>\n<li>Manual de Instru\u00e7\u00f5es<\/li>\n<li>Pilhas e estojo de arruma\u00e7\u00e3o<\/li>\n<li>Instru\u00e7\u00f5es de configura\u00e7\u00e3o da OMRON connect<\/li>\n<\/ul>\n<h3>Garantia<\/h3>\n<p>Este tensi\u00f3metro \u00e9 garantido pela OMRON por um per\u00edodo de 3 anos ap\u00f3s a data da compra.<\/p>\n","protected":false},"excerpt":{"rendered":"<p>PROMO\u00c7\u00c3O V\u00c1LIDA DE 13 a 19 DE MAIO DE 2026<\/p>\n","protected":false},"featured_media":14911,"template":"","meta":{"_acf_changed":false,"neve_meta_sidebar":"","neve_meta_container":"","neve_meta_enable_content_width":"off","neve_meta_content_width":100,"neve_meta_title_alignment":"","neve_meta_author_avatar":"","neve_post_elements_order":"","neve_meta_disable_header":"","neve_meta_disable_footer":"","neve_meta_disable_title":""},"product_brand":[],"product_cat":[478],"product_tag":[488],"class_list":{"0":"post-11440","1":"product","2":"type-product","3":"status-publish","4":"has-post-thumbnail","6":"product_cat-medidores-tensao-arterial","7":"product_tag-medidor-de-tensao-arterial","9":"first","10":"instock","11":"sale","12":"taxable","13":"shipping-taxable","14":"purchasable","15":"product-type-simple"},"acf":[],"yoast_head":"<!-- This site is optimized with the Yoast SEO plugin v27.5 - https:\/\/yoast.com\/product\/yoast-seo-wordpress\/ -->\n<title>Medidor de Tens\u00e3o Arterial de Bra\u00e7o Evolv Omron - Mais que Cuidar<\/title>\n<meta name=\"description\" content=\"Conhe\u00e7a o medidor de tens\u00e3o arterial de bra\u00e7o digital de \u00faltima gera\u00e7\u00e3o Evolv da OMRON. Confira as caracter\u00edsticas, os benef\u00edcios e o pre\u00e7o!\" \/>\n<meta name=\"robots\" content=\"index, follow, max-snippet:-1, max-image-preview:large, max-video-preview:-1\" \/>\n<link rel=\"canonical\" href=\"https:\/\/www.maisquecuidar.com\/loja\/produtos-saude\/medidores-tensao-arterial\/medidor-de-tensao-arterial-braco-evolv-omron\" \/>\n<meta property=\"og:locale\" content=\"pt_PT\" \/>\n<meta property=\"og:type\" content=\"article\" \/>\n<meta property=\"og:title\" content=\"Medidor de Tens\u00e3o Arterial de Bra\u00e7o Evolv Omron - Mais que Cuidar\" \/>\n<meta property=\"og:description\" content=\"Conhe\u00e7a o medidor de tens\u00e3o arterial de bra\u00e7o digital de \u00faltima gera\u00e7\u00e3o Evolv da OMRON. Confira as caracter\u00edsticas, os benef\u00edcios e o pre\u00e7o!\" \/>\n<meta property=\"og:url\" content=\"https:\/\/www.maisquecuidar.com\/loja\/produtos-saude\/medidores-tensao-arterial\/medidor-de-tensao-arterial-braco-evolv-omron\" \/>\n<meta property=\"og:site_name\" content=\"Mais que Cuidar\" \/>\n<meta property=\"article:publisher\" content=\"https:\/\/www.facebook.com\/maisquecuidar.pt\" \/>\n<meta property=\"article:modified_time\" content=\"2026-05-12T20:03:04+00:00\" \/>\n<meta property=\"og:image\" content=\"https:\/\/img.maisquecuidar.com\/loja\/wp-content\/uploads\/2019\/12\/medidor-tensao-evolv-omron.png\" \/>\n\t<meta property=\"og:image:width\" content=\"1280\" \/>\n\t<meta property=\"og:image:height\" content=\"800\" \/>\n\t<meta property=\"og:image:type\" content=\"image\/png\" \/>\n<meta name=\"twitter:label1\" content=\"Tempo estimado de leitura\" \/>\n\t<meta name=\"twitter:data1\" content=\"2 minutos\" \/>\n<script type=\"application\/ld+json\" class=\"yoast-schema-graph\">{\"@context\":\"https:\\\/\\\/schema.org\",\"@graph\":[{\"@type\":\"WebPage\",\"@id\":\"https:\\\/\\\/www.maisquecuidar.com\\\/loja\\\/produtos-saude\\\/medidores-tensao-arterial\\\/medidor-de-tensao-arterial-braco-evolv-omron\",\"url\":\"https:\\\/\\\/www.maisquecuidar.com\\\/loja\\\/produtos-saude\\\/medidores-tensao-arterial\\\/medidor-de-tensao-arterial-braco-evolv-omron\",\"name\":\"Medidor de Tens\u00e3o Arterial de Bra\u00e7o Evolv Omron - Mais que Cuidar\",\"isPartOf\":{\"@id\":\"https:\\\/\\\/www.maisquecuidar.com\\\/loja\\\/#website\"},\"primaryImageOfPage\":{\"@id\":\"https:\\\/\\\/www.maisquecuidar.com\\\/loja\\\/produtos-saude\\\/medidores-tensao-arterial\\\/medidor-de-tensao-arterial-braco-evolv-omron#primaryimage\"},\"image\":{\"@id\":\"https:\\\/\\\/www.maisquecuidar.com\\\/loja\\\/produtos-saude\\\/medidores-tensao-arterial\\\/medidor-de-tensao-arterial-braco-evolv-omron#primaryimage\"},\"thumbnailUrl\":\"https:\\\/\\\/img.maisquecuidar.com\\\/loja\\\/wp-content\\\/uploads\\\/2019\\\/12\\\/medidor-tensao-evolv-omron.png\",\"datePublished\":\"2019-12-16T12:12:46+00:00\",\"dateModified\":\"2026-05-12T20:03:04+00:00\",\"description\":\"Conhe\u00e7a o medidor de tens\u00e3o arterial de bra\u00e7o digital de \u00faltima gera\u00e7\u00e3o Evolv da OMRON. Confira as caracter\u00edsticas, os benef\u00edcios e o pre\u00e7o!\",\"breadcrumb\":{\"@id\":\"https:\\\/\\\/www.maisquecuidar.com\\\/loja\\\/produtos-saude\\\/medidores-tensao-arterial\\\/medidor-de-tensao-arterial-braco-evolv-omron#breadcrumb\"},\"inLanguage\":\"pt-PT\",\"potentialAction\":[{\"@type\":\"ReadAction\",\"target\":[\"https:\\\/\\\/www.maisquecuidar.com\\\/loja\\\/produtos-saude\\\/medidores-tensao-arterial\\\/medidor-de-tensao-arterial-braco-evolv-omron\"]}]},{\"@type\":\"ImageObject\",\"inLanguage\":\"pt-PT\",\"@id\":\"https:\\\/\\\/www.maisquecuidar.com\\\/loja\\\/produtos-saude\\\/medidores-tensao-arterial\\\/medidor-de-tensao-arterial-braco-evolv-omron#primaryimage\",\"url\":\"https:\\\/\\\/img.maisquecuidar.com\\\/loja\\\/wp-content\\\/uploads\\\/2019\\\/12\\\/medidor-tensao-evolv-omron.png\",\"contentUrl\":\"https:\\\/\\\/img.maisquecuidar.com\\\/loja\\\/wp-content\\\/uploads\\\/2019\\\/12\\\/medidor-tensao-evolv-omron.png\",\"width\":1280,\"height\":800,\"caption\":\"Medidor de tens\u00e3o arterial de bra\u00e7o Evolv Omron\"},{\"@type\":\"BreadcrumbList\",\"@id\":\"https:\\\/\\\/www.maisquecuidar.com\\\/loja\\\/produtos-saude\\\/medidores-tensao-arterial\\\/medidor-de-tensao-arterial-braco-evolv-omron#breadcrumb\",\"itemListElement\":[{\"@type\":\"ListItem\",\"position\":1,\"name\":\"Home\",\"item\":\"https:\\\/\\\/www.maisquecuidar.com\\\/loja\\\/\"},{\"@type\":\"ListItem\",\"position\":2,\"name\":\"Loja Online de Ortopedia e Geriatria em Portugal\",\"item\":\"https:\\\/\\\/www.maisquecuidar.com\\\/loja\\\/loja\"},{\"@type\":\"ListItem\",\"position\":3,\"name\":\"Produtos de Sa\u00fade\",\"item\":\"https:\\\/\\\/www.maisquecuidar.com\\\/loja\\\/produtos-saude\"},{\"@type\":\"ListItem\",\"position\":4,\"name\":\"Medidores de Tens\u00e3o Arterial\",\"item\":\"https:\\\/\\\/www.maisquecuidar.com\\\/loja\\\/produtos-saude\\\/medidores-tensao-arterial\"},{\"@type\":\"ListItem\",\"position\":5,\"name\":\"Medidor de Tens\u00e3o Arterial de Bra\u00e7o Evolv Omron\"}]},{\"@type\":\"WebSite\",\"@id\":\"https:\\\/\\\/www.maisquecuidar.com\\\/loja\\\/#website\",\"url\":\"https:\\\/\\\/www.maisquecuidar.com\\\/loja\\\/\",\"name\":\"Mais que Cuidar\",\"description\":\"Sa\u00fade, Ortopedia e Geriatria\",\"publisher\":{\"@id\":\"https:\\\/\\\/www.maisquecuidar.com\\\/loja\\\/#organization\"},\"potentialAction\":[{\"@type\":\"SearchAction\",\"target\":{\"@type\":\"EntryPoint\",\"urlTemplate\":\"https:\\\/\\\/www.maisquecuidar.com\\\/loja\\\/?s={search_term_string}\"},\"query-input\":{\"@type\":\"PropertyValueSpecification\",\"valueRequired\":true,\"valueName\":\"search_term_string\"}}],\"inLanguage\":\"pt-PT\"},{\"@type\":\"Organization\",\"@id\":\"https:\\\/\\\/www.maisquecuidar.com\\\/loja\\\/#organization\",\"name\":\"Mais Que Cuidar\",\"url\":\"https:\\\/\\\/www.maisquecuidar.com\\\/loja\\\/\",\"logo\":{\"@type\":\"ImageObject\",\"inLanguage\":\"pt-PT\",\"@id\":\"https:\\\/\\\/www.maisquecuidar.com\\\/loja\\\/#\\\/schema\\\/logo\\\/image\\\/\",\"url\":\"https:\\\/\\\/img.maisquecuidar.com\\\/loja\\\/wp-content\\\/uploads\\\/2019\\\/08\\\/logo-mais-que-cuidar-retina.png\",\"contentUrl\":\"https:\\\/\\\/img.maisquecuidar.com\\\/loja\\\/wp-content\\\/uploads\\\/2019\\\/08\\\/logo-mais-que-cuidar-retina.png\",\"width\":565,\"height\":75,\"caption\":\"Mais Que Cuidar\"},\"image\":{\"@id\":\"https:\\\/\\\/www.maisquecuidar.com\\\/loja\\\/#\\\/schema\\\/logo\\\/image\\\/\"},\"sameAs\":[\"https:\\\/\\\/www.facebook.com\\\/maisquecuidar.pt\",\"https:\\\/\\\/www.instagram.com\\\/maisquecuidar\"]}]}<\/script>\n<!-- \/ Yoast SEO plugin. -->","yoast_head_json":{"title":"Medidor de Tens\u00e3o Arterial de Bra\u00e7o Evolv Omron - Mais que Cuidar","description":"Conhe\u00e7a o medidor de tens\u00e3o arterial de bra\u00e7o digital de \u00faltima gera\u00e7\u00e3o Evolv da OMRON. Confira as caracter\u00edsticas, os benef\u00edcios e o pre\u00e7o!","robots":{"index":"index","follow":"follow","max-snippet":"max-snippet:-1","max-image-preview":"max-image-preview:large","max-video-preview":"max-video-preview:-1"},"canonical":"https:\/\/www.maisquecuidar.com\/loja\/produtos-saude\/medidores-tensao-arterial\/medidor-de-tensao-arterial-braco-evolv-omron","og_locale":"pt_PT","og_type":"article","og_title":"Medidor de Tens\u00e3o Arterial de Bra\u00e7o Evolv Omron - Mais que Cuidar","og_description":"Conhe\u00e7a o medidor de tens\u00e3o arterial de bra\u00e7o digital de \u00faltima gera\u00e7\u00e3o Evolv da OMRON. Confira as caracter\u00edsticas, os benef\u00edcios e o pre\u00e7o!","og_url":"https:\/\/www.maisquecuidar.com\/loja\/produtos-saude\/medidores-tensao-arterial\/medidor-de-tensao-arterial-braco-evolv-omron","og_site_name":"Mais que Cuidar","article_publisher":"https:\/\/www.facebook.com\/maisquecuidar.pt","article_modified_time":"2026-05-12T20:03:04+00:00","og_image":[{"width":1280,"height":800,"url":"https:\/\/img.maisquecuidar.com\/loja\/wp-content\/uploads\/2019\/12\/medidor-tensao-evolv-omron.png","type":"image\/png"}],"twitter_misc":{"Tempo estimado de leitura":"2 minutos"},"schema":{"@context":"https:\/\/schema.org","@graph":[{"@type":"WebPage","@id":"https:\/\/www.maisquecuidar.com\/loja\/produtos-saude\/medidores-tensao-arterial\/medidor-de-tensao-arterial-braco-evolv-omron","url":"https:\/\/www.maisquecuidar.com\/loja\/produtos-saude\/medidores-tensao-arterial\/medidor-de-tensao-arterial-braco-evolv-omron","name":"Medidor de Tens\u00e3o Arterial de Bra\u00e7o Evolv Omron - Mais que Cuidar","isPartOf":{"@id":"https:\/\/www.maisquecuidar.com\/loja\/#website"},"primaryImageOfPage":{"@id":"https:\/\/www.maisquecuidar.com\/loja\/produtos-saude\/medidores-tensao-arterial\/medidor-de-tensao-arterial-braco-evolv-omron#primaryimage"},"image":{"@id":"https:\/\/www.maisquecuidar.com\/loja\/produtos-saude\/medidores-tensao-arterial\/medidor-de-tensao-arterial-braco-evolv-omron#primaryimage"},"thumbnailUrl":"https:\/\/img.maisquecuidar.com\/loja\/wp-content\/uploads\/2019\/12\/medidor-tensao-evolv-omron.png","datePublished":"2019-12-16T12:12:46+00:00","dateModified":"2026-05-12T20:03:04+00:00","description":"Conhe\u00e7a o medidor de tens\u00e3o arterial de bra\u00e7o digital de \u00faltima gera\u00e7\u00e3o Evolv da OMRON. Confira as caracter\u00edsticas, os benef\u00edcios e o pre\u00e7o!","breadcrumb":{"@id":"https:\/\/www.maisquecuidar.com\/loja\/produtos-saude\/medidores-tensao-arterial\/medidor-de-tensao-arterial-braco-evolv-omron#breadcrumb"},"inLanguage":"pt-PT","potentialAction":[{"@type":"ReadAction","target":["https:\/\/www.maisquecuidar.com\/loja\/produtos-saude\/medidores-tensao-arterial\/medidor-de-tensao-arterial-braco-evolv-omron"]}]},{"@type":"ImageObject","inLanguage":"pt-PT","@id":"https:\/\/www.maisquecuidar.com\/loja\/produtos-saude\/medidores-tensao-arterial\/medidor-de-tensao-arterial-braco-evolv-omron#primaryimage","url":"https:\/\/img.maisquecuidar.com\/loja\/wp-content\/uploads\/2019\/12\/medidor-tensao-evolv-omron.png","contentUrl":"https:\/\/img.maisquecuidar.com\/loja\/wp-content\/uploads\/2019\/12\/medidor-tensao-evolv-omron.png","width":1280,"height":800,"caption":"Medidor de tens\u00e3o arterial de bra\u00e7o Evolv Omron"},{"@type":"BreadcrumbList","@id":"https:\/\/www.maisquecuidar.com\/loja\/produtos-saude\/medidores-tensao-arterial\/medidor-de-tensao-arterial-braco-evolv-omron#breadcrumb","itemListElement":[{"@type":"ListItem","position":1,"name":"Home","item":"https:\/\/www.maisquecuidar.com\/loja\/"},{"@type":"ListItem","position":2,"name":"Loja Online de Ortopedia e Geriatria em Portugal","item":"https:\/\/www.maisquecuidar.com\/loja\/loja"},{"@type":"ListItem","position":3,"name":"Produtos de Sa\u00fade","item":"https:\/\/www.maisquecuidar.com\/loja\/produtos-saude"},{"@type":"ListItem","position":4,"name":"Medidores de Tens\u00e3o Arterial","item":"https:\/\/www.maisquecuidar.com\/loja\/produtos-saude\/medidores-tensao-arterial"},{"@type":"ListItem","position":5,"name":"Medidor de Tens\u00e3o Arterial de Bra\u00e7o Evolv Omron"}]},{"@type":"WebSite","@id":"https:\/\/www.maisquecuidar.com\/loja\/#website","url":"https:\/\/www.maisquecuidar.com\/loja\/","name":"Mais que Cuidar","description":"Sa\u00fade, Ortopedia e Geriatria","publisher":{"@id":"https:\/\/www.maisquecuidar.com\/loja\/#organization"},"potentialAction":[{"@type":"SearchAction","target":{"@type":"EntryPoint","urlTemplate":"https:\/\/www.maisquecuidar.com\/loja\/?s={search_term_string}"},"query-input":{"@type":"PropertyValueSpecification","valueRequired":true,"valueName":"search_term_string"}}],"inLanguage":"pt-PT"},{"@type":"Organization","@id":"https:\/\/www.maisquecuidar.com\/loja\/#organization","name":"Mais Que Cuidar","url":"https:\/\/www.maisquecuidar.com\/loja\/","logo":{"@type":"ImageObject","inLanguage":"pt-PT","@id":"https:\/\/www.maisquecuidar.com\/loja\/#\/schema\/logo\/image\/","url":"https:\/\/img.maisquecuidar.com\/loja\/wp-content\/uploads\/2019\/08\/logo-mais-que-cuidar-retina.png","contentUrl":"https:\/\/img.maisquecuidar.com\/loja\/wp-content\/uploads\/2019\/08\/logo-mais-que-cuidar-retina.png","width":565,"height":75,"caption":"Mais Que Cuidar"},"image":{"@id":"https:\/\/www.maisquecuidar.com\/loja\/#\/schema\/logo\/image\/"},"sameAs":["https:\/\/www.facebook.com\/maisquecuidar.pt","https:\/\/www.instagram.com\/maisquecuidar"]}]}},"_links":{"self":[{"href":"https:\/\/www.maisquecuidar.com\/loja\/wp-json\/wp\/v2\/product\/11440","targetHints":{"allow":["GET"]}}],"collection":[{"href":"https:\/\/www.maisquecuidar.com\/loja\/wp-json\/wp\/v2\/product"}],"about":[{"href":"https:\/\/www.maisquecuidar.com\/loja\/wp-json\/wp\/v2\/types\/product"}],"wp:featuredmedia":[{"embeddable":true,"href":"https:\/\/www.maisquecuidar.com\/loja\/wp-json\/wp\/v2\/media\/14911"}],"wp:attachment":[{"href":"https:\/\/www.maisquecuidar.com\/loja\/wp-json\/wp\/v2\/media?parent=11440"}],"wp:term":[{"taxonomy":"product_brand","embeddable":true,"href":"https:\/\/www.maisquecuidar.com\/loja\/wp-json\/wp\/v2\/product_brand?post=11440"},{"taxonomy":"product_cat","embeddable":true,"href":"https:\/\/www.maisquecuidar.com\/loja\/wp-json\/wp\/v2\/product_cat?post=11440"},{"taxonomy":"product_tag","embeddable":true,"href":"https:\/\/www.maisquecuidar.com\/loja\/wp-json\/wp\/v2\/product_tag?post=11440"}],"curies":[{"name":"wp","href":"https:\/\/api.w.org\/{rel}","templated":true}]}}