{"id":11432,"date":"2019-12-16T11:33:39","date_gmt":"2019-12-16T11:33:39","guid":{"rendered":"https:\/\/www.maisquecuidar.com\/loja\/?post_type=product&#038;p=11432"},"modified":"2025-09-15T20:11:33","modified_gmt":"2025-09-15T19:11:33","slug":"medidor-tensao-arterial-m7-it-omron","status":"publish","type":"product","link":"https:\/\/www.maisquecuidar.com\/loja\/produtos-saude\/medidores-tensao-arterial\/medidor-tensao-arterial-m7-it-omron","title":{"rendered":"Medidor de Tens\u00e3o Arterial de Bra\u00e7o M7 IT Omron"},"content":{"rendered":"<p>O tensi\u00f3metro digital de bra\u00e7o M7 IT da OMRON traz para o mercado a inova\u00e7\u00e3o mais recente no campo da precis\u00e3o: a bra\u00e7adeira Intelli Wrap que inclui a aplica\u00e7\u00e3o OMRON connect para smartphone.<\/p>\n<h3>Funcionalidades<\/h3>\n<ul>\n<li>Bra\u00e7adeira Intelli Wrap: precis\u00e3o de 360\u00ba com medi\u00e7\u00f5es precisas em qualquer posi\u00e7\u00e3o em torno do bra\u00e7o (tamanho da bra\u00e7adeira:22-42 cm);<\/li>\n<li>Aplica\u00e7\u00e3o m\u00f3vel para Iphone\/Android OMRON connect;<\/li>\n<li><strong>Indicador de cor de tens\u00e3o arterial f\u00e1cil:<\/strong> indica se o resultado est\u00e1 acima do n\u00edvel recomendado;<\/li>\n<li><strong>Detetor de hipertens\u00e3o da manh\u00e3:<\/strong> indica se a m\u00e9dia da manh\u00e3 est\u00e1 acima do n\u00edvel recomendado;<\/li>\n<li><strong>Fun\u00e7\u00e3o de c\u00e1lculo da m\u00e9dia avan\u00e7ada:<\/strong> m\u00e9dias semanais da manh\u00e3 e da noite;<\/li>\n<li>Dete\u00e7\u00e3o de batimento card\u00edaco irregular;<\/li>\n<li><strong>Indicador de coloca\u00e7\u00e3o da bra\u00e7adeira:<\/strong> indica se a bra\u00e7adeira est\u00e1 enrolada corretamente, n\u00e3o demasiado solta ou demasiado apertada;<\/li>\n<li>Proporciona medi\u00e7\u00f5es precisas;<\/li>\n<li><strong>Mem\u00f3ria:<\/strong> 2 utilizadores x 100 leituras;<\/li>\n<li>Dete\u00e7\u00e3o de movimento do corpo.<\/li>\n<\/ul>\n<h3>Benef\u00edcios do Tensi\u00f3metro<\/h3>\n<ul>\n<li>A bra\u00e7adeira Intelli Wrap da OMRON l\u00ea com exatid\u00e3o em qualquer posi\u00e7\u00e3o do bra\u00e7o;<\/li>\n<li>Usando a tecnologia Intellisense, o medidor de tens\u00e3o arterial enche automaticamente a bra\u00e7adeira at\u00e9 ao ponto ideal do bra\u00e7o do utilizador;<\/li>\n<li>O guia de coloca\u00e7\u00e3o da bra\u00e7adeira permite saber se a bra\u00e7adeira est\u00e1 devidamente colocada: nem demasiado larga, nem demasiado apertada;<\/li>\n<li>Validado com sucesso em mulheres gr\u00e1vidas com e sem pr\u00e9-ecl\u00e2mpsia, e para quem tem diabetes.<\/li>\n<\/ul>\n<h3>Conte\u00fado da caixa<\/h3>\n<ul>\n<li>Medidor de tens\u00e3o arterial M7 IT OMRON<\/li>\n<li>Bra\u00e7adeira Intelli Wrap (22-42 cm)<\/li>\n<li>Manual de Instru\u00e7\u00f5es<\/li>\n<li>Pilhas e estojo de arruma\u00e7\u00e3o<\/li>\n<li>Instru\u00e7\u00f5es de configura\u00e7\u00e3o da OMRON connect<\/li>\n<\/ul>\n<h3>Garantia<\/h3>\n<p>Este tensi\u00f3metro \u00e9 garantido pela OMRON por um per\u00edodo de 3 anos ap\u00f3s a data da compra.<\/p>\n","protected":false},"excerpt":{"rendered":"<p>O tensi\u00f3metro digital de bra\u00e7o M7 IT da OMRON traz para o mercado a inova\u00e7\u00e3o mais recente no campo da precis\u00e3o: a bra\u00e7adeira Intelli Wrap que inclui a aplica\u00e7\u00e3o OMRON connect para smartphone. Funcionalidades Bra\u00e7adeira Intelli Wrap: precis\u00e3o de 360\u00ba com medi\u00e7\u00f5es precisas em qualquer posi\u00e7\u00e3o em torno do bra\u00e7o (tamanho da bra\u00e7adeira:22-42 cm); Aplica\u00e7\u00e3o&hellip;&nbsp;<a href=\"https:\/\/www.maisquecuidar.com\/loja\/produtos-saude\/medidores-tensao-arterial\/medidor-tensao-arterial-m7-it-omron\" rel=\"bookmark\">Ler mais &raquo;<span class=\"screen-reader-text\">Medidor de Tens\u00e3o Arterial de Bra\u00e7o M7 IT Omron<\/span><\/a><\/p>\n","protected":false},"featured_media":14913,"template":"","meta":{"_acf_changed":false,"neve_meta_sidebar":"","neve_meta_container":"","neve_meta_enable_content_width":"","neve_meta_content_width":0,"neve_meta_title_alignment":"","neve_meta_author_avatar":"","neve_post_elements_order":"","neve_meta_disable_header":"","neve_meta_disable_footer":"","neve_meta_disable_title":""},"product_brand":[],"product_cat":[478],"product_tag":[488],"class_list":{"0":"post-11432","1":"product","2":"type-product","3":"status-publish","4":"has-post-thumbnail","6":"product_cat-medidores-tensao-arterial","7":"product_tag-medidor-de-tensao-arterial","9":"first","10":"onbackorder","11":"taxable","12":"shipping-taxable","13":"purchasable","14":"product-type-simple"},"acf":[],"yoast_head":"<!-- This site is optimized with the Yoast SEO plugin v27.5 - https:\/\/yoast.com\/product\/yoast-seo-wordpress\/ -->\n<title>Medidor de Tens\u00e3o Arterial de Bra\u00e7o M7 IT Omron - Mais que Cuidar<\/title>\n<meta name=\"description\" content=\"Descubra o medidor de tens\u00e3o arterial de bra\u00e7o digital M7 IT da OMRON para controlar a press\u00e3o arterial. Confira o pre\u00e7o!\" \/>\n<meta name=\"robots\" content=\"index, follow, max-snippet:-1, max-image-preview:large, max-video-preview:-1\" \/>\n<link rel=\"canonical\" href=\"https:\/\/www.maisquecuidar.com\/loja\/produtos-saude\/medidores-tensao-arterial\/medidor-tensao-arterial-m7-it-omron\" \/>\n<meta property=\"og:locale\" content=\"pt_PT\" \/>\n<meta property=\"og:type\" content=\"article\" \/>\n<meta property=\"og:title\" content=\"Medidor de Tens\u00e3o Arterial de Bra\u00e7o M7 IT Omron - Mais que Cuidar\" \/>\n<meta property=\"og:description\" content=\"Descubra o medidor de tens\u00e3o arterial de bra\u00e7o digital M7 IT da OMRON para controlar a press\u00e3o arterial. Confira o pre\u00e7o!\" \/>\n<meta property=\"og:url\" content=\"https:\/\/www.maisquecuidar.com\/loja\/produtos-saude\/medidores-tensao-arterial\/medidor-tensao-arterial-m7-it-omron\" \/>\n<meta property=\"og:site_name\" content=\"Mais que Cuidar\" \/>\n<meta property=\"article:publisher\" content=\"https:\/\/www.facebook.com\/maisquecuidar.pt\" \/>\n<meta property=\"article:modified_time\" content=\"2025-09-15T19:11:33+00:00\" \/>\n<meta property=\"og:image\" content=\"https:\/\/img.maisquecuidar.com\/loja\/wp-content\/uploads\/2019\/12\/medidor-tensao-braco-M7-omron.png\" \/>\n\t<meta property=\"og:image:width\" content=\"1280\" \/>\n\t<meta property=\"og:image:height\" content=\"800\" \/>\n\t<meta property=\"og:image:type\" content=\"image\/png\" \/>\n<meta name=\"twitter:label1\" content=\"Tempo estimado de leitura\" \/>\n\t<meta name=\"twitter:data1\" content=\"2 minutos\" \/>\n<script type=\"application\/ld+json\" class=\"yoast-schema-graph\">{\"@context\":\"https:\\\/\\\/schema.org\",\"@graph\":[{\"@type\":\"WebPage\",\"@id\":\"https:\\\/\\\/www.maisquecuidar.com\\\/loja\\\/produtos-saude\\\/medidores-tensao-arterial\\\/medidor-tensao-arterial-m7-it-omron\",\"url\":\"https:\\\/\\\/www.maisquecuidar.com\\\/loja\\\/produtos-saude\\\/medidores-tensao-arterial\\\/medidor-tensao-arterial-m7-it-omron\",\"name\":\"Medidor de Tens\u00e3o Arterial de Bra\u00e7o M7 IT Omron - Mais que Cuidar\",\"isPartOf\":{\"@id\":\"https:\\\/\\\/www.maisquecuidar.com\\\/loja\\\/#website\"},\"primaryImageOfPage\":{\"@id\":\"https:\\\/\\\/www.maisquecuidar.com\\\/loja\\\/produtos-saude\\\/medidores-tensao-arterial\\\/medidor-tensao-arterial-m7-it-omron#primaryimage\"},\"image\":{\"@id\":\"https:\\\/\\\/www.maisquecuidar.com\\\/loja\\\/produtos-saude\\\/medidores-tensao-arterial\\\/medidor-tensao-arterial-m7-it-omron#primaryimage\"},\"thumbnailUrl\":\"https:\\\/\\\/img.maisquecuidar.com\\\/loja\\\/wp-content\\\/uploads\\\/2019\\\/12\\\/medidor-tensao-braco-M7-omron.png\",\"datePublished\":\"2019-12-16T11:33:39+00:00\",\"dateModified\":\"2025-09-15T19:11:33+00:00\",\"description\":\"Descubra o medidor de tens\u00e3o arterial de bra\u00e7o digital M7 IT da OMRON para controlar a press\u00e3o arterial. Confira o pre\u00e7o!\",\"breadcrumb\":{\"@id\":\"https:\\\/\\\/www.maisquecuidar.com\\\/loja\\\/produtos-saude\\\/medidores-tensao-arterial\\\/medidor-tensao-arterial-m7-it-omron#breadcrumb\"},\"inLanguage\":\"pt-PT\",\"potentialAction\":[{\"@type\":\"ReadAction\",\"target\":[\"https:\\\/\\\/www.maisquecuidar.com\\\/loja\\\/produtos-saude\\\/medidores-tensao-arterial\\\/medidor-tensao-arterial-m7-it-omron\"]}]},{\"@type\":\"ImageObject\",\"inLanguage\":\"pt-PT\",\"@id\":\"https:\\\/\\\/www.maisquecuidar.com\\\/loja\\\/produtos-saude\\\/medidores-tensao-arterial\\\/medidor-tensao-arterial-m7-it-omron#primaryimage\",\"url\":\"https:\\\/\\\/img.maisquecuidar.com\\\/loja\\\/wp-content\\\/uploads\\\/2019\\\/12\\\/medidor-tensao-braco-M7-omron.png\",\"contentUrl\":\"https:\\\/\\\/img.maisquecuidar.com\\\/loja\\\/wp-content\\\/uploads\\\/2019\\\/12\\\/medidor-tensao-braco-M7-omron.png\",\"width\":1280,\"height\":800,\"caption\":\"Medidor de tens\u00e3o arterial de bra\u00e7o M7 da Omron\"},{\"@type\":\"BreadcrumbList\",\"@id\":\"https:\\\/\\\/www.maisquecuidar.com\\\/loja\\\/produtos-saude\\\/medidores-tensao-arterial\\\/medidor-tensao-arterial-m7-it-omron#breadcrumb\",\"itemListElement\":[{\"@type\":\"ListItem\",\"position\":1,\"name\":\"Home\",\"item\":\"https:\\\/\\\/www.maisquecuidar.com\\\/loja\\\/\"},{\"@type\":\"ListItem\",\"position\":2,\"name\":\"Loja Online de Ortopedia e Geriatria em Portugal\",\"item\":\"https:\\\/\\\/www.maisquecuidar.com\\\/loja\\\/loja\"},{\"@type\":\"ListItem\",\"position\":3,\"name\":\"Produtos de Sa\u00fade\",\"item\":\"https:\\\/\\\/www.maisquecuidar.com\\\/loja\\\/produtos-saude\"},{\"@type\":\"ListItem\",\"position\":4,\"name\":\"Medidores de Tens\u00e3o Arterial\",\"item\":\"https:\\\/\\\/www.maisquecuidar.com\\\/loja\\\/produtos-saude\\\/medidores-tensao-arterial\"},{\"@type\":\"ListItem\",\"position\":5,\"name\":\"Medidor de Tens\u00e3o Arterial de Bra\u00e7o M7 IT Omron\"}]},{\"@type\":\"WebSite\",\"@id\":\"https:\\\/\\\/www.maisquecuidar.com\\\/loja\\\/#website\",\"url\":\"https:\\\/\\\/www.maisquecuidar.com\\\/loja\\\/\",\"name\":\"Mais que Cuidar\",\"description\":\"Sa\u00fade, Ortopedia e Geriatria\",\"publisher\":{\"@id\":\"https:\\\/\\\/www.maisquecuidar.com\\\/loja\\\/#organization\"},\"potentialAction\":[{\"@type\":\"SearchAction\",\"target\":{\"@type\":\"EntryPoint\",\"urlTemplate\":\"https:\\\/\\\/www.maisquecuidar.com\\\/loja\\\/?s={search_term_string}\"},\"query-input\":{\"@type\":\"PropertyValueSpecification\",\"valueRequired\":true,\"valueName\":\"search_term_string\"}}],\"inLanguage\":\"pt-PT\"},{\"@type\":\"Organization\",\"@id\":\"https:\\\/\\\/www.maisquecuidar.com\\\/loja\\\/#organization\",\"name\":\"Mais Que Cuidar\",\"url\":\"https:\\\/\\\/www.maisquecuidar.com\\\/loja\\\/\",\"logo\":{\"@type\":\"ImageObject\",\"inLanguage\":\"pt-PT\",\"@id\":\"https:\\\/\\\/www.maisquecuidar.com\\\/loja\\\/#\\\/schema\\\/logo\\\/image\\\/\",\"url\":\"https:\\\/\\\/img.maisquecuidar.com\\\/loja\\\/wp-content\\\/uploads\\\/2019\\\/08\\\/logo-mais-que-cuidar-retina.png\",\"contentUrl\":\"https:\\\/\\\/img.maisquecuidar.com\\\/loja\\\/wp-content\\\/uploads\\\/2019\\\/08\\\/logo-mais-que-cuidar-retina.png\",\"width\":565,\"height\":75,\"caption\":\"Mais Que Cuidar\"},\"image\":{\"@id\":\"https:\\\/\\\/www.maisquecuidar.com\\\/loja\\\/#\\\/schema\\\/logo\\\/image\\\/\"},\"sameAs\":[\"https:\\\/\\\/www.facebook.com\\\/maisquecuidar.pt\",\"https:\\\/\\\/www.instagram.com\\\/maisquecuidar\"]}]}<\/script>\n<!-- \/ Yoast SEO plugin. -->","yoast_head_json":{"title":"Medidor de Tens\u00e3o Arterial de Bra\u00e7o M7 IT Omron - Mais que Cuidar","description":"Descubra o medidor de tens\u00e3o arterial de bra\u00e7o digital M7 IT da OMRON para controlar a press\u00e3o arterial. Confira o pre\u00e7o!","robots":{"index":"index","follow":"follow","max-snippet":"max-snippet:-1","max-image-preview":"max-image-preview:large","max-video-preview":"max-video-preview:-1"},"canonical":"https:\/\/www.maisquecuidar.com\/loja\/produtos-saude\/medidores-tensao-arterial\/medidor-tensao-arterial-m7-it-omron","og_locale":"pt_PT","og_type":"article","og_title":"Medidor de Tens\u00e3o Arterial de Bra\u00e7o M7 IT Omron - Mais que Cuidar","og_description":"Descubra o medidor de tens\u00e3o arterial de bra\u00e7o digital M7 IT da OMRON para controlar a press\u00e3o arterial. Confira o pre\u00e7o!","og_url":"https:\/\/www.maisquecuidar.com\/loja\/produtos-saude\/medidores-tensao-arterial\/medidor-tensao-arterial-m7-it-omron","og_site_name":"Mais que Cuidar","article_publisher":"https:\/\/www.facebook.com\/maisquecuidar.pt","article_modified_time":"2025-09-15T19:11:33+00:00","og_image":[{"width":1280,"height":800,"url":"https:\/\/img.maisquecuidar.com\/loja\/wp-content\/uploads\/2019\/12\/medidor-tensao-braco-M7-omron.png","type":"image\/png"}],"twitter_misc":{"Tempo estimado de leitura":"2 minutos"},"schema":{"@context":"https:\/\/schema.org","@graph":[{"@type":"WebPage","@id":"https:\/\/www.maisquecuidar.com\/loja\/produtos-saude\/medidores-tensao-arterial\/medidor-tensao-arterial-m7-it-omron","url":"https:\/\/www.maisquecuidar.com\/loja\/produtos-saude\/medidores-tensao-arterial\/medidor-tensao-arterial-m7-it-omron","name":"Medidor de Tens\u00e3o Arterial de Bra\u00e7o M7 IT Omron - Mais que Cuidar","isPartOf":{"@id":"https:\/\/www.maisquecuidar.com\/loja\/#website"},"primaryImageOfPage":{"@id":"https:\/\/www.maisquecuidar.com\/loja\/produtos-saude\/medidores-tensao-arterial\/medidor-tensao-arterial-m7-it-omron#primaryimage"},"image":{"@id":"https:\/\/www.maisquecuidar.com\/loja\/produtos-saude\/medidores-tensao-arterial\/medidor-tensao-arterial-m7-it-omron#primaryimage"},"thumbnailUrl":"https:\/\/img.maisquecuidar.com\/loja\/wp-content\/uploads\/2019\/12\/medidor-tensao-braco-M7-omron.png","datePublished":"2019-12-16T11:33:39+00:00","dateModified":"2025-09-15T19:11:33+00:00","description":"Descubra o medidor de tens\u00e3o arterial de bra\u00e7o digital M7 IT da OMRON para controlar a press\u00e3o arterial. Confira o pre\u00e7o!","breadcrumb":{"@id":"https:\/\/www.maisquecuidar.com\/loja\/produtos-saude\/medidores-tensao-arterial\/medidor-tensao-arterial-m7-it-omron#breadcrumb"},"inLanguage":"pt-PT","potentialAction":[{"@type":"ReadAction","target":["https:\/\/www.maisquecuidar.com\/loja\/produtos-saude\/medidores-tensao-arterial\/medidor-tensao-arterial-m7-it-omron"]}]},{"@type":"ImageObject","inLanguage":"pt-PT","@id":"https:\/\/www.maisquecuidar.com\/loja\/produtos-saude\/medidores-tensao-arterial\/medidor-tensao-arterial-m7-it-omron#primaryimage","url":"https:\/\/img.maisquecuidar.com\/loja\/wp-content\/uploads\/2019\/12\/medidor-tensao-braco-M7-omron.png","contentUrl":"https:\/\/img.maisquecuidar.com\/loja\/wp-content\/uploads\/2019\/12\/medidor-tensao-braco-M7-omron.png","width":1280,"height":800,"caption":"Medidor de tens\u00e3o arterial de bra\u00e7o M7 da Omron"},{"@type":"BreadcrumbList","@id":"https:\/\/www.maisquecuidar.com\/loja\/produtos-saude\/medidores-tensao-arterial\/medidor-tensao-arterial-m7-it-omron#breadcrumb","itemListElement":[{"@type":"ListItem","position":1,"name":"Home","item":"https:\/\/www.maisquecuidar.com\/loja\/"},{"@type":"ListItem","position":2,"name":"Loja Online de Ortopedia e Geriatria em Portugal","item":"https:\/\/www.maisquecuidar.com\/loja\/loja"},{"@type":"ListItem","position":3,"name":"Produtos de Sa\u00fade","item":"https:\/\/www.maisquecuidar.com\/loja\/produtos-saude"},{"@type":"ListItem","position":4,"name":"Medidores de Tens\u00e3o Arterial","item":"https:\/\/www.maisquecuidar.com\/loja\/produtos-saude\/medidores-tensao-arterial"},{"@type":"ListItem","position":5,"name":"Medidor de Tens\u00e3o Arterial de Bra\u00e7o M7 IT Omron"}]},{"@type":"WebSite","@id":"https:\/\/www.maisquecuidar.com\/loja\/#website","url":"https:\/\/www.maisquecuidar.com\/loja\/","name":"Mais que Cuidar","description":"Sa\u00fade, Ortopedia e Geriatria","publisher":{"@id":"https:\/\/www.maisquecuidar.com\/loja\/#organization"},"potentialAction":[{"@type":"SearchAction","target":{"@type":"EntryPoint","urlTemplate":"https:\/\/www.maisquecuidar.com\/loja\/?s={search_term_string}"},"query-input":{"@type":"PropertyValueSpecification","valueRequired":true,"valueName":"search_term_string"}}],"inLanguage":"pt-PT"},{"@type":"Organization","@id":"https:\/\/www.maisquecuidar.com\/loja\/#organization","name":"Mais Que Cuidar","url":"https:\/\/www.maisquecuidar.com\/loja\/","logo":{"@type":"ImageObject","inLanguage":"pt-PT","@id":"https:\/\/www.maisquecuidar.com\/loja\/#\/schema\/logo\/image\/","url":"https:\/\/img.maisquecuidar.com\/loja\/wp-content\/uploads\/2019\/08\/logo-mais-que-cuidar-retina.png","contentUrl":"https:\/\/img.maisquecuidar.com\/loja\/wp-content\/uploads\/2019\/08\/logo-mais-que-cuidar-retina.png","width":565,"height":75,"caption":"Mais Que Cuidar"},"image":{"@id":"https:\/\/www.maisquecuidar.com\/loja\/#\/schema\/logo\/image\/"},"sameAs":["https:\/\/www.facebook.com\/maisquecuidar.pt","https:\/\/www.instagram.com\/maisquecuidar"]}]}},"_links":{"self":[{"href":"https:\/\/www.maisquecuidar.com\/loja\/wp-json\/wp\/v2\/product\/11432","targetHints":{"allow":["GET"]}}],"collection":[{"href":"https:\/\/www.maisquecuidar.com\/loja\/wp-json\/wp\/v2\/product"}],"about":[{"href":"https:\/\/www.maisquecuidar.com\/loja\/wp-json\/wp\/v2\/types\/product"}],"wp:featuredmedia":[{"embeddable":true,"href":"https:\/\/www.maisquecuidar.com\/loja\/wp-json\/wp\/v2\/media\/14913"}],"wp:attachment":[{"href":"https:\/\/www.maisquecuidar.com\/loja\/wp-json\/wp\/v2\/media?parent=11432"}],"wp:term":[{"taxonomy":"product_brand","embeddable":true,"href":"https:\/\/www.maisquecuidar.com\/loja\/wp-json\/wp\/v2\/product_brand?post=11432"},{"taxonomy":"product_cat","embeddable":true,"href":"https:\/\/www.maisquecuidar.com\/loja\/wp-json\/wp\/v2\/product_cat?post=11432"},{"taxonomy":"product_tag","embeddable":true,"href":"https:\/\/www.maisquecuidar.com\/loja\/wp-json\/wp\/v2\/product_tag?post=11432"}],"curies":[{"name":"wp","href":"https:\/\/api.w.org\/{rel}","templated":true}]}}