{"id":10866,"date":"2019-11-26T18:20:55","date_gmt":"2019-11-26T18:20:55","guid":{"rendered":"https:\/\/www.maisquecuidar.com\/loja\/?post_type=product&#038;p=10866"},"modified":"2025-09-15T20:11:35","modified_gmt":"2025-09-15T19:11:35","slug":"calcanheira-silicone-esporao-descarga-central","status":"publish","type":"product","link":"https:\/\/www.maisquecuidar.com\/loja\/produtos-ortopedicos-ortoteses\/ortoteses-membros-inferiores\/calcanheira-silicone-esporao-descarga-central","title":{"rendered":"Calcanheira em Silicone para Espor\u00e3o Descarga Central"},"content":{"rendered":"<p>As calcanheiras para espor\u00e3o descarga central s\u00e3o fabricadas em silicone que pelas suas propriedades viscoel\u00e1sticas ajuda a amortecer os pontos de carga tanto em marcha como em repouso. Possui uma zona circular de consist\u00eancia mais suave na parte posterior (zona azul).<\/p>\n<h3>Indica\u00e7\u00f5es<\/h3>\n<ul>\n<li>Patologias do espor\u00e3o do calc\u00e2neo central<\/li>\n<li>Bursites do calcanhar<\/li>\n<li>Absor\u00e7\u00e3o de impactos<\/li>\n<\/ul>\n<h3>Benef\u00edcios<\/h3>\n<p>Absorvem impactos recebidos durante a marcha de tornozelos, joelhos, ancas, especialmente em condi\u00e7\u00f5es de excesso de carga.<\/p>\n<h3>Tamanhos<\/h3>\n<p><img decoding=\"async\" class=\"alignnone size-full wp-image-15091 lazyload\" data-src=\"https:\/\/img.maisquecuidar.com\/loja\/wp-content\/uploads\/2019\/11\/tamanhos-calcanheira-silicone-descarga-central.png\" alt=\"Tamanhos da calcanheira de silicone para descarga central\" width=\"405\" height=\"107\" data-srcset=\"https:\/\/img.maisquecuidar.com\/loja\/wp-content\/uploads\/2019\/11\/tamanhos-calcanheira-silicone-descarga-central.png 405w, https:\/\/img.maisquecuidar.com\/loja\/wp-content\/uploads\/2019\/11\/tamanhos-calcanheira-silicone-descarga-central-380x100.png 380w, https:\/\/img.maisquecuidar.com\/loja\/wp-content\/uploads\/2019\/11\/tamanhos-calcanheira-silicone-descarga-central-350x92.png 350w\" data-sizes=\"(max-width: 405px) 100vw, 405px\" src=\"data:image\/svg+xml;base64,PHN2ZyB3aWR0aD0iMSIgaGVpZ2h0PSIxIiB4bWxucz0iaHR0cDovL3d3dy53My5vcmcvMjAwMC9zdmciPjwvc3ZnPg==\" style=\"--smush-placeholder-width: 405px; --smush-placeholder-aspect-ratio: 405\/107;\" \/><\/p>\n","protected":false},"excerpt":{"rendered":"<p>As calcanheiras para espor\u00e3o descarga central s\u00e3o fabricadas em silicone que pelas suas propriedades viscoel\u00e1sticas ajuda a amortecer os pontos de carga tanto em marcha como em repouso. Possui uma zona circular de consist\u00eancia mais suave na parte posterior (zona azul). Indica\u00e7\u00f5es Patologias do espor\u00e3o do calc\u00e2neo central Bursites do calcanhar Absor\u00e7\u00e3o de impactos Benef\u00edcios&hellip;&nbsp;<a href=\"https:\/\/www.maisquecuidar.com\/loja\/produtos-ortopedicos-ortoteses\/ortoteses-membros-inferiores\/calcanheira-silicone-esporao-descarga-central\" rel=\"bookmark\">Ler mais &raquo;<span class=\"screen-reader-text\">Calcanheira em Silicone para Espor\u00e3o Descarga Central<\/span><\/a><\/p>\n","protected":false},"featured_media":15092,"template":"","meta":{"_acf_changed":false,"neve_meta_sidebar":"","neve_meta_container":"","neve_meta_enable_content_width":"","neve_meta_content_width":0,"neve_meta_title_alignment":"","neve_meta_author_avatar":"","neve_post_elements_order":"","neve_meta_disable_header":"","neve_meta_disable_footer":"","neve_meta_disable_title":""},"product_brand":[],"product_cat":[476],"product_tag":[],"class_list":{"0":"post-10866","1":"product","2":"type-product","3":"status-publish","4":"has-post-thumbnail","6":"product_cat-ortoteses-membros-inferiores","8":"first","9":"instock","10":"taxable","11":"shipping-taxable","12":"purchasable","13":"product-type-variable"},"acf":[],"yoast_head":"<!-- This site is optimized with the Yoast SEO plugin v27.4 - https:\/\/yoast.com\/product\/yoast-seo-wordpress\/ -->\n<title>Calcanheira em Silicone para Espor\u00e3o Descarga Central<\/title>\n<meta name=\"description\" content=\"Conhe\u00e7a as caracter\u00edsticas, os benef\u00edcios, as indica\u00e7\u00f5es e o pre\u00e7o da calcanheira em silicone para espor\u00e3o descarga central. Confira!\" \/>\n<meta name=\"robots\" content=\"index, follow, max-snippet:-1, max-image-preview:large, max-video-preview:-1\" \/>\n<link rel=\"canonical\" href=\"https:\/\/www.maisquecuidar.com\/loja\/produtos-ortopedicos-ortoteses\/ortoteses-membros-inferiores\/calcanheira-silicone-esporao-descarga-central\" \/>\n<meta property=\"og:locale\" content=\"pt_PT\" \/>\n<meta property=\"og:type\" content=\"article\" \/>\n<meta property=\"og:title\" content=\"Calcanheira em Silicone para Espor\u00e3o Descarga Central\" \/>\n<meta property=\"og:description\" content=\"Conhe\u00e7a as caracter\u00edsticas, os benef\u00edcios, as indica\u00e7\u00f5es e o pre\u00e7o da calcanheira em silicone para espor\u00e3o descarga central. Confira!\" \/>\n<meta property=\"og:url\" content=\"https:\/\/www.maisquecuidar.com\/loja\/produtos-ortopedicos-ortoteses\/ortoteses-membros-inferiores\/calcanheira-silicone-esporao-descarga-central\" \/>\n<meta property=\"og:site_name\" content=\"Mais que Cuidar\" \/>\n<meta property=\"article:publisher\" content=\"https:\/\/www.facebook.com\/maisquecuidar.pt\" \/>\n<meta property=\"article:modified_time\" content=\"2025-09-15T19:11:35+00:00\" \/>\n<meta property=\"og:image\" content=\"https:\/\/img.maisquecuidar.com\/loja\/wp-content\/uploads\/2019\/11\/calcanheira-silicone-esporao-descarga-central.png\" \/>\n\t<meta property=\"og:image:width\" content=\"1280\" \/>\n\t<meta property=\"og:image:height\" content=\"800\" \/>\n\t<meta property=\"og:image:type\" content=\"image\/png\" \/>\n<meta name=\"twitter:label1\" content=\"Tempo estimado de leitura\" \/>\n\t<meta name=\"twitter:data1\" content=\"1 minuto\" \/>\n<script type=\"application\/ld+json\" class=\"yoast-schema-graph\">{\"@context\":\"https:\\\/\\\/schema.org\",\"@graph\":[{\"@type\":\"WebPage\",\"@id\":\"https:\\\/\\\/www.maisquecuidar.com\\\/loja\\\/produtos-ortopedicos-ortoteses\\\/ortoteses-membros-inferiores\\\/calcanheira-silicone-esporao-descarga-central\",\"url\":\"https:\\\/\\\/www.maisquecuidar.com\\\/loja\\\/produtos-ortopedicos-ortoteses\\\/ortoteses-membros-inferiores\\\/calcanheira-silicone-esporao-descarga-central\",\"name\":\"Calcanheira em Silicone para Espor\u00e3o Descarga Central\",\"isPartOf\":{\"@id\":\"https:\\\/\\\/www.maisquecuidar.com\\\/loja\\\/#website\"},\"primaryImageOfPage\":{\"@id\":\"https:\\\/\\\/www.maisquecuidar.com\\\/loja\\\/produtos-ortopedicos-ortoteses\\\/ortoteses-membros-inferiores\\\/calcanheira-silicone-esporao-descarga-central#primaryimage\"},\"image\":{\"@id\":\"https:\\\/\\\/www.maisquecuidar.com\\\/loja\\\/produtos-ortopedicos-ortoteses\\\/ortoteses-membros-inferiores\\\/calcanheira-silicone-esporao-descarga-central#primaryimage\"},\"thumbnailUrl\":\"https:\\\/\\\/img.maisquecuidar.com\\\/loja\\\/wp-content\\\/uploads\\\/2019\\\/11\\\/calcanheira-silicone-esporao-descarga-central.png\",\"datePublished\":\"2019-11-26T18:20:55+00:00\",\"dateModified\":\"2025-09-15T19:11:35+00:00\",\"description\":\"Conhe\u00e7a as caracter\u00edsticas, os benef\u00edcios, as indica\u00e7\u00f5es e o pre\u00e7o da calcanheira em silicone para espor\u00e3o descarga central. Confira!\",\"breadcrumb\":{\"@id\":\"https:\\\/\\\/www.maisquecuidar.com\\\/loja\\\/produtos-ortopedicos-ortoteses\\\/ortoteses-membros-inferiores\\\/calcanheira-silicone-esporao-descarga-central#breadcrumb\"},\"inLanguage\":\"pt-PT\",\"potentialAction\":[{\"@type\":\"ReadAction\",\"target\":[\"https:\\\/\\\/www.maisquecuidar.com\\\/loja\\\/produtos-ortopedicos-ortoteses\\\/ortoteses-membros-inferiores\\\/calcanheira-silicone-esporao-descarga-central\"]}]},{\"@type\":\"ImageObject\",\"inLanguage\":\"pt-PT\",\"@id\":\"https:\\\/\\\/www.maisquecuidar.com\\\/loja\\\/produtos-ortopedicos-ortoteses\\\/ortoteses-membros-inferiores\\\/calcanheira-silicone-esporao-descarga-central#primaryimage\",\"url\":\"https:\\\/\\\/img.maisquecuidar.com\\\/loja\\\/wp-content\\\/uploads\\\/2019\\\/11\\\/calcanheira-silicone-esporao-descarga-central.png\",\"contentUrl\":\"https:\\\/\\\/img.maisquecuidar.com\\\/loja\\\/wp-content\\\/uploads\\\/2019\\\/11\\\/calcanheira-silicone-esporao-descarga-central.png\",\"width\":1280,\"height\":800},{\"@type\":\"BreadcrumbList\",\"@id\":\"https:\\\/\\\/www.maisquecuidar.com\\\/loja\\\/produtos-ortopedicos-ortoteses\\\/ortoteses-membros-inferiores\\\/calcanheira-silicone-esporao-descarga-central#breadcrumb\",\"itemListElement\":[{\"@type\":\"ListItem\",\"position\":1,\"name\":\"Home\",\"item\":\"https:\\\/\\\/www.maisquecuidar.com\\\/loja\\\/\"},{\"@type\":\"ListItem\",\"position\":2,\"name\":\"Loja Online de Ortopedia e Geriatria em Portugal\",\"item\":\"https:\\\/\\\/www.maisquecuidar.com\\\/loja\\\/loja\"},{\"@type\":\"ListItem\",\"position\":3,\"name\":\"Produtos Ortop\u00e9dicos - Ort\u00f3teses\",\"item\":\"https:\\\/\\\/www.maisquecuidar.com\\\/loja\\\/produtos-ortopedicos-ortoteses\"},{\"@type\":\"ListItem\",\"position\":4,\"name\":\"Ort\u00f3teses dos Membros Inferiores\",\"item\":\"https:\\\/\\\/www.maisquecuidar.com\\\/loja\\\/produtos-ortopedicos-ortoteses\\\/ortoteses-membros-inferiores\"},{\"@type\":\"ListItem\",\"position\":5,\"name\":\"Calcanheira em Silicone para Espor\u00e3o Descarga Central\"}]},{\"@type\":\"WebSite\",\"@id\":\"https:\\\/\\\/www.maisquecuidar.com\\\/loja\\\/#website\",\"url\":\"https:\\\/\\\/www.maisquecuidar.com\\\/loja\\\/\",\"name\":\"Mais que Cuidar\",\"description\":\"Sa\u00fade, Ortopedia e Geriatria\",\"publisher\":{\"@id\":\"https:\\\/\\\/www.maisquecuidar.com\\\/loja\\\/#organization\"},\"potentialAction\":[{\"@type\":\"SearchAction\",\"target\":{\"@type\":\"EntryPoint\",\"urlTemplate\":\"https:\\\/\\\/www.maisquecuidar.com\\\/loja\\\/?s={search_term_string}\"},\"query-input\":{\"@type\":\"PropertyValueSpecification\",\"valueRequired\":true,\"valueName\":\"search_term_string\"}}],\"inLanguage\":\"pt-PT\"},{\"@type\":\"Organization\",\"@id\":\"https:\\\/\\\/www.maisquecuidar.com\\\/loja\\\/#organization\",\"name\":\"Mais Que Cuidar\",\"url\":\"https:\\\/\\\/www.maisquecuidar.com\\\/loja\\\/\",\"logo\":{\"@type\":\"ImageObject\",\"inLanguage\":\"pt-PT\",\"@id\":\"https:\\\/\\\/www.maisquecuidar.com\\\/loja\\\/#\\\/schema\\\/logo\\\/image\\\/\",\"url\":\"https:\\\/\\\/img.maisquecuidar.com\\\/loja\\\/wp-content\\\/uploads\\\/2019\\\/08\\\/logo-mais-que-cuidar-retina.png\",\"contentUrl\":\"https:\\\/\\\/img.maisquecuidar.com\\\/loja\\\/wp-content\\\/uploads\\\/2019\\\/08\\\/logo-mais-que-cuidar-retina.png\",\"width\":565,\"height\":75,\"caption\":\"Mais Que Cuidar\"},\"image\":{\"@id\":\"https:\\\/\\\/www.maisquecuidar.com\\\/loja\\\/#\\\/schema\\\/logo\\\/image\\\/\"},\"sameAs\":[\"https:\\\/\\\/www.facebook.com\\\/maisquecuidar.pt\",\"https:\\\/\\\/www.instagram.com\\\/maisquecuidar\"]}]}<\/script>\n<!-- \/ Yoast SEO plugin. -->","yoast_head_json":{"title":"Calcanheira em Silicone para Espor\u00e3o Descarga Central","description":"Conhe\u00e7a as caracter\u00edsticas, os benef\u00edcios, as indica\u00e7\u00f5es e o pre\u00e7o da calcanheira em silicone para espor\u00e3o descarga central. Confira!","robots":{"index":"index","follow":"follow","max-snippet":"max-snippet:-1","max-image-preview":"max-image-preview:large","max-video-preview":"max-video-preview:-1"},"canonical":"https:\/\/www.maisquecuidar.com\/loja\/produtos-ortopedicos-ortoteses\/ortoteses-membros-inferiores\/calcanheira-silicone-esporao-descarga-central","og_locale":"pt_PT","og_type":"article","og_title":"Calcanheira em Silicone para Espor\u00e3o Descarga Central","og_description":"Conhe\u00e7a as caracter\u00edsticas, os benef\u00edcios, as indica\u00e7\u00f5es e o pre\u00e7o da calcanheira em silicone para espor\u00e3o descarga central. Confira!","og_url":"https:\/\/www.maisquecuidar.com\/loja\/produtos-ortopedicos-ortoteses\/ortoteses-membros-inferiores\/calcanheira-silicone-esporao-descarga-central","og_site_name":"Mais que Cuidar","article_publisher":"https:\/\/www.facebook.com\/maisquecuidar.pt","article_modified_time":"2025-09-15T19:11:35+00:00","og_image":[{"width":1280,"height":800,"url":"https:\/\/img.maisquecuidar.com\/loja\/wp-content\/uploads\/2019\/11\/calcanheira-silicone-esporao-descarga-central.png","type":"image\/png"}],"twitter_misc":{"Tempo estimado de leitura":"1 minuto"},"schema":{"@context":"https:\/\/schema.org","@graph":[{"@type":"WebPage","@id":"https:\/\/www.maisquecuidar.com\/loja\/produtos-ortopedicos-ortoteses\/ortoteses-membros-inferiores\/calcanheira-silicone-esporao-descarga-central","url":"https:\/\/www.maisquecuidar.com\/loja\/produtos-ortopedicos-ortoteses\/ortoteses-membros-inferiores\/calcanheira-silicone-esporao-descarga-central","name":"Calcanheira em Silicone para Espor\u00e3o Descarga Central","isPartOf":{"@id":"https:\/\/www.maisquecuidar.com\/loja\/#website"},"primaryImageOfPage":{"@id":"https:\/\/www.maisquecuidar.com\/loja\/produtos-ortopedicos-ortoteses\/ortoteses-membros-inferiores\/calcanheira-silicone-esporao-descarga-central#primaryimage"},"image":{"@id":"https:\/\/www.maisquecuidar.com\/loja\/produtos-ortopedicos-ortoteses\/ortoteses-membros-inferiores\/calcanheira-silicone-esporao-descarga-central#primaryimage"},"thumbnailUrl":"https:\/\/img.maisquecuidar.com\/loja\/wp-content\/uploads\/2019\/11\/calcanheira-silicone-esporao-descarga-central.png","datePublished":"2019-11-26T18:20:55+00:00","dateModified":"2025-09-15T19:11:35+00:00","description":"Conhe\u00e7a as caracter\u00edsticas, os benef\u00edcios, as indica\u00e7\u00f5es e o pre\u00e7o da calcanheira em silicone para espor\u00e3o descarga central. Confira!","breadcrumb":{"@id":"https:\/\/www.maisquecuidar.com\/loja\/produtos-ortopedicos-ortoteses\/ortoteses-membros-inferiores\/calcanheira-silicone-esporao-descarga-central#breadcrumb"},"inLanguage":"pt-PT","potentialAction":[{"@type":"ReadAction","target":["https:\/\/www.maisquecuidar.com\/loja\/produtos-ortopedicos-ortoteses\/ortoteses-membros-inferiores\/calcanheira-silicone-esporao-descarga-central"]}]},{"@type":"ImageObject","inLanguage":"pt-PT","@id":"https:\/\/www.maisquecuidar.com\/loja\/produtos-ortopedicos-ortoteses\/ortoteses-membros-inferiores\/calcanheira-silicone-esporao-descarga-central#primaryimage","url":"https:\/\/img.maisquecuidar.com\/loja\/wp-content\/uploads\/2019\/11\/calcanheira-silicone-esporao-descarga-central.png","contentUrl":"https:\/\/img.maisquecuidar.com\/loja\/wp-content\/uploads\/2019\/11\/calcanheira-silicone-esporao-descarga-central.png","width":1280,"height":800},{"@type":"BreadcrumbList","@id":"https:\/\/www.maisquecuidar.com\/loja\/produtos-ortopedicos-ortoteses\/ortoteses-membros-inferiores\/calcanheira-silicone-esporao-descarga-central#breadcrumb","itemListElement":[{"@type":"ListItem","position":1,"name":"Home","item":"https:\/\/www.maisquecuidar.com\/loja\/"},{"@type":"ListItem","position":2,"name":"Loja Online de Ortopedia e Geriatria em Portugal","item":"https:\/\/www.maisquecuidar.com\/loja\/loja"},{"@type":"ListItem","position":3,"name":"Produtos Ortop\u00e9dicos - Ort\u00f3teses","item":"https:\/\/www.maisquecuidar.com\/loja\/produtos-ortopedicos-ortoteses"},{"@type":"ListItem","position":4,"name":"Ort\u00f3teses dos Membros Inferiores","item":"https:\/\/www.maisquecuidar.com\/loja\/produtos-ortopedicos-ortoteses\/ortoteses-membros-inferiores"},{"@type":"ListItem","position":5,"name":"Calcanheira em Silicone para Espor\u00e3o Descarga Central"}]},{"@type":"WebSite","@id":"https:\/\/www.maisquecuidar.com\/loja\/#website","url":"https:\/\/www.maisquecuidar.com\/loja\/","name":"Mais que Cuidar","description":"Sa\u00fade, Ortopedia e Geriatria","publisher":{"@id":"https:\/\/www.maisquecuidar.com\/loja\/#organization"},"potentialAction":[{"@type":"SearchAction","target":{"@type":"EntryPoint","urlTemplate":"https:\/\/www.maisquecuidar.com\/loja\/?s={search_term_string}"},"query-input":{"@type":"PropertyValueSpecification","valueRequired":true,"valueName":"search_term_string"}}],"inLanguage":"pt-PT"},{"@type":"Organization","@id":"https:\/\/www.maisquecuidar.com\/loja\/#organization","name":"Mais Que Cuidar","url":"https:\/\/www.maisquecuidar.com\/loja\/","logo":{"@type":"ImageObject","inLanguage":"pt-PT","@id":"https:\/\/www.maisquecuidar.com\/loja\/#\/schema\/logo\/image\/","url":"https:\/\/img.maisquecuidar.com\/loja\/wp-content\/uploads\/2019\/08\/logo-mais-que-cuidar-retina.png","contentUrl":"https:\/\/img.maisquecuidar.com\/loja\/wp-content\/uploads\/2019\/08\/logo-mais-que-cuidar-retina.png","width":565,"height":75,"caption":"Mais Que Cuidar"},"image":{"@id":"https:\/\/www.maisquecuidar.com\/loja\/#\/schema\/logo\/image\/"},"sameAs":["https:\/\/www.facebook.com\/maisquecuidar.pt","https:\/\/www.instagram.com\/maisquecuidar"]}]}},"_links":{"self":[{"href":"https:\/\/www.maisquecuidar.com\/loja\/wp-json\/wp\/v2\/product\/10866","targetHints":{"allow":["GET"]}}],"collection":[{"href":"https:\/\/www.maisquecuidar.com\/loja\/wp-json\/wp\/v2\/product"}],"about":[{"href":"https:\/\/www.maisquecuidar.com\/loja\/wp-json\/wp\/v2\/types\/product"}],"wp:featuredmedia":[{"embeddable":true,"href":"https:\/\/www.maisquecuidar.com\/loja\/wp-json\/wp\/v2\/media\/15092"}],"wp:attachment":[{"href":"https:\/\/www.maisquecuidar.com\/loja\/wp-json\/wp\/v2\/media?parent=10866"}],"wp:term":[{"taxonomy":"product_brand","embeddable":true,"href":"https:\/\/www.maisquecuidar.com\/loja\/wp-json\/wp\/v2\/product_brand?post=10866"},{"taxonomy":"product_cat","embeddable":true,"href":"https:\/\/www.maisquecuidar.com\/loja\/wp-json\/wp\/v2\/product_cat?post=10866"},{"taxonomy":"product_tag","embeddable":true,"href":"https:\/\/www.maisquecuidar.com\/loja\/wp-json\/wp\/v2\/product_tag?post=10866"}],"curies":[{"name":"wp","href":"https:\/\/api.w.org\/{rel}","templated":true}]}}