{"id":10849,"date":"2019-11-26T16:59:50","date_gmt":"2019-11-26T16:59:50","guid":{"rendered":"https:\/\/www.maisquecuidar.com\/loja\/?post_type=product&#038;p=10849"},"modified":"2025-10-01T18:33:14","modified_gmt":"2025-10-01T17:33:14","slug":"palmilha-em-silicone-com-apoio-retrocapital","status":"publish","type":"product","link":"https:\/\/www.maisquecuidar.com\/loja\/produtos-ortopedicos-ortoteses\/ortoteses-membros-inferiores\/palmilha-em-silicone-com-apoio-retrocapital","title":{"rendered":"Palmilha em Silicone com Apoio Retrocapital"},"content":{"rendered":"<p>As palmilhas com apoio retrocapital s\u00e3o fabricadas em silicone viscoel\u00e1stico, com apoio metat\u00e1rsico, densidades diferentes que amortecem os pontos de carga, tanto na posi\u00e7\u00e3o de marcha ou parado.<\/p>\n<h3><strong>Indica\u00e7\u00f5es<\/strong><\/h3>\n<ul>\n<li>Talalgias<\/li>\n<li>Bursites<\/li>\n<li>Metatarsalgias<\/li>\n<li>Espor\u00e3o do Calc\u00e2neo<\/li>\n<li>Fascites Plantares<\/li>\n<li>P\u00e9s doridos, cansados e ap\u00f3s cirurgia<\/li>\n<li>Pr\u00e1tica desportiva<\/li>\n<li><strong><em>N\u00e3o aconselh\u00e1vel a diab\u00e9ticos.<\/em><\/strong><\/li>\n<\/ul>\n<h3><strong>Benef\u00edcios<\/strong><\/h3>\n<p>Devido \u00e0s propriedades viscoel\u00e1sticas do silicone amortece tanto nos pontos de carga durante a marcha como em posi\u00e7\u00e3o est\u00e1tica. As suas densidades (zonas azuis s\u00e3o mais macias que o resto da palmilha) proporcionam um al\u00edvio da press\u00e3o, adaptando-se \u00e0 anatomia do p\u00e9.<\/p>\n<p><strong>* O pre\u00e7o apresentado \u00e9 referente a 1 par de palmilhas.<\/strong><\/p>\n<h3>Tamanhos<\/h3>\n<p><img fetchpriority=\"high\" decoding=\"async\" class=\"alignnone size-full wp-image-15094\" src=\"https:\/\/img.maisquecuidar.com\/loja\/wp-content\/uploads\/2019\/11\/tamanhos-palmilha-silicone-apoio-retrocapital.png\" alt=\"Tamanhos da palmilha em silicone com apoio retrocapital\" width=\"606\" height=\"110\" srcset=\"https:\/\/img.maisquecuidar.com\/loja\/wp-content\/uploads\/2019\/11\/tamanhos-palmilha-silicone-apoio-retrocapital.png 606w, https:\/\/img.maisquecuidar.com\/loja\/wp-content\/uploads\/2019\/11\/tamanhos-palmilha-silicone-apoio-retrocapital-380x69.png 380w, https:\/\/img.maisquecuidar.com\/loja\/wp-content\/uploads\/2019\/11\/tamanhos-palmilha-silicone-apoio-retrocapital-350x64.png 350w\" sizes=\"(max-width: 606px) 100vw, 606px\" \/><\/p>\n","protected":false},"excerpt":{"rendered":"<p>As palmilhas com apoio retrocapital s\u00e3o fabricadas em silicone viscoel\u00e1stico, com apoio metat\u00e1rsico, densidades diferentes que amortecem os pontos de carga, tanto na posi\u00e7\u00e3o de marcha ou parado. Indica\u00e7\u00f5es Talalgias Bursites Metatarsalgias Espor\u00e3o do Calc\u00e2neo Fascites Plantares P\u00e9s doridos, cansados e ap\u00f3s cirurgia Pr\u00e1tica desportiva N\u00e3o aconselh\u00e1vel a diab\u00e9ticos. Benef\u00edcios Devido \u00e0s propriedades viscoel\u00e1sticas do&hellip;&nbsp;<a href=\"https:\/\/www.maisquecuidar.com\/loja\/produtos-ortopedicos-ortoteses\/ortoteses-membros-inferiores\/palmilha-em-silicone-com-apoio-retrocapital\" rel=\"bookmark\">Ler mais &raquo;<span class=\"screen-reader-text\">Palmilha em Silicone com Apoio Retrocapital<\/span><\/a><\/p>\n","protected":false},"featured_media":15095,"template":"","meta":{"_acf_changed":false,"neve_meta_sidebar":"","neve_meta_container":"","neve_meta_enable_content_width":"","neve_meta_content_width":0,"neve_meta_title_alignment":"","neve_meta_author_avatar":"","neve_post_elements_order":"","neve_meta_disable_header":"","neve_meta_disable_footer":"","neve_meta_disable_title":""},"product_brand":[],"product_cat":[476],"product_tag":[],"class_list":{"0":"post-10849","1":"product","2":"type-product","3":"status-publish","4":"has-post-thumbnail","6":"product_cat-ortoteses-membros-inferiores","8":"first","9":"instock","10":"taxable","11":"shipping-taxable","12":"purchasable","13":"product-type-variable"},"acf":[],"yoast_head":"<!-- This site is optimized with the Yoast SEO plugin v27.4 - https:\/\/yoast.com\/product\/yoast-seo-wordpress\/ -->\n<title>Palmilha em Silicone com Apoio Retrocapital - Mais que Cuidar<\/title>\n<meta name=\"description\" content=\"Conhe\u00e7a as caracter\u00edsticas, as indica\u00e7\u00f5es, os benef\u00edcios e o pre\u00e7o da palmilha em silicone com apoio retrocapital. Confira!\" \/>\n<meta name=\"robots\" content=\"index, follow, max-snippet:-1, max-image-preview:large, max-video-preview:-1\" \/>\n<link rel=\"canonical\" href=\"https:\/\/www.maisquecuidar.com\/loja\/produtos-ortopedicos-ortoteses\/ortoteses-membros-inferiores\/palmilha-em-silicone-com-apoio-retrocapital\" \/>\n<meta property=\"og:locale\" content=\"pt_PT\" \/>\n<meta property=\"og:type\" content=\"article\" \/>\n<meta property=\"og:title\" content=\"Palmilha em Silicone com Apoio Retrocapital - Mais que Cuidar\" \/>\n<meta property=\"og:description\" content=\"Conhe\u00e7a as caracter\u00edsticas, as indica\u00e7\u00f5es, os benef\u00edcios e o pre\u00e7o da palmilha em silicone com apoio retrocapital. Confira!\" \/>\n<meta property=\"og:url\" content=\"https:\/\/www.maisquecuidar.com\/loja\/produtos-ortopedicos-ortoteses\/ortoteses-membros-inferiores\/palmilha-em-silicone-com-apoio-retrocapital\" \/>\n<meta property=\"og:site_name\" content=\"Mais que Cuidar\" \/>\n<meta property=\"article:publisher\" content=\"https:\/\/www.facebook.com\/maisquecuidar.pt\" \/>\n<meta property=\"article:modified_time\" content=\"2025-10-01T17:33:14+00:00\" \/>\n<meta property=\"og:image\" content=\"https:\/\/img.maisquecuidar.com\/loja\/wp-content\/uploads\/2019\/11\/palmilha-silicone-apoio-retrocapital.png\" \/>\n\t<meta property=\"og:image:width\" content=\"1280\" \/>\n\t<meta property=\"og:image:height\" content=\"800\" \/>\n\t<meta property=\"og:image:type\" content=\"image\/png\" \/>\n<meta name=\"twitter:label1\" content=\"Tempo estimado de leitura\" \/>\n\t<meta name=\"twitter:data1\" content=\"1 minuto\" \/>\n<script type=\"application\/ld+json\" class=\"yoast-schema-graph\">{\"@context\":\"https:\\\/\\\/schema.org\",\"@graph\":[{\"@type\":\"WebPage\",\"@id\":\"https:\\\/\\\/www.maisquecuidar.com\\\/loja\\\/produtos-ortopedicos-ortoteses\\\/ortoteses-membros-inferiores\\\/palmilha-em-silicone-com-apoio-retrocapital\",\"url\":\"https:\\\/\\\/www.maisquecuidar.com\\\/loja\\\/produtos-ortopedicos-ortoteses\\\/ortoteses-membros-inferiores\\\/palmilha-em-silicone-com-apoio-retrocapital\",\"name\":\"Palmilha em Silicone com Apoio Retrocapital - Mais que Cuidar\",\"isPartOf\":{\"@id\":\"https:\\\/\\\/www.maisquecuidar.com\\\/loja\\\/#website\"},\"primaryImageOfPage\":{\"@id\":\"https:\\\/\\\/www.maisquecuidar.com\\\/loja\\\/produtos-ortopedicos-ortoteses\\\/ortoteses-membros-inferiores\\\/palmilha-em-silicone-com-apoio-retrocapital#primaryimage\"},\"image\":{\"@id\":\"https:\\\/\\\/www.maisquecuidar.com\\\/loja\\\/produtos-ortopedicos-ortoteses\\\/ortoteses-membros-inferiores\\\/palmilha-em-silicone-com-apoio-retrocapital#primaryimage\"},\"thumbnailUrl\":\"https:\\\/\\\/img.maisquecuidar.com\\\/loja\\\/wp-content\\\/uploads\\\/2019\\\/11\\\/palmilha-silicone-apoio-retrocapital.png\",\"datePublished\":\"2019-11-26T16:59:50+00:00\",\"dateModified\":\"2025-10-01T17:33:14+00:00\",\"description\":\"Conhe\u00e7a as caracter\u00edsticas, as indica\u00e7\u00f5es, os benef\u00edcios e o pre\u00e7o da palmilha em silicone com apoio retrocapital. Confira!\",\"breadcrumb\":{\"@id\":\"https:\\\/\\\/www.maisquecuidar.com\\\/loja\\\/produtos-ortopedicos-ortoteses\\\/ortoteses-membros-inferiores\\\/palmilha-em-silicone-com-apoio-retrocapital#breadcrumb\"},\"inLanguage\":\"pt-PT\",\"potentialAction\":[{\"@type\":\"ReadAction\",\"target\":[\"https:\\\/\\\/www.maisquecuidar.com\\\/loja\\\/produtos-ortopedicos-ortoteses\\\/ortoteses-membros-inferiores\\\/palmilha-em-silicone-com-apoio-retrocapital\"]}]},{\"@type\":\"ImageObject\",\"inLanguage\":\"pt-PT\",\"@id\":\"https:\\\/\\\/www.maisquecuidar.com\\\/loja\\\/produtos-ortopedicos-ortoteses\\\/ortoteses-membros-inferiores\\\/palmilha-em-silicone-com-apoio-retrocapital#primaryimage\",\"url\":\"https:\\\/\\\/img.maisquecuidar.com\\\/loja\\\/wp-content\\\/uploads\\\/2019\\\/11\\\/palmilha-silicone-apoio-retrocapital.png\",\"contentUrl\":\"https:\\\/\\\/img.maisquecuidar.com\\\/loja\\\/wp-content\\\/uploads\\\/2019\\\/11\\\/palmilha-silicone-apoio-retrocapital.png\",\"width\":1280,\"height\":800},{\"@type\":\"BreadcrumbList\",\"@id\":\"https:\\\/\\\/www.maisquecuidar.com\\\/loja\\\/produtos-ortopedicos-ortoteses\\\/ortoteses-membros-inferiores\\\/palmilha-em-silicone-com-apoio-retrocapital#breadcrumb\",\"itemListElement\":[{\"@type\":\"ListItem\",\"position\":1,\"name\":\"Home\",\"item\":\"https:\\\/\\\/www.maisquecuidar.com\\\/loja\\\/\"},{\"@type\":\"ListItem\",\"position\":2,\"name\":\"Loja Online de Ortopedia e Geriatria em Portugal\",\"item\":\"https:\\\/\\\/www.maisquecuidar.com\\\/loja\\\/loja\"},{\"@type\":\"ListItem\",\"position\":3,\"name\":\"Produtos Ortop\u00e9dicos - Ort\u00f3teses\",\"item\":\"https:\\\/\\\/www.maisquecuidar.com\\\/loja\\\/produtos-ortopedicos-ortoteses\"},{\"@type\":\"ListItem\",\"position\":4,\"name\":\"Ort\u00f3teses dos Membros Inferiores\",\"item\":\"https:\\\/\\\/www.maisquecuidar.com\\\/loja\\\/produtos-ortopedicos-ortoteses\\\/ortoteses-membros-inferiores\"},{\"@type\":\"ListItem\",\"position\":5,\"name\":\"Palmilha em Silicone com Apoio Retrocapital\"}]},{\"@type\":\"WebSite\",\"@id\":\"https:\\\/\\\/www.maisquecuidar.com\\\/loja\\\/#website\",\"url\":\"https:\\\/\\\/www.maisquecuidar.com\\\/loja\\\/\",\"name\":\"Mais que Cuidar\",\"description\":\"Sa\u00fade, Ortopedia e Geriatria\",\"publisher\":{\"@id\":\"https:\\\/\\\/www.maisquecuidar.com\\\/loja\\\/#organization\"},\"potentialAction\":[{\"@type\":\"SearchAction\",\"target\":{\"@type\":\"EntryPoint\",\"urlTemplate\":\"https:\\\/\\\/www.maisquecuidar.com\\\/loja\\\/?s={search_term_string}\"},\"query-input\":{\"@type\":\"PropertyValueSpecification\",\"valueRequired\":true,\"valueName\":\"search_term_string\"}}],\"inLanguage\":\"pt-PT\"},{\"@type\":\"Organization\",\"@id\":\"https:\\\/\\\/www.maisquecuidar.com\\\/loja\\\/#organization\",\"name\":\"Mais Que Cuidar\",\"url\":\"https:\\\/\\\/www.maisquecuidar.com\\\/loja\\\/\",\"logo\":{\"@type\":\"ImageObject\",\"inLanguage\":\"pt-PT\",\"@id\":\"https:\\\/\\\/www.maisquecuidar.com\\\/loja\\\/#\\\/schema\\\/logo\\\/image\\\/\",\"url\":\"https:\\\/\\\/img.maisquecuidar.com\\\/loja\\\/wp-content\\\/uploads\\\/2019\\\/08\\\/logo-mais-que-cuidar-retina.png\",\"contentUrl\":\"https:\\\/\\\/img.maisquecuidar.com\\\/loja\\\/wp-content\\\/uploads\\\/2019\\\/08\\\/logo-mais-que-cuidar-retina.png\",\"width\":565,\"height\":75,\"caption\":\"Mais Que Cuidar\"},\"image\":{\"@id\":\"https:\\\/\\\/www.maisquecuidar.com\\\/loja\\\/#\\\/schema\\\/logo\\\/image\\\/\"},\"sameAs\":[\"https:\\\/\\\/www.facebook.com\\\/maisquecuidar.pt\",\"https:\\\/\\\/www.instagram.com\\\/maisquecuidar\"]}]}<\/script>\n<!-- \/ Yoast SEO plugin. -->","yoast_head_json":{"title":"Palmilha em Silicone com Apoio Retrocapital - Mais que Cuidar","description":"Conhe\u00e7a as caracter\u00edsticas, as indica\u00e7\u00f5es, os benef\u00edcios e o pre\u00e7o da palmilha em silicone com apoio retrocapital. Confira!","robots":{"index":"index","follow":"follow","max-snippet":"max-snippet:-1","max-image-preview":"max-image-preview:large","max-video-preview":"max-video-preview:-1"},"canonical":"https:\/\/www.maisquecuidar.com\/loja\/produtos-ortopedicos-ortoteses\/ortoteses-membros-inferiores\/palmilha-em-silicone-com-apoio-retrocapital","og_locale":"pt_PT","og_type":"article","og_title":"Palmilha em Silicone com Apoio Retrocapital - Mais que Cuidar","og_description":"Conhe\u00e7a as caracter\u00edsticas, as indica\u00e7\u00f5es, os benef\u00edcios e o pre\u00e7o da palmilha em silicone com apoio retrocapital. Confira!","og_url":"https:\/\/www.maisquecuidar.com\/loja\/produtos-ortopedicos-ortoteses\/ortoteses-membros-inferiores\/palmilha-em-silicone-com-apoio-retrocapital","og_site_name":"Mais que Cuidar","article_publisher":"https:\/\/www.facebook.com\/maisquecuidar.pt","article_modified_time":"2025-10-01T17:33:14+00:00","og_image":[{"width":1280,"height":800,"url":"https:\/\/img.maisquecuidar.com\/loja\/wp-content\/uploads\/2019\/11\/palmilha-silicone-apoio-retrocapital.png","type":"image\/png"}],"twitter_misc":{"Tempo estimado de leitura":"1 minuto"},"schema":{"@context":"https:\/\/schema.org","@graph":[{"@type":"WebPage","@id":"https:\/\/www.maisquecuidar.com\/loja\/produtos-ortopedicos-ortoteses\/ortoteses-membros-inferiores\/palmilha-em-silicone-com-apoio-retrocapital","url":"https:\/\/www.maisquecuidar.com\/loja\/produtos-ortopedicos-ortoteses\/ortoteses-membros-inferiores\/palmilha-em-silicone-com-apoio-retrocapital","name":"Palmilha em Silicone com Apoio Retrocapital - Mais que Cuidar","isPartOf":{"@id":"https:\/\/www.maisquecuidar.com\/loja\/#website"},"primaryImageOfPage":{"@id":"https:\/\/www.maisquecuidar.com\/loja\/produtos-ortopedicos-ortoteses\/ortoteses-membros-inferiores\/palmilha-em-silicone-com-apoio-retrocapital#primaryimage"},"image":{"@id":"https:\/\/www.maisquecuidar.com\/loja\/produtos-ortopedicos-ortoteses\/ortoteses-membros-inferiores\/palmilha-em-silicone-com-apoio-retrocapital#primaryimage"},"thumbnailUrl":"https:\/\/img.maisquecuidar.com\/loja\/wp-content\/uploads\/2019\/11\/palmilha-silicone-apoio-retrocapital.png","datePublished":"2019-11-26T16:59:50+00:00","dateModified":"2025-10-01T17:33:14+00:00","description":"Conhe\u00e7a as caracter\u00edsticas, as indica\u00e7\u00f5es, os benef\u00edcios e o pre\u00e7o da palmilha em silicone com apoio retrocapital. Confira!","breadcrumb":{"@id":"https:\/\/www.maisquecuidar.com\/loja\/produtos-ortopedicos-ortoteses\/ortoteses-membros-inferiores\/palmilha-em-silicone-com-apoio-retrocapital#breadcrumb"},"inLanguage":"pt-PT","potentialAction":[{"@type":"ReadAction","target":["https:\/\/www.maisquecuidar.com\/loja\/produtos-ortopedicos-ortoteses\/ortoteses-membros-inferiores\/palmilha-em-silicone-com-apoio-retrocapital"]}]},{"@type":"ImageObject","inLanguage":"pt-PT","@id":"https:\/\/www.maisquecuidar.com\/loja\/produtos-ortopedicos-ortoteses\/ortoteses-membros-inferiores\/palmilha-em-silicone-com-apoio-retrocapital#primaryimage","url":"https:\/\/img.maisquecuidar.com\/loja\/wp-content\/uploads\/2019\/11\/palmilha-silicone-apoio-retrocapital.png","contentUrl":"https:\/\/img.maisquecuidar.com\/loja\/wp-content\/uploads\/2019\/11\/palmilha-silicone-apoio-retrocapital.png","width":1280,"height":800},{"@type":"BreadcrumbList","@id":"https:\/\/www.maisquecuidar.com\/loja\/produtos-ortopedicos-ortoteses\/ortoteses-membros-inferiores\/palmilha-em-silicone-com-apoio-retrocapital#breadcrumb","itemListElement":[{"@type":"ListItem","position":1,"name":"Home","item":"https:\/\/www.maisquecuidar.com\/loja\/"},{"@type":"ListItem","position":2,"name":"Loja Online de Ortopedia e Geriatria em Portugal","item":"https:\/\/www.maisquecuidar.com\/loja\/loja"},{"@type":"ListItem","position":3,"name":"Produtos Ortop\u00e9dicos - Ort\u00f3teses","item":"https:\/\/www.maisquecuidar.com\/loja\/produtos-ortopedicos-ortoteses"},{"@type":"ListItem","position":4,"name":"Ort\u00f3teses dos Membros Inferiores","item":"https:\/\/www.maisquecuidar.com\/loja\/produtos-ortopedicos-ortoteses\/ortoteses-membros-inferiores"},{"@type":"ListItem","position":5,"name":"Palmilha em Silicone com Apoio Retrocapital"}]},{"@type":"WebSite","@id":"https:\/\/www.maisquecuidar.com\/loja\/#website","url":"https:\/\/www.maisquecuidar.com\/loja\/","name":"Mais que Cuidar","description":"Sa\u00fade, Ortopedia e Geriatria","publisher":{"@id":"https:\/\/www.maisquecuidar.com\/loja\/#organization"},"potentialAction":[{"@type":"SearchAction","target":{"@type":"EntryPoint","urlTemplate":"https:\/\/www.maisquecuidar.com\/loja\/?s={search_term_string}"},"query-input":{"@type":"PropertyValueSpecification","valueRequired":true,"valueName":"search_term_string"}}],"inLanguage":"pt-PT"},{"@type":"Organization","@id":"https:\/\/www.maisquecuidar.com\/loja\/#organization","name":"Mais Que Cuidar","url":"https:\/\/www.maisquecuidar.com\/loja\/","logo":{"@type":"ImageObject","inLanguage":"pt-PT","@id":"https:\/\/www.maisquecuidar.com\/loja\/#\/schema\/logo\/image\/","url":"https:\/\/img.maisquecuidar.com\/loja\/wp-content\/uploads\/2019\/08\/logo-mais-que-cuidar-retina.png","contentUrl":"https:\/\/img.maisquecuidar.com\/loja\/wp-content\/uploads\/2019\/08\/logo-mais-que-cuidar-retina.png","width":565,"height":75,"caption":"Mais Que Cuidar"},"image":{"@id":"https:\/\/www.maisquecuidar.com\/loja\/#\/schema\/logo\/image\/"},"sameAs":["https:\/\/www.facebook.com\/maisquecuidar.pt","https:\/\/www.instagram.com\/maisquecuidar"]}]}},"_links":{"self":[{"href":"https:\/\/www.maisquecuidar.com\/loja\/wp-json\/wp\/v2\/product\/10849","targetHints":{"allow":["GET"]}}],"collection":[{"href":"https:\/\/www.maisquecuidar.com\/loja\/wp-json\/wp\/v2\/product"}],"about":[{"href":"https:\/\/www.maisquecuidar.com\/loja\/wp-json\/wp\/v2\/types\/product"}],"wp:featuredmedia":[{"embeddable":true,"href":"https:\/\/www.maisquecuidar.com\/loja\/wp-json\/wp\/v2\/media\/15095"}],"wp:attachment":[{"href":"https:\/\/www.maisquecuidar.com\/loja\/wp-json\/wp\/v2\/media?parent=10849"}],"wp:term":[{"taxonomy":"product_brand","embeddable":true,"href":"https:\/\/www.maisquecuidar.com\/loja\/wp-json\/wp\/v2\/product_brand?post=10849"},{"taxonomy":"product_cat","embeddable":true,"href":"https:\/\/www.maisquecuidar.com\/loja\/wp-json\/wp\/v2\/product_cat?post=10849"},{"taxonomy":"product_tag","embeddable":true,"href":"https:\/\/www.maisquecuidar.com\/loja\/wp-json\/wp\/v2\/product_tag?post=10849"}],"curies":[{"name":"wp","href":"https:\/\/api.w.org\/{rel}","templated":true}]}}