{"id":4060,"date":"2016-12-23T12:40:32","date_gmt":"2016-12-23T12:40:32","guid":{"rendered":"https:\/\/www.maisquecuidar.com\/loja\/?page_id=4060"},"modified":"2019-09-29T12:26:51","modified_gmt":"2019-09-29T12:26:51","slug":"resolucao-alternativa-de-litigios","status":"publish","type":"page","link":"https:\/\/www.maisquecuidar.com\/loja\/resolucao-alternativa-de-litigios","title":{"rendered":"Resolu\u00e7\u00e3o Alternativa de Lit\u00edgios"},"content":{"rendered":"\n<p>Em caso de lit\u00edgio, informamos que o consumidor pode recorrer \u00e0s entidades de Resolu\u00e7\u00e3o Alternativa de Lit\u00edgios de consumo identificadas no portal do consumidor, no s\u00edtio electr\u00f3nico&nbsp;www.consumidor.pt, ou de Resolu\u00e7\u00e3o de Lit\u00edgios de consumo em Linha identificadas no s\u00edtio electr\u00f3nico&nbsp;https:\/\/webgate.ec.europa.eu\/odr.<\/p>\n\n\n\n<p>As entidades de resolu\u00e7\u00e3o alternativa de lit\u00edgios actualmente existentes s\u00e3o as seguintes:<\/p>\n\n\n\n<p><strong>CNIACC &#8211; Centro Nacional de Informa\u00e7\u00e3o e Arbitragem de Conflitos de Consumo<\/strong><br>Compet\u00eancia gen\u00e9rica<br><strong>E-mail:<\/strong>&nbsp;cniacc@unl.pt<br><strong>Web:<\/strong>&nbsp;http:\/\/www.arbitragemdeconsumo.org<\/p>\n\n\n\n<p><strong>Centro de Informa\u00e7\u00e3o, Medi\u00e7\u00e3o e arbitragem de Conflitos de Consumo do Algarve<\/strong><br>\u00c1rea geogr\u00e1fica abrangida &#8211; contratos celebrados no Distrito de Faro<br><strong>E-mail:<\/strong>&nbsp;apoio@consumidoronline.pt<br><strong>Web:<\/strong>&nbsp;http:\/\/www.consumidoronline.pt\/<\/p>\n\n\n\n<p><strong>Centro de Arbitragem de Conflitos de Consumo do Distrito de Coimbra<\/strong><br>\u00c1rea geogr\u00e1fica abrangida &#8211; contratos celebrados nos munic\u00edpios de: Arganil, Cantanhede, Coimbra, Condeixa-a-Nova, Figueira da Foz, G\u00f3is, Lous\u00e3, Mira, Miranda do Corvo, Montemor-o-Velho, Oliveira do Hospital, Penacova, Penela, Soure, T\u00e1bua, Vila Nova de Poiares.<br><strong>E-mail:<\/strong>&nbsp;geral@centrodearbitragemdecoimbra.com<br><strong>Web:<\/strong>&nbsp;http:\/\/www.centrodearbitragemdecoimbra.com<\/p>\n\n\n\n<p><strong>Centro de Arbitragem de Conflitos de Consumo de Lisboa<\/strong><br>\u00c1rea geogr\u00e1fica de abrang\u00eancia &#8211; contratos celebrados na \u00c1rea Metropolitana de Lisboa: Lisboa, Alcochete, Almada, Amadora, Azambuja, Barreiro, Cascais, Lisboa, Loures, Mafra, Moita, Montijo, Odivelas, Oeiras, Palmela, Seixal, Sesimbra, Set\u00fabal, Sintra e Vila Franca de Xira.<br><strong>E-mail:<\/strong>&nbsp;juridico@centroarbitragemlisboa.pt \/ director@centroarbitragemlisboa.pt<br><strong>Web:<\/strong>&nbsp;http:\/\/www.centroarbitragemlisboa.pt<\/p>\n\n\n\n<p><strong>Centro de Informa\u00e7\u00e3o de Consumo e Arbitragem do Porto<\/strong><br>\u00c1rea geogr\u00e1fica de abrang\u00eancia &#8211; contratos celebrados na \u00c1rea Metropolitana do Porto: Arouca, Espinho, Gondomar, Maia, Matosinhos, Oliveira de Azem\u00e9is, Porto, P\u00f3voa de Varzim, Santa Maria da Feira, Santo Tirso, S\u00e3o Jo\u00e3o da Madeira, Trofa, Vale de Cambra, Valongo, Vila do Conde e Vila Nova de Gaia.<br><strong>E-mail:<\/strong>&nbsp;cicap@mail.telepac.pt<br><strong>Web:<\/strong>&nbsp;http:\/\/www.cicap.pt<\/p>\n\n\n\n<p><strong>Centro de Arbitragem de Conflitos de Consumo do Vale do Ave \/ Tribunal Arbitral<\/strong><br>\u00c1rea geogr\u00e1fica de abrang\u00eancia &#8211; contratos celebrados nos munic\u00edpios de: Cabeceiras de Basto, Fafe, Felgueiras, Guimar\u00e3es, P\u00f3voa de Lanhoso, P\u00f3voa de Varzim, Santo Tirso, Trofa, Vila do Conde, Vila Nova de Famalic\u00e3o, Vizela, Vieira do Minho e Vizela.<br><strong>E-mail:<\/strong>&nbsp;triave@gmail.com<br><strong>Web:<\/strong>&nbsp;http:\/\/www.triave.pt<\/p>\n\n\n\n<p><strong>CIAB \u2013 Centro de Informa\u00e7\u00e3o, Arbitragem e Conflitos do Consumo<\/strong><br>\u00c1rea geogr\u00e1fica de Amares, Arcos de Valdevez, Barcelos, Braga, Caminha, Esposende, Melga\u00e7o, Mon\u00e7\u00e3o, Montalegre, Paredes de Coura, Ponte da Barca, P\u00f3voa do Lanhoso, Terras do Bouro, Valen\u00e7a, Viana do Castelo, Vila Nova de Cerveira, Vieira do Minho e Vila Verde.<br><strong>Email:<\/strong>&nbsp;geral@ciab.pt<br><strong>Web:<\/strong>&nbsp;http:\/\/www.ciab.pt<\/p>\n","protected":false},"excerpt":{"rendered":"<p>Em caso de lit\u00edgio, informamos que o consumidor pode recorrer \u00e0s entidades de Resolu\u00e7\u00e3o Alternativa de Lit\u00edgios de consumo identificadas no portal do consumidor, no s\u00edtio electr\u00f3nico&nbsp;www.consumidor.pt, ou de Resolu\u00e7\u00e3o de Lit\u00edgios de consumo em Linha identificadas no s\u00edtio electr\u00f3nico&nbsp;https:\/\/webgate.ec.europa.eu\/odr. As entidades de resolu\u00e7\u00e3o alternativa de lit\u00edgios actualmente existentes s\u00e3o as seguintes: CNIACC &#8211; Centro&hellip;&nbsp;<a href=\"https:\/\/www.maisquecuidar.com\/loja\/resolucao-alternativa-de-litigios\" rel=\"bookmark\">Ler mais &raquo;<span class=\"screen-reader-text\">Resolu\u00e7\u00e3o Alternativa de Lit\u00edgios<\/span><\/a><\/p>\n","protected":false},"author":103,"featured_media":0,"parent":0,"menu_order":0,"comment_status":"closed","ping_status":"closed","template":"","meta":{"_acf_changed":false,"neve_meta_sidebar":"","neve_meta_container":"","neve_meta_enable_content_width":"","neve_meta_content_width":0,"neve_meta_title_alignment":"","neve_meta_author_avatar":"","neve_post_elements_order":"","neve_meta_disable_header":"","neve_meta_disable_footer":"","neve_meta_disable_title":"","footnotes":""},"class_list":["post-4060","page","type-page","status-publish","hentry"],"acf":[],"yoast_head":"<!-- This site is optimized with the Yoast SEO plugin v27.4 - https:\/\/yoast.com\/product\/yoast-seo-wordpress\/ -->\n<title>Resolu\u00e7\u00e3o Alternativa de Lit\u00edgios - Mais que Cuidar<\/title>\n<meta name=\"robots\" content=\"index, follow, max-snippet:-1, max-image-preview:large, max-video-preview:-1\" \/>\n<link rel=\"canonical\" href=\"https:\/\/www.maisquecuidar.com\/loja\/resolucao-alternativa-de-litigios\" \/>\n<meta property=\"og:locale\" content=\"pt_PT\" \/>\n<meta property=\"og:type\" content=\"article\" \/>\n<meta property=\"og:title\" content=\"Resolu\u00e7\u00e3o Alternativa de Lit\u00edgios - Mais que Cuidar\" \/>\n<meta property=\"og:description\" content=\"Em caso de lit\u00edgio, informamos que o consumidor pode recorrer \u00e0s entidades de Resolu\u00e7\u00e3o Alternativa de Lit\u00edgios de consumo identificadas no portal do consumidor, no s\u00edtio electr\u00f3nico&nbsp;www.consumidor.pt, ou de Resolu\u00e7\u00e3o de Lit\u00edgios de consumo em Linha identificadas no s\u00edtio electr\u00f3nico&nbsp;https:\/\/webgate.ec.europa.eu\/odr. As entidades de resolu\u00e7\u00e3o alternativa de lit\u00edgios actualmente existentes s\u00e3o as seguintes: CNIACC &#8211; Centro&hellip;&nbsp;Ler mais &raquo;Resolu\u00e7\u00e3o Alternativa de Lit\u00edgios\" \/>\n<meta property=\"og:url\" content=\"https:\/\/www.maisquecuidar.com\/loja\/resolucao-alternativa-de-litigios\" \/>\n<meta property=\"og:site_name\" content=\"Mais que Cuidar\" \/>\n<meta property=\"article:publisher\" content=\"https:\/\/www.facebook.com\/maisquecuidar.pt\" \/>\n<meta property=\"article:modified_time\" content=\"2019-09-29T12:26:51+00:00\" \/>\n<meta name=\"twitter:label1\" content=\"Tempo estimado de leitura\" \/>\n\t<meta name=\"twitter:data1\" content=\"2 minutos\" \/>\n<script type=\"application\/ld+json\" class=\"yoast-schema-graph\">{\"@context\":\"https:\\\/\\\/schema.org\",\"@graph\":[{\"@type\":\"WebPage\",\"@id\":\"https:\\\/\\\/www.maisquecuidar.com\\\/loja\\\/resolucao-alternativa-de-litigios\",\"url\":\"https:\\\/\\\/www.maisquecuidar.com\\\/loja\\\/resolucao-alternativa-de-litigios\",\"name\":\"Resolu\u00e7\u00e3o Alternativa de Lit\u00edgios - Mais que Cuidar\",\"isPartOf\":{\"@id\":\"https:\\\/\\\/www.maisquecuidar.com\\\/loja\\\/#website\"},\"datePublished\":\"2016-12-23T12:40:32+00:00\",\"dateModified\":\"2019-09-29T12:26:51+00:00\",\"breadcrumb\":{\"@id\":\"https:\\\/\\\/www.maisquecuidar.com\\\/loja\\\/resolucao-alternativa-de-litigios#breadcrumb\"},\"inLanguage\":\"pt-PT\",\"potentialAction\":[{\"@type\":\"ReadAction\",\"target\":[\"https:\\\/\\\/www.maisquecuidar.com\\\/loja\\\/resolucao-alternativa-de-litigios\"]}]},{\"@type\":\"BreadcrumbList\",\"@id\":\"https:\\\/\\\/www.maisquecuidar.com\\\/loja\\\/resolucao-alternativa-de-litigios#breadcrumb\",\"itemListElement\":[{\"@type\":\"ListItem\",\"position\":1,\"name\":\"Home\",\"item\":\"https:\\\/\\\/www.maisquecuidar.com\\\/loja\\\/\"},{\"@type\":\"ListItem\",\"position\":2,\"name\":\"Resolu\u00e7\u00e3o Alternativa de Lit\u00edgios\"}]},{\"@type\":\"WebSite\",\"@id\":\"https:\\\/\\\/www.maisquecuidar.com\\\/loja\\\/#website\",\"url\":\"https:\\\/\\\/www.maisquecuidar.com\\\/loja\\\/\",\"name\":\"Mais que Cuidar\",\"description\":\"Sa\u00fade, Ortopedia e Geriatria\",\"publisher\":{\"@id\":\"https:\\\/\\\/www.maisquecuidar.com\\\/loja\\\/#organization\"},\"potentialAction\":[{\"@type\":\"SearchAction\",\"target\":{\"@type\":\"EntryPoint\",\"urlTemplate\":\"https:\\\/\\\/www.maisquecuidar.com\\\/loja\\\/?s={search_term_string}\"},\"query-input\":{\"@type\":\"PropertyValueSpecification\",\"valueRequired\":true,\"valueName\":\"search_term_string\"}}],\"inLanguage\":\"pt-PT\"},{\"@type\":\"Organization\",\"@id\":\"https:\\\/\\\/www.maisquecuidar.com\\\/loja\\\/#organization\",\"name\":\"Mais Que Cuidar\",\"url\":\"https:\\\/\\\/www.maisquecuidar.com\\\/loja\\\/\",\"logo\":{\"@type\":\"ImageObject\",\"inLanguage\":\"pt-PT\",\"@id\":\"https:\\\/\\\/www.maisquecuidar.com\\\/loja\\\/#\\\/schema\\\/logo\\\/image\\\/\",\"url\":\"https:\\\/\\\/img.maisquecuidar.com\\\/loja\\\/wp-content\\\/uploads\\\/2019\\\/08\\\/logo-mais-que-cuidar-retina.png\",\"contentUrl\":\"https:\\\/\\\/img.maisquecuidar.com\\\/loja\\\/wp-content\\\/uploads\\\/2019\\\/08\\\/logo-mais-que-cuidar-retina.png\",\"width\":565,\"height\":75,\"caption\":\"Mais Que Cuidar\"},\"image\":{\"@id\":\"https:\\\/\\\/www.maisquecuidar.com\\\/loja\\\/#\\\/schema\\\/logo\\\/image\\\/\"},\"sameAs\":[\"https:\\\/\\\/www.facebook.com\\\/maisquecuidar.pt\",\"https:\\\/\\\/www.instagram.com\\\/maisquecuidar\"]}]}<\/script>\n<!-- \/ Yoast SEO plugin. -->","yoast_head_json":{"title":"Resolu\u00e7\u00e3o Alternativa de Lit\u00edgios - Mais que Cuidar","robots":{"index":"index","follow":"follow","max-snippet":"max-snippet:-1","max-image-preview":"max-image-preview:large","max-video-preview":"max-video-preview:-1"},"canonical":"https:\/\/www.maisquecuidar.com\/loja\/resolucao-alternativa-de-litigios","og_locale":"pt_PT","og_type":"article","og_title":"Resolu\u00e7\u00e3o Alternativa de Lit\u00edgios - Mais que Cuidar","og_description":"Em caso de lit\u00edgio, informamos que o consumidor pode recorrer \u00e0s entidades de Resolu\u00e7\u00e3o Alternativa de Lit\u00edgios de consumo identificadas no portal do consumidor, no s\u00edtio electr\u00f3nico&nbsp;www.consumidor.pt, ou de Resolu\u00e7\u00e3o de Lit\u00edgios de consumo em Linha identificadas no s\u00edtio electr\u00f3nico&nbsp;https:\/\/webgate.ec.europa.eu\/odr. As entidades de resolu\u00e7\u00e3o alternativa de lit\u00edgios actualmente existentes s\u00e3o as seguintes: CNIACC &#8211; Centro&hellip;&nbsp;Ler mais &raquo;Resolu\u00e7\u00e3o Alternativa de Lit\u00edgios","og_url":"https:\/\/www.maisquecuidar.com\/loja\/resolucao-alternativa-de-litigios","og_site_name":"Mais que Cuidar","article_publisher":"https:\/\/www.facebook.com\/maisquecuidar.pt","article_modified_time":"2019-09-29T12:26:51+00:00","twitter_misc":{"Tempo estimado de leitura":"2 minutos"},"schema":{"@context":"https:\/\/schema.org","@graph":[{"@type":"WebPage","@id":"https:\/\/www.maisquecuidar.com\/loja\/resolucao-alternativa-de-litigios","url":"https:\/\/www.maisquecuidar.com\/loja\/resolucao-alternativa-de-litigios","name":"Resolu\u00e7\u00e3o Alternativa de Lit\u00edgios - Mais que Cuidar","isPartOf":{"@id":"https:\/\/www.maisquecuidar.com\/loja\/#website"},"datePublished":"2016-12-23T12:40:32+00:00","dateModified":"2019-09-29T12:26:51+00:00","breadcrumb":{"@id":"https:\/\/www.maisquecuidar.com\/loja\/resolucao-alternativa-de-litigios#breadcrumb"},"inLanguage":"pt-PT","potentialAction":[{"@type":"ReadAction","target":["https:\/\/www.maisquecuidar.com\/loja\/resolucao-alternativa-de-litigios"]}]},{"@type":"BreadcrumbList","@id":"https:\/\/www.maisquecuidar.com\/loja\/resolucao-alternativa-de-litigios#breadcrumb","itemListElement":[{"@type":"ListItem","position":1,"name":"Home","item":"https:\/\/www.maisquecuidar.com\/loja\/"},{"@type":"ListItem","position":2,"name":"Resolu\u00e7\u00e3o Alternativa de Lit\u00edgios"}]},{"@type":"WebSite","@id":"https:\/\/www.maisquecuidar.com\/loja\/#website","url":"https:\/\/www.maisquecuidar.com\/loja\/","name":"Mais que Cuidar","description":"Sa\u00fade, Ortopedia e Geriatria","publisher":{"@id":"https:\/\/www.maisquecuidar.com\/loja\/#organization"},"potentialAction":[{"@type":"SearchAction","target":{"@type":"EntryPoint","urlTemplate":"https:\/\/www.maisquecuidar.com\/loja\/?s={search_term_string}"},"query-input":{"@type":"PropertyValueSpecification","valueRequired":true,"valueName":"search_term_string"}}],"inLanguage":"pt-PT"},{"@type":"Organization","@id":"https:\/\/www.maisquecuidar.com\/loja\/#organization","name":"Mais Que Cuidar","url":"https:\/\/www.maisquecuidar.com\/loja\/","logo":{"@type":"ImageObject","inLanguage":"pt-PT","@id":"https:\/\/www.maisquecuidar.com\/loja\/#\/schema\/logo\/image\/","url":"https:\/\/img.maisquecuidar.com\/loja\/wp-content\/uploads\/2019\/08\/logo-mais-que-cuidar-retina.png","contentUrl":"https:\/\/img.maisquecuidar.com\/loja\/wp-content\/uploads\/2019\/08\/logo-mais-que-cuidar-retina.png","width":565,"height":75,"caption":"Mais Que Cuidar"},"image":{"@id":"https:\/\/www.maisquecuidar.com\/loja\/#\/schema\/logo\/image\/"},"sameAs":["https:\/\/www.facebook.com\/maisquecuidar.pt","https:\/\/www.instagram.com\/maisquecuidar"]}]}},"_links":{"self":[{"href":"https:\/\/www.maisquecuidar.com\/loja\/wp-json\/wp\/v2\/pages\/4060","targetHints":{"allow":["GET"]}}],"collection":[{"href":"https:\/\/www.maisquecuidar.com\/loja\/wp-json\/wp\/v2\/pages"}],"about":[{"href":"https:\/\/www.maisquecuidar.com\/loja\/wp-json\/wp\/v2\/types\/page"}],"author":[{"embeddable":true,"href":"https:\/\/www.maisquecuidar.com\/loja\/wp-json\/wp\/v2\/users\/103"}],"replies":[{"embeddable":true,"href":"https:\/\/www.maisquecuidar.com\/loja\/wp-json\/wp\/v2\/comments?post=4060"}],"version-history":[{"count":3,"href":"https:\/\/www.maisquecuidar.com\/loja\/wp-json\/wp\/v2\/pages\/4060\/revisions"}],"predecessor-version":[{"id":8824,"href":"https:\/\/www.maisquecuidar.com\/loja\/wp-json\/wp\/v2\/pages\/4060\/revisions\/8824"}],"wp:attachment":[{"href":"https:\/\/www.maisquecuidar.com\/loja\/wp-json\/wp\/v2\/media?parent=4060"}],"curies":[{"name":"wp","href":"https:\/\/api.w.org\/{rel}","templated":true}]}}