{"id":4057,"date":"2016-12-23T10:24:15","date_gmt":"2016-12-23T10:24:15","guid":{"rendered":"https:\/\/www.maisquecuidar.com\/loja\/?page_id=4057"},"modified":"2020-05-08T23:12:14","modified_gmt":"2020-05-08T22:12:14","slug":"condicoes-compra-online","status":"publish","type":"page","link":"https:\/\/www.maisquecuidar.com\/loja\/condicoes-compra-online","title":{"rendered":"Condi\u00e7\u00f5es Compra Online"},"content":{"rendered":"\n<p><strong>1\u00ba Login \/ Criar conta de Cliente<\/strong><\/p>\n\n\n\n<p>Introduza os dados de acesso fornecidos aquando do seu registo e fa\u00e7a o login na \u00e1rea de clientes. O registo \u00e9 muito simples, gratuito, e demora apenas alguns minutos.<\/p>\n\n\n\n<p><strong>2\u00ba Escolha os Produtos e Quantidades<\/strong><\/p>\n\n\n\n<p>Pode navegar pelo menu situado na parte central do ecr\u00e3. Os produtos est\u00e3o divididos por categorias para que seja mais f\u00e1cil encontrar o que pretende. Depois, \u00e9 s\u00f3 adicionar ao carrinho de compras e digitar a quantidade que pretende. Adicione quantos produtos quiser repetindo este passo at\u00e9 ter tudo o que pretende no carrinho.<\/p>\n\n\n\n<p><strong>3\u00ba Escolha forma de Pagamento e Entrega<\/strong><\/p>\n\n\n\n<p>Agora que tem no carrinho todos os produtos que pretende, clique em \u201cFinalizar Encomenda\u201d no carrinho de compras. De seguida vai aparecer um ecr\u00e3 onde poder\u00e1 escolher a morada para onde ser\u00e1 enviada a encomenda, o m\u00e9todo e pagamento e a forma como pretende que a encomenda seja expedida.<\/p>\n\n\n\n<p>Depois de introduzidos os dados, \u00e9-lhe apresentado o valor total a pagar.<\/p>\n\n\n\n<p><strong>4\u00ba Finalizar<\/strong><\/p>\n\n\n\n<p>Confirme os valores da encomenda, a morada de envio, forma de pagamento e m\u00e9todo de envio. Se estiver tudo como pretende, finalize a encomenda. Ser-lhe-\u00e1 enviado um e-mail autom\u00e1tico com uma c\u00f3pia da encomenda que acabou de efectuar. Assim que o material estiver dispon\u00edvel ser\u00e1 contactado novamente e informado do prazo previs\u00edvel da entrega bem como o valor dos portes de envio.<\/p>\n\n\n\n<p>Para qualquer esclarecimento adicional, n\u00e3o hesite em contactar-nos pelo telefone <strong>210 819 755<\/strong>, ou por e-mail para <strong>apoiocliente@maisquecuidar.com<\/strong> onde poder\u00e1 expor as suas d\u00favidas.<\/p>\n\n\n\n<h3 class=\"wp-block-heading\"><strong>ENTREGAS E PORTES <\/strong><\/h3>\n\n\n\n<p><strong>Entregas<\/strong><\/p>\n\n\n\n<p>As encomendas poder\u00e3o ser entregues nas lojas da MaisqueCuidar, ou expedidas atrav\u00e9s dos CTT, por outra empresa de transporte ou pelo servi\u00e7o de entregas da MaisqueCuidar nas zonas de abrang\u00eancia das lojas, para o endere\u00e7o indicado pelo cliente. <\/p>\n\n\n\n<p>As despesas de envio s\u00e3o por conta do cliente, que ser\u00e1 informado do prazo previs\u00edvel da entrega. A entrega do produto nas instala\u00e7\u00f5es do cliente depende do m\u00e9todo de entrega escolhido na finaliza\u00e7\u00e3o da encomenda. Os prazos m\u00e9dios de disponibilidade de stock no maisquecuidar.com s\u00e3o de 48 horas, caso contr\u00e1rio o cliente ser\u00e1 informado do prazo de entrega poss\u00edvel.<\/p>\n\n\n\n<p><strong>Portes<\/strong><\/p>\n\n\n\n<p>Os portes s\u00e3o calculados mediante o peso final dos produtos constantes da encomenda. O valor ser\u00e1 apresentado ao cliente depois de finalizar a encomenda conforme tabela em vigor dos CTT Expresso consoante a regi\u00e3o de entrega. Deste modo, ap\u00f3s realizar a sua encomenda entraremos em contacto telef\u00f3nico ou por email para darmos a informa\u00e7\u00e3o sobre o valor do transporte de entrega.<\/p>\n\n\n\n<p><strong>Montagem de Produtos<\/strong><\/p>\n\n\n\n<p>A MaisqueCuidar disp\u00f5e do servi\u00e7o de montagem e desmontagem de equipamentos no domicilio. Este servi\u00e7o est\u00e1 dispon\u00edvel nas zonas de abrang\u00eancia das lojas MaisqueCuidar. O custo deste servi\u00e7o \u00e9 feito sob or\u00e7amento pr\u00e9vio ap\u00f3s solicita\u00e7\u00e3o do cliente. Poder\u00e1 saber mais informa\u00e7\u00f5es atrav\u00e9s da linha de apoio ao cliente <strong>210 819 755.<\/strong><\/p>\n\n\n\n<h3 class=\"wp-block-heading\"><strong>GARANTIAS E RECLAMA\u00c7\u00d5ES <\/strong><\/h3>\n\n\n\n<p>A garantia \u00e9 sempre dada pelo fabricante e s\u00f3 \u00e9 valida mediante a apresenta\u00e7\u00e3o da respectiva factura de compra. A garantia n\u00e3o inclui erros de montagem ou desmontagem ou danos resultantes da manipula\u00e7\u00e3o indevida dos equipamentos. <\/p>\n\n\n\n<p>No acto da recep\u00e7\u00e3o da sua encomenda dever\u00e1 verificar sempre o estado do produto. Se identificar alguma anomalia dever\u00e1 realizar respectiva queixa \u00e0 transportadora, no acto da recep\u00e7\u00e3o. <\/p>\n\n\n\n<p>De seguida deve contactar-nos pelo email <strong>apoiocliente@maisquecuidar.com<\/strong> ou pelo telefone <strong>210 819 755<\/strong> para transmitir o sucedido a fim de reclamar a sua devolu\u00e7\u00e3o. O prazo para resolu\u00e7\u00e3o do contrato ser\u00e1 de 14 dias posteriores \u00e0 entrega da mercadoria.<\/p>\n\n\n\n<p><strong>Na MaisqueCuidar podemos garantir que em todas as suas compras:<\/strong><\/p>\n\n\n\n<ul class=\"wp-block-list\"><li>O produto vem na sua embalagem original.<\/li><li>O produto \u00e9 novo.<\/li><li>Dispomos de um servi\u00e7o de p\u00f3s-venda de todos os produtos.<\/li><\/ul>\n\n\n\n<h3 class=\"wp-block-heading\"><strong>DEVOLU\u00c7\u00d5ES E REEMBOLSOS<\/strong><\/h3>\n\n\n\n<p><strong>Condi\u00e7\u00f5es de devolu\u00e7\u00e3o:<\/strong><\/p>\n\n\n\n<ul class=\"wp-block-list\"><li>O cliente disp\u00f5e de 14 dias seguintes \u00e0 data da rece\u00e7\u00e3o da encomenda para proceder \u00e0 resolu\u00e7\u00e3o do contrato e \u00e0 devolu\u00e7\u00e3o do artigo.<\/li><li>Quaisquer inten\u00e7\u00f5es de devolu\u00e7\u00e3o devem ser previamente comunicadas \u00e0 MaisqueCuidar.com &nbsp;atrav\u00e9s do envio de um e-mail para <strong>apoiocliente@maisquecuidar.com<\/strong> explicando de uma forma sum\u00e1ria a raz\u00e3o. Note que em muitas das situa\u00e7\u00f5es, n\u00f3s podemos ajudar a resolver o problema juntos, economizando tempo e inconvenientes.<\/li><li>S\u00f3 ser\u00e3o aceites trocas e devolu\u00e7\u00f5es com o pr\u00e9vio acordo da nossa empresa. Os artigos dever\u00e3o ser devolvidos em perfeito estado e na embalagem original, acompanhadas de todos os folhetos e garantias, incluindo c\u00f3pia da factura de compra.<\/li><li>S\u00f3 ap\u00f3s recebermos o material devolvido e verificarmos o seu estado \u00e9 que a devolu\u00e7\u00e3o \u00e9 processada. N\u00e3o aceitamos devolu\u00e7\u00f5es de embalagens abertas ou produtos usados. Os portes de reembolso ser\u00e3o suportados pelo cliente. As devolu\u00e7\u00f5es originadas por motivos da nossa responsabilidade ser\u00e3o creditadas por inteiro.<\/li><li>&nbsp;N\u00e3o ser\u00e3o nunca suscet\u00edveis de devolu\u00e7\u00e3o por parte do cliente, os produtos personalizados ou fabricados expressamente para essa venda (produtos feitos por medida, cores especiais, etc) nem aqueles que por raz\u00f5es de higiene n\u00e3o possam voltar a ser vendidos novos a terceiros.<\/li><li>O cliente suportar\u00e1 os custos da devolu\u00e7\u00e3o dos bens em caso de exerc\u00edcio do direito de livre resolu\u00e7\u00e3o e o montante desses custos de devolu\u00e7\u00e3o, se os bens, pela sua natureza, n\u00e3o puderem ser devolvidos normalmente pelo correio normal.<\/li><\/ul>\n\n\n\n<p><strong>Processo de reembolso:<\/strong><\/p>\n\n\n\n<ul class=\"wp-block-list\"><li>Assim que recebermos o produto e tivermos a garantia que o mesmo est\u00e1 em perfeitas condi\u00e7\u00f5es, vamos reembolsar o valor imediatamente.<\/li><li>No caso de nos pedir para adquirir outro produto, deve indicar qual o produto que pretende. Se houver uma diferen\u00e7a pre\u00e7o a nosso favor, deve proceder ao pagamento no momento da entrega. Se a diferen\u00e7a for a seu favor, a MaisqueCuidar.com proceder\u00e1 \u00e0 transfer\u00eancia banc\u00e1ria para o seu NIB.<\/li><\/ul>\n\n\n\n<p>Estamos \u00e0 sua disposi\u00e7\u00e3o para quaisquer perguntas ou d\u00favidas adicionais atrav\u00e9s do telefone <strong>210 819 755<\/strong> ou do e-mail <strong>apoiocliente@maisquecuidar.com.<\/strong><\/p>\n\n\n\n<h3 class=\"wp-block-heading\"><strong>PRE\u00c7OS<\/strong><\/h3>\n\n\n\n<p>Os pre\u00e7os dos produtos e servi\u00e7os apresentados incluem IVA \u00e0 taxa em vigor. Os pre\u00e7os, especifica\u00e7\u00f5es, fotos e disponibilidade dos produtos podem ser alterados sem aviso pr\u00e9vio, sempre de acordo com instru\u00e7\u00f5es do respectivo fornecedor. O Maisquecuidar.com declina qualquer responsabilidade por eventuais erros publicados no site.<\/p>\n\n\n\n<h3 class=\"wp-block-heading\"><strong>ENCOMENDAS<\/strong><\/h3>\n\n\n\n<p>As encomendas efectuadas atrav\u00e9s deste site t\u00eam um car\u00e1cter meramente informativo e n\u00e3o vinculam a MaisqueCuidar \u00e0 sua execu\u00e7\u00e3o. As encomendas t\u00eam car\u00e1cter efectivo ap\u00f3s confirma\u00e7\u00e3o junto do cliente, atrav\u00e9s de Telefone ou outro meio de comunica\u00e7\u00e3o, de forma a verificar a exactid\u00e3o do pedido, da veracidade dos dados fornecidos e da garantia de pagamento. <\/p>\n\n\n\n<p>A MaisqueCuidar n\u00e3o dever\u00e1 ser responsabilizada por rupturas de stock que causem o incumprimento na entrega de qualquer encomenda total ou parcialmente, nem por qualquer atraso na entrega da mesma.<\/p>\n\n\n\n<h3 class=\"wp-block-heading\"><strong>M\u00c9TODOS DE PAGAMENTO<\/strong><\/h3>\n\n\n\n<p>Os m\u00e9todos de pagamento aceites nas compras realizadas atrav\u00e9s do site s\u00e3o:<\/p>\n\n\n\n<ul class=\"wp-block-list\"><li><strong>Transfer\u00eancia Banc\u00e1ria: <\/strong>N\u00e3o implica nenhuma despesa adicional para o cliente. Caso opte por este m\u00e9todo de pagamento deve enviar-nos comprovativo do pagamento para o email apoiocliente@maisquecuidar.com. Dados para transfer\u00eancia banc\u00e1ria:<\/li><\/ul>\n\n\n\n<p><strong>TITULAR:<\/strong>&nbsp;Nurse24,Lda &nbsp; &nbsp; &nbsp;<strong>ENTIDADE<\/strong>: Banco Montepio &nbsp; &nbsp; &nbsp;&nbsp;<strong>IBAN:<\/strong>&nbsp;PT50.0036.0043.99100416122.87 &nbsp; <strong>BIC\/SWIFT:&nbsp;<\/strong>MPIOPTPL<\/p>\n\n\n\n<ul class=\"wp-block-list\"><li><strong>Multibanco:<\/strong> Fornecemos os dados para pagamento de multibanco, e ap\u00f3s o seu pagamento o nosso sistema informa-nos de imediato do seu pagamento via email e via sms.<\/li><\/ul>\n\n\n\n<h3 class=\"wp-block-heading\"><strong>POLITICA DE PRIVACIDADE <\/strong><\/h3>\n\n\n\n<p>A Maisquecuidar.com reconhece a necessidade e a import\u00e2ncia de proteger e garantir a privacidade e seguran\u00e7a dos Dados Pessoais recolhidos dos seus utilizadores. &#8220;Dados Pessoais&#8221; incluem, mas n\u00e3o est\u00e3o limitados a, dados de utiliza\u00e7\u00e3o, nomes, endere\u00e7os postais, n\u00fameros telef\u00f3nicos fixos e celulares e endere\u00e7os de correio electr\u00f3nico. Por essa raz\u00e3o a MaisqueCuidar n\u00e3o vende nem revela Dados Pessoais individuais a terceiros. <\/p>\n\n\n\n<p>Os dados fornecidos s\u00e3o processados informaticamente e destinam-se ao envio da sua encomenda e respectiva factura, ao seu tratamento para fins estat\u00edsticos e apresenta\u00e7\u00e3o de novas propostas. Nos termos da lei, tem direito a aceder aos seus dados pessoais e a requerer a sua actualiza\u00e7\u00e3o, rectifica\u00e7\u00e3o ou elimina\u00e7\u00e3o.<\/p>\n\n\n\n<p><strong>Para que efeito s\u00e3o utilizados os dados recolhidos?<\/strong><\/p>\n\n\n\n<p>Os dados do cliente permitem aos nossos colaboradores processar as suas encomendas, notific\u00e1-lo acerca de altera\u00e7\u00f5es importantes nas funcionalidades do site, realizar inqu\u00e9ritos e obter informa\u00e7\u00f5es para efeitos estat\u00edsticos.<\/p>\n\n\n\n<p>Podemos tamb\u00e9m enviar-lhe periodicamente por e-mail informa\u00e7\u00f5es sobre produtos e servi\u00e7os, campanhas, promo\u00e7\u00f5es e ofertas especiais. Se o cliente n\u00e3o desejar ser contactado para estes efeitos, poder\u00e1 cancelar a subscri\u00e7\u00e3o da newsletter na sua conta pessoal.<\/p>\n\n\n\n<p>A MaisqueCuidar compromete-se a proteger os dados do cliente e estes nunca ser\u00e3o disponibilizados a terceiros.<\/p>\n\n\n\n<p>Aquando do processamento da encomenda do cliente, \u00e9 poss\u00edvel que os seus dados, como o endere\u00e7o e c\u00f3digo postal, sejam divulgados para efeitos de preven\u00e7\u00e3o e dete\u00e7\u00e3o de fraudes.<\/p>\n\n\n\n<p><strong>Contatos do Servi\u00e7o de Apoio ao Cliente:<\/strong><\/p>\n\n\n\n<p><strong>E-mail:<\/strong> apoiocliente@maisquecuidar.com<\/p>\n\n\n\n<p><strong>Telefone:<\/strong> 210819755<\/p>\n","protected":false},"excerpt":{"rendered":"<p>1\u00ba Login \/ Criar conta de Cliente Introduza os dados de acesso fornecidos aquando do seu registo e fa\u00e7a o login na \u00e1rea de clientes. O registo \u00e9 muito simples, gratuito, e demora apenas alguns minutos. 2\u00ba Escolha os Produtos e Quantidades Pode navegar pelo menu situado na parte central do ecr\u00e3. Os produtos est\u00e3o&hellip;&nbsp;<a href=\"https:\/\/www.maisquecuidar.com\/loja\/condicoes-compra-online\" rel=\"bookmark\">Ler mais &raquo;<span class=\"screen-reader-text\">Condi\u00e7\u00f5es Compra Online<\/span><\/a><\/p>\n","protected":false},"author":103,"featured_media":0,"parent":0,"menu_order":0,"comment_status":"closed","ping_status":"closed","template":"","meta":{"_acf_changed":false,"neve_meta_sidebar":"","neve_meta_container":"","neve_meta_enable_content_width":"","neve_meta_content_width":0,"neve_meta_title_alignment":"","neve_meta_author_avatar":"","neve_post_elements_order":"","neve_meta_disable_header":"","neve_meta_disable_footer":"","neve_meta_disable_title":"","footnotes":""},"class_list":["post-4057","page","type-page","status-publish","hentry"],"acf":[],"yoast_head":"<!-- This site is optimized with the Yoast SEO plugin v27.3 - https:\/\/yoast.com\/product\/yoast-seo-wordpress\/ -->\n<title>Condi\u00e7\u00f5es Compra Online - Mais que Cuidar<\/title>\n<meta name=\"robots\" content=\"index, follow, max-snippet:-1, max-image-preview:large, max-video-preview:-1\" \/>\n<link rel=\"canonical\" href=\"https:\/\/www.maisquecuidar.com\/loja\/condicoes-compra-online\" \/>\n<meta property=\"og:locale\" content=\"pt_PT\" \/>\n<meta property=\"og:type\" content=\"article\" \/>\n<meta property=\"og:title\" content=\"Condi\u00e7\u00f5es Compra Online - Mais que Cuidar\" \/>\n<meta property=\"og:description\" content=\"1\u00ba Login \/ Criar conta de Cliente Introduza os dados de acesso fornecidos aquando do seu registo e fa\u00e7a o login na \u00e1rea de clientes. O registo \u00e9 muito simples, gratuito, e demora apenas alguns minutos. 2\u00ba Escolha os Produtos e Quantidades Pode navegar pelo menu situado na parte central do ecr\u00e3. Os produtos est\u00e3o&hellip;&nbsp;Ler mais &raquo;Condi\u00e7\u00f5es Compra Online\" \/>\n<meta property=\"og:url\" content=\"https:\/\/www.maisquecuidar.com\/loja\/condicoes-compra-online\" \/>\n<meta property=\"og:site_name\" content=\"Mais que Cuidar\" \/>\n<meta property=\"article:publisher\" content=\"https:\/\/www.facebook.com\/maisquecuidar.pt\" \/>\n<meta property=\"article:modified_time\" content=\"2020-05-08T22:12:14+00:00\" \/>\n<meta name=\"twitter:label1\" content=\"Tempo estimado de leitura\" \/>\n\t<meta name=\"twitter:data1\" content=\"8 minutos\" \/>\n<script type=\"application\/ld+json\" class=\"yoast-schema-graph\">{\"@context\":\"https:\\\/\\\/schema.org\",\"@graph\":[{\"@type\":\"WebPage\",\"@id\":\"https:\\\/\\\/www.maisquecuidar.com\\\/loja\\\/condicoes-compra-online\",\"url\":\"https:\\\/\\\/www.maisquecuidar.com\\\/loja\\\/condicoes-compra-online\",\"name\":\"Condi\u00e7\u00f5es Compra Online - Mais que Cuidar\",\"isPartOf\":{\"@id\":\"https:\\\/\\\/www.maisquecuidar.com\\\/loja\\\/#website\"},\"datePublished\":\"2016-12-23T10:24:15+00:00\",\"dateModified\":\"2020-05-08T22:12:14+00:00\",\"breadcrumb\":{\"@id\":\"https:\\\/\\\/www.maisquecuidar.com\\\/loja\\\/condicoes-compra-online#breadcrumb\"},\"inLanguage\":\"pt-PT\",\"potentialAction\":[{\"@type\":\"ReadAction\",\"target\":[\"https:\\\/\\\/www.maisquecuidar.com\\\/loja\\\/condicoes-compra-online\"]}]},{\"@type\":\"BreadcrumbList\",\"@id\":\"https:\\\/\\\/www.maisquecuidar.com\\\/loja\\\/condicoes-compra-online#breadcrumb\",\"itemListElement\":[{\"@type\":\"ListItem\",\"position\":1,\"name\":\"Home\",\"item\":\"https:\\\/\\\/www.maisquecuidar.com\\\/loja\\\/\"},{\"@type\":\"ListItem\",\"position\":2,\"name\":\"Condi\u00e7\u00f5es Compra Online\"}]},{\"@type\":\"WebSite\",\"@id\":\"https:\\\/\\\/www.maisquecuidar.com\\\/loja\\\/#website\",\"url\":\"https:\\\/\\\/www.maisquecuidar.com\\\/loja\\\/\",\"name\":\"Mais que Cuidar\",\"description\":\"Sa\u00fade, Ortopedia e Geriatria\",\"publisher\":{\"@id\":\"https:\\\/\\\/www.maisquecuidar.com\\\/loja\\\/#organization\"},\"potentialAction\":[{\"@type\":\"SearchAction\",\"target\":{\"@type\":\"EntryPoint\",\"urlTemplate\":\"https:\\\/\\\/www.maisquecuidar.com\\\/loja\\\/?s={search_term_string}\"},\"query-input\":{\"@type\":\"PropertyValueSpecification\",\"valueRequired\":true,\"valueName\":\"search_term_string\"}}],\"inLanguage\":\"pt-PT\"},{\"@type\":\"Organization\",\"@id\":\"https:\\\/\\\/www.maisquecuidar.com\\\/loja\\\/#organization\",\"name\":\"Mais Que Cuidar\",\"url\":\"https:\\\/\\\/www.maisquecuidar.com\\\/loja\\\/\",\"logo\":{\"@type\":\"ImageObject\",\"inLanguage\":\"pt-PT\",\"@id\":\"https:\\\/\\\/www.maisquecuidar.com\\\/loja\\\/#\\\/schema\\\/logo\\\/image\\\/\",\"url\":\"https:\\\/\\\/img.maisquecuidar.com\\\/loja\\\/wp-content\\\/uploads\\\/2019\\\/08\\\/logo-mais-que-cuidar-retina.png\",\"contentUrl\":\"https:\\\/\\\/img.maisquecuidar.com\\\/loja\\\/wp-content\\\/uploads\\\/2019\\\/08\\\/logo-mais-que-cuidar-retina.png\",\"width\":565,\"height\":75,\"caption\":\"Mais Que Cuidar\"},\"image\":{\"@id\":\"https:\\\/\\\/www.maisquecuidar.com\\\/loja\\\/#\\\/schema\\\/logo\\\/image\\\/\"},\"sameAs\":[\"https:\\\/\\\/www.facebook.com\\\/maisquecuidar.pt\",\"https:\\\/\\\/www.instagram.com\\\/maisquecuidar\"]}]}<\/script>\n<!-- \/ Yoast SEO plugin. -->","yoast_head_json":{"title":"Condi\u00e7\u00f5es Compra Online - Mais que Cuidar","robots":{"index":"index","follow":"follow","max-snippet":"max-snippet:-1","max-image-preview":"max-image-preview:large","max-video-preview":"max-video-preview:-1"},"canonical":"https:\/\/www.maisquecuidar.com\/loja\/condicoes-compra-online","og_locale":"pt_PT","og_type":"article","og_title":"Condi\u00e7\u00f5es Compra Online - Mais que Cuidar","og_description":"1\u00ba Login \/ Criar conta de Cliente Introduza os dados de acesso fornecidos aquando do seu registo e fa\u00e7a o login na \u00e1rea de clientes. O registo \u00e9 muito simples, gratuito, e demora apenas alguns minutos. 2\u00ba Escolha os Produtos e Quantidades Pode navegar pelo menu situado na parte central do ecr\u00e3. Os produtos est\u00e3o&hellip;&nbsp;Ler mais &raquo;Condi\u00e7\u00f5es Compra Online","og_url":"https:\/\/www.maisquecuidar.com\/loja\/condicoes-compra-online","og_site_name":"Mais que Cuidar","article_publisher":"https:\/\/www.facebook.com\/maisquecuidar.pt","article_modified_time":"2020-05-08T22:12:14+00:00","twitter_misc":{"Tempo estimado de leitura":"8 minutos"},"schema":{"@context":"https:\/\/schema.org","@graph":[{"@type":"WebPage","@id":"https:\/\/www.maisquecuidar.com\/loja\/condicoes-compra-online","url":"https:\/\/www.maisquecuidar.com\/loja\/condicoes-compra-online","name":"Condi\u00e7\u00f5es Compra Online - Mais que Cuidar","isPartOf":{"@id":"https:\/\/www.maisquecuidar.com\/loja\/#website"},"datePublished":"2016-12-23T10:24:15+00:00","dateModified":"2020-05-08T22:12:14+00:00","breadcrumb":{"@id":"https:\/\/www.maisquecuidar.com\/loja\/condicoes-compra-online#breadcrumb"},"inLanguage":"pt-PT","potentialAction":[{"@type":"ReadAction","target":["https:\/\/www.maisquecuidar.com\/loja\/condicoes-compra-online"]}]},{"@type":"BreadcrumbList","@id":"https:\/\/www.maisquecuidar.com\/loja\/condicoes-compra-online#breadcrumb","itemListElement":[{"@type":"ListItem","position":1,"name":"Home","item":"https:\/\/www.maisquecuidar.com\/loja\/"},{"@type":"ListItem","position":2,"name":"Condi\u00e7\u00f5es Compra Online"}]},{"@type":"WebSite","@id":"https:\/\/www.maisquecuidar.com\/loja\/#website","url":"https:\/\/www.maisquecuidar.com\/loja\/","name":"Mais que Cuidar","description":"Sa\u00fade, Ortopedia e Geriatria","publisher":{"@id":"https:\/\/www.maisquecuidar.com\/loja\/#organization"},"potentialAction":[{"@type":"SearchAction","target":{"@type":"EntryPoint","urlTemplate":"https:\/\/www.maisquecuidar.com\/loja\/?s={search_term_string}"},"query-input":{"@type":"PropertyValueSpecification","valueRequired":true,"valueName":"search_term_string"}}],"inLanguage":"pt-PT"},{"@type":"Organization","@id":"https:\/\/www.maisquecuidar.com\/loja\/#organization","name":"Mais Que Cuidar","url":"https:\/\/www.maisquecuidar.com\/loja\/","logo":{"@type":"ImageObject","inLanguage":"pt-PT","@id":"https:\/\/www.maisquecuidar.com\/loja\/#\/schema\/logo\/image\/","url":"https:\/\/img.maisquecuidar.com\/loja\/wp-content\/uploads\/2019\/08\/logo-mais-que-cuidar-retina.png","contentUrl":"https:\/\/img.maisquecuidar.com\/loja\/wp-content\/uploads\/2019\/08\/logo-mais-que-cuidar-retina.png","width":565,"height":75,"caption":"Mais Que Cuidar"},"image":{"@id":"https:\/\/www.maisquecuidar.com\/loja\/#\/schema\/logo\/image\/"},"sameAs":["https:\/\/www.facebook.com\/maisquecuidar.pt","https:\/\/www.instagram.com\/maisquecuidar"]}]}},"_links":{"self":[{"href":"https:\/\/www.maisquecuidar.com\/loja\/wp-json\/wp\/v2\/pages\/4057","targetHints":{"allow":["GET"]}}],"collection":[{"href":"https:\/\/www.maisquecuidar.com\/loja\/wp-json\/wp\/v2\/pages"}],"about":[{"href":"https:\/\/www.maisquecuidar.com\/loja\/wp-json\/wp\/v2\/types\/page"}],"author":[{"embeddable":true,"href":"https:\/\/www.maisquecuidar.com\/loja\/wp-json\/wp\/v2\/users\/103"}],"replies":[{"embeddable":true,"href":"https:\/\/www.maisquecuidar.com\/loja\/wp-json\/wp\/v2\/comments?post=4057"}],"version-history":[{"count":4,"href":"https:\/\/www.maisquecuidar.com\/loja\/wp-json\/wp\/v2\/pages\/4057\/revisions"}],"predecessor-version":[{"id":13930,"href":"https:\/\/www.maisquecuidar.com\/loja\/wp-json\/wp\/v2\/pages\/4057\/revisions\/13930"}],"wp:attachment":[{"href":"https:\/\/www.maisquecuidar.com\/loja\/wp-json\/wp\/v2\/media?parent=4057"}],"curies":[{"name":"wp","href":"https:\/\/api.w.org\/{rel}","templated":true}]}}